{"id":10205,"date":"2024-10-21T15:59:47","date_gmt":"2024-10-21T13:59:47","guid":{"rendered":"https:\/\/ottevenyikastely.hu\/?page_id=10205"},"modified":"2024-11-04T10:41:49","modified_gmt":"2024-11-04T09:41:49","slug":"%d8%a7%d9%84%d8%aa%d8%b1%d9%88%d9%8a%d8%b3%d8%a9-2","status":"publish","type":"page","link":"https:\/\/ottevenyikastely.hu\/ar\/%d8%a7%d9%84%d8%aa%d8%b1%d9%88%d9%8a%d8%b3%d8%a9-2\/","title":{"rendered":"\u0627\u0644\u062a\u0631\u0648\u064a\u0633\u0629"},"content":{"rendered":"<div data-elementor-type=\"wp-page\" data-elementor-id=\"10205\" class=\"elementor elementor-10205\" data-elementor-post-type=\"page\">\n\t\t\t\t<div class=\"elementor-element elementor-element-7414633 e-flex e-con-boxed e-con e-parent\" data-id=\"7414633\" data-element_type=\"container\" data-e-type=\"container\">\n\t\t\t\t\t<div class=\"e-con-inner\">\n\t\t\t\t<div class=\"elementor-element elementor-element-d491ac4 elementor-widget elementor-widget-heading\" data-id=\"d491ac4\" data-element_type=\"widget\" data-e-type=\"widget\" data-widget_type=\"heading.default\">\n\t\t\t\t<div class=\"elementor-widget-container\">\n\t\t\t\t\t<h2 class=\"elementor-heading-title elementor-size-default\">\u0627\u0644\u062a\u0631\u0648\u064a\u0633\u0629<\/h2>\t\t\t\t<\/div>\n\t\t\t\t<\/div>\n\t\t\t\t<div class=\"elementor-element elementor-element-ada02f7 elementor-widget elementor-widget-text-editor\" data-id=\"ada02f7\" data-element_type=\"widget\" data-e-type=\"widget\" data-widget_type=\"text-editor.default\">\n\t\t\t\t<div class=\"elementor-widget-container\">\n\t\t\t\t\t\t\t\t\t<p><strong>\u062a\u0641\u0627\u0635\u064a\u0644 \u0627\u0644\u0645\u0634\u063a\u0644<\/strong><br \/>\u0627\u0633\u0645 \u0627\u0644\u0645\u0634\u063a\u0644: Garzon Plaza Ingatlanlanforgalmaz\u00f3\u00e9s Vagyonkezel\u0151 Korl\u00e1tolt Felel\u0151ss\u00e9g\u0171 T\u00e1rsas\u00e1g<br \/>\u0627\u0644\u0627\u0633\u0645 \u0627\u0644\u0645\u062e\u062a\u0635\u0631 \u0644\u0644\u0645\u0634\u063a\u0644 \u0647\u0648 Garzon Plaza Kft.<br \/>\u064a\u0642\u0639 \u0627\u0644\u0645\u0634\u063a\u0644 \u0641\u064a 9024 \u062c\u064a\u0648\u0631\u060c \u0641\u0627\u0633\u0641\u0627\u0631\u064a \u0628\u0627\u0644 \u064a\u0648\u062a\u0643\u0627 1\u060c \u0627\u0644\u0645\u0628\u0646\u0649 B. \u064a\u0642\u0639 \u0627\u0644\u0645\u0634\u063a\u0644 \u0641\u064a 9024 \u062c\u064a\u0648\u0631\u060c \u0641\u0627\u0633\u0641\u0627\u0631\u064a \u0628\u0627\u0644 \u064a\u0648\u062a\u0643\u0627 1.<br \/>\u0627\u0644\u0639\u0646\u0648\u0627\u0646 \u0627\u0644\u0628\u0631\u064a\u062f\u064a \u0644\u0644\u0645\u0634\u063a\u0644 \u0647\u0648: 9024 Gy\u0151r, Vasv\u00e1ri P\u00e1l utca 1.<br \/>\u0631\u0642\u0645 \u062a\u0633\u062c\u064a\u0644 \u0627\u0644\u0645\u0634\u063a\u0644 \u0644\u062f\u0649 \u0627\u0644\u0645\u062d\u0643\u0645\u0629 \u0627\u0644\u062a\u062c\u0627\u0631\u064a\u0629: 015113 09 08 09 015113<br \/>\u0627\u0644\u0631\u0645\u0632 \u0627\u0644\u0645\u0627\u0644\u064a \u0644\u0644\u0645\u0634\u063a\u0644: 13995803-2-08<br \/>\u0627\u0644\u0631\u0642\u0645 \u0627\u0644\u0636\u0631\u064a\u0628\u064a \u0644\u0644\u0645\u064f\u0634\u063a\u0650\u0651\u0644 \u0641\u064a \u0627\u0644\u0627\u062a\u062d\u0627\u062f \u0627\u0644\u0623\u0648\u0631\u0648\u0628\u064a: HU13995803<br \/>\u0631\u0642\u0645 \u0627\u0644\u062d\u0633\u0627\u0628 \u0627\u0644\u0645\u0635\u0631\u0641\u064a \u0644\u0644\u0645\u0634\u063a\u0644: 10400401-10400401-00029566-00000008<\/p><p><strong>\u062a\u0641\u0627\u0635\u064a\u0644 \u0627\u0644\u0627\u062a\u0635\u0627\u0644 \u0628\u0627\u0644\u0645\u0634\u063a\u0644<\/strong><br \/>\u062e\u062f\u0645\u0629 \u0627\u0644\u0639\u0645\u0644\u0627\u0621:<br \/>\u0627\u0644\u0647\u0627\u062a\u0641: +36 99 99 900 500+<br \/>\u0627\u0644\u0628\u0631\u064a\u062f \u0627\u0644\u0625\u0644\u0643\u062a\u0631\u0648\u0646\u064a: hotel@garzonplaza.hu<\/p><p><strong>\u0645\u0632\u0648\u062f \u0627\u0633\u062a\u0636\u0627\u0641\u0629 \u0645\u0648\u0642\u0639 \u0627\u0644\u0648\u064a\u0628 \u0627\u0644\u062e\u0627\u0635 \u0628\u0627\u0644\u0645\u0634\u063a\u0644<\/strong><br \/>\u0627\u0644\u0627\u0633\u0645: DEVBOX Ltd.<br \/>\u0627\u0644\u0639\u0646\u0648\u0627\u0646: 7054 \u062a\u0646\u062c\u064a\u0644\u064a\u062a\u0634\u060c \u0631\u0627\u0643\u0648\u062a\u0634\u064a \u0641\u064a\u0631\u064a\u0646\u0643 \u0634. 9.<br \/>\u0627\u0644\u0627\u062a\u0635\u0627\u0644: support@devbox.hu<\/p>\t\t\t\t\t\t\t\t<\/div>\n\t\t\t\t<\/div>\n\t\t\t\t\t<\/div>\n\t\t\t\t<\/div>\n\t\t\t\t<\/div>","protected":false},"excerpt":{"rendered":"<p>\u0645\u0639\u0644\u0648\u0645\u0627\u062a \u0639\u0646 \u0627\u0644\u0645\u0634\u063a\u0644 \u0627\u0633\u0645 \u0627\u0644\u0645\u0634\u063a\u0644 \u0647\u0648 Garzon Plaza Ingatlanforgalmaz\u00f3 \u00e9s Vagyonkezel\u0151 Korl\u00e1tolt Felel\u0151ss\u00e9g\u0171 T\u00e1rsas\u00e1g\u0627\u0644\u0627\u0633\u0645 \u0627\u0644\u0645\u062e\u062a\u0635\u0631 \u0644\u0644\u0645\u0634\u063a\u0644 \u0647\u0648 Garzon Plaza Kft.\u064a\u0642\u0639 \u0645\u0642\u0631 \u0627\u0644\u0645\u0634\u063a\u0644 \u0641\u064a 9024 Gy\u0151r, Vasv\u00e1ri P\u00e1l utca 1. \u0627\u0644\u0639\u0646\u0648\u0627\u0646 \u0627\u0644\u0628\u0631\u064a\u062f\u064a \u0644\u0644\u0645\u0634\u063a\u0644: 9024 \u062c\u064a\u0648\u0631 9024\u060c \u0641\u0627\u0633\u0641\u0627\u0631\u064a \u0628\u0627\u0644 \u064a\u0648\u062a\u0643\u0627 1. \u00e9p. B.\u0631\u0642\u0645 \u062a\u0633\u062c\u064a\u0644 \u0627\u0644\u0634\u0631\u0643\u0629 \u0644\u0644\u0645\u0634\u063a\u0644: 08 09 015113\u0627\u0644\u0631\u0642\u0645 \u0627\u0644\u0636\u0631\u064a\u0628\u064a \u0644\u0644\u0645\u0634\u063a\u0644: 13995803-2-08\u0627\u0644\u0631\u0642\u0645 \u0627\u0644\u0636\u0631\u064a\u0628\u064a \u0644\u0644\u0627\u062a\u062d\u0627\u062f \u0627\u0644\u0623\u0648\u0631\u0648\u0628\u064a \u0644\u0644\u0645\u0634\u063a\u0644: HU13995803\u0627\u0644\u062d\u0633\u0627\u0628 \u0627\u0644\u0628\u0646\u0643\u064a \u0644\u0644\u0645\u0634\u063a\u0644 [...]<\/p>","protected":false},"author":3,"featured_media":0,"parent":0,"menu_order":0,"comment_status":"closed","ping_status":"closed","template":"","meta":{"footnotes":""},"class_list":["post-10205","page","type-page","status-publish","hentry","entry"],"_links":{"self":[{"href":"https:\/\/ottevenyikastely.hu\/ar\/wp-json\/wp\/v2\/pages\/10205","targetHints":{"allow":["GET"]}}],"collection":[{"href":"https:\/\/ottevenyikastely.hu\/ar\/wp-json\/wp\/v2\/pages"}],"about":[{"href":"https:\/\/ottevenyikastely.hu\/ar\/wp-json\/wp\/v2\/types\/page"}],"author":[{"embeddable":true,"href":"https:\/\/ottevenyikastely.hu\/ar\/wp-json\/wp\/v2\/users\/3"}],"replies":[{"embeddable":true,"href":"https:\/\/ottevenyikastely.hu\/ar\/wp-json\/wp\/v2\/comments?post=10205"}],"version-history":[{"count":7,"href":"https:\/\/ottevenyikastely.hu\/ar\/wp-json\/wp\/v2\/pages\/10205\/revisions"}],"predecessor-version":[{"id":10321,"href":"https:\/\/ottevenyikastely.hu\/ar\/wp-json\/wp\/v2\/pages\/10205\/revisions\/10321"}],"wp:attachment":[{"href":"https:\/\/ottevenyikastely.hu\/ar\/wp-json\/wp\/v2\/media?parent=10205"}],"curies":[{"name":"\u062f\u0628\u0644\u064a\u0648 \u0628\u064a","href":"https:\/\/api.w.org\/{rel}","templated":true}]}}