{"id":10780,"date":"2024-11-19T08:55:33","date_gmt":"2024-11-19T07:55:33","guid":{"rendered":"https:\/\/ottevenyikastely.hu\/?page_id=10780"},"modified":"2024-11-19T08:58:56","modified_gmt":"2024-11-19T07:58:56","slug":"%d9%85%d8%b9%d8%a7%d9%8a%d9%8a%d8%b1-%d8%a3%d9%84%d9%88%d9%85%d9%8a%d8%b3%d9%83%d9%88%d9%81%d9%88-%d8%a7%d9%84%d8%a3%d8%b3%d8%a7%d8%b3%d9%8a%d8%a9","status":"publish","type":"page","link":"https:\/\/ottevenyikastely.hu\/ar\/%d9%85%d8%b9%d8%a7%d9%8a%d9%8a%d8%b1-%d8%a3%d9%84%d9%88%d9%85%d9%8a%d8%b3%d9%83%d9%88%d9%81%d9%88-%d8%a7%d9%84%d8%a3%d8%b3%d8%a7%d8%b3%d9%8a%d8%a9\/","title":{"rendered":"\u0642\u0648\u0627\u0646\u064a\u0646 \u0632\u0641\u0627\u0641 \u0627\u0644\u0623\u062d\u0644\u0627\u0645"},"content":{"rendered":"<div data-elementor-type=\"wp-page\" data-elementor-id=\"10780\" class=\"elementor elementor-10780\" data-elementor-post-type=\"page\">\n\t\t\t\t<div class=\"elementor-element elementor-element-d478a0a e-flex e-con-boxed e-con e-parent\" data-id=\"d478a0a\" data-element_type=\"container\" data-e-type=\"container\">\n\t\t\t\t\t<div class=\"e-con-inner\">\n\t\t\t\t<div class=\"elementor-element elementor-element-8a94974 elementor-widget elementor-widget-heading\" data-id=\"8a94974\" data-element_type=\"widget\" data-e-type=\"widget\" data-widget_type=\"heading.default\">\n\t\t\t\t<div class=\"elementor-widget-container\">\n\t\t\t\t\t<h2 class=\"elementor-heading-title elementor-size-default\">\u0627\u0644\u0646\u0638\u0627\u0645 \u0627\u0644\u0623\u0633\u0627\u0633\u064a \u0644\u0645\u062c\u0645\u0648\u0639\u0629 \u0645\u0646\u0638\u0645\u064a \u062d\u0641\u0644\u0627\u062a \u0632\u0641\u0627\u0641 \u0627\u0644\u0623\u062d\u0644\u0627\u0645<\/h2>\t\t\t\t<\/div>\n\t\t\t\t<\/div>\n\t\t\t\t\t<\/div>\n\t\t\t\t<\/div>\n\t\t<div class=\"elementor-element elementor-element-2d80463 e-flex e-con-boxed e-con e-parent\" data-id=\"2d80463\" data-element_type=\"container\" data-e-type=\"container\">\n\t\t\t\t\t<div class=\"e-con-inner\">\n\t\t\t\t<div class=\"elementor-element elementor-element-c1abeab elementor-widget elementor-widget-image\" data-id=\"c1abeab\" data-element_type=\"widget\" data-e-type=\"widget\" data-widget_type=\"image.default\">\n\t\t\t\t<div class=\"elementor-widget-container\">\n\t\t\t\t\t\t\t\t\t\t\t\t\t\t\t<img decoding=\"async\" src=\"https:\/\/ottevenyikastely.hu\/wp-content\/plugins\/elementor\/assets\/images\/placeholder.png\" title=\"\" alt=\"\" loading=\"lazy\">\t\t\t\t\t\t\t\t\t\t\t\t\t\t\t<\/div>\n\t\t\t\t<\/div>\n\t\t\t\t\t<\/div>\n\t\t\t\t<\/div>\n\t\t<div class=\"elementor-element elementor-element-2dbf81e e-flex e-con-boxed e-con e-parent\" data-id=\"2dbf81e\" data-element_type=\"container\" data-e-type=\"container\">\n\t\t\t\t\t<div class=\"e-con-inner\">\n\t\t\t\t<div class=\"elementor-element elementor-element-a5ae6eb elementor-widget elementor-widget-text-editor\" data-id=\"a5ae6eb\" data-element_type=\"widget\" data-e-type=\"widget\" data-widget_type=\"text-editor.default\">\n\t\t\t\t<div class=\"elementor-widget-container\">\n\t\t\t\t\t\t\t\t\t<p><strong>1 - \u0627\u0644\u063a\u0631\u0636 \u0648\u0627\u0644\u0645\u0647\u0645\u0629<\/strong><br \/>\u0627\u0644\u0647\u062f\u0641 \u0645\u0646 \"\u0645\u062c\u0645\u0648\u0639\u0629 \u0645\u0646\u0638\u0645\u064a \u062d\u0641\u0644\u0627\u062a \u0632\u0641\u0627\u0641 \u0627\u0644\u0623\u062d\u0644\u0627\u0645\" \u0647\u0648 \u0627\u0644\u062c\u0645\u0639 \u0628\u064a\u0646 \u0645\u0642\u062f\u0645\u064a \u062e\u062f\u0645\u0627\u062a \u0627\u0644\u0632\u0641\u0627\u0641 \u0627\u0644\u0645\u0648\u062b\u0648\u0642 \u0628\u0647\u0645 \u0648\u0627\u0644\u0645\u062a\u0639\u0627\u0648\u0646\u064a\u0646 \u0627\u0644\u0630\u064a\u0646 \u064a\u062a\u0646\u0627\u063a\u0645\u0648\u0646 \u0645\u0639 \u0623\u0633\u0644\u0648\u0628 \u0627\u0644\u0642\u0644\u0639\u0629\u060c \u0645\u0646 \u0623\u062c\u0644 \u062a\u0633\u0648\u064a\u0642 \u062d\u0641\u0644\u0627\u062a \u0627\u0644\u0632\u0641\u0627\u0641 \u0628\u0646\u062c\u0627\u062d \u0648\u062a\u0642\u062f\u064a\u0645 \u062d\u0641\u0644\u0627\u062a \u0632\u0641\u0627\u0641 \u0639\u0627\u0644\u064a\u0629 \u0627\u0644\u062c\u0648\u062f\u0629.<\/p><p><strong>2 - \u0645\u0639\u0627\u064a\u064a\u0631 \u0627\u0644\u0639\u0636\u0648\u064a\u0629<\/strong><\/p><ul><li>\u064a\u062c\u0628 \u0639\u0644\u0649 \u062c\u0645\u064a\u0639 \u0627\u0644\u0623\u0639\u0636\u0627\u0621 \u0627\u062d\u062a\u0631\u0627\u0645 \u0623\u0633\u0644\u0648\u0628 \u0648\u0645\u0639\u0627\u064a\u064a\u0631 \u0627\u0644\u062c\u0648\u062f\u0629 \u0627\u0644\u062e\u0627\u0635\u0629 \u0628\u0627\u0644\u0642\u0644\u0639\u0629.<\/li><li>\u064a\u0645\u0643\u0646 \u0623\u0646 \u064a\u0634\u0645\u0644 \u0627\u0644\u0623\u0639\u0636\u0627\u0621: \u0631\u0626\u064a\u0633 \u0627\u0644\u0645\u0631\u0627\u0633\u0645\u060c \u0648\u0645\u0646\u0638\u0645\u064a \u062d\u0641\u0644\u0627\u062a \u0627\u0644\u0632\u0641\u0627\u0641\u060c \u0648\u0645\u0646\u0638\u0645\u064a \u062d\u0641\u0644\u0627\u062a \u0627\u0644\u0632\u0641\u0627\u0641\u060c \u0648\u0645\u0635\u0645\u0645\u064a \u0627\u0644\u062f\u064a\u0643\u0648\u0631\u060c \u0648\u0645\u0635\u0645\u0645\u064a \u0627\u0644\u0645\u062c\u0648\u0647\u0631\u0627\u062a\u060c \u0648\u0627\u0644\u062e\u0637\u0627\u0637\u064a\u0646\u060c \u0648\u0645\u0634\u063a\u0644\u064a \u062d\u0627\u0626\u0637 \u0627\u0644\u0635\u0648\u0631\u060c \u0648\u0645\u0631\u0628\u064a\u0627\u062a \u0627\u0644\u062d\u0641\u0644\u0627\u062a\u060c \u0648\u0627\u0644\u0639\u0631\u0627\u0641\u064a\u0646\u060c \u0648\u0641\u0646\u064a\u064a \u0627\u0644\u0635\u0648\u062a \u0648\u0627\u0644\u0625\u0636\u0627\u0621\u0629\u060c \u0648\u0641\u0646\u064a\u064a \u0627\u0644\u0645\u0633\u0631\u062d\u060c \u0648\u0634\u0631\u0643\u0627\u062a \u062a\u0623\u062c\u064a\u0631 \u0627\u0644\u062f\u064a\u0643\u0648\u0631\u060c \u0648\u0645\u0635\u0645\u0645\u064a \u0641\u0633\u0627\u062a\u064a\u0646 \u0627\u0644\u0632\u0641\u0627\u0641 \u0648\u0627\u0644\u0639\u0631\u064a\u0633\u060c \u0648\u0645\u0635\u0645\u0645\u064a \u0641\u0633\u0627\u062a\u064a\u0646 \u0627\u0644\u0632\u0641\u0627\u0641\u060c \u0648\u0645\u0635\u0645\u0645\u064a \u0627\u0644\u062f\u064a\u0633\u0643\u060c \u0648\u0627\u0644\u0641\u0631\u0642 \u0627\u0644\u0645\u0648\u0633\u064a\u0642\u064a\u0629\u060c \u0648\u0627\u0644\u0641\u0631\u0642 \u0627\u0644\u0645\u0648\u0633\u064a\u0642\u064a\u0629\u060c \u0648\u063a\u064a\u0631\u0647\u0645 \u0645\u0646 \u0645\u0642\u062f\u0645\u064a \u062e\u062f\u0645\u0627\u062a \u0627\u0644\u0632\u0641\u0627\u0641. \u0648\u0645\u0639 \u0630\u0644\u0643\u060c \u0647\u0646\u0627\u0643 \u0642\u0627\u0639\u062f\u0629 \u0645\u0647\u0645\u0629 \u0648\u0647\u064a \u0623\u0646\u0647 \u064a\u0645\u0643\u0646 \u0644\u0645\u0642\u062f\u0645 \u062e\u062f\u0645\u0629 \u0648\u0627\u062d\u062f \u0641\u0642\u0637 \u0645\u0646 \u0643\u0644 \u0645\u0646\u0637\u0642\u0629 \u0623\u0646 \u064a\u0643\u0648\u0646 \u0639\u0636\u0648\u0627\u064b \u0641\u064a \u0627\u0644\u062a\u062c\u0645\u0639.<\/li><\/ul><p><strong>3- \u0645\u0628\u0627\u062f\u0626 \u0627\u0644\u062a\u0639\u0627\u0648\u0646<\/strong><\/p><ul><li><strong>\u0627\u0644\u0628\u064a\u0639 \u0627\u0644\u0645\u062a\u0642\u0627\u0637\u0639:<\/strong> \u064a\u0644\u062a\u0632\u0645 \u0627\u0644\u0623\u0639\u0636\u0627\u0621 \u0628\u0623\u0646 \u064a\u0643\u0648\u0646\u0648\u0627 \u0623\u0648\u0644 \u0645\u0646 \u064a\u0632\u0643\u064a \u0628\u0639\u0636\u0647\u0645 \u0627\u0644\u0628\u0639\u0636 \u0644\u0639\u0645\u0644\u0627\u0626\u0647\u0645 \u0648\u0627\u0644\u0623\u0637\u0631\u0627\u0641 \u0627\u0644\u0645\u0647\u062a\u0645\u0629\u060c \u0648\u0623\u0646 \u064a\u0630\u0643\u0631\u0648\u0627 \u0627\u0644\u0623\u0639\u0636\u0627\u0621 \u0627\u0644\u0622\u062e\u0631\u064a\u0646 \u0641\u064a \u0627\u0644\u0645\u062c\u0645\u0648\u0639\u0629 \u0639\u0644\u0649 \u0642\u0646\u0648\u0627\u062a \u0627\u0644\u062a\u0648\u0627\u0635\u0644 \u0648\u0627\u0644\u0645\u0648\u0627\u0642\u0639 \u0627\u0644\u0625\u0644\u0643\u062a\u0631\u0648\u0646\u064a\u0629 \u0627\u0644\u062e\u0627\u0635\u0629 \u0628\u0647\u0645.<\/li><li><strong>\u0625\u0646\u0634\u0627\u0621 \u0627\u0644\u0645\u062d\u062a\u0648\u0649:<\/strong> 1-2 \u0645\u0631\u0627\u062a \u0641\u064a \u0627\u0644\u0633\u0646\u0629\u060c \u064a\u0642\u0648\u0645 \u0627\u0644\u0623\u0639\u0636\u0627\u0621 \u0628\u062a\u0646\u0638\u064a\u0645 \u062d\u0641\u0644 \u0632\u0641\u0627\u0641 \u0639\u0631\u0636 \u062a\u0642\u062f\u064a\u0645\u064a \u0645\u0634\u062a\u0631\u0643\u060c \u0641\u064a \u0648\u0642\u062a \u0645\u0631\u062a\u0628\u0637 \u0628\u0645\u0639\u0631\u0636 \u0627\u0644\u0632\u0641\u0627\u0641 \u0641\u064a \u0627\u0644\u0642\u0644\u0639\u0629\u060c \u0628\u0647\u062f\u0641 \u0625\u0646\u062a\u0627\u062c \u0635\u0648\u0631 \u0641\u0648\u062a\u0648\u063a\u0631\u0627\u0641\u064a\u0629 \u0627\u062d\u062a\u0631\u0627\u0641\u064a\u0629 \u0648\u0644\u0642\u0637\u0627\u062a \u0641\u064a\u062f\u064a\u0648. \u064a\u0645\u0643\u0646 \u0646\u0634\u0631 \u0627\u0644\u0645\u062d\u062a\u0648\u0649 \u0627\u0644\u0630\u064a \u064a\u062a\u0645 \u0625\u0646\u062a\u0627\u062c\u0647 \u0645\u0646 \u0642\u0628\u0644 \u0643\u0644 \u0639\u0636\u0648 \u0639\u0644\u0649 \u0642\u0646\u0627\u0629 \u0627\u0644\u062a\u0648\u0627\u0635\u0644 \u0627\u0644\u062e\u0627\u0635\u0629 \u0628\u0647.<\/li><li><strong>\u0625\u0646\u0634\u0627\u0621 \u0645\u062d\u062a\u0648\u0649 \u0627\u0644\u0645\u062f\u0648\u0646\u0629:<\/strong> \u064a\u064f\u0637\u0644\u0628 \u0645\u0646 \u0627\u0644\u0623\u0639\u0636\u0627\u0621 \u0627\u0644\u0645\u0633\u0627\u0647\u0645\u0629 \u0645\u0631\u0629 \u0648\u0627\u062d\u062f\u0629 \u0639\u0644\u0649 \u0627\u0644\u0623\u0642\u0644 \u0643\u0644 \u0634\u0647\u0631\u064a\u0646 \u0628\u0645\u0642\u0627\u0644 \u0639\u0646 \u0645\u062c\u0627\u0644 \u062e\u0628\u0631\u062a\u0647\u0645 \u0641\u064a \u0645\u062f\u0648\u0646\u0629 alomeskuvo.com\u060c \u0627\u0644\u062a\u064a \u064a\u0646\u0634\u0631\u0647\u0627 \u0645\u0646\u0638\u0645 \u0641\u0639\u0627\u0644\u064a\u0627\u062a \u0627\u0644\u0642\u0644\u0639\u0629. \u062a\u062a\u0639\u0647\u062f \u0627\u0644\u0642\u0644\u0639\u0629 \u0628\u0627\u0644\u062a\u0631\u0648\u064a\u062c \u0644\u0644\u0645\u062f\u0648\u0646\u0629 \u0639\u0644\u0649 \u0642\u0646\u0648\u0627\u062a \u0627\u0644\u062a\u0648\u0627\u0635\u0644 \u0627\u0644\u0627\u062c\u062a\u0645\u0627\u0639\u064a \u0627\u0644\u062e\u0627\u0635\u0629 \u0628\u0647\u0627 \u0628\u0634\u0643\u0644 \u0645\u0633\u062a\u0645\u0631.<\/li><li><strong>\u0625\u0646\u062a\u0627\u062c \u0645\u0646\u0634\u0648\u0631 \u0645\u0634\u062a\u0631\u0643:<\/strong> \u0627\u0633\u062a\u0646\u0627\u062f\u0627\u064b \u0625\u0644\u0649 \u0625\u0646\u062a\u0627\u062c \u0627\u0644\u0645\u062d\u062a\u0648\u0649 \u0648\u0627\u0644\u0645\u0648\u0627\u062f \u0627\u0644\u062a\u064a \u0633\u0628\u0642 \u0646\u0634\u0631\u0647\u0627 \u0641\u064a \u0627\u0644\u0645\u062f\u0648\u0646\u0629\u060c \u0633\u062a\u0642\u0648\u0645 \u0627\u0644\u0642\u0644\u0639\u0629 \u0627\u0644\u0645\u0646\u0638\u0645\u0629 \u0628\u0625\u0646\u062a\u0627\u062c \u0645\u0646\u0634\u0648\u0631 \u0645\u0634\u062a\u0631\u0643 \u0643\u0644 \u0646\u0635\u0641 \u0639\u0627\u0645\u060c \u064a\u0645\u0643\u0646 \u0644\u0644\u0634\u0631\u0643\u0627\u0621 \u0627\u0644\u0645\u062a\u0639\u0627\u0648\u0646\u064a\u0646 \u062a\u063a\u0637\u064a\u062a\u0647 \u0628\u063a\u0644\u0627\u0641 \u062e\u0627\u0635 \u0628\u0647\u0645 \u0648\u0637\u0628\u0627\u0639\u062a\u0647 \u0648\u062a\u0648\u0632\u064a\u0639\u0647 \u0645\u062c\u0627\u0646\u0627\u064b \u062d\u0633\u0628 \u062a\u0642\u062f\u064a\u0631\u0647\u0645.<\/li><\/ul><p><strong>4- \u0627\u0644\u062a\u0632\u0627\u0645\u0627\u062a \u0627\u0644\u0623\u0639\u0636\u0627\u0621<\/strong><\/p><ul><li>\u064a\u0644\u062a\u0632\u0645 \u0623\u0639\u0636\u0627\u0621 \u0627\u0644\u0645\u062c\u0645\u0648\u0639\u0629 \u0628\u0627\u0644\u062a\u0639\u0627\u0648\u0646 \u0628\u0646\u0634\u0627\u0637 \u0648\u062a\u062d\u0633\u064a\u0646 \u062e\u062f\u0645\u0627\u062a\u0647\u0645 \u0628\u0627\u0633\u062a\u0645\u0631\u0627\u0631.<\/li><li>\u0645\u0646 \u0623\u062c\u0644 \u0627\u0644\u062a\u0631\u0648\u064a\u062c \u0644\u0644\u0645\u062c\u0645\u0648\u0639\u0629 \u0648\u062a\u0642\u062f\u064a\u0645 \u0645\u062d\u062a\u0648\u0649 \u0639\u0627\u0644\u064a \u0627\u0644\u062c\u0648\u062f\u0629\u060c \u064a\u064f\u0637\u0644\u0628 \u0645\u0646 \u0627\u0644\u0623\u0639\u0636\u0627\u0621 \u0627\u0644\u0645\u0634\u0627\u0631\u0643\u0629 \u0641\u064a \u0641\u0639\u0627\u0644\u064a\u0627\u062a \u0625\u0646\u0634\u0627\u0621 \u0627\u0644\u0645\u062d\u062a\u0648\u0649 \u0627\u0644\u0645\u0634\u062a\u0631\u0643 \u0648\u0627\u0644\u0645\u0633\u0627\u0647\u0645\u0629 \u0628\u0646\u0634\u0627\u0637 \u0641\u064a \u062a\u0637\u0648\u064a\u0631 \u0627\u0644\u0645\u062c\u0645\u0648\u0639\u0629.<\/li><li>\u064a\u0644\u062a\u0632\u0645 \u0627\u0644\u0623\u0639\u0636\u0627\u0621 \u0628\u0625\u062d\u0627\u0644\u0629 \u0628\u0639\u0636\u0647\u0645 \u0627\u0644\u0628\u0639\u0636 \u0641\u064a \u0627\u0644\u0645\u0642\u0627\u0645 \u0627\u0644\u0623\u0648\u0644 \u0639\u0646\u062f \u0627\u0644\u0628\u064a\u0639.<\/li><\/ul><p><strong>5- \u0634\u0631\u0648\u0637 \u0627\u0644\u0627\u0633\u062a\u0628\u0639\u0627\u062f<\/strong><br \/>\u064a\u062c\u0648\u0632 \u0627\u0633\u062a\u0628\u0639\u0627\u062f \u0627\u0644\u0639\u0636\u0648 \u0645\u0646 \u0627\u0644\u0645\u062c\u0645\u0648\u0639\u0629 \u0625\u0630\u0627:<\/p><ul><li>\u0644\u0627 \u062a\u062d\u062a\u0631\u0645 \u0645\u0628\u0627\u062f\u0626 \u0648\u0627\u0644\u062a\u0632\u0627\u0645\u0627\u062a \u0627\u0644\u062a\u0639\u0627\u0648\u0646 \u0627\u0644\u0645\u0630\u0643\u0648\u0631\u0629 \u0623\u0639\u0644\u0627\u0647.<\/li><li>\u0644\u0627 \u062a\u0641\u064a \u062c\u0648\u062f\u0629 \u062e\u062f\u0645\u0627\u062a\u0647\u0627 \u0628\u0627\u0644\u0645\u0639\u0627\u064a\u064a\u0631 \u0627\u0644\u062a\u064a \u0648\u0636\u0639\u062a\u0647\u0627 \u0627\u0644\u0642\u0644\u0639\u0629 \u0648\u0627\u0644\u0645\u062c\u0645\u0648\u0639\u0629.<\/li><li>\u062a\u062c\u0627\u0648\u0632 \u0627\u0644\u062d\u062f\u0648\u062f \u0627\u0644\u0623\u062e\u0644\u0627\u0642\u064a\u0629 \u0644\u0644\u0645\u0647\u0646\u0629<\/li><\/ul><div><p><strong>6- \u0634\u0631\u0648\u0637 \u0642\u0628\u0648\u0644 \u0627\u0644\u0623\u0639\u0636\u0627\u0621 \u0627\u0644\u062c\u062f\u062f<\/strong><br \/>\u064a\u0645\u0643\u0646 \u0641\u0642\u0637 \u0644\u0644\u0623\u0639\u0636\u0627\u0621 \u0627\u0644\u0630\u064a\u0646 \u064a\u062d\u0638\u0648\u0646 \u0628\u062a\u0623\u064a\u064a\u062f \u0623\u063a\u0644\u0628\u064a\u0629 \u0643\u0628\u064a\u0631\u0629 \u0645\u0646 \u0623\u0639\u0636\u0627\u0621 \u0627\u0644\u0645\u062c\u0645\u0648\u0639\u0629 \u0627\u0644\u0627\u0646\u0636\u0645\u0627\u0645 \u0625\u0644\u0649 \u0627\u0644\u0645\u062c\u0645\u0648\u0639\u0629. \u0648\u0644\u0645\u0646\u0638\u0645 \u0627\u0644\u0645\u062c\u0645\u0648\u0639\u0629 \u062d\u0642 \u0627\u0644\u0646\u0642\u0636 \u0639\u0644\u0649 \u0635\u0627\u062d\u0628 \u0642\u0644\u0639\u0629 F\u00f6ldv\u00e1ry.<\/p><\/div><p><strong>7- \u0627\u0644\u0628\u0642\u0627\u0621 \u0639\u0644\u0649 \u0627\u062a\u0635\u0627\u0644 \u062f\u0627\u0626\u0645<\/strong><br \/>\u0623\u0639\u0636\u0627\u0621 \u0627\u0644\u0645\u062c\u0645\u0648\u0639\u0629 \u0639\u0644\u0649 \u0627\u062a\u0635\u0627\u0644 \u062f\u0627\u0626\u0645 \u0645\u0639 \u0645\u0646\u0638\u0645 \u0627\u0644\u0641\u0639\u0627\u0644\u064a\u0627\u062a \u0641\u064a \u0627\u0644\u0642\u0644\u0639\u0629\u060c \u0627\u0644\u0630\u064a \u064a\u0646\u0633\u0642 \u0641\u0639\u0627\u0644\u064a\u0627\u062a \u0627\u0644\u062a\u0639\u0627\u0648\u0646 \u0648\u0625\u0646\u0634\u0627\u0621 \u0627\u0644\u0645\u062d\u062a\u0648\u0649\u060c \u0628\u0627\u0644\u0625\u0636\u0627\u0641\u0629 \u0625\u0644\u0649 \u062a\u062d\u062f\u064a\u062b \u0645\u062f\u0648\u0646\u0629 alomeskuvo.com \u0648\u0627\u0644\u062a\u0631\u0648\u064a\u062c \u0644\u0647\u0627.<\/p>\t\t\t\t\t\t\t\t<\/div>\n\t\t\t\t<\/div>\n\t\t\t\t\t<\/div>\n\t\t\t\t<\/div>\n\t\t<div class=\"elementor-element elementor-element-94b33c9 e-flex e-con-boxed e-con e-parent\" data-id=\"94b33c9\" data-element_type=\"container\" data-e-type=\"container\">\n\t\t\t\t\t<div class=\"e-con-inner\">\n\t\t\t\t<div class=\"elementor-element elementor-element-0d3564a elementor-widget elementor-widget-heading\" data-id=\"0d3564a\" data-element_type=\"widget\" data-e-type=\"widget\" data-widget_type=\"heading.default\">\n\t\t\t\t<div class=\"elementor-widget-container\">\n\t\t\t\t\t<h2 class=\"elementor-heading-title elementor-size-default\">\u0627\u0644\u0639\u0636\u0648\u064a\u0629:<\/h2>\t\t\t\t<\/div>\n\t\t\t\t<\/div>\n\t\t\t\t<div class=\"elementor-element elementor-element-27c2735 elementor-widget elementor-widget-text-editor\" data-id=\"27c2735\" data-element_type=\"widget\" data-e-type=\"widget\" data-widget_type=\"text-editor.default\">\n\t\t\t\t<div class=\"elementor-widget-container\">\n\t\t\t\t\t\t\t\t\t<p>\u00d6ttev\u00e9nyi \u0642\u0633\u0645 \u0623\u062d\u062f\u0627\u062b \u0627\u0644\u0642\u0644\u0639\u0629 \u00d6ttev\u00e9nyi<\/p>\t\t\t\t\t\t\t\t<\/div>\n\t\t\t\t<\/div>\n\t\t\t\t\t<\/div>\n\t\t\t\t<\/div>\n\t\t<div class=\"elementor-element elementor-element-1476b22 e-flex e-con-boxed e-con e-parent\" data-id=\"1476b22\" data-element_type=\"container\" data-e-type=\"container\">\n\t\t\t\t\t<div class=\"e-con-inner\">\n\t\t\t\t\t<\/div>\n\t\t\t\t<\/div>\n\t\t\t\t<\/div>","protected":false},"excerpt":{"rendered":"<p>\u00c1lomesk\u00fcv\u0151 szervez\u0151k csoportj\u00e1nak alapszab\u00e1lyzata 1. C\u00e9lja \u00e9s K\u00fcldet\u00e9seAz \u201e\u00c1lomesk\u00fcv\u0151 Szervez\u0151k Csoportja\u201d c\u00e9lja, hogy megb\u00edzhat\u00f3, a kast\u00e9ly st\u00edlus\u00e1hoz illeszked\u0151, egy\u00fcttm\u0171k\u00f6d\u00e9sre k\u00e9sz esk\u00fcv\u0151i szolg\u00e1ltat\u00f3kat fogjon \u00f6ssze az esk\u00fcv\u0151k sikeres \u00e9rt\u00e9kes\u00edt\u00e9se \u00e9s a rendezv\u00e9nyek magas sz\u00ednvonal\u00fa lebonyol\u00edt\u00e1sa \u00e9rdek\u00e9ben. 2. Tags\u00e1gi Krit\u00e9riumok Minden tag k\u00f6teles a kast\u00e9ly st\u00edlus\u00e1t \u00e9s min\u0151s\u00e9gi elv\u00e1r\u00e1sait szem el\u0151tt tartani. A tagok k\u00f6z\u00e9 tartozhatnak: cerem\u00f3niamesterek, [&hellip;]<\/p>","protected":false},"author":7,"featured_media":0,"parent":0,"menu_order":0,"comment_status":"closed","ping_status":"closed","template":"","meta":{"footnotes":""},"class_list":["post-10780","page","type-page","status-publish","hentry","entry"],"_links":{"self":[{"href":"https:\/\/ottevenyikastely.hu\/ar\/wp-json\/wp\/v2\/pages\/10780","targetHints":{"allow":["GET"]}}],"collection":[{"href":"https:\/\/ottevenyikastely.hu\/ar\/wp-json\/wp\/v2\/pages"}],"about":[{"href":"https:\/\/ottevenyikastely.hu\/ar\/wp-json\/wp\/v2\/types\/page"}],"author":[{"embeddable":true,"href":"https:\/\/ottevenyikastely.hu\/ar\/wp-json\/wp\/v2\/users\/7"}],"replies":[{"embeddable":true,"href":"https:\/\/ottevenyikastely.hu\/ar\/wp-json\/wp\/v2\/comments?post=10780"}],"version-history":[{"count":4,"href":"https:\/\/ottevenyikastely.hu\/ar\/wp-json\/wp\/v2\/pages\/10780\/revisions"}],"predecessor-version":[{"id":10784,"href":"https:\/\/ottevenyikastely.hu\/ar\/wp-json\/wp\/v2\/pages\/10780\/revisions\/10784"}],"wp:attachment":[{"href":"https:\/\/ottevenyikastely.hu\/ar\/wp-json\/wp\/v2\/media?parent=10780"}],"curies":[{"name":"\u062f\u0628\u0644\u064a\u0648 \u0628\u064a","href":"https:\/\/api.w.org\/{rel}","templated":true}]}}