{"id":11827,"date":"2025-02-16T08:26:42","date_gmt":"2025-02-16T07:26:42","guid":{"rendered":"https:\/\/ottevenyikastely.hu\/?page_id=11827"},"modified":"2026-03-02T20:14:44","modified_gmt":"2026-03-02T19:14:44","slug":"%d8%a2%d8%b3%d9%8a%d8%a7-%d9%88%d8%a7%d9%84%d9%85%d8%ad%d9%8a%d8%b7-%d8%a7%d9%84%d9%87%d8%a7%d8%af%d8%a6","status":"publish","type":"page","link":"https:\/\/ottevenyikastely.hu\/ar\/%d8%a2%d8%b3%d9%8a%d8%a7-%d9%88%d8%a7%d9%84%d9%85%d8%ad%d9%8a%d8%b7-%d8%a7%d9%84%d9%87%d8%a7%d8%af%d8%a6\/","title":{"rendered":"GTC"},"content":{"rendered":"<div data-elementor-type=\"wp-page\" data-elementor-id=\"11827\" class=\"elementor elementor-11827\" data-elementor-post-type=\"page\">\n\t\t\t\t<div class=\"elementor-element elementor-element-82d1afb e-flex e-con-boxed e-con e-parent\" data-id=\"82d1afb\" data-element_type=\"container\" data-e-type=\"container\">\n\t\t\t\t\t<div class=\"e-con-inner\">\n\t\t\t\t<div class=\"elementor-element elementor-element-923bc1e elementor-widget elementor-widget-heading\" data-id=\"923bc1e\" data-element_type=\"widget\" data-e-type=\"widget\" data-widget_type=\"heading.default\">\n\t\t\t\t<div class=\"elementor-widget-container\">\n\t\t\t\t\t<h2 class=\"elementor-heading-title elementor-size-default\">\u0642\u0644\u0639\u0629 F\u00d6LDV\u00c1RY - \u0627\u0644\u0642\u0648\u0627\u0639\u062f \u0627\u0644\u062f\u0627\u062e\u0644\u064a\u0629<\/h2>\t\t\t\t<\/div>\n\t\t\t\t<\/div>\n\t\t\t\t\t<\/div>\n\t\t\t\t<\/div>\n\t\t<div class=\"elementor-element elementor-element-695eaf4 e-flex e-con-boxed e-con e-parent\" data-id=\"695eaf4\" data-element_type=\"container\" data-e-type=\"container\">\n\t\t\t\t\t<div class=\"e-con-inner\">\n\t\t\t\t<div class=\"elementor-element elementor-element-097f72c elementor-widget elementor-widget-text-editor\" data-id=\"097f72c\" data-element_type=\"widget\" data-e-type=\"widget\" data-widget_type=\"text-editor.default\">\n\t\t\t\t<div class=\"elementor-widget-container\">\n\t\t\t\t\t\t\t\t\t<p style=\"text-align: center;\"><em data-start=\"415\" data-end=\"486\">(\u0644\u0644\u0645\u0646\u0627\u0633\u0628\u0627\u062a \u0648\u0627\u0644\u0627\u0633\u062a\u062e\u062f\u0627\u0645 \u0627\u0644\u0625\u064a\u062c\u0627\u0631\u064a \u0648\u062e\u062f\u0645\u0627\u062a \u0627\u0644\u0625\u0642\u0627\u0645\u0629)<\/em><\/p>\t\t\t\t\t\t\t\t<\/div>\n\t\t\t\t<\/div>\n\t\t\t\t\t<\/div>\n\t\t\t\t<\/div>\n\t\t<div class=\"elementor-element elementor-element-d7679d8 e-flex e-con-boxed e-con e-parent\" data-id=\"d7679d8\" data-element_type=\"container\" data-e-type=\"container\">\n\t\t\t\t\t<div class=\"e-con-inner\">\n\t\t\t\t<div class=\"elementor-element elementor-element-7eca09e elementor-widget elementor-widget-image\" data-id=\"7eca09e\" data-element_type=\"widget\" data-e-type=\"widget\" data-widget_type=\"image.default\">\n\t\t\t\t<div class=\"elementor-widget-container\">\n\t\t\t\t\t\t\t\t\t\t\t\t\t\t\t<img fetchpriority=\"high\" decoding=\"async\" width=\"1024\" height=\"585\" src=\"https:\/\/ottevenyikastely.hu\/wp-content\/uploads\/2025\/02\/65812433-fd10-4cfd-9ca1-ed61976ccda8.webp\" class=\"attachment-large size-large wp-image-11829\" alt=\"\" title=\"\">\t\t\t\t\t\t\t\t\t\t\t\t\t\t\t<\/div>\n\t\t\t\t<\/div>\n\t\t\t\t\t<\/div>\n\t\t\t\t<\/div>\n\t\t<div class=\"elementor-element elementor-element-ac498ca e-flex e-con-boxed e-con e-parent\" data-id=\"ac498ca\" data-element_type=\"container\" data-e-type=\"container\">\n\t\t\t\t\t<div class=\"e-con-inner\">\n\t\t\t\t<div class=\"elementor-element elementor-element-982cbd4 elementor-widget elementor-widget-text-editor\" data-id=\"982cbd4\" data-element_type=\"widget\" data-e-type=\"widget\" data-widget_type=\"text-editor.default\">\n\t\t\t\t<div class=\"elementor-widget-container\">\n\t\t\t\t\t\t\t\t\t<p data-start=\"308\" data-end=\"379\"><em data-start=\"308\" data-end=\"379\">(\u0644\u0644\u0645\u0646\u0627\u0633\u0628\u0627\u062a \u0648\u0627\u0644\u0627\u0633\u062a\u062e\u062f\u0627\u0645 \u0627\u0644\u0625\u064a\u062c\u0627\u0631\u064a \u0648\u062e\u062f\u0645\u0627\u062a \u0627\u0644\u0625\u0642\u0627\u0645\u0629)<\/em><\/p>\n<p data-start=\"381\" data-end=\"627\">A F\u00f6ldv\u00e1ry Kast\u00e9ly k\u00fcl\u00f6nleges t\u00f6rt\u00e9nelmi, m\u0171v\u00e9szeti \u00e9s term\u00e9szeti \u00e9rt\u00e9ket k\u00e9pvisel. A kast\u00e9lyban \u00e9s ter\u00fclet\u00e9n rendezett esem\u00e9nyek, b\u00e9rleti haszn\u00e1lat \u00e9s sz\u00e1ll\u00e1s ig\u00e9nybev\u00e9tele sor\u00e1n minden r\u00e9sztvev\u0151 \u00e9s vend\u00e9g k\u00f6teles betartani az al\u00e1bbi h\u00e1zirendet.<\/p>\n<p data-start=\"629\" data-end=\"790\">A szab\u00e1lyok c\u00e9lja a kast\u00e9ly \u00e9p\u00fclet\u00e9nek, berendez\u00e9seinek, m\u0171t\u00e1rgyainak \u00e9s parkj\u00e1nak v\u00e9delme, valamint a k\u00f6rny\u00e9k nyugalm\u00e1nak \u00e9s a vend\u00e9gek biztons\u00e1g\u00e1nak meg\u0151rz\u00e9se.<\/p>\n<hr data-start=\"792\" data-end=\"795\">\n<h2 data-start=\"797\" data-end=\"834\">1 - \u0627\u0644\u0642\u0648\u0627\u0639\u062f \u0627\u0644\u0639\u0627\u0645\u0629 \u0644\u0644\u0633\u0644\u0648\u0643<\/h2>\n<p data-start=\"836\" data-end=\"1020\">1.1. A kast\u00e9ly \u00e9s a hozz\u00e1 tartoz\u00f3 teljes ter\u00fclet haszn\u00e1lata sor\u00e1n minden vend\u00e9g k\u00f6teles tiszteletben tartani a t\u00f6rt\u00e9nelmi \u00e9p\u00fclet, a m\u0171t\u00e1rgyak \u00e9s a term\u00e9szetv\u00e9delmi k\u00f6rnyezet \u00e9rt\u00e9k\u00e9t.<\/p>\n<p data-start=\"1022\" data-end=\"1125\">1.2. Tilos b\u00e1rmilyen jogszab\u00e1lyba \u00fctk\u00f6z\u0151, k\u00f6zrendet vagy k\u00f6zbiztons\u00e1got s\u00e9rt\u0151 tev\u00e9kenys\u00e9g folytat\u00e1sa.<\/p>\n<p data-start=\"1127\" data-end=\"1205\">1.3 \u064a\u062c\u0628 \u0639\u0644\u0649 \u0627\u0644\u0636\u064a\u0648\u0641 \u0627\u0644\u0627\u0645\u062a\u062b\u0627\u0644 \u0644\u062c\u0645\u064a\u0639 \u0627\u0644\u062a\u0639\u0644\u064a\u0645\u0627\u062a \u0627\u0644\u062a\u064a \u064a\u0642\u062f\u0645\u0647\u0627 \u0627\u0644\u0645\u0648\u0638\u0641\u0648\u0646.<\/p>\n<p data-start=\"1207\" data-end=\"1321\">1.4. A MEGRENDEL\u0150 teljes k\u00f6r\u0171 felel\u0151ss\u00e9ggel tartozik saj\u00e1t maga, valamint vend\u00e9gei \u00e9s k\u00f6zrem\u0171k\u00f6d\u0151i magatart\u00e1s\u00e1\u00e9rt.<\/p>\n<hr data-start=\"1323\" data-end=\"1326\">\n<h2 data-start=\"1328\" data-end=\"1369\">2- \u0627\u0644\u0631\u0627\u062d\u0629 \u0648\u0627\u0644\u062d\u062f \u0645\u0646 \u0627\u0644\u062a\u0644\u0648\u062b \u0627\u0644\u0636\u0648\u0636\u0627\u0626\u064a<\/h2>\n<p data-start=\"1371\" data-end=\"1557\">2.1. A kast\u00e9ly udvar\u00e1n \u00e9s k\u00fcls\u0151 terein 22:00 \u00f3ra ut\u00e1n b\u00e1rmilyen zajjal j\u00e1r\u00f3 tev\u00e9kenys\u00e9g \u2013 k\u00fcl\u00f6n\u00f6sen t\u0171zij\u00e1t\u00e9k, zen\u00e9s m\u0171sor, hangos zene, hangos\u00edt\u00e1s, medencehaszn\u00e1lat \u2013 szigor\u00faan tilos.<\/p>\n<p data-start=\"1559\" data-end=\"1691\">2.2. A zajv\u00e9delmi szab\u00e1lyok megszeg\u00e9se eset\u00e9n a rendezv\u00e9ny azonnal megszak\u00edthat\u00f3, amely k\u00e1rt\u00e9r\u00edt\u00e9si k\u00f6telezetts\u00e9get von maga ut\u00e1n.<\/p>\n<p data-start=\"1693\" data-end=\"1766\">2.3. A szab\u00e1ly betart\u00e1s\u00e1\u00e9rt a MEGRENDEL\u0150 teljes k\u00f6r\u0171 felel\u0151ss\u00e9get v\u00e1llal.<\/p>\n<hr data-start=\"1768\" data-end=\"1771\">\n<h2 data-start=\"1773\" data-end=\"1810\">3 - \u062a\u0643\u064a\u064a\u0641 \u0627\u0644\u0647\u0648\u0627\u0621 \u0648\u0627\u0644\u0646\u0648\u0627\u0641\u0630<\/h2>\n<p data-start=\"1812\" data-end=\"1996\">3.1. A kast\u00e9ly l\u00e9gkondicion\u00e1l\u00f3 rendszerrel \u00fczemel. Az energiahat\u00e9konys\u00e1g \u00e9s a k\u00f6rny\u00e9k nyugalm\u00e1nak biztos\u00edt\u00e1sa \u00e9rdek\u00e9ben tilos az ablakok kinyit\u00e1sa \u00e9s az ajt\u00f3k huzamos nyitva tart\u00e1sa.<\/p>\n<p data-start=\"1998\" data-end=\"2098\">3.2. A szab\u00e1ly megszeg\u00e9s\u00e9b\u0151l ered\u0151 t\u00f6bblet\u00fczemeltet\u00e9si k\u00f6lts\u00e9geket a MEGRENDEL\u0150 k\u00f6teles megt\u00e9r\u00edteni.<\/p>\n<hr data-start=\"2100\" data-end=\"2103\">\n<h2 data-start=\"2105\" data-end=\"2160\">4 - \u062d\u0645\u0627\u064a\u0629 \u0645\u0639\u062f\u0627\u062a \u0627\u0644\u0642\u0644\u0639\u0629 \u0648\u0645\u0642\u062a\u0646\u064a\u0627\u062a\u0647\u0627<\/h2>\n<p data-start=\"2162\" data-end=\"2361\">4.1. A MEGRENDEL\u0150 k\u00f6teles a kast\u00e9ly \u00e9p\u00fclet\u00e9t, berendez\u00e9seit, eszk\u00f6zeit rendeltet\u00e9sszer\u0171en haszn\u00e1lni, valamint az ott elhelyezett kiemelked\u0151en magas \u00e9rt\u00e9k\u0171 m\u0171t\u00e1rgyakat fokozott gondoss\u00e1ggal meg\u00f3vni.<\/p>\n<p data-start=\"2363\" data-end=\"2550\">4.2. B\u00e1rmilyen v\u00e9tlen vagy sz\u00e1nd\u00e9kos k\u00e1rokoz\u00e1s eset\u00e9n \u2013 amely a kast\u00e9lyban, berendez\u00e9sekben vagy m\u0171t\u00e1rgyakban keletkezik \u2013 a MEGRENDEL\u0150 k\u00f6teles a teljes k\u00e1rt marad\u00e9ktalanul megt\u00e9r\u00edteni.<\/p>\n<p data-start=\"2552\" data-end=\"2580\">4.3. A k\u00e1rt\u00e9r\u00edt\u00e9s m\u00e9rt\u00e9ke:<\/p>\n<ul data-start=\"2581\" data-end=\"2758\">\n<li data-start=\"2581\" data-end=\"2665\">\n<p data-start=\"2583\" data-end=\"2665\">m\u0171t\u00e1rgy eset\u00e9ben a F\u00f6ldv\u00e1ry Aukci\u00f3sh\u00e1z nyilv\u00e1ntart\u00e1s\u00e1ban szerepl\u0151 becs\u00fclt minimum \u00e9rt\u00e9k,<\/p>\n<\/li>\n<li data-start=\"2666\" data-end=\"2758\">\n<p data-start=\"2668\" data-end=\"2758\">egy\u00e9b t\u00e1rgy eset\u00e9ben a VEND\u00c9GL\u00c1T\u00d3 \u00e1ltal meghat\u00e1rozott helyre\u00e1ll\u00edt\u00e1si vagy p\u00f3tl\u00e1si \u00e9rt\u00e9k.<\/p>\n<\/li>\n<\/ul>\n<p data-start=\"2760\" data-end=\"2886\">4.4. A k\u00e1rt\u00e9r\u00edt\u00e9s \u00f6sszeg\u00e9t a VEND\u00c9GL\u00c1T\u00d3 \u00edr\u00e1sbeli felsz\u00f3l\u00edt\u00e1s\u00e1t k\u00f6vet\u0151 8 (nyolc) napon bel\u00fcl banki \u00e1tutal\u00e1ssal kell megfizetni.<\/p>\n<hr data-start=\"2888\" data-end=\"2891\">\n<h2 data-start=\"2893\" data-end=\"2922\">5 - \u062a\u0631\u062a\u064a\u0628 \u063a\u0631\u0641 \u0627\u0644\u0641\u0646\u0627\u062f\u0642<\/h2>\n<p data-start=\"2924\" data-end=\"2997\">5.1. Bejelentkez\u00e9s: 15:00 \u00f3r\u00e1t\u00f3l<br data-start=\"2956\" data-end=\"2959\">Kijelentkez\u00e9s: legk\u00e9s\u0151bb 11:00 \u00f3r\u00e1ig<\/p>\n<p data-start=\"2999\" data-end=\"3105\">5.2. A kast\u00e9ly teljes \u00e9p\u00fclet\u00e9ben tilos a doh\u00e1nyz\u00e1s, kiz\u00e1r\u00f3lag a kijel\u00f6lt doh\u00e1nyz\u00f3helyeken enged\u00e9lyezett.<\/p>\n<p data-start=\"3107\" data-end=\"3220\">5.3. Elektromos f\u0151z\u0151-, f\u0171t\u0151- vagy egy\u00e9b nagy teljes\u00edtm\u00e9ny\u0171 k\u00e9sz\u00fcl\u00e9kek haszn\u00e1lata a szob\u00e1kban nem enged\u00e9lyezett.<\/p>\n<p data-start=\"3222\" data-end=\"3341\">5.4. A szob\u00e1k berendez\u00e9se nem rendezhet\u0151 \u00e1t, \u00e9s a helyis\u00e9gekb\u0151l b\u00fator, dekor\u00e1ci\u00f3 vagy egy\u00e9b t\u00e1rgy nem t\u00e1vol\u00edthat\u00f3 el.<\/p>\n<p data-start=\"3343\" data-end=\"3467\">5.5. A kulcs vagy bel\u00e9p\u0151k\u00e1rtya elveszt\u00e9se eset\u00e9n a vend\u00e9g k\u00f6teles a z\u00e1rcsere vagy k\u00e1rtyap\u00f3tl\u00e1s teljes k\u00f6lts\u00e9g\u00e9t megt\u00e9r\u00edteni.<\/p>\n<hr data-start=\"3469\" data-end=\"3472\">\n<h2 data-start=\"3474\" data-end=\"3512\">6 - \u0627\u0633\u062a\u062e\u062f\u0627\u0645 \u062d\u062f\u064a\u0642\u0629 \u0627\u0644\u0642\u0644\u0639\u0629 \u0648\u0627\u0644\u062d\u062f\u064a\u0642\u0629 \u0627\u0644\u0642\u062f\u064a\u0645\u0629<\/h2>\n<p data-start=\"3514\" data-end=\"3619\">6.1. A park n\u00f6v\u00e9nyeinek, vir\u00e1g\u00e1gy\u00e1sainak, f\u00e1inak, t\u00f6rt\u00e9nelmi kerti elemeinek rong\u00e1l\u00e1sa szigor\u00faan tilos.<\/p>\n<p data-start=\"3621\" data-end=\"3741\">6.2. A parkban tal\u00e1lhat\u00f3 \u00e1llatok \u2013 k\u00fcl\u00f6n\u00f6sen a szarvastelep egyedei \u2013 etet\u00e9se, zavar\u00e1sa, ijesztget\u00e9se szigor\u00faan tilos.<\/p>\n<p data-start=\"3743\" data-end=\"3855\">6.3. Az \u00e1llatok etet\u00e9se \u00e9s zavar\u00e1sa szigor\u00faan tilos. A ter\u00fcleten \u0151rz\u0151-v\u00e9d\u0151 kutya tart\u00f3zkodhat, amely haraphat.<\/p>\n<p data-start=\"3857\" data-end=\"3968\">6.4. A vend\u00e9gek kiz\u00e1r\u00f3lag a kijel\u00f6lt \u00fatvonalakon tart\u00f3zkodhatnak. A term\u00e9szetv\u00e9delmi ter\u00fcletekre bel\u00e9pni tilos.<\/p>\n<hr data-start=\"3970\" data-end=\"3973\">\n<h2 data-start=\"3975\" data-end=\"3997\">7 - \u0627\u0633\u062a\u062e\u062f\u0627\u0645 \u0623\u062d\u0648\u0627\u0636 \u0627\u0644\u0633\u0628\u0627\u062d\u0629<\/h2>\n<p data-start=\"3999\" data-end=\"4099\">7.1. A medence kiz\u00e1r\u00f3lag a VEND\u00c9GL\u00c1T\u00d3 el\u0151zetes enged\u00e9ly\u00e9vel, a szolg\u00e1ltat\u00e1s r\u00e9szek\u00e9nt haszn\u00e1lhat\u00f3.<\/p>\n<p data-start=\"4101\" data-end=\"4160\">7.2. 22:00 \u00f3ra ut\u00e1n a medence haszn\u00e1lata szigor\u00faan tilos.<\/p>\n<p data-start=\"4162\" data-end=\"4327\">7.3. A medence haszn\u00e1lata saj\u00e1t felel\u0151ss\u00e9gre t\u00f6rt\u00e9nik. Gyermekek kiz\u00e1r\u00f3lag folyamatos feln\u0151tt fel\u00fcgyelet mellett tart\u00f3zkodhatnak a medenc\u00e9ben \u00e9s annak k\u00f6rnyezet\u00e9ben.<\/p>\n<hr data-start=\"4329\" data-end=\"4332\">\n<h2 data-start=\"4334\" data-end=\"4374\">8. Biztons\u00e1gi \u00e9s t\u0171zv\u00e9delmi el\u0151\u00edr\u00e1sok<\/h2>\n<p data-start=\"4376\" data-end=\"4520\">8.1. A t\u0171zv\u00e9delmi \u00e9s munkav\u00e9delmi el\u0151\u00edr\u00e1sok betart\u00e1sa k\u00f6telez\u0151. A menek\u00fcl\u00e9si \u00fatvonalakat \u00e9s v\u00e9szkij\u00e1ratokat folyamatosan szabadon kell hagyni.<\/p>\n<p data-start=\"4522\" data-end=\"4660\">8.2. Ny\u00edlt l\u00e1ng haszn\u00e1lata (gyertya, f\u00e1klya, grill, t\u0171zrak\u00e1s, f\u00fcstg\u00e9p) kiz\u00e1r\u00f3lag a VEND\u00c9GL\u00c1T\u00d3 el\u0151zetes \u00edr\u00e1sbeli enged\u00e9ly\u00e9vel lehets\u00e9ges.<\/p>\n<p data-start=\"4662\" data-end=\"4787\">8.3. Pirotechnikai eszk\u00f6z\u00f6k (t\u0171zij\u00e1t\u00e9k, pet\u00e1rda, belt\u00e9ri pirotechnika) haszn\u00e1lata a kast\u00e9ly teljes ter\u00fclet\u00e9n szigor\u00faan tilos.<\/p>\n<hr data-start=\"4789\" data-end=\"4792\">\n<h2 data-start=\"4794\" data-end=\"4831\">9. Felel\u0151ss\u00e9g \u00e9s jogk\u00f6vetkezm\u00e9nyek<\/h2>\n<p data-start=\"4833\" data-end=\"4927\">9.1. A MEGRENDEL\u0150 teljes k\u00f6r\u0171 anyagi \u00e9s jogi felel\u0151ss\u00e9ggel tartozik a h\u00e1zirend betart\u00e1s\u00e1\u00e9rt.<\/p>\n<p data-start=\"4929\" data-end=\"4988\">9.2. A szab\u00e1lyok megszeg\u00e9se eset\u00e9n a VEND\u00c9GL\u00c1T\u00d3 jogosult:<\/p>\n<ul data-start=\"4989\" data-end=\"5162\">\n<li data-start=\"4989\" data-end=\"5058\">\n<p data-start=\"4991\" data-end=\"5058\">a rendezv\u00e9nyt vagy szolg\u00e1ltat\u00e1st azonnali hat\u00e1llyal megsz\u00fcntetni,<\/p>\n<\/li>\n<li data-start=\"5059\" data-end=\"5107\">\n<p data-start=\"5061\" data-end=\"5107\">a jogviszonyt azonnali hat\u00e1llyal felmondani,<\/p>\n<\/li>\n<li data-start=\"5108\" data-end=\"5162\">\n<p data-start=\"5110\" data-end=\"5162\">a keletkezett k\u00e1rok teljes megt\u00e9r\u00edt\u00e9s\u00e9t k\u00f6vetelni.<\/p>\n<\/li>\n<\/ul>\n<p data-start=\"5164\" data-end=\"5256\">9.3. A szolg\u00e1ltat\u00e1s megsz\u00fcntet\u00e9se nem mentes\u00edt a k\u00e1rt\u00e9r\u00edt\u00e9si \u00e9s fizet\u00e9si k\u00f6telezetts\u00e9g al\u00f3l.<\/p>\n<hr data-start=\"5258\" data-end=\"5261\">\n<h2 data-start=\"5263\" data-end=\"5288\">10 - \u0623\u062d\u0643\u0627\u0645 \u062e\u062a\u0627\u0645\u064a\u0629<\/h2>\n<p data-start=\"5290\" data-end=\"5390\">10.1. A h\u00e1zirend a rendezv\u00e9ny, b\u00e9rleti haszn\u00e1lat vagy sz\u00e1ll\u00e1s ig\u00e9nybev\u00e9tel\u00e9nek k\u00f6telez\u0151 felt\u00e9tele.<\/p>\n<p data-start=\"5392\" data-end=\"5545\">10.2. A MEGRENDEL\u0150 a szerz\u0151d\u00e9s al\u00e1\u00edr\u00e1s\u00e1val kijelenti, hogy a h\u00e1zirendet megismerte, meg\u00e9rtette \u00e9s azt mag\u00e1ra \u00e9s vend\u00e9geire n\u00e9zve k\u00f6telez\u0151nek elfogadja.<\/p>\n<p data-start=\"5547\" data-end=\"5609\">10.3. A h\u00e1zirend megs\u00e9rt\u00e9se s\u00falyos szerz\u0151d\u00e9sszeg\u00e9snek min\u0151s\u00fcl.<\/p>\t\t\t\t\t\t\t\t<\/div>\n\t\t\t\t<\/div>\n\t\t\t\t\t<\/div>\n\t\t\t\t<\/div>\n\t\t\t\t<\/div>","protected":false},"excerpt":{"rendered":"<p>F\u00d6LDV\u00c1RY KAST\u00c9LY \u2013 H\u00c1ZIREND (Rendezv\u00e9nyek, b\u00e9rleti haszn\u00e1lat \u00e9s sz\u00e1ll\u00e1shely-szolg\u00e1ltat\u00e1s eset\u00e9re) (Rendezv\u00e9nyek, b\u00e9rleti haszn\u00e1lat \u00e9s sz\u00e1ll\u00e1shely-szolg\u00e1ltat\u00e1s eset\u00e9re) A F\u00f6ldv\u00e1ry Kast\u00e9ly k\u00fcl\u00f6nleges t\u00f6rt\u00e9nelmi, m\u0171v\u00e9szeti \u00e9s term\u00e9szeti \u00e9rt\u00e9ket k\u00e9pvisel. A kast\u00e9lyban \u00e9s ter\u00fclet\u00e9n rendezett esem\u00e9nyek, b\u00e9rleti haszn\u00e1lat \u00e9s sz\u00e1ll\u00e1s ig\u00e9nybev\u00e9tele sor\u00e1n minden r\u00e9sztvev\u0151 \u00e9s vend\u00e9g k\u00f6teles betartani az al\u00e1bbi h\u00e1zirendet. A szab\u00e1lyok c\u00e9lja a kast\u00e9ly \u00e9p\u00fclet\u00e9nek, berendez\u00e9seinek, m\u0171t\u00e1rgyainak [&hellip;]<\/p>","protected":false},"author":7,"featured_media":0,"parent":0,"menu_order":0,"comment_status":"closed","ping_status":"closed","template":"","meta":{"footnotes":""},"class_list":["post-11827","page","type-page","status-publish","hentry","entry"],"_links":{"self":[{"href":"https:\/\/ottevenyikastely.hu\/ar\/wp-json\/wp\/v2\/pages\/11827","targetHints":{"allow":["GET"]}}],"collection":[{"href":"https:\/\/ottevenyikastely.hu\/ar\/wp-json\/wp\/v2\/pages"}],"about":[{"href":"https:\/\/ottevenyikastely.hu\/ar\/wp-json\/wp\/v2\/types\/page"}],"author":[{"embeddable":true,"href":"https:\/\/ottevenyikastely.hu\/ar\/wp-json\/wp\/v2\/users\/7"}],"replies":[{"embeddable":true,"href":"https:\/\/ottevenyikastely.hu\/ar\/wp-json\/wp\/v2\/comments?post=11827"}],"version-history":[{"count":19,"href":"https:\/\/ottevenyikastely.hu\/ar\/wp-json\/wp\/v2\/pages\/11827\/revisions"}],"predecessor-version":[{"id":14761,"href":"https:\/\/ottevenyikastely.hu\/ar\/wp-json\/wp\/v2\/pages\/11827\/revisions\/14761"}],"wp:attachment":[{"href":"https:\/\/ottevenyikastely.hu\/ar\/wp-json\/wp\/v2\/media?parent=11827"}],"curies":[{"name":"\u062f\u0628\u0644\u064a\u0648 \u0628\u064a","href":"https:\/\/api.w.org\/{rel}","templated":true}]}}