{"id":12315,"date":"2025-04-12T09:14:19","date_gmt":"2025-04-12T07:14:19","guid":{"rendered":"https:\/\/ottevenyikastely.hu\/?page_id=12315"},"modified":"2025-05-11T10:02:03","modified_gmt":"2025-05-11T08:02:03","slug":"%d8%a8%d8%a7%d9%84%d9%8a%d9%86%d8%aa-%d8%a7%d9%84%d8%af%d9%85%d8%a7%d8%ba","status":"publish","type":"page","link":"https:\/\/ottevenyikastely.hu\/ar\/%d8%a8%d8%a7%d9%84%d9%8a%d9%86%d8%aa-%d8%a7%d9%84%d8%af%d9%85%d8%a7%d8%ba\/","title":{"rendered":"\u0628\u0627\u0644\u064a\u0646\u062a \u0647\u064a\u0631\u0643\u0648"},"content":{"rendered":"<div data-elementor-type=\"wp-page\" data-elementor-id=\"12315\" class=\"elementor elementor-12315\" data-elementor-post-type=\"page\">\n\t\t\t\t<div class=\"elementor-element elementor-element-9b67836 e-flex e-con-boxed e-con e-parent\" data-id=\"9b67836\" data-element_type=\"container\" data-e-type=\"container\">\n\t\t\t\t\t<div class=\"e-con-inner\">\n\t\t\t\t<div class=\"elementor-element elementor-element-d09e08d elementor-widget elementor-widget-heading\" data-id=\"d09e08d\" data-element_type=\"widget\" data-e-type=\"widget\" data-widget_type=\"heading.default\">\n\t\t\t\t<div class=\"elementor-widget-container\">\n\t\t\t\t\t<h2 class=\"elementor-heading-title elementor-size-default\">\u0628\u0627\u0644\u064a\u0646\u062a \u0647\u064a\u0631\u0643\u0648<\/h2>\t\t\t\t<\/div>\n\t\t\t\t<\/div>\n\t\t\t\t\t<\/div>\n\t\t\t\t<\/div>\n\t\t<div class=\"elementor-element elementor-element-05fe7b5 e-flex e-con-boxed e-con e-parent\" data-id=\"05fe7b5\" data-element_type=\"container\" data-e-type=\"container\">\n\t\t\t\t\t<div class=\"e-con-inner\">\n\t\t\t\t<div class=\"elementor-element elementor-element-7b0b79d elementor-widget elementor-widget-text-editor\" data-id=\"7b0b79d\" data-element_type=\"widget\" data-e-type=\"widget\" data-widget_type=\"text-editor.default\">\n\t\t\t\t<div class=\"elementor-widget-container\">\n\t\t\t\t\t\t\t\t\t<p>\u0628\u0627\u0644\u064a\u0646\u062a \u0647\u064a\u0631\u0643\u0648: \u062f\u0631\u0633 \u0627\u0644\u0641\u0646 \u0645\u0639 \u0648\u0627\u0644\u062f\u062a\u0647\u060c \u0627\u0644\u0631\u0633\u0627\u0645\u0629 \u0645\u0627\u0631\u064a\u0627 \u0643\u0648\u0646\u060c \u0648\u062a\u062d\u062a \u0625\u0634\u0631\u0627\u0641 \u0644\u0627\u0632\u0644\u0648 \u0647\u064a\u0641\u062a\u0631 \u0648\u0633\u0646\u062f\u0648\u0631 \u0641\u0631\u0633\u0627\u0646\u062c \u0641\u064a \u062f\u0627\u0626\u0631\u0629 \u0627\u0644\u0641\u0646\u0627\u0646\u064a\u0646 \u0641\u064a \u062c\u064a\u0648\u0631. \u0648\u0641\u064a \u0627\u0644\u0622\u0648\u0646\u0629 \u0627\u0644\u0623\u062e\u064a\u0631\u0629\u060c \u0641\u064a \u0631\u0628\u064a\u0639 \u0639\u0627\u0645 2023\u060c \u0646\u0638\u0651\u0645 \u0645\u0639\u0631\u0636\u064b\u0627 \u0648\u0627\u0633\u0639 \u0627\u0644\u0646\u0637\u0627\u0642 \u0628\u0639\u0646\u0648\u0627\u0646 \"\u062c\u064a\u0648\u0631 \u0628\u0627\u0644\u0630\u0647\u0628\"\u060c \u062d\u064a\u062b \u0627\u0644\u062a\u0642\u0637 \u0635\u0648\u0631\u064b\u0627 \u0644\u0645\u0628\u0627\u0646\u064a \u0627\u0644\u0645\u062f\u064a\u0646\u0629 \u0627\u0644\u0634\u0647\u064a\u0631\u0629 \u0648\u0634\u0648\u0627\u0631\u0639\u0647\u0627 \u0627\u0644\u0645\u064f\u0644\u0648\u0651\u0646\u0629 \u0645\u0646 \u0645\u0646\u0638\u0648\u0631 \u062c\u062f\u064a\u062f. \u0648\u0641\u064a \u062a\u0642\u0644\u064a\u062f \u0631\u0633\u0645 \u0627\u0644\u0645\u0646\u0627\u0638\u0631 \u0627\u0644\u0637\u0628\u064a\u0639\u064a\u0629\u060c \u064a\u0635\u0648\u0631 \u0627\u0644\u0637\u0628\u064a\u0639\u0629.<br \/>\u062a\u0645\u0632\u062c \u0623\u0639\u0645\u0627\u0644\u0647 \u0628\u064a\u0646 \u0627\u0644\u0645\u0644\u0627\u0645\u062d \u0627\u0644\u0631\u0648\u0645\u0627\u0646\u0633\u064a\u0629 \u0648\u0627\u0644\u0627\u0646\u0637\u0628\u0627\u0639\u064a\u0629 \u0645\u0639 \u0627\u0644\u0645\u0624\u062b\u0631\u0627\u062a \u0627\u0644\u0648\u0627\u0642\u0639\u064a\u0629 \u0627\u0644\u0645\u062a\u0642\u0646\u0629.<br \/>\u0645\u0648\u0627\u0636\u064a\u0639\u0647 \u0645\u0633\u062a\u0645\u062f\u0629 \u0645\u0646 \u0639\u0627\u0644\u0645 \u0627\u0644\u0645\u0646\u0627\u0638\u0631 \u0627\u0644\u0637\u0628\u064a\u0639\u064a\u0629 \u0628\u064a\u0646 \u0627\u0644\u062c\u0632\u0631 \u0648\u0636\u0641\u0627\u0641 \u0627\u0644\u0623\u0646\u0647\u0627\u0631 \u0648\u0645\u0632\u0627\u0631\u0639 \u0627\u0644\u0623\u0633\u0645\u0627\u0643. \u0644\u062f\u064a\u0647 \u062d\u0627\u0644\u064a\u0627\u064b \u0627\u0644\u0639\u062f\u064a\u062f \u0645\u0646 \u0627\u0644\u0645\u0639\u0627\u0631\u0636 \u0627\u0644\u0641\u0646\u064a\u0629<br \/>\u0627\u0644\u062a\u064a \u0623\u0642\u0627\u0645\u062a \u0645\u0639\u0627\u0631\u0636 \u062c\u0645\u0627\u0639\u064a\u0629 \u0644\u0644\u0648\u062d\u0627\u062a\u0647 \u0641\u064a \u062c\u0645\u064a\u0639 \u0623\u0646\u062d\u0627\u0621 \u0627\u0644\u0628\u0644\u0627\u062f. \u0648\u0647\u0648 \u0645\u062f\u0631\u062c \u0641\u064a \u0645\u0648\u0633\u0648\u0639\u0629 \u0627\u0644\u0641\u0646 \u0627\u0644\u0645\u062c\u0631\u064a \u0627\u0644\u0645\u0639\u0627\u0635\u0631.<\/p>\t\t\t\t\t\t\t\t<\/div>\n\t\t\t\t<\/div>\n\t\t\t\t<div class=\"elementor-element elementor-element-e2c5f03 elementor-widget elementor-widget-video\" data-id=\"e2c5f03\" data-element_type=\"widget\" data-e-type=\"widget\" data-settings=\"{&quot;youtube_url&quot;:&quot;https:\\\/\\\/youtu.be\\\/w0oOtIP2ZGQ&quot;,&quot;video_type&quot;:&quot;youtube&quot;,&quot;controls&quot;:&quot;yes&quot;}\" data-widget_type=\"video.default\">\n\t\t\t\t<div class=\"elementor-widget-container\">\n\t\t\t\t\t\t\t<div class=\"elementor-wrapper elementor-open-inline\">\n\t\t\t<div class=\"elementor-video\"><\/div>\t\t<\/div>\n\t\t\t\t\t\t<\/div>\n\t\t\t\t<\/div>\n\t\t\t\t\t<\/div>\n\t\t\t\t<\/div>\n\t\t<div class=\"elementor-element elementor-element-e1f53b6 e-grid e-con-boxed e-con e-parent\" data-id=\"e1f53b6\" data-element_type=\"container\" data-e-type=\"container\">\n\t\t\t\t\t<div class=\"e-con-inner\">\n\t\t\t\t<div class=\"elementor-element elementor-element-a0f773a elementor-widget elementor-widget-image\" data-id=\"a0f773a\" data-element_type=\"widget\" data-e-type=\"widget\" data-widget_type=\"image.default\">\n\t\t\t\t<div class=\"elementor-widget-container\">\n\t\t\t\t\t\t\t\t\t\t\t\t\t\t\t<img fetchpriority=\"high\" decoding=\"async\" width=\"1024\" height=\"768\" src=\"https:\/\/ottevenyikastely.hu\/wp-content\/uploads\/2025\/04\/IMG_3147-1024x768.jpeg\" class=\"attachment-large size-large wp-image-12839\" alt=\"\" srcset=\"https:\/\/ottevenyikastely.hu\/wp-content\/uploads\/2025\/04\/IMG_3147-1024x768.jpeg 1024w, https:\/\/ottevenyikastely.hu\/wp-content\/uploads\/2025\/04\/IMG_3147-300x225.jpeg 300w, https:\/\/ottevenyikastely.hu\/wp-content\/uploads\/2025\/04\/IMG_3147-768x576.jpeg 768w, https:\/\/ottevenyikastely.hu\/wp-content\/uploads\/2025\/04\/IMG_3147-1536x1152.jpeg 1536w, https:\/\/ottevenyikastely.hu\/wp-content\/uploads\/2025\/04\/IMG_3147-2048x1536.jpeg 2048w, https:\/\/ottevenyikastely.hu\/wp-content\/uploads\/2025\/04\/IMG_3147-16x12.jpeg 16w\" sizes=\"(max-width: 1024px) 100vw, 1024px\" title=\"\">\t\t\t\t\t\t\t\t\t\t\t\t\t\t\t<\/div>\n\t\t\t\t<\/div>\n\t\t\t\t<div class=\"elementor-element elementor-element-090c0f9 elementor-widget elementor-widget-image\" data-id=\"090c0f9\" data-element_type=\"widget\" data-e-type=\"widget\" data-widget_type=\"image.default\">\n\t\t\t\t<div class=\"elementor-widget-container\">\n\t\t\t\t\t\t\t\t\t\t\t\t\t\t\t<img decoding=\"async\" width=\"768\" height=\"1024\" src=\"https:\/\/ottevenyikastely.hu\/wp-content\/uploads\/2025\/04\/IMG_3364-768x1024.jpeg\" class=\"attachment-large size-large wp-image-12840\" alt=\"\" srcset=\"https:\/\/ottevenyikastely.hu\/wp-content\/uploads\/2025\/04\/IMG_3364-768x1024.jpeg 768w, https:\/\/ottevenyikastely.hu\/wp-content\/uploads\/2025\/04\/IMG_3364-225x300.jpeg 225w, https:\/\/ottevenyikastely.hu\/wp-content\/uploads\/2025\/04\/IMG_3364-1152x1536.jpeg 1152w, https:\/\/ottevenyikastely.hu\/wp-content\/uploads\/2025\/04\/IMG_3364-1536x2048.jpeg 1536w, https:\/\/ottevenyikastely.hu\/wp-content\/uploads\/2025\/04\/IMG_3364-9x12.jpeg 9w, https:\/\/ottevenyikastely.hu\/wp-content\/uploads\/2025\/04\/IMG_3364-scaled.jpeg 1920w\" sizes=\"(max-width: 768px) 100vw, 768px\" title=\"\">\t\t\t\t\t\t\t\t\t\t\t\t\t\t\t<\/div>\n\t\t\t\t<\/div>\n\t\t\t\t<div class=\"elementor-element elementor-element-72fb660 elementor-widget elementor-widget-image\" data-id=\"72fb660\" data-element_type=\"widget\" data-e-type=\"widget\" data-widget_type=\"image.default\">\n\t\t\t\t<div class=\"elementor-widget-container\">\n\t\t\t\t\t\t\t\t\t\t\t\t\t\t\t<img decoding=\"async\" width=\"1024\" height=\"768\" src=\"https:\/\/ottevenyikastely.hu\/wp-content\/uploads\/2025\/04\/IMG_3149-1024x768.jpeg\" class=\"attachment-large size-large wp-image-12841\" alt=\"\" srcset=\"https:\/\/ottevenyikastely.hu\/wp-content\/uploads\/2025\/04\/IMG_3149-1024x768.jpeg 1024w, https:\/\/ottevenyikastely.hu\/wp-content\/uploads\/2025\/04\/IMG_3149-300x225.jpeg 300w, https:\/\/ottevenyikastely.hu\/wp-content\/uploads\/2025\/04\/IMG_3149-768x576.jpeg 768w, https:\/\/ottevenyikastely.hu\/wp-content\/uploads\/2025\/04\/IMG_3149-1536x1152.jpeg 1536w, https:\/\/ottevenyikastely.hu\/wp-content\/uploads\/2025\/04\/IMG_3149-2048x1536.jpeg 2048w, https:\/\/ottevenyikastely.hu\/wp-content\/uploads\/2025\/04\/IMG_3149-16x12.jpeg 16w\" sizes=\"(max-width: 1024px) 100vw, 1024px\" title=\"\">\t\t\t\t\t\t\t\t\t\t\t\t\t\t\t<\/div>\n\t\t\t\t<\/div>\n\t\t\t\t\t<\/div>\n\t\t\t\t<\/div>\n\t\t<div class=\"elementor-element elementor-element-f44e058 e-flex e-con-boxed e-con e-parent\" data-id=\"f44e058\" data-element_type=\"container\" data-e-type=\"container\">\n\t\t\t\t\t<div class=\"e-con-inner\">\n\t\t\t\t<div class=\"elementor-element elementor-element-bd706bc elementor-widget elementor-widget-text-editor\" data-id=\"bd706bc\" data-element_type=\"widget\" data-e-type=\"widget\" data-widget_type=\"text-editor.default\">\n\t\t\t\t<div class=\"elementor-widget-container\">\n\t\t\t\t\t\t\t\t\t<p>\u0644\u0644\u0645\u0632\u0627\u064a\u062f\u0629 \u0639\u0644\u0649 \u0627\u0644\u0623\u0639\u0645\u0627\u0644 \u0627\u0644\u0641\u0646\u064a\u0629 \u0627\u0644\u0645\u0635\u0646\u0648\u0639\u0629 \u0647\u0646\u0627\u060c \u0627\u0646\u0642\u0631 \u0639\u0644\u0649 \u0627\u0644\u0635\u0648\u0631\u0629 \u0623\u0648 \u0642\u0645 \u0628\u0632\u064a\u0627\u0631\u0629 <span style=\"text-decoration: underline;\"><strong><a href=\"https:\/\/foldvaryaukcio.hu\" target=\"_blank\" rel=\"noopener\">foldvaryaukcio.hu<\/a><\/strong><\/span> \u0627\u0644\u0635\u0641\u062d\u0629 \u0625\u0630\u0627 \u0643\u0646\u062a \u0645\u0647\u062a\u0645\u064b\u0627 \u0628\u0645\u0632\u064a\u062f \u0645\u0646 \u0627\u0644\u062a\u0641\u0627\u0635\u064a\u0644!<\/p>\t\t\t\t\t\t\t\t<\/div>\n\t\t\t\t<\/div>\n\t\t\t\t\t<\/div>\n\t\t\t\t<\/div>\n\t\t<div class=\"elementor-element elementor-element-4c02b3c e-grid e-con-boxed e-con e-parent\" data-id=\"4c02b3c\" data-element_type=\"container\" data-e-type=\"container\">\n\t\t\t\t\t<div class=\"e-con-inner\">\n\t\t\t\t<div class=\"elementor-element elementor-element-938897e elementor-widget elementor-widget-image\" data-id=\"938897e\" data-element_type=\"widget\" data-e-type=\"widget\" data-widget_type=\"image.default\">\n\t\t\t\t<div class=\"elementor-widget-container\">\n\t\t\t\t\t\t\t\t\t\t\t\t<figure class=\"wp-caption\">\n\t\t\t\t\t\t\t\t\t\t\t<a href=\"https:\/\/foldvaryaukcio.hu\/items\/209\" target=\"_blank\" rel=\"noopener\">\n\t\t\t\t\t\t\t<img loading=\"lazy\" decoding=\"async\" width=\"1024\" height=\"689\" src=\"https:\/\/ottevenyikastely.hu\/wp-content\/uploads\/2025\/04\/Hirko-Balint-209-1024x689.jpeg\" class=\"attachment-large size-large wp-image-12835\" alt=\"\" srcset=\"https:\/\/ottevenyikastely.hu\/wp-content\/uploads\/2025\/04\/Hirko-Balint-209-1024x689.jpeg 1024w, https:\/\/ottevenyikastely.hu\/wp-content\/uploads\/2025\/04\/Hirko-Balint-209-300x202.jpeg 300w, https:\/\/ottevenyikastely.hu\/wp-content\/uploads\/2025\/04\/Hirko-Balint-209-768x517.jpeg 768w, https:\/\/ottevenyikastely.hu\/wp-content\/uploads\/2025\/04\/Hirko-Balint-209-1536x1033.jpeg 1536w, https:\/\/ottevenyikastely.hu\/wp-content\/uploads\/2025\/04\/Hirko-Balint-209-2048x1378.jpeg 2048w, https:\/\/ottevenyikastely.hu\/wp-content\/uploads\/2025\/04\/Hirko-Balint-209-18x12.jpeg 18w\" sizes=\"(max-width: 1024px) 100vw, 1024px\" title=\"\">\t\t\t\t\t\t\t\t<\/a>\n\t\t\t\t\t\t\t\t\t\t\t<figcaption class=\"widget-image-caption wp-caption-text\">\u0627\u0646\u0642\u0631 \u0647\u0646\u0627<\/figcaption>\n\t\t\t\t\t\t\t\t\t\t<\/figure>\n\t\t\t\t\t\t\t\t\t<\/div>\n\t\t\t\t<\/div>\n\t\t\t\t<div class=\"elementor-element elementor-element-4b797eb elementor-widget elementor-widget-image\" data-id=\"4b797eb\" data-element_type=\"widget\" data-e-type=\"widget\" data-widget_type=\"image.default\">\n\t\t\t\t<div class=\"elementor-widget-container\">\n\t\t\t\t\t\t\t\t\t\t\t\t<figure class=\"wp-caption\">\n\t\t\t\t\t\t\t\t\t\t\t<a href=\"https:\/\/foldvaryaukcio.hu\/items\/211\" target=\"_blank\" rel=\"noopener\">\n\t\t\t\t\t\t\t<img loading=\"lazy\" decoding=\"async\" width=\"1024\" height=\"720\" src=\"https:\/\/ottevenyikastely.hu\/wp-content\/uploads\/2025\/04\/Hirko-Balint-211-1024x720.jpeg\" class=\"attachment-large size-large wp-image-12837\" alt=\"\" srcset=\"https:\/\/ottevenyikastely.hu\/wp-content\/uploads\/2025\/04\/Hirko-Balint-211-1024x720.jpeg 1024w, https:\/\/ottevenyikastely.hu\/wp-content\/uploads\/2025\/04\/Hirko-Balint-211-300x211.jpeg 300w, https:\/\/ottevenyikastely.hu\/wp-content\/uploads\/2025\/04\/Hirko-Balint-211-768x540.jpeg 768w, https:\/\/ottevenyikastely.hu\/wp-content\/uploads\/2025\/04\/Hirko-Balint-211-1536x1080.jpeg 1536w, https:\/\/ottevenyikastely.hu\/wp-content\/uploads\/2025\/04\/Hirko-Balint-211-2048x1440.jpeg 2048w, https:\/\/ottevenyikastely.hu\/wp-content\/uploads\/2025\/04\/Hirko-Balint-211-18x12.jpeg 18w\" sizes=\"(max-width: 1024px) 100vw, 1024px\" title=\"\">\t\t\t\t\t\t\t\t<\/a>\n\t\t\t\t\t\t\t\t\t\t\t<figcaption class=\"widget-image-caption wp-caption-text\">\u0627\u0646\u0642\u0631 \u0647\u0646\u0627<\/figcaption>\n\t\t\t\t\t\t\t\t\t\t<\/figure>\n\t\t\t\t\t\t\t\t\t<\/div>\n\t\t\t\t<\/div>\n\t\t\t\t<div class=\"elementor-element elementor-element-5955085 elementor-widget elementor-widget-image\" data-id=\"5955085\" data-element_type=\"widget\" data-e-type=\"widget\" data-widget_type=\"image.default\">\n\t\t\t\t<div class=\"elementor-widget-container\">\n\t\t\t\t\t\t\t\t\t\t\t\t<figure class=\"wp-caption\">\n\t\t\t\t\t\t\t\t\t\t\t<a href=\"https:\/\/foldvaryaukcio.hu\/items\/210\" target=\"_blank\" rel=\"noopener\">\n\t\t\t\t\t\t\t<img loading=\"lazy\" decoding=\"async\" width=\"1024\" height=\"719\" src=\"https:\/\/ottevenyikastely.hu\/wp-content\/uploads\/2025\/04\/Hirko-Balint-210-1024x719.jpeg\" class=\"attachment-large size-large wp-image-12836\" alt=\"\" srcset=\"https:\/\/ottevenyikastely.hu\/wp-content\/uploads\/2025\/04\/Hirko-Balint-210-1024x719.jpeg 1024w, https:\/\/ottevenyikastely.hu\/wp-content\/uploads\/2025\/04\/Hirko-Balint-210-300x211.jpeg 300w, https:\/\/ottevenyikastely.hu\/wp-content\/uploads\/2025\/04\/Hirko-Balint-210-768x539.jpeg 768w, https:\/\/ottevenyikastely.hu\/wp-content\/uploads\/2025\/04\/Hirko-Balint-210-1536x1079.jpeg 1536w, https:\/\/ottevenyikastely.hu\/wp-content\/uploads\/2025\/04\/Hirko-Balint-210-2048x1439.jpeg 2048w, https:\/\/ottevenyikastely.hu\/wp-content\/uploads\/2025\/04\/Hirko-Balint-210-18x12.jpeg 18w\" sizes=\"(max-width: 1024px) 100vw, 1024px\" title=\"\">\t\t\t\t\t\t\t\t<\/a>\n\t\t\t\t\t\t\t\t\t\t\t<figcaption class=\"widget-image-caption wp-caption-text\">\u0627\u0646\u0642\u0631 \u0647\u0646\u0627<\/figcaption>\n\t\t\t\t\t\t\t\t\t\t<\/figure>\n\t\t\t\t\t\t\t\t\t<\/div>\n\t\t\t\t<\/div>\n\t\t\t\t\t<\/div>\n\t\t\t\t<\/div>\n\t\t<div class=\"elementor-element elementor-element-359b9b6 e-flex e-con-boxed e-con e-parent\" data-id=\"359b9b6\" data-element_type=\"container\" data-e-type=\"container\">\n\t\t\t\t\t<div class=\"e-con-inner\">\n\t\t\t\t<div class=\"elementor-element elementor-element-5957236 elementor-widget elementor-widget-image\" data-id=\"5957236\" data-element_type=\"widget\" data-e-type=\"widget\" data-widget_type=\"image.default\">\n\t\t\t\t<div class=\"elementor-widget-container\">\n\t\t\t\t\t\t\t\t\t\t\t\t<figure class=\"wp-caption\">\n\t\t\t\t\t\t\t\t\t\t\t<a href=\"https:\/\/foldvaryaukcio.hu\/items\/212\" target=\"_blank\" rel=\"noopener\">\n\t\t\t\t\t\t\t<img loading=\"lazy\" decoding=\"async\" width=\"300\" height=\"226\" src=\"https:\/\/ottevenyikastely.hu\/wp-content\/uploads\/2025\/04\/Hirko-Balint-212-300x226.jpeg\" class=\"attachment-medium size-medium wp-image-12845\" alt=\"\" srcset=\"https:\/\/ottevenyikastely.hu\/wp-content\/uploads\/2025\/04\/Hirko-Balint-212-300x226.jpeg 300w, https:\/\/ottevenyikastely.hu\/wp-content\/uploads\/2025\/04\/Hirko-Balint-212-1024x771.jpeg 1024w, https:\/\/ottevenyikastely.hu\/wp-content\/uploads\/2025\/04\/Hirko-Balint-212-768x579.jpeg 768w, https:\/\/ottevenyikastely.hu\/wp-content\/uploads\/2025\/04\/Hirko-Balint-212-1536x1157.jpeg 1536w, https:\/\/ottevenyikastely.hu\/wp-content\/uploads\/2025\/04\/Hirko-Balint-212-2048x1543.jpeg 2048w, https:\/\/ottevenyikastely.hu\/wp-content\/uploads\/2025\/04\/Hirko-Balint-212-16x12.jpeg 16w\" sizes=\"(max-width: 300px) 100vw, 300px\" title=\"\">\t\t\t\t\t\t\t\t<\/a>\n\t\t\t\t\t\t\t\t\t\t\t<figcaption class=\"widget-image-caption wp-caption-text\">\u0627\u0646\u0642\u0631 \u0647\u0646\u0627<\/figcaption>\n\t\t\t\t\t\t\t\t\t\t<\/figure>\n\t\t\t\t\t\t\t\t\t<\/div>\n\t\t\t\t<\/div>\n\t\t\t\t\t<\/div>\n\t\t\t\t<\/div>\n\t\t<div class=\"elementor-element elementor-element-08fae39 e-flex e-con-boxed e-con e-parent\" data-id=\"08fae39\" data-element_type=\"container\" data-e-type=\"container\">\n\t\t\t\t\t<div class=\"e-con-inner\">\n\t\t\t\t<div class=\"elementor-element elementor-element-28660c1 elementor-align-right elementor-widget elementor-widget-button\" data-id=\"28660c1\" data-element_type=\"widget\" data-e-type=\"widget\" data-widget_type=\"button.default\">\n\t\t\t\t<div class=\"elementor-widget-container\">\n\t\t\t\t\t\t\t\t\t<div class=\"elementor-button-wrapper\">\n\t\t\t\t\t<a class=\"elementor-button elementor-button-link elementor-size-sm\" href=\"https:\/\/hirkobalint.hu\" id=\"https:\/\/hirkobalint.hu\" target=\"_blank\" rel=\"noopener\">\n\t\t\t\t\t\t<span class=\"elementor-button-content-wrapper\">\n\t\t\t\t\t\t\t\t\t<span class=\"elementor-button-text\">\u0635\u0641\u062d\u0629 \u0627\u0644\u0641\u0646\u0627\u0646 \u0639\u0644\u0649 \u0627\u0644\u0625\u0646\u062a\u0631\u0646\u062a<\/span>\n\t\t\t\t\t<\/span>\n\t\t\t\t\t<\/a>\n\t\t\t\t<\/div>\n\t\t\t\t\t\t\t\t<\/div>\n\t\t\t\t<\/div>\n\t\t\t\t\t<\/div>\n\t\t\t\t<\/div>\n\t\t\t\t<\/div>","protected":false},"excerpt":{"rendered":"<p>Hirk\u00f3 B\u00e1lint Hirk\u00f3 B\u00e1lint: M\u0171v\u00e9szeti tanulm\u00e1nyait \u00e9desanyj\u00e1t\u00f3l Kun M\u00e1ria\u00a0fest\u0151m\u0171v\u00e9szt\u0151l,\u00a0valamint Hefter L\u00e1szl\u00f3 \u00e9s\u00a0Farsang S\u00e1ndor ir\u00e1ny\u00edt\u00e1sa alatt a\u00a0Gy\u0151ri\u00a0K\u00e9pz\u0151m\u0171v\u00e9sz\u00a0k\u00f6rben tanult. Legut\u00f3bb 2023 tavasz\u00e1n, Gy\u0151r aranyban c\u00edmmel rendezett nagyszab\u00e1s\u00fa ki\u00e1ll\u00edt\u00e1st, ahol a v\u00e1ros ikonikus \u00e9p\u00fcleteit, patin\u00e1ns utc\u00e1it \u00f6r\u00f6k\u00edtette meg \u00fajszer\u0171 n\u00e9z\u0151pontb\u00f3l. A t\u00e1jk\u00e9pfest\u00e9szet hagyom\u00e1nyait k\u00f6vetve l\u00e1ttatja a term\u00e9szetet.M\u0171vein\u00a0a romantikus \u00e9s impresszionista jegyek keverednek a kidolgozott realisztikus hat\u00e1sokkal.T\u00e9m\u00e1it a szigetk\u00f6zi [&hellip;]<\/p>","protected":false},"author":7,"featured_media":0,"parent":0,"menu_order":0,"comment_status":"closed","ping_status":"closed","template":"","meta":{"footnotes":""},"class_list":["post-12315","page","type-page","status-publish","hentry","entry"],"_links":{"self":[{"href":"https:\/\/ottevenyikastely.hu\/ar\/wp-json\/wp\/v2\/pages\/12315","targetHints":{"allow":["GET"]}}],"collection":[{"href":"https:\/\/ottevenyikastely.hu\/ar\/wp-json\/wp\/v2\/pages"}],"about":[{"href":"https:\/\/ottevenyikastely.hu\/ar\/wp-json\/wp\/v2\/types\/page"}],"author":[{"embeddable":true,"href":"https:\/\/ottevenyikastely.hu\/ar\/wp-json\/wp\/v2\/users\/7"}],"replies":[{"embeddable":true,"href":"https:\/\/ottevenyikastely.hu\/ar\/wp-json\/wp\/v2\/comments?post=12315"}],"version-history":[{"count":13,"href":"https:\/\/ottevenyikastely.hu\/ar\/wp-json\/wp\/v2\/pages\/12315\/revisions"}],"predecessor-version":[{"id":13290,"href":"https:\/\/ottevenyikastely.hu\/ar\/wp-json\/wp\/v2\/pages\/12315\/revisions\/13290"}],"wp:attachment":[{"href":"https:\/\/ottevenyikastely.hu\/ar\/wp-json\/wp\/v2\/media?parent=12315"}],"curies":[{"name":"\u062f\u0628\u0644\u064a\u0648 \u0628\u064a","href":"https:\/\/api.w.org\/{rel}","templated":true}]}}