{"id":12370,"date":"2025-04-12T09:32:26","date_gmt":"2025-04-12T07:32:26","guid":{"rendered":"https:\/\/ottevenyikastely.hu\/?page_id=12370"},"modified":"2025-05-24T09:22:05","modified_gmt":"2025-05-24T07:22:05","slug":"%d8%b1%d9%8a%d9%81%d9%8a%d8%b2-%d8%a3%d9%83%d9%88%d8%b3","status":"publish","type":"page","link":"https:\/\/ottevenyikastely.hu\/ar\/%d8%b1%d9%8a%d9%81%d9%8a%d8%b2-%d8%a3%d9%83%d9%88%d8%b3\/","title":{"rendered":"\u0623\u0643\u0648\u0633 \u0631\u064a\u0641\u064a\u0632"},"content":{"rendered":"<div data-elementor-type=\"wp-page\" data-elementor-id=\"12370\" class=\"elementor elementor-12370\" data-elementor-post-type=\"page\">\n\t\t\t\t<div class=\"elementor-element elementor-element-6ab41e8 e-flex e-con-boxed e-con e-parent\" data-id=\"6ab41e8\" data-element_type=\"container\" data-e-type=\"container\">\n\t\t\t\t\t<div class=\"e-con-inner\">\n\t\t\t\t<div class=\"elementor-element elementor-element-2487b68 elementor-widget elementor-widget-heading\" data-id=\"2487b68\" data-element_type=\"widget\" data-e-type=\"widget\" data-widget_type=\"heading.default\">\n\t\t\t\t<div class=\"elementor-widget-container\">\n\t\t\t\t\t<h2 class=\"elementor-heading-title elementor-size-default\">\u0623\u0643\u0648\u0633 \u0631\u064a\u0641\u064a\u0632<\/h2>\t\t\t\t<\/div>\n\t\t\t\t<\/div>\n\t\t\t\t<div class=\"elementor-element elementor-element-c8a9ffb elementor-widget elementor-widget-text-editor\" data-id=\"c8a9ffb\" data-element_type=\"widget\" data-e-type=\"widget\" data-widget_type=\"text-editor.default\">\n\t\t\t\t<div class=\"elementor-widget-container\">\n\t\t\t\t\t\t\t\t\t<p>\u0646\u0627\u0626\u0628 \u0631\u0626\u064a\u0633 \u062c\u0645\u0639\u064a\u0629 \u0627\u0644\u0631\u0633\u0627\u0645\u064a\u0646 \u0627\u0644\u0645\u062c\u0631\u064a\u064a\u0646. \u064a\u0639\u0645\u0644 \u0643\u0631\u0633\u0627\u0645 \u0641\u064a \u0628\u0648\u062f\u0627\u0628\u0633\u062a\u060c \u0644\u0643\u0646 \u0623\u0646\u0634\u0637\u062a\u0647 \u062a\u0634\u0645\u0644 \u0623\u064a\u0636\u0627\u064b \u0627\u0644\u0639\u0645\u0644 \u0627\u0644\u062a\u0646\u0638\u064a\u0645\u064a \u0627\u0644\u0645\u0647\u0646\u064a \u0648\u0625\u0646\u0634\u0627\u0621 \u0645\u0634\u0627\u0631\u064a\u0639 \u0641\u0646\u064a\u0629.<\/p><p>\u064a\u0642\u0639 \u0627\u0644\u0627\u0633\u062a\u0648\u062f\u064a\u0648 \u0627\u0644\u062e\u0627\u0635 \u0628\u0647 \u0641\u064a \u0628\u0648\u062f\u0627\u0628\u0633\u062a. \u0643\u0645\u0627 \u0623\u0646\u0647 \u0639\u0636\u0648 \u0641\u064a \u0627\u0644\u0639\u062f\u064a\u062f \u0645\u0646 \u0627\u0644\u0645\u0646\u0638\u0645\u0627\u062a \u0627\u0644\u0645\u0647\u0646\u064a\u0629 \u0627\u0644\u0623\u062e\u0631\u0649\u060c \u0648\u062c\u0645\u0639\u064a\u0629 MAM\u170b\u060c \u0648\u062c\u0645\u0639\u064a\u0629 MAOE \u0627\u0644\u0647\u0646\u063a\u0627\u0631\u064a\u0629 \u0644\u0644\u0641\u0646\u0627\u0646\u064a\u0646\u060c \u0648\u062c\u0645\u0639\u064a\u0629 Art9 \u0627\u0644\u062b\u0642\u0627\u0641\u064a\u0629\u060c \u0648\u062c\u0645\u0639\u064a\u0629 \u0645\u0648\u0631\u0627\u0641\u064a\u062f\u064a\u0643 \u0627\u0644\u062b\u0642\u0627\u0641\u064a\u0629. \u0648\u0647\u0648 \u0645\u0634\u0627\u0631\u0643 \u0645\u0646\u062a\u0638\u0645 \u0641\u064a \u0627\u0644\u0645\u0647\u0631\u062c\u0627\u0646\u0627\u062a \u0627\u0644\u0641\u0646\u064a\u0629\u060c \u0648\u064a\u0634\u0627\u0631\u0643 \u0641\u064a \u0627\u0644\u0639\u062f\u064a\u062f \u0645\u0646 \u0627\u0644\u0645\u0639\u0627\u0631\u0636 \u0627\u0644\u062c\u0645\u0627\u0639\u064a\u0629 \u0641\u064a \u0627\u0644\u0645\u062c\u0631 \u0648\u062e\u0627\u0631\u062c\u0647\u0627\u060c \u0639\u0644\u0649 \u0633\u0628\u064a\u0644 \u0627\u0644\u0645\u062b\u0627\u0644 \u0647\u0648 \u0639\u0627\u0631\u0636 \u0645\u062f\u0639\u0648 \u0641\u064a \u0642\u0633\u0645 \u0627\u0644\u062c\u064a\u0644 \u0627\u0644\u0623\u0648\u0633\u0637 \u0644\u0644\u0631\u0633\u0645 \u0627\u0644\u0645\u062c\u0631\u064a \u0627\u0644\u062d\u064a \u0628\u0645\u0646\u0627\u0633\u0628\u0629 \u064a\u0648\u0645 \u0627\u0644\u0631\u0633\u0645 \u0627\u0644\u0645\u062c\u0631\u064a\u060c \u0648\u0641\u064a \u0641\u0639\u0627\u0644\u064a\u0629 \"\u0643\u0627\u0626\u0646 \u0644\u0627 \u064a\u0645\u0643\u0646 \u0627\u0644\u0627\u0633\u062a\u063a\u0646\u0627\u0621 \u0639\u0646\u0647\" \u0641\u064a \u0627\u0644\u0635\u0627\u0644\u0648\u0646 \u0627\u0644\u0648\u0637\u0646\u064a \u0627\u0644\u062b\u0627\u0644\u062b \u0644\u0644\u0641\u0646\u0648\u0646 \u0627\u0644\u062a\u0634\u0643\u064a\u0644\u064a\u0629 M\u0170CSARNOK. \u062a\u0639\u062a\u0628\u0631 \u0639\u0645\u0644\u064a\u0627\u062a \u0627\u0644\u0637\u0627\u0642\u0629 \u0648\u0631\u0646\u064a\u0646 \u0627\u0644\u0637\u0628\u064a\u0639\u0629 \u0627\u0644\u0645\u0635\u062f\u0631 \u0627\u0644\u0631\u0626\u064a\u0633\u064a \u0644\u0644\u0625\u0644\u0647\u0627\u0645 \u0641\u064a \u0641\u0646\u0647. \u0644\u0648\u062d\u0627\u062a\u0647 \u0647\u064a \u0623\u0639\u0645\u0627\u0644 \u063a\u064a\u0631 \u062a\u0635\u0648\u064a\u0631\u064a\u0629 \u0648\u062a\u0639\u0628\u064a\u0631\u064a\u0629. \u0646\u0647\u062c\u0647 \u0641\u064a \u0627\u0644\u0631\u0633\u0645 \u0641\u0644\u0633\u0641\u064a \u0648\u0644\u064a\u0633 \u0627\u0646\u062f\u0641\u0627\u0639\u064a \u0628\u062d\u062a\u060c \u0628\u062d\u064a\u062b \u062a\u0638\u0647\u0631 \u062d\u0631\u0643\u0629 \u0627\u0644\u0632\u0645\u0646 \u0648\u0645\u0631\u0648\u0631 \u0627\u0644\u0648\u0642\u062a \u0641\u064a \u0627\u0644\u0641\u0636\u0627\u0621 \u0627\u0644\u0632\u0627\u0626\u0641 \u0641\u064a \u0648\u062c\u0648\u062f \u0639\u0646\u0627\u0635\u0631 \u0625\u064a\u0645\u0627\u0626\u064a\u0629 \u0648\u062e\u0637\u064a\u0629.<\/p>\t\t\t\t\t\t\t\t<\/div>\n\t\t\t\t<\/div>\n\t\t\t\t\t<\/div>\n\t\t\t\t<\/div>\n\t\t<div class=\"elementor-element elementor-element-6e977af e-flex e-con-boxed e-con e-parent\" data-id=\"6e977af\" data-element_type=\"container\" data-e-type=\"container\">\n\t\t\t\t\t<div class=\"e-con-inner\">\n\t\t\t\t<div class=\"elementor-element elementor-element-2fbfd68 elementor-widget elementor-widget-video\" data-id=\"2fbfd68\" data-element_type=\"widget\" data-e-type=\"widget\" data-settings=\"{&quot;youtube_url&quot;:&quot;https:\\\/\\\/www.youtube.com\\\/embed\\\/n7u7RURyPCY?si=orvdxBQLRbKCDWSk&quot;,&quot;video_type&quot;:&quot;youtube&quot;,&quot;controls&quot;:&quot;yes&quot;}\" data-widget_type=\"video.default\">\n\t\t\t\t<div class=\"elementor-widget-container\">\n\t\t\t\t\t\t\t<div class=\"elementor-wrapper elementor-open-inline\">\n\t\t\t<div class=\"elementor-video\"><\/div>\t\t<\/div>\n\t\t\t\t\t\t<\/div>\n\t\t\t\t<\/div>\n\t\t\t\t\t<\/div>\n\t\t\t\t<\/div>\n\t\t<div class=\"elementor-element elementor-element-bf6cc0f e-grid e-con-boxed e-con e-parent\" data-id=\"bf6cc0f\" data-element_type=\"container\" data-e-type=\"container\">\n\t\t\t\t\t<div class=\"e-con-inner\">\n\t\t\t\t<div class=\"elementor-element elementor-element-53410f6 elementor-widget elementor-widget-image\" data-id=\"53410f6\" data-element_type=\"widget\" data-e-type=\"widget\" data-widget_type=\"image.default\">\n\t\t\t\t<div class=\"elementor-widget-container\">\n\t\t\t\t\t\t\t\t\t\t\t\t\t\t\t<img fetchpriority=\"high\" decoding=\"async\" width=\"768\" height=\"1024\" src=\"https:\/\/ottevenyikastely.hu\/wp-content\/uploads\/2025\/04\/IMG_3140-768x1024.jpeg\" class=\"attachment-large size-large wp-image-12598\" alt=\"\" srcset=\"https:\/\/ottevenyikastely.hu\/wp-content\/uploads\/2025\/04\/IMG_3140-768x1024.jpeg 768w, https:\/\/ottevenyikastely.hu\/wp-content\/uploads\/2025\/04\/IMG_3140-225x300.jpeg 225w, https:\/\/ottevenyikastely.hu\/wp-content\/uploads\/2025\/04\/IMG_3140-1152x1536.jpeg 1152w, https:\/\/ottevenyikastely.hu\/wp-content\/uploads\/2025\/04\/IMG_3140-1536x2048.jpeg 1536w, https:\/\/ottevenyikastely.hu\/wp-content\/uploads\/2025\/04\/IMG_3140-9x12.jpeg 9w, https:\/\/ottevenyikastely.hu\/wp-content\/uploads\/2025\/04\/IMG_3140-scaled.jpeg 1920w\" sizes=\"(max-width: 768px) 100vw, 768px\" title=\"\">\t\t\t\t\t\t\t\t\t\t\t\t\t\t\t<\/div>\n\t\t\t\t<\/div>\n\t\t\t\t<div class=\"elementor-element elementor-element-c785f92 elementor-widget elementor-widget-image\" data-id=\"c785f92\" data-element_type=\"widget\" data-e-type=\"widget\" data-widget_type=\"image.default\">\n\t\t\t\t<div class=\"elementor-widget-container\">\n\t\t\t\t\t\t\t\t\t\t\t\t\t\t\t<img decoding=\"async\" width=\"768\" height=\"1024\" src=\"https:\/\/ottevenyikastely.hu\/wp-content\/uploads\/2025\/04\/IMG_3404-1-768x1024.jpeg\" class=\"attachment-large size-large wp-image-12932\" alt=\"\" srcset=\"https:\/\/ottevenyikastely.hu\/wp-content\/uploads\/2025\/04\/IMG_3404-1-768x1024.jpeg 768w, https:\/\/ottevenyikastely.hu\/wp-content\/uploads\/2025\/04\/IMG_3404-1-225x300.jpeg 225w, https:\/\/ottevenyikastely.hu\/wp-content\/uploads\/2025\/04\/IMG_3404-1-1152x1536.jpeg 1152w, https:\/\/ottevenyikastely.hu\/wp-content\/uploads\/2025\/04\/IMG_3404-1-1536x2048.jpeg 1536w, https:\/\/ottevenyikastely.hu\/wp-content\/uploads\/2025\/04\/IMG_3404-1-9x12.jpeg 9w, https:\/\/ottevenyikastely.hu\/wp-content\/uploads\/2025\/04\/IMG_3404-1-scaled.jpeg 1920w\" sizes=\"(max-width: 768px) 100vw, 768px\" title=\"\">\t\t\t\t\t\t\t\t\t\t\t\t\t\t\t<\/div>\n\t\t\t\t<\/div>\n\t\t\t\t\t<\/div>\n\t\t\t\t<\/div>\n\t\t<div class=\"elementor-element elementor-element-b9a07d0 e-flex e-con-boxed e-con e-parent\" data-id=\"b9a07d0\" data-element_type=\"container\" data-e-type=\"container\">\n\t\t\t\t\t<div class=\"e-con-inner\">\n\t\t\t\t<div class=\"elementor-element elementor-element-86721dd elementor-widget elementor-widget-spacer\" data-id=\"86721dd\" data-element_type=\"widget\" data-e-type=\"widget\" data-widget_type=\"spacer.default\">\n\t\t\t\t<div class=\"elementor-widget-container\">\n\t\t\t\t\t\t\t<div class=\"elementor-spacer\">\n\t\t\t<div class=\"elementor-spacer-inner\"><\/div>\n\t\t<\/div>\n\t\t\t\t\t\t<\/div>\n\t\t\t\t<\/div>\n\t\t\t\t\t<\/div>\n\t\t\t\t<\/div>\n\t\t<div class=\"elementor-element elementor-element-4360416 e-flex e-con-boxed e-con e-parent\" data-id=\"4360416\" data-element_type=\"container\" data-e-type=\"container\">\n\t\t\t\t\t<div class=\"e-con-inner\">\n\t\t\t\t<div class=\"elementor-element elementor-element-4a568a7 elementor-widget elementor-widget-text-editor\" data-id=\"4a568a7\" data-element_type=\"widget\" data-e-type=\"widget\" data-widget_type=\"text-editor.default\">\n\t\t\t\t<div class=\"elementor-widget-container\">\n\t\t\t\t\t\t\t\t\t<p>\u0644\u0644\u0645\u0632\u0627\u064a\u062f\u0629 \u0639\u0644\u0649 \u0627\u0644\u0623\u0639\u0645\u0627\u0644 \u0627\u0644\u0641\u0646\u064a\u0629 \u0627\u0644\u0645\u0635\u0646\u0648\u0639\u0629 \u0647\u0646\u0627\u060c \u0627\u0646\u0642\u0631 \u0639\u0644\u0649 \u0627\u0644\u0635\u0648\u0631\u0629 \u0623\u0648 \u0642\u0645 \u0628\u0632\u064a\u0627\u0631\u0629 <span style=\"text-decoration: underline;\"><strong><a href=\"https:\/\/foldvaryaukcio.hu\" target=\"_blank\" rel=\"noopener\">foldvaryaukcio.hu<\/a><\/strong><\/span> \u0627\u0644\u0635\u0641\u062d\u0629 \u0625\u0630\u0627 \u0643\u0646\u062a \u0645\u0647\u062a\u0645\u064b\u0627 \u0628\u0645\u0632\u064a\u062f \u0645\u0646 \u0627\u0644\u062a\u0641\u0627\u0635\u064a\u0644!<\/p>\t\t\t\t\t\t\t\t<\/div>\n\t\t\t\t<\/div>\n\t\t\t\t\t<\/div>\n\t\t\t\t<\/div>\n\t\t<div class=\"elementor-element elementor-element-04c8f49 e-grid e-con-boxed e-con e-parent\" data-id=\"04c8f49\" data-element_type=\"container\" data-e-type=\"container\">\n\t\t\t\t\t<div class=\"e-con-inner\">\n\t\t\t\t<div class=\"elementor-element elementor-element-9486841 elementor-widget elementor-widget-image\" data-id=\"9486841\" data-element_type=\"widget\" data-e-type=\"widget\" data-widget_type=\"image.default\">\n\t\t\t\t<div class=\"elementor-widget-container\">\n\t\t\t\t\t\t\t\t\t\t\t\t<figure class=\"wp-caption\">\n\t\t\t\t\t\t\t\t\t\t\t<a href=\"https:\/\/foldvaryaukcio.hu\/items\/216\" target=\"_blank\" rel=\"noopener\">\n\t\t\t\t\t\t\t<img decoding=\"async\" width=\"295\" height=\"300\" src=\"https:\/\/ottevenyikastely.hu\/wp-content\/uploads\/2025\/04\/Revesz-Akos-216-295x300.jpeg\" class=\"attachment-medium size-medium wp-image-12930\" alt=\"\" srcset=\"https:\/\/ottevenyikastely.hu\/wp-content\/uploads\/2025\/04\/Revesz-Akos-216-295x300.jpeg 295w, https:\/\/ottevenyikastely.hu\/wp-content\/uploads\/2025\/04\/Revesz-Akos-216-1006x1024.jpeg 1006w, https:\/\/ottevenyikastely.hu\/wp-content\/uploads\/2025\/04\/Revesz-Akos-216-768x782.jpeg 768w, https:\/\/ottevenyikastely.hu\/wp-content\/uploads\/2025\/04\/Revesz-Akos-216-1509x1536.jpeg 1509w, https:\/\/ottevenyikastely.hu\/wp-content\/uploads\/2025\/04\/Revesz-Akos-216-2011x2048.jpeg 2011w, https:\/\/ottevenyikastely.hu\/wp-content\/uploads\/2025\/04\/Revesz-Akos-216-12x12.jpeg 12w\" sizes=\"(max-width: 295px) 100vw, 295px\" title=\"\">\t\t\t\t\t\t\t\t<\/a>\n\t\t\t\t\t\t\t\t\t\t\t<figcaption class=\"widget-image-caption wp-caption-text\">\u0627\u0646\u0642\u0631 \u0647\u0646\u0627<\/figcaption>\n\t\t\t\t\t\t\t\t\t\t<\/figure>\n\t\t\t\t\t\t\t\t\t<\/div>\n\t\t\t\t<\/div>\n\t\t\t\t<div class=\"elementor-element elementor-element-200d746 elementor-widget elementor-widget-image\" data-id=\"200d746\" data-element_type=\"widget\" data-e-type=\"widget\" data-widget_type=\"image.default\">\n\t\t\t\t<div class=\"elementor-widget-container\">\n\t\t\t\t\t\t\t\t\t\t\t\t<figure class=\"wp-caption\">\n\t\t\t\t\t\t\t\t\t\t\t<a href=\"https:\/\/foldvaryaukcio.hu\/items\/213\" target=\"_blank\" rel=\"noopener\">\n\t\t\t\t\t\t\t<img loading=\"lazy\" decoding=\"async\" width=\"215\" height=\"300\" src=\"https:\/\/ottevenyikastely.hu\/wp-content\/uploads\/2025\/04\/Revesz-Akos-213-215x300.jpeg\" class=\"attachment-medium size-medium wp-image-12927\" alt=\"\" srcset=\"https:\/\/ottevenyikastely.hu\/wp-content\/uploads\/2025\/04\/Revesz-Akos-213-215x300.jpeg 215w, https:\/\/ottevenyikastely.hu\/wp-content\/uploads\/2025\/04\/Revesz-Akos-213-732x1024.jpeg 732w, https:\/\/ottevenyikastely.hu\/wp-content\/uploads\/2025\/04\/Revesz-Akos-213-768x1074.jpeg 768w, https:\/\/ottevenyikastely.hu\/wp-content\/uploads\/2025\/04\/Revesz-Akos-213-1098x1536.jpeg 1098w, https:\/\/ottevenyikastely.hu\/wp-content\/uploads\/2025\/04\/Revesz-Akos-213-1465x2048.jpeg 1465w, https:\/\/ottevenyikastely.hu\/wp-content\/uploads\/2025\/04\/Revesz-Akos-213-9x12.jpeg 9w, https:\/\/ottevenyikastely.hu\/wp-content\/uploads\/2025\/04\/Revesz-Akos-213-scaled.jpeg 1831w\" sizes=\"(max-width: 215px) 100vw, 215px\" title=\"\">\t\t\t\t\t\t\t\t<\/a>\n\t\t\t\t\t\t\t\t\t\t\t<figcaption class=\"widget-image-caption wp-caption-text\">\u0627\u0646\u0642\u0631 \u0647\u0646\u0627<\/figcaption>\n\t\t\t\t\t\t\t\t\t\t<\/figure>\n\t\t\t\t\t\t\t\t\t<\/div>\n\t\t\t\t<\/div>\n\t\t\t\t<div class=\"elementor-element elementor-element-5fec4b7 elementor-widget elementor-widget-image\" data-id=\"5fec4b7\" data-element_type=\"widget\" data-e-type=\"widget\" data-widget_type=\"image.default\">\n\t\t\t\t<div class=\"elementor-widget-container\">\n\t\t\t\t\t\t\t\t\t\t\t\t<figure class=\"wp-caption\">\n\t\t\t\t\t\t\t\t\t\t\t<a href=\"https:\/\/foldvaryaukcio.hu\/items\/215\" target=\"_blank\" rel=\"noopener\">\n\t\t\t\t\t\t\t<img loading=\"lazy\" decoding=\"async\" width=\"300\" height=\"212\" src=\"https:\/\/ottevenyikastely.hu\/wp-content\/uploads\/2025\/05\/IMG_5433-300x212.jpeg\" class=\"attachment-medium size-medium wp-image-13492\" alt=\"\" srcset=\"https:\/\/ottevenyikastely.hu\/wp-content\/uploads\/2025\/05\/IMG_5433-300x212.jpeg 300w, https:\/\/ottevenyikastely.hu\/wp-content\/uploads\/2025\/05\/IMG_5433-1024x725.jpeg 1024w, https:\/\/ottevenyikastely.hu\/wp-content\/uploads\/2025\/05\/IMG_5433-768x544.jpeg 768w, https:\/\/ottevenyikastely.hu\/wp-content\/uploads\/2025\/05\/IMG_5433-1536x1088.jpeg 1536w, https:\/\/ottevenyikastely.hu\/wp-content\/uploads\/2025\/05\/IMG_5433-2048x1450.jpeg 2048w, https:\/\/ottevenyikastely.hu\/wp-content\/uploads\/2025\/05\/IMG_5433-18x12.jpeg 18w\" sizes=\"(max-width: 300px) 100vw, 300px\" title=\"\">\t\t\t\t\t\t\t\t<\/a>\n\t\t\t\t\t\t\t\t\t\t\t<figcaption class=\"widget-image-caption wp-caption-text\">\u0627\u0646\u0642\u0631 \u0647\u0646\u0627<\/figcaption>\n\t\t\t\t\t\t\t\t\t\t<\/figure>\n\t\t\t\t\t\t\t\t\t<\/div>\n\t\t\t\t<\/div>\n\t\t\t\t<div class=\"elementor-element elementor-element-c1fc233 elementor-widget elementor-widget-image\" data-id=\"c1fc233\" data-element_type=\"widget\" data-e-type=\"widget\" data-widget_type=\"image.default\">\n\t\t\t\t<div class=\"elementor-widget-container\">\n\t\t\t\t\t\t\t\t\t\t\t\t<figure class=\"wp-caption\">\n\t\t\t\t\t\t\t\t\t\t\t<a href=\"https:\/\/foldvaryaukcio.hu\/items\/214\" target=\"_blank\" rel=\"noopener\">\n\t\t\t\t\t\t\t<img loading=\"lazy\" decoding=\"async\" width=\"300\" height=\"214\" src=\"https:\/\/ottevenyikastely.hu\/wp-content\/uploads\/2025\/05\/Unknown-1-300x214.jpeg\" class=\"attachment-medium size-medium wp-image-13493\" alt=\"\" srcset=\"https:\/\/ottevenyikastely.hu\/wp-content\/uploads\/2025\/05\/Unknown-1-300x214.jpeg 300w, https:\/\/ottevenyikastely.hu\/wp-content\/uploads\/2025\/05\/Unknown-1-1024x732.jpeg 1024w, https:\/\/ottevenyikastely.hu\/wp-content\/uploads\/2025\/05\/Unknown-1-768x549.jpeg 768w, https:\/\/ottevenyikastely.hu\/wp-content\/uploads\/2025\/05\/Unknown-1-1536x1098.jpeg 1536w, https:\/\/ottevenyikastely.hu\/wp-content\/uploads\/2025\/05\/Unknown-1-2048x1464.jpeg 2048w, https:\/\/ottevenyikastely.hu\/wp-content\/uploads\/2025\/05\/Unknown-1-18x12.jpeg 18w\" sizes=\"(max-width: 300px) 100vw, 300px\" title=\"\">\t\t\t\t\t\t\t\t<\/a>\n\t\t\t\t\t\t\t\t\t\t\t<figcaption class=\"widget-image-caption wp-caption-text\">\u0627\u0646\u0642\u0631 \u0647\u0646\u0627<\/figcaption>\n\t\t\t\t\t\t\t\t\t\t<\/figure>\n\t\t\t\t\t\t\t\t\t<\/div>\n\t\t\t\t<\/div>\n\t\t\t\t\t<\/div>\n\t\t\t\t<\/div>\n\t\t<div class=\"elementor-element elementor-element-d541086 e-flex e-con-boxed e-con e-parent\" data-id=\"d541086\" data-element_type=\"container\" data-e-type=\"container\">\n\t\t\t\t\t<div class=\"e-con-inner\">\n\t\t\t\t<div class=\"elementor-element elementor-element-b9567fe elementor-align-right elementor-widget elementor-widget-button\" data-id=\"b9567fe\" data-element_type=\"widget\" data-e-type=\"widget\" data-widget_type=\"button.default\">\n\t\t\t\t<div class=\"elementor-widget-container\">\n\t\t\t\t\t\t\t\t\t<div class=\"elementor-button-wrapper\">\n\t\t\t\t\t<a class=\"elementor-button elementor-button-link elementor-size-sm\" href=\"https:\/\/webgaleria.hu\/ReveszAkos\" id=\"https:\/\/webgaleria.hu\/ReveszAkos\" target=\"_blank\" rel=\"noopener\">\n\t\t\t\t\t\t<span class=\"elementor-button-content-wrapper\">\n\t\t\t\t\t\t\t\t\t<span class=\"elementor-button-text\">\u0635\u0641\u062d\u0629 \u0627\u0644\u0641\u0646\u0627\u0646 \u0639\u0644\u0649 \u0627\u0644\u0625\u0646\u062a\u0631\u0646\u062a<\/span>\n\t\t\t\t\t<\/span>\n\t\t\t\t\t<\/a>\n\t\t\t\t<\/div>\n\t\t\t\t\t\t\t\t<\/div>\n\t\t\t\t<\/div>\n\t\t\t\t\t<\/div>\n\t\t\t\t<\/div>\n\t\t<div class=\"elementor-element elementor-element-52ca244 e-flex e-con-boxed e-con e-parent\" data-id=\"52ca244\" data-element_type=\"container\" data-e-type=\"container\">\n\t\t\t\t\t<div class=\"e-con-inner\">\n\t\t\t\t<div class=\"elementor-element elementor-element-46f299c elementor-widget elementor-widget-video\" data-id=\"46f299c\" data-element_type=\"widget\" data-e-type=\"widget\" data-settings=\"{&quot;youtube_url&quot;:&quot;https:\\\/\\\/youtu.be\\\/n7u7RURyPCY&quot;,&quot;start&quot;:0,&quot;video_type&quot;:&quot;youtube&quot;,&quot;controls&quot;:&quot;yes&quot;}\" data-widget_type=\"video.default\">\n\t\t\t\t<div class=\"elementor-widget-container\">\n\t\t\t\t\t\t\t<div class=\"elementor-wrapper elementor-open-inline\">\n\t\t\t<div class=\"elementor-video\"><\/div>\t\t<\/div>\n\t\t\t\t\t\t<\/div>\n\t\t\t\t<\/div>\n\t\t\t\t\t<\/div>\n\t\t\t\t<\/div>\n\t\t\t\t<\/div>","protected":false},"excerpt":{"rendered":"<p>R\u00e9v\u00e9sz \u00c1kos A Magyar Fest\u0151k T\u00e1rsas\u00e1ga aleln\u00f6ke. Fest\u0151m\u0171v\u00e9szk\u00e9nt \u00a0Budapesten alkot, de szakmai szervezeti munk\u00e1ra, m\u0171v\u00e9szeti projektek l\u00e9trehoz\u00e1s\u00e1ra \u00a0is kiterjed tev\u00e9kenys\u00e9ge. M\u0171terme Budapesten tal\u00e1lhat\u00f3. Sz\u00e1mos egy\u00e9b szakmai szervezetnek is tagja, MAM\u0170 T\u00e1rsas\u00e1g, MAOE Magyar Alkot\u00f3m\u0171v\u00e9szek Orsz\u00e1gos Egyes\u00fclete, Art9 Kultur\u00e1lis Egyes\u00fclet, Muravid\u00e9k Kultur\u00e1lis Egyes\u00fclet. Rendszeres r\u00e9sztvev\u0151je m\u0171v\u00e9sztelepeknek, \u00a0sz\u00e1mos csoportos ki\u00e1ll\u00edt\u00e1son vesz r\u00e9szt bel \u00e9s k\u00fclf\u00f6ld\u00f6n is, pl [&hellip;]<\/p>","protected":false},"author":7,"featured_media":0,"parent":0,"menu_order":0,"comment_status":"closed","ping_status":"closed","template":"","meta":{"footnotes":""},"class_list":["post-12370","page","type-page","status-publish","hentry","entry"],"_links":{"self":[{"href":"https:\/\/ottevenyikastely.hu\/ar\/wp-json\/wp\/v2\/pages\/12370","targetHints":{"allow":["GET"]}}],"collection":[{"href":"https:\/\/ottevenyikastely.hu\/ar\/wp-json\/wp\/v2\/pages"}],"about":[{"href":"https:\/\/ottevenyikastely.hu\/ar\/wp-json\/wp\/v2\/types\/page"}],"author":[{"embeddable":true,"href":"https:\/\/ottevenyikastely.hu\/ar\/wp-json\/wp\/v2\/users\/7"}],"replies":[{"embeddable":true,"href":"https:\/\/ottevenyikastely.hu\/ar\/wp-json\/wp\/v2\/comments?post=12370"}],"version-history":[{"count":25,"href":"https:\/\/ottevenyikastely.hu\/ar\/wp-json\/wp\/v2\/pages\/12370\/revisions"}],"predecessor-version":[{"id":13496,"href":"https:\/\/ottevenyikastely.hu\/ar\/wp-json\/wp\/v2\/pages\/12370\/revisions\/13496"}],"wp:attachment":[{"href":"https:\/\/ottevenyikastely.hu\/ar\/wp-json\/wp\/v2\/media?parent=12370"}],"curies":[{"name":"\u062f\u0628\u0644\u064a\u0648 \u0628\u064a","href":"https:\/\/api.w.org\/{rel}","templated":true}]}}