{"id":12382,"date":"2025-04-12T09:37:03","date_gmt":"2025-04-12T07:37:03","guid":{"rendered":"https:\/\/ottevenyikastely.hu\/?page_id=12382"},"modified":"2025-05-18T12:27:29","modified_gmt":"2025-05-18T10:27:29","slug":"%d8%b3%d8%b2%d8%a7%d8%b1%d9%83%d8%a7-%d9%81%d9%8a%d8%af%d9%88%d8%b1-%d8%ac%d9%8a%d8%af%d9%88","status":"publish","type":"page","link":"https:\/\/ottevenyikastely.hu\/ar\/%d8%b3%d8%b2%d8%a7%d8%b1%d9%83%d8%a7-%d9%81%d9%8a%d8%af%d9%88%d8%b1-%d8%ac%d9%8a%d8%af%d9%88\/","title":{"rendered":"\u0641\u064a\u062f\u0648\u0631 \u062c\u064a\u062f\u0648 \u0632\u0627\u0631\u0643\u0627"},"content":{"rendered":"<div data-elementor-type=\"wp-page\" data-elementor-id=\"12382\" class=\"elementor elementor-12382\" data-elementor-post-type=\"page\">\n\t\t\t\t<div class=\"elementor-element elementor-element-a593f6f e-flex e-con-boxed e-con e-parent\" data-id=\"a593f6f\" data-element_type=\"container\" data-e-type=\"container\">\n\t\t\t\t\t<div class=\"e-con-inner\">\n\t\t\t\t<div class=\"elementor-element elementor-element-0ac3452 elementor-widget elementor-widget-heading\" data-id=\"0ac3452\" data-element_type=\"widget\" data-e-type=\"widget\" data-widget_type=\"heading.default\">\n\t\t\t\t<div class=\"elementor-widget-container\">\n\t\t\t\t\t<h2 class=\"elementor-heading-title elementor-size-default\">\u0641\u064a\u062f\u0648\u0631 \u062c\u064a\u062f\u0648 \u0632\u0627\u0631\u0643\u0627<\/h2>\t\t\t\t<\/div>\n\t\t\t\t<\/div>\n\t\t\t\t\t<\/div>\n\t\t\t\t<\/div>\n\t\t<div class=\"elementor-element elementor-element-b91bebb e-flex e-con-boxed e-con e-parent\" data-id=\"b91bebb\" data-element_type=\"container\" data-e-type=\"container\">\n\t\t\t\t\t<div class=\"e-con-inner\">\n\t\t\t\t<div class=\"elementor-element elementor-element-9ded647 elementor-widget elementor-widget-text-editor\" data-id=\"9ded647\" data-element_type=\"widget\" data-e-type=\"widget\" data-widget_type=\"text-editor.default\">\n\t\t\t\t<div class=\"elementor-widget-container\">\n\t\t\t\t\t\t\t\t\t<p>\u0648\u0644\u062f\u062a \u0641\u064a \u0639\u0627\u0645 1974 \u0641\u064a \u0632\u064a\u0646\u062a\u064a\u0633. \u0642\u0636\u064a\u062a \u0637\u0641\u0648\u0644\u062a\u064a \u0641\u064a \u0628\u0627\u0628\u0644\u0646\u0627 \u0648\u0623\u0631\u0628\u0627\u062f\u0627\u0644\u0645\u0627. \u0641\u064a \u0633\u0632\u0648\u0645\u0628\u0627\u062b\u064a\u0644\u064a \u0630\u0647\u0628\u062a \u0625\u0644\u0649 \u0645\u062f\u0631\u0633\u0629 \u062f\u064a\u0631\u0643\u0648\u0641\u064a\u062a\u0633 \u0627\u0644\u062d\u0631\u0629 \u0644\u0644\u0641\u0646\u0648\u0646\u060c \u062d\u064a\u062b \u0623\u0643\u062f \u0644\u064a \u0641\u064a\u0631\u064a \u0645\u0627\u0633\u0632\u064a \u0639\u0638\u0645\u0629 \u0627\u0644\u0623\u0634\u064a\u0627\u0621 \u0627\u0644\u0635\u063a\u064a\u0631\u0629\u060c \u0648\u0639\u0644\u0645\u0646\u064a \u062a\u064a\u0628\u064a \u062a\u0627\u0643\u0627\u0643\u0633 \u0627\u0644\u062a\u0634\u0631\u064a\u062d \u0648\u0627\u0644\u0623\u0644\u0639\u0627\u0628\u060c \u0648\u062a\u0639\u0631\u0641\u062a \u0623\u0646\u0627 \u0648\u062a\u0633\u0627\u0628\u0627 \u062a\u0648\u062b \u0639\u0644\u0649 \u0627\u0644\u0641\u0646. \u0628\u0639\u062f \u0627\u0644\u062a\u062e\u0631\u062c\u060c \u0623\u0635\u0628\u062d\u062a \u0645\u0635\u0645\u0645\u0629 \u062f\u064a\u0643\u0648\u0631 \u0648\u0645\u062a\u062f\u0631\u0628\u0629 \u0641\u064a \u0645\u062c\u0627\u0644 \u0627\u0644\u0623\u0644\u0648\u0627\u0646 \u0648\u0645\u062f\u0631\u0633\u0629 \u0643\u0648\u0631\u0641\u064a\u0646 \u0644\u0644\u0631\u0633\u0645 \u0641\u064a \u0628\u0648\u062f\u0627\u0628\u0633\u062a. \u0648\u0641\u064a \u0643\u0648\u0631\u0641\u064a\u0646\u060c \u0639\u0644\u0651\u0645\u0646\u064a \u0622\u062f\u0645 \u0644\u064a\u0641\u0627\u064a \u0641\u064a \u0643\u0648\u0631\u0641\u064a\u0646 \u0623\u0633\u0627\u0633\u064a\u0627\u062a \u0627\u0644\u0631\u0633\u0645 \u0648\u062d\u0628 \u0627\u0644\u062c\u0631\u0627\u0641\u064a\u0643. \u0648\u0641\u064a \u0639\u0627\u0645 1996 \u0623\u0635\u0628\u062d\u062a \u0637\u0627\u0644\u0628\u0627\u064b \u0641\u064a \u0627\u0644\u062c\u0627\u0645\u0639\u0629 \u0627\u0644\u0645\u062c\u0631\u064a\u0629 \u0644\u0644\u0641\u0646\u0648\u0646 \u0627\u0644\u062c\u0645\u064a\u0644\u0629. \u0648\u0641\u064a \u0639\u0627\u0645 2000\u060c \u062d\u0635\u0644\u062a \u0639\u0644\u0649 \u0645\u0646\u062d\u0629 \u062f\u0631\u0627\u0633\u064a\u0629 \u0645\u0646 \u0627\u0644\u0623\u0643\u0627\u062f\u064a\u0645\u064a\u0629 \u0627\u0644\u0645\u0644\u0643\u064a\u0629 \u0644\u0644\u0641\u0646\u0648\u0646 \u0627\u0644\u062c\u0645\u064a\u0644\u0629 \u0641\u064a \u0644\u0627\u0647\u0627\u064a\u060c \u0648\u0641\u064a \u0639\u0627\u0645 2001 \u062d\u0635\u0644\u062a \u0639\u0644\u0649 \u062f\u0628\u0644\u0648\u0645 \u0641\u0646\u0627\u0646 \u062c\u0631\u0627\u0641\u064a\u0643 \u062a\u0634\u0643\u064a\u0644\u064a. \u0648\u0645\u0646\u0630 \u0630\u0644\u0643 \u0627\u0644\u062d\u064a\u0646 \u0623\u0635\u0628\u062d\u062a \u0641\u0646\u0627\u0646\u0627\u064b \u0645\u0633\u062a\u0642\u0644\u0627\u064b. \u0639\u064f\u0631\u0636\u062a \u0623\u0639\u0645\u0627\u0644\u064a \u0641\u064a \u0627\u0644\u0639\u062f\u064a\u062f \u0645\u0646 \u0627\u0644\u0645\u0639\u0627\u0631\u0636 \u0627\u0644\u062c\u0645\u0627\u0639\u064a\u0629 \u0648\u0627\u0644\u0641\u0631\u062f\u064a\u0629.<\/p>\t\t\t\t\t\t\t\t<\/div>\n\t\t\t\t<\/div>\n\t\t\t\t\t<\/div>\n\t\t\t\t<\/div>\n\t\t<div class=\"elementor-element elementor-element-f475fdb e-flex e-con-boxed e-con e-parent\" data-id=\"f475fdb\" data-element_type=\"container\" data-e-type=\"container\">\n\t\t\t\t\t<div class=\"e-con-inner\">\n\t\t\t\t<div class=\"elementor-element elementor-element-4bf148c elementor-widget elementor-widget-video\" data-id=\"4bf148c\" data-element_type=\"widget\" data-e-type=\"widget\" data-settings=\"{&quot;youtube_url&quot;:&quot;https:\\\/\\\/www.youtube.com\\\/embed\\\/jGRBzaNuXM8?si=S-Zb_Nna0z5aLYU3&quot;,&quot;video_type&quot;:&quot;youtube&quot;,&quot;controls&quot;:&quot;yes&quot;}\" data-widget_type=\"video.default\">\n\t\t\t\t<div class=\"elementor-widget-container\">\n\t\t\t\t\t\t\t<div class=\"elementor-wrapper elementor-open-inline\">\n\t\t\t<div class=\"elementor-video\"><\/div>\t\t<\/div>\n\t\t\t\t\t\t<\/div>\n\t\t\t\t<\/div>\n\t\t\t\t\t<\/div>\n\t\t\t\t<\/div>\n\t\t<div class=\"elementor-element elementor-element-90f1e27 e-grid e-con-boxed e-con e-parent\" data-id=\"90f1e27\" data-element_type=\"container\" data-e-type=\"container\">\n\t\t\t\t\t<div class=\"e-con-inner\">\n\t\t\t\t<div class=\"elementor-element elementor-element-f552923 elementor-widget elementor-widget-image\" data-id=\"f552923\" data-element_type=\"widget\" data-e-type=\"widget\" data-widget_type=\"image.default\">\n\t\t\t\t<div class=\"elementor-widget-container\">\n\t\t\t\t\t\t\t\t\t\t\t\t\t\t\t<img fetchpriority=\"high\" decoding=\"async\" width=\"1024\" height=\"768\" src=\"https:\/\/ottevenyikastely.hu\/wp-content\/uploads\/2025\/04\/IMG_3139-1024x768.jpeg\" class=\"attachment-large size-large wp-image-12942\" alt=\"\" srcset=\"https:\/\/ottevenyikastely.hu\/wp-content\/uploads\/2025\/04\/IMG_3139-1024x768.jpeg 1024w, https:\/\/ottevenyikastely.hu\/wp-content\/uploads\/2025\/04\/IMG_3139-300x225.jpeg 300w, https:\/\/ottevenyikastely.hu\/wp-content\/uploads\/2025\/04\/IMG_3139-768x576.jpeg 768w, https:\/\/ottevenyikastely.hu\/wp-content\/uploads\/2025\/04\/IMG_3139-1536x1152.jpeg 1536w, https:\/\/ottevenyikastely.hu\/wp-content\/uploads\/2025\/04\/IMG_3139-2048x1536.jpeg 2048w, https:\/\/ottevenyikastely.hu\/wp-content\/uploads\/2025\/04\/IMG_3139-16x12.jpeg 16w\" sizes=\"(max-width: 1024px) 100vw, 1024px\" title=\"\">\t\t\t\t\t\t\t\t\t\t\t\t\t\t\t<\/div>\n\t\t\t\t<\/div>\n\t\t\t\t<div class=\"elementor-element elementor-element-f0f518f elementor-widget elementor-widget-image\" data-id=\"f0f518f\" data-element_type=\"widget\" data-e-type=\"widget\" data-widget_type=\"image.default\">\n\t\t\t\t<div class=\"elementor-widget-container\">\n\t\t\t\t\t\t\t\t\t\t\t\t\t\t\t<img decoding=\"async\" width=\"768\" height=\"1024\" src=\"https:\/\/ottevenyikastely.hu\/wp-content\/uploads\/2025\/04\/IMG_3427-768x1024.jpeg\" class=\"attachment-large size-large wp-image-12943\" alt=\"\" srcset=\"https:\/\/ottevenyikastely.hu\/wp-content\/uploads\/2025\/04\/IMG_3427-768x1024.jpeg 768w, https:\/\/ottevenyikastely.hu\/wp-content\/uploads\/2025\/04\/IMG_3427-225x300.jpeg 225w, https:\/\/ottevenyikastely.hu\/wp-content\/uploads\/2025\/04\/IMG_3427-1152x1536.jpeg 1152w, https:\/\/ottevenyikastely.hu\/wp-content\/uploads\/2025\/04\/IMG_3427-1536x2048.jpeg 1536w, https:\/\/ottevenyikastely.hu\/wp-content\/uploads\/2025\/04\/IMG_3427-9x12.jpeg 9w, https:\/\/ottevenyikastely.hu\/wp-content\/uploads\/2025\/04\/IMG_3427-scaled.jpeg 1920w\" sizes=\"(max-width: 768px) 100vw, 768px\" title=\"\">\t\t\t\t\t\t\t\t\t\t\t\t\t\t\t<\/div>\n\t\t\t\t<\/div>\n\t\t\t\t<div class=\"elementor-element elementor-element-7347e2a elementor-widget elementor-widget-image\" data-id=\"7347e2a\" data-element_type=\"widget\" data-e-type=\"widget\" data-widget_type=\"image.default\">\n\t\t\t\t<div class=\"elementor-widget-container\">\n\t\t\t\t\t\t\t\t\t\t\t\t\t\t\t<img decoding=\"async\" width=\"1024\" height=\"768\" src=\"https:\/\/ottevenyikastely.hu\/wp-content\/uploads\/2025\/04\/IMG_3001-1024x768.jpeg\" class=\"attachment-large size-large wp-image-12941\" alt=\"\" srcset=\"https:\/\/ottevenyikastely.hu\/wp-content\/uploads\/2025\/04\/IMG_3001-1024x768.jpeg 1024w, https:\/\/ottevenyikastely.hu\/wp-content\/uploads\/2025\/04\/IMG_3001-300x225.jpeg 300w, https:\/\/ottevenyikastely.hu\/wp-content\/uploads\/2025\/04\/IMG_3001-768x576.jpeg 768w, https:\/\/ottevenyikastely.hu\/wp-content\/uploads\/2025\/04\/IMG_3001-1536x1152.jpeg 1536w, https:\/\/ottevenyikastely.hu\/wp-content\/uploads\/2025\/04\/IMG_3001-2048x1536.jpeg 2048w, https:\/\/ottevenyikastely.hu\/wp-content\/uploads\/2025\/04\/IMG_3001-16x12.jpeg 16w\" sizes=\"(max-width: 1024px) 100vw, 1024px\" title=\"\">\t\t\t\t\t\t\t\t\t\t\t\t\t\t\t<\/div>\n\t\t\t\t<\/div>\n\t\t\t\t\t<\/div>\n\t\t\t\t<\/div>\n\t\t<div class=\"elementor-element elementor-element-1b9c623 e-flex e-con-boxed e-con e-parent\" data-id=\"1b9c623\" data-element_type=\"container\" data-e-type=\"container\">\n\t\t\t\t\t<div class=\"e-con-inner\">\n\t\t\t\t<div class=\"elementor-element elementor-element-6c7f998 elementor-widget elementor-widget-spacer\" data-id=\"6c7f998\" data-element_type=\"widget\" data-e-type=\"widget\" data-widget_type=\"spacer.default\">\n\t\t\t\t<div class=\"elementor-widget-container\">\n\t\t\t\t\t\t\t<div class=\"elementor-spacer\">\n\t\t\t<div class=\"elementor-spacer-inner\"><\/div>\n\t\t<\/div>\n\t\t\t\t\t\t<\/div>\n\t\t\t\t<\/div>\n\t\t\t\t\t<\/div>\n\t\t\t\t<\/div>\n\t\t<div class=\"elementor-element elementor-element-160e36d e-flex e-con-boxed e-con e-parent\" data-id=\"160e36d\" data-element_type=\"container\" data-e-type=\"container\">\n\t\t\t\t\t<div class=\"e-con-inner\">\n\t\t\t\t<div class=\"elementor-element elementor-element-0442fe7 elementor-widget elementor-widget-text-editor\" data-id=\"0442fe7\" data-element_type=\"widget\" data-e-type=\"widget\" data-widget_type=\"text-editor.default\">\n\t\t\t\t<div class=\"elementor-widget-container\">\n\t\t\t\t\t\t\t\t\t<p>\u0644\u0644\u0645\u0632\u0627\u064a\u062f\u0629 \u0639\u0644\u0649 \u0627\u0644\u0623\u0639\u0645\u0627\u0644 \u0627\u0644\u0641\u0646\u064a\u0629 \u0627\u0644\u0645\u0635\u0646\u0648\u0639\u0629 \u0647\u0646\u0627\u060c \u0627\u0646\u0642\u0631 \u0639\u0644\u0649 \u0627\u0644\u0635\u0648\u0631\u0629 \u0623\u0648 \u0642\u0645 \u0628\u0632\u064a\u0627\u0631\u0629 <span style=\"text-decoration: underline;\"><strong><a href=\"https:\/\/foldvaryaukcio.hu\" target=\"_blank\" rel=\"noopener\">foldvaryaukcio.hu<\/a><\/strong><\/span> \u0627\u0644\u0635\u0641\u062d\u0629 \u0625\u0630\u0627 \u0643\u0646\u062a \u0645\u0647\u062a\u0645\u064b\u0627 \u0628\u0645\u0632\u064a\u062f \u0645\u0646 \u0627\u0644\u062a\u0641\u0627\u0635\u064a\u0644!<\/p>\t\t\t\t\t\t\t\t<\/div>\n\t\t\t\t<\/div>\n\t\t\t\t\t<\/div>\n\t\t\t\t<\/div>\n\t\t<div class=\"elementor-element elementor-element-594ba84 e-grid e-con-boxed e-con e-parent\" data-id=\"594ba84\" data-element_type=\"container\" data-e-type=\"container\">\n\t\t\t\t\t<div class=\"e-con-inner\">\n\t\t\t\t<div class=\"elementor-element elementor-element-1b8af14 elementor-widget elementor-widget-image\" data-id=\"1b8af14\" data-element_type=\"widget\" data-e-type=\"widget\" data-widget_type=\"image.default\">\n\t\t\t\t<div class=\"elementor-widget-container\">\n\t\t\t\t\t\t\t\t\t\t\t\t<figure class=\"wp-caption\">\n\t\t\t\t\t\t\t\t\t\t\t<a href=\"https:\/\/foldvaryaukcio.hu\/items\/237\" target=\"_blank\" rel=\"noopener\">\n\t\t\t\t\t\t\t<img loading=\"lazy\" decoding=\"async\" width=\"1024\" height=\"708\" src=\"https:\/\/ottevenyikastely.hu\/wp-content\/uploads\/2025\/04\/Szarka-Fedor-Guido-237-1024x708.jpeg\" class=\"attachment-large size-large wp-image-12939\" alt=\"\" srcset=\"https:\/\/ottevenyikastely.hu\/wp-content\/uploads\/2025\/04\/Szarka-Fedor-Guido-237-1024x708.jpeg 1024w, https:\/\/ottevenyikastely.hu\/wp-content\/uploads\/2025\/04\/Szarka-Fedor-Guido-237-300x208.jpeg 300w, https:\/\/ottevenyikastely.hu\/wp-content\/uploads\/2025\/04\/Szarka-Fedor-Guido-237-768x531.jpeg 768w, https:\/\/ottevenyikastely.hu\/wp-content\/uploads\/2025\/04\/Szarka-Fedor-Guido-237-1536x1063.jpeg 1536w, https:\/\/ottevenyikastely.hu\/wp-content\/uploads\/2025\/04\/Szarka-Fedor-Guido-237-2048x1417.jpeg 2048w, https:\/\/ottevenyikastely.hu\/wp-content\/uploads\/2025\/04\/Szarka-Fedor-Guido-237-18x12.jpeg 18w\" sizes=\"(max-width: 1024px) 100vw, 1024px\" title=\"\">\t\t\t\t\t\t\t\t<\/a>\n\t\t\t\t\t\t\t\t\t\t\t<figcaption class=\"widget-image-caption wp-caption-text\">\u0627\u0646\u0642\u0631 \u0647\u0646\u0627<\/figcaption>\n\t\t\t\t\t\t\t\t\t\t<\/figure>\n\t\t\t\t\t\t\t\t\t<\/div>\n\t\t\t\t<\/div>\n\t\t\t\t<div class=\"elementor-element elementor-element-1a4860d elementor-widget elementor-widget-image\" data-id=\"1a4860d\" data-element_type=\"widget\" data-e-type=\"widget\" data-widget_type=\"image.default\">\n\t\t\t\t<div class=\"elementor-widget-container\">\n\t\t\t\t\t\t\t\t\t\t\t\t<figure class=\"wp-caption\">\n\t\t\t\t\t\t\t\t\t\t\t<a href=\"https:\/\/foldvaryaukcio.hu\/items\/234\" target=\"_blank\" rel=\"noopener\">\n\t\t\t\t\t\t\t<img loading=\"lazy\" decoding=\"async\" width=\"1024\" height=\"735\" src=\"https:\/\/ottevenyikastely.hu\/wp-content\/uploads\/2025\/04\/Szarka-Fedor-Guido-234-1024x735.jpeg\" class=\"attachment-large size-large wp-image-12936\" alt=\"\" srcset=\"https:\/\/ottevenyikastely.hu\/wp-content\/uploads\/2025\/04\/Szarka-Fedor-Guido-234-1024x735.jpeg 1024w, https:\/\/ottevenyikastely.hu\/wp-content\/uploads\/2025\/04\/Szarka-Fedor-Guido-234-300x215.jpeg 300w, https:\/\/ottevenyikastely.hu\/wp-content\/uploads\/2025\/04\/Szarka-Fedor-Guido-234-768x551.jpeg 768w, https:\/\/ottevenyikastely.hu\/wp-content\/uploads\/2025\/04\/Szarka-Fedor-Guido-234-1536x1102.jpeg 1536w, https:\/\/ottevenyikastely.hu\/wp-content\/uploads\/2025\/04\/Szarka-Fedor-Guido-234-2048x1470.jpeg 2048w, https:\/\/ottevenyikastely.hu\/wp-content\/uploads\/2025\/04\/Szarka-Fedor-Guido-234-18x12.jpeg 18w\" sizes=\"(max-width: 1024px) 100vw, 1024px\" title=\"\">\t\t\t\t\t\t\t\t<\/a>\n\t\t\t\t\t\t\t\t\t\t\t<figcaption class=\"widget-image-caption wp-caption-text\">\u0627\u0646\u0642\u0631 \u0647\u0646\u0627<\/figcaption>\n\t\t\t\t\t\t\t\t\t\t<\/figure>\n\t\t\t\t\t\t\t\t\t<\/div>\n\t\t\t\t<\/div>\n\t\t\t\t<div class=\"elementor-element elementor-element-5ad94bf elementor-widget elementor-widget-image\" data-id=\"5ad94bf\" data-element_type=\"widget\" data-e-type=\"widget\" data-widget_type=\"image.default\">\n\t\t\t\t<div class=\"elementor-widget-container\">\n\t\t\t\t\t\t\t\t\t\t\t\t<figure class=\"wp-caption\">\n\t\t\t\t\t\t\t\t\t\t\t<a href=\"https:\/\/foldvaryaukcio.hu\/items\/236\" target=\"_blank\" rel=\"noopener\">\n\t\t\t\t\t\t\t<img loading=\"lazy\" decoding=\"async\" width=\"1024\" height=\"692\" src=\"https:\/\/ottevenyikastely.hu\/wp-content\/uploads\/2025\/04\/Szarka-Fedor-Guido-236-1024x692.jpeg\" class=\"attachment-large size-large wp-image-12938\" alt=\"\" srcset=\"https:\/\/ottevenyikastely.hu\/wp-content\/uploads\/2025\/04\/Szarka-Fedor-Guido-236-1024x692.jpeg 1024w, https:\/\/ottevenyikastely.hu\/wp-content\/uploads\/2025\/04\/Szarka-Fedor-Guido-236-300x203.jpeg 300w, https:\/\/ottevenyikastely.hu\/wp-content\/uploads\/2025\/04\/Szarka-Fedor-Guido-236-768x519.jpeg 768w, https:\/\/ottevenyikastely.hu\/wp-content\/uploads\/2025\/04\/Szarka-Fedor-Guido-236-1536x1038.jpeg 1536w, https:\/\/ottevenyikastely.hu\/wp-content\/uploads\/2025\/04\/Szarka-Fedor-Guido-236-2048x1384.jpeg 2048w, https:\/\/ottevenyikastely.hu\/wp-content\/uploads\/2025\/04\/Szarka-Fedor-Guido-236-18x12.jpeg 18w\" sizes=\"(max-width: 1024px) 100vw, 1024px\" title=\"\">\t\t\t\t\t\t\t\t<\/a>\n\t\t\t\t\t\t\t\t\t\t\t<figcaption class=\"widget-image-caption wp-caption-text\">\u0627\u0646\u0642\u0631 \u0647\u0646\u0627<\/figcaption>\n\t\t\t\t\t\t\t\t\t\t<\/figure>\n\t\t\t\t\t\t\t\t\t<\/div>\n\t\t\t\t<\/div>\n\t\t\t\t\t<\/div>\n\t\t\t\t<\/div>\n\t\t<div class=\"elementor-element elementor-element-1eedd9b e-flex e-con-boxed e-con e-parent\" data-id=\"1eedd9b\" data-element_type=\"container\" data-e-type=\"container\">\n\t\t\t\t\t<div class=\"e-con-inner\">\n\t\t\t\t<div class=\"elementor-element elementor-element-03c5e91 elementor-widget elementor-widget-image\" data-id=\"03c5e91\" data-element_type=\"widget\" data-e-type=\"widget\" data-widget_type=\"image.default\">\n\t\t\t\t<div class=\"elementor-widget-container\">\n\t\t\t\t\t\t\t\t\t\t\t\t<figure class=\"wp-caption\">\n\t\t\t\t\t\t\t\t\t\t\t<a href=\"https:\/\/foldvaryaukcio.hu\/items\/235\" target=\"_blank\" rel=\"noopener\">\n\t\t\t\t\t\t\t<img loading=\"lazy\" decoding=\"async\" width=\"122\" height=\"300\" src=\"https:\/\/ottevenyikastely.hu\/wp-content\/uploads\/2025\/04\/Szarka-Fedor-Guido-235-122x300.jpeg\" class=\"attachment-medium size-medium wp-image-12937\" alt=\"\" srcset=\"https:\/\/ottevenyikastely.hu\/wp-content\/uploads\/2025\/04\/Szarka-Fedor-Guido-235-122x300.jpeg 122w, https:\/\/ottevenyikastely.hu\/wp-content\/uploads\/2025\/04\/Szarka-Fedor-Guido-235-415x1024.jpeg 415w, https:\/\/ottevenyikastely.hu\/wp-content\/uploads\/2025\/04\/Szarka-Fedor-Guido-235-768x1894.jpeg 768w, https:\/\/ottevenyikastely.hu\/wp-content\/uploads\/2025\/04\/Szarka-Fedor-Guido-235-623x1536.jpeg 623w, https:\/\/ottevenyikastely.hu\/wp-content\/uploads\/2025\/04\/Szarka-Fedor-Guido-235-830x2048.jpeg 830w, https:\/\/ottevenyikastely.hu\/wp-content\/uploads\/2025\/04\/Szarka-Fedor-Guido-235-5x12.jpeg 5w, https:\/\/ottevenyikastely.hu\/wp-content\/uploads\/2025\/04\/Szarka-Fedor-Guido-235-scaled.jpeg 1038w\" sizes=\"(max-width: 122px) 100vw, 122px\" title=\"\">\t\t\t\t\t\t\t\t<\/a>\n\t\t\t\t\t\t\t\t\t\t\t<figcaption class=\"widget-image-caption wp-caption-text\">\u0627\u0646\u0642\u0631 \u0647\u0646\u0627<\/figcaption>\n\t\t\t\t\t\t\t\t\t\t<\/figure>\n\t\t\t\t\t\t\t\t\t<\/div>\n\t\t\t\t<\/div>\n\t\t\t\t\t<\/div>\n\t\t\t\t<\/div>\n\t\t<div class=\"elementor-element elementor-element-9499ec6 e-flex e-con-boxed e-con e-parent\" data-id=\"9499ec6\" data-element_type=\"container\" data-e-type=\"container\">\n\t\t\t\t\t<div class=\"e-con-inner\">\n\t\t\t\t<div class=\"elementor-element elementor-element-c04e7d4 elementor-align-right elementor-widget elementor-widget-button\" data-id=\"c04e7d4\" data-element_type=\"widget\" data-e-type=\"widget\" data-widget_type=\"button.default\">\n\t\t\t\t<div class=\"elementor-widget-container\">\n\t\t\t\t\t\t\t\t\t<div class=\"elementor-button-wrapper\">\n\t\t\t\t\t<a class=\"elementor-button elementor-button-link elementor-size-sm\" href=\"https:\/\/szarkafedorguido.blogspot.com\" id=\"https:\/\/szarkafedorguido.blogspot.com\" target=\"_blank\" rel=\"noopener\">\n\t\t\t\t\t\t<span class=\"elementor-button-content-wrapper\">\n\t\t\t\t\t\t\t\t\t<span class=\"elementor-button-text\">\u0635\u0641\u062d\u0629 \u0627\u0644\u0641\u0646\u0627\u0646 \u0639\u0644\u0649 \u0627\u0644\u0625\u0646\u062a\u0631\u0646\u062a<\/span>\n\t\t\t\t\t<\/span>\n\t\t\t\t\t<\/a>\n\t\t\t\t<\/div>\n\t\t\t\t\t\t\t\t<\/div>\n\t\t\t\t<\/div>\n\t\t\t\t\t<\/div>\n\t\t\t\t<\/div>\n\t\t<div class=\"elementor-element elementor-element-57a85a6 e-flex e-con-boxed e-con e-parent\" data-id=\"57a85a6\" data-element_type=\"container\" data-e-type=\"container\">\n\t\t\t\t\t<div class=\"e-con-inner\">\n\t\t\t\t<div class=\"elementor-element elementor-element-1de1a28 elementor-widget elementor-widget-video\" data-id=\"1de1a28\" data-element_type=\"widget\" data-e-type=\"widget\" data-settings=\"{&quot;youtube_url&quot;:&quot;https:\\\/\\\/youtu.be\\\/jGRBzaNuXM8&quot;,&quot;video_type&quot;:&quot;youtube&quot;,&quot;controls&quot;:&quot;yes&quot;}\" data-widget_type=\"video.default\">\n\t\t\t\t<div class=\"elementor-widget-container\">\n\t\t\t\t\t\t\t<div class=\"elementor-wrapper elementor-open-inline\">\n\t\t\t<div class=\"elementor-video\"><\/div>\t\t<\/div>\n\t\t\t\t\t\t<\/div>\n\t\t\t\t<\/div>\n\t\t\t\t\t<\/div>\n\t\t\t\t<\/div>\n\t\t\t\t<\/div>","protected":false},"excerpt":{"rendered":"<p>Szarka Fedor Guido 1974-ben sz\u00fclettem Szentesen. Gyermekkoromat B\u00e1boln\u00e1n \u00e9s \u00c1rp\u00e1dhalm\u00e1n t\u00f6lt\u00f6ttem. S\u00e1rv\u00e1ron voltam gimnazista , Szombathelyen a Derkovits M\u0171v\u00e9szeti Szabadiskol\u00e1ba j\u00e1rtam, ahol Masszi Feri meger\u0151s\u00edtett a kis dolgok nagys\u00e1g\u00e1ban, Tak\u00e1cs Tibi anat\u00f3mi\u00e1ra \u00e9s j\u00e1t\u00e9kra oktatott, T\u00f3th Csab\u00e1val megt\u00f6rt\u00e9nt vel\u00fcnk a M\u0171v\u00e9szet. \u00c9retts\u00e9gi ut\u00e1n Budapesten lettem Dekorat\u0151rk\u00e9pz\u0151s, Sz\u00ednitanod\u00e1s \u00e9s Corvin Rajziskol\u00e1s. A Corvinban L\u00e9vai \u00c1d\u00e1m tan\u00edtott [&hellip;]<\/p>","protected":false},"author":7,"featured_media":0,"parent":0,"menu_order":0,"comment_status":"closed","ping_status":"closed","template":"","meta":{"footnotes":""},"class_list":["post-12382","page","type-page","status-publish","hentry","entry"],"_links":{"self":[{"href":"https:\/\/ottevenyikastely.hu\/ar\/wp-json\/wp\/v2\/pages\/12382","targetHints":{"allow":["GET"]}}],"collection":[{"href":"https:\/\/ottevenyikastely.hu\/ar\/wp-json\/wp\/v2\/pages"}],"about":[{"href":"https:\/\/ottevenyikastely.hu\/ar\/wp-json\/wp\/v2\/types\/page"}],"author":[{"embeddable":true,"href":"https:\/\/ottevenyikastely.hu\/ar\/wp-json\/wp\/v2\/users\/7"}],"replies":[{"embeddable":true,"href":"https:\/\/ottevenyikastely.hu\/ar\/wp-json\/wp\/v2\/comments?post=12382"}],"version-history":[{"count":13,"href":"https:\/\/ottevenyikastely.hu\/ar\/wp-json\/wp\/v2\/pages\/12382\/revisions"}],"predecessor-version":[{"id":13449,"href":"https:\/\/ottevenyikastely.hu\/ar\/wp-json\/wp\/v2\/pages\/12382\/revisions\/13449"}],"wp:attachment":[{"href":"https:\/\/ottevenyikastely.hu\/ar\/wp-json\/wp\/v2\/media?parent=12382"}],"curies":[{"name":"\u062f\u0628\u0644\u064a\u0648 \u0628\u064a","href":"https:\/\/api.w.org\/{rel}","templated":true}]}}