{"id":12430,"date":"2025-04-12T09:56:40","date_gmt":"2025-04-12T07:56:40","guid":{"rendered":"https:\/\/ottevenyikastely.hu\/?page_id=12430"},"modified":"2025-05-18T12:34:19","modified_gmt":"2025-05-18T10:34:19","slug":"%d8%ac%d9%88%d8%af%d9%8a%d8%aa-%d8%aa%d8%a7%d9%83%d8%a7%d8%b3","status":"publish","type":"page","link":"https:\/\/ottevenyikastely.hu\/ar\/%d8%ac%d9%88%d8%af%d9%8a%d8%aa-%d8%aa%d8%a7%d9%83%d8%a7%d8%b3\/","title":{"rendered":"\u062c\u0648\u062f\u064a\u062a \u062a\u0627\u0643\u0627\u0643\u0633"},"content":{"rendered":"<div data-elementor-type=\"wp-page\" data-elementor-id=\"12430\" class=\"elementor elementor-12430\" data-elementor-post-type=\"page\">\n\t\t\t\t<div class=\"elementor-element elementor-element-ea0fdba e-flex e-con-boxed e-con e-parent\" data-id=\"ea0fdba\" data-element_type=\"container\" data-e-type=\"container\">\n\t\t\t\t\t<div class=\"e-con-inner\">\n\t\t\t\t<div class=\"elementor-element elementor-element-3ab6c40 elementor-widget elementor-widget-heading\" data-id=\"3ab6c40\" data-element_type=\"widget\" data-e-type=\"widget\" data-widget_type=\"heading.default\">\n\t\t\t\t<div class=\"elementor-widget-container\">\n\t\t\t\t\t<h2 class=\"elementor-heading-title elementor-size-default\">\u062c\u0648\u062f\u064a\u062a \u062a\u0627\u0643\u0627\u0643\u0633<\/h2>\t\t\t\t<\/div>\n\t\t\t\t<\/div>\n\t\t\t\t\t<\/div>\n\t\t\t\t<\/div>\n\t\t<div class=\"elementor-element elementor-element-62e93a7 e-flex e-con-boxed e-con e-parent\" data-id=\"62e93a7\" data-element_type=\"container\" data-e-type=\"container\">\n\t\t\t\t\t<div class=\"e-con-inner\">\n\t\t\t\t<div class=\"elementor-element elementor-element-9c76a6b elementor-widget elementor-widget-text-editor\" data-id=\"9c76a6b\" data-element_type=\"widget\" data-e-type=\"widget\" data-widget_type=\"text-editor.default\">\n\t\t\t\t<div class=\"elementor-widget-container\">\n\t\t\t\t\t\t\t\t\t<p class=\"s3\"><span class=\"s2\">\u0648\u0644\u062f\u062a \u0641\u064a \u0639\u0627\u0645 1971 <\/span><span class=\"s2\">\u0628\u0648\u062f\u0627\u0628\u0633\u062a<\/span><span class=\"s2\">\u0644\u0627 \u064a\u0632\u0627\u0644 \u0647\u0646\u0627<\/span><span class=\"s2\">\u0623\u0639\u064a\u0634 \u0648\u0623\u0628\u062a\u0643\u0631<\/span><span class=\"s2\">.<\/span><a name=\"_GoBack\"><\/a><\/p><p class=\"s3\"><span class=\"s2\">A<\/span> <span class=\"s2\">\u0643\u0631\u064a\u0627<\/span><span class=\"s2\"> \u0645\u062f\u0631\u0633\u0629 \u0627\u0644\u062a\u0635\u0645\u064a\u0645 \u0627\u0644\u0628\u064a\u0626\u064a<\/span><span class=\"s2\">\u0644\u062f\u064a\u0651 \u062f\u0628\u0644\u0648\u0645 \u0645\u062a\u0648\u0633\u0637 \u0641\u064a \u0627\u0644\u062a\u0635\u0645\u064a\u0645 \u0627\u0644\u062c\u0631\u0627\u0641\u064a\u0643\u064a<\/span><span class=\"s2\">,<\/span><span class=\"s2\">\u062b\u0645 \u0634\u0647\u0627\u062f\u0629 \u0641\u064a \u0627\u0644\u0641\u0646 \u0648\u0627\u0644\u0627\u062a\u0635\u0627\u0644 \u0627\u0644\u0645\u0631\u0626\u064a \u0641\u064a \u062c\u0627\u0645\u0639\u0629 \u0643\u0627\u0628\u0648\u0633\u0641\u0627\u0631\u060c \u0643\u0644\u064a\u0629 \u0627\u0644\u0622\u062f\u0627\u0628. <\/span><span class=\"s2\">\u062b\u0645 <\/span><span class=\"s2\">a<\/span><span class=\"s2\">z<\/span><span class=\"s2\">\u0623\u0643\u0645\u0644\u062a \u0639\u0627\u0645\u064a\u0646 \u0648\u0646\u0635\u0641 \u0627\u0644\u0639\u0627\u0645 \u0641\u064a \u062c\u0627\u0645\u0639\u0629 \u0628\u064a\u0643\u0633\u060c \u0648\u062a\u062e\u0635\u0635\u062a \u0641\u064a \u0627\u0644\u062a\u0635\u0648\u064a\u0631 - \u0627\u0644\u0631\u0633\u0645\u060c \u0648\u0641\u064a \u0646\u0641\u0633 \u0627\u0644\u0648\u0642\u062a \u0623\u0643\u0645\u0644\u062a \u0639\u0627\u0645\u064a\u0646 \u0645\u0646 \u0627\u0644\u062a\u062f\u0631\u064a\u0628 \u0628\u0639\u062f \u0627\u0644\u062a\u062e\u0631\u062c \u0643\u0645\u0639\u0627\u0644\u062c \u0628\u0627\u0644\u0641\u0646 \u0641\u064a \u062c\u0627\u0645\u0639\u0629 \u0628\u064a\u0643\u0633.<\/span><span class=\"s2\"> \u0647\u0648<\/span><span class=\"s2\"> \u062c\u0632\u0621 \u0645\u0646<\/span><span class=\"s2\">\u0645\u0623\u062e\u0648\u0630\u0629 \u0645\u0646<\/span><span class=\"s2\">.<\/span><\/p><p class=\"s3\"><span class=\"s2\">F<\/span><span class=\"s2\">\u0644\u0642\u062f \u0642\u0645\u062a \u0628\u062a\u062f\u0631\u064a\u0633 \u0627\u0644\u0623\u0637\u0641\u0627\u0644 \u0641\u064a \u0645\u062f\u0627\u0631\u0633 \u0627\u0644\u0641\u0646\u0648\u0646 \u0627\u0644\u0627\u0628\u062a\u062f\u0627\u0626\u064a\u0629 \u0648\u0627\u0644\u0643\u0628\u0627\u0631 \u0641\u064a \u0641\u0635\u0648\u0644 \u0627\u0644\u0631\u0633\u0645 \u0648\u0641\u064a \u0627\u0644\u0627\u0633\u062a\u0648\u062f\u064a\u0648 \u0627\u0644\u0641\u0646\u064a \u0627\u0644\u062e\u0627\u0635 \u0628\u064a. \u0623\u0639\u0645\u0644 \u062d\u0627\u0644\u064a\u0627\u064b \u0643\u0631\u0633\u0651\u0627\u0645\u0629 \u0645\u0633\u062a\u0642\u0644\u0629 \u0648\u0623\u0642\u0648\u0645 \u0623\u064a\u0636\u0627\u064b \u0628\u062a\u062f\u0631\u064a\u0633 \u0627\u0644\u0631\u0633\u0645 \u0648\u0627\u0644\u062a\u0644\u0648\u064a\u0646 \u0641\u064a \u0627\u0644\u0627\u0633\u062a\u0648\u062f\u064a\u0648 \u0627\u0644\u062e\u0627\u0635 \u0628\u064a \u0648\u0639\u0628\u0631 \u0627\u0644\u0625\u0646\u062a\u0631\u0646\u062a. <\/span><\/p><p class=\"s3\"><span class=\"s2\">\u0623\u0634\u0627\u0631\u0643 \u0628\u0627\u0646\u062a\u0638\u0627\u0645 \u0641\u064a \u0627\u0644\u0645\u0624\u062a\u0645\u0631\u0627\u062a \u0627\u0644\u0648\u0637\u0646\u064a\u0629 \u0648\u0627\u0644\u062f\u0648\u0644\u064a\u0629<\/span><span class=\"s2\">\u0641\u064a \u0627\u0644\u0645\u0639\u0627\u0631\u0636 \u0648\u0645\u0631\u0627\u0643\u0632 \u0627\u0644\u0641\u0646\u0648\u0646<\/span><span class=\"s2\">.<\/span><\/p><p class=\"s3\"><span class=\"s2\">\u0627\u0644\u0644\u0648\u062d\u0629 <\/span><span class=\"s2\">\u0631\u062d\u0644\u0629 \u0645\u0644\u064a\u0626\u0629 \u0628\u0627\u0644\u0623\u062d\u062f\u0627\u062b \u0648\u0627\u0644\u0645\u0637\u0628\u0627\u062a \u0648\u0627\u0644\u0645\u0637\u0628\u0627\u062a \u0639\u0644\u0649 \u062d\u062f \u0633\u0648\u0627\u0621 \u0628\u0627\u0644\u0646\u0633\u0628\u0629 \u0644\u064a<\/span><span class=\"s2\">,<\/span><span class=\"s2\"> \u0628\u0627\u0644\u0625\u0636\u0627\u0641\u0629 \u0625\u0644\u0649 \u0627\u0644\u0639\u062c\u0627\u0626\u0628 \u0648\u0627\u0644\u062c\u0645\u0627\u0644 \u0627\u0644\u0631\u0627\u0642\u064a. <\/span><\/p><p class=\"s3\"><span class=\"s2\">\u064a\u0645\u0643\u0646 \u0623\u0646 \u062a\u0643\u0648\u0646 \u0647\u0630\u0647 \u0627\u0644\u0631\u062d\u0644\u0629 \u0639\u0628\u0627\u0631\u0629 \u0639\u0646 \u0627\u0644\u062a\u062c\u0648\u0644 \u0641\u064a \u0627\u0644\u0645\u0646\u0627\u0638\u0631 \u0627\u0644\u0637\u0628\u064a\u0639\u064a\u0629 \u0627\u0644\u062e\u0627\u0631\u062c\u064a\u0629 \u0648\u0627\u0644\u0623\u0636\u0648\u0627\u0621 \u0648\u0627\u0644\u0623\u0644\u0648\u0627\u0646 \u0645\u0646 \u0623\u062c\u0644<\/span><span class=\"s2\">\u0644\u0644\u062a\u0639\u0631\u0641 \u0639\u0644\u0649 \u0627\u0644\u0623\u0630\u0648\u0627\u0642 \u0648\u0627\u0644\u0623\u0645\u0632\u062c\u0629 \u0627\u0644\u0645\u062e\u062a\u0644\u0641\u0629,<\/span><span class=\"s2\"> \u0627\u0644\u062d\u0644\u0645 \u0641\u064a \u0644\u0648\u062d\u0629 \u0627\u0644\u0644\u0639\u0628 \u0648\u0627\u0644\u0627\u0643\u062a\u0634\u0627\u0641 \u0627\u0644\u0645\u062b\u064a\u0631 \u0648\u0627\u0644\u0634\u063a\u0641. \u0644\u0643\u0646 \u0641\u064a \u0628\u0639\u0636 \u0627\u0644\u0623\u062d\u064a\u0627\u0646 \u064a\u062a\u0645 \u0627\u0633\u062a\u0628\u062f\u0627\u0644 \u0643\u0644 \u0647\u0630\u0627 \u0628\u0631\u062d\u0644\u0629 \u062f\u0627\u062e\u0644\u064a\u0629\u060c \u0648\u0645\u0648\u0627\u062c\u0647\u0629 \u0645\u0639 \u0627\u0644\u0643\u0634\u0641 \u0627\u0644\u0645\u0624\u0644\u0645 \u0623\u062d\u064a\u0627\u0646\u064b\u0627 \u0648\u0627\u0644\u0645\u0628\u0647\u062c \u0623\u062d\u064a\u0627\u0646\u064b\u0627 \u0623\u062e\u0631\u0649 \u0644\u0644\u0628\u062d\u062b \u0641\u064a \u0623\u0639\u0645\u0627\u0642 \u0627\u0644\u0631\u0648\u062d. \u064a\u0645\u0643\u0646 \u0623\u0646 \u062a\u062a\u0634\u0643\u0644 \u0647\u0630\u0647 \u0627\u0644\u0628\u0648\u062d \u0623\u064a\u0636\u0627\u064b \u0628\u0627\u0644\u0641\u0631\u0634\u0627\u0629. \u0647\u0630\u0647 \u0627\u0644\u0645\u0634\u0627\u0639\u0631 \u0627\u0644\u062a\u064a \u062a\u062a\u062c\u0644\u0649 \u0641\u064a \u0634\u0643\u0644 \u0645\u0627\u062f\u064a \u064a\u0645\u0643\u0646 \u0628\u0639\u062f \u0630\u0644\u0643 \u0627\u0633\u062a\u0643\u0634\u0627\u0641\u0647\u0627\u060c \u0645\u062d\u0628\u0648\u0628\u0629 \u0623\u0648 \u0645\u0643\u0631\u0648\u0647\u0629\u060c \u0644\u0643\u0646\u0647\u0627 \u062a\u062a\u0637\u0644\u0628 \u0627\u0644\u0627\u0646\u062a\u0628\u0627\u0647 \u0648\u0627\u0644\u0627\u0647\u062a\u0645\u0627\u0645\u060c \u0648\u062a\u0635\u0628\u062d \u0647\u0630\u0647 \u0627\u0644\u0631\u062d\u0644\u0629 \u0631\u062d\u0644\u0629 \u062f\u0627\u062e\u0644\u064a\u0629 \u0644\u0644\u0631\u0648\u062d \u0627\u0644\u062a\u064a \u062a\u0631\u064a\u062f \u0623\u0646 \u062a\u0639\u0631\u0641 \u0646\u0641\u0633\u0647\u0627. \u0631\u062d\u0644\u0629 \u0627\u0643\u062a\u0634\u0627\u0641 \u0627\u0644\u0630\u0627\u062a \u0647\u0630\u0647 <\/span><span class=\"s2\">\u0645\u0646 \u062e\u0644\u0627\u0644 \u0627\u0644\u062e\u0644\u0642 <\/span><span class=\"s2\">\u0644\u0627 \u064a\u0642\u0644 \u0623\u0647\u0645\u064a\u0629 \u0628\u0627\u0644\u0646\u0633\u0628\u0629 \u0644\u064a \u0639\u0646 \u0627\u0644\u062a\u0644\u0627\u0639\u0628 \u0628\u0627\u0644\u0648\u0627\u0642\u0639 \u0627\u0644\u0645\u0644\u0645\u0648\u0633 \u0644\u0644\u0645\u0627\u062f\u0629.<\/span><\/p>\t\t\t\t\t\t\t\t<\/div>\n\t\t\t\t<\/div>\n\t\t\t\t\t<\/div>\n\t\t\t\t<\/div>\n\t\t<div class=\"elementor-element elementor-element-a83c70f e-flex e-con-boxed e-con e-parent\" data-id=\"a83c70f\" data-element_type=\"container\" data-e-type=\"container\">\n\t\t\t\t\t<div class=\"e-con-inner\">\n\t\t\t\t<div class=\"elementor-element elementor-element-c875150 elementor-widget elementor-widget-video\" data-id=\"c875150\" data-element_type=\"widget\" data-e-type=\"widget\" data-settings=\"{&quot;youtube_url&quot;:&quot;https:\\\/\\\/www.youtube.com\\\/embed\\\/dbM0dRmW4bw?si=cabIRvcfmumY9u4i&quot;,&quot;video_type&quot;:&quot;youtube&quot;,&quot;controls&quot;:&quot;yes&quot;}\" data-widget_type=\"video.default\">\n\t\t\t\t<div class=\"elementor-widget-container\">\n\t\t\t\t\t\t\t<div class=\"elementor-wrapper elementor-open-inline\">\n\t\t\t<div class=\"elementor-video\"><\/div>\t\t<\/div>\n\t\t\t\t\t\t<\/div>\n\t\t\t\t<\/div>\n\t\t\t\t\t<\/div>\n\t\t\t\t<\/div>\n\t\t<div class=\"elementor-element elementor-element-5ee5a5b e-grid e-con-boxed e-con e-parent\" data-id=\"5ee5a5b\" data-element_type=\"container\" data-e-type=\"container\">\n\t\t\t\t\t<div class=\"e-con-inner\">\n\t\t\t\t<div class=\"elementor-element elementor-element-01939f9 elementor-widget elementor-widget-image\" data-id=\"01939f9\" data-element_type=\"widget\" data-e-type=\"widget\" data-widget_type=\"image.default\">\n\t\t\t\t<div class=\"elementor-widget-container\">\n\t\t\t\t\t\t\t\t\t\t\t\t\t\t\t<img fetchpriority=\"high\" decoding=\"async\" width=\"768\" height=\"1024\" src=\"https:\/\/ottevenyikastely.hu\/wp-content\/uploads\/2025\/04\/Takacs-Judit1-768x1024.jpeg\" class=\"attachment-large size-large wp-image-12683\" alt=\"\" srcset=\"https:\/\/ottevenyikastely.hu\/wp-content\/uploads\/2025\/04\/Takacs-Judit1-768x1024.jpeg 768w, https:\/\/ottevenyikastely.hu\/wp-content\/uploads\/2025\/04\/Takacs-Judit1-225x300.jpeg 225w, https:\/\/ottevenyikastely.hu\/wp-content\/uploads\/2025\/04\/Takacs-Judit1-1152x1536.jpeg 1152w, https:\/\/ottevenyikastely.hu\/wp-content\/uploads\/2025\/04\/Takacs-Judit1-1536x2048.jpeg 1536w, https:\/\/ottevenyikastely.hu\/wp-content\/uploads\/2025\/04\/Takacs-Judit1-9x12.jpeg 9w, https:\/\/ottevenyikastely.hu\/wp-content\/uploads\/2025\/04\/Takacs-Judit1-scaled.jpeg 1920w\" sizes=\"(max-width: 768px) 100vw, 768px\" title=\"\">\t\t\t\t\t\t\t\t\t\t\t\t\t\t\t<\/div>\n\t\t\t\t<\/div>\n\t\t\t\t<div class=\"elementor-element elementor-element-0486480 elementor-widget elementor-widget-image\" data-id=\"0486480\" data-element_type=\"widget\" data-e-type=\"widget\" data-widget_type=\"image.default\">\n\t\t\t\t<div class=\"elementor-widget-container\">\n\t\t\t\t\t\t\t\t\t\t\t\t\t\t\t<img decoding=\"async\" width=\"768\" height=\"1024\" src=\"https:\/\/ottevenyikastely.hu\/wp-content\/uploads\/2025\/04\/Takacs-Judit-3-768x1024.jpeg\" class=\"attachment-large size-large wp-image-12682\" alt=\"\" srcset=\"https:\/\/ottevenyikastely.hu\/wp-content\/uploads\/2025\/04\/Takacs-Judit-3-768x1024.jpeg 768w, https:\/\/ottevenyikastely.hu\/wp-content\/uploads\/2025\/04\/Takacs-Judit-3-225x300.jpeg 225w, https:\/\/ottevenyikastely.hu\/wp-content\/uploads\/2025\/04\/Takacs-Judit-3-1152x1536.jpeg 1152w, https:\/\/ottevenyikastely.hu\/wp-content\/uploads\/2025\/04\/Takacs-Judit-3-1536x2048.jpeg 1536w, https:\/\/ottevenyikastely.hu\/wp-content\/uploads\/2025\/04\/Takacs-Judit-3-9x12.jpeg 9w, https:\/\/ottevenyikastely.hu\/wp-content\/uploads\/2025\/04\/Takacs-Judit-3-scaled.jpeg 1920w\" sizes=\"(max-width: 768px) 100vw, 768px\" title=\"\">\t\t\t\t\t\t\t\t\t\t\t\t\t\t\t<\/div>\n\t\t\t\t<\/div>\n\t\t\t\t<div class=\"elementor-element elementor-element-427b2c2 elementor-widget elementor-widget-image\" data-id=\"427b2c2\" data-element_type=\"widget\" data-e-type=\"widget\" data-widget_type=\"image.default\">\n\t\t\t\t<div class=\"elementor-widget-container\">\n\t\t\t\t\t\t\t\t\t\t\t\t\t\t\t<img decoding=\"async\" width=\"768\" height=\"1024\" src=\"https:\/\/ottevenyikastely.hu\/wp-content\/uploads\/2025\/04\/IMG_3053-768x1024.jpeg\" class=\"attachment-large size-large wp-image-12594\" alt=\"\" srcset=\"https:\/\/ottevenyikastely.hu\/wp-content\/uploads\/2025\/04\/IMG_3053-768x1024.jpeg 768w, https:\/\/ottevenyikastely.hu\/wp-content\/uploads\/2025\/04\/IMG_3053-225x300.jpeg 225w, https:\/\/ottevenyikastely.hu\/wp-content\/uploads\/2025\/04\/IMG_3053-1152x1536.jpeg 1152w, https:\/\/ottevenyikastely.hu\/wp-content\/uploads\/2025\/04\/IMG_3053-1536x2048.jpeg 1536w, https:\/\/ottevenyikastely.hu\/wp-content\/uploads\/2025\/04\/IMG_3053-9x12.jpeg 9w, https:\/\/ottevenyikastely.hu\/wp-content\/uploads\/2025\/04\/IMG_3053-scaled.jpeg 1920w\" sizes=\"(max-width: 768px) 100vw, 768px\" title=\"\">\t\t\t\t\t\t\t\t\t\t\t\t\t\t\t<\/div>\n\t\t\t\t<\/div>\n\t\t\t\t\t<\/div>\n\t\t\t\t<\/div>\n\t\t<div class=\"elementor-element elementor-element-f3cf365 e-flex e-con-boxed e-con e-parent\" data-id=\"f3cf365\" data-element_type=\"container\" data-e-type=\"container\">\n\t\t\t\t\t<div class=\"e-con-inner\">\n\t\t\t\t<div class=\"elementor-element elementor-element-38988d9 elementor-widget elementor-widget-spacer\" data-id=\"38988d9\" data-element_type=\"widget\" data-e-type=\"widget\" data-widget_type=\"spacer.default\">\n\t\t\t\t<div class=\"elementor-widget-container\">\n\t\t\t\t\t\t\t<div class=\"elementor-spacer\">\n\t\t\t<div class=\"elementor-spacer-inner\"><\/div>\n\t\t<\/div>\n\t\t\t\t\t\t<\/div>\n\t\t\t\t<\/div>\n\t\t\t\t\t<\/div>\n\t\t\t\t<\/div>\n\t\t<div class=\"elementor-element elementor-element-b60280d e-flex e-con-boxed e-con e-parent\" data-id=\"b60280d\" data-element_type=\"container\" data-e-type=\"container\">\n\t\t\t\t\t<div class=\"e-con-inner\">\n\t\t\t\t<div class=\"elementor-element elementor-element-63a08f4 elementor-widget elementor-widget-text-editor\" data-id=\"63a08f4\" data-element_type=\"widget\" data-e-type=\"widget\" data-widget_type=\"text-editor.default\">\n\t\t\t\t<div class=\"elementor-widget-container\">\n\t\t\t\t\t\t\t\t\t<p>\u0644\u0644\u0645\u0632\u0627\u064a\u062f\u0629 \u0639\u0644\u0649 \u0627\u0644\u0623\u0639\u0645\u0627\u0644 \u0627\u0644\u0641\u0646\u064a\u0629 \u0627\u0644\u0645\u0635\u0646\u0648\u0639\u0629 \u0647\u0646\u0627\u060c \u0627\u0646\u0642\u0631 \u0639\u0644\u0649 \u0627\u0644\u0635\u0648\u0631\u0629 \u0623\u0648 \u0642\u0645 \u0628\u0632\u064a\u0627\u0631\u0629 <span style=\"text-decoration: underline;\"><strong><a href=\"https:\/\/foldvaryaukcio.hu\" target=\"_blank\" rel=\"noopener\">foldvaryaukcio.hu<\/a><\/strong><\/span> \u0627\u0644\u0635\u0641\u062d\u0629 \u0625\u0630\u0627 \u0643\u0646\u062a \u0645\u0647\u062a\u0645\u064b\u0627 \u0628\u0645\u0632\u064a\u062f \u0645\u0646 \u0627\u0644\u062a\u0641\u0627\u0635\u064a\u0644!<\/p>\t\t\t\t\t\t\t\t<\/div>\n\t\t\t\t<\/div>\n\t\t\t\t\t<\/div>\n\t\t\t\t<\/div>\n\t\t<div class=\"elementor-element elementor-element-a211cec e-grid e-con-boxed e-con e-parent\" data-id=\"a211cec\" data-element_type=\"container\" data-e-type=\"container\">\n\t\t\t\t\t<div class=\"e-con-inner\">\n\t\t\t\t<div class=\"elementor-element elementor-element-1f797d6 elementor-widget elementor-widget-image\" data-id=\"1f797d6\" data-element_type=\"widget\" data-e-type=\"widget\" data-widget_type=\"image.default\">\n\t\t\t\t<div class=\"elementor-widget-container\">\n\t\t\t\t\t\t\t\t\t\t\t\t<figure class=\"wp-caption\">\n\t\t\t\t\t\t\t\t\t\t\t<a href=\"https:\/\/foldvaryaukcio.hu\/items\/245\" target=\"_blank\" rel=\"noopener\">\n\t\t\t\t\t\t\t<img loading=\"lazy\" decoding=\"async\" width=\"300\" height=\"257\" src=\"https:\/\/ottevenyikastely.hu\/wp-content\/uploads\/2025\/04\/Takacs-Judit-245-300x257.jpeg\" class=\"attachment-medium size-medium wp-image-12992\" alt=\"\" srcset=\"https:\/\/ottevenyikastely.hu\/wp-content\/uploads\/2025\/04\/Takacs-Judit-245-300x257.jpeg 300w, https:\/\/ottevenyikastely.hu\/wp-content\/uploads\/2025\/04\/Takacs-Judit-245-1024x878.jpeg 1024w, https:\/\/ottevenyikastely.hu\/wp-content\/uploads\/2025\/04\/Takacs-Judit-245-768x659.jpeg 768w, https:\/\/ottevenyikastely.hu\/wp-content\/uploads\/2025\/04\/Takacs-Judit-245-1536x1317.jpeg 1536w, https:\/\/ottevenyikastely.hu\/wp-content\/uploads\/2025\/04\/Takacs-Judit-245-2048x1756.jpeg 2048w, https:\/\/ottevenyikastely.hu\/wp-content\/uploads\/2025\/04\/Takacs-Judit-245-14x12.jpeg 14w\" sizes=\"(max-width: 300px) 100vw, 300px\" title=\"\">\t\t\t\t\t\t\t\t<\/a>\n\t\t\t\t\t\t\t\t\t\t\t<figcaption class=\"widget-image-caption wp-caption-text\">\u0627\u0646\u0642\u0631 \u0647\u0646\u0627<\/figcaption>\n\t\t\t\t\t\t\t\t\t\t<\/figure>\n\t\t\t\t\t\t\t\t\t<\/div>\n\t\t\t\t<\/div>\n\t\t\t\t<div class=\"elementor-element elementor-element-6b5fa2e elementor-widget elementor-widget-image\" data-id=\"6b5fa2e\" data-element_type=\"widget\" data-e-type=\"widget\" data-widget_type=\"image.default\">\n\t\t\t\t<div class=\"elementor-widget-container\">\n\t\t\t\t\t\t\t\t\t\t\t\t<figure class=\"wp-caption\">\n\t\t\t\t\t\t\t\t\t\t\t<a href=\"https:\/\/foldvaryaukcio.hu\/items\/244\" target=\"_blank\" rel=\"noopener\">\n\t\t\t\t\t\t\t<img loading=\"lazy\" decoding=\"async\" width=\"214\" height=\"300\" src=\"https:\/\/ottevenyikastely.hu\/wp-content\/uploads\/2025\/04\/Takacs-Judit-244-214x300.jpeg\" class=\"attachment-medium size-medium wp-image-12991\" alt=\"\" srcset=\"https:\/\/ottevenyikastely.hu\/wp-content\/uploads\/2025\/04\/Takacs-Judit-244-214x300.jpeg 214w, https:\/\/ottevenyikastely.hu\/wp-content\/uploads\/2025\/04\/Takacs-Judit-244-731x1024.jpeg 731w, https:\/\/ottevenyikastely.hu\/wp-content\/uploads\/2025\/04\/Takacs-Judit-244-768x1076.jpeg 768w, https:\/\/ottevenyikastely.hu\/wp-content\/uploads\/2025\/04\/Takacs-Judit-244-1097x1536.jpeg 1097w, https:\/\/ottevenyikastely.hu\/wp-content\/uploads\/2025\/04\/Takacs-Judit-244-1462x2048.jpeg 1462w, https:\/\/ottevenyikastely.hu\/wp-content\/uploads\/2025\/04\/Takacs-Judit-244-9x12.jpeg 9w, https:\/\/ottevenyikastely.hu\/wp-content\/uploads\/2025\/04\/Takacs-Judit-244-scaled.jpeg 1828w\" sizes=\"(max-width: 214px) 100vw, 214px\" title=\"\">\t\t\t\t\t\t\t\t<\/a>\n\t\t\t\t\t\t\t\t\t\t\t<figcaption class=\"widget-image-caption wp-caption-text\">\u0627\u0646\u0642\u0631 \u0647\u0646\u0627<\/figcaption>\n\t\t\t\t\t\t\t\t\t\t<\/figure>\n\t\t\t\t\t\t\t\t\t<\/div>\n\t\t\t\t<\/div>\n\t\t\t\t\t<\/div>\n\t\t\t\t<\/div>\n\t\t<div class=\"elementor-element elementor-element-171a2c4 e-flex e-con-boxed e-con e-parent\" data-id=\"171a2c4\" data-element_type=\"container\" data-e-type=\"container\">\n\t\t\t\t\t<div class=\"e-con-inner\">\n\t\t\t\t<div class=\"elementor-element elementor-element-a0981bd elementor-align-right elementor-widget elementor-widget-button\" data-id=\"a0981bd\" data-element_type=\"widget\" data-e-type=\"widget\" data-widget_type=\"button.default\">\n\t\t\t\t<div class=\"elementor-widget-container\">\n\t\t\t\t\t\t\t\t\t<div class=\"elementor-button-wrapper\">\n\t\t\t\t\t<a class=\"elementor-button elementor-button-link elementor-size-sm\" href=\"https:\/\/www.facebook.com\/Judithtakacsfineart\/\" id=\"https:\/\/www.facebook.com\/Judithtakacsfineart\/\" target=\"_blank\" rel=\"noopener\">\n\t\t\t\t\t\t<span class=\"elementor-button-content-wrapper\">\n\t\t\t\t\t\t\t\t\t<span class=\"elementor-button-text\">\u0635\u0641\u062d\u0629 \u0627\u0644\u0641\u0646\u0627\u0646 \u0639\u0644\u0649 \u0627\u0644\u0625\u0646\u062a\u0631\u0646\u062a<\/span>\n\t\t\t\t\t<\/span>\n\t\t\t\t\t<\/a>\n\t\t\t\t<\/div>\n\t\t\t\t\t\t\t\t<\/div>\n\t\t\t\t<\/div>\n\t\t\t\t\t<\/div>\n\t\t\t\t<\/div>\n\t\t<div class=\"elementor-element elementor-element-fb3b6b1 e-flex e-con-boxed e-con e-parent\" data-id=\"fb3b6b1\" data-element_type=\"container\" data-e-type=\"container\">\n\t\t\t\t\t<div class=\"e-con-inner\">\n\t\t\t\t<div class=\"elementor-element elementor-element-79741e7 elementor-widget elementor-widget-video\" data-id=\"79741e7\" data-element_type=\"widget\" data-e-type=\"widget\" data-settings=\"{&quot;youtube_url&quot;:&quot;https:\\\/\\\/youtu.be\\\/dbM0dRmW4bw&quot;,&quot;video_type&quot;:&quot;youtube&quot;,&quot;controls&quot;:&quot;yes&quot;}\" data-widget_type=\"video.default\">\n\t\t\t\t<div class=\"elementor-widget-container\">\n\t\t\t\t\t\t\t<div class=\"elementor-wrapper elementor-open-inline\">\n\t\t\t<div class=\"elementor-video\"><\/div>\t\t<\/div>\n\t\t\t\t\t\t<\/div>\n\t\t\t\t<\/div>\n\t\t\t\t\t<\/div>\n\t\t\t\t<\/div>\n\t\t\t\t<\/div>","protected":false},"excerpt":{"rendered":"<p>Tak\u00e1cs Judit 1971-ben sz\u00fclettem Budapesten, az\u00f3ta is itt\u00e9lek \u00e9s alkotok. A Krea K\u00f6rnyezettervez\u0151 Iskol\u00e1banszereztem k\u00f6z\u00e9pfok\u00fa grafikusi oklevelet,majd a Kaposv\u00e1ri Egyetem M\u0171v\u00e9szeti Kar\u00e1n rajz-vizu\u00e1lis kommunik\u00e1ci\u00f3 tan\u00e1ri diplom\u00e1t. Ezut\u00e1n azEgyetem K\u00e9pi \u00e1br\u00e1zol\u00e1s \u2013 fest\u0151 szakir\u00e1ny\u00e1n v\u00e9geztem el 2,5 \u00e9vet, \u00e9s ezzel p\u00e1rhuzamosan a P\u00e9csi Tudom\u00e1nyegyetem 2 \u00e9ves posztgradu\u00e1lis m\u0171v\u00e9szetterapeuta k\u00e9pz\u00e9s\u00e9n is r\u00e9sztvettem. Fest\u0151- \u00e9s rajztan\u00e1rk\u00e9nt tan\u00edtottam gyerekeket [&hellip;]<\/p>","protected":false},"author":7,"featured_media":0,"parent":0,"menu_order":0,"comment_status":"closed","ping_status":"closed","template":"","meta":{"footnotes":""},"class_list":["post-12430","page","type-page","status-publish","hentry","entry"],"_links":{"self":[{"href":"https:\/\/ottevenyikastely.hu\/ar\/wp-json\/wp\/v2\/pages\/12430","targetHints":{"allow":["GET"]}}],"collection":[{"href":"https:\/\/ottevenyikastely.hu\/ar\/wp-json\/wp\/v2\/pages"}],"about":[{"href":"https:\/\/ottevenyikastely.hu\/ar\/wp-json\/wp\/v2\/types\/page"}],"author":[{"embeddable":true,"href":"https:\/\/ottevenyikastely.hu\/ar\/wp-json\/wp\/v2\/users\/7"}],"replies":[{"embeddable":true,"href":"https:\/\/ottevenyikastely.hu\/ar\/wp-json\/wp\/v2\/comments?post=12430"}],"version-history":[{"count":19,"href":"https:\/\/ottevenyikastely.hu\/ar\/wp-json\/wp\/v2\/pages\/12430\/revisions"}],"predecessor-version":[{"id":13455,"href":"https:\/\/ottevenyikastely.hu\/ar\/wp-json\/wp\/v2\/pages\/12430\/revisions\/13455"}],"wp:attachment":[{"href":"https:\/\/ottevenyikastely.hu\/ar\/wp-json\/wp\/v2\/media?parent=12430"}],"curies":[{"name":"\u062f\u0628\u0644\u064a\u0648 \u0628\u064a","href":"https:\/\/api.w.org\/{rel}","templated":true}]}}