{"id":14118,"date":"2025-08-10T11:48:18","date_gmt":"2025-08-10T09:48:18","guid":{"rendered":"https:\/\/ottevenyikastely.hu\/?page_id=14118"},"modified":"2025-11-17T14:35:16","modified_gmt":"2025-11-17T13:35:16","slug":"%d8%a7%d9%84%d8%aa%d8%b3%d8%ac%d9%8a%d9%84","status":"publish","type":"page","link":"https:\/\/ottevenyikastely.hu\/ar\/%d8%a7%d9%84%d8%aa%d8%b3%d8%ac%d9%8a%d9%84\/","title":{"rendered":"\u0627\u0644\u062a\u0633\u062c\u064a\u0644"},"content":{"rendered":"<div data-elementor-type=\"wp-page\" data-elementor-id=\"14118\" class=\"elementor elementor-14118\" data-elementor-post-type=\"page\">\n\t\t\t\t<div class=\"elementor-element elementor-element-3e5a432 e-flex e-con-boxed e-con e-parent\" data-id=\"3e5a432\" data-element_type=\"container\" data-e-type=\"container\">\n\t\t\t\t\t<div class=\"e-con-inner\">\n\t\t\t\t<div class=\"elementor-element elementor-element-de3c4a4 elementor-widget elementor-widget-heading\" data-id=\"de3c4a4\" data-element_type=\"widget\" data-e-type=\"widget\" data-widget_type=\"heading.default\">\n\t\t\t\t<div class=\"elementor-widget-container\">\n\t\t\t\t\t<h2 class=\"elementor-heading-title elementor-size-default\">\u0634\u0643\u0631\u0627\u064b \u0644\u0642\u0628\u0648\u0644\u0643 \u062f\u0639\u0648\u062a\u0646\u0627!<\/h2>\t\t\t\t<\/div>\n\t\t\t\t<\/div>\n\t\t\t\t\t<\/div>\n\t\t\t\t<\/div>\n\t\t<div class=\"elementor-element elementor-element-494809d e-flex e-con-boxed e-con e-parent\" data-id=\"494809d\" data-element_type=\"container\" data-e-type=\"container\">\n\t\t\t\t\t<div class=\"e-con-inner\">\n\t\t\t\t<div class=\"elementor-element elementor-element-de2652b elementor-widget elementor-widget-text-editor\" data-id=\"de2652b\" data-element_type=\"widget\" data-e-type=\"widget\" data-widget_type=\"text-editor.default\">\n\t\t\t\t<div class=\"elementor-widget-container\">\n\t\t\t\t\t\t\t\t\t<p style=\"text-align: center;\">\u064a\u064f\u0631\u062c\u0649 \u0645\u0644\u0621 \u0627\u0644\u0646\u0645\u0648\u0630\u062c \u0623\u062f\u0646\u0627\u0647 \u062d\u062a\u0649 \u064a\u062a\u0645\u0643\u0646 \u0645\u0648\u0638\u0641\u0648\u0646\u0627 \u0645\u0646 \u0627\u0644\u0633\u0645\u0627\u062d \u0644\u0643 \u0628\u0627\u0644\u062f\u062e\u0648\u0644 \u0639\u0646\u062f \u0627\u0644\u0645\u062f\u062e\u0644.<\/p><p style=\"text-align: center;\">\u00a02025 december 4.. 16:00 \u00d6ttev\u00e9nyi Kast\u00e9ly, \u00d6ttev\u00e9ny f\u0151 u 173.<\/p>\t\t\t\t\t\t\t\t<\/div>\n\t\t\t\t<\/div>\n\t\t\t\t\t<\/div>\n\t\t\t\t<\/div>\n\t\t<div class=\"elementor-element elementor-element-51c49f9 e-flex e-con-boxed e-con e-parent\" data-id=\"51c49f9\" data-element_type=\"container\" data-e-type=\"container\">\n\t\t\t\t\t<div class=\"e-con-inner\">\n\t\t\t\t<div class=\"elementor-element elementor-element-5073027 elementor-widget elementor-widget-heading\" data-id=\"5073027\" data-element_type=\"widget\" data-e-type=\"widget\" data-widget_type=\"heading.default\">\n\t\t\t\t<div class=\"elementor-widget-container\">\n\t\t\t\t\t<h2 class=\"elementor-heading-title elementor-size-default\">\u0633\u062c\u0651\u0644 \u0644\u0644\u0645\u0634\u0627\u0631\u0643\u0629 \u0641\u064a \u0627\u0644\u0641\u0639\u0627\u0644\u064a\u0629<\/h2>\t\t\t\t<\/div>\n\t\t\t\t<\/div>\n\t\t\t\t<div class=\"elementor-element elementor-element-f1ed816 elementor-widget elementor-widget-shortcode\" data-id=\"f1ed816\" data-element_type=\"widget\" data-e-type=\"widget\" data-widget_type=\"shortcode.default\">\n\t\t\t\t<div class=\"elementor-widget-container\">\n\t\t\t\t\t\t\t<div class=\"elementor-shortcode\"><div class='fluentform ff-default fluentform_wrapper_17 ffs_default_wrap'><form data-form_id=\"17\" id=\"fluentform_17\" class=\"frm-fluent-form fluent_form_17 ff-el-form-top ff_form_instance_17_1 ff-form-loading ff_has_v3_recptcha ffs_default\" data-form_instance=\"ff_form_instance_17_1\" method=\"POST\" data-recptcha_key=\"6Lcs378qAAAAAMEOlhPdsd1hZXa18vzRxOXiR5Bo\" action=\"\" ><fieldset  style=\"border: none!important;margin: 0!important;padding: 0!important;background-color: transparent!important;box-shadow: none!important;outline: none!important; min-inline-size: 100%;\">\n                    <legend class=\"ff_screen_reader_title\" style=\"display: block; margin: 0!important;padding: 0!important;height: 0!important;text-indent: -999999px;width: 0!important;overflow:hidden;\">\u0627\u0644\u062a\u0633\u062c\u064a\u0644 \u0644\u0627\u0641\u062a\u062a\u0627\u062d \u0627\u0644\u0645\u0639\u0631\u0636<\/legend>        <div\n                style=\"display: none!important; position: absolute!important; transform: translateX(1000%)!important;\"\n                class=\"ff-el-group ff-hpsf-container\"\n        >\n            <div class=\"ff-el-input--label asterisk-right\">\n                <label for=\"ff_17_item_sf\" aria-label=\"\u0627\u0634\u062a\u0631\u0627\u0643\">\n                    \u0627\u0634\u062a\u0631\u0627\u0643                <\/label>\n            <\/div>\n            <div class=\"ff-el-input--content\">\n                <input type=\"text\"\n                       name=\"item_17__fluent_sf\"\n                       class=\"ff-el-form-control\"\n                       id=\"ff_17_item_sf\"\n                \/>\n            <\/div>\n        <\/div>\n        <input type='hidden' name='__fluent_form_embded_post_id' value='14118' \/><input type=\"hidden\" id=\"_fluentform_17_fluentformnonce\" name=\"_fluentform_17_fluentformnonce\" value=\"a549d4f6c9\" \/><input type=\"hidden\" name=\"_wp_http_referer\" value=\"\/ar\/wp-json\/wp\/v2\/pages\/14118\" \/><div class='ff-el-group'><div class=\"ff-el-input--label ff-el-is-required asterisk-right\"><label for='ff_17_input_text_2' aria-label=\"\u0645\u0646 \u062f\u0639\u0627\u0643\u060c \u0645\u0646 \u0633\u064a\u0643\u0648\u0646 \u0636\u064a\u0641\u0643\u061f\">\u0645\u0646 \u062f\u0639\u0627\u0643\u060c \u0645\u0646 \u0633\u064a\u0643\u0648\u0646 \u0636\u064a\u0641\u0643\u061f <\/label><\/div><div class='ff-el-input--content'><input type=\"text\" name=\"input_text_2\" class=\"ff-el-form-control\" placeholder=\"\u0627\u0633\u0645 \u0627\u0644\u0634\u062e\u0635 \u0627\u0644\u0630\u064a \u062f\u0639\u0627\u0643 \u0623\u0648\u060c \u0641\u064a \u062d\u0627\u0644\u0629 \u0639\u062f\u0645 \u0648\u062c\u0648\u062f \u0627\u0633\u0645\u060c \u0631\u0642\u0645 \u0627\u0644\u0645\u0632\u0627\u062f: \" data-name=\"input_text_2\" id=\"ff_17_input_text_2\"  aria-invalid=\"false\" aria-required=\"true\"><\/div><\/div><div data-type=\"name-element\" data-name=\"names\" class=\"ff-field_container ff-name-field-wrapper\" ><div class='ff-t-container'><div class='ff-t-cell'><div class='ff-el-group'><div class=\"ff-el-input--label ff-el-is-required asterisk-right\"><label for='ff_17_names_first_name_' >\u0627\u0633\u0645 \u0627\u0644\u0639\u0627\u0626\u0644\u0629<\/label><\/div><div class='ff-el-input--content'><input type=\"text\" name=\"names[first_name]\" id=\"ff_17_names_first_name_\" class=\"ff-el-form-control\" placeholder=\"\u0627\u0633\u0645 \u0627\u0644\u0639\u0627\u0626\u0644\u0629\" aria-invalid=\"false\" aria-required=\"true\"><\/div><\/div><\/div><div class='ff-t-cell'><div class='ff-el-group'><div class=\"ff-el-input--label ff-el-is-required asterisk-right\"><label for='ff_17_names_last_name_' >\u0627\u0644\u0627\u0633\u0645 \u0627\u0644\u0623\u0648\u0644<\/label><\/div><div class='ff-el-input--content'><input type=\"text\" name=\"names[last_name]\" id=\"ff_17_names_last_name_\" class=\"ff-el-form-control\" placeholder=\"\u0627\u0633\u0645 \u0627\u0644\u0639\u0627\u0626\u0644\u0629\" aria-invalid=\"false\" aria-required=\"true\"><\/div><\/div><\/div><\/div><\/div><div class='ff-el-group'><div class=\"ff-el-input--label ff-el-is-required asterisk-right\"><label for='ff_17_email' aria-label=\"\u0639\u0646\u0648\u0627\u0646 \u0627\u0644\u0628\u0631\u064a\u062f \u0627\u0644\u0625\u0644\u0643\u062a\u0631\u0648\u0646\u064a\">\u0639\u0646\u0648\u0627\u0646 \u0627\u0644\u0628\u0631\u064a\u062f \u0627\u0644\u0625\u0644\u0643\u062a\u0631\u0648\u0646\u064a<\/label><\/div><div class='ff-el-input--content'><input type=\"email\" name=\"email\" id=\"ff_17_email\" class=\"ff-el-form-control\" placeholder=\"\u0639\u0646\u0648\u0627\u0646 \u0627\u0644\u0628\u0631\u064a\u062f \u0627\u0644\u0625\u0644\u0643\u062a\u0631\u0648\u0646\u064a\" data-name=\"email\"  aria-invalid=\"false\" aria-required=\"true\"><\/div><\/div><div class='ff-el-group'><div class=\"ff-el-input--label ff-el-is-required asterisk-right\"><label for='ff_17_phone' aria-label=\"\u0631\u0642\u0645 \u0627\u0644\u0647\u0627\u062a\u0641\">\u0631\u0642\u0645 \u0627\u0644\u0647\u0627\u062a\u0641<\/label><\/div><div class='ff-el-input--content'><input name=\"phone\" class=\"ff-el-form-control ff-el-phone ff_el_with_extended_validation\" type=\"tel\" placeholder=\"\u0631\u0642\u0645 \u0627\u0644\u0647\u0627\u062a\u0641\" data-name=\"phone\" id=\"ff_17_phone\" inputmode=\"tel\"  aria-invalid='false' aria-required=\"true\"><\/div><\/div><div class='ff-el-group'><div class=\"ff-el-input--label ff-el-is-required asterisk-right\"><label for='ff_17_dropdown' aria-label=\"\u0647\u0644 \u0633\u062a\u0623\u062a\u064a \u0628\u0645\u0641\u0631\u062f\u0643 \u0623\u0645 \u0645\u0639 \u0634\u0631\u064a\u0643\u061f\">\u0647\u0644 \u0633\u062a\u0623\u062a\u064a \u0628\u0645\u0641\u0631\u062f\u0643 \u0623\u0645 \u0645\u0639 \u0634\u0631\u064a\u0643\u061f<\/label><\/div><div class='ff-el-input--content'><select name=\"dropdown\" id=\"ff_17_dropdown\" class=\"ff-el-form-control\" data-name=\"dropdown\" data-calc_value=\"0\"  aria-invalid=\"false\" aria-required=\"true\"><option value=\"\">- \u0623\u062e\u062a\u0627\u0631 -<\/option><option value=\"Egyed\u00fcl\"  >\u0628\u0645\u0641\u0631\u062f\u0643<\/option><option value=\"Partnerrel\"  >\u0628\u0627\u0631\u062a\u0646\u0631\u0631\u064a\u0644<\/option><\/select><\/div><\/div><div class='ff-el-group    ff-el-input--content'><div class='ff-el-form-check ff-el-tc'><label aria-label='\u0644\u0642\u062f \u0642\u0631\u0623\u062a \u0648\u0642\u0628\u0644\u062a \u0633\u064a\u0627\u0633\u0629 \u0627\u0644\u062e\u0635\u0648\u0635\u064a\u0629 \u0648\u0623\u0648\u0627\u0641\u0642 \u0639\u0644\u0649 \u0633\u064a\u0627\u0633\u0629 \u0627\u0644\u062e\u0635\u0648\u0635\u064a\u0629 \u0648\u0623\u0648\u0627\u0641\u0642 \u0639\u0644\u0649 \u062a\u062e\u0632\u064a\u0646 \u0647\u0630\u0627 \u0627\u0644\u0645\u0648\u0642\u0639 \u0627\u0644\u0625\u0644\u0643\u062a\u0631\u0648\u0646\u064a \u0648\u0645\u0639\u0627\u0644\u062c\u0629 \u0627\u0644\u0645\u0639\u0644\u0648\u0645\u0627\u062a \u0627\u0644\u062a\u064a \u0623\u0631\u0633\u0644\u0647\u0627.' class='ff-el-form-check-label ff_tc_label' for=\"terms-n-condition_9e64f84b6cf7ebb8d63c4fb5d6174b96\"><span class='ff_tc_checkbox'><input type=\"checkbox\" name=\"terms-n-condition\" class=\"ff-el-form-check-input\" data-name=\"terms-n-condition\" id=\"terms-n-condition_9e64f84b6cf7ebb8d63c4fb5d6174b96\"  value='on' aria-invalid='false' aria-required=\"true\"><\/span> <div class='ff_t_c'><p>\u0644\u0642\u062f \u0642\u0631\u0623\u062a \u0648\u0642\u0628\u0644\u062a \u0633\u064a\u0627\u0633\u0629 \u0627\u0644\u062e\u0635\u0648\u0635\u064a\u0629 \u0648\u0623\u0648\u0627\u0641\u0642 \u0639\u0644\u0649 \u0633\u064a\u0627\u0633\u0629 \u0627\u0644\u062e\u0635\u0648\u0635\u064a\u0629 \u0648\u0623\u0648\u0627\u0641\u0642 \u0639\u0644\u0649 \u062a\u062e\u0632\u064a\u0646 \u0647\u0630\u0627 \u0627\u0644\u0645\u0648\u0642\u0639 \u0627\u0644\u0625\u0644\u0643\u062a\u0631\u0648\u0646\u064a \u0648\u0645\u0639\u0627\u0644\u062c\u0629 \u0627\u0644\u0645\u0639\u0644\u0648\u0645\u0627\u062a \u0627\u0644\u062a\u064a \u0623\u0631\u0633\u0644\u0647\u0627.<\/p><\/div><\/label><\/div><\/div><div class='ff-el-group ff-text-left ff_submit_btn_wrapper'><button type=\"submit\" class=\"ff-btn ff-btn-submit ff-btn-md ff_btn_style\" >\u0625\u0631\u0633\u0627\u0644 \u0625\u0644\u0649<\/button><\/div><\/fieldset><input type=\"hidden\" name=\"trp-form-language\" value=\"ar\"\/><\/form><div id='fluentform_17_errors' class='ff-errors-in-stack ff_form_instance_17_1 ff-form-loading_errors ff_form_instance_17_1_errors'><\/div><\/div>            <script type=\"text\/javascript\">\n                window.fluent_form_ff_form_instance_17_1 = {\"id\":\"17\",\"settings\":{\"layout\":{\"labelPlacement\":\"top\",\"helpMessagePlacement\":\"with_label\",\"errorMessagePlacement\":\"inline\"},\"restrictions\":{\"denyEmptySubmission\":{\"enabled\":false}}},\"form_instance\":\"ff_form_instance_17_1\",\"form_id_selector\":\"fluentform_17\",\"rules\":{\"input_text_2\":{\"required\":{\"value\":true,\"message\":\"K\\u00f6telez\\u0151 mez\\u0151\",\"global_message\":\"This field is required\",\"global\":false}},\"names[first_name]\":{\"required\":{\"value\":true,\"message\":\"K\\u00f6telez\\u0151 mez\\u0151\",\"global\":false,\"global_message\":\"This field is required\"}},\"names[middle_name]\":{\"required\":{\"value\":false,\"message\":\"This field is required\",\"global\":true,\"global_message\":\"This field is required\"}},\"names[last_name]\":{\"required\":{\"value\":true,\"message\":\"K\\u00f6telez\\u0151 mez\\u0151\",\"global\":false,\"global_message\":\"This field is required\"}},\"email\":{\"required\":{\"value\":true,\"message\":\"K\\u00f6telez\\u0151 mez\\u0151\",\"global\":false,\"global_message\":\"This field is required\"},\"email\":{\"value\":true,\"message\":\"Az e-mail c\\u00edm nem l\\u00e9tezik vagy hib\\u00e1s!\",\"global\":false,\"global_message\":\"This field must contain a valid email\"}},\"phone\":{\"required\":{\"value\":true,\"global\":false,\"message\":\"K\\u00f6telez\\u0151 mez\\u0151\",\"global_message\":\"This field is required\"},\"valid_phone_number\":{\"value\":true,\"global\":false,\"message\":\"A telefonsz\\u00e1m form\\u00e1tuma nem megfelel\\u0151 vagy hib\\u00e1s telefonsz\\u00e1m\",\"global_message\":\"Phone number is not valid\"}},\"dropdown\":{\"required\":{\"value\":true,\"message\":\"This field is required\",\"global_message\":\"This field is required\",\"global\":true}},\"g-recaptcha-response\":[],\"terms-n-condition\":{\"required\":{\"value\":true,\"message\":\"K\\u00f6telez\\u0151 mez\\u0151\",\"global_message\":\"This field is required\",\"global\":false}}},\"debounce_time\":300};\n                            <\/script>\n            <\/div>\n\t\t\t\t\t\t<\/div>\n\t\t\t\t<\/div>\n\t\t\t\t\t<\/div>\n\t\t\t\t<\/div>\n\t\t\t\t<\/div>","protected":false},"excerpt":{"rendered":"<p>K\u00f6sz\u00f6nj\u00fck, hogy elfogadja a megh\u00edv\u00e1sunkat! K\u00e9rem sz\u00edveskedjen az al\u00e1bbi \u0171rlapot kit\u00f6lteni, hogy munkat\u00e1rsaink be tudj\u00e1k \u00d6nt engedni a bej\u00e1ratn\u00e1l. \u00a02025 december 4.. 16:00 \u00d6ttev\u00e9nyi Kast\u00e9ly, \u00d6ttev\u00e9ny f\u0151 u 173. Regisztr\u00e1ci\u00f3 az esem\u00e9nyen val\u00f3 r\u00e9szv\u00e9telhez<\/p>","protected":false},"author":7,"featured_media":0,"parent":0,"menu_order":0,"comment_status":"closed","ping_status":"closed","template":"","meta":{"footnotes":""},"class_list":["post-14118","page","type-page","status-publish","hentry","entry"],"_links":{"self":[{"href":"https:\/\/ottevenyikastely.hu\/ar\/wp-json\/wp\/v2\/pages\/14118","targetHints":{"allow":["GET"]}}],"collection":[{"href":"https:\/\/ottevenyikastely.hu\/ar\/wp-json\/wp\/v2\/pages"}],"about":[{"href":"https:\/\/ottevenyikastely.hu\/ar\/wp-json\/wp\/v2\/types\/page"}],"author":[{"embeddable":true,"href":"https:\/\/ottevenyikastely.hu\/ar\/wp-json\/wp\/v2\/users\/7"}],"replies":[{"embeddable":true,"href":"https:\/\/ottevenyikastely.hu\/ar\/wp-json\/wp\/v2\/comments?post=14118"}],"version-history":[{"count":16,"href":"https:\/\/ottevenyikastely.hu\/ar\/wp-json\/wp\/v2\/pages\/14118\/revisions"}],"predecessor-version":[{"id":14463,"href":"https:\/\/ottevenyikastely.hu\/ar\/wp-json\/wp\/v2\/pages\/14118\/revisions\/14463"}],"wp:attachment":[{"href":"https:\/\/ottevenyikastely.hu\/ar\/wp-json\/wp\/v2\/media?parent=14118"}],"curies":[{"name":"\u062f\u0628\u0644\u064a\u0648 \u0628\u064a","href":"https:\/\/api.w.org\/{rel}","templated":true}]}}