{"id":14158,"date":"2025-08-18T10:54:18","date_gmt":"2025-08-18T08:54:18","guid":{"rendered":"https:\/\/ottevenyikastely.hu\/?page_id=14158"},"modified":"2025-08-18T14:05:28","modified_gmt":"2025-08-18T12:05:28","slug":"%d8%aa%d8%b3%d8%ac%d9%8a%d9%84-%d8%a7%d9%84%d8%ac%d8%a8%d9%86","status":"publish","type":"page","link":"https:\/\/ottevenyikastely.hu\/ar\/%d8%aa%d8%b3%d8%ac%d9%8a%d9%84-%d8%a7%d9%84%d8%ac%d8%a8%d9%86\/","title":{"rendered":"\u0627\u0644\u062a\u0633\u062c\u064a\u0644 \u0627\u0644\u0635\u062d\u0641\u064a"},"content":{"rendered":"<div data-elementor-type=\"wp-page\" data-elementor-id=\"14158\" class=\"elementor elementor-14158\" data-elementor-post-type=\"page\">\n\t\t\t\t<div class=\"elementor-element elementor-element-bd078ad e-flex e-con-boxed e-con e-parent\" data-id=\"bd078ad\" data-element_type=\"container\" data-e-type=\"container\">\n\t\t\t\t\t<div class=\"e-con-inner\">\n\t\t\t\t<div class=\"elementor-element elementor-element-bc0e3c3 elementor-widget elementor-widget-heading\" data-id=\"bc0e3c3\" data-element_type=\"widget\" data-e-type=\"widget\" data-widget_type=\"heading.default\">\n\t\t\t\t<div class=\"elementor-widget-container\">\n\t\t\t\t\t<h2 class=\"elementor-heading-title elementor-size-default\">\u0634\u0643\u0631\u0627\u064b \u0644\u0642\u0628\u0648\u0644\u0643 \u062f\u0639\u0648\u062a\u0646\u0627 \u0644\u062d\u0636\u0648\u0631 \u0627\u0644\u0645\u0624\u062a\u0645\u0631 \u0627\u0644\u0635\u062d\u0641\u064a!<\/h2>\t\t\t\t<\/div>\n\t\t\t\t<\/div>\n\t\t\t\t\t<\/div>\n\t\t\t\t<\/div>\n\t\t<div class=\"elementor-element elementor-element-dc156c5 e-flex e-con-boxed e-con e-parent\" data-id=\"dc156c5\" data-element_type=\"container\" data-e-type=\"container\">\n\t\t\t\t\t<div class=\"e-con-inner\">\n\t\t\t\t<div class=\"elementor-element elementor-element-3533f37 elementor-widget elementor-widget-text-editor\" data-id=\"3533f37\" data-element_type=\"widget\" data-e-type=\"widget\" data-widget_type=\"text-editor.default\">\n\t\t\t\t<div class=\"elementor-widget-container\">\n\t\t\t\t\t\t\t\t\t<p style=\"text-align: center;\">\u064a\u064f\u0631\u062c\u0649 \u0645\u0644\u0621 \u0627\u0644\u0646\u0645\u0648\u0630\u062c \u0623\u062f\u0646\u0627\u0647 \u062d\u062a\u0649 \u064a\u062a\u0645\u0643\u0646 \u0645\u0648\u0638\u0641\u0648\u0646\u0627 \u0645\u0646 \u0627\u0644\u0633\u0645\u0627\u062d \u0644\u0643 \u0628\u0627\u0644\u062f\u062e\u0648\u0644 \u0639\u0646\u062f \u0627\u0644\u0645\u062f\u062e\u0644.<\/p><p style=\"text-align: center;\">\u00a04 \u0633\u0628\u062a\u0645\u0628\u0631 2025 4 \u0633\u0628\u062a\u0645\u0628\u0631 2025 \u0627\u0644\u0633\u0627\u0639\u0629 17:00 \u0645\u0633\u0627\u0621\u064b STEF\u00c1NIA PALOTA \u0628\u0648\u062f\u0627\u0628\u0633\u062a Stef\u00e1nia u. 34-36<\/p>\t\t\t\t\t\t\t\t<\/div>\n\t\t\t\t<\/div>\n\t\t\t\t\t<\/div>\n\t\t\t\t<\/div>\n\t\t<div class=\"elementor-element elementor-element-207ba35 e-flex e-con-boxed e-con e-parent\" data-id=\"207ba35\" data-element_type=\"container\" data-e-type=\"container\">\n\t\t\t\t\t<div class=\"e-con-inner\">\n\t\t\t\t<div class=\"elementor-element elementor-element-b6b36da elementor-tabs-view-horizontal elementor-widget elementor-widget-tabs\" data-id=\"b6b36da\" data-element_type=\"widget\" data-e-type=\"widget\" data-widget_type=\"tabs.default\">\n\t\t\t\t<div class=\"elementor-widget-container\">\n\t\t\t\t\t\t\t<div class=\"elementor-tabs\">\n\t\t\t<div class=\"elementor-tabs-wrapper\" role=\"tablist\" >\n\t\t\t\t\t\t\t\t\t<div id=\"elementor-tab-title-1911\" class=\"elementor-tab-title elementor-tab-desktop-title\" aria-selected=\"true\" data-tab=\"1\" role=\"tab\" tabindex=\"0\" aria-controls=\"elementor-tab-content-1911\" aria-expanded=\"false\">\u0627\u0644\u062a\u0633\u062c\u064a\u0644 \u0644\u0644\u0645\u0634\u0627\u0631\u0643\u0629 \u0641\u064a \u0627\u0644\u0628\u064a\u0627\u0646 \u0627\u0644\u0635\u062d\u0641\u064a<\/div>\n\t\t\t\t\t\t\t<\/div>\n\t\t\t<div class=\"elementor-tabs-content-wrapper\" role=\"tablist\" aria-orientation=\"vertical\">\n\t\t\t\t\t\t\t\t\t<div class=\"elementor-tab-title elementor-tab-mobile-title\" aria-selected=\"true\" data-tab=\"1\" role=\"tab\" tabindex=\"0\" aria-controls=\"elementor-tab-content-1911\" aria-expanded=\"false\">\u0627\u0644\u062a\u0633\u062c\u064a\u0644 \u0644\u0644\u0645\u0634\u0627\u0631\u0643\u0629 \u0641\u064a \u0627\u0644\u0628\u064a\u0627\u0646 \u0627\u0644\u0635\u062d\u0641\u064a<\/div>\n\t\t\t\t\t<div id=\"elementor-tab-content-1911\" class=\"elementor-tab-content elementor-clearfix\" data-tab=\"1\" role=\"tabpanel\" aria-labelledby=\"elementor-tab-title-1911\" tabindex=\"0\" hidden=\"false\"><p><div class='fluentform ff-default fluentform_wrapper_25 ffs_default_wrap'><form data-form_id=\"25\" id=\"fluentform_25\" class=\"frm-fluent-form fluent_form_25 ff-el-form-top ff_form_instance_25_1 ff-form-loading ff_has_v3_recptcha ffs_default\" data-form_instance=\"ff_form_instance_25_1\" method=\"POST\" data-recptcha_key=\"6Lcs378qAAAAAMEOlhPdsd1hZXa18vzRxOXiR5Bo\" action=\"\" ><fieldset  style=\"border: none!important;margin: 0!important;padding: 0!important;background-color: transparent!important;box-shadow: none!important;outline: none!important; min-inline-size: 100%;\">\n                    <legend class=\"ff_screen_reader_title\" style=\"display: block; margin: 0!important;padding: 0!important;height: 0!important;text-indent: -999999px;width: 0!important;overflow:hidden;\">\u0627\u0633\u062a\u0645\u0627\u0631\u0629 \u062a\u0633\u062c\u064a\u0644 \u0627\u0644\u0635\u062d\u0641\u064a\u064a\u0646<\/legend>        <div\n                style=\"display: none!important; position: absolute!important; transform: translateX(1000%)!important;\"\n                class=\"ff-el-group ff-hpsf-container\"\n        >\n            <div class=\"ff-el-input--label asterisk-right\">\n                <label for=\"ff_25_item_sf\" aria-label=\"\u0627\u062a\u0635\u0644 \u0628\u0646\u0627\">\n                    \u0627\u062a\u0635\u0644 \u0628\u0646\u0627                <\/label>\n            <\/div>\n            <div class=\"ff-el-input--content\">\n                <input type=\"text\"\n                       name=\"item_25__fluent_sf\"\n                       class=\"ff-el-form-control\"\n                       id=\"ff_25_item_sf\"\n                \/>\n            <\/div>\n        <\/div>\n        <input type='hidden' name='__fluent_form_embded_post_id' value='14158' \/><input type=\"hidden\" id=\"_fluentform_25_fluentformnonce\" name=\"_fluentform_25_fluentformnonce\" value=\"731b2a6bd4\" \/><input type=\"hidden\" name=\"_wp_http_referer\" value=\"\/it\/wp-json\/wp\/v2\/pages\/14158\" \/><div data-type=\"name-element\" data-name=\"names\" class=\"ff-field_container ff-name-field-wrapper\" ><div class='ff-t-container'><div class='ff-t-cell'><div class='ff-el-group'><div class=\"ff-el-input--label ff-el-is-required asterisk-right\"><label for='ff_25_names_first_name_' >\u0627\u0644\u0627\u0633\u0645 \u0627\u0644\u0623\u0648\u0644<\/label><\/div><div class='ff-el-input--content'><input type=\"text\" name=\"names[first_name]\" id=\"ff_25_names_first_name_\" class=\"ff-el-form-control\" placeholder=\"\u0627\u0644\u0627\u0633\u0645 \u0627\u0644\u0623\u0648\u0644\" aria-invalid=\"false\" aria-required=\"true\"><\/div><\/div><\/div><div class='ff-t-cell'><div class='ff-el-group'><div class=\"ff-el-input--label ff-el-is-required asterisk-right\"><label for='ff_25_names_last_name_' >\u0627\u0633\u0645 \u0627\u0644\u0639\u0627\u0626\u0644\u0629<\/label><\/div><div class='ff-el-input--content'><input type=\"text\" name=\"names[last_name]\" id=\"ff_25_names_last_name_\" class=\"ff-el-form-control\" placeholder=\"\u0627\u0633\u0645 \u0627\u0644\u0639\u0627\u0626\u0644\u0629\" aria-invalid=\"false\" aria-required=\"true\"><\/div><\/div><\/div><\/div><\/div><div class='ff-el-group'><div class=\"ff-el-input--label ff-el-is-required asterisk-right\"><label for='ff_25_email' aria-label=\"\u0639\u0646\u0648\u0627\u0646 \u0627\u0644\u0628\u0631\u064a\u062f \u0627\u0644\u0625\u0644\u0643\u062a\u0631\u0648\u0646\u064a\">\u0639\u0646\u0648\u0627\u0646 \u0627\u0644\u0628\u0631\u064a\u062f \u0627\u0644\u0625\u0644\u0643\u062a\u0631\u0648\u0646\u064a<\/label><\/div><div class='ff-el-input--content'><input type=\"email\" name=\"email\" id=\"ff_25_email\" class=\"ff-el-form-control\" placeholder=\"\u0639\u0646\u0648\u0627\u0646 \u0627\u0644\u0628\u0631\u064a\u062f \u0627\u0644\u0625\u0644\u0643\u062a\u0631\u0648\u0646\u064a\" data-name=\"email\"  aria-invalid=\"false\" aria-required=\"true\"><\/div><\/div><div class='ff-el-group'><div class=\"ff-el-input--label ff-el-is-required asterisk-right\"><label for='ff_25_phone' aria-label=\"\u0631\u0642\u0645 \u0627\u0644\u0647\u0627\u062a\u0641\">\u0631\u0642\u0645 \u0627\u0644\u0647\u0627\u062a\u0641<\/label><\/div><div class='ff-el-input--content'><input name=\"phone\" class=\"ff-el-form-control ff-el-phone ff_el_with_extended_validation\" type=\"tel\" placeholder=\"\u0631\u0642\u0645 \u0627\u0644\u0647\u0627\u062a\u0641\" data-name=\"phone\" id=\"ff_25_phone\" inputmode=\"tel\"  aria-invalid='false' aria-required=\"true\"><\/div><\/div><div class='ff-el-group'><div class=\"ff-el-input--label asterisk-right\"><label for='ff_25_input_text' aria-label=\"\u0643\u0645 \u0639\u062f\u062f \u0627\u0644\u0623\u0634\u062e\u0627\u0635 \u0627\u0644\u0642\u0627\u062f\u0645\u064a\u0646\u061f\">\u0643\u0645 \u0639\u062f\u062f \u0627\u0644\u0623\u0634\u062e\u0627\u0635 \u0627\u0644\u0642\u0627\u062f\u0645\u064a\u0646\u061f<\/label><\/div><div class='ff-el-input--content'><input type=\"text\" name=\"input_text\" class=\"ff-el-form-control\" placeholder=\"\u0639\u062f\u062f \u0627\u0644\u0632\u0648\u0627\u0631 \u0645\u0639\u0643 \" data-name=\"input_text\" id=\"ff_25_input_text\"  aria-invalid=\"false\" aria-required=\"false\"><\/div><\/div><div class='ff-el-group'><div class=\"ff-el-input--label ff-el-is-required asterisk-right\"><label for='ff_25_message' aria-label=\"\u0645\u0627 \u0647\u064a \u0627\u0644\u0635\u062d\u0627\u0641\u0629 \u0623\u0648 \u0627\u0644\u0645\u0646\u0638\u0645\u0629 \u0627\u0644\u062a\u064a \u062a\u0645\u062b\u0644\u0647\u0627\u061f\">\u0645\u0627 \u0647\u064a \u0627\u0644\u0635\u062d\u0627\u0641\u0629 \u0623\u0648 \u0627\u0644\u0645\u0646\u0638\u0645\u0629 \u0627\u0644\u062a\u064a \u062a\u0645\u062b\u0644\u0647\u0627\u061f<\/label><\/div><div class='ff-el-input--content'><textarea aria-invalid=\"false\" aria-required=\"true\" name=\"message\" id=\"ff_25_message\" class=\"ff-el-form-control\" placeholder=\"\u0645\u0646 \u0623\u064a \u0627\u0644\u0635\u062d\u0627\u0641\u0629\" rows=\"2\" cols=\"0\" data-name=\"message\" ><\/textarea><\/div><\/div><div class='ff-el-group    ff-el-input--content'><div class='ff-el-form-check ff-el-tc'><label aria-label='\u0644\u0642\u062f \u0642\u0631\u0623\u062a \u0628\u064a\u0627\u0646 \u0627\u0644\u062e\u0635\u0648\u0635\u064a\u0629 \u0648\u0623\u0648\u0627\u0641\u0642 \u0639\u0644\u064a\u0647!' class='ff-el-form-check-label ff_tc_label' for=\"terms-n-condition_5618bb1ace0c7ae4aebf169c0e27d056\"><span class='ff_tc_checkbox'><input type=\"checkbox\" name=\"terms-n-condition\" class=\"ff-el-form-check-input\" data-name=\"terms-n-condition\" id=\"terms-n-condition_5618bb1ace0c7ae4aebf169c0e27d056\"  value='on' aria-invalid='false' aria-required=\"false\"><\/span> <div class='ff_t_c'><p>\u0644\u0642\u062f \u0642\u0631\u0623\u062a \u0628\u064a\u0627\u0646 \u0627\u0644\u062e\u0635\u0648\u0635\u064a\u0629 \u0648\u0623\u0648\u0627\u0641\u0642 \u0639\u0644\u064a\u0647!<\/p><\/div><\/label><\/div><\/div><div class='ff-el-group    ff-el-input--content'><div class='ff-el-form-check ff-el-tc'><label aria-label='\u0623\u0648\u0627\u0641\u0642 \u0639\u0644\u0649 \u0623\u0646 \u064a\u0642\u0648\u0645 \u0647\u0630\u0627 \u0627\u0644\u0645\u0648\u0642\u0639 \u0627\u0644\u0625\u0644\u0643\u062a\u0631\u0648\u0646\u064a \u0628\u062a\u062e\u0632\u064a\u0646 \u0628\u064a\u0627\u0646\u0627\u062a\u064a \u0627\u0644\u0645\u0642\u062f\u0645\u0629 \u062d\u062a\u0649 \u064a\u062a\u0645\u0643\u0646\u0648\u0627 \u0645\u0646 \u0627\u0644\u0631\u062f \u0639\u0644\u0649 \u0627\u0633\u062a\u0641\u0633\u0627\u0631\u064a!' class='ff-el-form-check-label ff_tc_label' for=\"gdpr-agreement_15af12b7361a358eb6f2315fc1b1540f\"><span class='ff_tc_checkbox'><input type=\"checkbox\" name=\"gdpr-agreement\" class=\"ff-el-form-check-input ff_gdpr_field\" data-name=\"gdpr-agreement\" id=\"gdpr-agreement_15af12b7361a358eb6f2315fc1b1540f\"  value='on' aria-invalid='false' aria-required=\"true\"><\/span> <div class='ff_t_c'>\u0623\u0648\u0627\u0641\u0642 \u0639\u0644\u0649 \u0623\u0646 \u064a\u0642\u0648\u0645 \u0647\u0630\u0627 \u0627\u0644\u0645\u0648\u0642\u0639 \u0627\u0644\u0625\u0644\u0643\u062a\u0631\u0648\u0646\u064a \u0628\u062a\u062e\u0632\u064a\u0646 \u0628\u064a\u0627\u0646\u0627\u062a\u064a \u0627\u0644\u0645\u0642\u062f\u0645\u0629 \u062d\u062a\u0649 \u064a\u062a\u0645\u0643\u0646\u0648\u0627 \u0645\u0646 \u0627\u0644\u0631\u062f \u0639\u0644\u0649 \u0627\u0633\u062a\u0641\u0633\u0627\u0631\u064a!<\/div><\/label><\/div><\/div><div class='ff-el-group ff-text-left ff_submit_btn_wrapper'><button type=\"submit\" class=\"ff-btn ff-btn-submit ff-btn-md ff_btn_style wpf_has_custom_css\" >\u0633\u062c\u0644\u0646\u064a<\/button><\/div><\/fieldset><input type=\"hidden\" name=\"trp-form-language\" value=\"ar\"\/><\/form><div id='fluentform_25_errors' class='ff-errors-in-stack ff_form_instance_25_1 ff-form-loading_errors ff_form_instance_25_1_errors'><\/div><\/div>            <script type=\"text\/javascript\">\n                window.fluent_form_ff_form_instance_25_1 = {\"id\":\"25\",\"settings\":{\"layout\":{\"labelPlacement\":\"top\",\"helpMessagePlacement\":\"with_label\",\"errorMessagePlacement\":\"inline\",\"cssClassName\":\"\",\"asteriskPlacement\":\"asterisk-right\"},\"restrictions\":{\"denyEmptySubmission\":{\"enabled\":false}}},\"form_instance\":\"ff_form_instance_25_1\",\"form_id_selector\":\"fluentform_25\",\"rules\":{\"names[first_name]\":{\"required\":{\"value\":true,\"message\":\"K\\u00f6telez\\u0151 mez\\u0151\",\"global\":false,\"global_message\":\"This field is required\"}},\"names[middle_name]\":{\"required\":{\"value\":false,\"message\":\"This field is required\",\"global\":false,\"global_message\":\"This field is required\"}},\"names[last_name]\":{\"required\":{\"value\":true,\"message\":\"K\\u00f6telez\\u0151 mez\\u0151\",\"global\":false,\"global_message\":\"This field is required\"}},\"email\":{\"required\":{\"value\":true,\"message\":\"K\\u00f6telez\\u0151 mez\\u0151\",\"global\":false,\"global_message\":\"This field is required\"},\"email\":{\"value\":true,\"message\":\"Nem l\\u00e9tez\\u0151 e-mail c\\u00edm!\",\"global\":false,\"global_message\":\"This field must contain a valid email\"}},\"phone\":{\"required\":{\"value\":true,\"global\":false,\"message\":\"K\\u00f6telez\\u0151 mez\\u0151\",\"global_message\":\"This field is required\"},\"valid_phone_number\":{\"value\":true,\"global\":false,\"message\":\"Nem \\u00e9rv\\u00e9nyes telefonsz\\u00e1m\",\"global_message\":\"Phone number is not valid\"}},\"input_text\":{\"required\":{\"value\":false,\"message\":\"K\\u00f6telez\\u0151 mez\\u0151\",\"global_message\":\"This field is required\",\"global\":false}},\"message\":{\"required\":{\"value\":true,\"message\":\"K\\u00f6telez\\u0151 mez\\u0151\",\"global\":false,\"global_message\":\"This field is required\"}},\"g-recaptcha-response\":[],\"terms-n-condition\":{\"required\":{\"value\":false,\"message\":\"This field is required\",\"global_message\":\"This field is required\",\"global\":true}},\"gdpr-agreement\":{\"required\":{\"value\":true,\"message\":\"This field is required\",\"global_message\":\"This field is required\",\"global\":true}}},\"debounce_time\":300};\n                            <\/script>\n            <\/p><\/div>\n\t\t\t\t\t\t\t<\/div>\n\t\t<\/div>\n\t\t\t\t\t\t<\/div>\n\t\t\t\t<\/div>\n\t\t\t\t\t<\/div>\n\t\t\t\t<\/div>\n\t\t\t\t<\/div>","protected":false},"excerpt":{"rendered":"<p>K\u00f6sz\u00f6nj\u00fck, hogy elfogadja a megh\u00edv\u00e1sunkat a sajt\u00f3t\u00e1j\u00e9koztat\u00f3ra! K\u00e9rem sz\u00edveskedjen az al\u00e1bbi \u0171rlapot kit\u00f6lteni, hogy munkat\u00e1rsaink be tudj\u00e1k \u00d6nt engedni a bej\u00e1ratn\u00e1l. \u00a02025 szeptember 4.. 17:00 STEF\u00c1NIA PALOTA \u00a0Budapest Stef\u00e1nia u. 34-36 Regisztr\u00e1ci\u00f3 a SAJT\u00d3T\u00c1J\u00c9KOZTAT\u00d3N val\u00f3 r\u00e9szv\u00e9telhez Regisztr\u00e1ci\u00f3 a SAJT\u00d3T\u00c1J\u00c9KOZTAT\u00d3N val\u00f3 r\u00e9szv\u00e9telhez \u00dajs\u00e1g\u00edr\u00f3i regisztr\u00e1ci\u00f3s lap Updates Keresztn\u00e9vVezet\u00e9kn\u00e9vE-mail c\u00edmTelefonsz\u00e1mH\u00e1ny f\u0151vel \u00e9rkezik?Melyik sajt\u00f3t vagy szervezetet k\u00e9pviseli? Elolvastam \u00e9s [&hellip;]<\/p>","protected":false},"author":7,"featured_media":0,"parent":0,"menu_order":0,"comment_status":"closed","ping_status":"closed","template":"","meta":{"footnotes":""},"class_list":["post-14158","page","type-page","status-publish","hentry","entry"],"_links":{"self":[{"href":"https:\/\/ottevenyikastely.hu\/ar\/wp-json\/wp\/v2\/pages\/14158","targetHints":{"allow":["GET"]}}],"collection":[{"href":"https:\/\/ottevenyikastely.hu\/ar\/wp-json\/wp\/v2\/pages"}],"about":[{"href":"https:\/\/ottevenyikastely.hu\/ar\/wp-json\/wp\/v2\/types\/page"}],"author":[{"embeddable":true,"href":"https:\/\/ottevenyikastely.hu\/ar\/wp-json\/wp\/v2\/users\/7"}],"replies":[{"embeddable":true,"href":"https:\/\/ottevenyikastely.hu\/ar\/wp-json\/wp\/v2\/comments?post=14158"}],"version-history":[{"count":10,"href":"https:\/\/ottevenyikastely.hu\/ar\/wp-json\/wp\/v2\/pages\/14158\/revisions"}],"predecessor-version":[{"id":14168,"href":"https:\/\/ottevenyikastely.hu\/ar\/wp-json\/wp\/v2\/pages\/14158\/revisions\/14168"}],"wp:attachment":[{"href":"https:\/\/ottevenyikastely.hu\/ar\/wp-json\/wp\/v2\/media?parent=14158"}],"curies":[{"name":"\u062f\u0628\u0644\u064a\u0648 \u0628\u064a","href":"https:\/\/api.w.org\/{rel}","templated":true}]}}