{"id":14747,"date":"2026-03-02T20:06:38","date_gmt":"2026-03-02T19:06:38","guid":{"rendered":"https:\/\/ottevenyikastely.hu\/?page_id=14747"},"modified":"2026-03-02T20:07:23","modified_gmt":"2026-03-02T19:07:23","slug":"hazirend","status":"publish","type":"page","link":"https:\/\/ottevenyikastely.hu\/ar\/hazirend\/","title":{"rendered":"\u0642\u0648\u0627\u0639\u062f \u0627\u0644\u0645\u0646\u0632\u0644"},"content":{"rendered":"<div data-elementor-type=\"wp-page\" data-elementor-id=\"14747\" class=\"elementor elementor-14747\" data-elementor-post-type=\"page\">\n\t\t\t\t<div class=\"elementor-element elementor-element-2b91b16 e-flex e-con-boxed e-con e-parent\" data-id=\"2b91b16\" data-element_type=\"container\" data-e-type=\"container\">\n\t\t\t\t\t<div class=\"e-con-inner\">\n\t\t\t\t<div class=\"elementor-element elementor-element-c1d5fd4 elementor-widget elementor-widget-heading\" data-id=\"c1d5fd4\" data-element_type=\"widget\" data-e-type=\"widget\" data-widget_type=\"heading.default\">\n\t\t\t\t<div class=\"elementor-widget-container\">\n\t\t\t\t\t<h2 class=\"elementor-heading-title elementor-size-default\">\u0642\u0644\u0639\u0629 F\u00d6LDV\u00c1RY - \u0627\u0644\u0642\u0648\u0627\u0639\u062f \u0627\u0644\u062f\u0627\u062e\u0644\u064a\u0629\u00a0<\/h2>\t\t\t\t<\/div>\n\t\t\t\t<\/div>\n\t\t\t\t<div class=\"elementor-element elementor-element-432731a elementor-widget elementor-widget-text-editor\" data-id=\"432731a\" data-element_type=\"widget\" data-e-type=\"widget\" data-widget_type=\"text-editor.default\">\n\t\t\t\t<div class=\"elementor-widget-container\">\n\t\t\t\t\t\t\t\t\t<p><span data-ccp-props=\"{&quot;335551550&quot;:2,&quot;335551620&quot;:2,&quot;469777462&quot;:[5075,6772],&quot;469777927&quot;:[0,0],&quot;469777928&quot;:[1,1]}\">\u00a0<\/span><\/p><p><i><span data-contrast=\"none\">(\u0644\u0644\u0645\u0646\u0627\u0633\u0628\u0627\u062a \u0648\u0627\u0644\u0627\u0633\u062a\u062e\u062f\u0627\u0645 \u0627\u0644\u0625\u064a\u062c\u0627\u0631\u064a \u0648\u062e\u062f\u0645\u0627\u062a \u0627\u0644\u0625\u0642\u0627\u0645\u0629)<\/span><\/i><span data-ccp-props=\"{&quot;134233117&quot;:true,&quot;134233118&quot;:true,&quot;335551550&quot;:2,&quot;335551620&quot;:2}\">\u00a0<\/span><\/p><p><span data-contrast=\"none\">\u062a\u0639\u062a\u0628\u0631 \u0642\u0644\u0639\u0629 F\u00f6ldv\u00e1ry \u0630\u0627\u062a \u0642\u064a\u0645\u0629 \u062a\u0627\u0631\u064a\u062e\u064a\u0629 \u0648\u0637\u0628\u064a\u0639\u064a\u0629 \u062e\u0627\u0635\u0629. \u064a\u062a\u0639\u064a\u0651\u0646 \u0639\u0644\u0649 \u062c\u0645\u064a\u0639 \u0627\u0644\u0645\u0634\u0627\u0631\u0643\u064a\u0646 \u0648\u0627\u0644\u0636\u064a\u0648\u0641 \u0627\u0644\u0627\u0644\u062a\u0632\u0627\u0645 \u0628\u0627\u0644\u0642\u0648\u0627\u0639\u062f \u0648\u0627\u0644\u0644\u0648\u0627\u0626\u062d \u0627\u0644\u062a\u0627\u0644\u064a\u0629 \u0639\u0646\u062f \u062d\u0636\u0648\u0631 \u0627\u0644\u0641\u0639\u0627\u0644\u064a\u0627\u062a \u0623\u0648 \u0627\u0633\u062a\u0626\u062c\u0627\u0631 \u0627\u0644\u0642\u0644\u0639\u0629 \u0648\u0623\u0631\u0627\u0636\u064a\u0647\u0627 \u0623\u0648 \u0627\u0644\u0625\u0642\u0627\u0645\u0629 \u0641\u064a\u0647\u0627. \u062a\u0647\u062f\u0641 \u0647\u0630\u0647 \u0627\u0644\u0642\u0648\u0627\u0639\u062f \u0625\u0644\u0649 \u062d\u0645\u0627\u064a\u0629 \u0645\u0628\u0646\u0649 \u0627\u0644\u0642\u0644\u0639\u0629 \u0648\u0645\u0641\u0631\u0648\u0634\u0627\u062a\u0647\u0627 \u0648\u0645\u0642\u062a\u0646\u064a\u0627\u062a\u0647\u0627 \u0648\u0645\u0642\u062a\u0646\u064a\u0627\u062a\u0647\u0627 \u0648\u0645\u062d\u064a\u0637\u0647\u0627 \u0648\u0627\u0644\u062d\u0641\u0627\u0638 \u0639\u0644\u0649 \u0647\u062f\u0648\u0621 \u0627\u0644\u0645\u0646\u0637\u0642\u0629.<\/span><span data-ccp-props=\"{&quot;134233117&quot;:true,&quot;134233118&quot;:true}\">\u00a0<\/span><\/p><p><span data-ccp-props=\"{}\">\u00a0<\/span><\/p><ol><li><b><span data-contrast=\"none\"> \u00c1ltal\u00e1nos magatart\u00e1si szab\u00e1lyok<\/span><\/b><\/li><\/ol><p><span data-contrast=\"none\">1.1 \u0639\u0646\u062f \u0627\u0633\u062a\u062e\u062f\u0627\u0645 \u0627\u0644\u0642\u0644\u0639\u0629 \u0648\u0623\u0631\u0627\u0636\u064a\u0647\u0627\u060c \u064a\u062c\u0628 \u0639\u0644\u0649 \u062c\u0645\u064a\u0639 \u0627\u0644\u0636\u064a\u0648\u0641 \u0627\u062d\u062a\u0631\u0627\u0645 \u0642\u064a\u0645\u0629 \u0627\u0644\u0645\u0628\u0646\u0649 \u0627\u0644\u062a\u0627\u0631\u064a\u062e\u064a \u0648\u0645\u0642\u062a\u0646\u064a\u0627\u062a\u0647 \u0627\u0644\u0623\u062b\u0631\u064a\u0629 \u0648\u0643\u0630\u0644\u0643 \u062e\u0635\u0627\u0626\u0635 \u0627\u0644\u0645\u062d\u0645\u064a\u0629 \u0627\u0644\u0637\u0628\u064a\u0639\u064a\u0629.<\/span>\u00a0<br \/><span data-contrast=\"none\">1.2 \u064a\u064f\u062d\u0638\u0631 \u0627\u0644\u0642\u064a\u0627\u0645 \u0628\u0623\u064a \u0646\u0634\u0627\u0637 \u063a\u064a\u0631 \u0642\u0627\u0646\u0648\u0646\u064a \u0623\u062b\u0646\u0627\u0621 \u0627\u0644\u0641\u0639\u0627\u0644\u064a\u0627\u062a \u0648\u0627\u0633\u062a\u062e\u062f\u0627\u0645 \u0627\u0644\u0642\u0644\u0639\u0629.<\/span>\u00a0<br \/><span data-contrast=\"none\">1.3 \u064a\u062c\u0628 \u0639\u0644\u0649 \u0627\u0644\u0636\u064a\u0648\u0641 \u0627\u0644\u0627\u0645\u062a\u062b\u0627\u0644 \u0644\u062c\u0645\u064a\u0639 \u0627\u0644\u062a\u0639\u0644\u064a\u0645\u0627\u062a \u0627\u0644\u062a\u064a \u064a\u0642\u062f\u0645\u0647\u0627 \u0627\u0644\u0645\u0648\u0638\u0641\u0648\u0646.<\/span><span data-ccp-props=\"{&quot;134233117&quot;:true,&quot;134233118&quot;:true}\">\u00a0<\/span><\/p><p><span data-ccp-props=\"{}\">\u00a0<\/span><\/p><ol start=\"2\"><li><b><span data-contrast=\"none\"> Nyugalom \u00e9s zajterhel\u00e9s korl\u00e1toz\u00e1sa<\/span><\/b><\/li><\/ol><p><span data-contrast=\"none\">2.1. A kast\u00e9ly udvar\u00e1n \u00e9s k\u00fcls\u0151 terein\u202f<\/span><b><span data-contrast=\"none\">\u0628\u0639\u062f \u0627\u0644\u0633\u0627\u0639\u0629 22:00<\/span><\/b><span data-contrast=\"none\">\u202fb\u00e1rmilyen zajjal j\u00e1r\u00f3 tev\u00e9kenys\u00e9g \u2013 \u00edgy k\u00fcl\u00f6n\u00f6sen t\u0171zij\u00e1t\u00e9k, zen\u00e9s m\u0171sor, hangos zene, medencehaszn\u00e1lat \u2013\u202f<\/span><b><span data-contrast=\"none\">\u0645\u0645\u0646\u0648\u0639 \u0645\u0646\u0639\u0627 \u0628\u0627\u062a\u0627<\/span><\/b><span data-contrast=\"none\">.<\/span>\u00a0<br \/><span data-contrast=\"none\">2.2. A szab\u00e1ly betart\u00e1s\u00e1\u00e9rt a\u202f<\/span><b><span data-contrast=\"none\">\u0627\u0644\u0645\u0646\u0638\u0651\u0645<\/span><\/b><span data-contrast=\"none\">\u202fteljes k\u00f6r\u0171 felel\u0151ss\u00e9get v\u00e1llal. A zajv\u00e9delmi szab\u00e1lyok megszeg\u00e9se eset\u00e9n a rendezv\u00e9ny azonnali megszak\u00edt\u00e1sra ker\u00fclhet, k\u00e1rt\u00e9r\u00edt\u00e9si k\u00f6telezetts\u00e9g mellett.<\/span><span data-ccp-props=\"{&quot;134233117&quot;:true,&quot;134233118&quot;:true}\">\u00a0<\/span><\/p><p><span data-ccp-props=\"{}\">\u00a0<\/span><\/p><ol start=\"3\"><li><b><span data-contrast=\"none\"> L\u00e9gkondicion\u00e1l\u00e1s \u00e9s ny\u00edl\u00e1sz\u00e1r\u00f3k<\/span><\/b><\/li><\/ol><p><span data-contrast=\"none\">3.1. A kast\u00e9ly l\u00e9gkondicion\u00e1l\u00f3 rendszerrel \u00fczemel. Ennek hat\u00e9kony m\u0171k\u00f6d\u00e9se \u00e9s a szomsz\u00e9dok nyugalm\u00e1nak meg\u0151rz\u00e9se \u00e9rdek\u00e9ben\u202f<\/span><b><span data-contrast=\"none\">\u064a\u064f\u062d\u0638\u0631 \u0641\u062a\u062d \u0627\u0644\u0646\u0648\u0627\u0641\u0630 \u0648\u0625\u0628\u0642\u0627\u0621 \u0627\u0644\u0623\u0628\u0648\u0627\u0628 \u0645\u0641\u062a\u0648\u062d\u0629 \u0644\u0641\u062a\u0631\u0627\u062a \u0637\u0648\u064a\u0644\u0629<\/span><\/b><span data-contrast=\"none\">.<\/span>\u00a0<br \/><span data-contrast=\"none\">3.2 \u0641\u064a \u062d\u0627\u0644\u0629 \u0627\u0644\u0625\u062e\u0644\u0627\u0644 \u0628\u0647\u0630\u0647 \u0627\u0644\u0642\u0627\u0639\u062f\u0629\u060c \u064a\u0643\u0648\u0646 \u0627\u0644\u0639\u0645\u064a\u0644 \u0645\u0633\u0624\u0648\u0644\u0627\u064b \u0639\u0646 \u0623\u064a \u062a\u0643\u0627\u0644\u064a\u0641 \u062a\u0634\u063a\u064a\u0644 \u0625\u0636\u0627\u0641\u064a\u0629 \u064a\u062a\u0645 \u062a\u0643\u0628\u062f\u0647\u0627.<\/span><span data-ccp-props=\"{&quot;134233117&quot;:true,&quot;134233118&quot;:true}\">\u00a0<\/span><\/p><p><span data-ccp-props=\"{}\">\u00a0<\/span><\/p><ol start=\"4\"><li><b><span data-contrast=\"none\"> A kast\u00e9ly berendez\u00e9seinek \u00e9s m\u0171t\u00e1rgyainak v\u00e9delme<\/span><\/b><\/li><\/ol><p><span data-contrast=\"none\">4-1 \u064a\u062c\u0628 \u0639\u0644\u0649 \u0627\u0644\u0645\u062a\u0639\u0627\u0642\u062f \u0623\u0646 \u064a\u0633\u062a\u062e\u062f\u0645 \u0645\u0628\u0646\u0649 \u0627\u0644\u0642\u0644\u0639\u0629 \u0648\u0645\u0639\u062f\u0627\u062a\u0647\u0627 \u0648\u0645\u0631\u0627\u0641\u0642\u0647\u0627 \u0644\u0644\u063a\u0631\u0636 \u0627\u0644\u0645\u062e\u0635\u0635 \u0644\u0647\u0627\u060c \u0648\u0623\u0646 \u064a\u062d\u0645\u064a \u0627\u0644\u0623\u0639\u0645\u0627\u0644 \u0627\u0644\u0641\u0646\u064a\u0629 \u0630\u0627\u062a \u0627\u0644\u0642\u064a\u0645\u0629 \u0627\u0644\u0645\u062a\u0645\u064a\u0632\u0629 \u0627\u0644\u0645\u0648\u062c\u0648\u062f\u0629 \u0641\u064a\u0647\u0627\u060c \u0648\u0623\u0646 \u064a\u0628\u0630\u0644 \u0643\u0644 \u0645\u0627 \u0641\u064a \u0648\u0633\u0639\u0647 \u0644\u0644\u062d\u0641\u0627\u0638 \u0639\u0644\u0649 \u0633\u0644\u0627\u0645\u062a\u0647\u0627.<\/span>\u00a0<br \/><span data-contrast=\"none\">4.2. Amennyiben a MEGRENDEL\u0150 vagy vend\u00e9ge(i) magatart\u00e1sa k\u00f6vetkezt\u00e9ben v\u00e9tlen vagy sz\u00e1nd\u00e9kos k\u00e1rokoz\u00e1s t\u00f6rt\u00e9nik, a kast\u00e9lyban vagy a m\u0171t\u00e1rgyakban b\u00e1rmilyen k\u00e1r keletkezik, a MEGRENDEL\u0150 k\u00f6teles azt marad\u00e9ktalanul, a VEND\u00c9GL\u00c1T\u00d3 \u00edr\u00e1sbeli felsz\u00f3l\u00edt\u00e1s\u00e1t k\u00f6vet\u0151\u202f<\/span><b><span data-contrast=\"none\">\u064a\u062a\u0645 \u0633\u062f\u0627\u062f\u0647\u0627 \u0639\u0646 \u0637\u0631\u064a\u0642 \u0627\u0644\u062a\u062d\u0648\u064a\u0644 \u0627\u0644\u0645\u0635\u0631\u0641\u064a \u0641\u064a \u063a\u0636\u0648\u0646 8 (\u062b\u0645\u0627\u0646\u064a\u0629) \u0623\u064a\u0627\u0645<\/span><\/b><span data-contrast=\"none\">.<\/span>\u00a0<br \/><span data-contrast=\"none\">4.3 \u0645\u0628\u0644\u063a \u0627\u0644\u062a\u0639\u0648\u064a\u0636 \u0647\u0648 \u0627\u0644\u0642\u064a\u0645\u0629 \u0627\u0644\u062a\u0642\u062f\u064a\u0631\u064a\u0629 \u0627\u0644\u0645\u0648\u0636\u062d\u0629 \u0641\u064a \u0633\u062c\u0644\u0627\u062a \u062f\u0627\u0631 F\u00f6ldv\u00e1ry \u0644\u0644\u0645\u0632\u0627\u062f\u0627\u062a \u0641\u064a \u062d\u0627\u0644\u0629 \u0627\u0644\u0642\u0637\u0639 \u0627\u0644\u0641\u0646\u064a\u0629\u060c \u0648\u0633\u0639\u0631 \u0627\u0644\u062a\u0631\u0645\u064a\u0645 \u0623\u0648 \u0627\u0644\u0627\u0633\u062a\u0628\u062f\u0627\u0644 \u0627\u0644\u0630\u064a \u064a\u062d\u062f\u062f\u0647 \u0627\u0644\u0628\u0627\u0626\u0639 \u0641\u064a \u062d\u0627\u0644\u0629 \u0627\u0644\u0642\u0637\u0639 \u0627\u0644\u0623\u062e\u0631\u0649.<\/span><span data-ccp-props=\"{&quot;134233117&quot;:true,&quot;134233118&quot;:true}\">\u00a0<\/span><\/p><p><span data-ccp-props=\"{}\">\u00a0<\/span><\/p><ol start=\"5\"><li><b><span data-contrast=\"none\"> Sz\u00e1llodai szob\u00e1k rendje<\/span><\/b><\/li><\/ol><p><span data-contrast=\"none\">5.1 \u064a\u0628\u062f\u0623 \u062a\u0633\u062c\u064a\u0644 \u0627\u0644\u0648\u0635\u0648\u0644 \u0645\u0646 \u0627\u0644\u0633\u0627\u0639\u0629 15:00 \u0641\u064a \u064a\u0648\u0645 \u062a\u0633\u062c\u064a\u0644 \u0627\u0644\u0648\u0635\u0648\u0644\u060c \u0648\u062a\u0633\u062c\u064a\u0644 \u0627\u0644\u0645\u063a\u0627\u062f\u0631\u0629 \u0641\u064a \u0645\u0648\u0639\u062f \u0623\u0642\u0635\u0627\u0647 \u0627\u0644\u0633\u0627\u0639\u0629 11:00.<\/span>\u00a0<br \/><span data-contrast=\"none\">5.2. A sz\u00e1ll\u00e1shelyen\u202f<\/span><b><span data-contrast=\"none\">\u0645\u0645\u0646\u0648\u0639 \u0627\u0644\u062a\u062f\u062e\u064a\u0646<\/span><\/b><span data-contrast=\"none\">\u060c \u0628\u0627\u0633\u062a\u062b\u0646\u0627\u0621 \u0627\u0644\u0645\u0646\u0627\u0637\u0642 \u0627\u0644\u0645\u062e\u0635\u0635\u0629 \u0644\u0644\u062a\u062f\u062e\u064a\u0646.<\/span>\u00a0<br \/><span data-contrast=\"none\">5.3 \u0644\u0627 \u064a\u064f\u0633\u0645\u062d \u0628\u0627\u0633\u062a\u062e\u062f\u0627\u0645 \u0623\u062c\u0647\u0632\u0629 \u0627\u0644\u0637\u0647\u064a \u0623\u0648 \u0627\u0644\u062a\u062f\u0641\u0626\u0629 \u0627\u0644\u0643\u0647\u0631\u0628\u0627\u0626\u064a\u0629 \u0641\u064a \u0627\u0644\u063a\u0631\u0641.<\/span>\u00a0<br \/><span data-contrast=\"none\">5.4 \u0644\u0627 \u064a\u062c\u0648\u0632 \u0625\u0639\u0627\u062f\u0629 \u062a\u0631\u062a\u064a\u0628 \u0627\u0644\u0645\u0639\u062f\u0627\u062a \u0627\u0644\u0645\u0648\u062c\u0648\u062f\u0629 \u0641\u064a \u0627\u0644\u063a\u0631\u0641 \u0623\u0648 \u0625\u0632\u0627\u0644\u062a\u0647\u0627 \u0645\u0646 \u0627\u0644\u063a\u0631\u0641\u0629.<\/span>\u00a0<br \/><span data-contrast=\"none\">5.5 \u0641\u064a \u062d\u0627\u0644\u0629 \u0641\u0642\u062f\u0627\u0646 \u0627\u0644\u0645\u0641\u062a\u0627\u062d \u0623\u0648 \u0628\u0637\u0627\u0642\u0629 \u0627\u0644\u062f\u062e\u0648\u0644\u060c \u064a\u0644\u062a\u0632\u0645 \u0627\u0644\u0646\u0632\u064a\u0644 \u0628\u062f\u0641\u0639 \u062a\u0643\u0644\u0641\u0629 \u062a\u063a\u064a\u064a\u0631 \u0627\u0644\u0642\u0641\u0644 \u0623\u0648 \u0627\u0633\u062a\u0628\u062f\u0627\u0644 \u0627\u0644\u0628\u0637\u0627\u0642\u0629.<\/span><span data-ccp-props=\"{&quot;134233117&quot;:true,&quot;134233118&quot;:true}\">\u00a0<\/span><\/p><p><span data-ccp-props=\"{}\">\u00a0<\/span><\/p><ol start=\"6\"><li><b><span data-contrast=\"none\"> Kast\u00e9lypark \u00e9s \u0151spark haszn\u00e1lata<\/span><\/b><\/li><\/ol><p><span data-contrast=\"none\">6.1 \u064a\u064f\u0645\u0646\u0639 \u0645\u0646\u0639\u0627\u064b \u0628\u0627\u062a\u0627\u064b \u0625\u0644\u062d\u0627\u0642 \u0627\u0644\u0636\u0631\u0631 \u0628\u0627\u0644\u0646\u0628\u0627\u062a\u0627\u062a \u0648\u0623\u062d\u0648\u0627\u0636 \u0627\u0644\u0632\u0647\u0648\u0631 \u0648\u0645\u0639\u0627\u0644\u0645 \u0627\u0644\u062d\u062f\u064a\u0642\u0629 \u0627\u0644\u062a\u0627\u0631\u064a\u062e\u064a\u0629 \u0641\u064a \u0627\u0644\u062d\u062f\u064a\u0642\u0629.<\/span>\u00a0<br \/><span data-contrast=\"none\">6.2. A parkban tal\u00e1lhat\u00f3\u202f<\/span><b><span data-contrast=\"none\">\u0625\u0637\u0639\u0627\u0645 \u0627\u0644\u062d\u064a\u0648\u0627\u0646\u0627\u062a \u0648\u0625\u0632\u0639\u0627\u062c\u0647\u0627 \u0648\u062a\u062e\u0648\u064a\u0641\u0647\u0627 \u0641\u064a \u0645\u0632\u0631\u0639\u0629 \u0627\u0644\u063a\u0632\u0644\u0627\u0646<\/span><\/b><span data-contrast=\"none\">\u202ftilos.<\/span>\u00a0<br \/><span data-contrast=\"none\">6.3 \u064a\u064f\u0633\u0645\u062d \u0644\u0644\u0636\u064a\u0648\u0641 \u0628\u0627\u0644\u0633\u064a\u0631 \u0641\u064a \u0627\u0644\u0637\u0631\u0642 \u0627\u0644\u0645\u062e\u0635\u0635\u0629 \u0641\u064a \u0627\u0644\u0645\u062a\u0646\u0632\u0647 \u0641\u0642\u0637 \u0648\u0644\u0627 \u064a\u064f\u0633\u0645\u062d \u0644\u0647\u0645 \u0628\u062f\u062e\u0648\u0644 \u0627\u0644\u0645\u062d\u0645\u064a\u0627\u062a \u0627\u0644\u0637\u0628\u064a\u0639\u064a\u0629.<\/span><span data-ccp-props=\"{&quot;134233117&quot;:true,&quot;134233118&quot;:true}\">\u00a0<\/span><\/p><p><span data-ccp-props=\"{}\">\u00a0<\/span><\/p><ol start=\"7\"><li><b><span data-contrast=\"none\"> Medencehaszn\u00e1lat<\/span><\/b><\/li><\/ol><p><span data-contrast=\"none\">7.1 \u0644\u0627 \u064a\u062c\u0648\u0632 \u0627\u0633\u062a\u062e\u062f\u0627\u0645 \u062d\u0645\u0627\u0645 \u0627\u0644\u0633\u0628\u0627\u062d\u0629 \u0643\u062c\u0632\u0621 \u0645\u0646 \u0627\u0644\u0641\u0639\u0627\u0644\u064a\u0629 \u0623\u0648 \u062e\u062f\u0645\u0629 \u0627\u0644\u0625\u0642\u0627\u0645\u0629 \u0625\u0644\u0627 \u0628\u0625\u0630\u0646 \u0645\u0633\u0628\u0642 \u0645\u0646 \u0627\u0644\u0628\u0627\u0626\u0639.<\/span>\u00a0<br \/><span data-contrast=\"none\">7.2.\u202f<\/span><b><span data-contrast=\"none\">\u0645\u0645\u0646\u0648\u0639 \u0627\u0633\u062a\u062e\u062f\u0627\u0645 \u062d\u0645\u0627\u0645 \u0627\u0644\u0633\u0628\u0627\u062d\u0629 \u0628\u0639\u062f \u0627\u0644\u0633\u0627\u0639\u0629 22:00<\/span><\/b><span data-contrast=\"none\">.<\/span>\u00a0<br \/><span data-contrast=\"none\">7.3 \u0627\u0644\u0627\u0633\u062a\u062d\u0645\u0627\u0645 \u0641\u064a \u062d\u0645\u0627\u0645 \u0627\u0644\u0633\u0628\u0627\u062d\u0629 \u0639\u0644\u0649 \u0645\u0633\u0624\u0648\u0644\u064a\u062a\u0643 \u0627\u0644\u062e\u0627\u0635\u0629 \u0648\u0644\u0627 \u064a\u064f\u0633\u0645\u062d \u0644\u0644\u0623\u0637\u0641\u0627\u0644 \u0628\u0627\u0644\u0646\u0632\u0648\u0644 \u0625\u0644\u0649 \u062d\u0645\u0627\u0645 \u0627\u0644\u0633\u0628\u0627\u062d\u0629 \u0625\u0644\u0627 \u062a\u062d\u062a \u0625\u0634\u0631\u0627\u0641 \u0627\u0644\u0643\u0628\u0627\u0631.<\/span><span data-ccp-props=\"{&quot;134233117&quot;:true,&quot;134233118&quot;:true}\">\u00a0<\/span><\/p><p><span data-ccp-props=\"{}\">\u00a0<\/span><\/p><ol start=\"8\"><li><b><span data-contrast=\"none\"> Biztons\u00e1gi el\u0151\u00edr\u00e1sok<\/span><\/b><\/li><\/ol><p><span data-contrast=\"none\">8.1 \u0627\u0644\u0627\u0645\u062a\u062b\u0627\u0644 \u0644\u0644\u0648\u0627\u0626\u062d \u0627\u0644\u0633\u0644\u0627\u0645\u0629 \u0645\u0646 \u0627\u0644\u062d\u0631\u0627\u0626\u0642 \u0625\u0644\u0632\u0627\u0645\u064a\u060c \u0645\u0639 \u062a\u0631\u0643 \u0637\u0631\u0642 \u0627\u0644\u0647\u0631\u0648\u0628 \u0648\u0645\u062e\u0627\u0631\u062c \u0627\u0644\u0637\u0648\u0627\u0631\u0626 \u062e\u0627\u0644\u064a\u0629.<\/span>\u00a0<br \/><span data-contrast=\"none\">8.2 \u0644\u0627 \u064a\u0645\u0643\u0646 \u0627\u0633\u062a\u062e\u062f\u0627\u0645 \u0627\u0644\u0644\u0647\u0628 \u0627\u0644\u0645\u0643\u0634\u0648\u0641 (\u0627\u0644\u0634\u0645\u0648\u0639 \u0648\u0627\u0644\u0645\u0634\u0627\u0639\u0644 \u0648\u0627\u0644\u0634\u0648\u0627\u064a\u0627\u062a \u0648\u0627\u0644\u0646\u064a\u0631\u0627\u0646) \u0625\u0644\u0627 \u0628\u0645\u0648\u0627\u0641\u0642\u0629 \u062e\u0637\u064a\u0629 \u0645\u0633\u0628\u0642\u0629 \u0645\u0646 \u0627\u0644\u0639\u0645\u064a\u0644.<\/span>\u00a0<br \/><span data-contrast=\"none\">8.3. Pirotechnikai eszk\u00f6z\u00f6k (t\u0171zij\u00e1t\u00e9k, pet\u00e1rda) haszn\u00e1lata\u202f<\/span><b><span data-contrast=\"none\">\u0645\u0645\u0646\u0648\u0639 \u0645\u0646\u0639\u0627 \u0628\u0627\u062a\u0627<\/span><\/b><span data-contrast=\"none\">.<\/span><span data-ccp-props=\"{&quot;134233117&quot;:true,&quot;134233118&quot;:true}\">\u00a0<\/span><\/p><p><span data-ccp-props=\"{}\">\u00a0<\/span><\/p><ol start=\"9\"><li><b><span data-contrast=\"none\"> Felel\u0151ss\u00e9g \u00e9s k\u00e1rt\u00e9r\u00edt\u00e9s<\/span><\/b><\/li><\/ol><p><span data-contrast=\"none\">9-1 \u064a\u062a\u062d\u0645\u0644 \u0627\u0644\u0645\u0642\u0627\u0648\u0644 \u0627\u0644\u0645\u0633\u0624\u0648\u0644\u064a\u0629 \u0627\u0644\u0643\u0627\u0645\u0644\u0629 \u0639\u0646 \u0633\u0644\u0648\u0643\u0647 \u0648\u0633\u0644\u0648\u0643 \u0636\u064a\u0648\u0641\u0647.<\/span>\u00a0<br \/><span data-contrast=\"none\">9.2 \u064a\u062c\u0628 \u0639\u0644\u0649 \u0627\u0644\u0639\u0645\u064a\u0644 \u062a\u0639\u0648\u064a\u0636 \u0627\u0644\u0623\u0636\u0631\u0627\u0631 \u0627\u0644\u0646\u0627\u062c\u0645\u0629 \u0628\u0627\u0644\u0642\u064a\u0645\u0629 \u0627\u0644\u062a\u064a \u064a\u062d\u062f\u062f\u0647\u0627 \u0627\u0644\u0639\u0645\u064a\u0644.<\/span>\u00a0<br \/><span data-contrast=\"none\">9.3 \u0642\u062f \u064a\u0624\u062f\u064a \u062e\u0631\u0642 \u0647\u0630\u0647 \u0627\u0644\u0642\u0648\u0627\u0639\u062f \u0625\u0644\u0649 \u0627\u0644\u0625\u0646\u0647\u0627\u0621 \u0627\u0644\u0641\u0648\u0631\u064a \u0644\u0644\u062e\u062f\u0645\u0629 \u0648\u0627\u0644\u0645\u0633\u0624\u0648\u0644\u064a\u0629 \u0639\u0646 \u0627\u0644\u0623\u0636\u0631\u0627\u0631.<\/span><span data-ccp-props=\"{&quot;134233117&quot;:true,&quot;134233118&quot;:true}\">\u00a0<\/span><\/p><p><span data-ccp-props=\"{}\">\u00a0<\/span><\/p><ol start=\"10\"><li><b><span data-contrast=\"none\"> Z\u00e1r\u00f3 rendelkez\u00e9sek<\/span><\/b><\/li><\/ol><p><span data-contrast=\"none\">10.1 \u062a\u064f\u0639\u062f \u0647\u0630\u0647 \u0627\u0644\u0628\u0648\u0644\u064a\u0635\u0629 \u0634\u0631\u0637\u064b\u0627 \u0644\u0627\u0633\u062a\u062e\u062f\u0627\u0645 \u0627\u0644\u0641\u0639\u0627\u0644\u064a\u0629 \u0623\u0648 \u0645\u0643\u0627\u0646 \u0627\u0644\u0625\u0642\u0627\u0645\u0629\u060c \u0648\u064a\u0642\u0631 \u0627\u0644\u0639\u0645\u064a\u0644 \u0628\u0642\u0628\u0648\u0644\u0647\u0627 \u0645\u0646 \u062e\u0644\u0627\u0644 \u062a\u0648\u0642\u064a\u0639 \u0627\u0644\u0639\u0642\u062f.<\/span>\u00a0<br \/><span data-contrast=\"none\">10.2 \u0627\u0644\u063a\u0631\u0636 \u0645\u0646 \u0642\u0648\u0627\u0639\u062f \u0627\u0644\u0645\u0646\u0632\u0644 \u0647\u0648 \u062d\u0645\u0627\u064a\u0629 \u0642\u064a\u0645 \u0627\u0644\u0642\u0644\u0639\u0629 \u0648\u0633\u0644\u0627\u0645\u0629 \u0627\u0644\u0646\u0632\u0644\u0627\u0621\u060c \u0648\u0628\u0627\u0644\u062a\u0627\u0644\u064a \u0641\u0625\u0646 \u0623\u064a \u062e\u0631\u0642 \u0644\u0644\u0642\u0648\u0627\u0639\u062f \u0642\u062f \u064a\u0624\u062f\u064a \u0625\u0644\u0649 \u0625\u0646\u0647\u0627\u0621 \u0627\u0644\u0639\u0644\u0627\u0642\u0629 \u0627\u0644\u0642\u0627\u0646\u0648\u0646\u064a\u0629 \u0641\u0648\u0631\u0627\u064b.<\/span><span data-ccp-props=\"{&quot;134233117&quot;:true,&quot;134233118&quot;:true}\">\u00a0<\/span><\/p><p><span data-ccp-props=\"{&quot;469777462&quot;:[5075,6772],&quot;469777927&quot;:[0,0],&quot;469777928&quot;:[1,1]}\">\u00a0<\/span><\/p>\t\t\t\t\t\t\t\t<\/div>\n\t\t\t\t<\/div>\n\t\t\t\t\t<\/div>\n\t\t\t\t<\/div>\n\t\t\t\t<\/div>","protected":false},"excerpt":{"rendered":"<p>F\u00d6LDV\u00c1RY KAST\u00c9LY \u2013 H\u00c1ZIREND\u00a0 \u00a0 (Rendezv\u00e9nyek, b\u00e9rleti haszn\u00e1lat \u00e9s sz\u00e1ll\u00e1shely-szolg\u00e1ltat\u00e1s eset\u00e9re)\u00a0 A F\u00f6ldv\u00e1ry Kast\u00e9ly k\u00fcl\u00f6nleges t\u00f6rt\u00e9nelmi \u00e9s term\u00e9szeti \u00e9rt\u00e9ket k\u00e9pvisel. A kast\u00e9lyban \u00e9s ter\u00fclet\u00e9n rendezett esem\u00e9nyek, b\u00e9rleti haszn\u00e1lat \u00e9s sz\u00e1ll\u00e1s ig\u00e9nybev\u00e9tele sor\u00e1n minden r\u00e9sztvev\u0151 \u00e9s vend\u00e9g k\u00f6teles betartani az al\u00e1bbi h\u00e1zirendet. A szab\u00e1lyok c\u00e9lja a kast\u00e9ly \u00e9p\u00fclet\u00e9nek, berendez\u00e9seinek, m\u0171t\u00e1rgyainak \u00e9s k\u00f6rnyezet\u00e9nek v\u00e9delme, valamint a k\u00f6rny\u00e9k [&hellip;]<\/p>","protected":false},"author":7,"featured_media":0,"parent":0,"menu_order":0,"comment_status":"closed","ping_status":"closed","template":"","meta":{"footnotes":""},"class_list":["post-14747","page","type-page","status-publish","hentry","entry"],"_links":{"self":[{"href":"https:\/\/ottevenyikastely.hu\/ar\/wp-json\/wp\/v2\/pages\/14747","targetHints":{"allow":["GET"]}}],"collection":[{"href":"https:\/\/ottevenyikastely.hu\/ar\/wp-json\/wp\/v2\/pages"}],"about":[{"href":"https:\/\/ottevenyikastely.hu\/ar\/wp-json\/wp\/v2\/types\/page"}],"author":[{"embeddable":true,"href":"https:\/\/ottevenyikastely.hu\/ar\/wp-json\/wp\/v2\/users\/7"}],"replies":[{"embeddable":true,"href":"https:\/\/ottevenyikastely.hu\/ar\/wp-json\/wp\/v2\/comments?post=14747"}],"version-history":[{"count":4,"href":"https:\/\/ottevenyikastely.hu\/ar\/wp-json\/wp\/v2\/pages\/14747\/revisions"}],"predecessor-version":[{"id":14751,"href":"https:\/\/ottevenyikastely.hu\/ar\/wp-json\/wp\/v2\/pages\/14747\/revisions\/14751"}],"wp:attachment":[{"href":"https:\/\/ottevenyikastely.hu\/ar\/wp-json\/wp\/v2\/media?parent=14747"}],"curies":[{"name":"\u062f\u0628\u0644\u064a\u0648 \u0628\u064a","href":"https:\/\/api.w.org\/{rel}","templated":true}]}}