{"id":14777,"date":"2026-04-07T10:27:07","date_gmt":"2026-04-07T08:27:07","guid":{"rendered":"https:\/\/ottevenyikastely.hu\/?page_id=14777"},"modified":"2026-04-18T02:05:11","modified_gmt":"2026-04-18T00:05:11","slug":"brunch","status":"publish","type":"page","link":"https:\/\/ottevenyikastely.hu\/ar\/brunch\/","title":{"rendered":"brunch"},"content":{"rendered":"<div data-elementor-type=\"wp-page\" data-elementor-id=\"14777\" class=\"elementor elementor-14777\" data-elementor-post-type=\"page\">\n\t\t\t\t<div class=\"elementor-element elementor-element-e464cf2 e-flex e-con-boxed e-con e-parent\" data-id=\"e464cf2\" data-element_type=\"container\" data-e-type=\"container\">\n\t\t\t\t\t<div class=\"e-con-inner\">\n\t\t\t\t<div class=\"elementor-element elementor-element-548b9fb elementor-widget elementor-widget-heading\" data-id=\"548b9fb\" data-element_type=\"widget\" data-e-type=\"widget\" data-widget_type=\"heading.default\">\n\t\t\t\t<div class=\"elementor-widget-container\">\n\t\t\t\t\t<h2 class=\"elementor-heading-title elementor-size-default\">Kezdje a napot a kast\u00e9lyban egy VIP\n<\/h2>\t\t\t\t<\/div>\n\t\t\t\t<\/div>\n\t\t\t\t\t<\/div>\n\t\t\t\t<\/div>\n\t\t<div class=\"elementor-element elementor-element-a11510f e-flex e-con-boxed e-con e-parent\" data-id=\"a11510f\" data-element_type=\"container\" data-e-type=\"container\">\n\t\t\t\t\t<div class=\"e-con-inner\">\n\t\t\t\t<div class=\"elementor-element elementor-element-7a89002 elementor-widget elementor-widget-heading\" data-id=\"7a89002\" data-element_type=\"widget\" data-e-type=\"widget\" data-widget_type=\"heading.default\">\n\t\t\t\t<div class=\"elementor-widget-container\">\n\t\t\t\t\t<h2 class=\"elementor-heading-title elementor-size-default\">BRUNCH-al<\/h2>\t\t\t\t<\/div>\n\t\t\t\t<\/div>\n\t\t\t\t\t<\/div>\n\t\t\t\t<\/div>\n\t\t<div class=\"elementor-element elementor-element-2882576 e-grid e-con-boxed e-con e-parent\" data-id=\"2882576\" data-element_type=\"container\" data-e-type=\"container\">\n\t\t\t\t\t<div class=\"e-con-inner\">\n\t\t\t\t<div class=\"elementor-element elementor-element-bce3b1e elementor-widget elementor-widget-image\" data-id=\"bce3b1e\" data-element_type=\"widget\" data-e-type=\"widget\" data-widget_type=\"image.default\">\n\t\t\t\t<div class=\"elementor-widget-container\">\n\t\t\t\t\t\t\t\t\t\t\t\t\t\t\t<img fetchpriority=\"high\" decoding=\"async\" width=\"1024\" height=\"768\" src=\"https:\/\/ottevenyikastely.hu\/wp-content\/uploads\/2026\/04\/IMG_5492-1024x768.jpeg\" class=\"attachment-large size-large wp-image-14779\" alt=\"\" srcset=\"https:\/\/ottevenyikastely.hu\/wp-content\/uploads\/2026\/04\/IMG_5492-1024x768.jpeg 1024w, https:\/\/ottevenyikastely.hu\/wp-content\/uploads\/2026\/04\/IMG_5492-300x225.jpeg 300w, https:\/\/ottevenyikastely.hu\/wp-content\/uploads\/2026\/04\/IMG_5492-768x576.jpeg 768w, https:\/\/ottevenyikastely.hu\/wp-content\/uploads\/2026\/04\/IMG_5492-1536x1152.jpeg 1536w, https:\/\/ottevenyikastely.hu\/wp-content\/uploads\/2026\/04\/IMG_5492-2048x1536.jpeg 2048w, https:\/\/ottevenyikastely.hu\/wp-content\/uploads\/2026\/04\/IMG_5492-16x12.jpeg 16w\" sizes=\"(max-width: 1024px) 100vw, 1024px\" title=\"\">\t\t\t\t\t\t\t\t\t\t\t\t\t\t\t<\/div>\n\t\t\t\t<\/div>\n\t\t\t\t<div class=\"elementor-element elementor-element-98820bd elementor-widget elementor-widget-image\" data-id=\"98820bd\" data-element_type=\"widget\" data-e-type=\"widget\" data-widget_type=\"image.default\">\n\t\t\t\t<div class=\"elementor-widget-container\">\n\t\t\t\t\t\t\t\t\t\t\t\t\t\t\t<img decoding=\"async\" width=\"1024\" height=\"768\" src=\"https:\/\/ottevenyikastely.hu\/wp-content\/uploads\/2026\/04\/IMG_5794-1024x768.jpeg\" class=\"attachment-large size-large wp-image-14780\" alt=\"\" srcset=\"https:\/\/ottevenyikastely.hu\/wp-content\/uploads\/2026\/04\/IMG_5794-1024x768.jpeg 1024w, https:\/\/ottevenyikastely.hu\/wp-content\/uploads\/2026\/04\/IMG_5794-300x225.jpeg 300w, https:\/\/ottevenyikastely.hu\/wp-content\/uploads\/2026\/04\/IMG_5794-768x576.jpeg 768w, https:\/\/ottevenyikastely.hu\/wp-content\/uploads\/2026\/04\/IMG_5794-1536x1152.jpeg 1536w, https:\/\/ottevenyikastely.hu\/wp-content\/uploads\/2026\/04\/IMG_5794-2048x1536.jpeg 2048w, https:\/\/ottevenyikastely.hu\/wp-content\/uploads\/2026\/04\/IMG_5794-16x12.jpeg 16w\" sizes=\"(max-width: 1024px) 100vw, 1024px\" title=\"\">\t\t\t\t\t\t\t\t\t\t\t\t\t\t\t<\/div>\n\t\t\t\t<\/div>\n\t\t\t\t<div class=\"elementor-element elementor-element-acdbf7f elementor-widget elementor-widget-image\" data-id=\"acdbf7f\" data-element_type=\"widget\" data-e-type=\"widget\" data-widget_type=\"image.default\">\n\t\t\t\t<div class=\"elementor-widget-container\">\n\t\t\t\t\t\t\t\t\t\t\t\t\t\t\t<img decoding=\"async\" width=\"1024\" height=\"768\" src=\"https:\/\/ottevenyikastely.hu\/wp-content\/uploads\/2026\/04\/IMG_5786-1024x768.jpeg\" class=\"attachment-large size-large wp-image-14782\" alt=\"\" srcset=\"https:\/\/ottevenyikastely.hu\/wp-content\/uploads\/2026\/04\/IMG_5786-1024x768.jpeg 1024w, https:\/\/ottevenyikastely.hu\/wp-content\/uploads\/2026\/04\/IMG_5786-300x225.jpeg 300w, https:\/\/ottevenyikastely.hu\/wp-content\/uploads\/2026\/04\/IMG_5786-768x576.jpeg 768w, https:\/\/ottevenyikastely.hu\/wp-content\/uploads\/2026\/04\/IMG_5786-1536x1152.jpeg 1536w, https:\/\/ottevenyikastely.hu\/wp-content\/uploads\/2026\/04\/IMG_5786-2048x1536.jpeg 2048w, https:\/\/ottevenyikastely.hu\/wp-content\/uploads\/2026\/04\/IMG_5786-16x12.jpeg 16w\" sizes=\"(max-width: 1024px) 100vw, 1024px\" title=\"\">\t\t\t\t\t\t\t\t\t\t\t\t\t\t\t<\/div>\n\t\t\t\t<\/div>\n\t\t\t\t\t<\/div>\n\t\t\t\t<\/div>\n\t\t<div class=\"elementor-element elementor-element-ccbeee1 e-flex e-con-boxed e-con e-parent\" data-id=\"ccbeee1\" data-element_type=\"container\" data-e-type=\"container\">\n\t\t\t\t\t<div class=\"e-con-inner\">\n\t\t\t\t<div class=\"elementor-element elementor-element-14b9333 elementor-widget elementor-widget-text-editor\" data-id=\"14b9333\" data-element_type=\"widget\" data-e-type=\"widget\" data-widget_type=\"text-editor.default\">\n\t\t\t\t<div class=\"elementor-widget-container\">\n\t\t\t\t\t\t\t\t\t<p>Egy igaz\u00e1n eml\u00e9kezetes rendezv\u00e9ny ut\u00e1n nincs jobb, mint egy st\u00edlusos afterparty. K\u00e9pzelje el: vend\u00e9gei m\u00e9g fel sem ocs\u00fadtak a lakodalom \u00e9lm\u00e9nyeib\u0151l, amikor m\u00e1ris egy exkluz\u00edv brunch hangulat v\u00e1rja \u0151ket \u2013 a medenceparton DJ teremti a hangulatot, a grillen frissen s\u00fclnek az \u00e9telek, \u00d6n pedig egy kokt\u00e9llal a kez\u00e9ben \u00e9lvezi a vas\u00e1rnapi lazul\u00e1st, \u00e9s b\u00e1rmikor felfriss\u00fclhet egy h\u0171s\u00edt\u0151 csobban\u00e1ssal.<\/p>\t\t\t\t\t\t\t\t<\/div>\n\t\t\t\t<\/div>\n\t\t\t\t\t<\/div>\n\t\t\t\t<\/div>\n\t\t<div class=\"elementor-element elementor-element-418a1c2 e-grid e-con-boxed e-con e-parent\" data-id=\"418a1c2\" data-element_type=\"container\" data-e-type=\"container\">\n\t\t\t\t\t<div class=\"e-con-inner\">\n\t\t\t\t<div class=\"elementor-element elementor-element-bad0d54 elementor-widget elementor-widget-image\" data-id=\"bad0d54\" data-element_type=\"widget\" data-e-type=\"widget\" data-widget_type=\"image.default\">\n\t\t\t\t<div class=\"elementor-widget-container\">\n\t\t\t\t\t\t\t\t\t\t\t\t\t\t\t<img loading=\"lazy\" decoding=\"async\" width=\"768\" height=\"1024\" src=\"https:\/\/ottevenyikastely.hu\/wp-content\/uploads\/2026\/04\/IMG_5489-768x1024.jpeg\" class=\"attachment-large size-large wp-image-14783\" alt=\"\" srcset=\"https:\/\/ottevenyikastely.hu\/wp-content\/uploads\/2026\/04\/IMG_5489-768x1024.jpeg 768w, https:\/\/ottevenyikastely.hu\/wp-content\/uploads\/2026\/04\/IMG_5489-225x300.jpeg 225w, https:\/\/ottevenyikastely.hu\/wp-content\/uploads\/2026\/04\/IMG_5489-1152x1536.jpeg 1152w, https:\/\/ottevenyikastely.hu\/wp-content\/uploads\/2026\/04\/IMG_5489-1536x2048.jpeg 1536w, https:\/\/ottevenyikastely.hu\/wp-content\/uploads\/2026\/04\/IMG_5489-9x12.jpeg 9w, https:\/\/ottevenyikastely.hu\/wp-content\/uploads\/2026\/04\/IMG_5489-scaled.jpeg 1920w\" sizes=\"(max-width: 768px) 100vw, 768px\" title=\"\">\t\t\t\t\t\t\t\t\t\t\t\t\t\t\t<\/div>\n\t\t\t\t<\/div>\n\t\t\t\t<div class=\"elementor-element elementor-element-ec95bbd elementor-widget elementor-widget-image\" data-id=\"ec95bbd\" data-element_type=\"widget\" data-e-type=\"widget\" data-widget_type=\"image.default\">\n\t\t\t\t<div class=\"elementor-widget-container\">\n\t\t\t\t\t\t\t\t\t\t\t\t\t\t\t<img loading=\"lazy\" decoding=\"async\" width=\"768\" height=\"1024\" src=\"https:\/\/ottevenyikastely.hu\/wp-content\/uploads\/2026\/04\/IMG_5787-768x1024.jpeg\" class=\"attachment-large size-large wp-image-14784\" alt=\"\" srcset=\"https:\/\/ottevenyikastely.hu\/wp-content\/uploads\/2026\/04\/IMG_5787-768x1024.jpeg 768w, https:\/\/ottevenyikastely.hu\/wp-content\/uploads\/2026\/04\/IMG_5787-225x300.jpeg 225w, https:\/\/ottevenyikastely.hu\/wp-content\/uploads\/2026\/04\/IMG_5787-1152x1536.jpeg 1152w, https:\/\/ottevenyikastely.hu\/wp-content\/uploads\/2026\/04\/IMG_5787-1536x2048.jpeg 1536w, https:\/\/ottevenyikastely.hu\/wp-content\/uploads\/2026\/04\/IMG_5787-9x12.jpeg 9w, https:\/\/ottevenyikastely.hu\/wp-content\/uploads\/2026\/04\/IMG_5787-scaled.jpeg 1920w\" sizes=\"(max-width: 768px) 100vw, 768px\" title=\"\">\t\t\t\t\t\t\t\t\t\t\t\t\t\t\t<\/div>\n\t\t\t\t<\/div>\n\t\t\t\t<div class=\"elementor-element elementor-element-6c8f986 elementor-widget elementor-widget-image\" data-id=\"6c8f986\" data-element_type=\"widget\" data-e-type=\"widget\" data-widget_type=\"image.default\">\n\t\t\t\t<div class=\"elementor-widget-container\">\n\t\t\t\t\t\t\t\t\t\t\t\t\t\t\t<img loading=\"lazy\" decoding=\"async\" width=\"768\" height=\"1024\" src=\"https:\/\/ottevenyikastely.hu\/wp-content\/uploads\/2026\/04\/IMG_5485-768x1024.jpeg\" class=\"attachment-large size-large wp-image-14785\" alt=\"\" srcset=\"https:\/\/ottevenyikastely.hu\/wp-content\/uploads\/2026\/04\/IMG_5485-768x1024.jpeg 768w, https:\/\/ottevenyikastely.hu\/wp-content\/uploads\/2026\/04\/IMG_5485-225x300.jpeg 225w, https:\/\/ottevenyikastely.hu\/wp-content\/uploads\/2026\/04\/IMG_5485-1152x1536.jpeg 1152w, https:\/\/ottevenyikastely.hu\/wp-content\/uploads\/2026\/04\/IMG_5485-1536x2048.jpeg 1536w, https:\/\/ottevenyikastely.hu\/wp-content\/uploads\/2026\/04\/IMG_5485-9x12.jpeg 9w, https:\/\/ottevenyikastely.hu\/wp-content\/uploads\/2026\/04\/IMG_5485-scaled.jpeg 1920w\" sizes=\"(max-width: 768px) 100vw, 768px\" title=\"\">\t\t\t\t\t\t\t\t\t\t\t\t\t\t\t<\/div>\n\t\t\t\t<\/div>\n\t\t\t\t\t<\/div>\n\t\t\t\t<\/div>\n\t\t<div class=\"elementor-element elementor-element-c431a9b e-flex e-con-boxed e-con e-parent\" data-id=\"c431a9b\" data-element_type=\"container\" data-e-type=\"container\">\n\t\t\t\t\t<div class=\"e-con-inner\">\n\t\t\t\t<div class=\"elementor-element elementor-element-960ea7e elementor-widget elementor-widget-spacer\" data-id=\"960ea7e\" data-element_type=\"widget\" data-e-type=\"widget\" data-widget_type=\"spacer.default\">\n\t\t\t\t<div class=\"elementor-widget-container\">\n\t\t\t\t\t\t\t<div class=\"elementor-spacer\">\n\t\t\t<div class=\"elementor-spacer-inner\"><\/div>\n\t\t<\/div>\n\t\t\t\t\t\t<\/div>\n\t\t\t\t<\/div>\n\t\t\t\t\t<\/div>\n\t\t\t\t<\/div>\n\t\t\t\t<\/div>","protected":false},"excerpt":{"rendered":"<p>Kezdje a napot a kast\u00e9lyban egy VIP BRUNCH-al Egy igaz\u00e1n eml\u00e9kezetes rendezv\u00e9ny ut\u00e1n nincs jobb, mint egy st\u00edlusos afterparty. K\u00e9pzelje el: vend\u00e9gei m\u00e9g fel sem ocs\u00fadtak a lakodalom \u00e9lm\u00e9nyeib\u0151l, amikor m\u00e1ris egy exkluz\u00edv brunch hangulat v\u00e1rja \u0151ket \u2013 a medenceparton DJ teremti a hangulatot, a grillen frissen s\u00fclnek az \u00e9telek, \u00d6n pedig egy kokt\u00e9llal a [&hellip;]<\/p>","protected":false},"author":7,"featured_media":0,"parent":0,"menu_order":0,"comment_status":"closed","ping_status":"closed","template":"","meta":{"footnotes":""},"class_list":["post-14777","page","type-page","status-publish","hentry","entry"],"_links":{"self":[{"href":"https:\/\/ottevenyikastely.hu\/ar\/wp-json\/wp\/v2\/pages\/14777","targetHints":{"allow":["GET"]}}],"collection":[{"href":"https:\/\/ottevenyikastely.hu\/ar\/wp-json\/wp\/v2\/pages"}],"about":[{"href":"https:\/\/ottevenyikastely.hu\/ar\/wp-json\/wp\/v2\/types\/page"}],"author":[{"embeddable":true,"href":"https:\/\/ottevenyikastely.hu\/ar\/wp-json\/wp\/v2\/users\/7"}],"replies":[{"embeddable":true,"href":"https:\/\/ottevenyikastely.hu\/ar\/wp-json\/wp\/v2\/comments?post=14777"}],"version-history":[{"count":13,"href":"https:\/\/ottevenyikastely.hu\/ar\/wp-json\/wp\/v2\/pages\/14777\/revisions"}],"predecessor-version":[{"id":14895,"href":"https:\/\/ottevenyikastely.hu\/ar\/wp-json\/wp\/v2\/pages\/14777\/revisions\/14895"}],"wp:attachment":[{"href":"https:\/\/ottevenyikastely.hu\/ar\/wp-json\/wp\/v2\/media?parent=14777"}],"curies":[{"name":"\u062f\u0628\u0644\u064a\u0648 \u0628\u064a","href":"https:\/\/api.w.org\/{rel}","templated":true}]}}