{"id":14791,"date":"2026-04-17T14:44:08","date_gmt":"2026-04-17T12:44:08","guid":{"rendered":"https:\/\/ottevenyikastely.hu\/?page_id=14791"},"modified":"2026-04-18T02:24:48","modified_gmt":"2026-04-18T00:24:48","slug":"elmenycsomag","status":"publish","type":"page","link":"https:\/\/ottevenyikastely.hu\/ar\/elmenycsomag\/","title":{"rendered":"\u00c9lm\u00e9nycsomag"},"content":{"rendered":"<div data-elementor-type=\"wp-page\" data-elementor-id=\"14791\" class=\"elementor elementor-14791\" data-elementor-post-type=\"page\">\n\t\t\t\t<div class=\"elementor-element elementor-element-59508cc e-flex e-con-boxed e-con e-parent\" data-id=\"59508cc\" data-element_type=\"container\" data-e-type=\"container\">\n\t\t\t\t\t<div class=\"e-con-inner\">\n\t\t\t\t<div class=\"elementor-element elementor-element-e832f40 elementor-widget elementor-widget-spacer\" data-id=\"e832f40\" data-element_type=\"widget\" data-e-type=\"widget\" data-widget_type=\"spacer.default\">\n\t\t\t\t<div class=\"elementor-widget-container\">\n\t\t\t\t\t\t\t<div class=\"elementor-spacer\">\n\t\t\t<div class=\"elementor-spacer-inner\"><\/div>\n\t\t<\/div>\n\t\t\t\t\t\t<\/div>\n\t\t\t\t<\/div>\n\t\t\t\t\t<\/div>\n\t\t\t\t<\/div>\n\t\t<div class=\"elementor-element elementor-element-e4aa7f7 e-flex e-con-boxed e-con e-parent\" data-id=\"e4aa7f7\" data-element_type=\"container\" data-e-type=\"container\">\n\t\t\t\t\t<div class=\"e-con-inner\">\n\t\t\t\t<div class=\"elementor-element elementor-element-7b06c38 elementor-widget elementor-widget-heading\" data-id=\"7b06c38\" data-element_type=\"widget\" data-e-type=\"widget\" data-widget_type=\"heading.default\">\n\t\t\t\t<div class=\"elementor-widget-container\">\n\t\t\t\t\t<h2 class=\"elementor-heading-title elementor-size-default\">\u00d6tnapos Exkluz\u00edv \u00c9lm\u00e9nycsomag \n<\/h2>\t\t\t\t<\/div>\n\t\t\t\t<\/div>\n\t\t\t\t\t<\/div>\n\t\t\t\t<\/div>\n\t\t<div class=\"elementor-element elementor-element-3772e9f e-flex e-con-boxed e-con e-parent\" data-id=\"3772e9f\" data-element_type=\"container\" data-e-type=\"container\">\n\t\t\t\t\t<div class=\"e-con-inner\">\n\t\t\t\t<div class=\"elementor-element elementor-element-f432e3e elementor-widget elementor-widget-spacer\" data-id=\"f432e3e\" data-element_type=\"widget\" data-e-type=\"widget\" data-widget_type=\"spacer.default\">\n\t\t\t\t<div class=\"elementor-widget-container\">\n\t\t\t\t\t\t\t<div class=\"elementor-spacer\">\n\t\t\t<div class=\"elementor-spacer-inner\"><\/div>\n\t\t<\/div>\n\t\t\t\t\t\t<\/div>\n\t\t\t\t<\/div>\n\t\t\t\t\t<\/div>\n\t\t\t\t<\/div>\n\t\t<div class=\"elementor-element elementor-element-b6f732a e-grid e-con-boxed e-con e-parent\" data-id=\"b6f732a\" data-element_type=\"container\" data-e-type=\"container\">\n\t\t\t\t\t<div class=\"e-con-inner\">\n\t\t\t\t<div class=\"elementor-element elementor-element-2774f01 elementor-widget elementor-widget-image\" data-id=\"2774f01\" data-element_type=\"widget\" data-e-type=\"widget\" data-widget_type=\"image.default\">\n\t\t\t\t<div class=\"elementor-widget-container\">\n\t\t\t\t\t\t\t\t\t\t\t\t\t\t\t<img fetchpriority=\"high\" decoding=\"async\" width=\"1024\" height=\"768\" src=\"https:\/\/ottevenyikastely.hu\/wp-content\/uploads\/2026\/04\/IMG_3310-1024x768.jpeg\" class=\"attachment-large size-large wp-image-14798\" alt=\"\" srcset=\"https:\/\/ottevenyikastely.hu\/wp-content\/uploads\/2026\/04\/IMG_3310-1024x768.jpeg 1024w, https:\/\/ottevenyikastely.hu\/wp-content\/uploads\/2026\/04\/IMG_3310-300x225.jpeg 300w, https:\/\/ottevenyikastely.hu\/wp-content\/uploads\/2026\/04\/IMG_3310-768x576.jpeg 768w, https:\/\/ottevenyikastely.hu\/wp-content\/uploads\/2026\/04\/IMG_3310-1536x1152.jpeg 1536w, https:\/\/ottevenyikastely.hu\/wp-content\/uploads\/2026\/04\/IMG_3310-2048x1536.jpeg 2048w, https:\/\/ottevenyikastely.hu\/wp-content\/uploads\/2026\/04\/IMG_3310-16x12.jpeg 16w\" sizes=\"(max-width: 1024px) 100vw, 1024px\" title=\"\">\t\t\t\t\t\t\t\t\t\t\t\t\t\t\t<\/div>\n\t\t\t\t<\/div>\n\t\t\t\t<div class=\"elementor-element elementor-element-3532e1c elementor-widget elementor-widget-image\" data-id=\"3532e1c\" data-element_type=\"widget\" data-e-type=\"widget\" data-widget_type=\"image.default\">\n\t\t\t\t<div class=\"elementor-widget-container\">\n\t\t\t\t\t\t\t\t\t\t\t\t\t\t\t<img decoding=\"async\" width=\"1024\" height=\"768\" src=\"https:\/\/ottevenyikastely.hu\/wp-content\/uploads\/2026\/04\/IMG_4666-1024x768.jpeg\" class=\"attachment-large size-large wp-image-14799\" alt=\"\" srcset=\"https:\/\/ottevenyikastely.hu\/wp-content\/uploads\/2026\/04\/IMG_4666-1024x768.jpeg 1024w, https:\/\/ottevenyikastely.hu\/wp-content\/uploads\/2026\/04\/IMG_4666-300x225.jpeg 300w, https:\/\/ottevenyikastely.hu\/wp-content\/uploads\/2026\/04\/IMG_4666-768x576.jpeg 768w, https:\/\/ottevenyikastely.hu\/wp-content\/uploads\/2026\/04\/IMG_4666-1536x1152.jpeg 1536w, https:\/\/ottevenyikastely.hu\/wp-content\/uploads\/2026\/04\/IMG_4666-2048x1536.jpeg 2048w, https:\/\/ottevenyikastely.hu\/wp-content\/uploads\/2026\/04\/IMG_4666-16x12.jpeg 16w\" sizes=\"(max-width: 1024px) 100vw, 1024px\" title=\"\">\t\t\t\t\t\t\t\t\t\t\t\t\t\t\t<\/div>\n\t\t\t\t<\/div>\n\t\t\t\t<div class=\"elementor-element elementor-element-ceedb19 elementor-widget elementor-widget-image\" data-id=\"ceedb19\" data-element_type=\"widget\" data-e-type=\"widget\" data-widget_type=\"image.default\">\n\t\t\t\t<div class=\"elementor-widget-container\">\n\t\t\t\t\t\t\t\t\t\t\t\t\t\t\t<img decoding=\"async\" width=\"1024\" height=\"768\" src=\"https:\/\/ottevenyikastely.hu\/wp-content\/uploads\/2026\/04\/IMG_0954-1024x768.jpeg\" class=\"attachment-large size-large wp-image-14832\" alt=\"\" srcset=\"https:\/\/ottevenyikastely.hu\/wp-content\/uploads\/2026\/04\/IMG_0954-1024x768.jpeg 1024w, https:\/\/ottevenyikastely.hu\/wp-content\/uploads\/2026\/04\/IMG_0954-300x225.jpeg 300w, https:\/\/ottevenyikastely.hu\/wp-content\/uploads\/2026\/04\/IMG_0954-768x576.jpeg 768w, https:\/\/ottevenyikastely.hu\/wp-content\/uploads\/2026\/04\/IMG_0954-1536x1152.jpeg 1536w, https:\/\/ottevenyikastely.hu\/wp-content\/uploads\/2026\/04\/IMG_0954-2048x1536.jpeg 2048w, https:\/\/ottevenyikastely.hu\/wp-content\/uploads\/2026\/04\/IMG_0954-16x12.jpeg 16w\" sizes=\"(max-width: 1024px) 100vw, 1024px\" title=\"\">\t\t\t\t\t\t\t\t\t\t\t\t\t\t\t<\/div>\n\t\t\t\t<\/div>\n\t\t\t\t\t<\/div>\n\t\t\t\t<\/div>\n\t\t<div class=\"elementor-element elementor-element-29dfa6e e-flex e-con-boxed e-con e-parent\" data-id=\"29dfa6e\" data-element_type=\"container\" data-e-type=\"container\">\n\t\t\t\t\t<div class=\"e-con-inner\">\n\t\t\t\t<div class=\"elementor-element elementor-element-2f4cd22 elementor-widget elementor-widget-text-editor\" data-id=\"2f4cd22\" data-element_type=\"widget\" data-e-type=\"widget\" data-widget_type=\"text-editor.default\">\n\t\t\t\t<div class=\"elementor-widget-container\">\n\t\t\t\t\t\t\t\t\t<p data-start=\"158\" data-end=\"505\">Szeretne val\u00f3ban k\u00fcl\u00f6nleges, magas sz\u00ednvonal\u00fa \u00e9lm\u00e9nyt ny\u00fajtani \u00fcgyfeleinek vagy vend\u00e9geinek? A F\u00f6ldv\u00e1ry Kast\u00e9ly \u201e\u00d6tnapos Exkluz\u00edv \u00c9lm\u00e9nycsomagja\u201d egyed\u00fcl\u00e1ll\u00f3 lehet\u0151s\u00e9get k\u00edn\u00e1l arra, hogy a kast\u00e9ly teljes ter\u00fclet\u00e9t priv\u00e1t, kiz\u00e1r\u00f3lagos haszn\u00e1lattal b\u00e9relje ki \u2013 egy olyan k\u00f6rnyezetben, ahol a diszkr\u00e9ci\u00f3, az elegancia \u00e9s a pr\u00e9mium \u00e9lm\u00e9ny tal\u00e1lkozik.<\/p><p data-start=\"507\" data-end=\"935\">A h\u00e9tf\u0151t\u0151l p\u00e9ntekig tart\u00f3, n\u00e9gy \u00e9jszak\u00e1s tart\u00f3zkod\u00e1s sor\u00e1n vend\u00e9gei a kast\u00e9ly szem\u00e9lyzete \u00e1ltal biztos\u00edtott, teljes k\u00f6r\u0171 VIP kiszolg\u00e1l\u00e1sban r\u00e9szes\u00fclnek. Az ig\u00e9nyesen fel\u00faj\u00edtott t\u00f6rt\u00e9nelmi kast\u00e9ly minden r\u00e9szlete a min\u0151s\u00e9gi pihen\u00e9st \u00e9s az inspir\u00e1l\u00f3 \u00e9lm\u00e9nyeket szolg\u00e1lja. Az elhelyez\u00e9s d\u00edja: <strong data-start=\"799\" data-end=\"828\">100.000 Ft \/ f\u0151 \/ \u00e9jszaka<\/strong>, egy\u00e1gyas elhelyez\u00e9s eset\u00e9n <strong data-start=\"857\" data-end=\"886\">150.000 Ft \/ f\u0151 \/ \u00e9jszaka<\/strong>.<\/p><p data-start=\"507\" data-end=\"935\"><em>A csomag kiz\u00e1r\u00f3lag teljes turnusban foglalhat\u00f3, az ott alv\u00f3s vend\u00e9gek feletti l\u00e9tsz\u00e1m eset\u00e9n k\u00fcl\u00f6n kast\u00e9lyb\u00e9rl\u00e9st kell fizetni.<\/em><\/p><p data-start=\"937\" data-end=\"1356\">A kast\u00e9ly intimebb, exkluz\u00edv atmoszf\u00e9r\u00e1ja \u2013 14 eleg\u00e1ns szob\u00e1val, \u00e1lland\u00f3 m\u0171kincs ki\u00e1ll\u00edt\u00e1ssal, t\u00e1gas reprezentat\u00edv terekkel, hangulatos terasszal, \u00fasz\u00f3medenc\u00e9vel \u00e9s egy leny\u0171g\u00f6z\u0151, \u0151sf\u00e1s parkkal \u2013 ide\u00e1lis helysz\u00ednt biztos\u00edt elvonul\u00e1sokhoz, pr\u00e9mium programokhoz \u00e9s z\u00e1rt k\u00f6r\u0171 rendezv\u00e9nyekhez. A birtokon tal\u00e1lhat\u00f3 tenisz- \u00e9s r\u00f6plabdap\u00e1lya, valamint a term\u00e9szet k\u00f6zels\u00e9ge \u2013 szarvasokkal \u00e9s \u00e9vszakonk\u00e9nt v\u00e1ltoz\u00f3 vir\u00e1gz\u00f3 k\u00f6rnyezettel \u2013 tov\u00e1bb emeli az \u00e9lm\u00e9ny sz\u00ednvonal\u00e1t.<\/p><p data-start=\"1358\" data-end=\"1569\">A csomag <strong data-start=\"1367\" data-end=\"1386\">teljes ell\u00e1t\u00e1st<\/strong> tartalmaz: minden nap b\u0151s\u00e9ges, v\u00e1ltozatos sv\u00e9dasztalos reggelit, eb\u00e9det \u00e9s vacsor\u00e1t biztos\u00edtunk, valamint a klasszikus f\u0151\u00fari hangulatot id\u00e9z\u0151, 16:00 \u00f3rakor felszolg\u00e1lt d\u00e9lut\u00e1ni te\u00e1t.<\/p><p data-start=\"1571\" data-end=\"1909\">A szolg\u00e1ltat\u00e1s val\u00f3di k\u00fcl\u00f6nlegess\u00e9ge, hogy <strong data-start=\"1614\" data-end=\"1647\">\u00d6n h\u00e1zigazdak\u00e9nt jelenhet meg<\/strong>: saj\u00e1t vend\u00e9gk\u00f6r\u00e9nek exkluz\u00edv, z\u00e1rt k\u00f6r\u0171 programokat szervezhet, ahol a r\u00e9sztvev\u0151k kiz\u00e1r\u00f3lag az \u00d6n \u00e1ltal k\u00edn\u00e1lt \u00e9lm\u00e9nyekben r\u00e9szes\u00fclnek. Ez lehet\u0151s\u00e9get ad arra, hogy szolg\u00e1ltat\u00e1sait pr\u00e9mium k\u00f6rnyezetben, magasabb \u00e9rt\u00e9ken k\u00edn\u00e1lja, mik\u00f6zben egyedi \u00e9lm\u00e9nyt teremt.<\/p><p data-start=\"1911\" data-end=\"2063\">Mi nem csup\u00e1n helysz\u00ednt biztos\u00edtunk:<br data-start=\"1947\" data-end=\"1950\" \/><strong data-start=\"1950\" data-end=\"2063\">t\u00e1mogatjuk a turnus \u00e9rt\u00e9kes\u00edt\u00e9s\u00e9t, hozz\u00e1j\u00e1rulunk m\u00e1rk\u00e1ja \u00e9p\u00edt\u00e9s\u00e9hez, \u00e9s seg\u00edt\u00fcnk bev\u00e9telei maximaliz\u00e1l\u00e1s\u00e1ban.<\/strong><\/p><p data-start=\"2065\" data-end=\"2451\">A F\u00f6ldv\u00e1ry Kast\u00e9lyban minden turnus egyedi tematik\u00e1val val\u00f3sul meg, amelyr\u0151l saj\u00e1t vend\u00e9gk\u00f6r\u00fcnket h\u00edrlevelekben \u00e9s marketingcsatorn\u00e1inkon kereszt\u00fcl t\u00e1j\u00e9koztatjuk. A gondosan v\u00e1logatott partnereinknek k\u00f6sz\u00f6nhet\u0151en er\u0151s kereszt\u00e9rt\u00e9kes\u00edt\u00e9si lehet\u0151s\u00e9g ny\u00edlik: vend\u00e9geink gyakran t\u00f6bb egym\u00e1st k\u00f6vet\u0151 programon is r\u00e9szt vesznek \u2013 \u00edgy \u00d6n tov\u00e1bbi marketingk\u00f6lts\u00e9g n\u00e9lk\u00fcl \u00e9rhet el \u00faj \u00fcgyfeleket.<\/p><p data-start=\"2453\" data-end=\"2522\">A kast\u00e9ly ide\u00e1lis helysz\u00edn t\u00f6bbek k\u00f6z\u00f6tt az al\u00e1bbi programok sz\u00e1m\u00e1ra:<\/p><ul data-start=\"2524\" data-end=\"2992\"><li data-section-id=\"1ukwfnz\" data-start=\"2524\" data-end=\"2563\">priv\u00e1t j\u00f3ga- \u00e9s pilates elvonul\u00e1sok<\/li><li data-section-id=\"mpzalj\" data-start=\"2564\" data-end=\"2604\">\u00e9letm\u00f3d- \u00e9s gasztron\u00f3miai workshopok<\/li><li data-section-id=\"w11911\" data-start=\"2605\" data-end=\"2642\">fitness \u00e9s regener\u00e1ci\u00f3s programok<\/li><li data-section-id=\"manvhg\" data-start=\"2643\" data-end=\"2696\">burnout prevenci\u00f3s \u00e9s vezet\u0151i fejleszt\u0151 tr\u00e9ningek<\/li><li data-section-id=\"uv2qjx\" data-start=\"2697\" data-end=\"2734\">bork\u00f3stol\u00f3k \u00e9s kulin\u00e1ris \u00e9lm\u00e9nyek<\/li><li data-section-id=\"1hhxjm0\" data-start=\"2735\" data-end=\"2782\">mindfulness \u00e9s ment\u00e1lis wellbeing programok<\/li><li data-section-id=\"1iyhnrz\" data-start=\"2783\" data-end=\"2838\">m\u0171v\u00e9szeti alkot\u00f3t\u00e1borok (fest\u00e9szet, fot\u00f3, irodalom)<\/li><li data-section-id=\"gj97nm\" data-start=\"2839\" data-end=\"2886\"><span style=\"text-decoration: underline; color: #3366ff;\"><a style=\"color: #3366ff; text-decoration: underline;\" href=\"https:\/\/ottevenyikastely.hu\/ar\/meeting-cegeknek\/\">executive \u00e9s v\u00e1llalati leadership retreatek<\/a><\/span><\/li><li data-section-id=\"n7nj4e\" data-start=\"2887\" data-end=\"2936\">n\u0151i \/ f\u00e9rfi elvonul\u00e1sok, \u00f6nismereti programok<\/li><li data-section-id=\"1w3eov8\" data-start=\"2937\" data-end=\"2992\">exkluz\u00edv klubesem\u00e9nyek \u00e9s priv\u00e1t k\u00f6z\u00f6ss\u00e9gi \u00e9lm\u00e9nyek<\/li><\/ul><p data-start=\"2994\" data-end=\"3132\">Itt olyan inspir\u00e1l\u00f3, pr\u00e9mium k\u00f6rnyezetet biztos\u00edtunk, ahol a szolg\u00e1ltat\u00e1sa val\u00f3di \u00e9lm\u00e9nny\u00e9, a programja pedig eml\u00e9kezetes esem\u00e9nny\u00e9 v\u00e1lik.<\/p><p data-start=\"3134\" data-end=\"3302\"><strong data-start=\"3134\" data-end=\"3302\">Amennyiben egy igaz\u00e1n k\u00fcl\u00f6nleges, exkluz\u00edv helysz\u00ednt keres, ahol vend\u00e9geit leny\u0171g\u00f6zheti \u00e9s saj\u00e1t m\u00e1rk\u00e1j\u00e1t \u00faj szintre emelheti, a F\u00f6ldv\u00e1ry Kast\u00e9ly ide\u00e1lis v\u00e1laszt\u00e1s.<\/strong><\/p><p data-start=\"3304\" data-end=\"3381\" data-is-last-node=\"\" data-is-only-node=\"\"><span style=\"text-decoration: underline;\"><strong data-start=\"3304\" data-end=\"3381\" data-is-last-node=\"\">L\u00e1togasson el hozz\u00e1nk, \u00e9s egyeztess\u00fcnk szem\u00e9lyesen az \u00d6n elk\u00e9pzel\u00e9seir\u0151l!<\/strong><\/span><\/p>\t\t\t\t\t\t\t\t<\/div>\n\t\t\t\t<\/div>\n\t\t\t\t\t<\/div>\n\t\t\t\t<\/div>\n\t\t<div class=\"elementor-element elementor-element-a66d7b5 e-grid e-con-boxed e-con e-parent\" data-id=\"a66d7b5\" data-element_type=\"container\" data-e-type=\"container\">\n\t\t\t\t\t<div class=\"e-con-inner\">\n\t\t\t\t<div class=\"elementor-element elementor-element-0da21e9 elementor-widget elementor-widget-image\" data-id=\"0da21e9\" data-element_type=\"widget\" data-e-type=\"widget\" data-widget_type=\"image.default\">\n\t\t\t\t<div class=\"elementor-widget-container\">\n\t\t\t\t\t\t\t\t\t\t\t\t\t\t\t<img loading=\"lazy\" decoding=\"async\" width=\"1024\" height=\"768\" src=\"https:\/\/ottevenyikastely.hu\/wp-content\/uploads\/2026\/04\/IMG_7918-1024x768.jpeg\" class=\"attachment-large size-large wp-image-14821\" alt=\"\" srcset=\"https:\/\/ottevenyikastely.hu\/wp-content\/uploads\/2026\/04\/IMG_7918-1024x768.jpeg 1024w, https:\/\/ottevenyikastely.hu\/wp-content\/uploads\/2026\/04\/IMG_7918-300x225.jpeg 300w, https:\/\/ottevenyikastely.hu\/wp-content\/uploads\/2026\/04\/IMG_7918-768x576.jpeg 768w, https:\/\/ottevenyikastely.hu\/wp-content\/uploads\/2026\/04\/IMG_7918-1536x1152.jpeg 1536w, https:\/\/ottevenyikastely.hu\/wp-content\/uploads\/2026\/04\/IMG_7918-2048x1536.jpeg 2048w, https:\/\/ottevenyikastely.hu\/wp-content\/uploads\/2026\/04\/IMG_7918-16x12.jpeg 16w\" sizes=\"(max-width: 1024px) 100vw, 1024px\" title=\"\">\t\t\t\t\t\t\t\t\t\t\t\t\t\t\t<\/div>\n\t\t\t\t<\/div>\n\t\t\t\t<div class=\"elementor-element elementor-element-4890a7a elementor-widget elementor-widget-image\" data-id=\"4890a7a\" data-element_type=\"widget\" data-e-type=\"widget\" data-widget_type=\"image.default\">\n\t\t\t\t<div class=\"elementor-widget-container\">\n\t\t\t\t\t\t\t\t\t\t\t\t\t\t\t<img loading=\"lazy\" decoding=\"async\" width=\"1024\" height=\"768\" src=\"https:\/\/ottevenyikastely.hu\/wp-content\/uploads\/2026\/04\/IMG_5492-1024x768.jpeg\" class=\"attachment-large size-large wp-image-14779\" alt=\"\" srcset=\"https:\/\/ottevenyikastely.hu\/wp-content\/uploads\/2026\/04\/IMG_5492-1024x768.jpeg 1024w, https:\/\/ottevenyikastely.hu\/wp-content\/uploads\/2026\/04\/IMG_5492-300x225.jpeg 300w, https:\/\/ottevenyikastely.hu\/wp-content\/uploads\/2026\/04\/IMG_5492-768x576.jpeg 768w, https:\/\/ottevenyikastely.hu\/wp-content\/uploads\/2026\/04\/IMG_5492-1536x1152.jpeg 1536w, https:\/\/ottevenyikastely.hu\/wp-content\/uploads\/2026\/04\/IMG_5492-2048x1536.jpeg 2048w, https:\/\/ottevenyikastely.hu\/wp-content\/uploads\/2026\/04\/IMG_5492-16x12.jpeg 16w\" sizes=\"(max-width: 1024px) 100vw, 1024px\" title=\"\">\t\t\t\t\t\t\t\t\t\t\t\t\t\t\t<\/div>\n\t\t\t\t<\/div>\n\t\t\t\t<div class=\"elementor-element elementor-element-7b978a5 elementor-widget elementor-widget-image\" data-id=\"7b978a5\" data-element_type=\"widget\" data-e-type=\"widget\" data-widget_type=\"image.default\">\n\t\t\t\t<div class=\"elementor-widget-container\">\n\t\t\t\t\t\t\t\t\t\t\t\t\t\t\t<img loading=\"lazy\" decoding=\"async\" width=\"1024\" height=\"768\" src=\"https:\/\/ottevenyikastely.hu\/wp-content\/uploads\/2026\/04\/IMG_7997-1024x768.jpeg\" class=\"attachment-large size-large wp-image-14822\" alt=\"\" srcset=\"https:\/\/ottevenyikastely.hu\/wp-content\/uploads\/2026\/04\/IMG_7997-1024x768.jpeg 1024w, https:\/\/ottevenyikastely.hu\/wp-content\/uploads\/2026\/04\/IMG_7997-300x225.jpeg 300w, https:\/\/ottevenyikastely.hu\/wp-content\/uploads\/2026\/04\/IMG_7997-768x576.jpeg 768w, https:\/\/ottevenyikastely.hu\/wp-content\/uploads\/2026\/04\/IMG_7997-1536x1152.jpeg 1536w, https:\/\/ottevenyikastely.hu\/wp-content\/uploads\/2026\/04\/IMG_7997-2048x1536.jpeg 2048w, https:\/\/ottevenyikastely.hu\/wp-content\/uploads\/2026\/04\/IMG_7997-16x12.jpeg 16w\" sizes=\"(max-width: 1024px) 100vw, 1024px\" title=\"\">\t\t\t\t\t\t\t\t\t\t\t\t\t\t\t<\/div>\n\t\t\t\t<\/div>\n\t\t\t\t\t<\/div>\n\t\t\t\t<\/div>\n\t\t<div class=\"elementor-element elementor-element-c850353 e-flex e-con-boxed e-con e-parent\" data-id=\"c850353\" data-element_type=\"container\" data-e-type=\"container\">\n\t\t\t\t\t<div class=\"e-con-inner\">\n\t\t\t\t<div class=\"elementor-element elementor-element-0465382 elementor-widget elementor-widget-spacer\" data-id=\"0465382\" data-element_type=\"widget\" data-e-type=\"widget\" data-widget_type=\"spacer.default\">\n\t\t\t\t<div class=\"elementor-widget-container\">\n\t\t\t\t\t\t\t<div class=\"elementor-spacer\">\n\t\t\t<div class=\"elementor-spacer-inner\"><\/div>\n\t\t<\/div>\n\t\t\t\t\t\t<\/div>\n\t\t\t\t<\/div>\n\t\t\t\t\t<\/div>\n\t\t\t\t<\/div>\n\t\t\t\t<\/div>","protected":false},"excerpt":{"rendered":"<p>\u00d6tnapos Exkluz\u00edv \u00c9lm\u00e9nycsomag Szeretne val\u00f3ban k\u00fcl\u00f6nleges, magas sz\u00ednvonal\u00fa \u00e9lm\u00e9nyt ny\u00fajtani \u00fcgyfeleinek vagy vend\u00e9geinek? A F\u00f6ldv\u00e1ry Kast\u00e9ly \u201e\u00d6tnapos Exkluz\u00edv \u00c9lm\u00e9nycsomagja\u201d egyed\u00fcl\u00e1ll\u00f3 lehet\u0151s\u00e9get k\u00edn\u00e1l arra, hogy a kast\u00e9ly teljes ter\u00fclet\u00e9t priv\u00e1t, kiz\u00e1r\u00f3lagos haszn\u00e1lattal b\u00e9relje ki \u2013 egy olyan k\u00f6rnyezetben, ahol a diszkr\u00e9ci\u00f3, az elegancia \u00e9s a pr\u00e9mium \u00e9lm\u00e9ny tal\u00e1lkozik. A h\u00e9tf\u0151t\u0151l p\u00e9ntekig tart\u00f3, n\u00e9gy \u00e9jszak\u00e1s tart\u00f3zkod\u00e1s sor\u00e1n [&hellip;]<\/p>","protected":false},"author":7,"featured_media":0,"parent":0,"menu_order":0,"comment_status":"closed","ping_status":"closed","template":"","meta":{"footnotes":""},"class_list":["post-14791","page","type-page","status-publish","hentry","entry"],"_links":{"self":[{"href":"https:\/\/ottevenyikastely.hu\/ar\/wp-json\/wp\/v2\/pages\/14791","targetHints":{"allow":["GET"]}}],"collection":[{"href":"https:\/\/ottevenyikastely.hu\/ar\/wp-json\/wp\/v2\/pages"}],"about":[{"href":"https:\/\/ottevenyikastely.hu\/ar\/wp-json\/wp\/v2\/types\/page"}],"author":[{"embeddable":true,"href":"https:\/\/ottevenyikastely.hu\/ar\/wp-json\/wp\/v2\/users\/7"}],"replies":[{"embeddable":true,"href":"https:\/\/ottevenyikastely.hu\/ar\/wp-json\/wp\/v2\/comments?post=14791"}],"version-history":[{"count":58,"href":"https:\/\/ottevenyikastely.hu\/ar\/wp-json\/wp\/v2\/pages\/14791\/revisions"}],"predecessor-version":[{"id":14911,"href":"https:\/\/ottevenyikastely.hu\/ar\/wp-json\/wp\/v2\/pages\/14791\/revisions\/14911"}],"wp:attachment":[{"href":"https:\/\/ottevenyikastely.hu\/ar\/wp-json\/wp\/v2\/media?parent=14791"}],"curies":[{"name":"\u062f\u0628\u0644\u064a\u0648 \u0628\u064a","href":"https:\/\/api.w.org\/{rel}","templated":true}]}}