{"id":14900,"date":"2026-04-18T02:18:32","date_gmt":"2026-04-18T00:18:32","guid":{"rendered":"https:\/\/ottevenyikastely.hu\/?page_id=14900"},"modified":"2026-04-18T03:10:21","modified_gmt":"2026-04-18T01:10:21","slug":"meeting-cegeknek","status":"publish","type":"page","link":"https:\/\/ottevenyikastely.hu\/ar\/meeting-cegeknek\/","title":{"rendered":"meeting c\u00e9geknek"},"content":{"rendered":"<div data-elementor-type=\"wp-page\" data-elementor-id=\"14900\" class=\"elementor elementor-14900\" data-elementor-post-type=\"page\">\n\t\t\t\t<div class=\"elementor-element elementor-element-e49bc96 e-flex e-con-boxed e-con e-parent\" data-id=\"e49bc96\" data-element_type=\"container\" data-e-type=\"container\">\n\t\t\t\t\t<div class=\"e-con-inner\">\n\t\t\t\t<div class=\"elementor-element elementor-element-94f75b9 elementor-widget elementor-widget-spacer\" data-id=\"94f75b9\" data-element_type=\"widget\" data-e-type=\"widget\" data-widget_type=\"spacer.default\">\n\t\t\t\t<div class=\"elementor-widget-container\">\n\t\t\t\t\t\t\t<div class=\"elementor-spacer\">\n\t\t\t<div class=\"elementor-spacer-inner\"><\/div>\n\t\t<\/div>\n\t\t\t\t\t\t<\/div>\n\t\t\t\t<\/div>\n\t\t\t\t<div class=\"elementor-element elementor-element-9d71def elementor-widget elementor-widget-heading\" data-id=\"9d71def\" data-element_type=\"widget\" data-e-type=\"widget\" data-widget_type=\"heading.default\">\n\t\t\t\t<div class=\"elementor-widget-container\">\n\t\t\t\t\t<h2 class=\"elementor-heading-title elementor-size-default\">Executive &amp; Leadership Retreat <\/h2>\t\t\t\t<\/div>\n\t\t\t\t<\/div>\n\t\t\t\t\t<\/div>\n\t\t\t\t<\/div>\n\t\t<div class=\"elementor-element elementor-element-2ebe4f2 e-flex e-con-boxed e-con e-parent\" data-id=\"2ebe4f2\" data-element_type=\"container\" data-e-type=\"container\">\n\t\t\t\t\t<div class=\"e-con-inner\">\n\t\t\t\t<div class=\"elementor-element elementor-element-a731e38 elementor-widget elementor-widget-spacer\" data-id=\"a731e38\" data-element_type=\"widget\" data-e-type=\"widget\" data-widget_type=\"spacer.default\">\n\t\t\t\t<div class=\"elementor-widget-container\">\n\t\t\t\t\t\t\t<div class=\"elementor-spacer\">\n\t\t\t<div class=\"elementor-spacer-inner\"><\/div>\n\t\t<\/div>\n\t\t\t\t\t\t<\/div>\n\t\t\t\t<\/div>\n\t\t\t\t<div class=\"elementor-element elementor-element-2adf932 elementor-widget elementor-widget-image\" data-id=\"2adf932\" data-element_type=\"widget\" data-e-type=\"widget\" data-widget_type=\"image.default\">\n\t\t\t\t<div class=\"elementor-widget-container\">\n\t\t\t\t\t\t\t\t\t\t\t\t\t\t\t<img fetchpriority=\"high\" decoding=\"async\" width=\"768\" height=\"576\" src=\"https:\/\/ottevenyikastely.hu\/wp-content\/uploads\/2026\/04\/IMG_5054-768x576.jpeg\" class=\"attachment-medium_large size-medium_large wp-image-14912\" alt=\"\" srcset=\"https:\/\/ottevenyikastely.hu\/wp-content\/uploads\/2026\/04\/IMG_5054-768x576.jpeg 768w, https:\/\/ottevenyikastely.hu\/wp-content\/uploads\/2026\/04\/IMG_5054-300x225.jpeg 300w, https:\/\/ottevenyikastely.hu\/wp-content\/uploads\/2026\/04\/IMG_5054-1024x768.jpeg 1024w, https:\/\/ottevenyikastely.hu\/wp-content\/uploads\/2026\/04\/IMG_5054-1536x1152.jpeg 1536w, https:\/\/ottevenyikastely.hu\/wp-content\/uploads\/2026\/04\/IMG_5054-2048x1536.jpeg 2048w, https:\/\/ottevenyikastely.hu\/wp-content\/uploads\/2026\/04\/IMG_5054-16x12.jpeg 16w\" sizes=\"(max-width: 768px) 100vw, 768px\" title=\"\">\t\t\t\t\t\t\t\t\t\t\t\t\t\t\t<\/div>\n\t\t\t\t<\/div>\n\t\t\t\t\t<\/div>\n\t\t\t\t<\/div>\n\t\t<div class=\"elementor-element elementor-element-3f23a3c e-flex e-con-boxed e-con e-parent\" data-id=\"3f23a3c\" data-element_type=\"container\" data-e-type=\"container\">\n\t\t\t\t\t<div class=\"e-con-inner\">\n\t\t\t\t<div class=\"elementor-element elementor-element-180dc7b elementor-widget elementor-widget-text-editor\" data-id=\"180dc7b\" data-element_type=\"widget\" data-e-type=\"widget\" data-widget_type=\"text-editor.default\">\n\t\t\t\t<div class=\"elementor-widget-container\">\n\t\t\t\t\t\t\t\t\t<p data-start=\"145\" data-end=\"206\"><span style=\"text-decoration: underline;\"><span style=\"color: #993300;\"><strong data-start=\"145\" data-end=\"206\">Amikor a strat\u00e9giai gondolkod\u00e1s val\u00f3di t\u00e9rre van sz\u00fcks\u00e9ge<\/strong><\/span><\/span><\/p>\n<p data-start=\"208\" data-end=\"563\">A legjobb d\u00f6nt\u00e9sek nem az irod\u00e1ban sz\u00fcletnek. A napi operat\u00edv zaj, a folyamatos megszak\u00edt\u00e1sok \u00e9s a megszokott k\u00f6rnyezet gyakran g\u00e1tolj\u00e1k a val\u00f3di el\u0151rel\u00e9p\u00e9st. A F\u00f6ldv\u00e1ry Kast\u00e9ly exkluz\u00edv leadership retreat programja lehet\u0151s\u00e9get ad arra, hogy \u00d6n \u00e9s vezet\u0151i csapata kiszakadjon a h\u00e9tk\u00f6znapokb\u00f3l, \u00e9s egy inspir\u00e1l\u00f3, diszkr\u00e9t k\u00f6rnyezetben f\u00f3kusz\u00e1ljon a j\u00f6v\u0151re.<\/p>\n<h3 data-section-id=\"1s50th9\" data-start=\"565\" data-end=\"610\"><span style=\"text-decoration: underline;\"><span style=\"color: #993300;\" role=\"text\"><strong data-start=\"569\" data-end=\"610\">Mi\u00e9rt \u00e9rdemes retreatben gondolkodni?<\/strong><\/span><\/span><\/h3>\n<ul data-start=\"612\" data-end=\"1058\">\n<li data-section-id=\"6teklr\" data-start=\"612\" data-end=\"705\"><strong data-start=\"614\" data-end=\"642\">Strat\u00e9giai tiszt\u00e1nl\u00e1t\u00e1s:<\/strong> t\u00e1vol a napi m\u0171k\u00f6d\u00e9st\u0151l, val\u00f3di f\u00f3kusz a hossz\u00fa t\u00e1v\u00fa c\u00e9lokon<\/li>\n<li data-section-id=\"15zya9j\" data-start=\"706\" data-end=\"785\"><strong data-start=\"708\" data-end=\"738\">Gyorsabb \u00e9s jobb d\u00f6nt\u00e9sek:<\/strong> megszak\u00edt\u00e1smentes, dedik\u00e1lt gondolkod\u00e1si id\u0151<\/li>\n<li data-section-id=\"znv0yj\" data-start=\"786\" data-end=\"871\"><strong data-start=\"788\" data-end=\"815\">Er\u0151sebb vezet\u0151i csapat:<\/strong> m\u00e9lyebb kapcsol\u00f3d\u00e1s, bizalom\u00e9p\u00edt\u00e9s, k\u00f6z\u00f6s gondolkod\u00e1s, lojalit\u00e1s \u00e9p\u00edt\u00e9s<\/li>\n<li data-section-id=\"tz82p8\" data-start=\"872\" data-end=\"972\"><strong data-start=\"874\" data-end=\"907\">Innov\u00e1ci\u00f3 \u00e9s \u00faj perspekt\u00edv\u00e1k:<\/strong> inspir\u00e1l\u00f3 k\u00f6rnyezet, amely seg\u00edt kil\u00e9pni a megszokott s\u00e9m\u00e1kb\u00f3l<\/li>\n<li data-section-id=\"umd1y6\" data-start=\"973\" data-end=\"1058\"><strong data-start=\"975\" data-end=\"990\">Diszkr\u00e9ci\u00f3:<\/strong> z\u00e1rt VIP k\u00f6rnyezet, ahol bizalmas t\u00e9m\u00e1k is biztons\u00e1ggal megvitathat\u00f3k<\/li>\n<\/ul>\n<h3 data-section-id=\"1turo\" data-start=\"1060\" data-end=\"1110\"><span style=\"text-decoration: underline;\"><strong><span style=\"color: #993300; text-decoration: underline;\" role=\"text\">A F\u00f6ldv\u00e1ry Kast\u00e9ly el\u0151nyei vezet\u0151k sz\u00e1m\u00e1ra<\/span><\/strong><\/span><\/h3>\n<p data-start=\"1112\" data-end=\"1316\">A kast\u00e9ly teljes, kiz\u00e1r\u00f3lagos haszn\u00e1lata biztos\u00edtja, hogy \u00d6n \u00e9s csapata zavartalanul dolgozhasson \u00e9s t\u00f6lthesse egy\u00fctt az id\u0151t. A t\u00f6rt\u00e9nelmi, m\u00e9gis modern k\u00f6rnyezet egyszerre ny\u00fajt eleganci\u00e1t \u00e9s nyugalmat.<\/p>\n<ul data-start=\"1318\" data-end=\"1617\">\n<li data-section-id=\"1qoft7g\" data-start=\"1318\" data-end=\"1359\">14 eleg\u00e1ns szoba vezet\u0151i elhelyez\u00e9sre<\/li>\n<li data-section-id=\"17qnmy6\" data-start=\"1360\" data-end=\"1396\">T\u00e1gas k\u00f6z\u00f6ss\u00e9gi \u00e9s t\u00e1rgyal\u00f3terek<\/li>\n<li data-section-id=\"a92xfv\" data-start=\"1397\" data-end=\"1450\">\u0150sf\u00e1s \u00e9s vadaspark inspir\u00e1l\u00f3 s\u00e9t\u00e1khoz \u00e9s besz\u00e9lget\u00e9sekhez<\/li>\n<li data-section-id=\"1lrxxb4\" data-start=\"1451\" data-end=\"1492\">Teljes diszkr\u00e9ci\u00f3 \u00e9s priv\u00e1t haszn\u00e1lat<\/li>\n<li data-section-id=\"q1smi8\" data-start=\"1493\" data-end=\"1536\">Pr\u00e9mium gasztron\u00f3mia, teljes ell\u00e1t\u00e1ssal<\/li>\n<li data-section-id=\"6mbfre\" data-start=\"1537\" data-end=\"1617\">Kieg\u00e9sz\u00edt\u0151 \u00e9lm\u00e9nyek: sport, wellness, medence, term\u00e9szetk\u00f6zeli kikapcsol\u00f3d\u00e1s<\/li>\n<\/ul>\n<h3 data-section-id=\"5rwjyf\" data-start=\"1619\" data-end=\"1668\"><span style=\"text-decoration: underline;\"><span style=\"color: #993300;\" role=\"text\"><strong data-start=\"1623\" data-end=\"1668\">T\u00f6bb mint helysz\u00edn \u2013 val\u00f3di \u00fczleti eszk\u00f6z<\/strong><\/span><\/span><\/h3>\n<p data-start=\"1670\" data-end=\"1774\">A retreat nem csup\u00e1n egy \u201eoffsite meeting\u201d, hanem egy tudatosan fel\u00e9p\u00edtett vezet\u0151i eszk\u00f6z, amely seg\u00edti:<\/p>\n<ul data-start=\"1776\" data-end=\"1982\">\n<li data-section-id=\"1xbm6g8\" data-start=\"1776\" data-end=\"1818\">\u00e9ves vagy negyed\u00e9ves strat\u00e9giaalkot\u00e1st<\/li>\n<li data-section-id=\"rkbgqf\" data-start=\"1819\" data-end=\"1860\">szervezeti \u00e1talakul\u00e1sok el\u0151k\u00e9sz\u00edt\u00e9s\u00e9t<\/li>\n<li data-section-id=\"1x3hnys\" data-start=\"1861\" data-end=\"1902\">vezet\u0151i csapatok \u00fajraszinkroniz\u00e1l\u00e1s\u00e1t<\/li>\n<li data-section-id=\"1mzlczr\" data-start=\"1903\" data-end=\"1951\">ki\u00e9g\u00e9s megel\u0151z\u00e9s\u00e9t \u00e9s energiaszint n\u00f6vel\u00e9s\u00e9t<\/li>\n<li data-section-id=\"bcn549\" data-start=\"1952\" data-end=\"1982\">kulcsd\u00f6nt\u00e9sek meghozatal\u00e1t<\/li>\n<\/ul>\n<p data-start=\"1984\" data-end=\"2117\">Ig\u00e9ny eset\u00e9n seg\u00edt\u00fcnk a program szakmai tartalm\u00e1nak kialak\u00edt\u00e1s\u00e1ban is, bevonva tapasztalt tr\u00e9nereket, coachokat vagy facilit\u00e1torokat.<\/p>\n<h3 data-section-id=\"psnhjl\" data-start=\"2119\" data-end=\"2173\"><span style=\"text-decoration: underline;\"><span style=\"color: #993300;\" role=\"text\"><strong data-start=\"2123\" data-end=\"2173\">Egyens\u00faly a teljes\u00edtm\u00e9ny \u00e9s felt\u00f6lt\u0151d\u00e9s k\u00f6z\u00f6tt<\/strong><\/span><\/span><\/h3>\n<p data-start=\"2175\" data-end=\"2322\">A hat\u00e9kony munka \u00e9s a val\u00f3di felt\u00f6lt\u0151d\u00e9s k\u00e9z a k\u00e9zben j\u00e1r. A napk\u00f6zbeni f\u00f3kusz\u00e1lt munka ut\u00e1n a kast\u00e9ly ide\u00e1lis teret biztos\u00edt a kikapcsol\u00f3d\u00e1sra is:<\/p>\n<ul data-start=\"2324\" data-end=\"2465\">\n<li data-section-id=\"1im1wx0\" data-start=\"2324\" data-end=\"2365\">k\u00f6z\u00f6s vacsor\u00e1k inspir\u00e1l\u00f3 k\u00f6rnyezetben, Grillez\u00e9s vagy ak\u00e1r Michelin csillagos s\u00e9ffel<\/li>\n<li data-section-id=\"k9hd5j\" data-start=\"2366\" data-end=\"2401\">bork\u00f3stol\u00f3k \u00e9s gasztro \u00e9lm\u00e9nyek, Pannonhalmi borvid\u00e9k<\/li>\n<li data-section-id=\"lcsa68\" data-start=\"2402\" data-end=\"2438\">k\u00f6nnyed sport \u00e9s mozg\u00e1sprogramok, bicikli t\u00fara<\/li>\n<li data-section-id=\"9ocqml\" data-start=\"2439\" data-end=\"2465\">medenceparti relax\u00e1ci\u00f3, kedd reggeli Brunch<\/li>\n<\/ul>\n<h3 data-section-id=\"1f62i1z\" data-start=\"2467\" data-end=\"2490\"><span style=\"text-decoration: underline;\"><span style=\"color: #993300;\" role=\"text\"><strong data-start=\"2471\" data-end=\"2490\">Kinek aj\u00e1nljuk?<\/strong><\/span><\/span><\/h3>\n<ul data-start=\"2492\" data-end=\"2693\">\n<li data-section-id=\"9mauro\" data-start=\"2492\" data-end=\"2537\">c\u00e9gvezet\u0151knek \u00e9s fels\u0151vezet\u0151i csapatoknak<\/li>\n<li data-section-id=\"jdt8hb\" data-start=\"2538\" data-end=\"2588\">tulajdonosoknak \u00e9s board szint\u0171 d\u00f6nt\u00e9shoz\u00f3knak<\/li>\n<li data-section-id=\"mmmcfv\" data-start=\"2589\" data-end=\"2630\">gyorsan n\u00f6vekv\u0151 v\u00e1llalatok vezet\u0151inek<\/li>\n<li data-section-id=\"8d6kqb\" data-start=\"2631\" data-end=\"2693\">olyan szervezeteknek, ahol a strat\u00e9giai f\u00f3kusz kulcsk\u00e9rd\u00e9s<\/li>\n<\/ul>\n<hr data-start=\"2695\" data-end=\"2698\">\n<p data-start=\"2700\" data-end=\"2869\"><span style=\"text-decoration: underline;\"><span style=\"color: #993300;\"><strong data-start=\"2700\" data-end=\"2757\">Adjon val\u00f3di teret a gondolkod\u00e1snak \u00e9s a d\u00f6nt\u00e9seknek.<\/strong><\/span><\/span><br data-start=\"2757\" data-end=\"2760\">A F\u00f6ldv\u00e1ry Kast\u00e9ly nem csup\u00e1n helysz\u00edn \u2013 hanem egy olyan k\u00f6rnyezet, ahol a vezet\u0151i munka \u00faj szintre emelhet\u0151.<\/p>\n<p data-start=\"2871\" data-end=\"2968\" data-is-last-node=\"\" data-is-only-node=\"\"><span style=\"text-decoration: underline;\"><span style=\"color: #993300;\"><strong data-start=\"2871\" data-end=\"2968\" data-is-last-node=\"\">Vegye fel vel\u00fcnk a kapcsolatot, \u00e9s tervezz\u00fck meg k\u00f6z\u00f6sen az \u00d6n leadership retreat programj\u00e1t.<\/strong><\/span><\/span><\/p>\t\t\t\t\t\t\t\t<\/div>\n\t\t\t\t<\/div>\n\t\t\t\t\t<\/div>\n\t\t\t\t<\/div>\n\t\t<div class=\"elementor-element elementor-element-0ed16e2 e-grid e-con-boxed e-con e-parent\" data-id=\"0ed16e2\" data-element_type=\"container\" data-e-type=\"container\">\n\t\t\t\t\t<div class=\"e-con-inner\">\n\t\t\t\t<div class=\"elementor-element elementor-element-530a410 elementor-widget elementor-widget-image\" data-id=\"530a410\" data-element_type=\"widget\" data-e-type=\"widget\" data-widget_type=\"image.default\">\n\t\t\t\t<div class=\"elementor-widget-container\">\n\t\t\t\t\t\t\t\t\t\t\t\t\t\t\t<img decoding=\"async\" width=\"768\" height=\"1024\" src=\"https:\/\/ottevenyikastely.hu\/wp-content\/uploads\/2026\/04\/IMG_5787-768x1024.jpeg\" class=\"attachment-large size-large wp-image-14784\" alt=\"\" srcset=\"https:\/\/ottevenyikastely.hu\/wp-content\/uploads\/2026\/04\/IMG_5787-768x1024.jpeg 768w, https:\/\/ottevenyikastely.hu\/wp-content\/uploads\/2026\/04\/IMG_5787-225x300.jpeg 225w, https:\/\/ottevenyikastely.hu\/wp-content\/uploads\/2026\/04\/IMG_5787-1152x1536.jpeg 1152w, https:\/\/ottevenyikastely.hu\/wp-content\/uploads\/2026\/04\/IMG_5787-1536x2048.jpeg 1536w, https:\/\/ottevenyikastely.hu\/wp-content\/uploads\/2026\/04\/IMG_5787-9x12.jpeg 9w, https:\/\/ottevenyikastely.hu\/wp-content\/uploads\/2026\/04\/IMG_5787-scaled.jpeg 1920w\" sizes=\"(max-width: 768px) 100vw, 768px\" title=\"\">\t\t\t\t\t\t\t\t\t\t\t\t\t\t\t<\/div>\n\t\t\t\t<\/div>\n\t\t\t\t<div class=\"elementor-element elementor-element-cad18b7 elementor-widget elementor-widget-image\" data-id=\"cad18b7\" data-element_type=\"widget\" data-e-type=\"widget\" data-widget_type=\"image.default\">\n\t\t\t\t<div class=\"elementor-widget-container\">\n\t\t\t\t\t\t\t\t\t\t\t\t\t\t\t<img decoding=\"async\" width=\"768\" height=\"1024\" src=\"https:\/\/ottevenyikastely.hu\/wp-content\/uploads\/2026\/04\/IMG_3747-768x1024.jpeg\" class=\"attachment-large size-large wp-image-14927\" alt=\"\" srcset=\"https:\/\/ottevenyikastely.hu\/wp-content\/uploads\/2026\/04\/IMG_3747-768x1024.jpeg 768w, https:\/\/ottevenyikastely.hu\/wp-content\/uploads\/2026\/04\/IMG_3747-225x300.jpeg 225w, https:\/\/ottevenyikastely.hu\/wp-content\/uploads\/2026\/04\/IMG_3747-1152x1536.jpeg 1152w, https:\/\/ottevenyikastely.hu\/wp-content\/uploads\/2026\/04\/IMG_3747-1536x2048.jpeg 1536w, https:\/\/ottevenyikastely.hu\/wp-content\/uploads\/2026\/04\/IMG_3747-9x12.jpeg 9w, https:\/\/ottevenyikastely.hu\/wp-content\/uploads\/2026\/04\/IMG_3747-scaled.jpeg 1920w\" sizes=\"(max-width: 768px) 100vw, 768px\" title=\"\">\t\t\t\t\t\t\t\t\t\t\t\t\t\t\t<\/div>\n\t\t\t\t<\/div>\n\t\t\t\t<div class=\"elementor-element elementor-element-a1388a5 elementor-widget elementor-widget-image\" data-id=\"a1388a5\" data-element_type=\"widget\" data-e-type=\"widget\" data-widget_type=\"image.default\">\n\t\t\t\t<div class=\"elementor-widget-container\">\n\t\t\t\t\t\t\t\t\t\t\t\t\t\t\t<img loading=\"lazy\" decoding=\"async\" width=\"768\" height=\"1024\" src=\"https:\/\/ottevenyikastely.hu\/wp-content\/uploads\/2026\/04\/IMG_5489-768x1024.jpeg\" class=\"attachment-large size-large wp-image-14783\" alt=\"\" srcset=\"https:\/\/ottevenyikastely.hu\/wp-content\/uploads\/2026\/04\/IMG_5489-768x1024.jpeg 768w, https:\/\/ottevenyikastely.hu\/wp-content\/uploads\/2026\/04\/IMG_5489-225x300.jpeg 225w, https:\/\/ottevenyikastely.hu\/wp-content\/uploads\/2026\/04\/IMG_5489-1152x1536.jpeg 1152w, https:\/\/ottevenyikastely.hu\/wp-content\/uploads\/2026\/04\/IMG_5489-1536x2048.jpeg 1536w, https:\/\/ottevenyikastely.hu\/wp-content\/uploads\/2026\/04\/IMG_5489-9x12.jpeg 9w, https:\/\/ottevenyikastely.hu\/wp-content\/uploads\/2026\/04\/IMG_5489-scaled.jpeg 1920w\" sizes=\"(max-width: 768px) 100vw, 768px\" title=\"\">\t\t\t\t\t\t\t\t\t\t\t\t\t\t\t<\/div>\n\t\t\t\t<\/div>\n\t\t\t\t\t<\/div>\n\t\t\t\t<\/div>\n\t\t<div class=\"elementor-element elementor-element-8299816 e-flex e-con-boxed e-con e-parent\" data-id=\"8299816\" data-element_type=\"container\" data-e-type=\"container\">\n\t\t\t\t\t<div class=\"e-con-inner\">\n\t\t\t\t<div class=\"elementor-element elementor-element-8c95c2c elementor-widget elementor-widget-spacer\" data-id=\"8c95c2c\" data-element_type=\"widget\" data-e-type=\"widget\" data-widget_type=\"spacer.default\">\n\t\t\t\t<div class=\"elementor-widget-container\">\n\t\t\t\t\t\t\t<div class=\"elementor-spacer\">\n\t\t\t<div class=\"elementor-spacer-inner\"><\/div>\n\t\t<\/div>\n\t\t\t\t\t\t<\/div>\n\t\t\t\t<\/div>\n\t\t\t\t\t<\/div>\n\t\t\t\t<\/div>\n\t\t\t\t<\/div>","protected":false},"excerpt":{"rendered":"<p>Executive &amp; Leadership Retreat Amikor a strat\u00e9giai gondolkod\u00e1s val\u00f3di t\u00e9rre van sz\u00fcks\u00e9ge A legjobb d\u00f6nt\u00e9sek nem az irod\u00e1ban sz\u00fcletnek. A napi operat\u00edv zaj, a folyamatos megszak\u00edt\u00e1sok \u00e9s a megszokott k\u00f6rnyezet gyakran g\u00e1tolj\u00e1k a val\u00f3di el\u0151rel\u00e9p\u00e9st. A F\u00f6ldv\u00e1ry Kast\u00e9ly exkluz\u00edv leadership retreat programja lehet\u0151s\u00e9get ad arra, hogy \u00d6n \u00e9s vezet\u0151i csapata kiszakadjon a h\u00e9tk\u00f6znapokb\u00f3l, \u00e9s egy [&hellip;]<\/p>","protected":false},"author":7,"featured_media":0,"parent":0,"menu_order":0,"comment_status":"closed","ping_status":"closed","template":"","meta":{"footnotes":""},"class_list":["post-14900","page","type-page","status-publish","hentry","entry"],"_links":{"self":[{"href":"https:\/\/ottevenyikastely.hu\/ar\/wp-json\/wp\/v2\/pages\/14900","targetHints":{"allow":["GET"]}}],"collection":[{"href":"https:\/\/ottevenyikastely.hu\/ar\/wp-json\/wp\/v2\/pages"}],"about":[{"href":"https:\/\/ottevenyikastely.hu\/ar\/wp-json\/wp\/v2\/types\/page"}],"author":[{"embeddable":true,"href":"https:\/\/ottevenyikastely.hu\/ar\/wp-json\/wp\/v2\/users\/7"}],"replies":[{"embeddable":true,"href":"https:\/\/ottevenyikastely.hu\/ar\/wp-json\/wp\/v2\/comments?post=14900"}],"version-history":[{"count":28,"href":"https:\/\/ottevenyikastely.hu\/ar\/wp-json\/wp\/v2\/pages\/14900\/revisions"}],"predecessor-version":[{"id":14950,"href":"https:\/\/ottevenyikastely.hu\/ar\/wp-json\/wp\/v2\/pages\/14900\/revisions\/14950"}],"wp:attachment":[{"href":"https:\/\/ottevenyikastely.hu\/ar\/wp-json\/wp\/v2\/media?parent=14900"}],"curies":[{"name":"\u062f\u0628\u0644\u064a\u0648 \u0628\u064a","href":"https:\/\/api.w.org\/{rel}","templated":true}]}}