{"id":4163,"date":"2023-06-12T17:02:21","date_gmt":"2023-06-12T15:02:21","guid":{"rendered":"https:\/\/ottevenyikastely.hu\/?page_id=4163"},"modified":"2023-11-20T13:52:32","modified_gmt":"2023-11-20T12:52:32","slug":"%d8%a7%d9%84%d8%b5%d9%81%d8%ad%d8%a9-%d8%a7%d9%84%d8%b1%d8%a6%d9%8a%d8%b3%d9%8a%d8%a9-en-2","status":"publish","type":"page","link":"https:\/\/ottevenyikastely.hu\/ar\/%d8%a7%d9%84%d8%b5%d9%81%d8%ad%d8%a9-%d8%a7%d9%84%d8%b1%d8%a6%d9%8a%d8%b3%d9%8a%d8%a9-en-2\/","title":{"rendered":"\u0627\u0644\u0635\u0641\u062d\u0629 \u0627\u0644\u0631\u0626\u064a\u0633\u064a\u0629-EN"},"content":{"rendered":"<div  class=\"one withsmallpadding ppb_text_image withbg parallax\" style=\"background-image:url(https:\/\/ottevenyikastely.hu\/wp-content\/uploads\/2023\/08\/nyeremenyjatek-2.jpg);background-position: center top;text-align:left;padding:205px 0 205px 0;\" >\n<div class=\"standard_wrapper\">\n<div class=\"page_content_wrapper\">\n<div class=\"inner\">\n<div style=\"margin:auto;width:100%\">\n<h1 style=\"color: #fff; font-size: 55px;\">Chateau F\u00f6ldv\u00e1ry F\u00f6ldv\u00e1ry<\/h1>\n<h1 class=\"widgettitle\" style=\"color: #fff; border-color: #fff; margin-top: 20px; font-size: 35px;\">\u0627\u0644\u0627\u0641\u062a\u062a\u0627\u062d \u0627\u0644\u0643\u0628\u064a\u0631 2024 1 \u0645\u0627\u064a\u0648 2024.<\/h1>\n<\/div>\n<\/div>\n<\/div>\n<\/div>\n<\/div>\n<div  class=\"ppb_image_half_boxed_fixed_width one\" style=\"margin-top:40px;margin-bottom:40px;\" >\n<div class=\"standard_wrapper\">\n<div class=\"page_content_wrapper\">\n<div class=\"inner\">\n<div class=\"one_half content_middle\" style=\"background-image:url(https:\/\/ottevenyikastely.hu\/wp-content\/uploads\/2023\/06\/1486930_763125647105896_2599009561480863766_n-Enhanced.jpg);min-height:405px;\"><\/div>\n<div class=\"one_half last content_middle fixed\" style=\"padding:40px;text-align:center;min-height:405px; background-color:#ffffff;\">\n<div class=\"content_middle_wrapper\">\n<div class=\"content_middle_content\">\n<h2 class=\"ppb_title\" style=\"\">\u062d\u0641\u0644\u0627\u062a \u0627\u0644\u0632\u0641\u0627\u0641<\/h2>\n<div class=\"ppb_header_content\">\n<blockquote>\n<p style=\"text-align: justify;\">\u062a\u064f\u0639\u062f \u0642\u0644\u0639\u062a\u0646\u0627 \u0645\u0646\u0627\u0633\u0628\u0629 \u062a\u0645\u0627\u0645\u0627\u064b \u0644\u062a\u0646\u0638\u064a\u0645 \u062d\u0641\u0644 \u0632\u0641\u0627\u0641 \u0639\u0644\u0649 \u0645\u0627\u0626\u062f\u0629 \u0645\u0633\u062a\u062f\u064a\u0631\u0629 \u062a\u062a\u0633\u0639 \u0644\u0645\u0627 \u064a\u0635\u0644 \u0625\u0644\u0649 160 \u0634\u062e\u0635\u0627\u064b. \u0645\u0646 \u062e\u0644\u0627\u0644 \u0627\u0633\u062a\u0626\u062c\u0627\u0631 \u0627\u0644\u0642\u0644\u0639\u0629\u060c \u064a\u0645\u0643\u0646\u0646\u0627 \u062a\u0648\u0641\u064a\u0631 \u0627\u0644\u062e\u0635\u0648\u0635\u064a\u0629 \u0627\u0644\u0643\u0627\u0645\u0644\u0629 \u0644\u062a\u0646\u0641\u064a\u0630 \u062d\u0641\u0644 \u0632\u0641\u0627\u0641 \u062e\u0627\u0635 \u0628\u0634\u0643\u0644 \u0645\u062b\u0627\u0644\u064a.<\/p>\n<p style=\"text-align: left;\"><a href=\"https:\/\/ottevenyikastely.hu\/en\/weddings\/\">\u0627\u0644\u0642\u0635\u0631 \u0643\u0645\u0643\u0627\u0646 \u0644\u0625\u0642\u0627\u0645\u0629 \u062d\u0641\u0644\u0627\u062a \u0627\u0644\u0632\u0641\u0627\u0641<\/a><\/p>\n<\/blockquote>\n<\/div>\n<\/div>\n<\/div>\n<\/div>\n<p><br class=\"clear\"\/><\/div>\n<\/div>\n<\/div>\n<\/div>\n<div  class=\"ppb_image_half_boxed_fixed_width one\" style=\"margin-top:40px;margin-bottom:40px;\" >\n<div class=\"standard_wrapper\">\n<div class=\"page_content_wrapper\">\n<div class=\"inner\">\n<div class=\"one_half content_middle fixed\" style=\"padding:40px; text-align:center;min-height:450px;background-color:#ffffff;\">\n<div class=\"content_middle_wrapper\">\n<div class=\"content_middle_content\">\n<h2 class=\"ppb_title\" style=\"\">\u062e\u062f\u0645\u0627\u062a\u0646\u0627 <\/h2>\n<div class=\"ppb_header_content\">\n<ul>\n<li>\n<blockquote>\n<p>\u062a\u0646\u0638\u064a\u0645 \u062d\u0641\u0644\u0627\u062a \u0627\u0644\u0632\u0641\u0627\u0641 \u0648\u0627\u0644\u0645\u0646\u0627\u0633\u0628\u0627\u062a<\/p>\n<\/blockquote>\n<\/li>\n<li>\n<blockquote>\n<p>\u062a\u0648\u0641\u064a\u0631 \u0645\u0648\u0627\u0642\u0639 \u0644\u0644\u0625\u0646\u062a\u0627\u062c \u0627\u0644\u0633\u064a\u0646\u0645\u0627\u0626\u064a \u0648\u0627\u0644\u062a\u0635\u0648\u064a\u0631 \u0627\u0644\u0641\u0648\u062a\u0648\u063a\u0631\u0627\u0641\u064a \u0627\u0644\u0627\u062d\u062a\u0631\u0627\u0641\u064a<\/p>\n<\/blockquote>\n<\/li>\n<li>\n<blockquote>\n<p>\u0645\u0648\u0627\u0642\u0639 \u062a\u0635\u0648\u064a\u0631 \u0645\u062c\u0627\u0646\u064a\u0629 \u0644\u0644\u0623\u0632\u0648\u0627\u062c \u0641\u064a \u062d\u0641\u0644\u0627\u062a \u0627\u0644\u0632\u0641\u0627\u0641<\/p>\n<\/blockquote>\n<\/li>\n<li>\n<blockquote>\n<p>\u0628\u0646\u0627\u0621 \u0627\u0644\u0641\u0631\u064a\u0642 \u0648\u0641\u0639\u0627\u0644\u064a\u0627\u062a \u0627\u0644\u0634\u0631\u0643\u0627\u062a<\/p>\n<\/blockquote>\n<\/li>\n<li>\n<blockquote>\n<p><strong><a title=\"\u0627\u0644\u0636\u064a\u0627\u0641\u0629\" href=\"https:\/\/ottevenyikastely.hu\/en\/hospitality\/\">\u062e\u062f\u0645\u0627\u062a \u062a\u0642\u062f\u064a\u0645 \u0627\u0644\u0637\u0639\u0627\u0645<\/a><\/strong><\/p>\n<\/blockquote>\n<\/li>\n<\/ul>\n<blockquote>\n<p style=\"color: #374151;\"><\/blockquote>\n<\/div>\n<\/div>\n<\/div>\n<\/div>\n<div class=\"one_half content_middle last\" style=\"background-image:url(https:\/\/ottevenyikastely.hu\/wp-content\/uploads\/2023\/06\/287356032_996920847685811_7607236231232610045_n.jpg);min-height:450px;\"><\/div>\n<p><br class=\"clear\"\/><\/div>\n<\/div>\n<\/div>\n<\/div>\n<div  class=\"one withsmallpadding ppb_text_image withbg parallax\" style=\"background-image:url(https:\/\/ottevenyikastely.hu\/wp-content\/uploads\/2023\/06\/IMG_0856-1.jpg);background-position: center top;text-align:center;padding:280px 0 280px 0;color:#ffffff !important;\" >\n<div class=\"overlay_background\" style=\"background:#000000;background:rgb(0,0,0,0.2);background:rgba(0,0,0,0.2);\"><\/div>\n<div class=\"standard_wrapper\">\n<div class=\"page_content_wrapper\">\n<div class=\"inner\">\n<div style=\"margin:auto;width:55%\">\n<h1 style=\"color:#fff;font-size:55px;\">Chateau F\u00f6ldv\u00e1ry F\u00f6ldv\u00e1ry<\/h1>\n<h1 class=\"widgettitle\" style=\"color:#fff;border-color:#fff;margin-top:20px;font-size:35px;\">\u0627\u0644\u0627\u0641\u062a\u062a\u0627\u062d \u0627\u0644\u0643\u0628\u064a\u0631 2024 1 \u0645\u0627\u064a\u0648 2024.<\/h1>\n<\/div>\n<\/div>\n<\/div>\n<\/div>\n<\/div>\n<div  class=\"ppb_image_half_boxed_fixed_width one\" style=\"margin-top:40px;margin-bottom:40px;\" >\n<div class=\"standard_wrapper\">\n<div class=\"page_content_wrapper\">\n<div class=\"inner\">\n<div class=\"one_half content_middle fixed\" style=\"padding:40px; text-align:center;min-height:600px;background-color:#ffffff;\">\n<div class=\"content_middle_wrapper\">\n<div class=\"content_middle_content\">\n<h2 class=\"ppb_title\" style=\"\">\u0646\u0628\u0630\u0629 \u0639\u0646 \u0627\u0644\u0642\u0644\u0639\u0629 <\/h2>\n<div class=\"ppb_header_content\">\n<blockquote>\n<p style=\"text-align: justify;\">\u062a\u0642\u0639 \u0642\u0644\u0639\u0629 F\u00f6ldv\u00e1ry \u0641\u064a \u0642\u0631\u064a\u0629 \u00d6ttev\u00e9ny \u0639\u0644\u0649 \u0628\u0639\u062f 15 \u0643\u0645 \u0645\u0646 \u062c\u064a\u0648\u0631 \u0641\u064a \u0627\u0644\u0645\u0646\u0637\u0642\u0629 \u0627\u0644\u063a\u0631\u0628\u064a\u0629 \u0645\u0646 \u0627\u0644\u0645\u062c\u0631. \u0648\u0642\u062f \u062d\u0627\u0641\u0638\u062a \u0627\u0644\u0642\u0631\u064a\u0629\u060c \u0627\u0644\u062a\u064a \u0634\u0647\u062f\u062a \u0627\u0644\u0639\u062f\u064a\u062f \u0645\u0646 \u0627\u0644\u062a\u063a\u064a\u064a\u0631\u0627\u062a \u0627\u0644\u062a\u0627\u0631\u064a\u062e\u064a\u0629 \u0639\u0644\u0649 \u0645\u0631 \u0627\u0644\u0632\u0645\u0646\u060c \u0639\u0644\u0649 \u0623\u0647\u0645\u064a\u062a\u0647\u0627 \u0627\u0644\u062a\u0627\u0631\u064a\u062e\u064a\u0629 \u0648\u062a\u0631\u0627\u062b\u0647\u0627 \u0627\u0644\u063a\u0646\u064a \u062d\u062a\u0649 \u064a\u0648\u0645\u0646\u0627 \u0647\u0630\u0627. \u0628\u064f\u0646\u064a\u062a \u0627\u0644\u0642\u0644\u0639\u0629 \u0641\u064a \u0639\u0627\u0645 1870 \u0639\u0644\u0649 \u0637\u0648\u0644 \u0627\u0644\u0637\u0631\u064a\u0642 \u0627\u0644\u0631\u0626\u064a\u0633\u064a \u0628\u064a\u0646 \u0641\u064a\u064a\u0646\u0627-\u0628\u0631\u0627\u062a\u064a\u0633\u0644\u0627\u0641\u0627-\u0628\u0648\u062f\u0627\u0628\u0633\u062a \u0639\u0644\u0649 \u064a\u062f \u0627\u0644\u0628\u0627\u0631\u0648\u0646 \u0645\u064a\u0643\u0644\u0648\u0633 F\u00f6ldv\u00e1ry (1840-1914)\u060c \u0623\u062d\u062f \u0623\u0643\u0628\u0631 \u0645\u0644\u0627\u0643 \u0627\u0644\u0623\u0631\u0627\u0636\u064a \u0641\u064a \u0630\u0644\u0643 \u0627\u0644\u0648\u0642\u062a\u060c \u0645\u0646 \u0623\u062c\u0644 \u0632\u0648\u062c\u062a\u0647\u060c \u0648\u0645\u0646\u0630 \u0630\u0644\u0643 \u0627\u0644\u062d\u064a\u0646 \u0623\u0635\u0628\u062d\u062a \u0631\u0645\u0632\u0627\u064b \u0644\u0644\u0642\u0631\u064a\u0629.<\/p>\n<p style=\"text-align: justify;\"><a href=\"https:\/\/ottevenyikastely.hu\/ar\/hu\/home-wedding-venue\/\">\u0627\u0639\u0631\u0641 \u0627\u0644\u0645\u0632\u064a\u062f<\/a><\/p>\n<\/blockquote>\n<\/div>\n<\/div>\n<\/div>\n<\/div>\n<div class=\"one_half content_middle last\" style=\"background-image:url(https:\/\/ottevenyikastely.hu\/wp-content\/uploads\/2023\/06\/IMG_0867-2.jpg);min-height:600px;\"><\/div>\n<p><br class=\"clear\"\/><\/div>\n<\/div>\n<\/div>\n<\/div>\n<div  class=\"one withsmallpadding ppb_header parallax withbg\" style=\"background-image:url(https:\/\/ottevenyikastely.hu\/wp-content\/uploads\/2023\/06\/Kepernyofoto-2023-06-11-6.29.59-2.jpeg);background-position: center top;text-align:center;padding:285px 0 285px 0;color:#ffffff;\" >\n<div class=\"overlay_background\" style=\"background:#000000;background:rgb(0,0,0,0.2);background:rgba(0,0,0,0.2);\"><\/div>\n<div class=\"standard_wrapper\">\n<div class=\"page_content_wrapper\">\n<div class=\"inner\">\n<div style=\"margin:auto;width:100%\"><\/div>\n<\/div>\n<\/div>\n<\/div>\n<\/div>","protected":false},"excerpt":{"rendered":"<p>Chateau F\u00f6ldv\u00e1ry \u0627\u0644\u0627\u0641\u062a\u062a\u0627\u062d \u0627\u0644\u0643\u0628\u064a\u0631 2024 1 \u0645\u0627\u064a\u0648 \u062d\u0641\u0644\u0627\u062a \u0627\u0644\u0632\u0641\u0627\u0641 \u0642\u0644\u0639\u062a\u0646\u0627 \u0645\u0646\u0627\u0633\u0628\u0629 \u062a\u0645\u0627\u0645\u0627\u064b \u0644\u062a\u0646\u0638\u064a\u0645 \u062d\u0641\u0644 \u0632\u0641\u0627\u0641 \u0639\u0644\u0649 \u0645\u0627\u0626\u062f\u0629 \u0645\u0633\u062a\u062f\u064a\u0631\u0629 \u062a\u062a\u0633\u0639 \u0644\u0640 160 \u0634\u062e\u0635\u0627\u064b. \u0645\u0639 \u0627\u0633\u062a\u0626\u062c\u0627\u0631 \u0627\u0644\u0642\u0644\u0639\u0629\u060c \u064a\u0645\u0643\u0646\u0646\u0627 \u062a\u0648\u0641\u064a\u0631 \u0627\u0644\u062e\u0635\u0648\u0635\u064a\u0629 \u0627\u0644\u0643\u0627\u0645\u0644\u0629 \u0644\u062a\u0646\u0641\u064a\u0630 \u062d\u0641\u0644 \u062e\u0627\u0635 \u0628\u0634\u0643\u0644 \u0645\u062b\u0627\u0644\u064a. \u0627\u0644\u0634\u0627\u062a\u0648 \u0643\u0645\u0643\u0627\u0646 \u0644\u0625\u0642\u0627\u0645\u0629 \u062d\u0641\u0644\u0627\u062a \u0627\u0644\u0632\u0641\u0627\u0641 \u062e\u062f\u0645\u0627\u062a\u0646\u0627 \u062a\u0646\u0638\u064a\u0645 \u062d\u0641\u0644\u0627\u062a \u0627\u0644\u0632\u0641\u0627\u0641 \u0648\u0627\u0644\u0645\u0646\u0627\u0633\u0628\u0627\u062a \u062a\u0648\u0641\u064a\u0631 [...]<\/p>","protected":false},"author":3,"featured_media":0,"parent":0,"menu_order":0,"comment_status":"closed","ping_status":"closed","template":"","meta":{"footnotes":""},"class_list":["post-4163","page","type-page","status-publish","hentry","entry"],"_links":{"self":[{"href":"https:\/\/ottevenyikastely.hu\/ar\/wp-json\/wp\/v2\/pages\/4163","targetHints":{"allow":["GET"]}}],"collection":[{"href":"https:\/\/ottevenyikastely.hu\/ar\/wp-json\/wp\/v2\/pages"}],"about":[{"href":"https:\/\/ottevenyikastely.hu\/ar\/wp-json\/wp\/v2\/types\/page"}],"author":[{"embeddable":true,"href":"https:\/\/ottevenyikastely.hu\/ar\/wp-json\/wp\/v2\/users\/3"}],"replies":[{"embeddable":true,"href":"https:\/\/ottevenyikastely.hu\/ar\/wp-json\/wp\/v2\/comments?post=4163"}],"version-history":[{"count":0,"href":"https:\/\/ottevenyikastely.hu\/ar\/wp-json\/wp\/v2\/pages\/4163\/revisions"}],"wp:attachment":[{"href":"https:\/\/ottevenyikastely.hu\/ar\/wp-json\/wp\/v2\/media?parent=4163"}],"curies":[{"name":"\u062f\u0628\u0644\u064a\u0648 \u0628\u064a","href":"https:\/\/api.w.org\/{rel}","templated":true}]}}