{"id":5321,"date":"2023-07-21T13:25:50","date_gmt":"2023-07-21T11:25:50","guid":{"rendered":"https:\/\/ottevenyikastely.hu\/?page_id=5321"},"modified":"2023-08-09T16:18:12","modified_gmt":"2023-08-09T14:18:12","slug":"%d8%a7%d8%b3%d8%aa%d9%87%d9%84%d8%a7%d9%83-%d8%a7%d9%84%d8%b7%d8%b9%d8%a7%d9%85-%d9%88%d8%a7%d9%84%d8%b4%d8%b1%d8%a7%d8%a8-2","status":"publish","type":"page","link":"https:\/\/ottevenyikastely.hu\/ar\/%d8%a7%d8%b3%d8%aa%d9%87%d9%84%d8%a7%d9%83-%d8%a7%d9%84%d8%b7%d8%b9%d8%a7%d9%85-%d9%88%d8%a7%d9%84%d8%b4%d8%b1%d8%a7%d8%a8-2\/","title":{"rendered":"\u0627\u0633\u062a\u0647\u0644\u0627\u0643 \u0627\u0644\u0637\u0639\u0627\u0645 \u0648\u0627\u0644\u0634\u0631\u0627\u0628"},"content":{"rendered":"<div  class=\"one withsmallpadding ppb_header\" style=\"text-align:left;padding:30px 0 30px 0;\" >\n<div class=\"standard_wrapper\">\n<div class=\"page_content_wrapper\">\n<div class=\"inner\">\n<div style=\"margin:auto;width:100%\">\n<h2 class=\"ppb_title\" style=\"\">\u0639\u0631\u0648\u0636 \u0627\u0644\u0645\u0634\u0631\u0648\u0628\u0627\u062a<\/h2>\n<\/div>\n<\/div>\n<\/div>\n<\/div>\n<\/div>\n<div  class=\"ppb_image_half_boxed_fixed_width one\" >\n<div class=\"standard_wrapper\">\n<div class=\"page_content_wrapper\">\n<div class=\"inner\">\n<div class=\"one_half content_middle fixed\" style=\"padding:0px; text-align:left;min-height:420px;\">\n<div class=\"content_middle_wrapper\">\n<div class=\"content_middle_content\">\n<h2 class=\"ppb_title\" style=\"\">\u0628\u0627\u0642\u0629 \u0627\u0644\u0645\u0634\u0631\u0648\u0628\u0627\u062a \u063a\u064a\u0631 \u0627\u0644\u0643\u062d\u0648\u0644\u064a\u0629<\/h2>\n<div class=\"ppb_header_content\">\n<ul>\n<li style=\"text-align: justify;\"><span style=\"color: #374151;\">\u0639\u0635\u0627\u0626\u0631 \u0641\u0648\u0627\u0643\u0647 \u0643\u0627\u0628\u064a (100% \u0639\u0635\u064a\u0631 \u0628\u0631\u062a\u0642\u0627\u0644\u060c \u0639\u0635\u064a\u0631 \u062e\u0648\u062e\u060c \u0639\u0635\u064a\u0631 \u062a\u0641\u0627\u062d) <\/span><\/li>\n<li style=\"text-align: justify;\"><span style=\"color: #374151;\">\u0645\u064a\u0627\u0647 \u0645\u0639\u062f\u0646\u064a\u0629 \u0646\u0627\u062a\u0634\u0648\u0631 \u0623\u0643\u0648\u0627 <\/span><\/li>\n<li style=\"text-align: justify;\"><span style=\"color: #374151;\">\u0627\u0644\u0634\u0631\u0627\u0628 \u0627\u0644\u0645\u0635\u0646\u0648\u0639 \u0645\u0646\u0632\u0644\u064a\u0627\u064b (\u0627\u0644\u062a\u0648\u062a\u060c \u0627\u0644\u0641\u0631\u0627\u0648\u0644\u0629\u060c \u0627\u0644\u0643\u064a\u0648\u064a\u060c \u0627\u0644\u062d\u0645\u0636\u064a\u0627\u062a\u060c \u0627\u0644\u062e\u0632\u0627\u0645\u0649\u060c \u0627\u0644\u0628\u0644\u0633\u0627\u0646) <\/span><\/li>\n<li style=\"text-align: justify;\"><span style=\"color: #374151;\">\u0643\u0648\u0643\u0627 \u0643\u0648\u0644\u0627\u060c \u0643\u0648\u0643\u0627\u0643\u0648\u0644\u0627\u060c \u0643\u0648\u0643\u0627\u0643\u0648\u0644\u0627 \u0632\u064a\u0631\u0648\u060c \u0641\u0627\u0646\u062a\u0627\u060c \u062a\u0648\u0646\u064a\u0643\u060c \u0632\u0646\u062c\u0628\u064a\u0644\u060c \u0633\u0628\u0631\u0627\u064a\u062a <\/span><\/li>\n<li style=\"text-align: justify;\"><span style=\"color: #374151;\">\u0634\u0627\u064a \u0641\u064a\u0648\u0632 \u062a\u064a \u0628\u0646\u0643\u0647\u0629 \u0627\u0644\u0644\u064a\u0645\u0648\u0646 \u0648\u0627\u0644\u062e\u0648\u062e <\/span><\/li>\n<li style=\"text-align: justify;\"><span style=\"color: #374151;\">\u0642\u0647\u0648\u0629\u060c \u0634\u0627\u064a<\/span><\/li>\n<\/ul>\n<\/div>\n<\/div>\n<\/div>\n<\/div>\n<p><br class=\"clear\"\/><\/div>\n<\/div>\n<\/div>\n<\/div>\n<div  class=\"ppb_image_half_boxed_fixed_width one\" >\n<div class=\"standard_wrapper\">\n<div class=\"page_content_wrapper\">\n<div class=\"inner\">\n<div class=\"one_half content_middle fixed\" style=\"padding:0px; text-align:left;min-height:420px;\">\n<div class=\"content_middle_wrapper\">\n<div class=\"content_middle_content\">\n<h2 class=\"ppb_title\" style=\"\">\u0628\u0627\u0642\u0629 \u0627\u0644\u0645\u0634\u0631\u0648\u0628\u0627\u062a \u0645\u0639 \u0627\u0644\u0628\u064a\u0631\u0629 \u0648\u0627\u0644\u0646\u0628\u064a\u0630<\/h2>\n<div class=\"ppb_header_content\">\n<ul>\n<li style=\"text-align: justify;\">\u0639\u0635\u0627\u0626\u0631 \u0641\u0648\u0627\u0643\u0647 \u0643\u0627\u0628\u064a (100% \u0639\u0635\u064a\u0631 \u0628\u0631\u062a\u0642\u0627\u0644\u060c \u0639\u0635\u064a\u0631 \u062e\u0648\u062e\u060c \u0639\u0635\u064a\u0631 \u062a\u0641\u0627\u062d)<\/li>\n<li style=\"text-align: justify;\">\u0645\u064a\u0627\u0647 \u0645\u0639\u062f\u0646\u064a\u0629 \u0646\u0627\u062a\u0634\u0648\u0631 \u0623\u0643\u0648\u0627<\/li>\n<li style=\"text-align: justify;\">\u0634\u0631\u0627\u0628 \u0645\u062d\u0644\u064a \u0627\u0644\u0635\u0646\u0639 (\u0627\u0644\u062a\u0648\u062a\u060c \u0627\u0644\u0641\u0631\u0627\u0648\u0644\u0629\u060c \u0627\u0644\u0643\u0634\u0645\u0634 \u0627\u0644\u0623\u0633\u0648\u062f\u060c \u0627\u0644\u0643\u0631\u0632\u060c \u0627\u0644\u0632\u0646\u062c\u0628\u064a\u0644\u060c \u0627\u0644\u0628\u0644\u0633\u0627\u0646)<\/li>\n<li style=\"text-align: justify;\">\u0643\u0648\u0643\u0627 \u0643\u0648\u0644\u0627\u060c \u0643\u0648\u0643\u0627\u0643\u0648\u0644\u0627\u060c \u0643\u0648\u0643\u0627\u0643\u0648\u0644\u0627 \u0632\u064a\u0631\u0648\u060c \u0641\u0627\u0646\u062a\u0627\u060c \u062a\u0648\u0646\u064a\u0643\u060c \u0632\u0646\u062c\u0628\u064a\u0644\u060c \u0633\u0628\u0631\u0627\u064a\u062a<\/li>\n<li style=\"text-align: justify;\">\u0634\u0627\u064a \u0641\u064a\u0648\u0632 \u062a\u064a \u0628\u0646\u0643\u0647\u0629 \u0627\u0644\u0644\u064a\u0645\u0648\u0646 \u0648\u0627\u0644\u062e\u0648\u062e<\/li>\n<li style=\"text-align: justify;\">\u0628\u064a\u0631\u0629 \"\u0633\u0648\u0628\u0631\u0648\u0646\u064a\" \u0648\"\u0647\u0627\u064a\u0646\u0643\u0646\",<\/li>\n<li style=\"text-align: justify;\">\u0628\u064a\u0631\u0629 \u0647\u0627\u064a\u0646\u0643\u0646 \u063a\u064a\u0631 \u0627\u0644\u0643\u062d\u0648\u0644\u064a\u0629 \u0647\u0627\u064a\u0646\u0643\u0646 \u0648\u062c\u0648\u0633\u0631 \u0646\u0627\u062a\u0648\u0631 \u0644\u064a\u0645\u0648\u0646\u060c \u0645\u064a\u0644\u0631<\/li>\n<li style=\"text-align: justify;\">\u0646\u0628\u064a\u0630 \u0628\u0627\u0646\u0648\u0646\u0647\u0627\u0644\u0645\u064a (\u0633\u0627\u0641\u064a\u0646\u064a\u0648\u0646 \u0628\u0644\u0627\u0646\u0643\u060c \u062a\u0631\u064a\u0643\u0648\u0644\u064a\u0633 \u0631\u0648\u0632\u064a\u0647\u060c \u0647\u064a\u0645\u064a\u0646\u0627)<\/li>\n<li style=\"text-align: justify;\">\u0645\u0634\u0631\u0648\u0628 \u0627\u0644\u0637\u0627\u0642\u0629<\/li>\n<li style=\"text-align: justify;\">\u0646\u0628\u064a\u0630 \u0641\u0648\u0627\u0631 (\u062d\u0644\u0648\u060c \u062c\u0627\u0641\u060c \u0623\u0637\u0641\u0627\u0644)<\/li>\n<li style=\"text-align: justify;\">\u0642\u0647\u0648\u0629\u060c \u0634\u0627\u064a\n<p>\u062a\u062a\u0648\u0641\u0631 \u062c\u0645\u064a\u0639 \u0623\u0646\u0648\u0627\u0639 \u0627\u0644\u0628\u064a\u0631\u0629 \u0648\u0627\u0644\u0646\u0628\u064a\u0630 \u0627\u0644\u062a\u064a \u064a\u0642\u0644 \u0633\u0639\u0631\u0647\u0627 \u0639\u0646 1,500 \u0642\u062f\u0645\/\u062f\u064a\u0633\u064a\u0644\u062a\u0631 \u0628\u0627\u0644\u0644\u063a\u0629 \u0627\u0644\u0623\u0644\u0645\u0627\u0646\u064a\u0629.<\/li>\n<\/ul>\n<\/div>\n<\/div>\n<\/div>\n<\/div>\n<p><br class=\"clear\"\/><\/div>\n<\/div>\n<\/div>\n<\/div>\n<div  class=\"ppb_image_half_boxed_fixed_width one\" >\n<div class=\"standard_wrapper\">\n<div class=\"page_content_wrapper\">\n<div class=\"inner\">\n<div class=\"one_half content_middle fixed\" style=\"padding:0px; text-align:left;min-height:420px;\">\n<div class=\"content_middle_wrapper\">\n<div class=\"content_middle_content\">\n<h2 class=\"ppb_title\" style=\"\">\u0639\u0628\u0648\u0629 \u0627\u0644\u0645\u0634\u0631\u0648\u0628\u0627\u062a \u0645\u0639 \u0627\u0644\u0645\u0633\u0643\u0631<\/h2>\n<div class=\"ppb_header_content\">\n<ul>\n<li style=\"text-align: left;\">\u0639\u0635\u0627\u0626\u0631 \u0641\u0648\u0627\u0643\u0647 \u0643\u0627\u0628\u064a (100% \u0639\u0635\u064a\u0631 \u0628\u0631\u062a\u0642\u0627\u0644\u060c \u0639\u0635\u064a\u0631 \u062e\u0648\u062e\u060c \u0639\u0635\u064a\u0631 \u062a\u0641\u0627\u062d)<\/li>\n<li style=\"text-align: left;\">\u0645\u064a\u0627\u0647 \u0645\u0639\u062f\u0646\u064a\u0629 \u0646\u0627\u062a\u0634\u0648\u0631 \u0623\u0643\u0648\u0627<\/li>\n<li style=\"text-align: left;\">\u0642\u0647\u0648\u0629\u060c \u0634\u0627\u064a<\/li>\n<li style=\"text-align: left;\">\u0634\u0631\u0627\u0628 \u0645\u062d\u0644\u064a \u0627\u0644\u0635\u0646\u0639 (\u0627\u0644\u062a\u0648\u062a\u060c \u0627\u0644\u0641\u0631\u0627\u0648\u0644\u0629\u060c \u0627\u0644\u0643\u0634\u0645\u0634 \u0627\u0644\u0623\u0633\u0648\u062f\u060c \u0627\u0644\u0643\u0631\u0632\u060c \u0627\u0644\u0632\u0646\u062c\u0628\u064a\u0644\u060c \u0627\u0644\u0628\u0644\u0633\u0627\u0646)<\/li>\n<li style=\"text-align: left;\">\u0643\u0648\u0643\u0627 \u0643\u0648\u0644\u0627\u060c \u0643\u0648\u0643\u0627\u0643\u0648\u0644\u0627\u060c \u0643\u0648\u0643\u0627\u0643\u0648\u0644\u0627 \u0632\u064a\u0631\u0648\u060c \u0641\u0627\u0646\u062a\u0627\u060c \u062a\u0648\u0646\u064a\u0643\u060c \u0632\u0646\u062c\u0628\u064a\u0644\u060c \u0633\u0628\u0631\u0627\u064a\u062a<\/li>\n<li style=\"text-align: left;\">\u0634\u0627\u064a \u0641\u064a\u0648\u0632 \u062a\u064a \u0628\u0646\u0643\u0647\u0629 \u0627\u0644\u0644\u064a\u0645\u0648\u0646 \u0648\u0627\u0644\u062e\u0648\u062e<\/li>\n<li style=\"text-align: left;\">\u0627\u0644\u0628\u064a\u0631\u0629 \u0627\u0644\u0645\u0633\u062d\u0648\u0628\u0629 \u0645\u0646 \u0633\u0648\u0628\u0631\u0648\u0646\u064a \u0648\u0647\u0627\u064a\u0646\u0643\u0646\u060c \u0645\u064a\u0644\u0631<\/li>\n<li style=\"text-align: left;\">\u0628\u064a\u0631\u0629 \u0647\u0627\u064a\u0646\u0643\u0646 \u063a\u064a\u0631 \u0627\u0644\u0643\u062d\u0648\u0644\u064a\u0629 \u0647\u0627\u064a\u0646\u0643\u0646 \u0648\u062c\u0648\u0633\u0631 \u0646\u0627\u062a\u0648\u0631 \u0644\u064a\u0645\u0648\u0646<\/li>\n<li style=\"text-align: left;\">\u0646\u0628\u064a\u0630 \u0628\u0627\u0646\u0648\u0646\u0647\u0627\u0644\u0645\u064a (\u0633\u0627\u0641\u064a\u0646\u064a\u0648\u0646 \u0628\u0644\u0627\u0646\u0643\u060c \u062a\u0631\u064a\u0643\u0648\u0644\u064a\u0633 \u0631\u0648\u0632\u064a\u0647\u060c \u0647\u064a\u0645\u064a\u0646\u0627)<\/li>\n<li style=\"text-align: left;\">\u0641\u0648\u062f\u0643\u0627\u060c \u0628\u0627\u0643\u0627\u0631\u062f\u064a\u060c \u064a\u0648\u0646\u064a\u0643\u0648\u0645\u060c \u062c\u0627\u062c\u0631\u0645\u0627\u064a\u0633\u062a\u0631\u060c \u0628\u064a\u0644\u064a\u060c \u0647\u0648\u0628\u0631\u062a\u0648\u0633\u060c \u0645\u0627\u0631\u062a\u064a\u0646\u064a\u060c \u062c\u0627\u0643 \u062f\u0627\u0646\u064a\u064a\u0644\u0632\u060c \u062c\u064a\u0646<\/li>\n<li style=\"text-align: left;\">\u0645\u0634\u0631\u0648\u0628 \u0627\u0644\u0637\u0627\u0642\u0629<\/li>\n<li style=\"text-align: left;\">\u0646\u0628\u064a\u0630 \u0641\u0648\u0627\u0631 (\u062d\u0644\u0648\u060c \u062c\u0627\u0641\u060c \u0623\u0637\u0641\u0627\u0644)\n<p>\u062a\u0642\u0631\u064a\u0628\u0627\u064b \u062c\u0645\u064a\u0639 \u0627\u0644\u0645\u0634\u0631\u0648\u0628\u0627\u062a \u0627\u0644\u0642\u0635\u064a\u0631\u0629 \u0627\u0644\u062a\u064a \u0633\u062a\u062c\u062f\u0647\u0627 \u0641\u064a \u0627\u0644\u062d\u0627\u0646\u0629\u060c \u0648\u0627\u0644\u062a\u064a \u062a\u0642\u0644 \u062a\u0643\u0644\u0641\u062a\u0647\u0627 \u0639\u0646 2,000 \u0642\u062f\u0645 \/ 4 \u0633\u0644\u060c \u0645\u062a\u0648\u0641\u0631\u0629 \u0628\u0627\u0644\u0644\u063a\u0629 \u0627\u0644\u0623\u0644\u0645\u0627\u0646\u064a\u0629.<\/li>\n<\/ul>\n<\/div>\n<\/div>\n<\/div>\n<\/div>\n<p><br class=\"clear\"\/><\/div>\n<\/div>\n<\/div>\n<\/div>\n<div  class=\"one withsmallpadding ppb_header\" style=\"text-align:left;padding:30px 0 30px 0;\" >\n<div class=\"standard_wrapper\">\n<div class=\"page_content_wrapper\">\n<div class=\"inner\">\n<div style=\"margin:auto;width:100%\">\n<h2 class=\"ppb_title\" style=\"\">\u0645\u0634\u0631\u0648\u0628\u0627\u062a \u062a\u0631\u062d\u064a\u0628\u064a\u0629<\/h2>\n<\/div>\n<\/div>\n<\/div>\n<\/div>\n<\/div>\n<div  class=\"ppb_image_half_boxed_fixed_width one\" >\n<div class=\"standard_wrapper\">\n<div class=\"page_content_wrapper\">\n<div class=\"inner\">\n<div class=\"one_half content_middle fixed\" style=\"padding:0px; text-align:left;min-height:420px;\">\n<div class=\"content_middle_wrapper\">\n<div class=\"content_middle_content\">\n<div class=\"ppb_header_content\">\n<p style=\"color: #374151;\">\u0639\u0635\u064a\u0631 \u0627\u0644\u0644\u064a\u0645\u0648\u0646\u0627\u0636\u0629 \u0627\u0644\u062a\u0631\u062d\u064a\u0628\u064a - 900 \u0642\u062f\u0645\/\u0634\u062e\u0635 - \u0639\u0635\u064a\u0631 \u0644\u064a\u0645\u0648\u0646\u0627\u0636\u0629 \u0645\u0646\u0632\u0644\u064a \u0627\u0644\u0635\u0646\u0639 (\u0627\u0644\u062a\u0648\u062a\u060c \u0627\u0644\u0628\u0644\u0633\u0627\u0646\u060c \u0627\u0644\u0641\u0627\u0643\u0647\u0629 \u0627\u0644\u0641\u0648\u0627\u0631\u0629)<\/p>\n<p style=\"color: #374151;\">\u0646\u0628\u064a\u0630 \u062a\u0631\u062d\u064a\u0628\u064a - 1.400 \u0642\u062f\u0645\/\u0634\u062e\u0635 - \u0646\u0628\u064a\u0630 \u0641\u0648\u0627\u0631 \u0645\u0646 \u0645\u0635\u0646\u0639 \u0646\u0628\u064a\u0630 \u0628\u0627\u0628\u0627\u0631\u0643\u0632\u064a \u0641\u064a \u0628\u0627\u0646\u0648\u0646\u0647\u0627\u0644\u0645\u0627 - \u0639\u0635\u064a\u0631 \u0627\u0644\u0644\u064a\u0645\u0648\u0646\u0627\u0636\u0629 \u0627\u0644\u0645\u0635\u0646\u0648\u0639 \u0645\u0646\u0632\u0644\u064a\u0627\u064b (\u0627\u0644\u062a\u0648\u062a\u060c \u0627\u0644\u0628\u0644\u0633\u0627\u0646\u060c \u0627\u0644\u0641\u0627\u0643\u0647\u0629 \u0627\u0644\u0641\u0648\u0627\u0631\u0629)<\/p>\n<p style=\"color: #374151;\">\u0627\u0644\u0646\u0628\u064a\u0630 \u0627\u0644\u0641\u0648\u0627\u0631 \u0627\u0644\u062a\u0631\u062d\u064a\u0628\u064a - 2.400 \u0642\u062f\u0645\/\u0634\u062e\u0635 - \u0646\u0628\u064a\u0630 \u0641\u0648\u0627\u0631 \u062d\u0644\u0648 \u0648\u062c\u0627\u0641 \u0645\u0646 \u062a\u0648\u0631\u0644\u064a - \u0639\u0635\u064a\u0631 \u0627\u0644\u0644\u064a\u0645\u0648\u0646\u0627\u0636\u0629 \u0645\u062d\u0644\u064a \u0627\u0644\u0635\u0646\u0639 (\u0627\u0644\u062a\u0648\u062a\u060c \u0627\u0644\u0628\u0644\u0633\u0627\u0646\u060c \u0627\u0644\u0641\u0627\u0643\u0647\u0629 \u0627\u0644\u0641\u0648\u0627\u0631\u0629)<\/p>\n<p style=\"color: #374151;\">\u0645\u0631\u062d\u0628\u0627\u064b \u0628\u0631\u0627\u0646\u062f\u064a \u0627\u0644\u0641\u0627\u0643\u0647\u0629 - 3.200 \u0642\u062f\u0645\/\u0634\u062e\u0635 - \u0628\u0631\u0627\u0646\u062f\u064a \u0627\u0644\u0641\u0627\u0643\u0647\u0629 \u0645\u0646 \u0628\u0627\u0646\u064a\u0648\u0644\u0627: \u0627\u0644\u0645\u0634\u0645\u0634 \u0648\u0627\u0644\u0628\u0631\u0642\u0648\u0642 \u0648\u0627\u0644\u0643\u0631\u0632 \u0627\u0644\u0623\u0633\u0648\u062f \u0648\u0627\u0644\u0633\u0641\u0631\u062c\u0644 - \u0639\u0635\u064a\u0631 \u0627\u0644\u0644\u064a\u0645\u0648\u0646\u0627\u062f\u0629 \u0627\u0644\u0645\u0635\u0646\u0648\u0639 \u0645\u0646\u0632\u0644\u064a\u0627\u064b (\u0627\u0644\u062a\u0648\u062a\u060c \u0627\u0644\u0628\u0644\u0633\u0627\u0646\u060c \u0627\u0644\u0641\u0627\u0643\u0647\u0629 \u0627\u0644\u0641\u0648\u0627\u0631\u0629)<\/p>\n<\/div>\n<\/div>\n<\/div>\n<\/div>\n<p><br class=\"clear\"\/><\/div>\n<\/div>\n<\/div>\n<\/div>\n<div  class=\"one withsmallpadding ppb_header\" style=\"text-align:left;padding:30px 0 30px 0;\" >\n<div class=\"standard_wrapper\">\n<div class=\"page_content_wrapper\">\n<div class=\"inner\">\n<div style=\"margin:auto;width:100%\">\n<h2 class=\"ppb_title\" style=\"\">\u0642\u0627\u0626\u0645\u0629 \u0627\u0644\u0637\u0639\u0627\u0645<\/h2>\n<\/div>\n<\/div>\n<\/div>\n<\/div>\n<\/div>\n<div  class=\"one ppb_card_two_cols_with_image\" style=\"position:relative;padding:0px 0 0px 0;\" >\n<div class=\"standard_wrapper\">\n<div class=\"page_content_wrapper\">\n<div class=\"inner\">\n<div class=\"one_half parallax_scroll\" style=\"width:50%;position:absolute;padding:0px;z-index:2;block !important;background:#fff;\" data-stellar-ratio=\"1.3\">\n<h2 class=\"ppb_title\" style=\"\">\u0642\u0627\u0626\u0645\u0629 \u0627\u0644\u0632\u0641\u0627\u0641 \u0627\u0644\u0647\u0646\u063a\u0627\u0631\u064a\u0629 \u0627\u0644\u062a\u0642\u0644\u064a\u062f\u064a\u0629<\/h2>\n<div class=\"ppb_header_content\">\n<p style=\"text-align: justify;\"><span style=\"color: #374151;\">\u0647\u0630\u0647 \u0627\u0644\u0642\u0627\u0626\u0645\u0629 \u0627\u0644\u0647\u0646\u063a\u0627\u0631\u064a\u0629 \u0627\u0644\u062a\u0642\u0644\u064a\u062f\u064a\u0629 \u0645\u0636\u0645\u0648\u0646\u0629 \u0644\u0625\u0631\u0636\u0627\u0621 \u062c\u0645\u064a\u0639 \u0627\u0644\u0623\u0630\u0648\u0627\u0642\u060c \u0648\u064a\u062a\u0637\u0644\u0639 \u0637\u0627\u0647\u064a\u0646\u0627 \u0627\u0644\u0646\u062c\u0645 Suga P\u00e9ter \u0648\u0641\u0631\u064a\u0642\u0647 \u0625\u0644\u0649 \u0625\u0639\u062f\u0627\u062f \u0647\u0630\u0647 \u0627\u0644\u0642\u0627\u0626\u0645\u0629 \u0627\u0644\u0631\u0627\u0626\u0639\u0629 \u0644\u064a\u0648\u0645\u0643 \u0627\u0644\u0643\u0628\u064a\u0631!<\/span><\/p>\n<\/div>\n<\/div>\n<div class=\"one_half parallax_scroll_image last\" style=\"width:50%;\"><\/div>\n<p><br class=\"clear\"\/><\/div>\n<\/div>\n<\/div>\n<\/div>\n<div  class=\"one ppb_card_two_cols_with_image\" style=\"position:relative;padding:0px 0 0px 0;\" >\n<div class=\"standard_wrapper\">\n<div class=\"page_content_wrapper\">\n<div class=\"inner\">\n<div class=\"one_half parallax_scroll\" style=\"width:50%;position:absolute;padding:0px;z-index:2;block !important;background:#fff;\" data-stellar-ratio=\"1.3\">\n<h2 class=\"ppb_title\" style=\"\">\u0642\u0627\u0626\u0645\u0629 \u0632\u0641\u0627\u0641 \u0627\u0644\u0630\u0648\u0627\u0642\u0629<\/h2>\n<div class=\"ppb_header_content\">\n<p><span style=\"color: #374151;\">\u0647\u0644 \u062a\u0631\u063a\u0628 \u0641\u064a \u0623\u0646 \u064a\u0642\u0648\u0645 \u0646\u064f\u062f\u064f\u0644\u0646\u0627 \u0630\u0648\u064a \u0627\u0644\u0642\u0641\u0627\u0632\u0627\u062a \u0627\u0644\u0628\u064a\u0636\u0627\u0621 \u0628\u062a\u0642\u062f\u064a\u0645 \u0642\u0627\u0626\u0645\u0629 \u0627\u0644\u0637\u0639\u0627\u0645 \u0627\u0644\u0634\u0647\u064a\u0629 \u0627\u0644\u062a\u064a \u0623\u0639\u062f\u0651\u0647\u0627 \u0644\u0643 \u0648\u0644\u0636\u064a\u0648\u0641\u0643 \u0645\u0646 \u0642\u0650\u0628\u0644 \u0637\u0627\u0647\u064a\u0646\u0627 \u0627\u0644\u0646\u062c\u0645 \u062a\u062d\u062a \u0627\u0644\u0642\u0628\u0639\u0627\u062a\u061f<\/span><\/p>\n<\/div>\n<\/div>\n<div class=\"one_half parallax_scroll_image last\" style=\"width:50%;\"><\/div>\n<p><br class=\"clear\"\/><\/div>\n<\/div>\n<\/div>\n<\/div>","protected":false},"excerpt":{"rendered":"<p>GETR\u00c4NKEANGEBOTE ALKOHOLFREIES GETR\u00c4NKEPAKET Cappy Fruchts\u00e4fte (100% Orangensaft, Pfirsichsaft, Apfelsaft) NaturAqua Mineralwasser Hausgemachte Sirupe (Himbeere, Erdbeere, Kiwi, Zitrusfr\u00fcchte, Lavendel, Holunder) Coca-Cola, Coke Zero, Fanta, Tonic, Ingwer, Sprite FuzeTea in Zitronen- und Pfirsichgeschmack Kaffee, Tee GETR\u00c4NKEPAKET MIT BIER UND WEIN Cappy Fruchts\u00e4fte (100% Orangensaft, Pfirsichsaft, Apfelsaft) NaturAqua Mineralwasser Hausgemachte Sirupe (Himbeere, Erdbeere, schwarze Johannisbeere, Kirsche, Ingwer, Holunder) [&hellip;]<\/p>","protected":false},"author":3,"featured_media":0,"parent":0,"menu_order":0,"comment_status":"closed","ping_status":"closed","template":"","meta":{"footnotes":""},"class_list":["post-5321","page","type-page","status-publish","hentry","entry"],"_links":{"self":[{"href":"https:\/\/ottevenyikastely.hu\/ar\/wp-json\/wp\/v2\/pages\/5321","targetHints":{"allow":["GET"]}}],"collection":[{"href":"https:\/\/ottevenyikastely.hu\/ar\/wp-json\/wp\/v2\/pages"}],"about":[{"href":"https:\/\/ottevenyikastely.hu\/ar\/wp-json\/wp\/v2\/types\/page"}],"author":[{"embeddable":true,"href":"https:\/\/ottevenyikastely.hu\/ar\/wp-json\/wp\/v2\/users\/3"}],"replies":[{"embeddable":true,"href":"https:\/\/ottevenyikastely.hu\/ar\/wp-json\/wp\/v2\/comments?post=5321"}],"version-history":[{"count":0,"href":"https:\/\/ottevenyikastely.hu\/ar\/wp-json\/wp\/v2\/pages\/5321\/revisions"}],"wp:attachment":[{"href":"https:\/\/ottevenyikastely.hu\/ar\/wp-json\/wp\/v2\/media?parent=5321"}],"curies":[{"name":"\u062f\u0628\u0644\u064a\u0648 \u0628\u064a","href":"https:\/\/api.w.org\/{rel}","templated":true}]}}