{"id":7578,"date":"2024-05-08T12:23:32","date_gmt":"2024-05-08T10:23:32","guid":{"rendered":"https:\/\/ottevenyikastely.hu\/?page_id=7578"},"modified":"2024-07-09T20:55:00","modified_gmt":"2024-07-09T18:55:00","slug":"%d8%a7%d9%84%d8%a3%d8%ad%d8%af%d8%a7%d8%ab","status":"publish","type":"page","link":"https:\/\/ottevenyikastely.hu\/ar\/%d8%a7%d9%84%d8%a3%d8%ad%d8%af%d8%a7%d8%ab\/","title":{"rendered":"\u0627\u0644\u0641\u0639\u0627\u0644\u064a\u0627\u062a"},"content":{"rendered":"<div data-elementor-type=\"wp-page\" data-elementor-id=\"7578\" class=\"elementor elementor-7578\" data-elementor-post-type=\"page\">\n\t\t\t\t<div class=\"elementor-element elementor-element-fab271a e-con-full e-flex e-con e-parent\" data-id=\"fab271a\" data-element_type=\"container\" data-e-type=\"container\" data-settings=\"{&quot;background_background&quot;:&quot;classic&quot;}\">\n\t\t<div class=\"elementor-element elementor-element-f770a4f e-con-full e-flex e-con e-child\" data-id=\"f770a4f\" data-element_type=\"container\" data-e-type=\"container\">\n\t\t\t\t<div class=\"elementor-element elementor-element-b34c8d7 elementor-widget elementor-widget-heading\" data-id=\"b34c8d7\" data-element_type=\"widget\" data-e-type=\"widget\" data-widget_type=\"heading.default\">\n\t\t\t\t<div class=\"elementor-widget-container\">\n\t\t\t\t\t<h1 class=\"elementor-heading-title elementor-size-default\">\u0627\u0644\u0641\u0639\u0627\u0644\u064a\u0627\u062a<\/h1>\t\t\t\t<\/div>\n\t\t\t\t<\/div>\n\t\t\t\t<\/div>\n\t\t\t\t<\/div>\n\t\t<div class=\"elementor-element elementor-element-e08fc73 e-flex e-con-boxed e-con e-parent\" data-id=\"e08fc73\" data-element_type=\"container\" data-e-type=\"container\" data-settings=\"{&quot;background_background&quot;:&quot;classic&quot;}\">\n\t\t\t\t\t<div class=\"e-con-inner\">\n\t\t<div class=\"elementor-element elementor-element-deb8d34 e-flex e-con-boxed e-con e-child\" data-id=\"deb8d34\" data-element_type=\"container\" data-e-type=\"container\">\n\t\t\t\t\t<div class=\"e-con-inner\">\n\t\t<div class=\"elementor-element elementor-element-3717f9b e-flex e-con-boxed e-con e-child\" data-id=\"3717f9b\" data-element_type=\"container\" data-e-type=\"container\">\n\t\t\t\t\t<div class=\"e-con-inner\">\n\t\t\t\t<div class=\"elementor-element elementor-element-554b9eb elementor-cta--valign-middle elementor-widget__width-initial elementor-cta--skin-classic elementor-animated-content elementor-bg-transform elementor-bg-transform-zoom-in elementor-widget elementor-widget-call-to-action\" data-id=\"554b9eb\" data-element_type=\"widget\" data-e-type=\"widget\" data-widget_type=\"call-to-action.default\">\n\t\t\t\t<div class=\"elementor-widget-container\">\n\t\t\t\t\t\t\t<div class=\"elementor-cta\">\n\t\t\t\t\t<div class=\"elementor-cta__bg-wrapper\">\n\t\t\t\t<div class=\"elementor-cta__bg elementor-bg\" style=\"background-image: url(https:\/\/ottevenyikastely.hu\/wp-content\/uploads\/2024\/05\/kastely.png);\" role=\"img\" aria-label=\"\u0627\u0644\u0625\u062e\u0635\u0627\u0621\"><\/div>\n\t\t\t\t<div class=\"elementor-cta__bg-overlay\"><\/div>\n\t\t\t<\/div>\n\t\t\t\t\t\t\t<div class=\"elementor-cta__content\">\n\t\t\t\t\n\t\t\t\t\t\t\t\t\t<h2 class=\"elementor-cta__title elementor-cta__content-item elementor-content-item\">\n\t\t\t\t\t\tI. F\u00f6ldv\u00e1ry-\u064a\u0648\u0645 \u0627\u0644\u0642\u0644\u0639\u0629 F\u00f6ldv\u00e1ry-\u064a\u0648\u0645 \u0627\u0644\u0642\u0644\u0639\u0629 <br> \u0627\u0644\u062a\u0627\u0631\u064a\u062e: 2024.08.19\t\t\t\t\t<\/h2>\n\t\t\t\t\n\t\t\t\t\t\t\t\t\t<div class=\"elementor-cta__description elementor-cta__content-item elementor-content-item\">\n\t\t\t\t\t\t\u0645\u0639\u0631\u0636 \u0644\u0644\u062a\u062d\u0641 \u0641\u064a \u0641\u0646\u0627\u0621 \u0627\u0644\u0642\u0644\u0639\u0629 \u0648\u0645\u0639\u0631\u0636 \u062f\u0648\u0644\u064a \u0644\u0644\u062f\u0645\u0649 \u0648\u0627\u0644\u062f\u0628\u0628\u0629 \u0641\u064a \u062f\u0627\u062e\u0644 \u0627\u0644\u0642\u0644\u0639\u0629. \u0627\u0633\u062a\u0645\u062a\u0639 \u0628\u0645\u0634\u0627\u0647\u062f\u0629 \u0628\u0644 \u0648\u0634\u0631\u0627\u0621 \u0623\u0643\u062b\u0631 \u0627\u0644\u0622\u062b\u0627\u0631 \u0627\u0644\u062b\u0645\u064a\u0646\u0629 \u0645\u0646 \u0627\u0644\u0639\u0635\u0648\u0631 \u0627\u0644\u0642\u062f\u064a\u0645\u0629 \u0648\u0623\u062b\u0645\u0646 \u0643\u0646\u0648\u0632 \u0647\u0648\u0627\u0629 \u062c\u0645\u0639 \u0627\u0644\u062a\u062d\u0641. \u0625\u0644\u0649 \u062c\u0627\u0646\u0628 \u0627\u0644\u0645\u0639\u0631\u0636 \u0648\u0627\u0644\u0645\u0639\u0631\u0636\u060c \u0633\u064a\u0643\u0648\u0646 \u0644\u062f\u064a\u0646\u0627 \u0623\u064a\u0636\u0627\u064b \u0623\u0646\u0634\u0637\u0629 \u0645\u0635\u0627\u062d\u0628\u0629 \u0645\u062b\u064a\u0631\u0629 \u0644\u062c\u0639\u0644 \u0627\u0644\u0639\u0637\u0644\u0629 \u0644\u0627 \u062a\u0646\u0633\u0649 \u0644\u0644\u0635\u063a\u0627\u0631 \u0648\u0627\u0644\u0643\u0628\u0627\u0631 \u0639\u0644\u0649 \u062d\u062f \u0633\u0648\u0627\u0621. \u0623\u064a\u0627\u0645 F\u00f6ldv\u00e1ry \u0647\u064a \u062a\u0642\u0644\u064a\u062f \u0648\u062c\u0632\u0621 \u0644\u0627 \u064a\u062a\u062c\u0632\u0623 \u0645\u0646 \u064a\u0648\u0645 \u0627\u0644\u0642\u0631\u064a\u0629.\t\t\t\t\t<\/div>\n\t\t\t\t\n\t\t\t\t\t\t\t\t\t<div class=\"elementor-cta__button-wrapper elementor-cta__content-item elementor-content-item\">\n\t\t\t\t\t<a class=\"elementor-cta__button elementor-button elementor-size-\" href=\"https:\/\/ottevenyikastely.hu\/ar\/foldvary-kastely-napok-2024\/\">\n\t\t\t\t\t\t\u0633\u0623\u062a\u062d\u0642\u0642 \u0645\u0646\t\t\t\t\t<\/a>\n\t\t\t\t\t<\/div>\n\t\t\t\t\t\t\t<\/div>\n\t\t\t\t\t\t\t<div class=\"elementor-ribbon\">\n\t\t\t\t<div class=\"elementor-ribbon-inner\">\n\t\t\t\t\t\u0646\u0634\u0637\t\t\t\t<\/div>\n\t\t\t<\/div>\n\t\t\t\t<\/div>\n\t\t\t\t\t\t<\/div>\n\t\t\t\t<\/div>\n\t\t\t\t<div class=\"elementor-element elementor-element-46d8b22 elementor-cta--valign-middle elementor-widget__width-initial elementor-cta--skin-classic elementor-animated-content elementor-bg-transform elementor-bg-transform-zoom-in elementor-widget elementor-widget-call-to-action\" data-id=\"46d8b22\" data-element_type=\"widget\" data-e-type=\"widget\" data-widget_type=\"call-to-action.default\">\n\t\t\t\t<div class=\"elementor-widget-container\">\n\t\t\t\t\t\t\t<div class=\"elementor-cta\">\n\t\t\t\t\t<div class=\"elementor-cta__bg-wrapper\">\n\t\t\t\t<div class=\"elementor-cta__bg elementor-bg\" style=\"background-image: url(https:\/\/ottevenyikastely.hu\/wp-content\/uploads\/2024\/06\/Chateau_foldvary_kastely_eskuvoi_divatbemutato_es_kiallitas.jpg);\" role=\"img\" aria-label=\"\u0628\u0631\u0634\u0644\u0648\u0646\u0629\u060c -,-,\u0645\u0627\u064a\u0648,11:,\u0645\u0627\u064a\u0648,11:,\u0639\u0627\u0631\u0636\u0627\u062a \u0623\u0632\u064a\u0627\u0621,\u064a\u0645\u0634\u0648\u0646 \u0645\u0639,\u0643\u0627\u0631\u0648\u0644\u064a\u0646\u0627,\u0643\u0648\u0631\u0643\u0648\u0641\u0627,\u0639\u0627\u0631\u0636\u0629 \u0623\u0632\u064a\u0627\u0621\"><\/div>\n\t\t\t\t<div class=\"elementor-cta__bg-overlay\"><\/div>\n\t\t\t<\/div>\n\t\t\t\t\t\t\t<div class=\"elementor-cta__content\">\n\t\t\t\t\n\t\t\t\t\t\t\t\t\t<h2 class=\"elementor-cta__title elementor-cta__content-item elementor-content-item\">\n\t\t\t\t\t\t\u0639\u0631\u0636 \u0623\u0632\u064a\u0627\u0621 \u0627\u0644\u0632\u0641\u0627\u0641 \u0648\u0627\u0644\u0645\u0639\u0631\u0636 <br> \u0627\u0644\u062a\u0627\u0631\u064a\u062e: 28-29.09.2024.\t\t\t\t\t<\/h2>\n\t\t\t\t\n\t\t\t\t\t\t\t\t\t<div class=\"elementor-cta__description elementor-cta__content-item elementor-content-item\">\n\t\t\t\t\t\t\u064a\u062a\u0639\u0627\u0648\u0646 \u0645\u0635\u0645\u0645\u0648\u0646 \u0645\u0646 \u062b\u0644\u0627\u062b \u0645\u0646 \u0623\u0639\u0631\u0642 \u0645\u062f\u0646 \u0627\u0644\u0645\u0648\u0636\u0629 \u0641\u064a \u0627\u0644\u0645\u0646\u0637\u0642\u0629\u060c \u0641\u064a\u064a\u0646\u0627 \u0648\u0628\u0648\u062f\u0627\u0628\u0633\u062a \u0648\u0628\u0631\u0627\u062a\u064a\u0633\u0644\u0627\u0641\u0627\u060c \u0644\u0639\u0631\u0636 \u0623\u062d\u062f\u062b \u0635\u064a\u062d\u0627\u062a \u0627\u0644\u0645\u0648\u0636\u0629 \u0641\u064a \u0623\u0632\u064a\u0627\u0621 \u0627\u0644\u0632\u0641\u0627\u0641 \u0641\u064a \u0642\u0644\u0639\u0629 \u0641\u0648\u0644\u062f\u0641\u0627\u0631 \u0627\u0644\u0645\u0628\u0647\u0631\u0629. \u0633\u064a\u064f\u0642\u0627\u0645 \u0647\u0630\u0627 \u0627\u0644\u062d\u062f\u062b \u0641\u064a \u0627\u0644\u0641\u062a\u0631\u0629 \u0645\u0646 28 \u0625\u0644\u0649 29 \u0633\u0628\u062a\u0645\u0628\u0631 2024\u060c \u0648\u0633\u064a\u0633\u062a\u0642\u0628\u0644 \u0628\u0639\u0636\u0627\u064b \u0645\u0646 \u0623\u0628\u0631\u0632 \u0627\u0644\u0634\u062e\u0635\u064a\u0627\u062a \u0641\u064a \u0639\u0627\u0644\u0645 \u0627\u0644\u0645\u0648\u0636\u0629 \u0625\u0644\u0649 \u062c\u0627\u0646\u0628 \u0627\u0644\u0639\u0631\u0633\u0627\u0646 \u0627\u0644\u0645\u0647\u062a\u0645\u064a\u0646.\t\t\t\t\t<\/div>\n\t\t\t\t\n\t\t\t\t\t\t\t\t\t<div class=\"elementor-cta__button-wrapper elementor-cta__content-item elementor-content-item\">\n\t\t\t\t\t<a class=\"elementor-cta__button elementor-button elementor-size-\" href=\"https:\/\/ottevenyikastely.hu\/ar\/%d8%a5%d8%b3%d9%83%d9%88%d9%81%d9%88%d9%8a-%d8%af%d9%8a%d9%81%d8%a7%d8%aa%d8%a8%d9%8a%d9%85%d9%88%d8%aa%d9%88-%d8%a5%d8%b3-%d9%83%d9%8a%d8%a7%d9%84%d9%8a%d8%aa%d8%a7%d8%b3\/\">\n\t\t\t\t\t\t\u0633\u0623\u062a\u062d\u0642\u0642 \u0645\u0646\t\t\t\t\t<\/a>\n\t\t\t\t\t<\/div>\n\t\t\t\t\t\t\t<\/div>\n\t\t\t\t\t\t\t<div class=\"elementor-ribbon\">\n\t\t\t\t<div class=\"elementor-ribbon-inner\">\n\t\t\t\t\t\u0642\u0631\u064a\u0628\u0627\u064b\t\t\t\t<\/div>\n\t\t\t<\/div>\n\t\t\t\t<\/div>\n\t\t\t\t\t\t<\/div>\n\t\t\t\t<\/div>\n\t\t\t\t\t<\/div>\n\t\t\t\t<\/div>\n\t\t<div class=\"elementor-element elementor-element-bc59c57 e-flex e-con-boxed e-con e-child\" data-id=\"bc59c57\" data-element_type=\"container\" data-e-type=\"container\">\n\t\t\t\t\t<div class=\"e-con-inner\">\n\t\t\t\t<div class=\"elementor-element elementor-element-1dce12d elementor-cta--valign-middle elementor-widget__width-initial elementor-cta--skin-classic elementor-animated-content elementor-bg-transform elementor-bg-transform-zoom-in elementor-widget elementor-widget-call-to-action\" data-id=\"1dce12d\" data-element_type=\"widget\" data-e-type=\"widget\" data-widget_type=\"call-to-action.default\">\n\t\t\t\t<div class=\"elementor-widget-container\">\n\t\t\t\t\t\t\t<div class=\"elementor-cta\">\n\t\t\t\t\t<div class=\"elementor-cta__bg-wrapper\">\n\t\t\t\t<div class=\"elementor-cta__bg elementor-bg\" style=\"background-image: url(https:\/\/ottevenyikastely.hu\/wp-content\/uploads\/2024\/05\/Chateau_Foldvary_kastely.jpg);\" role=\"img\" aria-label=\"Chateau_\u0641\u0648\u0644\u062f\u0641\u0627\u0631\u064a_\u0643\u0627\u0633\u062a\u0644\u064a\"><\/div>\n\t\t\t\t<div class=\"elementor-cta__bg-overlay\"><\/div>\n\t\t\t<\/div>\n\t\t\t\t\t\t\t<div class=\"elementor-cta__content\">\n\t\t\t\t\n\t\t\t\t\t\t\t\t\t<h2 class=\"elementor-cta__title elementor-cta__content-item elementor-content-item\">\n\t\t\t\t\t\t\u0645\u0633\u0627\u0628\u0642\u0629 \u0627\u0644\u062a\u0635\u0648\u064a\u0631 \u0627\u0644\u0641\u0648\u062a\u0648\u063a\u0631\u0627\u0641\u064a <br> \u0627\u0644\u062a\u0627\u0631\u064a\u062e: 2024.06.01-2024.06.01-2025.06.01\t\t\t\t\t<\/h2>\n\t\t\t\t\n\t\t\t\t\t\t\t\t\t<div class=\"elementor-cta__description elementor-cta__content-item elementor-content-item\">\n\t\t\t\t\t\t\u062a\u0641\u062e\u0631 \u0642\u0644\u0639\u0629 \u0623\u0648\u062a\u0641\u064a\u0646\u064a \u0628\u0627\u0644\u0625\u0639\u0644\u0627\u0646 \u0639\u0646 \u0645\u0633\u0627\u0628\u0642\u0629 \u0627\u0644\u062a\u0635\u0648\u064a\u0631 \u0627\u0644\u0641\u0648\u062a\u0648\u063a\u0631\u0627\u0641\u064a \u0648\u0627\u0644\u0641\u064a\u062f\u064a\u0648 \"\u0623\u0631\u0628\u0639\u0629 \u0645\u0648\u0627\u0633\u0645 \u0641\u064a \u0642\u0644\u0639\u0629 \u0623\u0648\u062a\u0641\u064a\u0646\u064a\". \u0627\u0644\u0647\u062f\u0641 \u0645\u0646 \u0627\u0644\u0645\u0633\u0627\u0628\u0642\u0629 \u0647\u0648 \u0639\u0631\u0636 \u0627\u0644\u062c\u0645\u0627\u0644 \u0627\u0644\u0645\u062a\u063a\u064a\u0631 \u0648\u0627\u0644\u0622\u0633\u0631 \u0644\u0644\u0642\u0644\u0639\u0629 \u0648\u062d\u062f\u0627\u0626\u0642\u0647\u0627 \u0641\u064a \u062c\u0645\u064a\u0639 \u0627\u0644\u0641\u0635\u0648\u0644 \u0645\u0646 \u062e\u0644\u0627\u0644 \u0627\u0644\u0635\u0648\u0631 \u0627\u0644\u0641\u0648\u062a\u0648\u063a\u0631\u0627\u0641\u064a\u0629 \u0648\u0645\u0642\u0627\u0637\u0639 \u0627\u0644\u0641\u064a\u062f\u064a\u0648. \t\t\t\t\t<\/div>\n\t\t\t\t\n\t\t\t\t\t\t\t\t\t<div class=\"elementor-cta__button-wrapper elementor-cta__content-item elementor-content-item\">\n\t\t\t\t\t<a class=\"elementor-cta__button elementor-button elementor-size-\" href=\"https:\/\/ottevenyikastely.hu\/ar\/%d9%81%d9%88%d8%aa%d9%88%d8%a8%d8%a7%d9%84%d9%8a%d8%b2%d8%a7%d8%aa_2024\/\">\n\t\t\t\t\t\t\u0633\u0623\u062a\u062d\u0642\u0642 \u0645\u0646\t\t\t\t\t<\/a>\n\t\t\t\t\t<\/div>\n\t\t\t\t\t\t\t<\/div>\n\t\t\t\t\t\t\t<div class=\"elementor-ribbon\">\n\t\t\t\t<div class=\"elementor-ribbon-inner\">\n\t\t\t\t\t\u0645\u063a\u0644\u0642\t\t\t\t<\/div>\n\t\t\t<\/div>\n\t\t\t\t<\/div>\n\t\t\t\t\t\t<\/div>\n\t\t\t\t<\/div>\n\t\t\t\t\t<\/div>\n\t\t\t\t<\/div>\n\t\t\t\t\t<\/div>\n\t\t\t\t<\/div>\n\t\t\t\t\t<\/div>\n\t\t\t\t<\/div>\n\t\t\t\t<\/div>","protected":false},"excerpt":{"rendered":"<p>Esem\u00e9nyek I. F\u00f6ldv\u00e1ry-kast\u00e9ly nap Id\u0151pont: 2024.08.19 R\u00e9gis\u00e9g v\u00e1s\u00e1r a kast\u00e9ly udvaron \u00e9s nemzetk\u00f6zi baba- mack\u00f3 ki\u00e1ll\u00edt\u00e1s a kast\u00e9ly bels\u0151 tereiben v\u00e1rja \u00d6nt. Csod\u00e1lja \u00e9s ak\u00e1r v\u00e1s\u00e1rolja meg a r\u00e9gi id\u0151k f\u00e9ltett erekly\u00e9it \u00e9s a gy\u0171jt\u0151k leg\u00e9rt\u00e9kesebb kincseit. A ki\u00e1ll\u00edt\u00e1ssal \u00e9s v\u00e1s\u00e1rral p\u00e1rhuzamosan, izgalmas k\u00eds\u00e9r\u0151 programokkal tessz\u00fck eml\u00e9kezetess\u00e9 mind a kicsik, mind a nagyok sz\u00e1m\u00e1ra az [&hellip;]<\/p>","protected":false},"author":3,"featured_media":0,"parent":0,"menu_order":0,"comment_status":"closed","ping_status":"closed","template":"elementor_header_footer","meta":{"footnotes":""},"class_list":["post-7578","page","type-page","status-publish","hentry","entry"],"_links":{"self":[{"href":"https:\/\/ottevenyikastely.hu\/ar\/wp-json\/wp\/v2\/pages\/7578","targetHints":{"allow":["GET"]}}],"collection":[{"href":"https:\/\/ottevenyikastely.hu\/ar\/wp-json\/wp\/v2\/pages"}],"about":[{"href":"https:\/\/ottevenyikastely.hu\/ar\/wp-json\/wp\/v2\/types\/page"}],"author":[{"embeddable":true,"href":"https:\/\/ottevenyikastely.hu\/ar\/wp-json\/wp\/v2\/users\/3"}],"replies":[{"embeddable":true,"href":"https:\/\/ottevenyikastely.hu\/ar\/wp-json\/wp\/v2\/comments?post=7578"}],"version-history":[{"count":0,"href":"https:\/\/ottevenyikastely.hu\/ar\/wp-json\/wp\/v2\/pages\/7578\/revisions"}],"wp:attachment":[{"href":"https:\/\/ottevenyikastely.hu\/ar\/wp-json\/wp\/v2\/media?parent=7578"}],"curies":[{"name":"\u062f\u0628\u0644\u064a\u0648 \u0628\u064a","href":"https:\/\/api.w.org\/{rel}","templated":true}]}}