{"id":9604,"date":"2024-10-05T17:44:17","date_gmt":"2024-10-05T15:44:17","guid":{"rendered":"https:\/\/ottevenyikastely.hu\/?page_id=9604"},"modified":"2024-10-05T18:20:23","modified_gmt":"2024-10-05T16:20:23","slug":"%d8%b9%d8%b4%d8%a7%d8%a1-%d8%a3%d9%88%d8%b2%d8%a9-%d9%8a%d9%88%d9%85-%d9%85%d8%a7%d8%b1%d8%aa%d9%88%d9%86%d8%b2-%d8%af%d8%a7%d9%8a-%d9%85%d8%a7%d8%b1%d8%aa%d9%88%d9%86","status":"publish","type":"page","link":"https:\/\/ottevenyikastely.hu\/ar\/%d8%b9%d8%b4%d8%a7%d8%a1-%d8%a3%d9%88%d8%b2%d8%a9-%d9%8a%d9%88%d9%85-%d9%85%d8%a7%d8%b1%d8%aa%d9%88%d9%86%d8%b2-%d8%af%d8%a7%d9%8a-%d9%85%d8%a7%d8%b1%d8%aa%d9%88%d9%86\/","title":{"rendered":"\u0639\u0634\u0627\u0621 \u0627\u0644\u0623\u0648\u0632 \u0641\u064a \u0639\u064a\u062f \u0645\u0627\u0631\u062a\u0646"},"content":{"rendered":"<div data-elementor-type=\"wp-page\" data-elementor-id=\"9604\" class=\"elementor elementor-9604\" data-elementor-post-type=\"page\">\n\t\t\t\t<div class=\"elementor-element elementor-element-74707cd e-flex e-con-boxed e-con e-parent\" data-id=\"74707cd\" data-element_type=\"container\" data-e-type=\"container\">\n\t\t\t\t\t<div class=\"e-con-inner\">\n\t\t\t\t<div class=\"elementor-element elementor-element-9f55229 elementor-widget elementor-widget-heading\" data-id=\"9f55229\" data-element_type=\"widget\" data-e-type=\"widget\" data-widget_type=\"heading.default\">\n\t\t\t\t<div class=\"elementor-widget-container\">\n\t\t\t\t\t<h2 class=\"elementor-heading-title elementor-size-default\">\u0639\u0634\u0627\u0621 \u0627\u0644\u0623\u0648\u0632 \u0648\u062a\u0630\u0648\u0642 \u0627\u0644\u0646\u0628\u064a\u0630<\/h2>\t\t\t\t<\/div>\n\t\t\t\t<\/div>\n\t\t\t\t<div class=\"elementor-element elementor-element-a09e5b7 elementor-widget elementor-widget-text-editor\" data-id=\"a09e5b7\" data-element_type=\"widget\" data-e-type=\"widget\" data-widget_type=\"text-editor.default\">\n\t\t\t\t<div class=\"elementor-widget-container\">\n\t\t\t\t\t\t\t\t\t<p><em>\u0627\u0644\u062c\u0645\u0639\u0629 8 \u0646\u0648\u0641\u0645\u0628\u0631 2024<\/em><\/p><p>\u062c\u0647\u0632 \u0646\u0641\u0633\u0643 \u0644\u062a\u062c\u0631\u0628\u0629 \u062a\u0630\u0648\u0642 \u0637\u0639\u0627\u0645 \u0648\u0646\u0628\u064a\u0630 \u0644\u0627 \u062a\u064f\u0646\u0633\u0649\u060c \u062d\u064a\u062b \u064a\u0644\u062a\u0642\u064a \u0623\u062d\u062f\u062b \u0623\u0646\u0648\u0627\u0639 \u0627\u0644\u0646\u0628\u064a\u0630 \u0641\u064a \u0645\u0646\u0637\u0642\u0629 \u0646\u0628\u064a\u0630 \u0628\u0627\u0646\u0648\u0646\u0647\u0627\u0644\u0645\u0627 \u0645\u0639 \u0625\u0628\u062f\u0627\u0639\u0627\u062a \u0627\u0644\u0637\u0627\u0647\u064a \u0627\u0644\u0631\u0626\u064a\u0633\u064a \u0641\u064a \u0627\u0644\u0642\u0644\u0639\u0629! \u0625\u0646 \u0627\u0644\u0623\u0645\u0633\u064a\u0629 \u0627\u0644\u062e\u0627\u0635\u0629 \u0641\u064a \u0642\u0644\u0639\u0629 \u00d6ttev\u00e9nyi F\u00f6ldv\u00e1ry \u0644\u064a\u0633\u062a \u0645\u062c\u0631\u062f \u0639\u0634\u0627\u0621 \u0644\u064a\u0628\u0627 \u0644\u0644\u0630\u0648\u0627\u0642\u0629 - \u0625\u0646\u0647\u0627 \u062f\u0627\u0631 \u0627\u0644\u0646\u0628\u064a\u0630 \u0641\u064a \u062f\u064a\u0631 \u0628\u0627\u0646\u0648\u0646\u0647\u0627\u0644\u0645\u0627 \u0627\u0644\u062a\u064a \u062a\u0642\u062f\u0645 \u0623\u062d\u062f\u062b \u0623\u0646\u0648\u0627\u0639 \u0627\u0644\u0646\u0628\u064a\u0630 \u0627\u0644\u0631\u0627\u0626\u062f\u0629 \u0641\u064a \u0645\u0646\u0637\u0642\u062a\u0646\u0627.<\/p><p>\u0627\u0643\u062a\u0634\u0641 \u0627\u0644\u062a\u0642\u0627\u0621 \u062a\u0642\u0627\u0644\u064a\u062f \u064a\u0648\u0645 \u0645\u0627\u0631\u062a\u0646 \u0648\u0641\u0646 \u0627\u0644\u0637\u0647\u064a \u0627\u0644\u0641\u0631\u064a\u062f \u0645\u0646 \u0646\u0648\u0639\u0647 \u0641\u064a \u0627\u0644\u0642\u0644\u0639\u0629 \u0641\u064a \u0647\u0630\u0627 \u0627\u0644\u0645\u0648\u0642\u0639 \u0627\u0644\u0631\u0627\u0626\u0639\u060c \u0636\u0639\u0646\u0627 \u0639\u0644\u0649 \u0627\u0644\u0645\u062d\u0643!<\/p><ul><li><strong>\u0627\u0644\u0645\u0642\u0628\u0644\u0627\u062a<\/strong>:: \u0627\u0644\u0625\u0648\u0632 \u0627\u0644\u0645\u062d\u0634\u0648<\/li><li><strong>\u0627\u0644\u0625\u064a\u062c\u0627\u0631\u0627\u062a<\/strong>: \u062d\u0633\u0627\u0621 \u0627\u0644\u0637\u0631\u062e\u0648\u0646 \u0648\u0627\u0644\u0644\u064a\u0645\u0648\u0646 \u0628\u0627\u0644\u0643\u0631\u064a\u0645\u0629 \u0648\u0627\u0644\u0644\u064a\u0645\u0648\u0646<\/li><li><strong>\u0627\u0644\u0637\u0628\u0642 \u0627\u0644\u0631\u0626\u064a\u0633\u064a<\/strong>:: \u0631\u0628\u0639 \u0623\u0648\u0632\u0629 \u0645\u062d\u0634\u064a \u0628\u0627\u0644\u0645\u0644\u0641\u0648\u0641 \u0627\u0644\u0645\u0637\u0647\u0648 \u0628\u0627\u0644\u0634\u0645\u0628\u0627\u0646\u064a\u0627 \u0648\u0627\u0644\u0628\u0637\u0627\u0637\u0627 \u0627\u0644\u0645\u0647\u0631\u0648\u0633\u0629 \u0645\u0639 \u0627\u0644\u0628\u0635\u0644<\/li><li><strong>\u0627\u0644\u062d\u0644\u0648\u0649<\/strong>:: \u0643\u0639\u0643\u0629 \u0644\u0648\u062f\u0644\u0627\u0628<\/li><\/ul><p><strong>\u0627\u0644\u062d\u062c\u0648\u0632\u0627\u062a<\/strong><br \/>\u064a\u0645\u0643\u0646\u0643 \u062d\u062c\u0632 \u0645\u0643\u0627\u0646\u0643 \u0644\u0644\u0641\u0639\u0627\u0644\u064a\u0629 \u0647\u0646\u0627. \u064a\u0631\u062c\u0649 \u0645\u0644\u0627\u062d\u0638\u0629 \u0623\u0646\u0647 \u062a\u062a\u0648\u0641\u0631 \u0637\u0627\u0648\u0644\u0627\u062a \u0645\u0633\u062a\u062f\u064a\u0631\u0629 \u062a\u062a\u0633\u0639 \u0645\u0646 6 \u0625\u0644\u0649 8 \u0623\u0634\u062e\u0627\u0635. \u0625\u0630\u0627 \u062a\u0645 \u062d\u062c\u0632 \u0623\u0642\u0644 \u0645\u0646 6 \u0623\u0634\u062e\u0627\u0635\u060c \u064a\u0645\u0643\u0646\u0647\u0645 \u0645\u0634\u0627\u0631\u0643\u0629 \u0637\u0627\u0648\u0644\u0629 \u0623\u0643\u0628\u0631 \u0645\u0639 \u0636\u064a\u0648\u0641 \u0622\u062e\u0631\u064a\u0646.<\/p><p><strong>\u062a\u0641\u0627\u0635\u064a\u0644 \u0627\u0644\u062d\u062f\u062b<\/strong><br \/>\u0628\u0639\u062f \u0627\u0644\u0639\u0634\u0627\u0621\u060c \u062a\u0628\u062f\u0623 \u0627\u0644\u062d\u0641\u0644\u0629 \u0639\u0646\u062f \u0627\u0644\u0641\u062c\u0631 \u0645\u0639 \u0645\u0646\u0633\u0642 \u0623\u063a\u0627\u0646\u064d \u0631\u0627\u0626\u0639 \u0644\u0645\u0648\u0627\u0635\u0644\u0629 \u0627\u0644\u062d\u0641\u0644\u0629. \u0633\u0639\u0631 \u0627\u0644\u0623\u0645\u0633\u064a\u0629 <strong>29,500 \u0642\u062f\u0645\/\u0634\u062e\u0635<\/strong>\u0648\u0627\u0644\u062a\u064a \u062a\u0634\u0645\u0644 \u0637\u0628\u0642 \u0623\u0648\u0632\u0629 \u0644\u0630\u064a\u0630\u060c \u0648\u062a\u0630\u0648\u0642 \u0646\u0628\u064a\u0630 \u0628\u0627\u0646\u0648\u0646\u0647\u0627\u0644\u0645\u0627 \u0648\u062c\u0645\u064a\u0639 \u0627\u0644\u0645\u0634\u0631\u0648\u0628\u0627\u062a \u0627\u0644\u063a\u0627\u0632\u064a\u0629. \u0628\u0639\u062f \u0627\u0644\u0639\u0634\u0627\u0621\u060c \u064a\u0641\u062a\u062d \u0627\u0644\u0628\u0627\u0631 \u0644\u0644\u0636\u064a\u0648\u0641 \u0627\u0644\u0630\u064a\u0646 \u064a\u062f\u0641\u0639\u0648\u0646 \u0645\u0642\u0627\u0628\u0644 \u0627\u0644\u0637\u0639\u0627\u0645.<\/p><p>\u0644\u0627 \u062a\u0641\u0648\u0651\u062a \u0647\u0630\u0647 \u0627\u0644\u0645\u0646\u0627\u0633\u0628\u0629 \u0627\u0644\u0641\u0631\u064a\u062f\u0629 \u0627\u0644\u062a\u064a \u064a\u0644\u062a\u0642\u064a \u0641\u064a\u0647\u0627 \u0641\u0646 \u0627\u0644\u0637\u0647\u064a \u0648\u0627\u0644\u0646\u0628\u064a\u0630 \u0641\u064a \u0645\u0648\u0642\u0639 \u062a\u0627\u0631\u064a\u062e\u064a!<\/p>\t\t\t\t\t\t\t\t<\/div>\n\t\t\t\t<\/div>\n\t\t\t\t\t<\/div>\n\t\t\t\t<\/div>\n\t\t<div class=\"elementor-element elementor-element-764c35e e-flex e-con-boxed e-con e-parent\" data-id=\"764c35e\" data-element_type=\"container\" data-e-type=\"container\">\n\t\t\t\t\t<div class=\"e-con-inner\">\n\t\t\t\t<div class=\"elementor-element elementor-element-6bfa0cf elementor-widget elementor-widget-image\" data-id=\"6bfa0cf\" data-element_type=\"widget\" data-e-type=\"widget\" data-widget_type=\"image.default\">\n\t\t\t\t<div class=\"elementor-widget-container\">\n\t\t\t\t\t\t\t\t\t\t\t\t\t\t\t<img fetchpriority=\"high\" decoding=\"async\" width=\"1024\" height=\"1024\" src=\"https:\/\/ottevenyikastely.hu\/wp-content\/uploads\/2024\/10\/DALL-E-2024-10-05-17.38.57-A-promotional-poster-for-a-goose-themed-event-at-Ottevenyi-Foldvary-Castle-featuring-a-Hungarian-domestic-goose-as-the-central-image.-The-design-shou.webp\" class=\"attachment-large size-large wp-image-9605\" alt=\"\" srcset=\"\" sizes=\"(max-width: 1024px) 100vw, 1024px\" title=\"\" data-srcset=\"\">\t\t\t\t\t\t\t\t\t\t\t\t\t\t\t<\/div>\n\t\t\t\t<\/div>\n\t\t\t\t<div class=\"elementor-element elementor-element-d7061e4 elementor-widget elementor-widget-text-editor\" data-id=\"d7061e4\" data-element_type=\"widget\" data-e-type=\"widget\" data-widget_type=\"text-editor.default\">\n\t\t\t\t<div class=\"elementor-widget-container\">\n\t\t\t\t\t\t\t\t\t<p><strong>\u0645\u0635\u0646\u0639 \u0628\u0627\u0646\u0648\u0646\u062d\u0627\u0644\u0645\u064a \u0644\u0644\u0646\u0628\u064a\u0630 - \u0644\u0642\u0627\u0621 \u0627\u0644\u062a\u0642\u0627\u0644\u064a\u062f \u0648\u0627\u0644\u0627\u0628\u062a\u0643\u0627\u0631<\/strong><\/p><p>\u064a\u064f\u0639\u062f \u0645\u0635\u0646\u0639 \u0628\u0627\u0646\u0648\u0646\u062d\u0627\u0644\u0645\u064a \u0644\u0644\u0646\u0628\u064a\u0630 \u0648\u0631\u064a\u062b\u0627\u064b \u062c\u062f\u064a\u0631\u0627\u064b \u0628\u062a\u0642\u0627\u0644\u064a\u062f \u0632\u0631\u0627\u0639\u0629 \u0627\u0644\u0643\u0631\u0648\u0645 \u0648\u0627\u0644\u062e\u0645\u0648\u0631 \u0641\u064a \u062f\u064a\u0631 \u0628\u0627\u0646\u0648\u0646\u062d\u0627\u0644\u0645\u064a\u060c \u0627\u0644\u0630\u064a \u064a\u0639\u0648\u062f \u062a\u0627\u0631\u064a\u062e\u0647 \u0625\u0644\u0649 \u0623\u0643\u062b\u0631 \u0645\u0646 \u0623\u0644\u0641 \u0639\u0627\u0645. \u062a\u0633\u0645\u062d \u0627\u0644\u0638\u0631\u0648\u0641 \u0627\u0644\u0645\u0646\u0627\u062e\u064a\u0629 \u0648\u0638\u0631\u0648\u0641 \u0627\u0644\u062a\u0631\u0628\u0629 \u0627\u0644\u062e\u0627\u0635\u0629 \u0641\u064a \u0645\u0646\u0637\u0642\u0629 \u0632\u0631\u0627\u0639\u0629 \u0627\u0644\u0646\u0628\u064a\u0630 \u0628\u0625\u0646\u062a\u0627\u062c \u0646\u0628\u064a\u0630 \u0639\u0627\u0644\u064a \u0627\u0644\u062c\u0648\u062f\u0629. \u064a\u0641\u062e\u0631 \u0628\u064a\u062a \u0627\u0644\u0646\u0628\u064a\u0630 \u0641\u064a \u0627\u0644\u062f\u064a\u0631 \u0628\u0625\u0646\u062a\u0627\u062c \u0627\u0644\u0646\u0628\u064a\u0630 \u0628\u0627\u0633\u062a\u062e\u062f\u0627\u0645 \u0627\u0644\u062a\u0643\u0646\u0648\u0644\u0648\u062c\u064a\u0627 \u0627\u0644\u062d\u062f\u064a\u062b\u0629\u060c \u0648\u0644\u0643\u0646 \u0645\u0639 \u0627\u062d\u062a\u0631\u0627\u0645 \u0627\u0644\u062a\u0642\u0627\u0644\u064a\u062f\u060c \u0648\u0644\u0627 \u064a\u0645\u062b\u0644 \u062b\u0642\u0627\u0641\u0629 \u0627\u0644\u0646\u0628\u064a\u0630 \u0641\u064a \u0627\u0644\u0645\u0646\u0637\u0642\u0629 \u0641\u062d\u0633\u0628\u060c \u0628\u0644 \u064a\u0645\u062b\u0644 \u062b\u0642\u0627\u0641\u0629 \u0627\u0644\u0628\u0644\u062f \u0623\u064a\u0636\u0627\u064b.<\/p><p>\u0633\u064a\u0639\u0631\u0636 \u0647\u0630\u0627 \u0627\u0644\u062d\u062f\u062b \u0623\u062d\u062f\u062b \u0646\u0628\u064a\u0630 \u0628\u0627\u0646\u0648\u0646\u0647\u0627\u0644\u0645\u064a \u0645\u0646 \u0645\u0635\u0646\u0639 \u0627\u0644\u0646\u0628\u064a\u0630\u060c \u0648\u0627\u0644\u0630\u064a \u064a\u0639\u0643\u0633 \u0627\u0644\u0637\u0627\u0628\u0639 \u0627\u0644\u0641\u0631\u064a\u062f \u0648\u0627\u0644\u062e\u0635\u0627\u0626\u0635 \u0627\u0644\u0645\u062d\u0644\u064a\u0629 \u0644\u0645\u0646\u0637\u0642\u0629 \u0628\u0627\u0646\u0648\u0646\u0647\u0627\u0644\u0645\u064a. \u064a\u062a\u0645\u064a\u0632 \u0647\u0630\u0627 \u0627\u0644\u0646\u0628\u064a\u0630 \u0628\u0646\u0643\u0647\u0629 \u0627\u0644\u0641\u0648\u0627\u0643\u0647 \u0627\u0644\u0637\u0627\u0632\u062c\u0629 \u0648\u0627\u0644\u062d\u0645\u0648\u0636\u0629 \u0627\u0644\u0631\u0627\u0642\u064a\u0629 \u0627\u0644\u062a\u064a \u062a\u0643\u0645\u0644 \u0628\u0634\u0643\u0644 \u0645\u062b\u0627\u0644\u064a \u0637\u0628\u0642 \u0627\u0644\u0639\u0634\u0627\u0621. \u0648\u0628\u0641\u0636\u0644 \u0647\u0630\u0627 \u0627\u0644\u0645\u0646\u062a\u062c \u0627\u0644\u062c\u062f\u064a\u062f\u060c \u064a\u0631\u063a\u0628 \u0645\u0635\u0646\u0639 \u0627\u0644\u0646\u0628\u064a\u0630 \u0641\u064a \u062a\u0639\u0632\u064a\u0632 \u0633\u0645\u0639\u0629 \u0645\u0646\u0637\u0642\u0629 \u0646\u0628\u064a\u0630 \u0628\u0627\u0646\u0648\u0646\u0647\u0627\u0644\u0645\u064a \u0641\u064a \u0633\u0648\u0642 \u0627\u0644\u0646\u0628\u064a\u0630 \u0627\u0644\u0648\u0637\u0646\u064a \u0648\u0627\u0644\u062f\u0648\u0644\u064a.<\/p>\t\t\t\t\t\t\t\t<\/div>\n\t\t\t\t<\/div>\n\t\t\t\t<div class=\"elementor-element elementor-element-3ebc48b elementor-widget elementor-widget-image\" data-id=\"3ebc48b\" data-element_type=\"widget\" data-e-type=\"widget\" data-widget_type=\"image.default\">\n\t\t\t\t<div class=\"elementor-widget-container\">\n\t\t\t\t\t\t\t\t\t\t\t\t\t\t\t<img decoding=\"async\" src=\"https:\/\/ottevenyikastely.hu\/wp-content\/uploads\/2024\/10\/pannonhalmabor2.jpeg\" title=\"\" alt=\"\" loading=\"lazy\">\t\t\t\t\t\t\t\t\t\t\t\t\t\t\t<\/div>\n\t\t\t\t<\/div>\n\t\t\t\t\t<\/div>\n\t\t\t\t<\/div>\n\t\t<div class=\"elementor-element elementor-element-63b70b9 e-flex e-con-boxed e-con e-parent\" data-id=\"63b70b9\" data-element_type=\"container\" data-e-type=\"container\">\n\t\t\t\t\t<div class=\"e-con-inner\">\n\t\t\t\t<div class=\"elementor-element elementor-element-7e61a3b elementor-widget elementor-widget-text-editor\" data-id=\"7e61a3b\" data-element_type=\"widget\" data-e-type=\"widget\" data-widget_type=\"text-editor.default\">\n\t\t\t\t<div class=\"elementor-widget-container\">\n\t\t\t\t\t\t\t\t\t<p><strong>\u0647\u0644 \u062a\u0631\u064a\u062f \u0627\u0644\u0646\u0648\u0645 \u0641\u064a \u0627\u0644\u0642\u0644\u0639\u0629\u061f<\/strong><\/p><p>\u064a\u062a\u0648\u0641\u0631 \u0639\u062f\u062f \u0645\u062d\u062f\u0648\u062f \u0645\u0646 \u0627\u0644\u063a\u0631\u0641 \u0644\u0644\u0625\u064a\u062c\u0627\u0631 \u0641\u064a \u0627\u0644\u0642\u0644\u0639\u0629. \u062a\u062a\u0648\u0641\u0631 \u0644\u062f\u064a\u0646\u0627 11 \u063a\u0631\u0641\u0629 \u0639\u0627\u062f\u064a\u0629 \u062a\u062a\u0633\u0639 \u0644\u0634\u062e\u0635\u064a\u0646 \u0645\u0642\u0627\u0628\u0644 200 \u064a\u0648\u0631\u0648\u060c \u0648\u062c\u0646\u0627\u062d\u064a\u0646 \u0645\u0642\u0627\u0628\u0644 250 \u064a\u0648\u0631\u0648\u060c \u0648\u062c\u0646\u0627\u062d \u0634\u0647\u0631 \u0627\u0644\u0639\u0633\u0644 \u0645\u0642\u0627\u0628\u0644 300 \u064a\u0648\u0631\u0648 \u0644\u0644\u064a\u0644\u0629 \u0639\u0634\u0627\u0621 \u0644\u064a\u0628\u0627. \u0627\u0644\u0625\u0641\u0637\u0627\u0631 \u0645\u0634\u0645\u0648\u0644 \u0641\u064a \u0627\u0644\u0633\u0639\u0631!<\/p>\t\t\t\t\t\t\t\t<\/div>\n\t\t\t\t<\/div>\n\t\t\t\t<div class=\"elementor-element elementor-element-8ce8d93 elementor-widget elementor-widget-image\" data-id=\"8ce8d93\" data-element_type=\"widget\" data-e-type=\"widget\" data-widget_type=\"image.default\">\n\t\t\t\t<div class=\"elementor-widget-container\">\n\t\t\t\t\t\t\t\t\t\t\t\t\t\t\t<img decoding=\"async\" width=\"1000\" height=\"667\" src=\"https:\/\/ottevenyikastely.hu\/wp-content\/uploads\/2024\/06\/Foldvary_kastely_szoba_lila_fotelekkel.jpg\" class=\"attachment-large size-large wp-image-7738\" alt=\"\" srcset=\"https:\/\/ottevenyikastely.hu\/wp-content\/uploads\/2024\/06\/Foldvary_kastely_szoba_lila_fotelekkel.jpg 1000w, https:\/\/ottevenyikastely.hu\/wp-content\/uploads\/2024\/06\/Foldvary_kastely_szoba_lila_fotelekkel-300x200.jpg 300w, https:\/\/ottevenyikastely.hu\/wp-content\/uploads\/2024\/06\/Foldvary_kastely_szoba_lila_fotelekkel-768x512.jpg 768w\" sizes=\"(max-width: 1000px) 100vw, 1000px\" title=\"\">\t\t\t\t\t\t\t\t\t\t\t\t\t\t\t<\/div>\n\t\t\t\t<\/div>\n\t\t\t\t\t<\/div>\n\t\t\t\t<\/div>\n\t\t<div class=\"elementor-element elementor-element-e488c6b e-flex e-con-boxed e-con e-parent\" data-id=\"e488c6b\" data-element_type=\"container\" data-e-type=\"container\">\n\t\t\t\t\t<div class=\"e-con-inner\">\n\t\t\t\t<div class=\"elementor-element elementor-element-5fe5206 elementor-widget elementor-widget-text-editor\" data-id=\"5fe5206\" data-element_type=\"widget\" data-e-type=\"widget\" data-widget_type=\"text-editor.default\">\n\t\t\t\t<div class=\"elementor-widget-container\">\n\t\t\t\t\t\t\t\t\t<p><strong>\u0627\u0644\u0628\u0631\u0627\u0645\u062c:<\/strong><\/p><p>18:30 \u0627\u0644\u062a\u0631\u062d\u064a\u0628 \u0628\u0627\u0644\u0636\u064a\u0648\u0641 \u0645\u0639 \u0627\u0644\u0646\u0628\u064a\u0630 \u0648\u0627\u0644\u0643\u0633\u062a\u0646\u0627\u0621 \u0627\u0644\u0645\u062d\u0645\u0635 \u0648\u0627\u0644\u064a\u0642\u0637\u064a\u0646 \u0627\u0644\u0645\u0634\u0648\u064a \u0648\u0627\u0644\u0644\u064a\u0645\u0648\u0646 \u0627\u0644\u0645\u0634\u0648\u064a \u0648\u0627\u0644\u0634\u0631\u0627\u0628 \u0627\u0644\u0633\u0627\u062e\u0646.<\/p><p>19:00 \u0639\u0634\u0627\u0621 \u0648\u062a\u0630\u0648\u0642 \u0627\u0644\u0646\u0628\u064a\u0630. \u0633\u064a\u0633\u0628\u0642 \u0643\u0644 \u0637\u0628\u0642 \u0639\u0631\u0636 \u062a\u0642\u062f\u064a\u0645\u064a \u0644\u0644\u0646\u0628\u064a\u0630 \u0645\u0639 \u062a\u0630\u0648\u0642 \u0627\u0644\u0646\u0628\u064a\u0630\u060c \u0628\u0627\u0644\u0637\u0628\u0639\u060c \u0628\u062a\u0641\u0633\u064a\u0631 \u0645\u0646 \u0635\u0627\u0646\u0639 \u0627\u0644\u0646\u0628\u064a\u0630 \u0641\u064a \u0645\u0635\u0646\u0639 \u0627\u0644\u0646\u0628\u064a\u0630.<\/p><p>21:00 \u0633\u064a\u0645\u062a\u0639\u0643 \u062f\u064a \u062c\u064a \u0623\u0643\u0627\u0631\u0643\u064a \u0648\u0628\u0627\u0631 \u0643\u0648\u0628\u0627\u064a \u0628\u0645\u062c\u0645\u0648\u0639\u0629 \u0643\u0628\u064a\u0631\u0629 \u0645\u0646 \u0627\u0644\u0645\u0634\u0631\u0648\u0628\u0627\u062a.<\/p>\t\t\t\t\t\t\t\t<\/div>\n\t\t\t\t<\/div>\n\t\t\t\t<div class=\"elementor-element elementor-element-131dfbb elementor-align-center elementor-widget elementor-widget-button\" data-id=\"131dfbb\" data-element_type=\"widget\" data-e-type=\"widget\" data-widget_type=\"button.default\">\n\t\t\t\t<div class=\"elementor-widget-container\">\n\t\t\t\t\t\t\t\t\t<div class=\"elementor-button-wrapper\">\n\t\t\t\t\t<a class=\"elementor-button elementor-button-link elementor-size-sm\" href=\"#\">\n\t\t\t\t\t\t<span class=\"elementor-button-content-wrapper\">\n\t\t\t\t\t\t\t\t\t<span class=\"elementor-button-text\">\u0627\u062d\u062c\u0632 \u0645\u0643\u0627\u0646\u0643 \u0627\u0644\u0622\u0646!  \u0627\u0646\u0642\u0631 \u0647\u0646\u0627 \u0644\u0644\u062d\u062c\u0632!<\/span>\n\t\t\t\t\t<\/span>\n\t\t\t\t\t<\/a>\n\t\t\t\t<\/div>\n\t\t\t\t\t\t\t\t<\/div>\n\t\t\t\t<\/div>\n\t\t\t\t\t<\/div>\n\t\t\t\t<\/div>\n\t\t\t\t<\/div>","protected":false},"excerpt":{"rendered":"<p>Libavacsora &amp; Bork\u00f3stol\u00f3 2024 November 8. p\u00e9ntek K\u00e9sz\u00fclj\u00f6n fel egy felejthetetlen gasztron\u00f3miai \u00e9s borkultur\u00e1lis \u00e9lm\u00e9nyre, ahol a pannonhalmi borvid\u00e9k leg\u00fajabb borai \u00e9s a kast\u00e9ly mesterszak\u00e1cs\u00e1nak alkot\u00e1sai tal\u00e1lkoznak! Az \u00d6ttev\u00e9nyi F\u00f6ldv\u00e1ry Kast\u00e9ly k\u00fcl\u00f6nleges estje nem csup\u00e1n egy Gourmet Liba vacsora \u2013 itt a Pannonhalmi Ap\u00e1ts\u00e1g Borh\u00e1za mutatja be r\u00e9gi\u00f3nk b\u00fcszkes\u00e9geit, legfrissebb z\u00e1szl\u00f3s borait. Fedezze fel a [&hellip;]<\/p>","protected":false},"author":7,"featured_media":0,"parent":0,"menu_order":0,"comment_status":"closed","ping_status":"closed","template":"","meta":{"footnotes":""},"class_list":["post-9604","page","type-page","status-publish","hentry","entry"],"_links":{"self":[{"href":"https:\/\/ottevenyikastely.hu\/ar\/wp-json\/wp\/v2\/pages\/9604","targetHints":{"allow":["GET"]}}],"collection":[{"href":"https:\/\/ottevenyikastely.hu\/ar\/wp-json\/wp\/v2\/pages"}],"about":[{"href":"https:\/\/ottevenyikastely.hu\/ar\/wp-json\/wp\/v2\/types\/page"}],"author":[{"embeddable":true,"href":"https:\/\/ottevenyikastely.hu\/ar\/wp-json\/wp\/v2\/users\/7"}],"replies":[{"embeddable":true,"href":"https:\/\/ottevenyikastely.hu\/ar\/wp-json\/wp\/v2\/comments?post=9604"}],"version-history":[{"count":18,"href":"https:\/\/ottevenyikastely.hu\/ar\/wp-json\/wp\/v2\/pages\/9604\/revisions"}],"predecessor-version":[{"id":9624,"href":"https:\/\/ottevenyikastely.hu\/ar\/wp-json\/wp\/v2\/pages\/9604\/revisions\/9624"}],"wp:attachment":[{"href":"https:\/\/ottevenyikastely.hu\/ar\/wp-json\/wp\/v2\/media?parent=9604"}],"curies":[{"name":"\u062f\u0628\u0644\u064a\u0648 \u0628\u064a","href":"https:\/\/api.w.org\/{rel}","templated":true}]}}