{"id":10185,"date":"2024-10-21T10:35:23","date_gmt":"2024-10-21T08:35:23","guid":{"rendered":"https:\/\/ottevenyikastely.hu\/?page_id=10185"},"modified":"2024-10-21T10:39:18","modified_gmt":"2024-10-21T08:39:18","slug":"suse-sechzehn","status":"publish","type":"page","link":"https:\/\/ottevenyikastely.hu\/de\/suse-sechzehn\/","title":{"rendered":"S\u00fc\u00dfes Sechzehn"},"content":{"rendered":"<div data-elementor-type=\"wp-page\" data-elementor-id=\"10185\" class=\"elementor elementor-10185\" data-elementor-post-type=\"page\">\n\t\t\t\t<div class=\"elementor-element elementor-element-728a1ef e-flex e-con-boxed e-con e-parent\" data-id=\"728a1ef\" data-element_type=\"container\" data-e-type=\"container\">\n\t\t\t\t\t<div class=\"e-con-inner\">\n\t\t\t\t<div class=\"elementor-element elementor-element-354aef7 elementor-widget elementor-widget-heading\" data-id=\"354aef7\" data-element_type=\"widget\" data-e-type=\"widget\" data-widget_type=\"heading.default\">\n\t\t\t\t<div class=\"elementor-widget-container\">\n\t\t\t\t\t<h2 class=\"elementor-heading-title elementor-size-default\">\ud83c\udf89 Sweet Sixteen Party <br>im Schloss \u00d6ttev\u00e9nyi! \ud83c\udf89<\/h2>\t\t\t\t<\/div>\n\t\t\t\t<\/div>\n\t\t\t\t\t<\/div>\n\t\t\t\t<\/div>\n\t\t<div class=\"elementor-element elementor-element-3394fd7 e-flex e-con-boxed e-con e-parent\" data-id=\"3394fd7\" data-element_type=\"container\" data-e-type=\"container\">\n\t\t\t\t\t<div class=\"e-con-inner\">\n\t\t\t\t<div class=\"elementor-element elementor-element-1c82123 elementor-widget elementor-widget-image\" data-id=\"1c82123\" data-element_type=\"widget\" data-e-type=\"widget\" data-widget_type=\"image.default\">\n\t\t\t\t<div class=\"elementor-widget-container\">\n\t\t\t\t\t\t\t\t\t\t\t\t\t\t\t<img fetchpriority=\"high\" decoding=\"async\" width=\"1024\" height=\"585\" src=\"https:\/\/ottevenyikastely.hu\/wp-content\/uploads\/2024\/10\/987197ff-f4ce-4dc9-8812-fc63d69055bc-1024x585.webp\" class=\"attachment-large size-large wp-image-10187\" alt=\"\" srcset=\"https:\/\/ottevenyikastely.hu\/wp-content\/uploads\/2024\/10\/987197ff-f4ce-4dc9-8812-fc63d69055bc-1024x585.webp 1024w, https:\/\/ottevenyikastely.hu\/wp-content\/uploads\/2024\/10\/987197ff-f4ce-4dc9-8812-fc63d69055bc-300x171.webp 300w, https:\/\/ottevenyikastely.hu\/wp-content\/uploads\/2024\/10\/987197ff-f4ce-4dc9-8812-fc63d69055bc-768x439.webp 768w, https:\/\/ottevenyikastely.hu\/wp-content\/uploads\/2024\/10\/987197ff-f4ce-4dc9-8812-fc63d69055bc-1536x878.webp 1536w, https:\/\/ottevenyikastely.hu\/wp-content\/uploads\/2024\/10\/987197ff-f4ce-4dc9-8812-fc63d69055bc-18x10.webp 18w, https:\/\/ottevenyikastely.hu\/wp-content\/uploads\/2024\/10\/987197ff-f4ce-4dc9-8812-fc63d69055bc.webp 1792w\" sizes=\"(max-width: 1024px) 100vw, 1024px\" title=\"\">\t\t\t\t\t\t\t\t\t\t\t\t\t\t\t<\/div>\n\t\t\t\t<\/div>\n\t\t\t\t\t<\/div>\n\t\t\t\t<\/div>\n\t\t<div class=\"elementor-element elementor-element-0b5551d e-flex e-con-boxed e-con e-parent\" data-id=\"0b5551d\" data-element_type=\"container\" data-e-type=\"container\">\n\t\t\t\t\t<div class=\"e-con-inner\">\n\t\t\t\t<div class=\"elementor-element elementor-element-dcdd37d elementor-widget elementor-widget-text-editor\" data-id=\"dcdd37d\" data-element_type=\"widget\" data-e-type=\"widget\" data-widget_type=\"text-editor.default\">\n\t\t\t\t<div class=\"elementor-widget-container\">\n\t\t\t\t\t\t\t\t\t<p>Feiern Sie Ihren 16. Geburtstag so, wie Sie es sich immer ertr\u00e4umt haben! Sweet Sixteen, eine Tradition in den angels\u00e4chsischen L\u00e4ndern, gibt es jetzt auch in Ungarn. Dieses besondere Ereignis ist nicht nur eine Geburtstagsparty, sondern einer der wichtigsten Meilensteine im Leben eines Teenagers. Auf Schloss \u00d6ttev\u00e9nyi bieten wir Ihnen unvergessliche Erlebnisse, die Ihren gro\u00dfen Tag zu etwas ganz Besonderem und Einzigartigem machen.<\/p>\n<h4><strong>Wiederbelebung angels\u00e4chsischer Traditionen:<\/strong><\/h4>\n<p>In den angels\u00e4chsischen L\u00e4ndern wird mit der Sweet-Sixteen-Feier der 16. Geburtstag gefeiert, an dem junge Menschen ins Erwachsenenalter eintreten. Die Veranstaltung umfasst oft einen eleganten Ball, Kuchen und Unterhaltung. Eine gemeinsame Feier von Freunden und Familie spielt eine zentrale Rolle, und zu den H\u00f6hepunkten der Party geh\u00f6ren ein Er\u00f6ffnungstanz, eine Zeremonie mit 16 Kerzen und eine symbolische Kronenzeremonie.<\/p>\n<h4><strong>Warum \u00d6ttev\u00e9nyi Castle w\u00e4hlen?<\/strong><\/h4>\n<ul>\n<li><strong>Fabelhafter Standort:<\/strong> Das \u00d6ttev\u00e9nyi-Schloss bietet eine zauberhafte Kulisse f\u00fcr eine m\u00e4rchenhafte Sweet Sixteen-Party im k\u00f6niglichen Stil.<\/li>\n<li><strong>Ein pers\u00f6nliches Erlebnis:<\/strong> Unser Team plant jedes Detail, um Ihren Tag perfekt zu machen, sei es ein spezielles Thema, Dekoration oder Programm.<\/li>\n<li><strong>Spektakul\u00e4re Dekoration:<\/strong> Das majest\u00e4tische Gel\u00e4nde des Schlosses ist die perfekte Kulisse f\u00fcr eine m\u00e4rchenhafte Sweet-Sixteen-Party, geschm\u00fcckt mit bunten Lichtern und Blumen.<\/li>\n<li><strong>Ein wunderbarer Ort f\u00fcr Fotos:<\/strong> Im 1,6 Hektar gro\u00dfen Schlossgarten oder im Rosengarten gibt es unz\u00e4hlige Fotopl\u00e4tze, an denen Sie das Star-Model sein k\u00f6nnen! Machen Sie die besten Fotos Ihres Lebens im g\u00fcnstigsten Moment!<\/li>\n<li><strong>Suiten und Zimmer zu vermieten:<\/strong>&nbsp;Das Schloss hat 11 Zimmer und 3 Suiten<\/li>\n<li><strong>Exklusive Verpflegung:<\/strong> Mit einer gro\u00dfen Auswahl an Men\u00fcs oder einem speziellen Partybuffet sorgen wir daf\u00fcr, dass alle Ihre G\u00e4ste zufrieden sind - von leckeren Snacks bis hin zu einer spektakul\u00e4ren Geburtstagstorte oder einem Desserttisch. Ob Louis Vuitton-Torte oder Prinzessinnen-Torte ! \ud83d\ude42<\/li>\n<\/ul>\t\t\t\t\t\t\t\t<\/div>\n\t\t\t\t<\/div>\n\t\t\t\t\t<\/div>\n\t\t\t\t<\/div>\n\t\t<div class=\"elementor-element elementor-element-db368f4 e-flex e-con-boxed e-con e-parent\" data-id=\"db368f4\" data-element_type=\"container\" data-e-type=\"container\">\n\t\t\t\t\t<div class=\"e-con-inner\">\n\t\t\t\t<div class=\"elementor-element elementor-element-d72d115 elementor-widget elementor-widget-image\" data-id=\"d72d115\" data-element_type=\"widget\" data-e-type=\"widget\" data-widget_type=\"image.default\">\n\t\t\t\t<div class=\"elementor-widget-container\">\n\t\t\t\t\t\t\t\t\t\t\t\t\t\t\t<img decoding=\"async\" width=\"1024\" height=\"768\" src=\"https:\/\/ottevenyikastely.hu\/wp-content\/uploads\/2024\/10\/IMG_5036-1024x768.jpeg\" class=\"attachment-large size-large wp-image-10188\" alt=\"\" srcset=\"https:\/\/ottevenyikastely.hu\/wp-content\/uploads\/2024\/10\/IMG_5036-1024x768.jpeg 1024w, https:\/\/ottevenyikastely.hu\/wp-content\/uploads\/2024\/10\/IMG_5036-300x225.jpeg 300w, https:\/\/ottevenyikastely.hu\/wp-content\/uploads\/2024\/10\/IMG_5036-768x576.jpeg 768w, https:\/\/ottevenyikastely.hu\/wp-content\/uploads\/2024\/10\/IMG_5036-1536x1152.jpeg 1536w, https:\/\/ottevenyikastely.hu\/wp-content\/uploads\/2024\/10\/IMG_5036-2048x1536.jpeg 2048w, https:\/\/ottevenyikastely.hu\/wp-content\/uploads\/2024\/10\/IMG_5036-16x12.jpeg 16w\" sizes=\"(max-width: 1024px) 100vw, 1024px\" title=\"\">\t\t\t\t\t\t\t\t\t\t\t\t\t\t\t<\/div>\n\t\t\t\t<\/div>\n\t\t\t\t\t<\/div>\n\t\t\t\t<\/div>\n\t\t<div class=\"elementor-element elementor-element-7039199 e-flex e-con-boxed e-con e-parent\" data-id=\"7039199\" data-element_type=\"container\" data-e-type=\"container\">\n\t\t\t\t\t<div class=\"e-con-inner\">\n\t\t\t\t<div class=\"elementor-element elementor-element-93ed3c1 elementor-widget elementor-widget-text-editor\" data-id=\"93ed3c1\" data-element_type=\"widget\" data-e-type=\"widget\" data-widget_type=\"text-editor.default\">\n\t\t\t\t<div class=\"elementor-widget-container\">\n\t\t\t\t\t\t\t\t\t<h4><strong>Programmoptionen:<\/strong><\/h4><ul><li>Elegantes Abendessen und Tanz im Ballsaal<\/li><li>Thematische Fotoecke und Parade auf dem roten Teppich<\/li><li>N\u00e4chtliche Lichtshow im Innenhof des Schlosses<\/li><li>Interaktive Spiele\u00a0<\/li><li>St\u00e1r DJ auf der Tanzfl\u00e4che, Licht- und Soundeffekte<\/li><\/ul><h4><strong>Buchung und Information:<\/strong><\/h4><p>Setzen Sie sich mit uns in Verbindung, um die Sweet Sixteen-Feier Ihrer Tr\u00e4ume im Schloss \u00d6ttev\u00e9nyi zu planen. Wir werden ein ma\u00dfgeschneidertes Angebot erstellen, um jeden Moment Ihres Tages unvergesslich zu machen!<\/p>\t\t\t\t\t\t\t\t<\/div>\n\t\t\t\t<\/div>\n\t\t\t\t\t<\/div>\n\t\t\t\t<\/div>\n\t\t\t\t<\/div>","protected":false},"excerpt":{"rendered":"<p>\ud83c\udf89 Sweet Sixteen Party im Schloss \u00d6ttev\u00e9nyi! \ud83c\udf89 Feiern Sie Ihren 16. Geburtstag so, wie Sie es sich immer ertr\u00e4umt haben! Das Sweet Sixteen, das in den angels\u00e4chsischen L\u00e4ndern eine gro\u00dfe Tradition hat, gibt es jetzt auch in Ungarn. Dieses besondere Ereignis ist nicht nur eine Geburtstagsparty, sondern einer der wichtigsten Meilensteine im Leben eines Teenagers. Im Schloss \u00d6ttev\u00e9nyi bieten wir unvergessliche Erlebnisse f\u00fcr [...]<\/p>","protected":false},"author":7,"featured_media":0,"parent":0,"menu_order":0,"comment_status":"closed","ping_status":"closed","template":"","meta":{"footnotes":""},"class_list":["post-10185","page","type-page","status-publish","hentry","entry"],"_links":{"self":[{"href":"https:\/\/ottevenyikastely.hu\/de\/wp-json\/wp\/v2\/pages\/10185","targetHints":{"allow":["GET"]}}],"collection":[{"href":"https:\/\/ottevenyikastely.hu\/de\/wp-json\/wp\/v2\/pages"}],"about":[{"href":"https:\/\/ottevenyikastely.hu\/de\/wp-json\/wp\/v2\/types\/page"}],"author":[{"embeddable":true,"href":"https:\/\/ottevenyikastely.hu\/de\/wp-json\/wp\/v2\/users\/7"}],"replies":[{"embeddable":true,"href":"https:\/\/ottevenyikastely.hu\/de\/wp-json\/wp\/v2\/comments?post=10185"}],"version-history":[{"count":4,"href":"https:\/\/ottevenyikastely.hu\/de\/wp-json\/wp\/v2\/pages\/10185\/revisions"}],"predecessor-version":[{"id":10191,"href":"https:\/\/ottevenyikastely.hu\/de\/wp-json\/wp\/v2\/pages\/10185\/revisions\/10191"}],"wp:attachment":[{"href":"https:\/\/ottevenyikastely.hu\/de\/wp-json\/wp\/v2\/media?parent=10185"}],"curies":[{"name":"wp","href":"https:\/\/api.w.org\/{rel}","templated":true}]}}