{"id":10780,"date":"2024-11-19T08:55:33","date_gmt":"2024-11-19T07:55:33","guid":{"rendered":"https:\/\/ottevenyikastely.hu\/?page_id=10780"},"modified":"2024-11-19T08:58:56","modified_gmt":"2024-11-19T07:58:56","slug":"alomeskuvo-grundnormen","status":"publish","type":"page","link":"https:\/\/ottevenyikastely.hu\/de\/alomeskuvo-grundnormen\/","title":{"rendered":"Traumhochzeitsstatuten"},"content":{"rendered":"<div data-elementor-type=\"wp-page\" data-elementor-id=\"10780\" class=\"elementor elementor-10780\" data-elementor-post-type=\"page\">\n\t\t\t\t<div class=\"elementor-element elementor-element-d478a0a e-flex e-con-boxed e-con e-parent\" data-id=\"d478a0a\" data-element_type=\"container\" data-e-type=\"container\">\n\t\t\t\t\t<div class=\"e-con-inner\">\n\t\t\t\t<div class=\"elementor-element elementor-element-8a94974 elementor-widget elementor-widget-heading\" data-id=\"8a94974\" data-element_type=\"widget\" data-e-type=\"widget\" data-widget_type=\"heading.default\">\n\t\t\t\t<div class=\"elementor-widget-container\">\n\t\t\t\t\t<h2 class=\"elementor-heading-title elementor-size-default\">Statuten der Dream Wedding Organizers Group<\/h2>\t\t\t\t<\/div>\n\t\t\t\t<\/div>\n\t\t\t\t\t<\/div>\n\t\t\t\t<\/div>\n\t\t<div class=\"elementor-element elementor-element-2d80463 e-flex e-con-boxed e-con e-parent\" data-id=\"2d80463\" data-element_type=\"container\" data-e-type=\"container\">\n\t\t\t\t\t<div class=\"e-con-inner\">\n\t\t\t\t<div class=\"elementor-element elementor-element-c1abeab elementor-widget elementor-widget-image\" data-id=\"c1abeab\" data-element_type=\"widget\" data-e-type=\"widget\" data-widget_type=\"image.default\">\n\t\t\t\t<div class=\"elementor-widget-container\">\n\t\t\t\t\t\t\t\t\t\t\t\t\t\t\t<img decoding=\"async\" src=\"https:\/\/ottevenyikastely.hu\/wp-content\/plugins\/elementor\/assets\/images\/placeholder.png\" title=\"\" alt=\"\" loading=\"lazy\">\t\t\t\t\t\t\t\t\t\t\t\t\t\t\t<\/div>\n\t\t\t\t<\/div>\n\t\t\t\t\t<\/div>\n\t\t\t\t<\/div>\n\t\t<div class=\"elementor-element elementor-element-2dbf81e e-flex e-con-boxed e-con e-parent\" data-id=\"2dbf81e\" data-element_type=\"container\" data-e-type=\"container\">\n\t\t\t\t\t<div class=\"e-con-inner\">\n\t\t\t\t<div class=\"elementor-element elementor-element-a5ae6eb elementor-widget elementor-widget-text-editor\" data-id=\"a5ae6eb\" data-element_type=\"widget\" data-e-type=\"widget\" data-widget_type=\"text-editor.default\">\n\t\t\t\t<div class=\"elementor-widget-container\">\n\t\t\t\t\t\t\t\t\t<p><strong>1. zweck und auftrag<\/strong><br \/>Ziel der \"Dream Wedding Planners Group\" ist es, verl\u00e4ssliche, kooperative und auf den Stil des Schlosses abgestimmte Hochzeitsdienstleister zusammenzubringen, um Hochzeiten erfolgreich zu vermarkten und qualitativ hochwertige Veranstaltungen durchzuf\u00fchren.<\/p><p><strong>2. die Kriterien f\u00fcr die Mitgliedschaft<\/strong><\/p><ul><li>Alle Mitglieder m\u00fcssen den Stil und die Qualit\u00e4tsstandards des Schlosses respektieren.<\/li><li>Zu den Mitgliedern k\u00f6nnen geh\u00f6ren: Zeremonienmeister, Hochzeitsplaner, Dekorateure, Juweliere, Kalligraphen, Betreiber von Fotow\u00e4nden, Party-Nannies, Wahrsager, Ton- und Lichttechniker, B\u00fchnentechniker, Requisitenverleiher, Designer von Braut- und Br\u00e4utigamskleidern, Discjockeys, Bands und andere Hochzeitsdienstleister. Eine wichtige Regel ist jedoch, dass nur ein Dienstleister aus jedem Bereich Mitglied der Gruppierung sein kann.<\/li><\/ul><p><strong>3. die Grunds\u00e4tze der Zusammenarbeit<\/strong><\/p><ul><li><strong>Cross-Selling:<\/strong> Die Mitglieder verpflichten sich, sich gegenseitig ihren eigenen Kunden und Interessenten als Erste zu empfehlen und die anderen Mitglieder der Gruppe auf ihren Kommunikationskan\u00e4len und Websites zu erw\u00e4hnen.<\/li><li><strong>Erstellung von Inhalten:<\/strong> 1-2 Mal im Jahr organisieren die Mitglieder gemeinsam eine Pr\u00e4sentations-Hochzeitsveranstaltung, die mit der Hochzeitsausstellung des Schlosses verbunden ist, mit dem Ziel, professionelles Foto- und Videomaterial zu produzieren. Die produzierten Inhalte k\u00f6nnen von jedem Mitglied auf seinem eigenen Kommunikationskanal ver\u00f6ffentlicht werden.<\/li><li><strong>Erstellung von Blog-Inhalten:<\/strong> Die Mitglieder sind verpflichtet, mindestens alle zwei Monate einen Beitrag zu ihrem Fachgebiet f\u00fcr den Blog alomeskuvo.com zu schreiben, der vom Veranstalter des Schlosses ver\u00f6ffentlicht wird. Das Schloss verpflichtet sich, den Blog auf seinen Social-Media-Kan\u00e4len laufend zu bewerben.<\/li><li><strong>Erstellung einer gemeinsamen Ver\u00f6ffentlichung:<\/strong> Auf der Grundlage der inhaltlichen Produktion und des zuvor auf dem Blog ver\u00f6ffentlichten Materials wird das ausrichtende Schloss alle \u00bd Jahr eine gemeinsame Publikation erstellen, die die Kooperationspartner mit einem eigenen Cover versehen und nach eigenem Ermessen drucken und verbreiten k\u00f6nnen.<\/li><\/ul><p><strong>(4) Verpflichtungen der Mitglieder<\/strong><\/p><ul><li>Die Mitglieder der Gruppe verpflichten sich zur aktiven Zusammenarbeit und zur st\u00e4ndigen Verbesserung ihrer Dienstleistungen.<\/li><li>Um die Gruppe zu f\u00f6rdern und qualitativ hochwertige Inhalte zu pr\u00e4sentieren, m\u00fcssen die Mitglieder an gemeinsamen Veranstaltungen zur Erstellung von Inhalten teilnehmen und aktiv zur Entwicklung der Gruppe beitragen.<\/li><li>Die Mitglieder sind verpflichtet, sich bei ihren Verk\u00e4ufen in erster Linie gegenseitig zu empfehlen.<\/li><\/ul><p><strong>5. die Ausschlussbedingungen<\/strong><br \/>Ein Mitglied kann aus der Gruppe ausgeschlossen werden, wenn:<\/p><ul><li>Sie verst\u00f6\u00dft gegen die oben genannten Grunds\u00e4tze und Verpflichtungen der Zusammenarbeit.<\/li><li>Die Qualit\u00e4t der Dienstleistungen entspricht nicht den vom Schloss und der Gruppe gesetzten Standards.<\/li><li>\u00dcberschreitung der ethischen Grenzen des Berufs<\/li><\/ul><div><p><strong>6. die Aufnahme neuer Mitglieder Bedingungen<\/strong><br \/>Nur Mitglieder, die von einer gro\u00dfen Mehrheit der Gruppenmitglieder unterst\u00fctzt werden, k\u00f6nnen in die Gruppe aufgenommen werden. Der Organisator der Gruppe hat ein Vetorecht gegen\u00fcber dem Eigent\u00fcmer des F\u00f6ldv\u00e1ry-Schlosses.<\/p><\/div><p><strong>7. in Kontakt bleiben<\/strong><br \/>Die Mitglieder der Gruppe stehen in st\u00e4ndigem Kontakt mit dem Organisator der Veranstaltungen im Schloss, der die Zusammenarbeit und die Erstellung von Inhalten koordiniert und den Blog alomeskuvo.com aktualisiert und f\u00f6rdert.<\/p>\t\t\t\t\t\t\t\t<\/div>\n\t\t\t\t<\/div>\n\t\t\t\t\t<\/div>\n\t\t\t\t<\/div>\n\t\t<div class=\"elementor-element elementor-element-94b33c9 e-flex e-con-boxed e-con e-parent\" data-id=\"94b33c9\" data-element_type=\"container\" data-e-type=\"container\">\n\t\t\t\t\t<div class=\"e-con-inner\">\n\t\t\t\t<div class=\"elementor-element elementor-element-0d3564a elementor-widget elementor-widget-heading\" data-id=\"0d3564a\" data-element_type=\"widget\" data-e-type=\"widget\" data-widget_type=\"heading.default\">\n\t\t\t\t<div class=\"elementor-widget-container\">\n\t\t\t\t\t<h2 class=\"elementor-heading-title elementor-size-default\">Die Mitgliedschaft:<\/h2>\t\t\t\t<\/div>\n\t\t\t\t<\/div>\n\t\t\t\t<div class=\"elementor-element elementor-element-27c2735 elementor-widget elementor-widget-text-editor\" data-id=\"27c2735\" data-element_type=\"widget\" data-e-type=\"widget\" data-widget_type=\"text-editor.default\">\n\t\t\t\t<div class=\"elementor-widget-container\">\n\t\t\t\t\t\t\t\t\t<p>\u00d6ttev\u00e9nyi Abteilung Schlossveranstaltungen<\/p>\t\t\t\t\t\t\t\t<\/div>\n\t\t\t\t<\/div>\n\t\t\t\t\t<\/div>\n\t\t\t\t<\/div>\n\t\t<div class=\"elementor-element elementor-element-1476b22 e-flex e-con-boxed e-con e-parent\" data-id=\"1476b22\" data-element_type=\"container\" data-e-type=\"container\">\n\t\t\t\t\t<div class=\"e-con-inner\">\n\t\t\t\t\t<\/div>\n\t\t\t\t<\/div>\n\t\t\t\t<\/div>","protected":false},"excerpt":{"rendered":"<p>\u00c1lomesk\u00fcv\u0151 szervez\u0151k csoportj\u00e1nak alapszab\u00e1lyzata 1. C\u00e9lja \u00e9s K\u00fcldet\u00e9seAz \u201e\u00c1lomesk\u00fcv\u0151 Szervez\u0151k Csoportja\u201d c\u00e9lja, hogy megb\u00edzhat\u00f3, a kast\u00e9ly st\u00edlus\u00e1hoz illeszked\u0151, egy\u00fcttm\u0171k\u00f6d\u00e9sre k\u00e9sz esk\u00fcv\u0151i szolg\u00e1ltat\u00f3kat fogjon \u00f6ssze az esk\u00fcv\u0151k sikeres \u00e9rt\u00e9kes\u00edt\u00e9se \u00e9s a rendezv\u00e9nyek magas sz\u00ednvonal\u00fa lebonyol\u00edt\u00e1sa \u00e9rdek\u00e9ben. 2. Tags\u00e1gi Krit\u00e9riumok Minden tag k\u00f6teles a kast\u00e9ly st\u00edlus\u00e1t \u00e9s min\u0151s\u00e9gi elv\u00e1r\u00e1sait szem el\u0151tt tartani. A tagok k\u00f6z\u00e9 tartozhatnak: cerem\u00f3niamesterek, [&hellip;]<\/p>","protected":false},"author":7,"featured_media":0,"parent":0,"menu_order":0,"comment_status":"closed","ping_status":"closed","template":"","meta":{"footnotes":""},"class_list":["post-10780","page","type-page","status-publish","hentry","entry"],"_links":{"self":[{"href":"https:\/\/ottevenyikastely.hu\/de\/wp-json\/wp\/v2\/pages\/10780","targetHints":{"allow":["GET"]}}],"collection":[{"href":"https:\/\/ottevenyikastely.hu\/de\/wp-json\/wp\/v2\/pages"}],"about":[{"href":"https:\/\/ottevenyikastely.hu\/de\/wp-json\/wp\/v2\/types\/page"}],"author":[{"embeddable":true,"href":"https:\/\/ottevenyikastely.hu\/de\/wp-json\/wp\/v2\/users\/7"}],"replies":[{"embeddable":true,"href":"https:\/\/ottevenyikastely.hu\/de\/wp-json\/wp\/v2\/comments?post=10780"}],"version-history":[{"count":4,"href":"https:\/\/ottevenyikastely.hu\/de\/wp-json\/wp\/v2\/pages\/10780\/revisions"}],"predecessor-version":[{"id":10784,"href":"https:\/\/ottevenyikastely.hu\/de\/wp-json\/wp\/v2\/pages\/10780\/revisions\/10784"}],"wp:attachment":[{"href":"https:\/\/ottevenyikastely.hu\/de\/wp-json\/wp\/v2\/media?parent=10780"}],"curies":[{"name":"wp","href":"https:\/\/api.w.org\/{rel}","templated":true}]}}