{"id":10925,"date":"2024-11-30T14:45:11","date_gmt":"2024-11-30T13:45:11","guid":{"rendered":"https:\/\/ottevenyikastely.hu\/?page_id=10925"},"modified":"2025-01-24T20:28:30","modified_gmt":"2025-01-24T19:28:30","slug":"kincsvadasz","status":"publish","type":"page","link":"https:\/\/ottevenyikastely.hu\/de\/kincsvadasz\/","title":{"rendered":"Schatzsucher"},"content":{"rendered":"<div data-elementor-type=\"wp-page\" data-elementor-id=\"10925\" class=\"elementor elementor-10925\" data-elementor-post-type=\"page\">\n\t\t\t\t<div class=\"elementor-element elementor-element-fae797d e-flex e-con-boxed e-con e-parent\" data-id=\"fae797d\" data-element_type=\"container\" data-e-type=\"container\">\n\t\t\t\t\t<div class=\"e-con-inner\">\n\t\t\t\t<div class=\"elementor-element elementor-element-3f5bdd2 elementor-widget elementor-widget-heading\" data-id=\"3f5bdd2\" data-element_type=\"widget\" data-e-type=\"widget\" data-widget_type=\"heading.default\">\n\t\t\t\t<div class=\"elementor-widget-container\">\n\t\t\t\t\t<h2 class=\"elementor-heading-title elementor-size-default\">Wir sind auf der Suche nach Schatzsuchern!<\/h2>\t\t\t\t<\/div>\n\t\t\t\t<\/div>\n\t\t\t\t<div class=\"elementor-element elementor-element-d4bb926 elementor-widget elementor-widget-text-editor\" data-id=\"d4bb926\" data-element_type=\"widget\" data-e-type=\"widget\" data-widget_type=\"text-editor.default\">\n\t\t\t\t<div class=\"elementor-widget-container\">\n\t\t\t\t\t\t\t\t\t<p><span style=\"text-decoration: underline;\"><strong>10% im Austausch gegen eine Provision<\/strong><\/span>!<\/p>\t\t\t\t\t\t\t\t<\/div>\n\t\t\t\t<\/div>\n\t\t\t\t<div class=\"elementor-element elementor-element-5b14c81 elementor-widget elementor-widget-image\" data-id=\"5b14c81\" data-element_type=\"widget\" data-e-type=\"widget\" data-widget_type=\"image.default\">\n\t\t\t\t<div class=\"elementor-widget-container\">\n\t\t\t\t\t\t\t\t\t\t\t\t\t\t\t<img fetchpriority=\"high\" decoding=\"async\" width=\"1024\" height=\"886\" src=\"https:\/\/ottevenyikastely.hu\/wp-content\/uploads\/2025\/01\/IMG_0188-1024x886.jpeg\" class=\"attachment-large size-large wp-image-11759\" alt=\"\" srcset=\"https:\/\/ottevenyikastely.hu\/wp-content\/uploads\/2025\/01\/IMG_0188-1024x886.jpeg 1024w, https:\/\/ottevenyikastely.hu\/wp-content\/uploads\/2025\/01\/IMG_0188-300x260.jpeg 300w, https:\/\/ottevenyikastely.hu\/wp-content\/uploads\/2025\/01\/IMG_0188-768x665.jpeg 768w, https:\/\/ottevenyikastely.hu\/wp-content\/uploads\/2025\/01\/IMG_0188-1536x1329.jpeg 1536w, https:\/\/ottevenyikastely.hu\/wp-content\/uploads\/2025\/01\/IMG_0188-2048x1772.jpeg 2048w, https:\/\/ottevenyikastely.hu\/wp-content\/uploads\/2025\/01\/IMG_0188-14x12.jpeg 14w\" sizes=\"(max-width: 1024px) 100vw, 1024px\" title=\"\">\t\t\t\t\t\t\t\t\t\t\t\t\t\t\t<\/div>\n\t\t\t\t<\/div>\n\t\t\t\t\t<\/div>\n\t\t\t\t<\/div>\n\t\t<div class=\"elementor-element elementor-element-3f22959 e-flex e-con-boxed e-con e-parent\" data-id=\"3f22959\" data-element_type=\"container\" data-e-type=\"container\">\n\t\t\t\t\t<div class=\"e-con-inner\">\n\t\t\t\t<div class=\"elementor-element elementor-element-6a1b21d elementor-widget elementor-widget-text-editor\" data-id=\"6a1b21d\" data-element_type=\"widget\" data-e-type=\"widget\" data-widget_type=\"text-editor.default\">\n\t\t\t\t<div class=\"elementor-widget-container\">\n\t\t\t\t\t\t\t\t\t<p>Wenn Sie ein Kunstsammler und ein Experte sind, wissen Sie nie, wann Sie auf ein besonderes Kunstwerk sto\u00dfen, das Sie uns gegen eine Provision anbieten m\u00f6chten!<\/p>\n<p>Schicken Sie uns die Details des Kunstwerks, an dem Sie interessiert sind, und ein Foto an <a href=\"mailto:mutargy@foldvaryaukcio.hu\"><span style=\"text-decoration: underline;\">mutargy@foldvaryaukcio.hu<\/span><\/a> per E-Mail an, wir werden sie pr\u00fcfen und Ihnen in K\u00fcrze unsere Stellungnahme mitteilen.&nbsp;<\/p>\n<p>Wenn Sie sich f\u00fcr unsere Kunstwerke interessieren, erhalten Sie von uns in K\u00fcrze eine <span style=\"text-decoration: underline;\">eine Best\u00e4tigungs-E-Mail,<\/span> Wenn es uns mit Ihrer Hilfe gelingt, das Kunstwerk zu ersteigern und erfolgreich zu versteigern, zahlen wir Ihnen den Nettogewinn des Auktionshauses f\u00fcr den Gegenstand. <span style=\"text-decoration: underline;\"><strong>10% als Vermittlungsprovision.<\/strong><\/span><\/p>\n<p><em>Als Privatperson ist der Provisionsbetrag ein Bruttobetrag, wenn Sie eine Rechnung daf\u00fcr vorlegen k\u00f6nnen, k\u00f6nnen Sie ihn als Nettobetrag berechnen.<\/em><\/p>\t\t\t\t\t\t\t\t<\/div>\n\t\t\t\t<\/div>\n\t\t\t\t\t<\/div>\n\t\t\t\t<\/div>\n\t\t<div class=\"elementor-element elementor-element-f0c531d e-flex e-con-boxed e-con e-parent\" data-id=\"f0c531d\" data-element_type=\"container\" data-e-type=\"container\">\n\t\t\t\t\t<div class=\"e-con-inner\">\n\t\t\t\t<div class=\"elementor-element elementor-element-c3127cf elementor-widget elementor-widget-text-editor\" data-id=\"c3127cf\" data-element_type=\"widget\" data-e-type=\"widget\" data-widget_type=\"text-editor.default\">\n\t\t\t\t<div class=\"elementor-widget-container\">\n\t\t\t\t\t\t\t\t\t<p><span style=\"text-decoration: underline;\">Was wir suchen:<\/span><\/p><p>\u00a0<strong>Nur bekannte Maler<\/strong>\u00c4sthetisch sch\u00f6ne, gut ausgef\u00fchrte \u00d6l-auf-Leinwand-Werke, haupts\u00e4chlich aus dem 18. und 19. <strong>spezielle Zsolnay-Keramik.<\/strong> Ungekennzeichnete oder zeitgen\u00f6ssische Kunstwerke, religi\u00f6s motivierte Gem\u00e4lde, M\u00f6bel und andere Kunstwerke sowie Gegenst\u00e4nde unter 150 e HUF werden nicht angenommen.<\/p><p>Die wir f\u00fcr bekannte Maler halten: <span style=\"text-decoration: underline;\"><strong><a href=\"https:\/\/ottevenyikastely.hu\/de\/liste-von-muveszek\/\">Klicken Sie hier, um die Liste zu sehen<\/a><\/strong><\/span><\/p><p>Z\u00f6gern Sie nicht, unser Partner zu werden und die Fr\u00fcchte des Erfolgs zu genie\u00dfen!\u00a0<\/p>\t\t\t\t\t\t\t\t<\/div>\n\t\t\t\t<\/div>\n\t\t\t\t\t<\/div>\n\t\t\t\t<\/div>\n\t\t<div class=\"elementor-element elementor-element-83d0ac8 e-flex e-con-boxed e-con e-parent\" data-id=\"83d0ac8\" data-element_type=\"container\" data-e-type=\"container\">\n\t\t\t\t\t<div class=\"e-con-inner\">\n\t\t\t\t<div class=\"elementor-element elementor-element-42f9c4a elementor-widget elementor-widget-text-editor\" data-id=\"42f9c4a\" data-element_type=\"widget\" data-e-type=\"widget\" data-widget_type=\"text-editor.default\">\n\t\t\t\t<div class=\"elementor-widget-container\">\n\t\t\t\t\t\t\t\t\t<p>Wenn Sie <span style=\"text-decoration: underline;\">qualifizierter Gem\u00e4lde- oder Kunstgutachter oder Kunsthistoriker<\/span>\u00a0oder einfach nur ein \"alter Hase\" ist und uns helfen m\u00f6chte <span style=\"text-decoration: underline;\">finden und f\u00fcr einen Auftrag empfehlen<\/span> Auktionsgegenst\u00e4nde, abonnieren Sie bitte den <em><strong>zu unserer Schatzsucher-Gruppe<\/strong><\/em> und wir geben Ihnen alle Informationen, die Sie brauchen, um in Ihrer Arbeit erfolgreicher zu sein.<\/p>\t\t\t\t\t\t\t\t<\/div>\n\t\t\t\t<\/div>\n\t\t\t\t<div class=\"elementor-element elementor-element-20b724d elementor-widget elementor-widget-shortcode\" data-id=\"20b724d\" data-element_type=\"widget\" data-e-type=\"widget\" data-widget_type=\"shortcode.default\">\n\t\t\t\t<div class=\"elementor-widget-container\">\n\t\t\t\t\t\t\t<div class=\"elementor-shortcode\"><div class='fluentform ff-default fluentform_wrapper_20 ffs_default_wrap'><form data-form_id=\"20\" id=\"fluentform_20\" class=\"frm-fluent-form fluent_form_20 ff-el-form-top ff_form_instance_20_1 ff-form-loading ffs_default\" data-form_instance=\"ff_form_instance_20_1\" method=\"POST\" action=\"\" ><fieldset  style=\"border: none!important;margin: 0!important;padding: 0!important;background-color: transparent!important;box-shadow: none!important;outline: none!important; min-inline-size: 100%;\">\n                    <legend class=\"ff_screen_reader_title\" style=\"display: block; margin: 0!important;padding: 0!important;height: 0!important;text-indent: -999999px;width: 0!important;overflow:hidden;\">Kaufleute f\u00fcr Kunstgeschichte - Formular<\/legend>        <div\n                style=\"display: none!important; position: absolute!important; transform: translateX(1000%)!important;\"\n                class=\"ff-el-group ff-hpsf-container\"\n        >\n            <div class=\"ff-el-input--label asterisk-right\">\n                <label for=\"ff_20_item_sf\" aria-label=\"Newsletter\">\n                    Newsletter                <\/label>\n            <\/div>\n            <div class=\"ff-el-input--content\">\n                <input type=\"text\"\n                       name=\"item_20__fluent_sf\"\n                       class=\"ff-el-form-control\"\n                       id=\"ff_20_item_sf\"\n                \/>\n            <\/div>\n        <\/div>\n        <input type='hidden' name='__fluent_form_embded_post_id' value='10925' \/><input type=\"hidden\" id=\"_fluentform_20_fluentformnonce\" name=\"_fluentform_20_fluentformnonce\" value=\"8d2fdd993e\" \/><input type=\"hidden\" name=\"_wp_http_referer\" value=\"\/de\/wp-json\/wp\/v2\/pages\/10925\" \/><div data-type=\"name-element\" data-name=\"names\" class=\"ff-field_container ff-name-field-wrapper\" ><div class='ff-t-container'><div class='ff-t-cell'><div class='ff-el-group'><div class=\"ff-el-input--label ff-el-is-required asterisk-right\"><label for='ff_20_names_first_name_' >Vornamen<\/label><\/div><div class='ff-el-input--content'><input type=\"text\" name=\"names[first_name]\" id=\"ff_20_names_first_name_\" class=\"ff-el-form-control\" placeholder=\"Vornamen\" aria-invalid=\"false\" aria-required=\"true\"><\/div><\/div><\/div><div class='ff-t-cell'><div class='ff-el-group'><div class=\"ff-el-input--label ff-el-is-required asterisk-right\"><label for='ff_20_names_last_name_' >Nachname<\/label><\/div><div class='ff-el-input--content'><input type=\"text\" name=\"names[last_name]\" id=\"ff_20_names_last_name_\" class=\"ff-el-form-control\" placeholder=\"Nachname\" aria-invalid=\"false\" aria-required=\"true\"><\/div><\/div><\/div><\/div><\/div><div class='ff-el-group'><div class=\"ff-el-input--label ff-el-is-required asterisk-right\"><label for='ff_20_email' aria-label=\"E-Mail\">E-Mail<\/label><\/div><div class='ff-el-input--content'><input type=\"email\" name=\"email\" id=\"ff_20_email\" class=\"ff-el-form-control\" placeholder=\"E-Mail Adresse\" data-name=\"email\"  aria-invalid=\"false\" aria-required=\"true\"><\/div><\/div><div class='ff-el-group    ff-el-input--content'><div class='ff-el-form-check ff-el-tc'><label aria-label='Ich habe die Datenschutzbestimmungen gelesen und akzeptiere sie!' class='ff-el-form-check-label ff_tc_label' for=\"terms-n-condition_2616176c168c74a5086cb1d627c694d2\"><span class='ff_tc_checkbox'><input type=\"checkbox\" name=\"terms-n-condition\" class=\"ff-el-form-check-input\" data-name=\"terms-n-condition\" id=\"terms-n-condition_2616176c168c74a5086cb1d627c694d2\"  value='on' aria-invalid='false' aria-required=\"true\"><\/span> <div class='ff_t_c'><p>Ich habe die Datenschutzbestimmungen gelesen und akzeptiere sie!<\/p><\/div><\/label><\/div><\/div><div class='ff-el-group    ff-el-input--content'><div class='ff-el-form-check ff-el-tc'><label aria-label='Ich bin damit einverstanden, dass diese Website die von mir \u00fcbermittelten Daten speichert, um meine Anfrage beantworten zu k\u00f6nnen!' class='ff-el-form-check-label ff_tc_label' for=\"gdpr-agreement_891d78ed07a139687f900962f6831d82\"><span class='ff_tc_checkbox'><input type=\"checkbox\" name=\"gdpr-agreement\" class=\"ff-el-form-check-input ff_gdpr_field\" data-name=\"gdpr-agreement\" id=\"gdpr-agreement_891d78ed07a139687f900962f6831d82\"  value='on' aria-invalid='false' aria-required=\"true\"><\/span> <div class='ff_t_c'>Ich bin damit einverstanden, dass diese Website die von mir \u00fcbermittelten Daten speichert, um meine Anfrage beantworten zu k\u00f6nnen!<\/div><\/label><\/div><\/div><div class='ff-el-group ff-text-left ff_submit_btn_wrapper'><button type=\"submit\" class=\"ff-btn ff-btn-submit ff-btn-md ff_btn_style\" >Senden an<\/button><\/div><\/fieldset><input type=\"hidden\" name=\"trp-form-language\" value=\"de\"\/><\/form><div id='fluentform_20_errors' class='ff-errors-in-stack ff_form_instance_20_1 ff-form-loading_errors ff_form_instance_20_1_errors'><\/div><\/div>            <script type=\"text\/javascript\">\n                window.fluent_form_ff_form_instance_20_1 = {\"id\":\"20\",\"settings\":{\"layout\":{\"labelPlacement\":\"top\",\"helpMessagePlacement\":\"with_label\",\"errorMessagePlacement\":\"inline\"},\"restrictions\":{\"denyEmptySubmission\":{\"enabled\":false}}},\"form_instance\":\"ff_form_instance_20_1\",\"form_id_selector\":\"fluentform_20\",\"rules\":{\"names[first_name]\":{\"required\":{\"value\":true,\"message\":\"This field is required\",\"global\":true,\"global_message\":\"This field is required\"}},\"names[middle_name]\":{\"required\":{\"value\":false,\"message\":\"This field is required\",\"global\":true,\"global_message\":\"This field is required\"}},\"names[last_name]\":{\"required\":{\"value\":true,\"message\":\"This field is required\",\"global\":true,\"global_message\":\"This field is required\"}},\"email\":{\"required\":{\"value\":true,\"message\":\"This field is required\",\"global\":true,\"global_message\":\"This field is required\"},\"email\":{\"value\":true,\"message\":\"This field must contain a valid email\",\"global\":true,\"global_message\":\"This field must contain a valid email\"}},\"terms-n-condition\":{\"required\":{\"value\":true,\"message\":\"This field is required\",\"global_message\":\"This field is required\",\"global\":true}},\"gdpr-agreement\":{\"required\":{\"value\":true,\"message\":\"This field is required\",\"global_message\":\"This field is required\",\"global\":true}}},\"debounce_time\":300};\n                            <\/script>\n            <\/div>\n\t\t\t\t\t\t<\/div>\n\t\t\t\t<\/div>\n\t\t\t\t\t<\/div>\n\t\t\t\t<\/div>\n\t\t<div class=\"elementor-element elementor-element-a441554 e-flex e-con-boxed e-con e-parent\" data-id=\"a441554\" data-element_type=\"container\" data-e-type=\"container\">\n\t\t\t\t\t<div class=\"e-con-inner\">\n\t\t\t\t\t<\/div>\n\t\t\t\t<\/div>\n\t\t\t\t<\/div>","protected":false},"excerpt":{"rendered":"<p>Wir sind auf der Suche nach Schatzsuchern! 10% im Tausch gegen eine Provision! Wenn Sie ein Experte auf dem Gebiet der Kunstsch\u00e4tze sind, wissen Sie nie, wann Sie auf ein besonderes Kunstwerk sto\u00dfen, das Sie uns f\u00fcr eine Provision anbieten m\u00f6chten! Schicken Sie uns die Details und ein Foto des Kunstwerks, an dem Sie interessiert sind, an mutargy@foldvaryaukcio.hu, wir werden es pr\u00fcfen und [...]<\/p>","protected":false},"author":7,"featured_media":0,"parent":0,"menu_order":0,"comment_status":"closed","ping_status":"closed","template":"","meta":{"footnotes":""},"class_list":["post-10925","page","type-page","status-publish","hentry","entry"],"_links":{"self":[{"href":"https:\/\/ottevenyikastely.hu\/de\/wp-json\/wp\/v2\/pages\/10925","targetHints":{"allow":["GET"]}}],"collection":[{"href":"https:\/\/ottevenyikastely.hu\/de\/wp-json\/wp\/v2\/pages"}],"about":[{"href":"https:\/\/ottevenyikastely.hu\/de\/wp-json\/wp\/v2\/types\/page"}],"author":[{"embeddable":true,"href":"https:\/\/ottevenyikastely.hu\/de\/wp-json\/wp\/v2\/users\/7"}],"replies":[{"embeddable":true,"href":"https:\/\/ottevenyikastely.hu\/de\/wp-json\/wp\/v2\/comments?post=10925"}],"version-history":[{"count":43,"href":"https:\/\/ottevenyikastely.hu\/de\/wp-json\/wp\/v2\/pages\/10925\/revisions"}],"predecessor-version":[{"id":11762,"href":"https:\/\/ottevenyikastely.hu\/de\/wp-json\/wp\/v2\/pages\/10925\/revisions\/11762"}],"wp:attachment":[{"href":"https:\/\/ottevenyikastely.hu\/de\/wp-json\/wp\/v2\/media?parent=10925"}],"curies":[{"name":"wp","href":"https:\/\/api.w.org\/{rel}","templated":true}]}}