{"id":11122,"date":"2024-12-16T08:24:02","date_gmt":"2024-12-16T07:24:02","guid":{"rendered":"https:\/\/ottevenyikastely.hu\/?page_id=11122"},"modified":"2025-12-01T13:03:41","modified_gmt":"2025-12-01T12:03:41","slug":"firmenname","status":"publish","type":"page","link":"https:\/\/ottevenyikastely.hu\/de\/firmenname\/","title":{"rendered":"Stiftung"},"content":{"rendered":"<div data-elementor-type=\"wp-page\" data-elementor-id=\"11122\" class=\"elementor elementor-11122\" data-elementor-post-type=\"page\">\n\t\t\t\t<div class=\"elementor-element elementor-element-4744cd1 e-flex e-con-boxed e-con e-parent\" data-id=\"4744cd1\" data-element_type=\"container\" data-e-type=\"container\">\n\t\t\t\t\t<div class=\"e-con-inner\">\n\t\t\t\t<div class=\"elementor-element elementor-element-59e9605 elementor-widget elementor-widget-image\" data-id=\"59e9605\" data-element_type=\"widget\" data-e-type=\"widget\" data-widget_type=\"image.default\">\n\t\t\t\t<div class=\"elementor-widget-container\">\n\t\t\t\t\t\t\t\t\t\t\t\t\t\t\t<img fetchpriority=\"high\" decoding=\"async\" width=\"973\" height=\"976\" src=\"https:\/\/ottevenyikastely.hu\/wp-content\/uploads\/2025\/04\/matusz_csaladi_alapitvany_logo_full_color_gradient.png\" class=\"attachment-large size-large wp-image-13155\" alt=\"\" srcset=\"https:\/\/ottevenyikastely.hu\/wp-content\/uploads\/2025\/04\/matusz_csaladi_alapitvany_logo_full_color_gradient.png 973w, https:\/\/ottevenyikastely.hu\/wp-content\/uploads\/2025\/04\/matusz_csaladi_alapitvany_logo_full_color_gradient-300x300.png 300w, https:\/\/ottevenyikastely.hu\/wp-content\/uploads\/2025\/04\/matusz_csaladi_alapitvany_logo_full_color_gradient-150x150.png 150w, https:\/\/ottevenyikastely.hu\/wp-content\/uploads\/2025\/04\/matusz_csaladi_alapitvany_logo_full_color_gradient-768x770.png 768w, https:\/\/ottevenyikastely.hu\/wp-content\/uploads\/2025\/04\/matusz_csaladi_alapitvany_logo_full_color_gradient-12x12.png 12w\" sizes=\"(max-width: 973px) 100vw, 973px\" title=\"\">\t\t\t\t\t\t\t\t\t\t\t\t\t\t\t<\/div>\n\t\t\t\t<\/div>\n\t\t\t\t\t<\/div>\n\t\t\t\t<\/div>\n\t\t<div class=\"elementor-element elementor-element-4a968c6 e-flex e-con-boxed e-con e-parent\" data-id=\"4a968c6\" data-element_type=\"container\" data-e-type=\"container\">\n\t\t\t\t\t<div class=\"e-con-inner\">\n\t\t\t\t<div class=\"elementor-element elementor-element-774d242 elementor-widget elementor-widget-heading\" data-id=\"774d242\" data-element_type=\"widget\" data-e-type=\"widget\" data-widget_type=\"heading.default\">\n\t\t\t\t<div class=\"elementor-widget-container\">\n\t\t\t\t\t<h2 class=\"elementor-heading-title elementor-size-default\">F\u00d6LDV\u00c1RY CHEST<br>  GEMEINN\u00dcTZIGE STIFTUNG<\/h2>\t\t\t\t<\/div>\n\t\t\t\t<\/div>\n\t\t\t\t\t<\/div>\n\t\t\t\t<\/div>\n\t\t<div class=\"elementor-element elementor-element-99067ef e-flex e-con-boxed e-con e-parent\" data-id=\"99067ef\" data-element_type=\"container\" data-e-type=\"container\">\n\t\t\t\t\t<div class=\"e-con-inner\">\n\t\t\t\t<div class=\"elementor-element elementor-element-c1ab2b3 elementor-widget elementor-widget-text-editor\" data-id=\"c1ab2b3\" data-element_type=\"widget\" data-e-type=\"widget\" data-widget_type=\"text-editor.default\">\n\t\t\t\t<div class=\"elementor-widget-container\">\n\t\t\t\t\t\t\t\t\t<p style=\"text-align: center;\"><em>Seriennummer: \u00a0 <\/em>Pk.60.044\/2025<\/p><p style=\"text-align: center;\">Steuernummer: 19418467-1-08<\/p>\t\t\t\t\t\t\t\t<\/div>\n\t\t\t\t<\/div>\n\t\t\t\t<div class=\"elementor-element elementor-element-b02c095 elementor-widget elementor-widget-heading\" data-id=\"b02c095\" data-element_type=\"widget\" data-e-type=\"widget\" data-widget_type=\"heading.default\">\n\t\t\t\t<div class=\"elementor-widget-container\">\n\t\t\t\t\t<h2 class=\"elementor-heading-title elementor-size-default\">Unterst\u00fctzen Sie die Stiftung mit einem Betrag Ihrer Wahl:<\/h2>\t\t\t\t<\/div>\n\t\t\t\t<\/div>\n\t\t\t\t<div class=\"elementor-element elementor-element-cfcd3d5 elementor-widget elementor-widget-heading\" data-id=\"cfcd3d5\" data-element_type=\"widget\" data-e-type=\"widget\" data-widget_type=\"heading.default\">\n\t\t\t\t<div class=\"elementor-widget-container\">\n\t\t\t\t\t<h2 class=\"elementor-heading-title elementor-size-default\">10400401-50527176-51491009<\/h2>\t\t\t\t<\/div>\n\t\t\t\t<\/div>\n\t\t\t\t<div class=\"elementor-element elementor-element-6bbef41 elementor-widget elementor-widget-image\" data-id=\"6bbef41\" data-element_type=\"widget\" data-e-type=\"widget\" data-widget_type=\"image.default\">\n\t\t\t\t<div class=\"elementor-widget-container\">\n\t\t\t\t\t\t\t\t\t\t\t\t<figure class=\"wp-caption\">\n\t\t\t\t\t\t\t\t\t\t\t<a href=\"https:\/\/buy.stripe.com\/4gMdR90w262t1xq9oj43S01\" target=\"_blank\" rel=\"noopener\">\n\t\t\t\t\t\t\t<img decoding=\"async\" width=\"291\" height=\"300\" src=\"https:\/\/ottevenyikastely.hu\/wp-content\/uploads\/2025\/12\/Kepernyofoto-2025-12-01-12.59.33-291x300.png\" class=\"attachment-medium size-medium wp-image-14547\" alt=\"\" srcset=\"https:\/\/ottevenyikastely.hu\/wp-content\/uploads\/2025\/12\/Kepernyofoto-2025-12-01-12.59.33-291x300.png 291w, https:\/\/ottevenyikastely.hu\/wp-content\/uploads\/2025\/12\/Kepernyofoto-2025-12-01-12.59.33-12x12.png 12w, https:\/\/ottevenyikastely.hu\/wp-content\/uploads\/2025\/12\/Kepernyofoto-2025-12-01-12.59.33.png 664w\" sizes=\"(max-width: 291px) 100vw, 291px\" title=\"\">\t\t\t\t\t\t\t\t<\/a>\n\t\t\t\t\t\t\t\t\t\t\t<figcaption class=\"widget-image-caption wp-caption-text\">Vagy 2500 Ft-al Kattints ide - K\u00d6SZ\u00d6NJ\u00dcK<\/figcaption>\n\t\t\t\t\t\t\t\t\t\t<\/figure>\n\t\t\t\t\t\t\t\t\t<\/div>\n\t\t\t\t<\/div>\n\t\t\t\t\t<\/div>\n\t\t\t\t<\/div>\n\t\t<div class=\"elementor-element elementor-element-e4f3415 e-flex e-con-boxed e-con e-parent\" data-id=\"e4f3415\" data-element_type=\"container\" data-e-type=\"container\">\n\t\t\t\t\t<div class=\"e-con-inner\">\n\t\t\t\t<div class=\"elementor-element elementor-element-a57a76a elementor-widget elementor-widget-text-editor\" data-id=\"a57a76a\" data-element_type=\"widget\" data-e-type=\"widget\" data-widget_type=\"text-editor.default\">\n\t\t\t\t<div class=\"elementor-widget-container\">\n\t\t\t\t\t\t\t\t\t<p>Das Schloss F\u00f6ldv\u00e1ry<strong>&nbsp;Gemeinn\u00fctzige Stiftung<\/strong> 2025 als soziales Ziel, die <strong>Gy\u0151r Krankenhauses, die F\u00f6rderung von Bewerbungen f\u00fcr eine Fachkrankenpflegeausbildung und die Verbesserung der Arbeitsbedingungen der Krankenschwestern.&nbsp;<\/strong><\/p>\n<p><em><strong>Im Operationstrakt des Krankenhauses von Gy\u0151r k\u00f6nnen die Operationss\u00e4le wegen des Mangels an Fachkrankenschwestern nicht mit voller Kapazit\u00e4t arbeiten. Interessanterweise sind es nicht \u00c4rzte oder Techniker, die fehlen, sondern OP-Schwestern und Fachkrankenschwestern. Ein weiteres Problem besteht darin, dass der derzeitige Personalbestand eine gro\u00dfe Anzahl von Mitarbeitern umfasst, die bereits im Ruhestand sind; wenn diese ebenfalls ausfallen, k\u00f6nnten die Operationen ernsthaft beeintr\u00e4chtigt werden. \ud83d\ude42<\/strong><\/em><\/p>\t\t\t\t\t\t\t\t<\/div>\n\t\t\t\t<\/div>\n\t\t\t\t\t<\/div>\n\t\t\t\t<\/div>\n\t\t<div class=\"elementor-element elementor-element-6a9669c e-flex e-con-boxed e-con e-parent\" data-id=\"6a9669c\" data-element_type=\"container\" data-e-type=\"container\">\n\t\t\t\t\t<div class=\"e-con-inner\">\n\t\t\t\t<div class=\"elementor-element elementor-element-a9ab59c elementor-widget elementor-widget-heading\" data-id=\"a9ab59c\" data-element_type=\"widget\" data-e-type=\"widget\" data-widget_type=\"heading.default\">\n\t\t\t\t<div class=\"elementor-widget-container\">\n\t\t\t\t\t<h2 class=\"elementor-heading-title elementor-size-default\">Die Stiftung wird im Jahr 2025 die vollst\u00e4ndige Renovierung eines Ruheraums f\u00fcr Krankenschwestern und eines Gemeinschaftsraums f\u00fcr Fachkrankenschwestern sowie die Einf\u00fchrung eines Stipendienprogramms f\u00fcr Fachkrankenschwestern in Angriff nehmen.&nbsp;<\/h2>\t\t\t\t<\/div>\n\t\t\t\t<\/div>\n\t\t\t\t\t<\/div>\n\t\t\t\t<\/div>\n\t\t<div class=\"elementor-element elementor-element-6c66c9e e-flex e-con-boxed e-con e-parent\" data-id=\"6c66c9e\" data-element_type=\"container\" data-e-type=\"container\">\n\t\t\t\t\t<div class=\"e-con-inner\">\n\t\t\t\t<div class=\"elementor-element elementor-element-4a39181 elementor-widget elementor-widget-text-editor\" data-id=\"4a39181\" data-element_type=\"widget\" data-e-type=\"widget\" data-widget_type=\"text-editor.default\">\n\t\t\t\t<div class=\"elementor-widget-container\">\n\t\t\t\t\t\t\t\t\t<p>Wenn Sie sich bei einer Ausbildungseinrichtung beworben haben <strong>F\u00fcr die Ausbildung zum Chirurgie-Assistenten oder An\u00e4sthesie-Assistenten <\/strong>und m\u00f6chten von unserer Stiftung eine Finanzierung f\u00fcr die Dauer der Ausbildung von bis zu 12 Monaten erhalten, <span style=\"text-decoration: underline;\"><strong>monatlich netto 100.000,- HUF<\/strong><\/span> um ein Stipendium zu erhalten, f\u00fcllen Sie bitte unser Bewerbungsformular aus und wir werden Sie kontaktieren. Um f\u00fcr das Stipendium in Frage zu kommen, m\u00fcssen Sie sich bereit erkl\u00e4ren, die Ausbildungspr\u00fcfung zu bestehen und mindestens 3 Jahre in der chirurgischen Abteilung des Gy\u0151r-Krankenhauses als chirurgischer Assistent zu arbeiten. Andernfalls m\u00fcssen Sie das Stipendium mit Zinsen zur\u00fcckzahlen.<\/p>\n<p>Die Einnahmen der Stiftung werden zum gr\u00f6\u00dften Teil von den ersten <span style=\"text-decoration: underline; color: #003366;\">F\u00f6ldv\u00e1ry Kunstkolonie<\/span> ein 16-k\u00f6pfiges K\u00fcnstlercamp, das 15 Gem\u00e4lde zur Unterst\u00fctzung dieser edlen Sache gespendet hat, die am 26. Oktober vom Auktionshaus F\u00f6ldv\u00e1ry versteigert werden. Die Werke k\u00f6nnen auf der Website des Auktionshauses besichtigt werden: <span style=\"text-decoration: underline;\"><span style=\"color: #000080; text-decoration: underline;\">foldvaryaukcio.hu<\/span><\/span><\/p>\n<p style=\"text-align: center;\"><span style=\"text-decoration: underline;\">3 Stipendiaten zur gleichen Zeit<\/span>&nbsp;<span style=\"text-decoration: underline;\">wir unterst\u00fctzen.<\/span><\/p>\t\t\t\t\t\t\t\t<\/div>\n\t\t\t\t<\/div>\n\t\t\t\t\t<\/div>\n\t\t\t\t<\/div>\n\t\t<div class=\"elementor-element elementor-element-72cc07a e-flex e-con-boxed e-con e-parent\" data-id=\"72cc07a\" data-element_type=\"container\" data-e-type=\"container\">\n\t\t\t\t\t<div class=\"e-con-inner\">\n\t\t\t\t<div class=\"elementor-element elementor-element-549d3d6 elementor-tabs-view-horizontal elementor-widget elementor-widget-tabs\" data-id=\"549d3d6\" data-element_type=\"widget\" data-e-type=\"widget\" data-widget_type=\"tabs.default\">\n\t\t\t\t<div class=\"elementor-widget-container\">\n\t\t\t\t\t\t\t<div class=\"elementor-tabs\">\n\t\t\t<div class=\"elementor-tabs-wrapper\" role=\"tablist\" >\n\t\t\t\t\t\t\t\t\t<div id=\"elementor-tab-title-8871\" class=\"elementor-tab-title elementor-tab-desktop-title\" aria-selected=\"true\" data-tab=\"1\" role=\"tab\" tabindex=\"0\" aria-controls=\"elementor-tab-content-8871\" aria-expanded=\"false\">Bewerbungsformular<\/div>\n\t\t\t\t\t\t\t<\/div>\n\t\t\t<div class=\"elementor-tabs-content-wrapper\" role=\"tablist\" aria-orientation=\"vertical\">\n\t\t\t\t\t\t\t\t\t<div class=\"elementor-tab-title elementor-tab-mobile-title\" aria-selected=\"true\" data-tab=\"1\" role=\"tab\" tabindex=\"0\" aria-controls=\"elementor-tab-content-8871\" aria-expanded=\"false\">Bewerbungsformular<\/div>\n\t\t\t\t\t<div id=\"elementor-tab-content-8871\" class=\"elementor-tab-content elementor-clearfix\" data-tab=\"1\" role=\"tabpanel\" aria-labelledby=\"elementor-tab-title-8871\" tabindex=\"0\" hidden=\"false\"><p><div class='fluentform ff-default fluentform_wrapper_22 ffs_default_wrap'><form data-form_id=\"22\" id=\"fluentform_22\" class=\"frm-fluent-form fluent_form_22 ff-el-form-top ff_form_instance_22_1 ff-form-loading ff_has_v3_recptcha ffs_default\" data-form_instance=\"ff_form_instance_22_1\" method=\"POST\" data-recptcha_key=\"6Lcs378qAAAAAMEOlhPdsd1hZXa18vzRxOXiR5Bo\" action=\"\" ><fieldset  style=\"border: none!important;margin: 0!important;padding: 0!important;background-color: transparent!important;box-shadow: none!important;outline: none!important; min-inline-size: 100%;\">\n                    <legend class=\"ff_screen_reader_title\" style=\"display: block; margin: 0!important;padding: 0!important;height: 0!important;text-indent: -999999px;width: 0!important;overflow:hidden;\">Stipendienprogramm (#22)<\/legend>        <div\n                style=\"display: none!important; position: absolute!important; transform: translateX(1000%)!important;\"\n                class=\"ff-el-group ff-hpsf-container\"\n        >\n            <div class=\"ff-el-input--label asterisk-right\">\n                <label for=\"ff_22_item_sf\" aria-label=\"Abonnieren\">\n                    Abonnieren                <\/label>\n            <\/div>\n            <div class=\"ff-el-input--content\">\n                <input type=\"text\"\n                       name=\"item_22__fluent_sf\"\n                       class=\"ff-el-form-control\"\n                       id=\"ff_22_item_sf\"\n                \/>\n            <\/div>\n        <\/div>\n        <input type='hidden' name='__fluent_form_embded_post_id' value='11122' \/><input type=\"hidden\" id=\"_fluentform_22_fluentformnonce\" name=\"_fluentform_22_fluentformnonce\" value=\"241b1c824f\" \/><input type=\"hidden\" name=\"_wp_http_referer\" value=\"\/alapitvany\/\" \/><div data-type=\"name-element\" data-name=\"names\" class=\"ff-field_container ff-name-field-wrapper\" ><div class='ff-t-container'><div class='ff-t-cell'><div class='ff-el-group'><div class=\"ff-el-input--label ff-el-is-required asterisk-right\"><label for='ff_22_names_first_name_' >Vornamen<\/label><\/div><div class='ff-el-input--content'><input type=\"text\" name=\"names[first_name]\" id=\"ff_22_names_first_name_\" class=\"ff-el-form-control\" placeholder=\"Vornamen\" aria-invalid=\"false\" aria-required=\"true\"><\/div><\/div><\/div><div class='ff-t-cell'><div class='ff-el-group'><div class=\"ff-el-input--label ff-el-is-required asterisk-right\"><label for='ff_22_names_last_name_' >Nachname<\/label><\/div><div class='ff-el-input--content'><input type=\"text\" name=\"names[last_name]\" id=\"ff_22_names_last_name_\" class=\"ff-el-form-control\" placeholder=\"Nachname\" aria-invalid=\"false\" aria-required=\"true\"><\/div><\/div><\/div><\/div><\/div><div class='ff-el-group'><div class=\"ff-el-input--label ff-el-is-required asterisk-right\"><label for='ff_22_email' aria-label=\"E-Mail\">E-Mail<\/label><\/div><div class='ff-el-input--content'><input type=\"email\" name=\"email\" id=\"ff_22_email\" class=\"ff-el-form-control\" placeholder=\"E-Mail Adresse\" data-name=\"email\"  aria-invalid=\"false\" aria-required=\"true\"><\/div><\/div><div class='ff-el-group'><div class=\"ff-el-input--label asterisk-right\"><label for='ff_22_file-upload_1' aria-label=\"laden Sie bitte die Best\u00e4tigung der Ausbildungseinrichtung hoch, dass Sie sich erfolgreich f\u00fcr die Ausbildung zum\/zur Operationstechnischen Assistenten\/in oder An\u00e4sthesietechnischen Assistenten\/in beworben haben.\">laden Sie bitte die Best\u00e4tigung der Ausbildungseinrichtung hoch, dass Sie sich erfolgreich f\u00fcr die Ausbildung zum\/zur Operationstechnischen Assistenten\/in oder An\u00e4sthesietechnischen Assistenten\/in beworben haben.<\/label><\/div><div class='ff-el-input--content'><label for='ff_22_file-upload_1' class='ff_file_upload_holder'><span class='ff_upload_btn ff-btn' tabindex='0'>Datei ausw\u00e4hlen<\/span> <input type=\"file\" name=\"file-upload\" id=\"ff_22_file-upload_1\" class=\"ff-el-form-control  ff-screen-reader-element\" data-name=\"file-upload\" multiple=\"1\"  aria-invalid='false' aria-required=\"false\"><\/label><\/div><\/div><div class='ff-el-group    ff-el-input--content'><div class='ff-el-form-check ff-el-tc'><label aria-label='Ich habe die Datenschutzbestimmungen gelesen und akzeptiere sie. Hiermit bewerbe ich mich f\u00fcr das Matusz Non-porfit Foundation Scholarship Program!' class='ff-el-form-check-label ff_tc_label' for=\"terms-n-condition_fe8721c705ee53af9924d7df1ccc0649\"><span class='ff_tc_checkbox'><input type=\"checkbox\" name=\"terms-n-condition\" class=\"ff-el-form-check-input\" data-name=\"terms-n-condition\" id=\"terms-n-condition_fe8721c705ee53af9924d7df1ccc0649\"  value='on' aria-invalid='false' aria-required=\"false\"><\/span> <div class='ff_t_c'><p>Ich habe die Datenschutzbestimmungen gelesen und akzeptiere sie. Hiermit bewerbe ich mich f\u00fcr das Matusz Non-porfit Foundation Scholarship Program!<\/p><\/div><\/label><\/div><\/div><div class='ff-el-group    ff-el-input--content'><div class='ff-el-form-check ff-el-tc'><label aria-label='Ich bin damit einverstanden, dass diese Website die von mir \u00fcbermittelten Daten speichert, um meine Anfrage beantworten zu k\u00f6nnen!' class='ff-el-form-check-label ff_tc_label' for=\"gdpr-agreement_037c1f486494438a35471c23cdd491f3\"><span class='ff_tc_checkbox'><input type=\"checkbox\" name=\"gdpr-agreement\" class=\"ff-el-form-check-input ff_gdpr_field\" data-name=\"gdpr-agreement\" id=\"gdpr-agreement_037c1f486494438a35471c23cdd491f3\"  value='on' aria-invalid='false' aria-required=\"true\"><\/span> <div class='ff_t_c'>Ich bin damit einverstanden, dass diese Website die von mir \u00fcbermittelten Daten speichert, um meine Anfrage beantworten zu k\u00f6nnen!<\/div><\/label><\/div><\/div><div class='ff-el-group ff-text-left ff_submit_btn_wrapper'><button type=\"submit\" class=\"ff-btn ff-btn-submit ff-btn-md ff_btn_style\" >Senden an<\/button><\/div><\/fieldset><input type=\"hidden\" name=\"trp-form-language\" value=\"de\"\/><\/form><div id='fluentform_22_errors' class='ff-errors-in-stack ff_form_instance_22_1 ff-form-loading_errors ff_form_instance_22_1_errors'><\/div><\/div>            <script type=\"text\/javascript\">\n                window.fluent_form_ff_form_instance_22_1 = {\"id\":\"22\",\"settings\":{\"layout\":{\"labelPlacement\":\"top\",\"helpMessagePlacement\":\"with_label\",\"errorMessagePlacement\":\"inline\"},\"restrictions\":{\"denyEmptySubmission\":{\"enabled\":false}}},\"form_instance\":\"ff_form_instance_22_1\",\"form_id_selector\":\"fluentform_22\",\"rules\":{\"names[first_name]\":{\"required\":{\"value\":true,\"message\":\"This field is required\",\"global\":true,\"global_message\":\"This field is required\"}},\"names[middle_name]\":{\"required\":{\"value\":false,\"message\":\"This field is required\",\"global\":true,\"global_message\":\"This field is required\"}},\"names[last_name]\":{\"required\":{\"value\":true,\"message\":\"This field is required\",\"global\":true,\"global_message\":\"This field is required\"}},\"email\":{\"required\":{\"value\":true,\"message\":\"This field is required\",\"global\":true,\"global_message\":\"This field is required\"},\"email\":{\"value\":true,\"message\":\"This field must contain a valid email\",\"global\":true,\"global_message\":\"This field must contain a valid email\"}},\"file-upload\":{\"required\":{\"value\":false,\"message\":\"This field is required\",\"global_message\":\"This field is required\",\"global\":true},\"max_file_size\":{\"value\":3145728,\"_valueFrom\":\"MB\",\"message\":\"Validation fails for maximum file size\",\"global_message\":\"Validation fails for maximum file size\",\"global\":true},\"max_file_count\":{\"value\":\"3\",\"message\":\"Validation fails for maximum file count\",\"global_message\":\"Validation fails for maximum file count\",\"global\":true},\"allowed_file_types\":{\"value\":[],\"message\":\"Invalid file type\",\"global_message\":\"Invalid file type\",\"global\":true}},\"g-recaptcha-response\":[],\"terms-n-condition\":{\"required\":{\"value\":false,\"message\":\"This field is required\",\"global_message\":\"This field is required\",\"global\":true}},\"gdpr-agreement\":{\"required\":{\"value\":true,\"message\":\"This field is required\",\"global_message\":\"This field is required\",\"global\":true}}},\"debounce_time\":300};\n                            <\/script>\n            <\/p><\/div>\n\t\t\t\t\t\t\t<\/div>\n\t\t<\/div>\n\t\t\t\t\t\t<\/div>\n\t\t\t\t<\/div>\n\t\t\t\t\t<\/div>\n\t\t\t\t<\/div>\n\t\t\t\t<\/div>","protected":false},"excerpt":{"rendered":"<p>F\u00d6LDV\u00c1RY KAST\u00c9LY NONPROFIT ALAP\u00cdTV\u00c1NY Lajstromsz\u00e1m: \u00a0 Pk.60.044\/2025 ad\u00f3sz\u00e1m: 19418467-1-08 T\u00e1mogassa az alap\u00edtv\u00e1nyt egy tetsz\u0151leges \u00f6sszeggel: 10400401-50527176-51491009 Vagy 2500 Ft-al Kattints ide &#8211; K\u00d6SZ\u00d6NJ\u00dcK A F\u00f6ldv\u00e1ry Kast\u00e9ly&nbsp;Nonprofit&nbsp;Alap\u00edtv\u00e1ny 2025-\u00f6s t\u00e1rsadalmi c\u00e9lkit\u0171z\u00e9sek\u00e9nt, a Gy\u0151ri k\u00f3rh\u00e1z M\u0171t\u0151s r\u00e9szlegei r\u00e9sz\u00e9re, szak\u00e1pol\u00f3 k\u00e9pz\u00e9sre t\u00f6rt\u00e9n\u0151 jelentkez\u00e9s \u00f6szt\u00f6nz\u00e9s\u00e9t \u00e9s a n\u0151v\u00e9rek munkak\u00f6r\u00fclm\u00e9nyeinek jav\u00edt\u00e1s\u00e1t jel\u00f6lte meg.&nbsp; A Gy\u0151ri k\u00f3rh\u00e1z m\u0171t\u0151s blokkj\u00e1ban, a m\u0171t\u0151k nem [&hellip;]<\/p>","protected":false},"author":7,"featured_media":0,"parent":0,"menu_order":0,"comment_status":"closed","ping_status":"closed","template":"","meta":{"footnotes":""},"class_list":["post-11122","page","type-page","status-publish","hentry","entry"],"_links":{"self":[{"href":"https:\/\/ottevenyikastely.hu\/de\/wp-json\/wp\/v2\/pages\/11122","targetHints":{"allow":["GET"]}}],"collection":[{"href":"https:\/\/ottevenyikastely.hu\/de\/wp-json\/wp\/v2\/pages"}],"about":[{"href":"https:\/\/ottevenyikastely.hu\/de\/wp-json\/wp\/v2\/types\/page"}],"author":[{"embeddable":true,"href":"https:\/\/ottevenyikastely.hu\/de\/wp-json\/wp\/v2\/users\/7"}],"replies":[{"embeddable":true,"href":"https:\/\/ottevenyikastely.hu\/de\/wp-json\/wp\/v2\/comments?post=11122"}],"version-history":[{"count":157,"href":"https:\/\/ottevenyikastely.hu\/de\/wp-json\/wp\/v2\/pages\/11122\/revisions"}],"predecessor-version":[{"id":14550,"href":"https:\/\/ottevenyikastely.hu\/de\/wp-json\/wp\/v2\/pages\/11122\/revisions\/14550"}],"wp:attachment":[{"href":"https:\/\/ottevenyikastely.hu\/de\/wp-json\/wp\/v2\/media?parent=11122"}],"curies":[{"name":"wp","href":"https:\/\/api.w.org\/{rel}","templated":true}]}}