{"id":12227,"date":"2025-04-07T14:12:41","date_gmt":"2025-04-07T12:12:41","guid":{"rendered":"https:\/\/ottevenyikastely.hu\/?page_id=12227"},"modified":"2025-04-24T11:39:47","modified_gmt":"2025-04-24T09:39:47","slug":"bizomanyos-aukciora-bocsatasi-megallapodas","status":"publish","type":"page","link":"https:\/\/ottevenyikastely.hu\/de\/bizomanyos-aukciora-bocsatasi-megallapodas\/","title":{"rendered":"Konventionelles Versteigerungsabkommen"},"content":{"rendered":"<div data-elementor-type=\"wp-page\" data-elementor-id=\"12227\" class=\"elementor elementor-12227\" data-elementor-post-type=\"page\">\n\t\t\t\t<div class=\"elementor-element elementor-element-ad3aa8e e-flex e-con-boxed e-con e-parent\" data-id=\"ad3aa8e\" data-element_type=\"container\" data-e-type=\"container\">\n\t\t\t\t\t<div class=\"e-con-inner\">\n\t\t\t\t<div class=\"elementor-element elementor-element-faac240 elementor-widget elementor-widget-heading\" data-id=\"faac240\" data-element_type=\"widget\" data-e-type=\"widget\" data-widget_type=\"heading.default\">\n\t\t\t\t<div class=\"elementor-widget-container\">\n\t\t\t\t\t<h2 class=\"elementor-heading-title elementor-size-default\">KONVENTIONELLER VERSTEIGERUNGSVERTRAG<\/h2>\t\t\t\t<\/div>\n\t\t\t\t<\/div>\n\t\t\t\t\t<\/div>\n\t\t\t\t<\/div>\n\t\t<div class=\"elementor-element elementor-element-5c064ac e-flex e-con-boxed e-con e-parent\" data-id=\"5c064ac\" data-element_type=\"container\" data-e-type=\"container\">\n\t\t\t\t\t<div class=\"e-con-inner\">\n\t\t\t\t<div class=\"elementor-element elementor-element-c5e7620 elementor-widget elementor-widget-text-editor\" data-id=\"c5e7620\" data-element_type=\"widget\" data-e-type=\"widget\" data-widget_type=\"text-editor.default\">\n\t\t\t\t<div class=\"elementor-widget-container\">\n\t\t\t\t\t\t\t\t\t<p style=\"text-align: center;\">(Entwurf)<\/p>\t\t\t\t\t\t\t\t<\/div>\n\t\t\t\t<\/div>\n\t\t\t\t\t<\/div>\n\t\t\t\t<\/div>\n\t\t<div class=\"elementor-element elementor-element-c74fa3e e-flex e-con-boxed e-con e-parent\" data-id=\"c74fa3e\" data-element_type=\"container\" data-e-type=\"container\">\n\t\t\t\t\t<div class=\"e-con-inner\">\n\t\t\t\t<div class=\"elementor-element elementor-element-feff0f7 elementor-widget elementor-widget-text-editor\" data-id=\"feff0f7\" data-element_type=\"widget\" data-e-type=\"widget\" data-widget_type=\"text-editor.default\">\n\t\t\t\t<div class=\"elementor-widget-container\">\n\t\t\t\t\t\t\t\t\t<h3><span style=\"font-family: Helvetica;\"><b>1.\u00a0\u00a0\u00a0\u00a0\u00a0<\/b><b>Der Vertrag (nachstehend \"S<\/b><b>den Vertragsgegenstand)<\/b><\/span><\/h3><p class=\"x_MsoListParagraphCxSpFirst\"><span style=\"font-family: Helvetica;\">1.1 Der Eigent\u00fcmer bietet das oben beschriebene Kunstwerk (im Folgenden \"Kunstwerk\" genannt) treuh\u00e4nderisch zur Versteigerung bei der vom Auktionshaus als gewerblichem Vermittler organisierten Auktion an:<\/span><\/p><p class=\"x_MsoListParagraphCxSpLast\"><span style=\"font-family: Helvetica;\">1.2 Das Auktionshaus verpflichtet sich, das Kunstwerk zu den folgenden Bedingungen auszuschreiben und zur Versteigerung anzubieten.<\/span><\/p><h3><span style=\"font-family: Helvetica;\"><b>2.\u00a0\u00a0\u00a0\u00a0\u00a0<\/b><b>\u00dcbertragung und Erhaltung des Kunstwerks, Haftung f\u00fcr Sch\u00e4den<\/b><\/span><\/h3><p class=\"x_MsoListParagraphCxSpFirst\"><span style=\"font-family: Helvetica;\">2.1 Mit der Unterzeichnung dieses Vertrages best\u00e4tigt das Auktionshaus, dass es das oben genannte Kunstwerk an diesem Tag in Empfang genommen hat.<\/span><\/p><p class=\"x_MsoListParagraphCxSpMiddle\"><span style=\"font-family: Helvetica;\"><span style=\"font-family: Aptos, sans-serif;\">2.2.<\/span>\u00a0\u00a0\u00a0<span style=\"font-family: Aptos, sans-serif;\">Das Auktionshaus haftet f\u00fcr die Verwahrung und die Besch\u00e4digung des Werks vom Zeitpunkt des Empfangs bis zur Durchf\u00fchrung der Auktion oder, wenn das Werk bei der Auktion nicht verkauft wird, bis zu seiner R\u00fcckgabe. Hat der Eigent\u00fcmer den Gegenstand zum festgelegten R\u00fcckgabetermin, der der 14. <\/span>es<span style=\"font-family: Aptos, sans-serif;\">\u00a0innerhalb von 45 Tagen nach dem R\u00fcckgabedatum, so erlischt die Haftung des Auktionshauses f\u00fcr Verwahrung und Schadenersatz zu dem hier genannten Datum.<\/span><\/span><\/p><p class=\"x_MsoListParagraphCxSpMiddle\"><span style=\"font-family: Helvetica;\">2.3 Das Auktionshaus haftet f\u00fcr Sch\u00e4den nur, wenn direkte Verursachung und grobe Fahrl\u00e4ssigkeit nachgewiesen werden k\u00f6nnen.  Folgesch\u00e4den sind ausgeschlossen.\u00a0\u00a0<\/span><\/p><p class=\"x_MsoListParagraphCxSpLast\"><span style=\"font-family: Helvetica;\">\u00a0<\/span><\/p><h3><span style=\"font-family: Helvetica;\"><b>3.\u00a0\u00a0\u00a0\u00a0\u00a0<\/b><b>Sachverst\u00e4ndigenpr\u00fcfung und Ursprungszeugnis<\/b><\/span><\/h3><p class=\"x_MsoListParagraphCxSpFirst\"><span style=\"font-family: Helvetica;\">3.1 Das Auktionshaus verpflichtet sich, das Kunstwerk bei nicht zeitgen\u00f6ssischen Gem\u00e4lden unentgeltlich durch Sachverst\u00e4ndige begutachten und sch\u00e4tzen zu lassen. Auf dieser Grundlage wird das Kunstwerk in der Auktion angeboten und beworben.<\/span><\/p><p class=\"x_MsoListParagraphCxSpMiddle\"><span style=\"font-family: Helvetica;\">3.2 Ergibt die Pr\u00fcfung, dass es sich bei dem Kunstwerk um eine F\u00e4lschung handelt oder dass der vom Sachverst\u00e4ndigen des Auktionshauses gesch\u00e4tzte Wert unter dem Ausrufpreis liegt, ist das Auktionshaus berechtigt, einseitig und ohne Rechtsfolgen vom Vertrag zur\u00fcckzutreten und das Kunstwerk an den Eigent\u00fcmer zur\u00fcckzugeben. In diesem Fall kann der Eigent\u00fcmer keine Anspr\u00fcche gegen das Auktionshaus geltend machen.<\/span><\/p><p class=\"x_MsoListParagraphCxSpLast\"><span style=\"font-family: Helvetica;\">\u00a0<\/span><\/p><h3><span style=\"font-family: Helvetica;\"><b>4.\u00a0\u00a0\u00a0\u00a0\u00a0\u00a0\u00a0\u00a0\u00a0\u00a0\u00a0\u00a0<\/b><b>Bedingungen f\u00fcr den R\u00fcckruf der Arbeit<\/b><\/span><\/h3><p class=\"x_MsoListParagraphCxSpFirst\"><span style=\"font-family: Helvetica;\">Der Eigent\u00fcmer ist berechtigt, den Gegenstand aus der Versteigerung zur\u00fcckzurufen und ihn sp\u00e4testens 30 Werktage nach Unterzeichnung des Vertrags vor Beginn der Versteigerung vom Auktionshaus zur\u00fcckzufordern. Im Falle eines R\u00fcckrufs zahlt der Bauherr dem Auktionshaus einen Pauschalbetrag in H\u00f6he des Auktionspreises 20%. Die vollst\u00e4ndige Zahlung der Vertragsstrafe ist Voraussetzung f\u00fcr das Wirksamwerden des R\u00fcckrufs. Der R\u00fcckruf wird auch nicht wirksam, wenn das Konto des K\u00e4ufers beim Auktionshaus nicht sp\u00e4testens 30 Arbeitstage vor der Auktion gutgeschrieben ist.\u00a0<\/span><\/p><p class=\"x_MsoListParagraphCxSpLast\"><span style=\"font-family: Helvetica;\">\u00a0<\/span><\/p><h3><span style=\"font-family: Helvetica;\"><b>5.\u00a0\u00a0\u00a0\u00a0\u00a0\u00a0\u00a0\u00a0\u00a0\u00a0\u00a0\u00a0<\/b><b>Abrechnung<\/b><\/span><\/h3><p class=\"x_MsoListParagraphCxSpFirst\"><span style=\"font-family: Helvetica;\">5.1 Das Auktionshaus zahlt nach erfolgreicher Versteigerung und vollst\u00e4ndiger und fristgerechter Zahlung des Zuschlagspreises des Werkes durch den K\u00e4ufer den Zuschlagspreis von\u00a0<b>80% in 8 Tagen<\/b>\u00a0<b>innerhalb<\/b>\u00a0ist vom Vermieter per Bank\u00fcberweisung auf das oben genannte Konto zu zahlen. Der Aus\u00fcbungspreis betr\u00e4gt\u00a0<b>20%-a - als Verwaltungskosten\u00a0<\/b>- zum Auktionshaus.\u00a0<\/span><\/p><p class=\"x_MsoListParagraphCxSpMiddle\"><span style=\"font-family: Helvetica;\">5.2 War die Versteigerung oder der anschlie\u00dfende Zweitverkauf erfolgreich, zahlt der Bieter den Kaufpreis jedoch nicht fristgerecht, gibt das Auktionshaus das Kunstwerk innerhalb von 8 Tagen nach Kl\u00e4rung der Rechtslage an den Eigent\u00fcmer am Ort der Versteigerung zur\u00fcck.<\/span><\/p><p class=\"x_MsoListParagraphCxSpLast\"><span style=\"font-family: Helvetica;\">\u00a0<\/span><\/p><h3><span style=\"font-family: Helvetica;\"><b>6.\u00a0\u00a0\u00a0\u00a0\u00a0<\/b><b>Das Scheitern der Auktion<\/b><\/span><\/h3><p class=\"x_MsoListParagraphCxSpFirst\"><span style=\"font-family: Helvetica;\">6.1 Wird der Gegenstand in der Auktion nicht verkauft, verpflichtet sich das Auktionshaus, den Gegenstand f\u00fcr weitere 2 Wochen zum Auktionspreis auszuschreiben und zu verkaufen, es sei denn, der Eigent\u00fcmer hat schriftlich etwas anderes vereinbart. Wird der Gegenstand nach Ablauf dieser Frist nicht verkauft, gibt das Auktionshaus ihn dem Eigent\u00fcmer am Ort der Versteigerung innerhalb der hier genannten Frist zu dem vom Eigent\u00fcmer gew\u00fcnschten Zeitpunkt w\u00e4hrend der Gesch\u00e4ftszeiten an Werktagen zur\u00fcck. Der Eigent\u00fcmer verf\u00fcgt \u00fcber eine Frist von h\u00f6chstens 60 Tagen nach Ablauf der 2-Wochen-Frist, um das Werk abzuholen und zu entfernen. Im Falle einer erfolglosen Versteigerung und eines anschlie\u00dfenden erfolglosen Verkaufsversuchs kann der\u00a0<b>die Parteien haben keine Zahlungsverpflichtungen gegen\u00fcber der anderen Partei.<\/b><\/span><\/p><p class=\"x_MsoListParagraphCxSpMiddle\"><span style=\"font-family: Helvetica;\">6.2 Wenn der Eigent\u00fcmer den Gegenstand nach 60 Tagen nicht aus dem Auktionshaus entfernt hat, berechnet das Auktionshaus einen Nettotagespreis von 1.000.- (i) Das Auktionshaus kann eine Aufbewahrungsgeb\u00fchr von 1.000 HUF pro Tag erheben, und gleichzeitig (ii) hat das Auktionshaus das Recht, das Werk gegen Zahlung des Startpreises 50%, der die Aufbewahrungsgeb\u00fchr und die Verwaltungskosten enthalten kann, zu erwerben.<\/span><\/p><p class=\"x_MsoListParagraphCxSpLast\"><span style=\"font-family: Helvetica;\">\u00a0<\/span><\/p><h3><span style=\"font-family: Helvetica;\"><b>7.\u00a0\u00a0\u00a0\u00a0\u00a0\u00a0\u00a0\u00a0\u00a0\u00a0\u00a0\u00a0<\/b><b>Verschiedene Bestimmungen<\/b><\/span><\/h3><p class=\"x_MsoListParagraphCxSpFirst\"><span style=\"font-family: Helvetica;\">7.1 Die Parteien erkennen die Versteigerungsbedingungen des Auktionshauses f\u00fcr ihr Rechtsverh\u00e4ltnis als verbindlich an:\u00a0<a href=\"https:\/\/ottevenyikastely.hu\/de\/arveres-regeln\/\">https:\/\/ottevenyikastely.hu\/arveresi-szabalyzat\/<\/a>und andere auf dieser Website ver\u00f6ffentlichte Regeln. Der Eigent\u00fcmer erkl\u00e4rt, dass er diese Regeln vor der Unterzeichnung des Vertrags gelesen hat und dass das Auktionshaus ihm die M\u00f6glichkeit gegeben hat, sie zu diskutieren.<\/span><\/p><p class=\"x_MsoListParagraphCxSpMiddle\"><span style=\"font-family: Helvetica;\">7.2 F\u00fcr Angelegenheiten, die nicht durch den Vertrag und die in Artikel 7.1 genannten Vorschriften geregelt sind, gilt ungarisches Recht.  Die Parteien unterwerfen sich zur Beilegung etwaiger Streitigkeiten der Zust\u00e4ndigkeit des zust\u00e4ndigen Gerichts in Gy\u0151r, Ungarn.<\/span><\/p><p class=\"x_MsoListParagraphCxSpMiddle\"><span style=\"font-family: Helvetica;\">7.3 Die Vertragsparteien k\u00f6nnen den Vertrag im gegenseitigen Einvernehmen \u00e4ndern, was nur schriftlich erfolgen kann.<\/span><\/p><p class=\"x_MsoListParagraphCxSpMiddle\"><span style=\"font-family: Helvetica;\">7.4 Die Parteien erkl\u00e4ren, dass sie die Vertragsbedingungen gelesen und verstanden haben und ihnen zustimmen.\u00a0<\/span><\/p>\t\t\t\t\t\t\t\t<\/div>\n\t\t\t\t<\/div>\n\t\t\t\t\t<\/div>\n\t\t\t\t<\/div>\n\t\t\t\t<\/div>","protected":false},"excerpt":{"rendered":"<p>VERTRAG \u00dcBER EINE VERTRAULICHE AUKTION (Entwurf) 1. Vertragsgegenstand (nachfolgend: Vertrag) 1.1 Der Eigent\u00fcmer bietet das oben beschriebene Kunstwerk (nachfolgend: \"Kunstwerk\") treuh\u00e4nderisch zur Versteigerung in der vom Auktionshaus als gewerblichem Vermittler organisierten Auktion an: 1.(2) Das Auktionshaus verpflichtet sich, das Kunstwerk in der Auktion zu bewerben und es zu den folgenden Bedingungen zur Versteigerung zu bringen.<\/p>","protected":false},"author":7,"featured_media":0,"parent":0,"menu_order":0,"comment_status":"closed","ping_status":"closed","template":"","meta":{"footnotes":""},"class_list":["post-12227","page","type-page","status-publish","hentry","entry"],"_links":{"self":[{"href":"https:\/\/ottevenyikastely.hu\/de\/wp-json\/wp\/v2\/pages\/12227","targetHints":{"allow":["GET"]}}],"collection":[{"href":"https:\/\/ottevenyikastely.hu\/de\/wp-json\/wp\/v2\/pages"}],"about":[{"href":"https:\/\/ottevenyikastely.hu\/de\/wp-json\/wp\/v2\/types\/page"}],"author":[{"embeddable":true,"href":"https:\/\/ottevenyikastely.hu\/de\/wp-json\/wp\/v2\/users\/7"}],"replies":[{"embeddable":true,"href":"https:\/\/ottevenyikastely.hu\/de\/wp-json\/wp\/v2\/comments?post=12227"}],"version-history":[{"count":13,"href":"https:\/\/ottevenyikastely.hu\/de\/wp-json\/wp\/v2\/pages\/12227\/revisions"}],"predecessor-version":[{"id":13114,"href":"https:\/\/ottevenyikastely.hu\/de\/wp-json\/wp\/v2\/pages\/12227\/revisions\/13114"}],"wp:attachment":[{"href":"https:\/\/ottevenyikastely.hu\/de\/wp-json\/wp\/v2\/media?parent=12227"}],"curies":[{"name":"wp","href":"https:\/\/api.w.org\/{rel}","templated":true}]}}