{"id":12271,"date":"2025-04-12T08:37:28","date_gmt":"2025-04-12T06:37:28","guid":{"rendered":"https:\/\/ottevenyikastely.hu\/?page_id=12271"},"modified":"2025-05-18T11:52:56","modified_gmt":"2025-05-18T09:52:56","slug":"andrea-cismasiu","status":"publish","type":"page","link":"https:\/\/ottevenyikastely.hu\/de\/andrea-cismasiu\/","title":{"rendered":"Andrea Cismasiu\u00a0"},"content":{"rendered":"<div data-elementor-type=\"wp-page\" data-elementor-id=\"12271\" class=\"elementor elementor-12271\" data-elementor-post-type=\"page\">\n\t\t\t\t<div class=\"elementor-element elementor-element-c12ba96 e-flex e-con-boxed e-con e-parent\" data-id=\"c12ba96\" data-element_type=\"container\" data-e-type=\"container\">\n\t\t\t\t\t<div class=\"e-con-inner\">\n\t\t\t\t<div class=\"elementor-element elementor-element-7a62979 elementor-widget elementor-widget-heading\" data-id=\"7a62979\" data-element_type=\"widget\" data-e-type=\"widget\" data-widget_type=\"heading.default\">\n\t\t\t\t<div class=\"elementor-widget-container\">\n\t\t\t\t\t<h2 class=\"elementor-heading-title elementor-size-default\">Andrea Cismasiu <\/h2>\t\t\t\t<\/div>\n\t\t\t\t<\/div>\n\t\t\t\t\t<\/div>\n\t\t\t\t<\/div>\n\t\t<div class=\"elementor-element elementor-element-fb18ca5 e-flex e-con-boxed e-con e-parent\" data-id=\"fb18ca5\" data-element_type=\"container\" data-e-type=\"container\">\n\t\t\t\t\t<div class=\"e-con-inner\">\n\t\t\t\t<div class=\"elementor-element elementor-element-dd53e0a elementor-widget elementor-widget-image\" data-id=\"dd53e0a\" data-element_type=\"widget\" data-e-type=\"widget\" data-widget_type=\"image.default\">\n\t\t\t\t<div class=\"elementor-widget-container\">\n\t\t\t\t\t\t\t\t\t\t\t\t\t\t\t<img fetchpriority=\"high\" decoding=\"async\" width=\"1024\" height=\"473\" src=\"https:\/\/ottevenyikastely.hu\/wp-content\/uploads\/2025\/04\/IMG_3210-1-1024x473.jpg\" class=\"attachment-large size-large wp-image-12664\" alt=\"\" srcset=\"https:\/\/ottevenyikastely.hu\/wp-content\/uploads\/2025\/04\/IMG_3210-1-1024x473.jpg 1024w, https:\/\/ottevenyikastely.hu\/wp-content\/uploads\/2025\/04\/IMG_3210-1-300x139.jpg 300w, https:\/\/ottevenyikastely.hu\/wp-content\/uploads\/2025\/04\/IMG_3210-1-768x355.jpg 768w, https:\/\/ottevenyikastely.hu\/wp-content\/uploads\/2025\/04\/IMG_3210-1-1536x709.jpg 1536w, https:\/\/ottevenyikastely.hu\/wp-content\/uploads\/2025\/04\/IMG_3210-1-18x8.jpg 18w, https:\/\/ottevenyikastely.hu\/wp-content\/uploads\/2025\/04\/IMG_3210-1.jpg 1600w\" sizes=\"(max-width: 1024px) 100vw, 1024px\" title=\"\">\t\t\t\t\t\t\t\t\t\t\t\t\t\t\t<\/div>\n\t\t\t\t<\/div>\n\t\t\t\t<div class=\"elementor-element elementor-element-c3b1ff2 elementor-widget elementor-widget-text-editor\" data-id=\"c3b1ff2\" data-element_type=\"widget\" data-e-type=\"widget\" data-widget_type=\"text-editor.default\">\n\t\t\t\t<div class=\"elementor-widget-container\">\n\t\t\t\t\t\t\t\t\t<p style=\"text-align: center;\">Anrea war unser Gast beim Kreativcamp im April 2025<\/p>\t\t\t\t\t\t\t\t<\/div>\n\t\t\t\t<\/div>\n\t\t\t\t\t<\/div>\n\t\t\t\t<\/div>\n\t\t<div class=\"elementor-element elementor-element-3285d14 e-flex e-con-boxed e-con e-parent\" data-id=\"3285d14\" data-element_type=\"container\" data-e-type=\"container\">\n\t\t\t\t\t<div class=\"e-con-inner\">\n\t\t\t\t<div class=\"elementor-element elementor-element-d71ef0e elementor-widget elementor-widget-text-editor\" data-id=\"d71ef0e\" data-element_type=\"widget\" data-e-type=\"widget\" data-widget_type=\"text-editor.default\">\n\t\t\t\t<div class=\"elementor-widget-container\">\n\t\t\t\t\t\t\t\t\t<p>Ein zeitgen\u00f6ssischer Maler, der in seiner Kunst abstrakte und expressionistische Elemente kombiniert. Seine Werke fesseln die Aufmerksamkeit des Betrachters durch satte Farben und dynamische Texturen. In seinen Werken werden oft emotionale und soziale Themen erforscht und pers\u00f6nliche Erfahrungen geschildert. Seine Gem\u00e4lde wurden in mehreren nationalen und internationalen Ausstellungen gezeigt und erhielten viel Beifall. Ihre Werke schaffen eine einzigartige visuelle Welt, die st\u00e4ndig neue Interpretationsm\u00f6glichkeiten bietet.<\/p>\t\t\t\t\t\t\t\t<\/div>\n\t\t\t\t<\/div>\n\t\t\t\t\t<\/div>\n\t\t\t\t<\/div>\n\t\t<div class=\"elementor-element elementor-element-887868e e-flex e-con-boxed e-con e-parent\" data-id=\"887868e\" data-element_type=\"container\" data-e-type=\"container\">\n\t\t\t\t\t<div class=\"e-con-inner\">\n\t\t\t\t<div class=\"elementor-element elementor-element-b5a68c5 elementor-widget elementor-widget-video\" data-id=\"b5a68c5\" data-element_type=\"widget\" data-e-type=\"widget\" data-settings=\"{&quot;youtube_url&quot;:&quot;https:\\\/\\\/www.youtube.com\\\/embed\\\/Z_QYzMt_BWA?si=DnZ-tNE-zjdzY2yi&quot;,&quot;video_type&quot;:&quot;youtube&quot;,&quot;controls&quot;:&quot;yes&quot;}\" data-widget_type=\"video.default\">\n\t\t\t\t<div class=\"elementor-widget-container\">\n\t\t\t\t\t\t\t<div class=\"elementor-wrapper elementor-open-inline\">\n\t\t\t<div class=\"elementor-video\"><\/div>\t\t<\/div>\n\t\t\t\t\t\t<\/div>\n\t\t\t\t<\/div>\n\t\t\t\t\t<\/div>\n\t\t\t\t<\/div>\n\t\t<div class=\"elementor-element elementor-element-824d4be e-grid e-con-boxed e-con e-parent\" data-id=\"824d4be\" data-element_type=\"container\" data-e-type=\"container\">\n\t\t\t\t\t<div class=\"e-con-inner\">\n\t\t\t\t<div class=\"elementor-element elementor-element-81ec2a9 elementor-widget elementor-widget-image\" data-id=\"81ec2a9\" data-element_type=\"widget\" data-e-type=\"widget\" data-widget_type=\"image.default\">\n\t\t\t\t<div class=\"elementor-widget-container\">\n\t\t\t\t\t\t\t\t\t\t\t\t\t\t\t<img decoding=\"async\" width=\"1024\" height=\"768\" src=\"https:\/\/ottevenyikastely.hu\/wp-content\/uploads\/2025\/04\/IMG_3052-1024x768.jpeg\" class=\"attachment-large size-large wp-image-12275\" alt=\"\" srcset=\"https:\/\/ottevenyikastely.hu\/wp-content\/uploads\/2025\/04\/IMG_3052-1024x768.jpeg 1024w, https:\/\/ottevenyikastely.hu\/wp-content\/uploads\/2025\/04\/IMG_3052-300x225.jpeg 300w, https:\/\/ottevenyikastely.hu\/wp-content\/uploads\/2025\/04\/IMG_3052-768x576.jpeg 768w, https:\/\/ottevenyikastely.hu\/wp-content\/uploads\/2025\/04\/IMG_3052-1536x1152.jpeg 1536w, https:\/\/ottevenyikastely.hu\/wp-content\/uploads\/2025\/04\/IMG_3052-2048x1536.jpeg 2048w, https:\/\/ottevenyikastely.hu\/wp-content\/uploads\/2025\/04\/IMG_3052-16x12.jpeg 16w\" sizes=\"(max-width: 1024px) 100vw, 1024px\" title=\"\">\t\t\t\t\t\t\t\t\t\t\t\t\t\t\t<\/div>\n\t\t\t\t<\/div>\n\t\t\t\t<div class=\"elementor-element elementor-element-6b68dcd elementor-widget elementor-widget-image\" data-id=\"6b68dcd\" data-element_type=\"widget\" data-e-type=\"widget\" data-widget_type=\"image.default\">\n\t\t\t\t<div class=\"elementor-widget-container\">\n\t\t\t\t\t\t\t\t\t\t\t\t\t\t\t<img decoding=\"async\" width=\"1024\" height=\"768\" src=\"https:\/\/ottevenyikastely.hu\/wp-content\/uploads\/2025\/04\/IMG_3120-1024x768.jpeg\" class=\"attachment-large size-large wp-image-12274\" alt=\"\" srcset=\"https:\/\/ottevenyikastely.hu\/wp-content\/uploads\/2025\/04\/IMG_3120-1024x768.jpeg 1024w, https:\/\/ottevenyikastely.hu\/wp-content\/uploads\/2025\/04\/IMG_3120-300x225.jpeg 300w, https:\/\/ottevenyikastely.hu\/wp-content\/uploads\/2025\/04\/IMG_3120-768x576.jpeg 768w, https:\/\/ottevenyikastely.hu\/wp-content\/uploads\/2025\/04\/IMG_3120-1536x1152.jpeg 1536w, https:\/\/ottevenyikastely.hu\/wp-content\/uploads\/2025\/04\/IMG_3120-2048x1536.jpeg 2048w, https:\/\/ottevenyikastely.hu\/wp-content\/uploads\/2025\/04\/IMG_3120-16x12.jpeg 16w\" sizes=\"(max-width: 1024px) 100vw, 1024px\" title=\"\">\t\t\t\t\t\t\t\t\t\t\t\t\t\t\t<\/div>\n\t\t\t\t<\/div>\n\t\t\t\t<div class=\"elementor-element elementor-element-007f391 elementor-widget elementor-widget-image\" data-id=\"007f391\" data-element_type=\"widget\" data-e-type=\"widget\" data-widget_type=\"image.default\">\n\t\t\t\t<div class=\"elementor-widget-container\">\n\t\t\t\t\t\t\t\t\t\t\t\t\t\t\t<img loading=\"lazy\" decoding=\"async\" width=\"1024\" height=\"768\" src=\"https:\/\/ottevenyikastely.hu\/wp-content\/uploads\/2025\/04\/IMG_3123-1024x768.jpeg\" class=\"attachment-large size-large wp-image-12273\" alt=\"\" srcset=\"https:\/\/ottevenyikastely.hu\/wp-content\/uploads\/2025\/04\/IMG_3123-1024x768.jpeg 1024w, https:\/\/ottevenyikastely.hu\/wp-content\/uploads\/2025\/04\/IMG_3123-300x225.jpeg 300w, https:\/\/ottevenyikastely.hu\/wp-content\/uploads\/2025\/04\/IMG_3123-768x576.jpeg 768w, https:\/\/ottevenyikastely.hu\/wp-content\/uploads\/2025\/04\/IMG_3123-1536x1152.jpeg 1536w, https:\/\/ottevenyikastely.hu\/wp-content\/uploads\/2025\/04\/IMG_3123-2048x1536.jpeg 2048w, https:\/\/ottevenyikastely.hu\/wp-content\/uploads\/2025\/04\/IMG_3123-16x12.jpeg 16w\" sizes=\"(max-width: 1024px) 100vw, 1024px\" title=\"\">\t\t\t\t\t\t\t\t\t\t\t\t\t\t\t<\/div>\n\t\t\t\t<\/div>\n\t\t\t\t\t<\/div>\n\t\t\t\t<\/div>\n\t\t<div class=\"elementor-element elementor-element-6a81c2b e-flex e-con-boxed e-con e-parent\" data-id=\"6a81c2b\" data-element_type=\"container\" data-e-type=\"container\">\n\t\t\t\t\t<div class=\"e-con-inner\">\n\t\t\t\t<div class=\"elementor-element elementor-element-cf17500 elementor-widget elementor-widget-spacer\" data-id=\"cf17500\" data-element_type=\"widget\" data-e-type=\"widget\" data-widget_type=\"spacer.default\">\n\t\t\t\t<div class=\"elementor-widget-container\">\n\t\t\t\t\t\t\t<div class=\"elementor-spacer\">\n\t\t\t<div class=\"elementor-spacer-inner\"><\/div>\n\t\t<\/div>\n\t\t\t\t\t\t<\/div>\n\t\t\t\t<\/div>\n\t\t\t\t\t<\/div>\n\t\t\t\t<\/div>\n\t\t<div class=\"elementor-element elementor-element-32d6ff7 e-flex e-con-boxed e-con e-parent\" data-id=\"32d6ff7\" data-element_type=\"container\" data-e-type=\"container\">\n\t\t\t\t\t<div class=\"e-con-inner\">\n\t\t\t\t<div class=\"elementor-element elementor-element-fac6d8c elementor-widget elementor-widget-text-editor\" data-id=\"fac6d8c\" data-element_type=\"widget\" data-e-type=\"widget\" data-widget_type=\"text-editor.default\">\n\t\t\t\t<div class=\"elementor-widget-container\">\n\t\t\t\t\t\t\t\t\t<p>Um auf die hier entstandenen Kunstwerke zu bieten, klicken Sie auf das Bild oder besuchen Sie die <span style=\"text-decoration: underline;\"><strong><a href=\"https:\/\/foldvaryaukcio.hu\" target=\"_blank\" rel=\"noopener\">foldvaryaukcio.hu<\/a><\/strong><\/span> Seite, wenn Sie an weiteren Einzelheiten interessiert sind!<\/p>\t\t\t\t\t\t\t\t<\/div>\n\t\t\t\t<\/div>\n\t\t\t\t\t<\/div>\n\t\t\t\t<\/div>\n\t\t<div class=\"elementor-element elementor-element-d41b403 e-grid e-con-boxed e-con e-parent\" data-id=\"d41b403\" data-element_type=\"container\" data-e-type=\"container\">\n\t\t\t\t\t<div class=\"e-con-inner\">\n\t\t\t\t<div class=\"elementor-element elementor-element-482bd8f elementor-widget elementor-widget-image\" data-id=\"482bd8f\" data-element_type=\"widget\" data-e-type=\"widget\" data-widget_type=\"image.default\">\n\t\t\t\t<div class=\"elementor-widget-container\">\n\t\t\t\t\t\t\t\t\t\t\t\t<figure class=\"wp-caption\">\n\t\t\t\t\t\t\t\t\t\t\t<a href=\"https:\/\/foldvaryaukcio.hu\/items\/208\" target=\"_blank\" rel=\"noopener\">\n\t\t\t\t\t\t\t<img loading=\"lazy\" decoding=\"async\" width=\"209\" height=\"200\" src=\"https:\/\/ottevenyikastely.hu\/wp-content\/uploads\/2025\/04\/Andrea-Cismasiu-44.jpeg\" class=\"attachment-large size-large wp-image-12803\" alt=\"\" srcset=\"https:\/\/ottevenyikastely.hu\/wp-content\/uploads\/2025\/04\/Andrea-Cismasiu-44.jpeg 209w, https:\/\/ottevenyikastely.hu\/wp-content\/uploads\/2025\/04\/Andrea-Cismasiu-44-13x12.jpeg 13w\" sizes=\"(max-width: 209px) 100vw, 209px\" title=\"\">\t\t\t\t\t\t\t\t<\/a>\n\t\t\t\t\t\t\t\t\t\t\t<figcaption class=\"widget-image-caption wp-caption-text\">hier klicken<\/figcaption>\n\t\t\t\t\t\t\t\t\t\t<\/figure>\n\t\t\t\t\t\t\t\t\t<\/div>\n\t\t\t\t<\/div>\n\t\t\t\t<div class=\"elementor-element elementor-element-0d226f7 elementor-widget elementor-widget-image\" data-id=\"0d226f7\" data-element_type=\"widget\" data-e-type=\"widget\" data-widget_type=\"image.default\">\n\t\t\t\t<div class=\"elementor-widget-container\">\n\t\t\t\t\t\t\t\t\t\t\t\t<figure class=\"wp-caption\">\n\t\t\t\t\t\t\t\t\t\t\t<a href=\"https:\/\/foldvaryaukcio.hu\/items\/207\" target=\"_blank\" rel=\"noopener\">\n\t\t\t\t\t\t\t<img loading=\"lazy\" decoding=\"async\" width=\"251\" height=\"200\" src=\"https:\/\/ottevenyikastely.hu\/wp-content\/uploads\/2025\/04\/Andrea-Cismasiu-43.jpeg\" class=\"attachment-large size-large wp-image-12802\" alt=\"\" srcset=\"https:\/\/ottevenyikastely.hu\/wp-content\/uploads\/2025\/04\/Andrea-Cismasiu-43.jpeg 251w, https:\/\/ottevenyikastely.hu\/wp-content\/uploads\/2025\/04\/Andrea-Cismasiu-43-15x12.jpeg 15w\" sizes=\"(max-width: 251px) 100vw, 251px\" title=\"\">\t\t\t\t\t\t\t\t<\/a>\n\t\t\t\t\t\t\t\t\t\t\t<figcaption class=\"widget-image-caption wp-caption-text\">hier klicken<\/figcaption>\n\t\t\t\t\t\t\t\t\t\t<\/figure>\n\t\t\t\t\t\t\t\t\t<\/div>\n\t\t\t\t<\/div>\n\t\t\t\t<div class=\"elementor-element elementor-element-f670121 elementor-widget elementor-widget-image\" data-id=\"f670121\" data-element_type=\"widget\" data-e-type=\"widget\" data-widget_type=\"image.default\">\n\t\t\t\t<div class=\"elementor-widget-container\">\n\t\t\t\t\t\t\t\t\t\t\t\t<figure class=\"wp-caption\">\n\t\t\t\t\t\t\t\t\t\t\t<a href=\"https:\/\/foldvaryaukcio.hu\/items\/206\" target=\"_blank\" rel=\"noopener\">\n\t\t\t\t\t\t\t<img loading=\"lazy\" decoding=\"async\" width=\"282\" height=\"200\" src=\"https:\/\/ottevenyikastely.hu\/wp-content\/uploads\/2025\/04\/Andrea-Cismasiu-45.jpeg\" class=\"attachment-large size-large wp-image-12804\" alt=\"\" srcset=\"https:\/\/ottevenyikastely.hu\/wp-content\/uploads\/2025\/04\/Andrea-Cismasiu-45.jpeg 282w, https:\/\/ottevenyikastely.hu\/wp-content\/uploads\/2025\/04\/Andrea-Cismasiu-45-18x12.jpeg 18w\" sizes=\"(max-width: 282px) 100vw, 282px\" title=\"\">\t\t\t\t\t\t\t\t<\/a>\n\t\t\t\t\t\t\t\t\t\t\t<figcaption class=\"widget-image-caption wp-caption-text\">hier klicken<\/figcaption>\n\t\t\t\t\t\t\t\t\t\t<\/figure>\n\t\t\t\t\t\t\t\t\t<\/div>\n\t\t\t\t<\/div>\n\t\t\t\t<div class=\"elementor-element elementor-element-997dde4 elementor-widget elementor-widget-image\" data-id=\"997dde4\" data-element_type=\"widget\" data-e-type=\"widget\" data-widget_type=\"image.default\">\n\t\t\t\t<div class=\"elementor-widget-container\">\n\t\t\t\t\t\t\t\t\t\t\t\t<figure class=\"wp-caption\">\n\t\t\t\t\t\t\t\t\t\t\t<a href=\"https:\/\/foldvaryaukcio.hu\/items\/205\" target=\"_blank\" rel=\"noopener\">\n\t\t\t\t\t\t\t<img loading=\"lazy\" decoding=\"async\" width=\"205\" height=\"200\" src=\"https:\/\/ottevenyikastely.hu\/wp-content\/uploads\/2025\/04\/Andrea-Cismasiu-46.jpeg\" class=\"attachment-large size-large wp-image-12805\" alt=\"\" srcset=\"https:\/\/ottevenyikastely.hu\/wp-content\/uploads\/2025\/04\/Andrea-Cismasiu-46.jpeg 205w, https:\/\/ottevenyikastely.hu\/wp-content\/uploads\/2025\/04\/Andrea-Cismasiu-46-12x12.jpeg 12w\" sizes=\"(max-width: 205px) 100vw, 205px\" title=\"\">\t\t\t\t\t\t\t\t<\/a>\n\t\t\t\t\t\t\t\t\t\t\t<figcaption class=\"widget-image-caption wp-caption-text\">hier klicken<\/figcaption>\n\t\t\t\t\t\t\t\t\t\t<\/figure>\n\t\t\t\t\t\t\t\t\t<\/div>\n\t\t\t\t<\/div>\n\t\t\t\t<div class=\"elementor-element elementor-element-aee264a elementor-widget elementor-widget-image\" data-id=\"aee264a\" data-element_type=\"widget\" data-e-type=\"widget\" data-widget_type=\"image.default\">\n\t\t\t\t<div class=\"elementor-widget-container\">\n\t\t\t\t\t\t\t\t\t\t\t\t<figure class=\"wp-caption\">\n\t\t\t\t\t\t\t\t\t\t\t<a href=\"https:\/\/foldvaryaukcio.hu\/items\/204\" target=\"_blank\" rel=\"noopener\">\n\t\t\t\t\t\t\t<img loading=\"lazy\" decoding=\"async\" width=\"206\" height=\"200\" src=\"https:\/\/ottevenyikastely.hu\/wp-content\/uploads\/2025\/04\/Andrea-Cismasiu-47.jpeg\" class=\"attachment-large size-large wp-image-12806\" alt=\"\" srcset=\"https:\/\/ottevenyikastely.hu\/wp-content\/uploads\/2025\/04\/Andrea-Cismasiu-47.jpeg 206w, https:\/\/ottevenyikastely.hu\/wp-content\/uploads\/2025\/04\/Andrea-Cismasiu-47-12x12.jpeg 12w\" sizes=\"(max-width: 206px) 100vw, 206px\" title=\"\">\t\t\t\t\t\t\t\t<\/a>\n\t\t\t\t\t\t\t\t\t\t\t<figcaption class=\"widget-image-caption wp-caption-text\">hier klicken<\/figcaption>\n\t\t\t\t\t\t\t\t\t\t<\/figure>\n\t\t\t\t\t\t\t\t\t<\/div>\n\t\t\t\t<\/div>\n\t\t\t\t\t<\/div>\n\t\t\t\t<\/div>\n\t\t<div class=\"elementor-element elementor-element-3645e09 e-flex e-con-boxed e-con e-parent\" data-id=\"3645e09\" data-element_type=\"container\" data-e-type=\"container\">\n\t\t\t\t\t<div class=\"e-con-inner\">\n\t\t\t\t<div class=\"elementor-element elementor-element-ede1965 elementor-widget elementor-widget-button\" data-id=\"ede1965\" data-element_type=\"widget\" data-e-type=\"widget\" data-widget_type=\"button.default\">\n\t\t\t\t<div class=\"elementor-widget-container\">\n\t\t\t\t\t\t\t\t\t<div class=\"elementor-button-wrapper\">\n\t\t\t\t\t<a class=\"elementor-button elementor-button-link elementor-size-sm\" href=\"https:\/\/andreiacismasiu.ro\" id=\"https:\/\/andreiacismasiu.ro\" target=\"_blank\" rel=\"noopener\">\n\t\t\t\t\t\t<span class=\"elementor-button-content-wrapper\">\n\t\t\t\t\t\t\t\t\t<span class=\"elementor-button-text\">Webseite des K\u00fcnstlers<\/span>\n\t\t\t\t\t<\/span>\n\t\t\t\t\t<\/a>\n\t\t\t\t<\/div>\n\t\t\t\t\t\t\t\t<\/div>\n\t\t\t\t<\/div>\n\t\t\t\t\t<\/div>\n\t\t\t\t<\/div>\n\t\t\t\t<\/div>","protected":false},"excerpt":{"rendered":"<p>Andrea Cismasiu Anrea vend\u00e9g\u00fcnk volt a 2025 \u00e1prilis alkot\u00f3 t\u00e1borban Kort\u00e1rs fest\u0151m\u0171v\u00e9sz, aki az absztrakt \u00e9s expresszionista elemeket \u00f6tv\u00f6zi m\u0171v\u00e9szet\u00e9ben. Alkot\u00e1sai gazdag sz\u00ednvil\u00e1ggal \u00e9s dinamikus text\u00far\u00e1kkal ragadj\u00e1k meg a n\u00e9z\u0151 figyelm\u00e9t. Munk\u00e1iban gyakran foglalkozik \u00e9rzelmi \u00e9s t\u00e1rsadalmi t\u00e9m\u00e1kkal, szem\u00e9lyes \u00e9lm\u00e9nyeket \u00e1br\u00e1zolva. Festm\u00e9nyei t\u00f6bb hazai \u00e9s nemzetk\u00f6zi ki\u00e1ll\u00edt\u00e1son is szerepeltek, elismer\u00e9st szerezve. M\u0171vei egyedi vizu\u00e1lis vil\u00e1got [&hellip;]<\/p>","protected":false},"author":7,"featured_media":0,"parent":0,"menu_order":0,"comment_status":"closed","ping_status":"closed","template":"","meta":{"footnotes":""},"class_list":["post-12271","page","type-page","status-publish","hentry","entry"],"_links":{"self":[{"href":"https:\/\/ottevenyikastely.hu\/de\/wp-json\/wp\/v2\/pages\/12271","targetHints":{"allow":["GET"]}}],"collection":[{"href":"https:\/\/ottevenyikastely.hu\/de\/wp-json\/wp\/v2\/pages"}],"about":[{"href":"https:\/\/ottevenyikastely.hu\/de\/wp-json\/wp\/v2\/types\/page"}],"author":[{"embeddable":true,"href":"https:\/\/ottevenyikastely.hu\/de\/wp-json\/wp\/v2\/users\/7"}],"replies":[{"embeddable":true,"href":"https:\/\/ottevenyikastely.hu\/de\/wp-json\/wp\/v2\/comments?post=12271"}],"version-history":[{"count":19,"href":"https:\/\/ottevenyikastely.hu\/de\/wp-json\/wp\/v2\/pages\/12271\/revisions"}],"predecessor-version":[{"id":13422,"href":"https:\/\/ottevenyikastely.hu\/de\/wp-json\/wp\/v2\/pages\/12271\/revisions\/13422"}],"wp:attachment":[{"href":"https:\/\/ottevenyikastely.hu\/de\/wp-json\/wp\/v2\/media?parent=12271"}],"curies":[{"name":"wp","href":"https:\/\/api.w.org\/{rel}","templated":true}]}}