{"id":12289,"date":"2025-04-12T09:02:39","date_gmt":"2025-04-12T07:02:39","guid":{"rendered":"https:\/\/ottevenyikastely.hu\/?page_id=12289"},"modified":"2025-06-14T07:23:54","modified_gmt":"2025-06-14T05:23:54","slug":"ban-kata","status":"publish","type":"page","link":"https:\/\/ottevenyikastely.hu\/de\/ban-kata\/","title":{"rendered":"Kata B\u00e1n"},"content":{"rendered":"<div data-elementor-type=\"wp-page\" data-elementor-id=\"12289\" class=\"elementor elementor-12289\" data-elementor-post-type=\"page\">\n\t\t\t\t<div class=\"elementor-element elementor-element-1d37b64 e-flex e-con-boxed e-con e-parent\" data-id=\"1d37b64\" data-element_type=\"container\" data-e-type=\"container\">\n\t\t\t\t\t<div class=\"e-con-inner\">\n\t\t\t\t<div class=\"elementor-element elementor-element-8beddd2 elementor-widget elementor-widget-heading\" data-id=\"8beddd2\" data-element_type=\"widget\" data-e-type=\"widget\" data-widget_type=\"heading.default\">\n\t\t\t\t<div class=\"elementor-widget-container\">\n\t\t\t\t\t<h2 class=\"elementor-heading-title elementor-size-default\">Kata B\u00e1n<\/h2>\t\t\t\t<\/div>\n\t\t\t\t<\/div>\n\t\t\t\t\t<\/div>\n\t\t\t\t<\/div>\n\t\t<div class=\"elementor-element elementor-element-91fb0af e-flex e-con-boxed e-con e-parent\" data-id=\"91fb0af\" data-element_type=\"container\" data-e-type=\"container\">\n\t\t\t\t\t<div class=\"e-con-inner\">\n\t\t\t\t<div class=\"elementor-element elementor-element-c4fe475 elementor-widget elementor-widget-text-editor\" data-id=\"c4fe475\" data-element_type=\"widget\" data-e-type=\"widget\" data-widget_type=\"text-editor.default\">\n\t\t\t\t<div class=\"elementor-widget-container\">\n\t\t\t\t\t\t\t\t\t<p>Ich bin die Malerin Kata B\u00e1n. Ich lebe und arbeite in Gy\u0151r, Ungarn.<\/p><p>Meine Zeichenlehrerin war Ildik\u00f3 Karsai, eine Grafikerin. Als ich zur Schule ging, gewann ich einen Preis bei einem Zeichenwettbewerb der UNICEF \u00fcber die Gleichstellung von Farbigen und Wei\u00dfen in der Welt. Sp\u00e4ter war ich 4 Jahre lang Leiterin der Kunstabteilung der Schule.<\/p><p>Nach der Berufsschule wurde ich ins Bankwesen gelockt und arbeitete dort bis 2019.<\/p><p>Ich habe 2019 wieder mit der Malerei begonnen, autodidaktisch und mit Hilfe des Internets, von Online-Kursen und meiner eigenen Erfahrung habe ich mich st\u00e4ndig verbessert.<\/p><p>In den letzten 5 Jahren habe ich fast 500 Gem\u00e4lde fertiggestellt, von denen 80-90% in Auftrag gegeben wurden.<\/p><p>Neben Ungarn besitze ich Originale in Irland, Deutschland, \u00d6sterreich, Los Angeles, Kalifornien und Mexiko, die sich alle in Privatbesitz befinden. Mehrere Sammler haben Werke von mir gekauft, aber es gibt auch Sammler, die mehr als 100 Originalgem\u00e4lde von mir gekauft und bestellt haben.<\/p><p>Im Jahr 2021 wurde ich gebeten, das Cover eines Buches zu malen. Der Titel des Buches ist Just For You. Es handelt von Autismus und seiner Behandlung aus der Sicht einer Mutter.<\/p><p>Im Jahr 2023 er\u00f6ffnete ich meine erste Galerie in Gy\u0151r, in einem winzigen Raum eines lokalen Restaurants in der Ap\u00e1ca-Stra\u00dfe, mit Blick auf die Stra\u00dfe. 2025 gelang es mir, in eine gr\u00f6\u00dfere, ger\u00e4umigere, unabh\u00e4ngige Galerie umzuziehen, die \u00fcber ein gro\u00dfes Fenster und mehr als 55 m\u00b2 Platz f\u00fcr Kunst und Ausstellungen verf\u00fcgt. Sie funktioniert wie eine echte ART-GALLERY.<\/p><p>Im Jahr 2025 nahm ich an einem Kunstcamp auf Schloss \u00d6ttev\u00e9nyi F\u00f6ldv\u00e1ry teil, zu dem nur die renommiertesten zeitgen\u00f6ssischen K\u00fcnstler eingeladen waren und bei dem alle Kosten vom Schlossbesitzer \u00fcbernommen wurden. Einige der dort entstandenen Bilder wurden f\u00fcr wohlt\u00e4tige Zwecke gespendet, ebenso wie 15 andere zeitgen\u00f6ssische K\u00fcnstler, die dort malten. Nach mehreren nationalen Ausstellungen werden die Gem\u00e4lde im Oktober 2025 auf einer Auktion verkauft.<\/p><p>Meine Werke werden mit der Hand, in \u00d6l oder Acryl, mit einem Pinsel, in der traditionellen Art und Weise gemacht. Alle Werke werden von einem Echtheitszertifikat und einer eindeutigen Seriennummer begleitet.<\/p><p>Ich schaffe auch realistische, surreale und abstrakte Bilder.<\/p><p>Ich interessiere mich sehr f\u00fcr Licht und Schatten, verschiedene Strukturen und 3D.<\/p><p>Es ist mir wichtig, dass meine Bilder so viel wie m\u00f6glich von der greifbaren Realit\u00e4t vermitteln, so als w\u00fcrden sie von der Leinwand herabsteigen, die inneren Emotionen, die ein Foto niemals vermitteln kann. Ein Gem\u00e4lde zeigt zu verschiedenen Tageszeiten ein anderes Gesicht, ruft Emotionen hervor und wird von Generation zu Generation geh\u00fctet.<\/p><p>Ich male immer noch auf Bestellung, aber es ist notwendig, die Anfrage lange im Voraus anzugeben, damit das Gem\u00e4lde rechtzeitig fertiggestellt werden kann. Ich stelle meine Werke auch regelm\u00e4\u00dfig in meiner eigenen Galerie aus.<\/p><p>Mein Ziel ist es, mit meinen Bildern die Welt so zu zeigen, wie ich sie sehe. Das Leuchten der Menschen, das Glitzern der Regentropfen, das Sonnenlicht, das hinter den Wolken hervorkommt und Gl\u00fcck und Sch\u00f6nheit in unsere Welt bringt, der Regenbogen in den zur\u00fcckgelassenen Wassertropfen, und zu zeigen, wie sch\u00f6n alles ist, damit viele Menschen es sehen und mehr es bewahren, das Wunder der Welt, in der wir leben.<\/p>\t\t\t\t\t\t\t\t<\/div>\n\t\t\t\t<\/div>\n\t\t\t\t\t<\/div>\n\t\t\t\t<\/div>\n\t\t<div class=\"elementor-element elementor-element-7f0eef0 e-flex e-con-boxed e-con e-parent\" data-id=\"7f0eef0\" data-element_type=\"container\" data-e-type=\"container\">\n\t\t\t\t\t<div class=\"e-con-inner\">\n\t\t\t\t<div class=\"elementor-element elementor-element-0c967ad elementor-widget elementor-widget-video\" data-id=\"0c967ad\" data-element_type=\"widget\" data-e-type=\"widget\" data-settings=\"{&quot;youtube_url&quot;:&quot;https:\\\/\\\/www.youtube.com\\\/embed\\\/ELOy7CGGDSk?si=PFTpwWYcQW39y0l-&quot;,&quot;video_type&quot;:&quot;youtube&quot;,&quot;controls&quot;:&quot;yes&quot;}\" data-widget_type=\"video.default\">\n\t\t\t\t<div class=\"elementor-widget-container\">\n\t\t\t\t\t\t\t<div class=\"elementor-wrapper elementor-open-inline\">\n\t\t\t<div class=\"elementor-video\"><\/div>\t\t<\/div>\n\t\t\t\t\t\t<\/div>\n\t\t\t\t<\/div>\n\t\t\t\t\t<\/div>\n\t\t\t\t<\/div>\n\t\t<div class=\"elementor-element elementor-element-3c8c98d e-grid e-con-boxed e-con e-parent\" data-id=\"3c8c98d\" data-element_type=\"container\" data-e-type=\"container\">\n\t\t\t\t\t<div class=\"e-con-inner\">\n\t\t\t\t<div class=\"elementor-element elementor-element-427ad49 elementor-widget elementor-widget-image\" data-id=\"427ad49\" data-element_type=\"widget\" data-e-type=\"widget\" data-widget_type=\"image.default\">\n\t\t\t\t<div class=\"elementor-widget-container\">\n\t\t\t\t\t\t\t\t\t\t\t\t\t\t\t<img fetchpriority=\"high\" decoding=\"async\" width=\"768\" height=\"1024\" src=\"https:\/\/ottevenyikastely.hu\/wp-content\/uploads\/2025\/04\/IMG_0895-768x1024.jpg\" class=\"attachment-large size-large wp-image-12815\" alt=\"\" srcset=\"https:\/\/ottevenyikastely.hu\/wp-content\/uploads\/2025\/04\/IMG_0895-768x1024.jpg 768w, https:\/\/ottevenyikastely.hu\/wp-content\/uploads\/2025\/04\/IMG_0895-225x300.jpg 225w, https:\/\/ottevenyikastely.hu\/wp-content\/uploads\/2025\/04\/IMG_0895-1152x1536.jpg 1152w, https:\/\/ottevenyikastely.hu\/wp-content\/uploads\/2025\/04\/IMG_0895-1536x2048.jpg 1536w, https:\/\/ottevenyikastely.hu\/wp-content\/uploads\/2025\/04\/IMG_0895-9x12.jpg 9w, https:\/\/ottevenyikastely.hu\/wp-content\/uploads\/2025\/04\/IMG_0895-scaled.jpg 1920w\" sizes=\"(max-width: 768px) 100vw, 768px\" title=\"\">\t\t\t\t\t\t\t\t\t\t\t\t\t\t\t<\/div>\n\t\t\t\t<\/div>\n\t\t\t\t<div class=\"elementor-element elementor-element-4359f5e elementor-widget elementor-widget-image\" data-id=\"4359f5e\" data-element_type=\"widget\" data-e-type=\"widget\" data-widget_type=\"image.default\">\n\t\t\t\t<div class=\"elementor-widget-container\">\n\t\t\t\t\t\t\t\t\t\t\t\t\t\t\t<img decoding=\"async\" width=\"768\" height=\"1024\" src=\"https:\/\/ottevenyikastely.hu\/wp-content\/uploads\/2025\/04\/IMG_3256-768x1024.jpeg\" class=\"attachment-large size-large wp-image-12817\" alt=\"\" srcset=\"https:\/\/ottevenyikastely.hu\/wp-content\/uploads\/2025\/04\/IMG_3256-768x1024.jpeg 768w, https:\/\/ottevenyikastely.hu\/wp-content\/uploads\/2025\/04\/IMG_3256-225x300.jpeg 225w, https:\/\/ottevenyikastely.hu\/wp-content\/uploads\/2025\/04\/IMG_3256-1152x1536.jpeg 1152w, https:\/\/ottevenyikastely.hu\/wp-content\/uploads\/2025\/04\/IMG_3256-1536x2048.jpeg 1536w, https:\/\/ottevenyikastely.hu\/wp-content\/uploads\/2025\/04\/IMG_3256-9x12.jpeg 9w, https:\/\/ottevenyikastely.hu\/wp-content\/uploads\/2025\/04\/IMG_3256-scaled.jpeg 1920w\" sizes=\"(max-width: 768px) 100vw, 768px\" title=\"\">\t\t\t\t\t\t\t\t\t\t\t\t\t\t\t<\/div>\n\t\t\t\t<\/div>\n\t\t\t\t<div class=\"elementor-element elementor-element-c66dac4 elementor-widget elementor-widget-image\" data-id=\"c66dac4\" data-element_type=\"widget\" data-e-type=\"widget\" data-widget_type=\"image.default\">\n\t\t\t\t<div class=\"elementor-widget-container\">\n\t\t\t\t\t\t\t\t\t\t\t\t\t\t\t<img decoding=\"async\" width=\"768\" height=\"1024\" src=\"https:\/\/ottevenyikastely.hu\/wp-content\/uploads\/2025\/04\/IMG_3133-768x1024.jpeg\" class=\"attachment-large size-large wp-image-12819\" alt=\"\" srcset=\"https:\/\/ottevenyikastely.hu\/wp-content\/uploads\/2025\/04\/IMG_3133-768x1024.jpeg 768w, https:\/\/ottevenyikastely.hu\/wp-content\/uploads\/2025\/04\/IMG_3133-225x300.jpeg 225w, https:\/\/ottevenyikastely.hu\/wp-content\/uploads\/2025\/04\/IMG_3133-1152x1536.jpeg 1152w, https:\/\/ottevenyikastely.hu\/wp-content\/uploads\/2025\/04\/IMG_3133-1536x2048.jpeg 1536w, https:\/\/ottevenyikastely.hu\/wp-content\/uploads\/2025\/04\/IMG_3133-9x12.jpeg 9w, https:\/\/ottevenyikastely.hu\/wp-content\/uploads\/2025\/04\/IMG_3133-scaled.jpeg 1920w\" sizes=\"(max-width: 768px) 100vw, 768px\" title=\"\">\t\t\t\t\t\t\t\t\t\t\t\t\t\t\t<\/div>\n\t\t\t\t<\/div>\n\t\t\t\t\t<\/div>\n\t\t\t\t<\/div>\n\t\t<div class=\"elementor-element elementor-element-a214101 e-flex e-con-boxed e-con e-parent\" data-id=\"a214101\" data-element_type=\"container\" data-e-type=\"container\">\n\t\t\t\t\t<div class=\"e-con-inner\">\n\t\t\t\t<div class=\"elementor-element elementor-element-4dd3f14 elementor-widget elementor-widget-text-editor\" data-id=\"4dd3f14\" data-element_type=\"widget\" data-e-type=\"widget\" data-widget_type=\"text-editor.default\">\n\t\t\t\t<div class=\"elementor-widget-container\">\n\t\t\t\t\t\t\t\t\t<p>Um auf die hier entstandenen Kunstwerke zu bieten, klicken Sie auf das Bild oder besuchen Sie die <span style=\"text-decoration: underline;\"><strong><a href=\"https:\/\/foldvaryaukcio.hu\" target=\"_blank\" rel=\"noopener\">foldvaryaukcio.hu<\/a><\/strong><\/span> Seite, wenn Sie an weiteren Einzelheiten interessiert sind!<\/p>\t\t\t\t\t\t\t\t<\/div>\n\t\t\t\t<\/div>\n\t\t\t\t\t<\/div>\n\t\t\t\t<\/div>\n\t\t<div class=\"elementor-element elementor-element-7e4b2e2 e-grid e-con-boxed e-con e-parent\" data-id=\"7e4b2e2\" data-element_type=\"container\" data-e-type=\"container\">\n\t\t\t\t\t<div class=\"e-con-inner\">\n\t\t\t\t<div class=\"elementor-element elementor-element-4404017 elementor-widget elementor-widget-image\" data-id=\"4404017\" data-element_type=\"widget\" data-e-type=\"widget\" data-widget_type=\"image.default\">\n\t\t\t\t<div class=\"elementor-widget-container\">\n\t\t\t\t\t\t\t\t\t\t\t\t<figure class=\"wp-caption\">\n\t\t\t\t\t\t\t\t\t\t\t<a href=\"https:\/\/foldvaryaukcio.hu\/items\/217\" target=\"_blank\" rel=\"noopener\">\n\t\t\t\t\t\t\t<img loading=\"lazy\" decoding=\"async\" width=\"737\" height=\"1024\" src=\"https:\/\/ottevenyikastely.hu\/wp-content\/uploads\/2025\/04\/Ban-Katalin-217-737x1024.jpeg\" class=\"attachment-large size-large wp-image-12820\" alt=\"\" srcset=\"https:\/\/ottevenyikastely.hu\/wp-content\/uploads\/2025\/04\/Ban-Katalin-217-737x1024.jpeg 737w, https:\/\/ottevenyikastely.hu\/wp-content\/uploads\/2025\/04\/Ban-Katalin-217-216x300.jpeg 216w, https:\/\/ottevenyikastely.hu\/wp-content\/uploads\/2025\/04\/Ban-Katalin-217-768x1067.jpeg 768w, https:\/\/ottevenyikastely.hu\/wp-content\/uploads\/2025\/04\/Ban-Katalin-217-1105x1536.jpeg 1105w, https:\/\/ottevenyikastely.hu\/wp-content\/uploads\/2025\/04\/Ban-Katalin-217-1474x2048.jpeg 1474w, https:\/\/ottevenyikastely.hu\/wp-content\/uploads\/2025\/04\/Ban-Katalin-217-9x12.jpeg 9w, https:\/\/ottevenyikastely.hu\/wp-content\/uploads\/2025\/04\/Ban-Katalin-217-scaled.jpeg 1842w\" sizes=\"(max-width: 737px) 100vw, 737px\" title=\"\">\t\t\t\t\t\t\t\t<\/a>\n\t\t\t\t\t\t\t\t\t\t\t<figcaption class=\"widget-image-caption wp-caption-text\">hier klicken<\/figcaption>\n\t\t\t\t\t\t\t\t\t\t<\/figure>\n\t\t\t\t\t\t\t\t\t<\/div>\n\t\t\t\t<\/div>\n\t\t\t\t<div class=\"elementor-element elementor-element-2be6fca elementor-widget elementor-widget-image\" data-id=\"2be6fca\" data-element_type=\"widget\" data-e-type=\"widget\" data-widget_type=\"image.default\">\n\t\t\t\t<div class=\"elementor-widget-container\">\n\t\t\t\t\t\t\t\t\t\t\t\t<figure class=\"wp-caption\">\n\t\t\t\t\t\t\t\t\t\t\t<a href=\"https:\/\/foldvaryaukcio.hu\/items\/218\" target=\"_blank\" rel=\"noopener\">\n\t\t\t\t\t\t\t<img loading=\"lazy\" decoding=\"async\" width=\"1024\" height=\"740\" src=\"https:\/\/ottevenyikastely.hu\/wp-content\/uploads\/2025\/04\/Ban-Katalin-218-1024x740.jpeg\" class=\"attachment-large size-large wp-image-12821\" alt=\"\" srcset=\"https:\/\/ottevenyikastely.hu\/wp-content\/uploads\/2025\/04\/Ban-Katalin-218-1024x740.jpeg 1024w, https:\/\/ottevenyikastely.hu\/wp-content\/uploads\/2025\/04\/Ban-Katalin-218-300x217.jpeg 300w, https:\/\/ottevenyikastely.hu\/wp-content\/uploads\/2025\/04\/Ban-Katalin-218-768x555.jpeg 768w, https:\/\/ottevenyikastely.hu\/wp-content\/uploads\/2025\/04\/Ban-Katalin-218-1536x1111.jpeg 1536w, https:\/\/ottevenyikastely.hu\/wp-content\/uploads\/2025\/04\/Ban-Katalin-218-2048x1481.jpeg 2048w, https:\/\/ottevenyikastely.hu\/wp-content\/uploads\/2025\/04\/Ban-Katalin-218-18x12.jpeg 18w\" sizes=\"(max-width: 1024px) 100vw, 1024px\" title=\"\">\t\t\t\t\t\t\t\t<\/a>\n\t\t\t\t\t\t\t\t\t\t\t<figcaption class=\"widget-image-caption wp-caption-text\">hier klicken<\/figcaption>\n\t\t\t\t\t\t\t\t\t\t<\/figure>\n\t\t\t\t\t\t\t\t\t<\/div>\n\t\t\t\t<\/div>\n\t\t\t\t<div class=\"elementor-element elementor-element-d759f2f elementor-widget elementor-widget-image\" data-id=\"d759f2f\" data-element_type=\"widget\" data-e-type=\"widget\" data-widget_type=\"image.default\">\n\t\t\t\t<div class=\"elementor-widget-container\">\n\t\t\t\t\t\t\t\t\t\t\t\t<figure class=\"wp-caption\">\n\t\t\t\t\t\t\t\t\t\t\t<a href=\"https:\/\/foldvaryaukcio.hu\/items\/219\" target=\"_blank\" rel=\"noopener\">\n\t\t\t\t\t\t\t<img loading=\"lazy\" decoding=\"async\" width=\"766\" height=\"1024\" src=\"https:\/\/ottevenyikastely.hu\/wp-content\/uploads\/2025\/04\/Ban-Katalin-219-766x1024.jpeg\" class=\"attachment-large size-large wp-image-12822\" alt=\"\" srcset=\"https:\/\/ottevenyikastely.hu\/wp-content\/uploads\/2025\/04\/Ban-Katalin-219-766x1024.jpeg 766w, https:\/\/ottevenyikastely.hu\/wp-content\/uploads\/2025\/04\/Ban-Katalin-219-224x300.jpeg 224w, https:\/\/ottevenyikastely.hu\/wp-content\/uploads\/2025\/04\/Ban-Katalin-219-768x1027.jpeg 768w, https:\/\/ottevenyikastely.hu\/wp-content\/uploads\/2025\/04\/Ban-Katalin-219-1149x1536.jpeg 1149w, https:\/\/ottevenyikastely.hu\/wp-content\/uploads\/2025\/04\/Ban-Katalin-219-1532x2048.jpeg 1532w, https:\/\/ottevenyikastely.hu\/wp-content\/uploads\/2025\/04\/Ban-Katalin-219-9x12.jpeg 9w, https:\/\/ottevenyikastely.hu\/wp-content\/uploads\/2025\/04\/Ban-Katalin-219-scaled.jpeg 1915w\" sizes=\"(max-width: 766px) 100vw, 766px\" title=\"\">\t\t\t\t\t\t\t\t<\/a>\n\t\t\t\t\t\t\t\t\t\t\t<figcaption class=\"widget-image-caption wp-caption-text\">hier klicken<\/figcaption>\n\t\t\t\t\t\t\t\t\t\t<\/figure>\n\t\t\t\t\t\t\t\t\t<\/div>\n\t\t\t\t<\/div>\n\t\t\t\t\t<\/div>\n\t\t\t\t<\/div>\n\t\t<div class=\"elementor-element elementor-element-57d0378 e-flex e-con-boxed e-con e-parent\" data-id=\"57d0378\" data-element_type=\"container\" data-e-type=\"container\">\n\t\t\t\t\t<div class=\"e-con-inner\">\n\t\t\t\t<div class=\"elementor-element elementor-element-0354fe8 elementor-widget elementor-widget-image\" data-id=\"0354fe8\" data-element_type=\"widget\" data-e-type=\"widget\" data-widget_type=\"image.default\">\n\t\t\t\t<div class=\"elementor-widget-container\">\n\t\t\t\t\t\t\t\t\t\t\t\t<figure class=\"wp-caption\">\n\t\t\t\t\t\t\t\t\t\t\t<a href=\"https:\/\/foldvaryaukcio.hu\/items\/220\" target=\"_blank\" rel=\"noopener\">\n\t\t\t\t\t\t\t<img loading=\"lazy\" decoding=\"async\" width=\"561\" height=\"200\" src=\"https:\/\/ottevenyikastely.hu\/wp-content\/uploads\/2025\/04\/Ban-Katalin-220.jpeg\" class=\"attachment-large size-large wp-image-12823\" alt=\"\" srcset=\"https:\/\/ottevenyikastely.hu\/wp-content\/uploads\/2025\/04\/Ban-Katalin-220.jpeg 561w, https:\/\/ottevenyikastely.hu\/wp-content\/uploads\/2025\/04\/Ban-Katalin-220-300x107.jpeg 300w, https:\/\/ottevenyikastely.hu\/wp-content\/uploads\/2025\/04\/Ban-Katalin-220-18x6.jpeg 18w\" sizes=\"(max-width: 561px) 100vw, 561px\" title=\"\">\t\t\t\t\t\t\t\t<\/a>\n\t\t\t\t\t\t\t\t\t\t\t<figcaption class=\"widget-image-caption wp-caption-text\">hier klicken<\/figcaption>\n\t\t\t\t\t\t\t\t\t\t<\/figure>\n\t\t\t\t\t\t\t\t\t<\/div>\n\t\t\t\t<\/div>\n\t\t\t\t\t<\/div>\n\t\t\t\t<\/div>\n\t\t<div class=\"elementor-element elementor-element-d6fda2d e-flex e-con-boxed e-con e-parent\" data-id=\"d6fda2d\" data-element_type=\"container\" data-e-type=\"container\">\n\t\t\t\t\t<div class=\"e-con-inner\">\n\t\t\t\t<div class=\"elementor-element elementor-element-2611036 elementor-align-right elementor-widget elementor-widget-button\" data-id=\"2611036\" data-element_type=\"widget\" data-e-type=\"widget\" data-widget_type=\"button.default\">\n\t\t\t\t<div class=\"elementor-widget-container\">\n\t\t\t\t\t\t\t\t\t<div class=\"elementor-button-wrapper\">\n\t\t\t\t\t<a class=\"elementor-button elementor-button-link elementor-size-sm\" href=\"https:\/\/www.bankata.hu\/wordpress\/\" id=\"https:\/\/www.bankata.hu\/wordpress\/\" target=\"_blank\" rel=\"noopener\">\n\t\t\t\t\t\t<span class=\"elementor-button-content-wrapper\">\n\t\t\t\t\t\t\t\t\t<span class=\"elementor-button-text\">Webseite des K\u00fcnstlers<\/span>\n\t\t\t\t\t<\/span>\n\t\t\t\t\t<\/a>\n\t\t\t\t<\/div>\n\t\t\t\t\t\t\t\t<\/div>\n\t\t\t\t<\/div>\n\t\t\t\t\t<\/div>\n\t\t\t\t<\/div>\n\t\t\t\t<\/div>","protected":false},"excerpt":{"rendered":"<p>B\u00e1n Kata B\u00e1n Kata fest\u0151m\u0171v\u00e9sz vagyok. Magyarorsz\u00e1gon, Gy\u0151r v\u00e1ros\u00e1ban \u00e9lek \u00e9s dolgozom. Rajztan\u00e1rom Karsai Ildik\u00f3, grafikus m\u0171v\u00e9sz volt. M\u00e1r kisiskol\u00e1s koromban d\u00edjat nyertem egy UNICEF \u00e1ltal ki\u00edrt rajzp\u00e1ly\u00e1zaton, amely a vil\u00e1gon \u00e9l\u0151 a sz\u00ednes- \u00e9s feh\u00e9r b\u0151r\u0171 emberek egyenl\u0151s\u00e9g\u00e9r\u0151l sz\u00f3lt. K\u00e9s\u0151bb az iskola rajzszakk\u00f6r\u00e9nek a vezet\u0151je voltam 4 \u00e9vig. Szakk\u00f6z\u00e9p iskola ut\u00e1n elcs\u00e1b\u00edtott a bankszakma [&hellip;]<\/p>","protected":false},"author":7,"featured_media":0,"parent":0,"menu_order":0,"comment_status":"closed","ping_status":"closed","template":"","meta":{"footnotes":""},"class_list":["post-12289","page","type-page","status-publish","hentry","entry"],"_links":{"self":[{"href":"https:\/\/ottevenyikastely.hu\/de\/wp-json\/wp\/v2\/pages\/12289","targetHints":{"allow":["GET"]}}],"collection":[{"href":"https:\/\/ottevenyikastely.hu\/de\/wp-json\/wp\/v2\/pages"}],"about":[{"href":"https:\/\/ottevenyikastely.hu\/de\/wp-json\/wp\/v2\/types\/page"}],"author":[{"embeddable":true,"href":"https:\/\/ottevenyikastely.hu\/de\/wp-json\/wp\/v2\/users\/7"}],"replies":[{"embeddable":true,"href":"https:\/\/ottevenyikastely.hu\/de\/wp-json\/wp\/v2\/comments?post=12289"}],"version-history":[{"count":16,"href":"https:\/\/ottevenyikastely.hu\/de\/wp-json\/wp\/v2\/pages\/12289\/revisions"}],"predecessor-version":[{"id":13543,"href":"https:\/\/ottevenyikastely.hu\/de\/wp-json\/wp\/v2\/pages\/12289\/revisions\/13543"}],"wp:attachment":[{"href":"https:\/\/ottevenyikastely.hu\/de\/wp-json\/wp\/v2\/media?parent=12289"}],"curies":[{"name":"wp","href":"https:\/\/api.w.org\/{rel}","templated":true}]}}