{"id":12304,"date":"2025-04-12T09:10:18","date_gmt":"2025-04-12T07:10:18","guid":{"rendered":"https:\/\/ottevenyikastely.hu\/?page_id=12304"},"modified":"2025-07-11T09:49:35","modified_gmt":"2025-07-11T07:49:35","slug":"csizmadia-istvan","status":"publish","type":"page","link":"https:\/\/ottevenyikastely.hu\/de\/csizmadia-istvan\/","title":{"rendered":"Istv\u00e1n Csizmadia"},"content":{"rendered":"<div data-elementor-type=\"wp-page\" data-elementor-id=\"12304\" class=\"elementor elementor-12304\" data-elementor-post-type=\"page\">\n\t\t\t\t<div class=\"elementor-element elementor-element-9891907 e-flex e-con-boxed e-con e-parent\" data-id=\"9891907\" data-element_type=\"container\" data-e-type=\"container\">\n\t\t\t\t\t<div class=\"e-con-inner\">\n\t\t\t\t<div class=\"elementor-element elementor-element-790ccb6 elementor-widget elementor-widget-heading\" data-id=\"790ccb6\" data-element_type=\"widget\" data-e-type=\"widget\" data-widget_type=\"heading.default\">\n\t\t\t\t<div class=\"elementor-widget-container\">\n\t\t\t\t\t<h2 class=\"elementor-heading-title elementor-size-default\">Istv\u00e1n Csizmadia<\/h2>\t\t\t\t<\/div>\n\t\t\t\t<\/div>\n\t\t\t\t\t<\/div>\n\t\t\t\t<\/div>\n\t\t<div class=\"elementor-element elementor-element-6022ab3 e-flex e-con-boxed e-con e-parent\" data-id=\"6022ab3\" data-element_type=\"container\" data-e-type=\"container\">\n\t\t\t\t\t<div class=\"e-con-inner\">\n\t\t\t\t<div class=\"elementor-element elementor-element-c04cbe6 elementor-widget elementor-widget-video\" data-id=\"c04cbe6\" data-element_type=\"widget\" data-e-type=\"widget\" data-settings=\"{&quot;youtube_url&quot;:&quot;https:\\\/\\\/www.youtube.com\\\/embed\\\/L-FUoaMt7uo?si=M4y3FZTr9smxjDa3&quot;,&quot;video_type&quot;:&quot;youtube&quot;,&quot;controls&quot;:&quot;yes&quot;}\" data-widget_type=\"video.default\">\n\t\t\t\t<div class=\"elementor-widget-container\">\n\t\t\t\t\t\t\t<div class=\"elementor-wrapper elementor-open-inline\">\n\t\t\t<div class=\"elementor-video\"><\/div>\t\t<\/div>\n\t\t\t\t\t\t<\/div>\n\t\t\t\t<\/div>\n\t\t\t\t\t<\/div>\n\t\t\t\t<\/div>\n\t\t<div class=\"elementor-element elementor-element-4cf8a67 e-flex e-con-boxed e-con e-parent\" data-id=\"4cf8a67\" data-element_type=\"container\" data-e-type=\"container\">\n\t\t\t\t\t<div class=\"e-con-inner\">\n\t\t\t\t<div class=\"elementor-element elementor-element-c68ba20 elementor-widget elementor-widget-text-editor\" data-id=\"c68ba20\" data-element_type=\"widget\" data-e-type=\"widget\" data-widget_type=\"text-editor.default\">\n\t\t\t\t<div class=\"elementor-widget-container\">\n\t\t\t\t\t\t\t\t\t<p>Sein k\u00fcnstlerisches Credo: \"Die motivierende Kraft meiner Arbeit ist die Vision von Licht und Glanz, der abstrakte Ausdruck menschlicher Beziehungen, Emotionen und Stimmungen, die Wahrnehmung der Vielfalt des Geistes, des Denkens in einer neuen Form.\" Er ist Mitglied der MAOE, des Kulturvereins der Region Murau, der franz\u00f6sischen AME, des Vereins Art World Hungary und der MAMSzE. Seine Werke sind in vielen ausl\u00e4ndischen und ungarischen Galerien zu sehen.<\/p><p>\/Nationalgalerie, Abtei Tihany, Sydney, New York, Neu-Delhi, Krakau\/<\/p>\t\t\t\t\t\t\t\t<\/div>\n\t\t\t\t<\/div>\n\t\t\t\t\t<\/div>\n\t\t\t\t<\/div>\n\t\t<div class=\"elementor-element elementor-element-4d7ff88 e-grid e-con-boxed e-con e-parent\" data-id=\"4d7ff88\" data-element_type=\"container\" data-e-type=\"container\">\n\t\t\t\t\t<div class=\"e-con-inner\">\n\t\t\t\t<div class=\"elementor-element elementor-element-5cc1fe8 elementor-widget elementor-widget-image\" data-id=\"5cc1fe8\" data-element_type=\"widget\" data-e-type=\"widget\" data-widget_type=\"image.default\">\n\t\t\t\t<div class=\"elementor-widget-container\">\n\t\t\t\t\t\t\t\t\t\t\t\t\t\t\t<img fetchpriority=\"high\" decoding=\"async\" width=\"1024\" height=\"768\" src=\"https:\/\/ottevenyikastely.hu\/wp-content\/uploads\/2025\/04\/IMG_3372-1024x768.jpeg\" class=\"attachment-large size-large wp-image-12830\" alt=\"\" srcset=\"https:\/\/ottevenyikastely.hu\/wp-content\/uploads\/2025\/04\/IMG_3372-1024x768.jpeg 1024w, https:\/\/ottevenyikastely.hu\/wp-content\/uploads\/2025\/04\/IMG_3372-300x225.jpeg 300w, https:\/\/ottevenyikastely.hu\/wp-content\/uploads\/2025\/04\/IMG_3372-768x576.jpeg 768w, https:\/\/ottevenyikastely.hu\/wp-content\/uploads\/2025\/04\/IMG_3372-1536x1152.jpeg 1536w, https:\/\/ottevenyikastely.hu\/wp-content\/uploads\/2025\/04\/IMG_3372-2048x1536.jpeg 2048w, https:\/\/ottevenyikastely.hu\/wp-content\/uploads\/2025\/04\/IMG_3372-16x12.jpeg 16w\" sizes=\"(max-width: 1024px) 100vw, 1024px\" title=\"\">\t\t\t\t\t\t\t\t\t\t\t\t\t\t\t<\/div>\n\t\t\t\t<\/div>\n\t\t\t\t<div class=\"elementor-element elementor-element-a4b2e6f elementor-widget elementor-widget-image\" data-id=\"a4b2e6f\" data-element_type=\"widget\" data-e-type=\"widget\" data-widget_type=\"image.default\">\n\t\t\t\t<div class=\"elementor-widget-container\">\n\t\t\t\t\t\t\t\t\t\t\t\t\t\t\t<img decoding=\"async\" width=\"1024\" height=\"768\" src=\"https:\/\/ottevenyikastely.hu\/wp-content\/uploads\/2025\/04\/IMG_3101-1024x768.jpeg\" class=\"attachment-large size-large wp-image-12538\" alt=\"\" srcset=\"https:\/\/ottevenyikastely.hu\/wp-content\/uploads\/2025\/04\/IMG_3101-1024x768.jpeg 1024w, https:\/\/ottevenyikastely.hu\/wp-content\/uploads\/2025\/04\/IMG_3101-300x225.jpeg 300w, https:\/\/ottevenyikastely.hu\/wp-content\/uploads\/2025\/04\/IMG_3101-768x576.jpeg 768w, https:\/\/ottevenyikastely.hu\/wp-content\/uploads\/2025\/04\/IMG_3101-1536x1152.jpeg 1536w, https:\/\/ottevenyikastely.hu\/wp-content\/uploads\/2025\/04\/IMG_3101-2048x1536.jpeg 2048w, https:\/\/ottevenyikastely.hu\/wp-content\/uploads\/2025\/04\/IMG_3101-16x12.jpeg 16w\" sizes=\"(max-width: 1024px) 100vw, 1024px\" title=\"\">\t\t\t\t\t\t\t\t\t\t\t\t\t\t\t<\/div>\n\t\t\t\t<\/div>\n\t\t\t\t<div class=\"elementor-element elementor-element-8e57446 elementor-widget elementor-widget-image\" data-id=\"8e57446\" data-element_type=\"widget\" data-e-type=\"widget\" data-widget_type=\"image.default\">\n\t\t\t\t<div class=\"elementor-widget-container\">\n\t\t\t\t\t\t\t\t\t\t\t\t\t\t\t<img decoding=\"async\" width=\"1024\" height=\"768\" src=\"https:\/\/ottevenyikastely.hu\/wp-content\/uploads\/2025\/04\/IMG_3371-1024x768.jpeg\" class=\"attachment-large size-large wp-image-12831\" alt=\"\" srcset=\"https:\/\/ottevenyikastely.hu\/wp-content\/uploads\/2025\/04\/IMG_3371-1024x768.jpeg 1024w, https:\/\/ottevenyikastely.hu\/wp-content\/uploads\/2025\/04\/IMG_3371-300x225.jpeg 300w, https:\/\/ottevenyikastely.hu\/wp-content\/uploads\/2025\/04\/IMG_3371-768x576.jpeg 768w, https:\/\/ottevenyikastely.hu\/wp-content\/uploads\/2025\/04\/IMG_3371-1536x1152.jpeg 1536w, https:\/\/ottevenyikastely.hu\/wp-content\/uploads\/2025\/04\/IMG_3371-2048x1536.jpeg 2048w, https:\/\/ottevenyikastely.hu\/wp-content\/uploads\/2025\/04\/IMG_3371-16x12.jpeg 16w\" sizes=\"(max-width: 1024px) 100vw, 1024px\" title=\"\">\t\t\t\t\t\t\t\t\t\t\t\t\t\t\t<\/div>\n\t\t\t\t<\/div>\n\t\t\t\t\t<\/div>\n\t\t\t\t<\/div>\n\t\t<div class=\"elementor-element elementor-element-bcbf7a0 e-flex e-con-boxed e-con e-parent\" data-id=\"bcbf7a0\" data-element_type=\"container\" data-e-type=\"container\">\n\t\t\t\t\t<div class=\"e-con-inner\">\n\t\t\t\t<div class=\"elementor-element elementor-element-82d2214 elementor-widget elementor-widget-text-editor\" data-id=\"82d2214\" data-element_type=\"widget\" data-e-type=\"widget\" data-widget_type=\"text-editor.default\">\n\t\t\t\t<div class=\"elementor-widget-container\">\n\t\t\t\t\t\t\t\t\t<p>Um auf die hier entstandenen Kunstwerke zu bieten, klicken Sie auf das Bild oder besuchen Sie die <span style=\"text-decoration: underline;\"><strong><a href=\"https:\/\/foldvaryaukcio.hu\" target=\"_blank\" rel=\"noopener\">foldvaryaukcio.hu<\/a><\/strong><\/span> Seite, wenn Sie an weiteren Einzelheiten interessiert sind!<\/p>\t\t\t\t\t\t\t\t<\/div>\n\t\t\t\t<\/div>\n\t\t\t\t\t<\/div>\n\t\t\t\t<\/div>\n\t\t<div class=\"elementor-element elementor-element-eedab27 e-grid e-con-boxed e-con e-parent\" data-id=\"eedab27\" data-element_type=\"container\" data-e-type=\"container\">\n\t\t\t\t\t<div class=\"e-con-inner\">\n\t\t\t\t<div class=\"elementor-element elementor-element-46ebc68 elementor-widget elementor-widget-image\" data-id=\"46ebc68\" data-element_type=\"widget\" data-e-type=\"widget\" data-widget_type=\"image.default\">\n\t\t\t\t<div class=\"elementor-widget-container\">\n\t\t\t\t\t\t\t\t\t\t\t\t<figure class=\"wp-caption\">\n\t\t\t\t\t\t\t\t\t\t\t<a href=\"https:\/\/foldvaryaukcio.hu\/items\/242\" target=\"_blank\" rel=\"noopener\">\n\t\t\t\t\t\t\t<img loading=\"lazy\" decoding=\"async\" width=\"758\" height=\"1024\" src=\"https:\/\/ottevenyikastely.hu\/wp-content\/uploads\/2025\/04\/Csizmadia-Ist-van-242-758x1024.jpeg\" class=\"attachment-large size-large wp-image-12828\" alt=\"\" srcset=\"https:\/\/ottevenyikastely.hu\/wp-content\/uploads\/2025\/04\/Csizmadia-Ist-van-242-758x1024.jpeg 758w, https:\/\/ottevenyikastely.hu\/wp-content\/uploads\/2025\/04\/Csizmadia-Ist-van-242-222x300.jpeg 222w, https:\/\/ottevenyikastely.hu\/wp-content\/uploads\/2025\/04\/Csizmadia-Ist-van-242-768x1038.jpeg 768w, https:\/\/ottevenyikastely.hu\/wp-content\/uploads\/2025\/04\/Csizmadia-Ist-van-242-1136x1536.jpeg 1136w, https:\/\/ottevenyikastely.hu\/wp-content\/uploads\/2025\/04\/Csizmadia-Ist-van-242-1515x2048.jpeg 1515w, https:\/\/ottevenyikastely.hu\/wp-content\/uploads\/2025\/04\/Csizmadia-Ist-van-242-9x12.jpeg 9w, https:\/\/ottevenyikastely.hu\/wp-content\/uploads\/2025\/04\/Csizmadia-Ist-van-242.jpeg 1556w\" sizes=\"(max-width: 758px) 100vw, 758px\" title=\"\">\t\t\t\t\t\t\t\t<\/a>\n\t\t\t\t\t\t\t\t\t\t\t<figcaption class=\"widget-image-caption wp-caption-text\">hier klicken<\/figcaption>\n\t\t\t\t\t\t\t\t\t\t<\/figure>\n\t\t\t\t\t\t\t\t\t<\/div>\n\t\t\t\t<\/div>\n\t\t\t\t<div class=\"elementor-element elementor-element-7c2b964 elementor-widget elementor-widget-image\" data-id=\"7c2b964\" data-element_type=\"widget\" data-e-type=\"widget\" data-widget_type=\"image.default\">\n\t\t\t\t<div class=\"elementor-widget-container\">\n\t\t\t\t\t\t\t\t\t\t\t\t<figure class=\"wp-caption\">\n\t\t\t\t\t\t\t\t\t\t\t<a href=\"https:\/\/foldvaryaukcio.hu\/items\/243\" target=\"_blank\" rel=\"noopener\">\n\t\t\t\t\t\t\t<img loading=\"lazy\" decoding=\"async\" width=\"1024\" height=\"775\" src=\"https:\/\/ottevenyikastely.hu\/wp-content\/uploads\/2025\/04\/Csizmadia-Ist-van-243-1024x775.jpeg\" class=\"attachment-large size-large wp-image-12829\" alt=\"\" srcset=\"https:\/\/ottevenyikastely.hu\/wp-content\/uploads\/2025\/04\/Csizmadia-Ist-van-243-1024x775.jpeg 1024w, https:\/\/ottevenyikastely.hu\/wp-content\/uploads\/2025\/04\/Csizmadia-Ist-van-243-300x227.jpeg 300w, https:\/\/ottevenyikastely.hu\/wp-content\/uploads\/2025\/04\/Csizmadia-Ist-van-243-768x582.jpeg 768w, https:\/\/ottevenyikastely.hu\/wp-content\/uploads\/2025\/04\/Csizmadia-Ist-van-243-1536x1163.jpeg 1536w, https:\/\/ottevenyikastely.hu\/wp-content\/uploads\/2025\/04\/Csizmadia-Ist-van-243-2048x1551.jpeg 2048w, https:\/\/ottevenyikastely.hu\/wp-content\/uploads\/2025\/04\/Csizmadia-Ist-van-243-16x12.jpeg 16w\" sizes=\"(max-width: 1024px) 100vw, 1024px\" title=\"\">\t\t\t\t\t\t\t\t<\/a>\n\t\t\t\t\t\t\t\t\t\t\t<figcaption class=\"widget-image-caption wp-caption-text\">hier klicken<\/figcaption>\n\t\t\t\t\t\t\t\t\t\t<\/figure>\n\t\t\t\t\t\t\t\t\t<\/div>\n\t\t\t\t<\/div>\n\t\t\t\t\t<\/div>\n\t\t\t\t<\/div>\n\t\t<div class=\"elementor-element elementor-element-c34615b e-flex e-con-boxed e-con e-parent\" data-id=\"c34615b\" data-element_type=\"container\" data-e-type=\"container\">\n\t\t\t\t\t<div class=\"e-con-inner\">\n\t\t\t\t<div class=\"elementor-element elementor-element-68b54bc elementor-widget elementor-widget-image\" data-id=\"68b54bc\" data-element_type=\"widget\" data-e-type=\"widget\" data-widget_type=\"image.default\">\n\t\t\t\t<div class=\"elementor-widget-container\">\n\t\t\t\t\t\t\t\t\t\t\t\t\t\t\t<img loading=\"lazy\" decoding=\"async\" width=\"958\" height=\"960\" src=\"https:\/\/ottevenyikastely.hu\/wp-content\/uploads\/2025\/04\/337552385_176162448559106_2305729337358360266_n-1.jpg\" class=\"attachment-large size-large wp-image-12218\" alt=\"\" srcset=\"https:\/\/ottevenyikastely.hu\/wp-content\/uploads\/2025\/04\/337552385_176162448559106_2305729337358360266_n-1.jpg 958w, https:\/\/ottevenyikastely.hu\/wp-content\/uploads\/2025\/04\/337552385_176162448559106_2305729337358360266_n-1-300x300.jpg 300w, https:\/\/ottevenyikastely.hu\/wp-content\/uploads\/2025\/04\/337552385_176162448559106_2305729337358360266_n-1-150x150.jpg 150w, https:\/\/ottevenyikastely.hu\/wp-content\/uploads\/2025\/04\/337552385_176162448559106_2305729337358360266_n-1-768x770.jpg 768w, https:\/\/ottevenyikastely.hu\/wp-content\/uploads\/2025\/04\/337552385_176162448559106_2305729337358360266_n-1-12x12.jpg 12w, https:\/\/ottevenyikastely.hu\/wp-content\/uploads\/2025\/04\/337552385_176162448559106_2305729337358360266_n-1-600x600.jpg 600w\" sizes=\"(max-width: 958px) 100vw, 958px\" title=\"\">\t\t\t\t\t\t\t\t\t\t\t\t\t\t\t<\/div>\n\t\t\t\t<\/div>\n\t\t\t\t\t<\/div>\n\t\t\t\t<\/div>\n\t\t<div class=\"elementor-element elementor-element-99401d0 e-flex e-con-boxed e-con e-parent\" data-id=\"99401d0\" data-element_type=\"container\" data-e-type=\"container\">\n\t\t\t\t\t<div class=\"e-con-inner\">\n\t\t\t\t<div class=\"elementor-element elementor-element-021a117 elementor-align-right elementor-widget elementor-widget-button\" data-id=\"021a117\" data-element_type=\"widget\" data-e-type=\"widget\" data-widget_type=\"button.default\">\n\t\t\t\t<div class=\"elementor-widget-container\">\n\t\t\t\t\t\t\t\t\t<div class=\"elementor-button-wrapper\">\n\t\t\t\t\t<a class=\"elementor-button elementor-button-link elementor-size-sm\" href=\"https:\/\/www.facebook.com\/istvan.csizmadia.14\/?checkpoint_src=any\" id=\"https:\/\/www.facebook.com\/istvan.csizmadia.14\/?checkpoint_src=any\" target=\"_blank\" rel=\"noopener\">\n\t\t\t\t\t\t<span class=\"elementor-button-content-wrapper\">\n\t\t\t\t\t\t\t\t\t<span class=\"elementor-button-text\">Facebook-Seite<\/span>\n\t\t\t\t\t<\/span>\n\t\t\t\t\t<\/a>\n\t\t\t\t<\/div>\n\t\t\t\t\t\t\t\t<\/div>\n\t\t\t\t<\/div>\n\t\t\t\t\t<\/div>\n\t\t\t\t<\/div>\n\t\t\t\t<\/div>","protected":false},"excerpt":{"rendered":"<p>Csizmadia Istv\u00e1n https:\/\/www.youtube.com\/embed\/L-FUoaMt7uo?si=M4y3FZTr9smxjDa3 M\u0171v\u00e9szi hitvall\u00e1sa: \u201eMunk\u00e1ss\u00e1gom motiv\u00e1l\u00f3 ereje a f\u00e9ny \u00e9s a kisug\u00e1rz\u00e1s l\u00e1ttat\u00e1sa, az emberi kapcsolatok, \u00e9rzelmek, hangulatok absztrakt kifejez\u00e9se, az elme soksz\u00edn\u0171s\u00e9g\u00e9nek, a gondolatis\u00e1gnak egy \u00faj form\u00e1j\u00fa \u00e9rz\u00e9kel\u00e9se.\u201d A MAOE, a Muravid\u00e9ki Kultur\u00e1lis Egyes\u00fclet, a francia AME, Art World Hungary egyes\u00fclet, MAMSzE tagja. M\u0171vei megtal\u00e1lhat\u00f3ak sz\u00e1mos k\u00fclf\u00f6ldi \u00e9s magyar gal\u00e9ri\u00e1ban. \/Nemzeti Gal\u00e9ria, Tihanyi [&hellip;]<\/p>","protected":false},"author":7,"featured_media":0,"parent":0,"menu_order":0,"comment_status":"closed","ping_status":"closed","template":"","meta":{"footnotes":""},"class_list":["post-12304","page","type-page","status-publish","hentry","entry"],"_links":{"self":[{"href":"https:\/\/ottevenyikastely.hu\/de\/wp-json\/wp\/v2\/pages\/12304","targetHints":{"allow":["GET"]}}],"collection":[{"href":"https:\/\/ottevenyikastely.hu\/de\/wp-json\/wp\/v2\/pages"}],"about":[{"href":"https:\/\/ottevenyikastely.hu\/de\/wp-json\/wp\/v2\/types\/page"}],"author":[{"embeddable":true,"href":"https:\/\/ottevenyikastely.hu\/de\/wp-json\/wp\/v2\/users\/7"}],"replies":[{"embeddable":true,"href":"https:\/\/ottevenyikastely.hu\/de\/wp-json\/wp\/v2\/comments?post=12304"}],"version-history":[{"count":16,"href":"https:\/\/ottevenyikastely.hu\/de\/wp-json\/wp\/v2\/pages\/12304\/revisions"}],"predecessor-version":[{"id":13877,"href":"https:\/\/ottevenyikastely.hu\/de\/wp-json\/wp\/v2\/pages\/12304\/revisions\/13877"}],"wp:attachment":[{"href":"https:\/\/ottevenyikastely.hu\/de\/wp-json\/wp\/v2\/media?parent=12304"}],"curies":[{"name":"wp","href":"https:\/\/api.w.org\/{rel}","templated":true}]}}