{"id":12326,"date":"2025-04-12T09:17:38","date_gmt":"2025-04-12T07:17:38","guid":{"rendered":"https:\/\/ottevenyikastely.hu\/?page_id=12326"},"modified":"2025-05-18T11:36:13","modified_gmt":"2025-05-18T09:36:13","slug":"istok-bernadett","status":"publish","type":"page","link":"https:\/\/ottevenyikastely.hu\/de\/istok-bernadett\/","title":{"rendered":"Bernadett Ist\u00f3k"},"content":{"rendered":"<div data-elementor-type=\"wp-page\" data-elementor-id=\"12326\" class=\"elementor elementor-12326\" data-elementor-post-type=\"page\">\n\t\t\t\t<div class=\"elementor-element elementor-element-bfda265 e-flex e-con-boxed e-con e-parent\" data-id=\"bfda265\" data-element_type=\"container\" data-e-type=\"container\">\n\t\t\t\t\t<div class=\"e-con-inner\">\n\t\t\t\t<div class=\"elementor-element elementor-element-cc83251 elementor-widget elementor-widget-heading\" data-id=\"cc83251\" data-element_type=\"widget\" data-e-type=\"widget\" data-widget_type=\"heading.default\">\n\t\t\t\t<div class=\"elementor-widget-container\">\n\t\t\t\t\t<h2 class=\"elementor-heading-title elementor-size-default\">Bernadett Ist\u00f3k<\/h2>\t\t\t\t<\/div>\n\t\t\t\t<\/div>\n\t\t\t\t\t<\/div>\n\t\t\t\t<\/div>\n\t\t<div class=\"elementor-element elementor-element-a9f4ca0 e-flex e-con-boxed e-con e-parent\" data-id=\"a9f4ca0\" data-element_type=\"container\" data-e-type=\"container\">\n\t\t\t\t\t<div class=\"e-con-inner\">\n\t\t\t\t<div class=\"elementor-element elementor-element-3d2c8f3 elementor-widget elementor-widget-text-editor\" data-id=\"3d2c8f3\" data-element_type=\"widget\" data-e-type=\"widget\" data-widget_type=\"text-editor.default\">\n\t\t\t\t<div class=\"elementor-widget-container\">\n\t\t\t\t\t\t\t\t\t<p>ist ein zeitgen\u00f6ssischer ungarischer Maler, der f\u00fcr seine gro\u00dfformatigen dekorativen Blumenbilder bekannt ist. Sein Werk spiegelt eine tiefe Liebe und Kenntnis der Natur wider, wobei er sich oft von der Kulturgeschichte der Pflanzen inspirieren l\u00e4sst. In seinen Gem\u00e4lden werden oft Blumen und Tiere kombiniert, um neue, surreale Kreaturen zu schaffen, die eine spielerische und positive Stimmung vermitteln. Ihre Werke sind auf der Website der Flower Gallery zu sehen, und sie ist auch in den sozialen Medien aktiv.<\/p>\t\t\t\t\t\t\t\t<\/div>\n\t\t\t\t<\/div>\n\t\t\t\t\t<\/div>\n\t\t\t\t<\/div>\n\t\t<div class=\"elementor-element elementor-element-2aed345 e-flex e-con-boxed e-con e-parent\" data-id=\"2aed345\" data-element_type=\"container\" data-e-type=\"container\">\n\t\t\t\t\t<div class=\"e-con-inner\">\n\t\t\t\t<div class=\"elementor-element elementor-element-baeeafc elementor-widget elementor-widget-video\" data-id=\"baeeafc\" data-element_type=\"widget\" data-e-type=\"widget\" data-settings=\"{&quot;youtube_url&quot;:&quot;https:\\\/\\\/www.youtube.com\\\/embed\\\/NH246X-IIvw?si=lIMCCN01892v_sxz&quot;,&quot;video_type&quot;:&quot;youtube&quot;,&quot;controls&quot;:&quot;yes&quot;}\" data-widget_type=\"video.default\">\n\t\t\t\t<div class=\"elementor-widget-container\">\n\t\t\t\t\t\t\t<div class=\"elementor-wrapper elementor-open-inline\">\n\t\t\t<div class=\"elementor-video\"><\/div>\t\t<\/div>\n\t\t\t\t\t\t<\/div>\n\t\t\t\t<\/div>\n\t\t\t\t\t<\/div>\n\t\t\t\t<\/div>\n\t\t<div class=\"elementor-element elementor-element-06cc79d e-grid e-con-boxed e-con e-parent\" data-id=\"06cc79d\" data-element_type=\"container\" data-e-type=\"container\">\n\t\t\t\t\t<div class=\"e-con-inner\">\n\t\t\t\t<div class=\"elementor-element elementor-element-ee7c495 elementor-widget elementor-widget-image\" data-id=\"ee7c495\" data-element_type=\"widget\" data-e-type=\"widget\" data-widget_type=\"image.default\">\n\t\t\t\t<div class=\"elementor-widget-container\">\n\t\t\t\t\t\t\t\t\t\t\t\t\t\t\t<img fetchpriority=\"high\" decoding=\"async\" width=\"768\" height=\"1024\" src=\"https:\/\/ottevenyikastely.hu\/wp-content\/uploads\/2025\/04\/IMG_2994-768x1024.jpeg\" class=\"attachment-large size-large wp-image-12546\" alt=\"\" srcset=\"https:\/\/ottevenyikastely.hu\/wp-content\/uploads\/2025\/04\/IMG_2994-768x1024.jpeg 768w, https:\/\/ottevenyikastely.hu\/wp-content\/uploads\/2025\/04\/IMG_2994-225x300.jpeg 225w, https:\/\/ottevenyikastely.hu\/wp-content\/uploads\/2025\/04\/IMG_2994-1152x1536.jpeg 1152w, https:\/\/ottevenyikastely.hu\/wp-content\/uploads\/2025\/04\/IMG_2994-1536x2048.jpeg 1536w, https:\/\/ottevenyikastely.hu\/wp-content\/uploads\/2025\/04\/IMG_2994-9x12.jpeg 9w, https:\/\/ottevenyikastely.hu\/wp-content\/uploads\/2025\/04\/IMG_2994-scaled.jpeg 1920w\" sizes=\"(max-width: 768px) 100vw, 768px\" title=\"\">\t\t\t\t\t\t\t\t\t\t\t\t\t\t\t<\/div>\n\t\t\t\t<\/div>\n\t\t\t\t<div class=\"elementor-element elementor-element-062a7f5 elementor-widget elementor-widget-image\" data-id=\"062a7f5\" data-element_type=\"widget\" data-e-type=\"widget\" data-widget_type=\"image.default\">\n\t\t\t\t<div class=\"elementor-widget-container\">\n\t\t\t\t\t\t\t\t\t\t\t\t\t\t\t<img decoding=\"async\" width=\"768\" height=\"1024\" src=\"https:\/\/ottevenyikastely.hu\/wp-content\/uploads\/2025\/04\/IMG_3012-768x1024.jpeg\" class=\"attachment-large size-large wp-image-12547\" alt=\"\" srcset=\"https:\/\/ottevenyikastely.hu\/wp-content\/uploads\/2025\/04\/IMG_3012-768x1024.jpeg 768w, https:\/\/ottevenyikastely.hu\/wp-content\/uploads\/2025\/04\/IMG_3012-225x300.jpeg 225w, https:\/\/ottevenyikastely.hu\/wp-content\/uploads\/2025\/04\/IMG_3012-1152x1536.jpeg 1152w, https:\/\/ottevenyikastely.hu\/wp-content\/uploads\/2025\/04\/IMG_3012-1536x2048.jpeg 1536w, https:\/\/ottevenyikastely.hu\/wp-content\/uploads\/2025\/04\/IMG_3012-9x12.jpeg 9w, https:\/\/ottevenyikastely.hu\/wp-content\/uploads\/2025\/04\/IMG_3012-scaled.jpeg 1920w\" sizes=\"(max-width: 768px) 100vw, 768px\" title=\"\">\t\t\t\t\t\t\t\t\t\t\t\t\t\t\t<\/div>\n\t\t\t\t<\/div>\n\t\t\t\t<div class=\"elementor-element elementor-element-c2cb82f elementor-widget elementor-widget-image\" data-id=\"c2cb82f\" data-element_type=\"widget\" data-e-type=\"widget\" data-widget_type=\"image.default\">\n\t\t\t\t<div class=\"elementor-widget-container\">\n\t\t\t\t\t\t\t\t\t\t\t\t\t\t\t<img decoding=\"async\" width=\"768\" height=\"1024\" src=\"https:\/\/ottevenyikastely.hu\/wp-content\/uploads\/2025\/04\/IMG_3151-768x1024.jpeg\" class=\"attachment-large size-large wp-image-12545\" alt=\"\" srcset=\"https:\/\/ottevenyikastely.hu\/wp-content\/uploads\/2025\/04\/IMG_3151-768x1024.jpeg 768w, https:\/\/ottevenyikastely.hu\/wp-content\/uploads\/2025\/04\/IMG_3151-225x300.jpeg 225w, https:\/\/ottevenyikastely.hu\/wp-content\/uploads\/2025\/04\/IMG_3151-1152x1536.jpeg 1152w, https:\/\/ottevenyikastely.hu\/wp-content\/uploads\/2025\/04\/IMG_3151-1536x2048.jpeg 1536w, https:\/\/ottevenyikastely.hu\/wp-content\/uploads\/2025\/04\/IMG_3151-9x12.jpeg 9w, https:\/\/ottevenyikastely.hu\/wp-content\/uploads\/2025\/04\/IMG_3151-scaled.jpeg 1920w\" sizes=\"(max-width: 768px) 100vw, 768px\" title=\"\">\t\t\t\t\t\t\t\t\t\t\t\t\t\t\t<\/div>\n\t\t\t\t<\/div>\n\t\t\t\t\t<\/div>\n\t\t\t\t<\/div>\n\t\t<div class=\"elementor-element elementor-element-34adaf1 e-flex e-con-boxed e-con e-parent\" data-id=\"34adaf1\" data-element_type=\"container\" data-e-type=\"container\">\n\t\t\t\t\t<div class=\"e-con-inner\">\n\t\t\t\t<div class=\"elementor-element elementor-element-c0bff79 elementor-widget elementor-widget-spacer\" data-id=\"c0bff79\" data-element_type=\"widget\" data-e-type=\"widget\" data-widget_type=\"spacer.default\">\n\t\t\t\t<div class=\"elementor-widget-container\">\n\t\t\t\t\t\t\t<div class=\"elementor-spacer\">\n\t\t\t<div class=\"elementor-spacer-inner\"><\/div>\n\t\t<\/div>\n\t\t\t\t\t\t<\/div>\n\t\t\t\t<\/div>\n\t\t\t\t\t<\/div>\n\t\t\t\t<\/div>\n\t\t<div class=\"elementor-element elementor-element-3e7e7e4 e-flex e-con-boxed e-con e-parent\" data-id=\"3e7e7e4\" data-element_type=\"container\" data-e-type=\"container\">\n\t\t\t\t\t<div class=\"e-con-inner\">\n\t\t\t\t<div class=\"elementor-element elementor-element-232919e elementor-widget elementor-widget-text-editor\" data-id=\"232919e\" data-element_type=\"widget\" data-e-type=\"widget\" data-widget_type=\"text-editor.default\">\n\t\t\t\t<div class=\"elementor-widget-container\">\n\t\t\t\t\t\t\t\t\t<p>Um auf die hier entstandenen Kunstwerke zu bieten, klicken Sie auf das Bild oder besuchen Sie die <span style=\"text-decoration: underline;\"><strong><a href=\"https:\/\/foldvaryaukcio.hu\" target=\"_blank\" rel=\"noopener\">foldvaryaukcio.hu<\/a><\/strong><\/span> Seite, wenn Sie an weiteren Einzelheiten interessiert sind!<\/p>\t\t\t\t\t\t\t\t<\/div>\n\t\t\t\t<\/div>\n\t\t\t\t\t<\/div>\n\t\t\t\t<\/div>\n\t\t<div class=\"elementor-element elementor-element-de11bba e-grid e-con-boxed e-con e-parent\" data-id=\"de11bba\" data-element_type=\"container\" data-e-type=\"container\">\n\t\t\t\t\t<div class=\"e-con-inner\">\n\t\t\t\t<div class=\"elementor-element elementor-element-683bcb7 elementor-widget elementor-widget-image\" data-id=\"683bcb7\" data-element_type=\"widget\" data-e-type=\"widget\" data-widget_type=\"image.default\">\n\t\t\t\t<div class=\"elementor-widget-container\">\n\t\t\t\t\t\t\t\t\t\t\t\t<figure class=\"wp-caption\">\n\t\t\t\t\t\t\t\t\t\t\t<a href=\"https:\/\/foldvaryaukcio.hu\/items\/247\" target=\"_blank\" rel=\"noopener\">\n\t\t\t\t\t\t\t<img loading=\"lazy\" decoding=\"async\" width=\"137\" height=\"200\" src=\"https:\/\/ottevenyikastely.hu\/wp-content\/uploads\/2025\/04\/thumb-E9VghFnRoWabI2pDFyI9EZ-S7eQZpA3a.jpeg\" class=\"attachment-large size-large wp-image-12793\" alt=\"\" srcset=\"https:\/\/ottevenyikastely.hu\/wp-content\/uploads\/2025\/04\/thumb-E9VghFnRoWabI2pDFyI9EZ-S7eQZpA3a.jpeg 137w, https:\/\/ottevenyikastely.hu\/wp-content\/uploads\/2025\/04\/thumb-E9VghFnRoWabI2pDFyI9EZ-S7eQZpA3a-8x12.jpeg 8w\" sizes=\"(max-width: 137px) 100vw, 137px\" title=\"\">\t\t\t\t\t\t\t\t<\/a>\n\t\t\t\t\t\t\t\t\t\t\t<figcaption class=\"widget-image-caption wp-caption-text\">hier klicken<\/figcaption>\n\t\t\t\t\t\t\t\t\t\t<\/figure>\n\t\t\t\t\t\t\t\t\t<\/div>\n\t\t\t\t<\/div>\n\t\t\t\t<div class=\"elementor-element elementor-element-34d4acf elementor-widget elementor-widget-image\" data-id=\"34d4acf\" data-element_type=\"widget\" data-e-type=\"widget\" data-widget_type=\"image.default\">\n\t\t\t\t<div class=\"elementor-widget-container\">\n\t\t\t\t\t\t\t\t\t\t\t\t<figure class=\"wp-caption\">\n\t\t\t\t\t\t\t\t\t\t\t<a href=\"https:\/\/foldvaryaukcio.hu\/items\/246\" target=\"_blank\" rel=\"noopener\">\n\t\t\t\t\t\t\t<img loading=\"lazy\" decoding=\"async\" width=\"141\" height=\"200\" src=\"https:\/\/ottevenyikastely.hu\/wp-content\/uploads\/2025\/04\/thumb-sdWLdsQyqLdE7CDgNZNSpuU4ANFXR1QY.jpeg\" class=\"attachment-large size-large wp-image-12794\" alt=\"\" srcset=\"https:\/\/ottevenyikastely.hu\/wp-content\/uploads\/2025\/04\/thumb-sdWLdsQyqLdE7CDgNZNSpuU4ANFXR1QY.jpeg 141w, https:\/\/ottevenyikastely.hu\/wp-content\/uploads\/2025\/04\/thumb-sdWLdsQyqLdE7CDgNZNSpuU4ANFXR1QY-8x12.jpeg 8w\" sizes=\"(max-width: 141px) 100vw, 141px\" title=\"\">\t\t\t\t\t\t\t\t<\/a>\n\t\t\t\t\t\t\t\t\t\t\t<figcaption class=\"widget-image-caption wp-caption-text\">hier klicken<\/figcaption>\n\t\t\t\t\t\t\t\t\t\t<\/figure>\n\t\t\t\t\t\t\t\t\t<\/div>\n\t\t\t\t<\/div>\n\t\t\t\t<div class=\"elementor-element elementor-element-8ac827d elementor-widget elementor-widget-image\" data-id=\"8ac827d\" data-element_type=\"widget\" data-e-type=\"widget\" data-widget_type=\"image.default\">\n\t\t\t\t<div class=\"elementor-widget-container\">\n\t\t\t\t\t\t\t\t\t\t\t\t<figure class=\"wp-caption\">\n\t\t\t\t\t\t\t\t\t\t\t<a href=\"https:\/\/foldvaryaukcio.hu\/items\/248\" target=\"_blank\" rel=\"noopener\">\n\t\t\t\t\t\t\t<img loading=\"lazy\" decoding=\"async\" width=\"140\" height=\"200\" src=\"https:\/\/ottevenyikastely.hu\/wp-content\/uploads\/2025\/04\/thumb-u0XcSbhjrCPpe25DfMsMR3adbHLGGBTM.jpeg\" class=\"attachment-large size-large wp-image-12795\" alt=\"\" srcset=\"https:\/\/ottevenyikastely.hu\/wp-content\/uploads\/2025\/04\/thumb-u0XcSbhjrCPpe25DfMsMR3adbHLGGBTM.jpeg 140w, https:\/\/ottevenyikastely.hu\/wp-content\/uploads\/2025\/04\/thumb-u0XcSbhjrCPpe25DfMsMR3adbHLGGBTM-8x12.jpeg 8w\" sizes=\"(max-width: 140px) 100vw, 140px\" title=\"\">\t\t\t\t\t\t\t\t<\/a>\n\t\t\t\t\t\t\t\t\t\t\t<figcaption class=\"widget-image-caption wp-caption-text\">hier klicken<\/figcaption>\n\t\t\t\t\t\t\t\t\t\t<\/figure>\n\t\t\t\t\t\t\t\t\t<\/div>\n\t\t\t\t<\/div>\n\t\t\t\t<div class=\"elementor-element elementor-element-d0d4896 elementor-widget elementor-widget-image\" data-id=\"d0d4896\" data-element_type=\"widget\" data-e-type=\"widget\" data-widget_type=\"image.default\">\n\t\t\t\t<div class=\"elementor-widget-container\">\n\t\t\t\t\t\t\t\t\t\t\t\t<figure class=\"wp-caption\">\n\t\t\t\t\t\t\t\t\t\t\t<a href=\"https:\/\/foldvaryaukcio.hu\/items\/252\" target=\"_blank\" rel=\"noopener\">\n\t\t\t\t\t\t\t<img loading=\"lazy\" decoding=\"async\" width=\"195\" height=\"200\" src=\"https:\/\/ottevenyikastely.hu\/wp-content\/uploads\/2025\/04\/thumb-VJJxbnR1oDAgpRMQTMo0BYCzP4nb0yNB.jpeg\" class=\"attachment-large size-large wp-image-12796\" alt=\"\" srcset=\"https:\/\/ottevenyikastely.hu\/wp-content\/uploads\/2025\/04\/thumb-VJJxbnR1oDAgpRMQTMo0BYCzP4nb0yNB.jpeg 195w, https:\/\/ottevenyikastely.hu\/wp-content\/uploads\/2025\/04\/thumb-VJJxbnR1oDAgpRMQTMo0BYCzP4nb0yNB-12x12.jpeg 12w\" sizes=\"(max-width: 195px) 100vw, 195px\" title=\"\">\t\t\t\t\t\t\t\t<\/a>\n\t\t\t\t\t\t\t\t\t\t\t<figcaption class=\"widget-image-caption wp-caption-text\">hier klicken<\/figcaption>\n\t\t\t\t\t\t\t\t\t\t<\/figure>\n\t\t\t\t\t\t\t\t\t<\/div>\n\t\t\t\t<\/div>\n\t\t\t\t<div class=\"elementor-element elementor-element-e7c8158 elementor-widget elementor-widget-image\" data-id=\"e7c8158\" data-element_type=\"widget\" data-e-type=\"widget\" data-widget_type=\"image.default\">\n\t\t\t\t<div class=\"elementor-widget-container\">\n\t\t\t\t\t\t\t\t\t\t\t\t<figure class=\"wp-caption\">\n\t\t\t\t\t\t\t\t\t\t\t<a href=\"https:\/\/foldvaryaukcio.hu\/items\/253\" target=\"_blank\" rel=\"noopener\">\n\t\t\t\t\t\t\t<img loading=\"lazy\" decoding=\"async\" width=\"199\" height=\"200\" src=\"https:\/\/ottevenyikastely.hu\/wp-content\/uploads\/2025\/04\/thumb-zEGaP-vcuomKGwq-_s90pCwr7az4dNdA.jpeg\" class=\"attachment-large size-large wp-image-12797\" alt=\"\" srcset=\"https:\/\/ottevenyikastely.hu\/wp-content\/uploads\/2025\/04\/thumb-zEGaP-vcuomKGwq-_s90pCwr7az4dNdA.jpeg 199w, https:\/\/ottevenyikastely.hu\/wp-content\/uploads\/2025\/04\/thumb-zEGaP-vcuomKGwq-_s90pCwr7az4dNdA-150x150.jpeg 150w, https:\/\/ottevenyikastely.hu\/wp-content\/uploads\/2025\/04\/thumb-zEGaP-vcuomKGwq-_s90pCwr7az4dNdA-12x12.jpeg 12w\" sizes=\"(max-width: 199px) 100vw, 199px\" title=\"\">\t\t\t\t\t\t\t\t<\/a>\n\t\t\t\t\t\t\t\t\t\t\t<figcaption class=\"widget-image-caption wp-caption-text\">hier klicken<\/figcaption>\n\t\t\t\t\t\t\t\t\t\t<\/figure>\n\t\t\t\t\t\t\t\t\t<\/div>\n\t\t\t\t<\/div>\n\t\t\t\t\t<\/div>\n\t\t\t\t<\/div>\n\t\t<div class=\"elementor-element elementor-element-85b5be5 e-flex e-con-boxed e-con e-parent\" data-id=\"85b5be5\" data-element_type=\"container\" data-e-type=\"container\">\n\t\t\t\t\t<div class=\"e-con-inner\">\n\t\t\t\t<div class=\"elementor-element elementor-element-9b831fc elementor-align-right elementor-widget elementor-widget-button\" data-id=\"9b831fc\" data-element_type=\"widget\" data-e-type=\"widget\" data-widget_type=\"button.default\">\n\t\t\t\t<div class=\"elementor-widget-container\">\n\t\t\t\t\t\t\t\t\t<div class=\"elementor-button-wrapper\">\n\t\t\t\t\t<a class=\"elementor-button elementor-button-link elementor-size-sm\" href=\"https:\/\/virag-galeria.hu\" id=\"https:\/\/virag-galeria.hu\" target=\"_blank\" rel=\"noopener\">\n\t\t\t\t\t\t<span class=\"elementor-button-content-wrapper\">\n\t\t\t\t\t\t\t\t\t<span class=\"elementor-button-text\">Eigene Webseite des K\u00fcnstlers<\/span>\n\t\t\t\t\t<\/span>\n\t\t\t\t\t<\/a>\n\t\t\t\t<\/div>\n\t\t\t\t\t\t\t\t<\/div>\n\t\t\t\t<\/div>\n\t\t\t\t\t<\/div>\n\t\t\t\t<\/div>\n\t\t\t\t<\/div>","protected":false},"excerpt":{"rendered":"<p>Ist\u00f3k Bernadett kort\u00e1rs magyar fest\u0151m\u0171v\u00e9sz, aki nagym\u00e9ret\u0171, dekorat\u00edv vir\u00e1gfestm\u00e9nyeir\u0151l ismert. M\u0171veiben a term\u00e9szet ir\u00e1nti m\u00e9ly szeretet \u00e9s ismeret t\u00fckr\u00f6z\u0151dik, inspir\u00e1ci\u00f3j\u00e1t gyakran a n\u00f6v\u00e9nyek kult\u00fart\u00f6rt\u00e9net\u00e9b\u0151l mer\u00edti. Festm\u00e9nyein el\u0151fordul, hogy vir\u00e1gok \u00e9s \u00e1llatok kombin\u00e1ci\u00f3j\u00e1val \u00faj, sz\u00fcrre\u00e1lis l\u00e9nyeket hoz l\u00e9tre, j\u00e1t\u00e9kos \u00e9s pozit\u00edv hangulatot k\u00f6zvet\u00edtve. Alkot\u00e1sai megtekinthet\u0151k a Vir\u00e1g Gal\u00e9ria honlapj\u00e1n, valamint akt\u00edv jelenl\u00e9ttel b\u00edr a k\u00f6z\u00f6ss\u00e9gi m\u00e9di\u00e1ban [&hellip;]<\/p>","protected":false},"author":7,"featured_media":0,"parent":0,"menu_order":0,"comment_status":"closed","ping_status":"closed","template":"","meta":{"footnotes":""},"class_list":["post-12326","page","type-page","status-publish","hentry","entry"],"_links":{"self":[{"href":"https:\/\/ottevenyikastely.hu\/de\/wp-json\/wp\/v2\/pages\/12326","targetHints":{"allow":["GET"]}}],"collection":[{"href":"https:\/\/ottevenyikastely.hu\/de\/wp-json\/wp\/v2\/pages"}],"about":[{"href":"https:\/\/ottevenyikastely.hu\/de\/wp-json\/wp\/v2\/types\/page"}],"author":[{"embeddable":true,"href":"https:\/\/ottevenyikastely.hu\/de\/wp-json\/wp\/v2\/users\/7"}],"replies":[{"embeddable":true,"href":"https:\/\/ottevenyikastely.hu\/de\/wp-json\/wp\/v2\/comments?post=12326"}],"version-history":[{"count":13,"href":"https:\/\/ottevenyikastely.hu\/de\/wp-json\/wp\/v2\/pages\/12326\/revisions"}],"predecessor-version":[{"id":13410,"href":"https:\/\/ottevenyikastely.hu\/de\/wp-json\/wp\/v2\/pages\/12326\/revisions\/13410"}],"wp:attachment":[{"href":"https:\/\/ottevenyikastely.hu\/de\/wp-json\/wp\/v2\/media?parent=12326"}],"curies":[{"name":"wp","href":"https:\/\/api.w.org\/{rel}","templated":true}]}}