{"id":12342,"date":"2025-04-12T09:24:04","date_gmt":"2025-04-12T07:24:04","guid":{"rendered":"https:\/\/ottevenyikastely.hu\/?page_id=12342"},"modified":"2025-05-18T11:57:00","modified_gmt":"2025-05-18T09:57:00","slug":"korbflechterei-istvan","status":"publish","type":"page","link":"https:\/\/ottevenyikastely.hu\/de\/korbflechterei-istvan\/","title":{"rendered":"Istv\u00e1n Korbely"},"content":{"rendered":"<div data-elementor-type=\"wp-page\" data-elementor-id=\"12342\" class=\"elementor elementor-12342\" data-elementor-post-type=\"page\">\n\t\t\t\t<div class=\"elementor-element elementor-element-b6c774f e-flex e-con-boxed e-con e-parent\" data-id=\"b6c774f\" data-element_type=\"container\" data-e-type=\"container\">\n\t\t\t\t\t<div class=\"e-con-inner\">\n\t\t\t\t<div class=\"elementor-element elementor-element-8ed4e0f elementor-widget elementor-widget-heading\" data-id=\"8ed4e0f\" data-element_type=\"widget\" data-e-type=\"widget\" data-widget_type=\"heading.default\">\n\t\t\t\t<div class=\"elementor-widget-container\">\n\t\t\t\t\t<h2 class=\"elementor-heading-title elementor-size-default\">Istv\u00e1n Korbely<\/h2>\t\t\t\t<\/div>\n\t\t\t\t<\/div>\n\t\t\t\t\t<\/div>\n\t\t\t\t<\/div>\n\t\t<div class=\"elementor-element elementor-element-f78e591 e-flex e-con-boxed e-con e-parent\" data-id=\"f78e591\" data-element_type=\"container\" data-e-type=\"container\">\n\t\t\t\t\t<div class=\"e-con-inner\">\n\t\t\t\t<div class=\"elementor-element elementor-element-5644da7 elementor-widget elementor-widget-image\" data-id=\"5644da7\" data-element_type=\"widget\" data-e-type=\"widget\" data-widget_type=\"image.default\">\n\t\t\t\t<div class=\"elementor-widget-container\">\n\t\t\t\t\t\t\t\t\t\t\t\t\t\t\t<img fetchpriority=\"high\" decoding=\"async\" width=\"1024\" height=\"768\" src=\"https:\/\/ottevenyikastely.hu\/wp-content\/uploads\/2025\/04\/IMG_3687-1024x768.jpg\" class=\"attachment-large size-large wp-image-12863\" alt=\"\" srcset=\"https:\/\/ottevenyikastely.hu\/wp-content\/uploads\/2025\/04\/IMG_3687-1024x768.jpg 1024w, https:\/\/ottevenyikastely.hu\/wp-content\/uploads\/2025\/04\/IMG_3687-300x225.jpg 300w, https:\/\/ottevenyikastely.hu\/wp-content\/uploads\/2025\/04\/IMG_3687-768x576.jpg 768w, https:\/\/ottevenyikastely.hu\/wp-content\/uploads\/2025\/04\/IMG_3687-1536x1152.jpg 1536w, https:\/\/ottevenyikastely.hu\/wp-content\/uploads\/2025\/04\/IMG_3687-16x12.jpg 16w, https:\/\/ottevenyikastely.hu\/wp-content\/uploads\/2025\/04\/IMG_3687.jpg 1600w\" sizes=\"(max-width: 1024px) 100vw, 1024px\" title=\"\">\t\t\t\t\t\t\t\t\t\t\t\t\t\t\t<\/div>\n\t\t\t\t<\/div>\n\t\t\t\t\t<\/div>\n\t\t\t\t<\/div>\n\t\t<div class=\"elementor-element elementor-element-4771e68 e-flex e-con-boxed e-con e-parent\" data-id=\"4771e68\" data-element_type=\"container\" data-e-type=\"container\">\n\t\t\t\t\t<div class=\"e-con-inner\">\n\t\t\t\t<div class=\"elementor-element elementor-element-1623c81 elementor-widget elementor-widget-text-editor\" data-id=\"1623c81\" data-element_type=\"widget\" data-e-type=\"widget\" data-widget_type=\"text-editor.default\">\n\t\t\t\t<div class=\"elementor-widget-container\">\n\t\t\t\t\t\t\t\t\t<p>Als professioneller K\u00fcnstler in Ungarn sind seine Werke ausschlie\u00dflich in der Havas Art Agency and Gallery, in Galerien in Miskolc, Budapest und Sz\u00e9kesfeh\u00e9rv\u00e1r sowie in Institutionen und in den Privatsammlungen zahlreicher Sammler zu finden. Ich wurde am 29. Juni 1960 in Szarvas geboren, wo ich auch heute noch lebe und arbeite. Meine Lehrmeister waren P\u00e1l Gerzson und J\u00e1nos Aknay. 1999 wurde ich in den Nationalen Verband Ungarischer K\u00fcnstler aufgenommen, au\u00dferdem bin ich Mitglied des Stuttgarter K\u00fcnstlervereins und des Kunstvereins des Komitats B\u00e9k\u00e9s. 1996 bis 2000 war ich k\u00fcnstlerischer Leiter der Freien Schule des Komitats B\u00e9k\u00e9s, seit 2005 bin ich Kunstlehrer im Szarvaser K\u00fcnstlerkreis. Ich gebe regelm\u00e4\u00dfig Malkurse in Szentendre, Nagykanizsa und P\u00e9cs. Als professionelle K\u00fcnstlerin sind meine Werke in zahlreichen Galerien, Institutionen und Privatsammlungen in Ungarn und im Ausland zu finden.<\/p>\t\t\t\t\t\t\t\t<\/div>\n\t\t\t\t<\/div>\n\t\t\t\t\t<\/div>\n\t\t\t\t<\/div>\n\t\t<div class=\"elementor-element elementor-element-df5ce63 e-flex e-con-boxed e-con e-parent\" data-id=\"df5ce63\" data-element_type=\"container\" data-e-type=\"container\">\n\t\t\t\t\t<div class=\"e-con-inner\">\n\t\t\t\t<div class=\"elementor-element elementor-element-b8a929f elementor-widget elementor-widget-video\" data-id=\"b8a929f\" data-element_type=\"widget\" data-e-type=\"widget\" data-settings=\"{&quot;youtube_url&quot;:&quot;https:\\\/\\\/www.youtube.com\\\/embed\\\/WwDvy_id-Hg?si=bNsauleU_AqwaenS&quot;,&quot;video_type&quot;:&quot;youtube&quot;,&quot;controls&quot;:&quot;yes&quot;}\" data-widget_type=\"video.default\">\n\t\t\t\t<div class=\"elementor-widget-container\">\n\t\t\t\t\t\t\t<div class=\"elementor-wrapper elementor-open-inline\">\n\t\t\t<div class=\"elementor-video\"><\/div>\t\t<\/div>\n\t\t\t\t\t\t<\/div>\n\t\t\t\t<\/div>\n\t\t\t\t\t<\/div>\n\t\t\t\t<\/div>\n\t\t<div class=\"elementor-element elementor-element-a46236f e-grid e-con-boxed e-con e-parent\" data-id=\"a46236f\" data-element_type=\"container\" data-e-type=\"container\">\n\t\t\t\t\t<div class=\"e-con-inner\">\n\t\t\t\t<div class=\"elementor-element elementor-element-4b9f8cc elementor-widget elementor-widget-image\" data-id=\"4b9f8cc\" data-element_type=\"widget\" data-e-type=\"widget\" data-widget_type=\"image.default\">\n\t\t\t\t<div class=\"elementor-widget-container\">\n\t\t\t\t\t\t\t\t\t\t\t\t\t\t\t<img decoding=\"async\" width=\"768\" height=\"1024\" src=\"https:\/\/ottevenyikastely.hu\/wp-content\/uploads\/2025\/04\/IMG_3349-768x1024.jpeg\" class=\"attachment-large size-large wp-image-12864\" alt=\"\" srcset=\"https:\/\/ottevenyikastely.hu\/wp-content\/uploads\/2025\/04\/IMG_3349-768x1024.jpeg 768w, https:\/\/ottevenyikastely.hu\/wp-content\/uploads\/2025\/04\/IMG_3349-225x300.jpeg 225w, https:\/\/ottevenyikastely.hu\/wp-content\/uploads\/2025\/04\/IMG_3349-1152x1536.jpeg 1152w, https:\/\/ottevenyikastely.hu\/wp-content\/uploads\/2025\/04\/IMG_3349-1536x2048.jpeg 1536w, https:\/\/ottevenyikastely.hu\/wp-content\/uploads\/2025\/04\/IMG_3349-9x12.jpeg 9w, https:\/\/ottevenyikastely.hu\/wp-content\/uploads\/2025\/04\/IMG_3349-scaled.jpeg 1920w\" sizes=\"(max-width: 768px) 100vw, 768px\" title=\"\">\t\t\t\t\t\t\t\t\t\t\t\t\t\t\t<\/div>\n\t\t\t\t<\/div>\n\t\t\t\t<div class=\"elementor-element elementor-element-401f0db elementor-widget elementor-widget-image\" data-id=\"401f0db\" data-element_type=\"widget\" data-e-type=\"widget\" data-widget_type=\"image.default\">\n\t\t\t\t<div class=\"elementor-widget-container\">\n\t\t\t\t\t\t\t\t\t\t\t\t\t\t\t<img decoding=\"async\" width=\"768\" height=\"1024\" src=\"https:\/\/ottevenyikastely.hu\/wp-content\/uploads\/2025\/04\/IMG_3432-768x1024.jpeg\" class=\"attachment-large size-large wp-image-12865\" alt=\"\" srcset=\"https:\/\/ottevenyikastely.hu\/wp-content\/uploads\/2025\/04\/IMG_3432-768x1024.jpeg 768w, https:\/\/ottevenyikastely.hu\/wp-content\/uploads\/2025\/04\/IMG_3432-225x300.jpeg 225w, https:\/\/ottevenyikastely.hu\/wp-content\/uploads\/2025\/04\/IMG_3432-1152x1536.jpeg 1152w, https:\/\/ottevenyikastely.hu\/wp-content\/uploads\/2025\/04\/IMG_3432-1536x2048.jpeg 1536w, https:\/\/ottevenyikastely.hu\/wp-content\/uploads\/2025\/04\/IMG_3432-9x12.jpeg 9w, https:\/\/ottevenyikastely.hu\/wp-content\/uploads\/2025\/04\/IMG_3432-scaled.jpeg 1920w\" sizes=\"(max-width: 768px) 100vw, 768px\" title=\"\">\t\t\t\t\t\t\t\t\t\t\t\t\t\t\t<\/div>\n\t\t\t\t<\/div>\n\t\t\t\t<div class=\"elementor-element elementor-element-14690d3 elementor-widget elementor-widget-image\" data-id=\"14690d3\" data-element_type=\"widget\" data-e-type=\"widget\" data-widget_type=\"image.default\">\n\t\t\t\t<div class=\"elementor-widget-container\">\n\t\t\t\t\t\t\t\t\t\t\t\t\t\t\t<img loading=\"lazy\" decoding=\"async\" width=\"768\" height=\"1024\" src=\"https:\/\/ottevenyikastely.hu\/wp-content\/uploads\/2025\/04\/IMG_3460-768x1024.jpeg\" class=\"attachment-large size-large wp-image-12866\" alt=\"\" srcset=\"https:\/\/ottevenyikastely.hu\/wp-content\/uploads\/2025\/04\/IMG_3460-768x1024.jpeg 768w, https:\/\/ottevenyikastely.hu\/wp-content\/uploads\/2025\/04\/IMG_3460-225x300.jpeg 225w, https:\/\/ottevenyikastely.hu\/wp-content\/uploads\/2025\/04\/IMG_3460-1152x1536.jpeg 1152w, https:\/\/ottevenyikastely.hu\/wp-content\/uploads\/2025\/04\/IMG_3460-1536x2048.jpeg 1536w, https:\/\/ottevenyikastely.hu\/wp-content\/uploads\/2025\/04\/IMG_3460-9x12.jpeg 9w, https:\/\/ottevenyikastely.hu\/wp-content\/uploads\/2025\/04\/IMG_3460-scaled.jpeg 1920w\" sizes=\"(max-width: 768px) 100vw, 768px\" title=\"\">\t\t\t\t\t\t\t\t\t\t\t\t\t\t\t<\/div>\n\t\t\t\t<\/div>\n\t\t\t\t\t<\/div>\n\t\t\t\t<\/div>\n\t\t<div class=\"elementor-element elementor-element-5104be6 e-flex e-con-boxed e-con e-parent\" data-id=\"5104be6\" data-element_type=\"container\" data-e-type=\"container\">\n\t\t\t\t\t<div class=\"e-con-inner\">\n\t\t\t\t<div class=\"elementor-element elementor-element-a3c3ee9 elementor-widget elementor-widget-spacer\" data-id=\"a3c3ee9\" data-element_type=\"widget\" data-e-type=\"widget\" data-widget_type=\"spacer.default\">\n\t\t\t\t<div class=\"elementor-widget-container\">\n\t\t\t\t\t\t\t<div class=\"elementor-spacer\">\n\t\t\t<div class=\"elementor-spacer-inner\"><\/div>\n\t\t<\/div>\n\t\t\t\t\t\t<\/div>\n\t\t\t\t<\/div>\n\t\t\t\t\t<\/div>\n\t\t\t\t<\/div>\n\t\t<div class=\"elementor-element elementor-element-77a0fd0 e-flex e-con-boxed e-con e-parent\" data-id=\"77a0fd0\" data-element_type=\"container\" data-e-type=\"container\">\n\t\t\t\t\t<div class=\"e-con-inner\">\n\t\t\t\t<div class=\"elementor-element elementor-element-cd561a5 elementor-widget elementor-widget-text-editor\" data-id=\"cd561a5\" data-element_type=\"widget\" data-e-type=\"widget\" data-widget_type=\"text-editor.default\">\n\t\t\t\t<div class=\"elementor-widget-container\">\n\t\t\t\t\t\t\t\t\t<p>Um auf die hier entstandenen Kunstwerke zu bieten, klicken Sie auf das Bild oder besuchen Sie die <span style=\"text-decoration: underline;\"><strong><a href=\"https:\/\/foldvaryaukcio.hu\" target=\"_blank\" rel=\"noopener\">foldvaryaukcio.hu<\/a><\/strong><\/span> Seite, wenn Sie an weiteren Einzelheiten interessiert sind!<\/p>\t\t\t\t\t\t\t\t<\/div>\n\t\t\t\t<\/div>\n\t\t\t\t\t<\/div>\n\t\t\t\t<\/div>\n\t\t<div class=\"elementor-element elementor-element-31d1288 e-grid e-con-boxed e-con e-parent\" data-id=\"31d1288\" data-element_type=\"container\" data-e-type=\"container\">\n\t\t\t\t\t<div class=\"e-con-inner\">\n\t\t\t\t<div class=\"elementor-element elementor-element-df15d42 elementor-widget elementor-widget-image\" data-id=\"df15d42\" data-element_type=\"widget\" data-e-type=\"widget\" data-widget_type=\"image.default\">\n\t\t\t\t<div class=\"elementor-widget-container\">\n\t\t\t\t\t\t\t\t\t\t\t\t<figure class=\"wp-caption\">\n\t\t\t\t\t\t\t\t\t\t\t<a href=\"https:\/\/foldvaryaukcio.hu\/items\/193\" target=\"_blank\" rel=\"noopener\">\n\t\t\t\t\t\t\t<img loading=\"lazy\" decoding=\"async\" width=\"767\" height=\"1024\" src=\"https:\/\/ottevenyikastely.hu\/wp-content\/uploads\/2025\/04\/Korbely-Istvan-193-767x1024.jpeg\" class=\"attachment-large size-large wp-image-12860\" alt=\"\" srcset=\"https:\/\/ottevenyikastely.hu\/wp-content\/uploads\/2025\/04\/Korbely-Istvan-193-767x1024.jpeg 767w, https:\/\/ottevenyikastely.hu\/wp-content\/uploads\/2025\/04\/Korbely-Istvan-193-225x300.jpeg 225w, https:\/\/ottevenyikastely.hu\/wp-content\/uploads\/2025\/04\/Korbely-Istvan-193-768x1026.jpeg 768w, https:\/\/ottevenyikastely.hu\/wp-content\/uploads\/2025\/04\/Korbely-Istvan-193-1150x1536.jpeg 1150w, https:\/\/ottevenyikastely.hu\/wp-content\/uploads\/2025\/04\/Korbely-Istvan-193-1533x2048.jpeg 1533w, https:\/\/ottevenyikastely.hu\/wp-content\/uploads\/2025\/04\/Korbely-Istvan-193-9x12.jpeg 9w, https:\/\/ottevenyikastely.hu\/wp-content\/uploads\/2025\/04\/Korbely-Istvan-193-scaled.jpeg 1916w\" sizes=\"(max-width: 767px) 100vw, 767px\" title=\"\">\t\t\t\t\t\t\t\t<\/a>\n\t\t\t\t\t\t\t\t\t\t\t<figcaption class=\"widget-image-caption wp-caption-text\">hier klicken<\/figcaption>\n\t\t\t\t\t\t\t\t\t\t<\/figure>\n\t\t\t\t\t\t\t\t\t<\/div>\n\t\t\t\t<\/div>\n\t\t\t\t<div class=\"elementor-element elementor-element-eb2e9e5 elementor-widget elementor-widget-image\" data-id=\"eb2e9e5\" data-element_type=\"widget\" data-e-type=\"widget\" data-widget_type=\"image.default\">\n\t\t\t\t<div class=\"elementor-widget-container\">\n\t\t\t\t\t\t\t\t\t\t\t\t<figure class=\"wp-caption\">\n\t\t\t\t\t\t\t\t\t\t\t<a href=\"https:\/\/foldvaryaukcio.hu\/items\/195\" target=\"_blank\" rel=\"noopener\">\n\t\t\t\t\t\t\t<img loading=\"lazy\" decoding=\"async\" width=\"867\" height=\"1024\" src=\"https:\/\/ottevenyikastely.hu\/wp-content\/uploads\/2025\/04\/Korbely-Istvan-195-867x1024.jpeg\" class=\"attachment-large size-large wp-image-12862\" alt=\"\" srcset=\"https:\/\/ottevenyikastely.hu\/wp-content\/uploads\/2025\/04\/Korbely-Istvan-195-867x1024.jpeg 867w, https:\/\/ottevenyikastely.hu\/wp-content\/uploads\/2025\/04\/Korbely-Istvan-195-254x300.jpeg 254w, https:\/\/ottevenyikastely.hu\/wp-content\/uploads\/2025\/04\/Korbely-Istvan-195-768x907.jpeg 768w, https:\/\/ottevenyikastely.hu\/wp-content\/uploads\/2025\/04\/Korbely-Istvan-195-1301x1536.jpeg 1301w, https:\/\/ottevenyikastely.hu\/wp-content\/uploads\/2025\/04\/Korbely-Istvan-195-1735x2048.jpeg 1735w, https:\/\/ottevenyikastely.hu\/wp-content\/uploads\/2025\/04\/Korbely-Istvan-195-10x12.jpeg 10w\" sizes=\"(max-width: 867px) 100vw, 867px\" title=\"\">\t\t\t\t\t\t\t\t<\/a>\n\t\t\t\t\t\t\t\t\t\t\t<figcaption class=\"widget-image-caption wp-caption-text\">hier klicken<\/figcaption>\n\t\t\t\t\t\t\t\t\t\t<\/figure>\n\t\t\t\t\t\t\t\t\t<\/div>\n\t\t\t\t<\/div>\n\t\t\t\t<div class=\"elementor-element elementor-element-1ef1e24 elementor-widget elementor-widget-image\" data-id=\"1ef1e24\" data-element_type=\"widget\" data-e-type=\"widget\" data-widget_type=\"image.default\">\n\t\t\t\t<div class=\"elementor-widget-container\">\n\t\t\t\t\t\t\t\t\t\t\t\t<figure class=\"wp-caption\">\n\t\t\t\t\t\t\t\t\t\t\t<a href=\"https:\/\/foldvaryaukcio.hu\/items\/194\" target=\"_blank\" rel=\"noopener\">\n\t\t\t\t\t\t\t<img loading=\"lazy\" decoding=\"async\" width=\"693\" height=\"1024\" src=\"https:\/\/ottevenyikastely.hu\/wp-content\/uploads\/2025\/04\/Korbely-Istvan-194-693x1024.jpeg\" class=\"attachment-large size-large wp-image-12861\" alt=\"\" srcset=\"https:\/\/ottevenyikastely.hu\/wp-content\/uploads\/2025\/04\/Korbely-Istvan-194-693x1024.jpeg 693w, https:\/\/ottevenyikastely.hu\/wp-content\/uploads\/2025\/04\/Korbely-Istvan-194-203x300.jpeg 203w, https:\/\/ottevenyikastely.hu\/wp-content\/uploads\/2025\/04\/Korbely-Istvan-194-768x1135.jpeg 768w, https:\/\/ottevenyikastely.hu\/wp-content\/uploads\/2025\/04\/Korbely-Istvan-194-1040x1536.jpeg 1040w, https:\/\/ottevenyikastely.hu\/wp-content\/uploads\/2025\/04\/Korbely-Istvan-194-1386x2048.jpeg 1386w, https:\/\/ottevenyikastely.hu\/wp-content\/uploads\/2025\/04\/Korbely-Istvan-194-8x12.jpeg 8w, https:\/\/ottevenyikastely.hu\/wp-content\/uploads\/2025\/04\/Korbely-Istvan-194-scaled.jpeg 1733w\" sizes=\"(max-width: 693px) 100vw, 693px\" title=\"\">\t\t\t\t\t\t\t\t<\/a>\n\t\t\t\t\t\t\t\t\t\t\t<figcaption class=\"widget-image-caption wp-caption-text\">hier klicken<\/figcaption>\n\t\t\t\t\t\t\t\t\t\t<\/figure>\n\t\t\t\t\t\t\t\t\t<\/div>\n\t\t\t\t<\/div>\n\t\t\t\t\t<\/div>\n\t\t\t\t<\/div>\n\t\t<div class=\"elementor-element elementor-element-39b0038 e-flex e-con-boxed e-con e-parent\" data-id=\"39b0038\" data-element_type=\"container\" data-e-type=\"container\">\n\t\t\t\t\t<div class=\"e-con-inner\">\n\t\t\t\t<div class=\"elementor-element elementor-element-4798a49 elementor-align-right elementor-widget elementor-widget-button\" data-id=\"4798a49\" data-element_type=\"widget\" data-e-type=\"widget\" data-widget_type=\"button.default\">\n\t\t\t\t<div class=\"elementor-widget-container\">\n\t\t\t\t\t\t\t\t\t<div class=\"elementor-button-wrapper\">\n\t\t\t\t\t<a class=\"elementor-button elementor-button-link elementor-size-sm\" href=\"https:\/\/korbelyistvan.com\" id=\"https:\/\/korbelyistvan.com\" target=\"_blank\" rel=\"noopener\">\n\t\t\t\t\t\t<span class=\"elementor-button-content-wrapper\">\n\t\t\t\t\t\t\t\t\t<span class=\"elementor-button-text\">Webseite des K\u00fcnstlers<\/span>\n\t\t\t\t\t<\/span>\n\t\t\t\t\t<\/a>\n\t\t\t\t<\/div>\n\t\t\t\t\t\t\t\t<\/div>\n\t\t\t\t<\/div>\n\t\t\t\t\t<\/div>\n\t\t\t\t<\/div>\n\t\t\t\t<\/div>","protected":false},"excerpt":{"rendered":"<p>Korbely Istv\u00e1n Hivat\u00e1sos alkot\u00f3m\u0171v\u00e9szk\u00e9nt Magyarorsz\u00e1gon, kiz\u00e1r\u00f3lag a Havas m\u0171v\u00e9szeti \u00fcgyn\u00f6ks\u00e9g \u00e9s gal\u00e9ria, miskolci, budapesti \u00e9s sz\u00e9kesfeh\u00e9rv\u00e1ri gal\u00e9ri\u00e1ban, valamint int\u00e9zm\u00e9nyekben \u00e9s sz\u00e1mos gy\u0171jt\u0151 mag\u00e1ntulajdon\u00e1ba tal\u00e1lhat\u00f3k meg a m\u0171vei. 1960. j\u00fanius 29-\u00e9n sz\u00fclettem Szarvason, itt \u00e9lek \u00e9s alkotok ma is. Mestereim Gerzson P\u00e1l \u00e9s Aknay J\u00e1nos voltak. 1999-ben felvettek a Magyar Alkot\u00f3m\u0171v\u00e9szek Orsz\u00e1gos Egyes\u00fclet\u00e9be, emellett tagja vagyok [&hellip;]<\/p>","protected":false},"author":7,"featured_media":0,"parent":0,"menu_order":0,"comment_status":"closed","ping_status":"closed","template":"","meta":{"footnotes":""},"class_list":["post-12342","page","type-page","status-publish","hentry","entry"],"_links":{"self":[{"href":"https:\/\/ottevenyikastely.hu\/de\/wp-json\/wp\/v2\/pages\/12342","targetHints":{"allow":["GET"]}}],"collection":[{"href":"https:\/\/ottevenyikastely.hu\/de\/wp-json\/wp\/v2\/pages"}],"about":[{"href":"https:\/\/ottevenyikastely.hu\/de\/wp-json\/wp\/v2\/types\/page"}],"author":[{"embeddable":true,"href":"https:\/\/ottevenyikastely.hu\/de\/wp-json\/wp\/v2\/users\/7"}],"replies":[{"embeddable":true,"href":"https:\/\/ottevenyikastely.hu\/de\/wp-json\/wp\/v2\/comments?post=12342"}],"version-history":[{"count":16,"href":"https:\/\/ottevenyikastely.hu\/de\/wp-json\/wp\/v2\/pages\/12342\/revisions"}],"predecessor-version":[{"id":13428,"href":"https:\/\/ottevenyikastely.hu\/de\/wp-json\/wp\/v2\/pages\/12342\/revisions\/13428"}],"wp:attachment":[{"href":"https:\/\/ottevenyikastely.hu\/de\/wp-json\/wp\/v2\/media?parent=12342"}],"curies":[{"name":"wp","href":"https:\/\/api.w.org\/{rel}","templated":true}]}}