{"id":12409,"date":"2025-04-12T09:47:09","date_gmt":"2025-04-12T07:47:09","guid":{"rendered":"https:\/\/ottevenyikastely.hu\/?page_id=12409"},"modified":"2025-06-29T10:54:56","modified_gmt":"2025-06-29T08:54:56","slug":"whisky-andras","status":"publish","type":"page","link":"https:\/\/ottevenyikastely.hu\/de\/whisky-andras\/","title":{"rendered":"Andr\u00e1s Viski"},"content":{"rendered":"<div data-elementor-type=\"wp-page\" data-elementor-id=\"12409\" class=\"elementor elementor-12409\" data-elementor-post-type=\"page\">\n\t\t\t\t<div class=\"elementor-element elementor-element-d938ccf e-flex e-con-boxed e-con e-parent\" data-id=\"d938ccf\" data-element_type=\"container\" data-e-type=\"container\">\n\t\t\t\t\t<div class=\"e-con-inner\">\n\t\t\t\t<div class=\"elementor-element elementor-element-0321962 elementor-widget elementor-widget-heading\" data-id=\"0321962\" data-element_type=\"widget\" data-e-type=\"widget\" data-widget_type=\"heading.default\">\n\t\t\t\t<div class=\"elementor-widget-container\">\n\t\t\t\t\t<h2 class=\"elementor-heading-title elementor-size-default\">Andr\u00e1s Viski<\/h2>\t\t\t\t<\/div>\n\t\t\t\t<\/div>\n\t\t\t\t\t<\/div>\n\t\t\t\t<\/div>\n\t\t<div class=\"elementor-element elementor-element-5d1902d e-flex e-con-boxed e-con e-parent\" data-id=\"5d1902d\" data-element_type=\"container\" data-e-type=\"container\">\n\t\t\t\t\t<div class=\"e-con-inner\">\n\t\t\t\t<div class=\"elementor-element elementor-element-9ec5553 elementor-widget elementor-widget-image\" data-id=\"9ec5553\" data-element_type=\"widget\" data-e-type=\"widget\" data-widget_type=\"image.default\">\n\t\t\t\t<div class=\"elementor-widget-container\">\n\t\t\t\t\t\t\t\t\t\t\t\t\t\t\t<img fetchpriority=\"high\" decoding=\"async\" width=\"768\" height=\"848\" src=\"https:\/\/ottevenyikastely.hu\/wp-content\/uploads\/2025\/04\/IMG_3262-768x848.jpeg\" class=\"attachment-medium_large size-medium_large wp-image-12968\" alt=\"\" srcset=\"https:\/\/ottevenyikastely.hu\/wp-content\/uploads\/2025\/04\/IMG_3262-768x848.jpeg 768w, https:\/\/ottevenyikastely.hu\/wp-content\/uploads\/2025\/04\/IMG_3262-272x300.jpeg 272w, https:\/\/ottevenyikastely.hu\/wp-content\/uploads\/2025\/04\/IMG_3262-927x1024.jpeg 927w, https:\/\/ottevenyikastely.hu\/wp-content\/uploads\/2025\/04\/IMG_3262-1391x1536.jpeg 1391w, https:\/\/ottevenyikastely.hu\/wp-content\/uploads\/2025\/04\/IMG_3262-1855x2048.jpeg 1855w, https:\/\/ottevenyikastely.hu\/wp-content\/uploads\/2025\/04\/IMG_3262-11x12.jpeg 11w\" sizes=\"(max-width: 768px) 100vw, 768px\" title=\"\">\t\t\t\t\t\t\t\t\t\t\t\t\t\t\t<\/div>\n\t\t\t\t<\/div>\n\t\t\t\t<div class=\"elementor-element elementor-element-70d31e4 elementor-widget elementor-widget-text-editor\" data-id=\"70d31e4\" data-element_type=\"widget\" data-e-type=\"widget\" data-widget_type=\"text-editor.default\">\n\t\t\t\t<div class=\"elementor-widget-container\">\n\t\t\t\t\t\t\t\t\t<p>Ich wurde am 23. M\u00e4rz 1972 in Tiszaf\u00fcred geboren. In der Grundschule lernte ich Keramik und Kunst. Mit 15 Jahren meldete ich mich in der von S\u00e1ndor Farsang und L\u00e1szl\u00f3 Hefter geleiteten Werkstatt an, die ich mit kleineren Unterbrechungen 7 Jahre lang besuchte. Ich habe meine F\u00e4higkeiten im Modellbau sowohl in der Bildhauerei als auch in der Zeichnung mit gro\u00dfem Erfolg eingesetzt. Seit 1992 arbeite ich haupts\u00e4chlich als Handwerker: Glasmaler, Graveur, Bildhauer, Restaurator, Bauplastiker, Tischler, Dekorationsmaler. Seit 1998 habe ich an verschiedenen Ausstellungen, Camps und Kunstveranstaltungen im In- und Ausland teilgenommen.<\/p>\t\t\t\t\t\t\t\t<\/div>\n\t\t\t\t<\/div>\n\t\t\t\t\t<\/div>\n\t\t\t\t<\/div>\n\t\t<div class=\"elementor-element elementor-element-1b301f3 e-flex e-con-boxed e-con e-parent\" data-id=\"1b301f3\" data-element_type=\"container\" data-e-type=\"container\">\n\t\t\t\t\t<div class=\"e-con-inner\">\n\t\t\t\t<div class=\"elementor-element elementor-element-3153567 elementor-widget elementor-widget-video\" data-id=\"3153567\" data-element_type=\"widget\" data-e-type=\"widget\" data-settings=\"{&quot;youtube_url&quot;:&quot;https:\\\/\\\/www.youtube.com\\\/embed\\\/Nhil1SG_yvg?si=GXv6_6c_dFiEBVmr&quot;,&quot;video_type&quot;:&quot;youtube&quot;,&quot;controls&quot;:&quot;yes&quot;}\" data-widget_type=\"video.default\">\n\t\t\t\t<div class=\"elementor-widget-container\">\n\t\t\t\t\t\t\t<div class=\"elementor-wrapper elementor-open-inline\">\n\t\t\t<div class=\"elementor-video\"><\/div>\t\t<\/div>\n\t\t\t\t\t\t<\/div>\n\t\t\t\t<\/div>\n\t\t\t\t\t<\/div>\n\t\t\t\t<\/div>\n\t\t<div class=\"elementor-element elementor-element-06017fb e-grid e-con-boxed e-con e-parent\" data-id=\"06017fb\" data-element_type=\"container\" data-e-type=\"container\">\n\t\t\t\t\t<div class=\"e-con-inner\">\n\t\t\t\t<div class=\"elementor-element elementor-element-77ebcf3 elementor-widget elementor-widget-image\" data-id=\"77ebcf3\" data-element_type=\"widget\" data-e-type=\"widget\" data-widget_type=\"image.default\">\n\t\t\t\t<div class=\"elementor-widget-container\">\n\t\t\t\t\t\t\t\t\t\t\t\t\t\t\t<img decoding=\"async\" width=\"1024\" height=\"768\" src=\"https:\/\/ottevenyikastely.hu\/wp-content\/uploads\/2025\/04\/IMG_3132-1024x768.jpeg\" class=\"attachment-large size-large wp-image-12566\" alt=\"\" srcset=\"https:\/\/ottevenyikastely.hu\/wp-content\/uploads\/2025\/04\/IMG_3132-1024x768.jpeg 1024w, https:\/\/ottevenyikastely.hu\/wp-content\/uploads\/2025\/04\/IMG_3132-300x225.jpeg 300w, https:\/\/ottevenyikastely.hu\/wp-content\/uploads\/2025\/04\/IMG_3132-768x576.jpeg 768w, https:\/\/ottevenyikastely.hu\/wp-content\/uploads\/2025\/04\/IMG_3132-1536x1152.jpeg 1536w, https:\/\/ottevenyikastely.hu\/wp-content\/uploads\/2025\/04\/IMG_3132-2048x1536.jpeg 2048w, https:\/\/ottevenyikastely.hu\/wp-content\/uploads\/2025\/04\/IMG_3132-16x12.jpeg 16w\" sizes=\"(max-width: 1024px) 100vw, 1024px\" title=\"\">\t\t\t\t\t\t\t\t\t\t\t\t\t\t\t<\/div>\n\t\t\t\t<\/div>\n\t\t\t\t<div class=\"elementor-element elementor-element-018f04a elementor-widget elementor-widget-image\" data-id=\"018f04a\" data-element_type=\"widget\" data-e-type=\"widget\" data-widget_type=\"image.default\">\n\t\t\t\t<div class=\"elementor-widget-container\">\n\t\t\t\t\t\t\t\t\t\t\t\t\t\t\t<img decoding=\"async\" width=\"768\" height=\"1024\" src=\"https:\/\/ottevenyikastely.hu\/wp-content\/uploads\/2025\/04\/IMG_3141-768x1024.jpeg\" class=\"attachment-large size-large wp-image-12565\" alt=\"\" srcset=\"https:\/\/ottevenyikastely.hu\/wp-content\/uploads\/2025\/04\/IMG_3141-768x1024.jpeg 768w, https:\/\/ottevenyikastely.hu\/wp-content\/uploads\/2025\/04\/IMG_3141-225x300.jpeg 225w, https:\/\/ottevenyikastely.hu\/wp-content\/uploads\/2025\/04\/IMG_3141-1152x1536.jpeg 1152w, https:\/\/ottevenyikastely.hu\/wp-content\/uploads\/2025\/04\/IMG_3141-1536x2048.jpeg 1536w, https:\/\/ottevenyikastely.hu\/wp-content\/uploads\/2025\/04\/IMG_3141-9x12.jpeg 9w, https:\/\/ottevenyikastely.hu\/wp-content\/uploads\/2025\/04\/IMG_3141-scaled.jpeg 1920w\" sizes=\"(max-width: 768px) 100vw, 768px\" title=\"\">\t\t\t\t\t\t\t\t\t\t\t\t\t\t\t<\/div>\n\t\t\t\t<\/div>\n\t\t\t\t<div class=\"elementor-element elementor-element-39779a7 elementor-widget elementor-widget-image\" data-id=\"39779a7\" data-element_type=\"widget\" data-e-type=\"widget\" data-widget_type=\"image.default\">\n\t\t\t\t<div class=\"elementor-widget-container\">\n\t\t\t\t\t\t\t\t\t\t\t\t\t\t\t<img loading=\"lazy\" decoding=\"async\" width=\"1024\" height=\"768\" src=\"https:\/\/ottevenyikastely.hu\/wp-content\/uploads\/2025\/04\/IMG_3064-1024x768.jpeg\" class=\"attachment-large size-large wp-image-12567\" alt=\"\" srcset=\"https:\/\/ottevenyikastely.hu\/wp-content\/uploads\/2025\/04\/IMG_3064-1024x768.jpeg 1024w, https:\/\/ottevenyikastely.hu\/wp-content\/uploads\/2025\/04\/IMG_3064-300x225.jpeg 300w, https:\/\/ottevenyikastely.hu\/wp-content\/uploads\/2025\/04\/IMG_3064-768x576.jpeg 768w, https:\/\/ottevenyikastely.hu\/wp-content\/uploads\/2025\/04\/IMG_3064-1536x1152.jpeg 1536w, https:\/\/ottevenyikastely.hu\/wp-content\/uploads\/2025\/04\/IMG_3064-2048x1536.jpeg 2048w, https:\/\/ottevenyikastely.hu\/wp-content\/uploads\/2025\/04\/IMG_3064-16x12.jpeg 16w\" sizes=\"(max-width: 1024px) 100vw, 1024px\" title=\"\">\t\t\t\t\t\t\t\t\t\t\t\t\t\t\t<\/div>\n\t\t\t\t<\/div>\n\t\t\t\t\t<\/div>\n\t\t\t\t<\/div>\n\t\t<div class=\"elementor-element elementor-element-385127f e-flex e-con-boxed e-con e-parent\" data-id=\"385127f\" data-element_type=\"container\" data-e-type=\"container\">\n\t\t\t\t\t<div class=\"e-con-inner\">\n\t\t\t\t<div class=\"elementor-element elementor-element-55f74b9 elementor-widget elementor-widget-spacer\" data-id=\"55f74b9\" data-element_type=\"widget\" data-e-type=\"widget\" data-widget_type=\"spacer.default\">\n\t\t\t\t<div class=\"elementor-widget-container\">\n\t\t\t\t\t\t\t<div class=\"elementor-spacer\">\n\t\t\t<div class=\"elementor-spacer-inner\"><\/div>\n\t\t<\/div>\n\t\t\t\t\t\t<\/div>\n\t\t\t\t<\/div>\n\t\t\t\t\t<\/div>\n\t\t\t\t<\/div>\n\t\t<div class=\"elementor-element elementor-element-9cf0c07 e-flex e-con-boxed e-con e-parent\" data-id=\"9cf0c07\" data-element_type=\"container\" data-e-type=\"container\">\n\t\t\t\t\t<div class=\"e-con-inner\">\n\t\t\t\t<div class=\"elementor-element elementor-element-bedb39d elementor-widget elementor-widget-text-editor\" data-id=\"bedb39d\" data-element_type=\"widget\" data-e-type=\"widget\" data-widget_type=\"text-editor.default\">\n\t\t\t\t<div class=\"elementor-widget-container\">\n\t\t\t\t\t\t\t\t\t<p>Um auf die hier entstandenen Kunstwerke zu bieten, klicken Sie auf das Bild oder besuchen Sie die <span style=\"text-decoration: underline;\"><strong><a href=\"https:\/\/foldvaryaukcio.hu\" target=\"_blank\" rel=\"noopener\">foldvaryaukcio.hu<\/a><\/strong><\/span> Seite, wenn Sie an weiteren Einzelheiten interessiert sind!<\/p>\t\t\t\t\t\t\t\t<\/div>\n\t\t\t\t<\/div>\n\t\t\t\t\t<\/div>\n\t\t\t\t<\/div>\n\t\t<div class=\"elementor-element elementor-element-cb36ee9 e-grid e-con-boxed e-con e-parent\" data-id=\"cb36ee9\" data-element_type=\"container\" data-e-type=\"container\">\n\t\t\t\t\t<div class=\"e-con-inner\">\n\t\t\t\t<div class=\"elementor-element elementor-element-5920ed4 elementor-widget elementor-widget-image\" data-id=\"5920ed4\" data-element_type=\"widget\" data-e-type=\"widget\" data-widget_type=\"image.default\">\n\t\t\t\t<div class=\"elementor-widget-container\">\n\t\t\t\t\t\t\t\t\t\t\t\t\t\t\t<img loading=\"lazy\" decoding=\"async\" width=\"214\" height=\"300\" src=\"https:\/\/ottevenyikastely.hu\/wp-content\/uploads\/2025\/04\/Viski-Andras-202-214x300.jpeg\" class=\"attachment-medium size-medium wp-image-12972\" alt=\"\" srcset=\"https:\/\/ottevenyikastely.hu\/wp-content\/uploads\/2025\/04\/Viski-Andras-202-214x300.jpeg 214w, https:\/\/ottevenyikastely.hu\/wp-content\/uploads\/2025\/04\/Viski-Andras-202-730x1024.jpeg 730w, https:\/\/ottevenyikastely.hu\/wp-content\/uploads\/2025\/04\/Viski-Andras-202-768x1077.jpeg 768w, https:\/\/ottevenyikastely.hu\/wp-content\/uploads\/2025\/04\/Viski-Andras-202-1095x1536.jpeg 1095w, https:\/\/ottevenyikastely.hu\/wp-content\/uploads\/2025\/04\/Viski-Andras-202-1460x2048.jpeg 1460w, https:\/\/ottevenyikastely.hu\/wp-content\/uploads\/2025\/04\/Viski-Andras-202-9x12.jpeg 9w, https:\/\/ottevenyikastely.hu\/wp-content\/uploads\/2025\/04\/Viski-Andras-202-scaled.jpeg 1825w\" sizes=\"(max-width: 214px) 100vw, 214px\" title=\"\">\t\t\t\t\t\t\t\t\t\t\t\t\t\t\t<\/div>\n\t\t\t\t<\/div>\n\t\t\t\t<div class=\"elementor-element elementor-element-9015846 elementor-widget elementor-widget-image\" data-id=\"9015846\" data-element_type=\"widget\" data-e-type=\"widget\" data-widget_type=\"image.default\">\n\t\t\t\t<div class=\"elementor-widget-container\">\n\t\t\t\t\t\t\t\t\t\t\t\t\t\t\t<img loading=\"lazy\" decoding=\"async\" width=\"182\" height=\"300\" src=\"https:\/\/ottevenyikastely.hu\/wp-content\/uploads\/2025\/04\/Viski-Andras-201-182x300.jpeg\" class=\"attachment-medium size-medium wp-image-12971\" alt=\"\" srcset=\"https:\/\/ottevenyikastely.hu\/wp-content\/uploads\/2025\/04\/Viski-Andras-201-182x300.jpeg 182w, https:\/\/ottevenyikastely.hu\/wp-content\/uploads\/2025\/04\/Viski-Andras-201-620x1024.jpeg 620w, https:\/\/ottevenyikastely.hu\/wp-content\/uploads\/2025\/04\/Viski-Andras-201-768x1268.jpeg 768w, https:\/\/ottevenyikastely.hu\/wp-content\/uploads\/2025\/04\/Viski-Andras-201-930x1536.jpeg 930w, https:\/\/ottevenyikastely.hu\/wp-content\/uploads\/2025\/04\/Viski-Andras-201-1240x2048.jpeg 1240w, https:\/\/ottevenyikastely.hu\/wp-content\/uploads\/2025\/04\/Viski-Andras-201-7x12.jpeg 7w, https:\/\/ottevenyikastely.hu\/wp-content\/uploads\/2025\/04\/Viski-Andras-201-scaled.jpeg 1550w\" sizes=\"(max-width: 182px) 100vw, 182px\" title=\"\">\t\t\t\t\t\t\t\t\t\t\t\t\t\t\t<\/div>\n\t\t\t\t<\/div>\n\t\t\t\t<div class=\"elementor-element elementor-element-690b229 elementor-widget elementor-widget-image\" data-id=\"690b229\" data-element_type=\"widget\" data-e-type=\"widget\" data-widget_type=\"image.default\">\n\t\t\t\t<div class=\"elementor-widget-container\">\n\t\t\t\t\t\t\t\t\t\t\t\t\t\t\t<img loading=\"lazy\" decoding=\"async\" width=\"300\" height=\"296\" src=\"https:\/\/ottevenyikastely.hu\/wp-content\/uploads\/2025\/04\/Viski-Andras-203-300x296.jpeg\" class=\"attachment-medium size-medium wp-image-12973\" alt=\"\" srcset=\"https:\/\/ottevenyikastely.hu\/wp-content\/uploads\/2025\/04\/Viski-Andras-203-300x296.jpeg 300w, https:\/\/ottevenyikastely.hu\/wp-content\/uploads\/2025\/04\/Viski-Andras-203-1024x1012.jpeg 1024w, https:\/\/ottevenyikastely.hu\/wp-content\/uploads\/2025\/04\/Viski-Andras-203-768x759.jpeg 768w, https:\/\/ottevenyikastely.hu\/wp-content\/uploads\/2025\/04\/Viski-Andras-203-1536x1517.jpeg 1536w, https:\/\/ottevenyikastely.hu\/wp-content\/uploads\/2025\/04\/Viski-Andras-203-2048x2023.jpeg 2048w, https:\/\/ottevenyikastely.hu\/wp-content\/uploads\/2025\/04\/Viski-Andras-203-12x12.jpeg 12w\" sizes=\"(max-width: 300px) 100vw, 300px\" title=\"\">\t\t\t\t\t\t\t\t\t\t\t\t\t\t\t<\/div>\n\t\t\t\t<\/div>\n\t\t\t\t<div class=\"elementor-element elementor-element-0965bfc elementor-widget elementor-widget-image\" data-id=\"0965bfc\" data-element_type=\"widget\" data-e-type=\"widget\" data-widget_type=\"image.default\">\n\t\t\t\t<div class=\"elementor-widget-container\">\n\t\t\t\t\t\t\t\t\t\t\t\t\t\t\t<img loading=\"lazy\" decoding=\"async\" width=\"241\" height=\"300\" src=\"https:\/\/ottevenyikastely.hu\/wp-content\/uploads\/2025\/04\/Viski-Andras-200-241x300.jpeg\" class=\"attachment-medium size-medium wp-image-12970\" alt=\"\" srcset=\"https:\/\/ottevenyikastely.hu\/wp-content\/uploads\/2025\/04\/Viski-Andras-200-241x300.jpeg 241w, https:\/\/ottevenyikastely.hu\/wp-content\/uploads\/2025\/04\/Viski-Andras-200-822x1024.jpeg 822w, https:\/\/ottevenyikastely.hu\/wp-content\/uploads\/2025\/04\/Viski-Andras-200-768x957.jpeg 768w, https:\/\/ottevenyikastely.hu\/wp-content\/uploads\/2025\/04\/Viski-Andras-200-1233x1536.jpeg 1233w, https:\/\/ottevenyikastely.hu\/wp-content\/uploads\/2025\/04\/Viski-Andras-200-1644x2048.jpeg 1644w, https:\/\/ottevenyikastely.hu\/wp-content\/uploads\/2025\/04\/Viski-Andras-200-10x12.jpeg 10w\" sizes=\"(max-width: 241px) 100vw, 241px\" title=\"\">\t\t\t\t\t\t\t\t\t\t\t\t\t\t\t<\/div>\n\t\t\t\t<\/div>\n\t\t\t\t\t<\/div>\n\t\t\t\t<\/div>\n\t\t<div class=\"elementor-element elementor-element-69752f3 e-flex e-con-boxed e-con e-parent\" data-id=\"69752f3\" data-element_type=\"container\" data-e-type=\"container\">\n\t\t\t\t\t<div class=\"e-con-inner\">\n\t\t\t\t<div class=\"elementor-element elementor-element-adbd26f elementor-align-right elementor-widget elementor-widget-button\" data-id=\"adbd26f\" data-element_type=\"widget\" data-e-type=\"widget\" data-widget_type=\"button.default\">\n\t\t\t\t<div class=\"elementor-widget-container\">\n\t\t\t\t\t\t\t\t\t<div class=\"elementor-button-wrapper\">\n\t\t\t\t\t<a class=\"elementor-button elementor-button-link elementor-size-sm\" href=\"http:\/\/www.viskiandras.hupont.hu\" id=\"http:\/\/www.viskiandras.hupont.hu\" target=\"_blank\" rel=\"noopener\">\n\t\t\t\t\t\t<span class=\"elementor-button-content-wrapper\">\n\t\t\t\t\t\t\t\t\t<span class=\"elementor-button-text\">Webseite des K\u00fcnstlers<\/span>\n\t\t\t\t\t<\/span>\n\t\t\t\t\t<\/a>\n\t\t\t\t<\/div>\n\t\t\t\t\t\t\t\t<\/div>\n\t\t\t\t<\/div>\n\t\t\t\t\t<\/div>\n\t\t\t\t<\/div>\n\t\t\t\t<\/div>","protected":false},"excerpt":{"rendered":"<p>Viski Andr\u00e1s 1972 m\u00e1rcius 23-\u00e1n Tiszaf\u00fcreden sz\u00fclettem.\u00a0Az \u00e1ltal\u00e1nos iskol\u00e1ban ker\u00e1mia majd rajzszakk\u00f6rbe j\u00e1rtam.\u00a015 \u00e9vesen a Farsang S\u00e1ndor \u00e9s Hefter L\u00e1szl\u00f3\u00e9k \u00e1ltal vezetett szakk\u00f6rbe iratkoztam be, kisebb nagyobb kihagy\u00e1sokkal 7 \u00e9vig j\u00e1rtam.\u00a0A mintak\u00e9sz\u00edt\u0151 v\u00e9gzetts\u00e9gemnek mind a szobr\u00e1szatban, mind a rajzban\u201dt\u00e9rl\u00e1t\u00e1sban\u201d nagy haszn\u00e1t vettem.\u00a01992 \u00f3ta els\u0151sorban iparm\u0171v\u00e9szk\u00e9nt dolgozom:\u00f3lom\u00fcvegk\u00e9sz\u00edt\u0151,\u00f6tv\u00f6s,szobr\u00e1sz, restaur\u00e1tor,\u00e9p\u00fcletszobr\u00e1sz, st\u00edlb\u00fatorasztalos,d\u00edsz\u00edt\u0151fest\u0151.\u00a01998 \u00f3ta veszek r\u00e9szt k\u00fcl\u00f6nb\u00f6z\u0151 ki\u00e1ll\u00edt\u00e1sokon,t\u00e1borokon \u00e9s m\u0171v\u00e9szeti [&hellip;]<\/p>","protected":false},"author":7,"featured_media":0,"parent":0,"menu_order":0,"comment_status":"closed","ping_status":"closed","template":"","meta":{"footnotes":""},"class_list":["post-12409","page","type-page","status-publish","hentry","entry"],"_links":{"self":[{"href":"https:\/\/ottevenyikastely.hu\/de\/wp-json\/wp\/v2\/pages\/12409","targetHints":{"allow":["GET"]}}],"collection":[{"href":"https:\/\/ottevenyikastely.hu\/de\/wp-json\/wp\/v2\/pages"}],"about":[{"href":"https:\/\/ottevenyikastely.hu\/de\/wp-json\/wp\/v2\/types\/page"}],"author":[{"embeddable":true,"href":"https:\/\/ottevenyikastely.hu\/de\/wp-json\/wp\/v2\/users\/7"}],"replies":[{"embeddable":true,"href":"https:\/\/ottevenyikastely.hu\/de\/wp-json\/wp\/v2\/comments?post=12409"}],"version-history":[{"count":16,"href":"https:\/\/ottevenyikastely.hu\/de\/wp-json\/wp\/v2\/pages\/12409\/revisions"}],"predecessor-version":[{"id":13800,"href":"https:\/\/ottevenyikastely.hu\/de\/wp-json\/wp\/v2\/pages\/12409\/revisions\/13800"}],"wp:attachment":[{"href":"https:\/\/ottevenyikastely.hu\/de\/wp-json\/wp\/v2\/media?parent=12409"}],"curies":[{"name":"wp","href":"https:\/\/api.w.org\/{rel}","templated":true}]}}