{"id":13565,"date":"2025-06-17T10:07:14","date_gmt":"2025-06-17T08:07:14","guid":{"rendered":"https:\/\/ottevenyikastely.hu\/?page_id=13565"},"modified":"2025-06-17T10:26:16","modified_gmt":"2025-06-17T08:26:16","slug":"wie-man-bietet","status":"publish","type":"page","link":"https:\/\/ottevenyikastely.hu\/de\/wie-man-bietet\/","title":{"rendered":"Wie man bietet"},"content":{"rendered":"<div data-elementor-type=\"wp-page\" data-elementor-id=\"13565\" class=\"elementor elementor-13565\" data-elementor-post-type=\"page\">\n\t\t\t\t<div class=\"elementor-element elementor-element-6895549 e-flex e-con-boxed e-con e-parent\" data-id=\"6895549\" data-element_type=\"container\" data-e-type=\"container\">\n\t\t\t\t\t<div class=\"e-con-inner\">\n\t\t\t\t<div class=\"elementor-element elementor-element-e23fdda elementor-widget elementor-widget-heading\" data-id=\"e23fdda\" data-element_type=\"widget\" data-e-type=\"widget\" data-widget_type=\"heading.default\">\n\t\t\t\t<div class=\"elementor-widget-container\">\n\t\t\t\t\t<h2 class=\"elementor-heading-title elementor-size-default\">Anweisungen f\u00fcr den Gebrauch<\/h2>\t\t\t\t<\/div>\n\t\t\t\t<\/div>\n\t\t\t\t\t<\/div>\n\t\t\t\t<\/div>\n\t\t<div class=\"elementor-element elementor-element-2196db1 e-flex e-con-boxed e-con e-parent\" data-id=\"2196db1\" data-element_type=\"container\" data-e-type=\"container\">\n\t\t\t\t\t<div class=\"e-con-inner\">\n\t\t\t\t<div class=\"elementor-element elementor-element-2e33fae elementor-widget elementor-widget-video\" data-id=\"2e33fae\" data-element_type=\"widget\" data-e-type=\"widget\" data-settings=\"{&quot;youtube_url&quot;:&quot;https:\\\/\\\/www.youtube.com\\\/watch?v=XHOmBV4js_E&quot;,&quot;video_type&quot;:&quot;youtube&quot;,&quot;controls&quot;:&quot;yes&quot;}\" data-widget_type=\"video.default\">\n\t\t\t\t<div class=\"elementor-widget-container\">\n\t\t\t\t\t\t\t<div class=\"elementor-wrapper elementor-open-inline\">\n\t\t\t<div class=\"elementor-video\"><\/div>\t\t<\/div>\n\t\t\t\t\t\t<\/div>\n\t\t\t\t<\/div>\n\t\t\t\t\t<\/div>\n\t\t\t\t<\/div>\n\t\t<div class=\"elementor-element elementor-element-0867f94 e-flex e-con-boxed e-con e-parent\" data-id=\"0867f94\" data-element_type=\"container\" data-e-type=\"container\">\n\t\t\t\t\t<div class=\"e-con-inner\">\n\t\t\t\t<div class=\"elementor-element elementor-element-9b3a32c elementor-widget elementor-widget-text-editor\" data-id=\"9b3a32c\" data-element_type=\"widget\" data-e-type=\"widget\" data-widget_type=\"text-editor.default\">\n\t\t\t\t<div class=\"elementor-widget-container\">\n\t\t\t\t\t\t\t\t\t<h2 data-start=\"44\" data-end=\"84\">1. registrieren und einen Datentr\u00e4ger anfordern \ud83d\udcdd.<\/h2>\n<ol data-start=\"86\" data-end=\"251\">\n<li data-start=\"86\" data-end=\"128\">\n<p data-start=\"89\" data-end=\"128\"><span class=\"relative -mx-px my-[-0.2rem] rounded px-px py-[0.2rem] transition-colors duration-100 ease-in-out\">Registrieren Sie sich auf der <strong data-start=\"14\" data-end=\"39\"><a href=\"http:\/\/www.foldvaryaukcio.hu\/\" target=\"_new\" rel=\"noopener noreferrer\" data-start=\"16\" data-end=\"37\" data-is-only-node=\"\">www.foldvaryaukcio.hu<\/a><\/strong> vor der Auktion.<\/span><\/p>\n<\/li>\n<li data-start=\"129\" data-end=\"210\">\n<p data-start=\"132\" data-end=\"210\"><span class=\"relative -mx-px my-[-0.2rem] rounded px-px py-[0.2rem] transition-colors duration-100 ease-in-out\">Kreuzen Sie bei der Anmeldung das K\u00e4stchen an, um die Regeln zu akzeptieren<\/span><\/p>\n<\/li>\n<li data-start=\"211\" data-end=\"251\">\n<p data-start=\"214\" data-end=\"251\"><span class=\"relative -mx-px my-[-0.2rem] rounded px-px py-[0.2rem] transition-colors duration-100 ease-in-out\">fordern Sie Ihren Bieterschein mindestens 24 Stunden vor der Auktion an (auch bei Online-Teilnahme erforderlich).<\/span><\/p>\n<\/li>\n<\/ol>\n<hr data-start=\"253\" data-end=\"256\">\n<h2 data-start=\"258\" data-end=\"280\">2. die Ausschreibungsmethoden<\/h2>\n<ul data-start=\"282\" data-end=\"527\">\n<li data-start=\"282\" data-end=\"323\">\n<p data-start=\"284\" data-end=\"323\"><span class=\"relative -mx-px my-[-0.2rem] rounded px-px py-[0.2rem] transition-colors duration-100 ease-in-out\"><strong data-start=\"0\" data-end=\"15\" data-is-only-node=\"\">Pers\u00f6nlich<\/strong>: mit einer W\u00e4hlscheibe vor Ort. Diese kann bei der Ankunft von registrierten G\u00e4sten an der Rezeption abgeholt werden<\/span><\/p>\n<\/li>\n<li data-start=\"324\" data-end=\"365\">\n<p data-start=\"326\" data-end=\"365\"><span class=\"relative -mx-px my-[-0.2rem] rounded px-px py-[0.2rem] transition-colors duration-100 ease-in-out\"><strong data-start=\"0\" data-end=\"10\" data-is-only-node=\"\">Online<\/strong>: Klicken Sie in der App auf die Schaltfl\u00e4che \"Lizenzieren\" neben dem Produkt.<\/span><\/p>\n<\/li>\n<li data-start=\"366\" data-end=\"446\">\n<p data-start=\"368\" data-end=\"446\"><span class=\"relative -mx-px my-[-0.2rem] rounded px-px py-[0.2rem] transition-colors duration-100 ease-in-out\"><strong data-start=\"0\" data-end=\"19\" data-is-only-node=\"\">Bestellung kaufen<\/strong>: ist auf Knopfdruck f\u00fcr das ausgew\u00e4hlte Objekt m\u00f6glich. Sie geben vorab Anweisungen f\u00fcr den maximalen Aus\u00fcbungspreis und zahlen die 20 % Kaution&nbsp;<\/span><\/p>\n<\/li>\n<li data-start=\"447\" data-end=\"527\">\n<p data-start=\"449\" data-end=\"527\"><span class=\"relative -mx-px my-[-0.2rem] rounded px-px py-[0.2rem] transition-colors duration-100 ease-in-out\"><strong data-start=\"0\" data-end=\"19\" data-is-only-node=\"\">Telefonisches Angebot<\/strong>: ist f\u00fcr das ausgew\u00e4hlte Objekt auf Knopfdruck m\u00f6glich. Sie geben im Voraus Anweisungen f\u00fcr den maximalen Aus\u00fcbungspreis und zahlen eine Kaution von 20 %<\/span><\/p>\n<\/li>\n<\/ul>\n<hr data-start=\"529\" data-end=\"532\">\n<h2 data-start=\"534\" data-end=\"551\">3. legales Gewinde<\/h2>\n<ol data-start=\"553\" data-end=\"853\">\n<li data-start=\"553\" data-end=\"597\">\n<p data-start=\"556\" data-end=\"597\"><span class=\"relative -mx-px my-[-0.2rem] rounded px-px py-[0.2rem] transition-colors duration-100 ease-in-out\">Die Auktion wird vom Auktionator geleitet, der den Auktionspreis auf dem Auktionsgel\u00e4nde und auf der Website f\u00fcr alle registrierten G\u00e4ste sichtbar und h\u00f6rbar bekannt gibt.<\/span><\/p>\n<\/li>\n<li data-start=\"598\" data-end=\"683\">\n<p data-start=\"601\" data-end=\"683\"><span class=\"relative -mx-px my-[-0.2rem] rounded px-px py-[0.2rem] transition-colors duration-100 ease-in-out\">Das erste Gebot muss mindestens den Startpreis betragen, das Bieten ist sowohl vor Ort als auch im Internet m\u00f6glich<\/span><\/p>\n<\/li>\n<li data-start=\"684\" data-end=\"769\">\n<p data-start=\"687\" data-end=\"769\"><span class=\"relative -mx-px my-[-0.2rem] rounded px-px py-[0.2rem] transition-colors duration-100 ease-in-out\">Die Steigerungsstufen variieren je nach dem Wert des Artikels (z.B. zwischen 100 000 und 1 000 000 HUF, eine Erh\u00f6hung um 10 000 HUF), siehe die Regeln f\u00fcr Details<\/span><\/p>\n<\/li>\n<li data-start=\"770\" data-end=\"853\">\n<p data-start=\"773\" data-end=\"853\"><span class=\"relative -mx-px my-[-0.2rem] rounded px-px py-[0.2rem] transition-colors duration-100 ease-in-out\">Die Versteigerung ist beendet, wenn der Auktionator zum dritten Mal \"Keiner mehr\" sagt und den Hammer schwingt. Ma\u00dfgeblich sind die Daten, die auf der Projektion und damit auf dem Auktionsaushang angezeigt werden.&nbsp;<\/span><\/p>\n<\/li>\n<\/ol>\n<hr data-start=\"855\" data-end=\"858\">\n<h2 data-start=\"860\" data-end=\"883\">4. zur Kasse gehen und bezahlen<\/h2>\n<ul data-start=\"885\" data-end=\"1181\">\n<li data-start=\"885\" data-end=\"969\">\n<p data-start=\"887\" data-end=\"969\"><span class=\"relative -mx-px my-[-0.2rem] rounded px-px py-[0.2rem] transition-colors duration-100 ease-in-out\">A <strong data-start=\"2\" data-end=\"16\">Aus\u00fcbungspreis<\/strong> + <strong data-start=\"19\" data-end=\"38\">23 Kommission %<\/strong><\/span><\/p>\n<\/li>\n<li data-start=\"970\" data-end=\"1013\">\n<p data-start=\"972\" data-end=\"1013\"><span class=\"relative -mx-px my-[-0.2rem] rounded px-px py-[0.2rem] transition-colors duration-100 ease-in-out\">Wenn Sie gewinnen, erhalten Sie eine automatische Best\u00e4tigungs-E-Mail.<\/span><\/p>\n<\/li>\n<li data-start=\"1014\" data-end=\"1098\">\n<p data-start=\"1016\" data-end=\"1098\"><span class=\"relative -mx-px my-[-0.2rem] rounded px-px py-[0.2rem] transition-colors duration-100 ease-in-out\">Der volle Kaufpreis muss innerhalb von 8 Werktagen bezahlt werden (per Kreditkarte, Bargeld, \u00dcberweisung<\/span><\/p>\n<\/li>\n<li data-start=\"1099\" data-end=\"1181\">\n<p data-start=\"1101\" data-end=\"1181\"><span class=\"relative -mx-px my-[-0.2rem] rounded px-px py-[0.2rem] transition-colors duration-100 ease-in-out\">Wenn Sie nach Ablauf der Frist zahlen, verlieren Sie die Ware und m\u00fcssen Schadensersatz leisten.<\/span><\/p>\n<\/li>\n<li data-start=\"1099\" data-end=\"1181\">Alle Gebote werden notariell beglaubigt und sind somit g\u00fcltig und unwiderruflich<\/li>\n<\/ul>\n<hr data-start=\"1183\" data-end=\"1186\">\n<h2 data-start=\"1188\" data-end=\"1219\">5. die Entgegennahme und Inbesitznahme<\/h2>\n<ul data-start=\"1221\" data-end=\"1432\">\n<li data-start=\"1221\" data-end=\"1264\">\n<p data-start=\"1223\" data-end=\"1264\"><span class=\"relative -mx-px my-[-0.2rem] rounded px-px py-[0.2rem] transition-colors duration-100 ease-in-out\">Der Kaufvertrag kommt mit der Unterzeichnung des Vertrages zustande.<\/span><\/p>\n<\/li>\n<li data-start=\"1265\" data-end=\"1349\">\n<p data-start=\"1267\" data-end=\"1349\"><span class=\"relative -mx-px my-[-0.2rem] rounded px-px py-[0.2rem] transition-colors duration-100 ease-in-out\">Die Waren m\u00fcssen innerhalb von 30 Tagen nach dem Eigentums\u00fcbergang abtransportiert werden; bei versp\u00e4teter Einlagerung wird eine Geb\u00fchr von 1 000 HUF pro Tag erhoben<\/span><\/p>\n<\/li>\n<li data-start=\"1350\" data-end=\"1432\">\n<p data-start=\"1352\" data-end=\"1432\"><span class=\"relative -mx-px my-[-0.2rem] rounded px-px py-[0.2rem] transition-colors duration-100 ease-in-out\">Elektronische Rechnung des Veranstalters<\/span> <span class=\"\" data-state=\"closed\"><span class=\"ms-1 inline-flex max-w-full items-center relative top-[-0.094rem] animate-[show_150ms_ease-in]\"><a class=\"flex h-4.5 overflow-hidden rounded-xl px-2 text-[0.5625em] font-medium text-token-text-secondary! bg-[#F4F4F4]! dark:bg-[#303030]! transition-colors duration-150 ease-in-out\" href=\"https:\/\/ottevenyikastely.hu\/de\/arveres-regeln\/?utm_source=chatgpt.com\" target=\"_blank\" rel=\"noopener\"><span class=\"relative start-0 bottom-0 flex h-full w-full items-center\"><span class=\"flex h-4 w-full items-center justify-between overflow-hidden\"><span class=\"max-w-full grow truncate overflow-hidden text-center\">ottevenyikastely.hu<\/span><\/span><\/span><\/a><\/span><\/span>.<\/p>\n<\/li>\n<\/ul>\n<hr data-start=\"1434\" data-end=\"1437\">\n<h3 data-start=\"1439\" data-end=\"1468\">Zusammenfassung in der Tabelle<\/h3>\n<div class=\"_tableContainer_16hzy_1\">\n<div class=\"_tableWrapper_16hzy_14 group flex w-fit flex-col-reverse\" tabindex=\"-1\">\n<table class=\"w-fit min-w-(--thread-content-width)\" data-start=\"1470\" data-end=\"1933\">\n<thead data-start=\"1470\" data-end=\"1506\">\n<tr data-start=\"1470\" data-end=\"1506\">\n<th data-start=\"1470\" data-end=\"1491\" data-col-size=\"sm\">Schritt f\u00fcr Schritt<\/th>\n<th data-start=\"1491\" data-end=\"1506\" data-col-size=\"sm\">Was sollten Sie tun?<\/th>\n<\/tr>\n<\/thead>\n<tbody data-start=\"1544\" data-end=\"1933\">\n<tr data-start=\"1544\" data-end=\"1601\">\n<td data-start=\"1544\" data-end=\"1566\" data-col-size=\"sm\">\ud83c\udfab Anmeldung<\/td>\n<td data-col-size=\"sm\" data-start=\"1566\" data-end=\"1601\">Website, Annahme von Regeln<\/td>\n<\/tr>\n<tr data-start=\"1602\" data-end=\"1652\">\n<td data-start=\"1602\" data-end=\"1623\" data-col-size=\"sm\">\ud83d\udd22 Scheibenanforderung<\/td>\n<td data-start=\"1623\" data-end=\"1652\" data-col-size=\"sm\">24 Stunden vor der Auktion<\/td>\n<\/tr>\n<tr data-start=\"1653\" data-end=\"1707\">\n<td data-start=\"1653\" data-end=\"1678\" data-col-size=\"sm\">\ud83d\udcbb Auswahl des Lizenzmodus<\/td>\n<td data-start=\"1678\" data-end=\"1707\" data-col-size=\"sm\">Online, Kauf, Telefon<\/td>\n<\/tr>\n<tr data-start=\"1708\" data-end=\"1770\">\n<td data-start=\"1708\" data-end=\"1730\" data-col-size=\"sm\">\ud83d\udcc8 Bieten<\/td>\n<td data-start=\"1730\" data-end=\"1770\" data-col-size=\"sm\">Mindeststartpreis, Gebotsschritte<\/td>\n<\/tr>\n<tr data-start=\"1771\" data-end=\"1821\">\n<td data-start=\"1771\" data-end=\"1792\" data-col-size=\"sm\">\ud83d\udd28 Rechtschreibung<\/td>\n<td data-start=\"1792\" data-end=\"1821\" data-col-size=\"sm\">\"niemand mehr\" + Hammer<\/td>\n<\/tr>\n<tr data-start=\"1822\" data-end=\"1878\">\n<td data-start=\"1822\" data-end=\"1844\" data-col-size=\"sm\">\ud83d\udcb0 Zahlung<\/td>\n<td data-start=\"1844\" data-end=\"1878\" data-col-size=\"sm\">8 Arbeitstage, 23 % Provision<\/td>\n<\/tr>\n<tr data-start=\"1879\" data-end=\"1933\">\n<td data-start=\"1879\" data-end=\"1901\" data-col-size=\"sm\">\ud83d\udce6 Quittung<\/td>\n<td data-start=\"1901\" data-end=\"1933\" data-col-size=\"sm\">innerhalb von 30 Tagen, Lagergeb\u00fchr<\/td>\n<\/tr>\n<\/tbody>\n<\/table>\n<div class=\"sticky end-(--thread-content-margin) h-0 self-end select-none\">\n<div class=\"absolute end-0 flex items-end\">&nbsp;<\/div>\n<\/div>\n<\/div>\n<\/div>\n<hr data-start=\"1935\" data-end=\"1938\">\t\t\t\t\t\t\t\t<\/div>\n\t\t\t\t<\/div>\n\t\t\t\t\t<\/div>\n\t\t\t\t<\/div>\n\t\t\t\t<\/div>","protected":false},"excerpt":{"rendered":"<p>Gebrauchsanweisung https:\/\/www.youtube.com\/watch?v=XHOmBV4js_E 1. Registrieren Sie sich und fordern Sie ein Rad an \ud83d\udcdd Registrieren Sie sich vor der Auktion unter www.foldvaryaukcio.hu. 2. Dieses kann bei der Ankunft am Schalter abgeholt werden, indem [...]<\/p>","protected":false},"author":7,"featured_media":0,"parent":0,"menu_order":0,"comment_status":"closed","ping_status":"closed","template":"","meta":{"footnotes":""},"class_list":["post-13565","page","type-page","status-publish","hentry","entry"],"_links":{"self":[{"href":"https:\/\/ottevenyikastely.hu\/de\/wp-json\/wp\/v2\/pages\/13565","targetHints":{"allow":["GET"]}}],"collection":[{"href":"https:\/\/ottevenyikastely.hu\/de\/wp-json\/wp\/v2\/pages"}],"about":[{"href":"https:\/\/ottevenyikastely.hu\/de\/wp-json\/wp\/v2\/types\/page"}],"author":[{"embeddable":true,"href":"https:\/\/ottevenyikastely.hu\/de\/wp-json\/wp\/v2\/users\/7"}],"replies":[{"embeddable":true,"href":"https:\/\/ottevenyikastely.hu\/de\/wp-json\/wp\/v2\/comments?post=13565"}],"version-history":[{"count":10,"href":"https:\/\/ottevenyikastely.hu\/de\/wp-json\/wp\/v2\/pages\/13565\/revisions"}],"predecessor-version":[{"id":13575,"href":"https:\/\/ottevenyikastely.hu\/de\/wp-json\/wp\/v2\/pages\/13565\/revisions\/13575"}],"wp:attachment":[{"href":"https:\/\/ottevenyikastely.hu\/de\/wp-json\/wp\/v2\/media?parent=13565"}],"curies":[{"name":"wp","href":"https:\/\/api.w.org\/{rel}","templated":true}]}}