{"id":14194,"date":"2025-08-21T10:44:41","date_gmt":"2025-08-21T08:44:41","guid":{"rendered":"https:\/\/ottevenyikastely.hu\/?page_id=14194"},"modified":"2025-11-26T15:36:04","modified_gmt":"2025-11-26T14:36:04","slug":"kontaktieren-sie-uns-danke","status":"publish","type":"page","link":"https:\/\/ottevenyikastely.hu\/de\/kontaktieren-sie-uns-danke\/","title":{"rendered":"Kontaktieren Sie uns, danke"},"content":{"rendered":"<div data-elementor-type=\"wp-page\" data-elementor-id=\"14194\" class=\"elementor elementor-14194\" data-elementor-post-type=\"page\">\n\t\t\t\t<div class=\"elementor-element elementor-element-fc3a3b5 e-flex e-con-boxed e-con e-parent\" data-id=\"fc3a3b5\" data-element_type=\"container\" data-e-type=\"container\">\n\t\t\t\t\t<div class=\"e-con-inner\">\n\t\t\t\t<div class=\"elementor-element elementor-element-7c3efea elementor-widget elementor-widget-heading\" data-id=\"7c3efea\" data-element_type=\"widget\" data-e-type=\"widget\" data-widget_type=\"heading.default\">\n\t\t\t\t<div class=\"elementor-widget-container\">\n\t\t\t\t\t<h2 class=\"elementor-heading-title elementor-size-default\">K\u00f6sz\u00f6nj\u00fck a jelentkez\u00e9s\u00e9t!<\/h2>\t\t\t\t<\/div>\n\t\t\t\t<\/div>\n\t\t\t\t<div class=\"elementor-element elementor-element-4c1b94c elementor-widget elementor-widget-text-editor\" data-id=\"4c1b94c\" data-element_type=\"widget\" data-e-type=\"widget\" data-widget_type=\"text-editor.default\">\n\t\t\t\t<div class=\"elementor-widget-container\">\n\t\t\t\t\t\t\t\t\t<p>Sok szeretettel v\u00e1rjuk a rendezv\u00e9ny\u00fcnk\u00f6n. Hamarosan visszaigazol\u00f3 e-mailt k\u00fcld\u00fcnk \u00d6nnek.<br \/>Bitte \u00fcberpr\u00fcfen Sie Ihre Mailbox (und Ihren Werbe-\/Spam-Ordner).<\/p>\t\t\t\t\t\t\t\t<\/div>\n\t\t\t\t<\/div>\n\t\t\t\t<div class=\"elementor-element elementor-element-7c1b62a elementor-align-center elementor-widget elementor-widget-button\" data-id=\"7c1b62a\" data-element_type=\"widget\" data-e-type=\"widget\" data-widget_type=\"button.default\">\n\t\t\t\t<div class=\"elementor-widget-container\">\n\t\t\t\t\t\t\t\t\t<div class=\"elementor-button-wrapper\">\n\t\t\t\t\t<a class=\"elementor-button elementor-button-link elementor-size-sm\" href=\"https:\/\/ottevenyikastely.hu\/de\/\">\n\t\t\t\t\t\t<span class=\"elementor-button-content-wrapper\">\n\t\t\t\t\t\t\t\t\t<span class=\"elementor-button-text\">Zur\u00fcck zur Hauptseite<\/span>\n\t\t\t\t\t<\/span>\n\t\t\t\t\t<\/a>\n\t\t\t\t<\/div>\n\t\t\t\t\t\t\t\t<\/div>\n\t\t\t\t<\/div>\n\t\t\t\t\t<\/div>\n\t\t\t\t<\/div>\n\t\t\t\t<\/div>","protected":false},"excerpt":{"rendered":"<p>K\u00f6sz\u00f6nj\u00fck a jelentkez\u00e9s\u00e9t! Sok szeretettel v\u00e1rjuk a rendezv\u00e9ny\u00fcnk\u00f6n. Hamarosan visszaigazol\u00f3 e-mailt k\u00fcld\u00fcnk \u00d6nnek.K\u00e9rj\u00fck, ellen\u0151rizze postal\u00e1d\u00e1j\u00e1t (\u00e9s a prom\u00f3ci\u00f3s\/spam mapp\u00e1t is). Vissza a f\u0151oldalra<\/p>","protected":false},"author":3,"featured_media":0,"parent":0,"menu_order":0,"comment_status":"closed","ping_status":"closed","template":"elementor_header_footer","meta":{"footnotes":""},"class_list":["post-14194","page","type-page","status-publish","hentry","entry"],"_links":{"self":[{"href":"https:\/\/ottevenyikastely.hu\/de\/wp-json\/wp\/v2\/pages\/14194","targetHints":{"allow":["GET"]}}],"collection":[{"href":"https:\/\/ottevenyikastely.hu\/de\/wp-json\/wp\/v2\/pages"}],"about":[{"href":"https:\/\/ottevenyikastely.hu\/de\/wp-json\/wp\/v2\/types\/page"}],"author":[{"embeddable":true,"href":"https:\/\/ottevenyikastely.hu\/de\/wp-json\/wp\/v2\/users\/3"}],"replies":[{"embeddable":true,"href":"https:\/\/ottevenyikastely.hu\/de\/wp-json\/wp\/v2\/comments?post=14194"}],"version-history":[{"count":7,"href":"https:\/\/ottevenyikastely.hu\/de\/wp-json\/wp\/v2\/pages\/14194\/revisions"}],"predecessor-version":[{"id":14507,"href":"https:\/\/ottevenyikastely.hu\/de\/wp-json\/wp\/v2\/pages\/14194\/revisions\/14507"}],"wp:attachment":[{"href":"https:\/\/ottevenyikastely.hu\/de\/wp-json\/wp\/v2\/media?parent=14194"}],"curies":[{"name":"wp","href":"https:\/\/api.w.org\/{rel}","templated":true}]}}