{"id":14584,"date":"2025-12-20T09:50:02","date_gmt":"2025-12-20T08:50:02","guid":{"rendered":"https:\/\/ottevenyikastely.hu\/?page_id=14584"},"modified":"2025-12-29T16:03:50","modified_gmt":"2025-12-29T15:03:50","slug":"szilveszteri-menu","status":"publish","type":"page","link":"https:\/\/ottevenyikastely.hu\/de\/szilveszteri-menu\/","title":{"rendered":"Szilveszteri men\u00fc"},"content":{"rendered":"<div data-elementor-type=\"wp-page\" data-elementor-id=\"14584\" class=\"elementor elementor-14584\" data-elementor-post-type=\"page\">\n\t\t\t\t<div class=\"elementor-element elementor-element-2ccffec e-flex e-con-boxed e-con e-parent\" data-id=\"2ccffec\" data-element_type=\"container\" data-e-type=\"container\">\n\t\t\t\t\t<div class=\"e-con-inner\">\n\t\t\t\t<div class=\"elementor-element elementor-element-ed43a9b elementor-widget elementor-widget-heading\" data-id=\"ed43a9b\" data-element_type=\"widget\" data-e-type=\"widget\" data-widget_type=\"heading.default\">\n\t\t\t\t<div class=\"elementor-widget-container\">\n\t\t\t\t\t<h2 class=\"elementor-heading-title elementor-size-default\">Szilveszteri men\u00fc<\/h2>\t\t\t\t<\/div>\n\t\t\t\t<\/div>\n\t\t\t\t\t<\/div>\n\t\t\t\t<\/div>\n\t\t<div class=\"elementor-element elementor-element-b006c39 e-flex e-con-boxed e-con e-parent\" data-id=\"b006c39\" data-element_type=\"container\" data-e-type=\"container\">\n\t\t\t\t\t<div class=\"e-con-inner\">\n\t\t\t\t<div class=\"elementor-element elementor-element-153642d elementor-widget elementor-widget-image\" data-id=\"153642d\" data-element_type=\"widget\" data-e-type=\"widget\" data-widget_type=\"image.default\">\n\t\t\t\t<div class=\"elementor-widget-container\">\n\t\t\t\t\t\t\t\t\t\t\t\t\t\t\t<img fetchpriority=\"high\" decoding=\"async\" width=\"768\" height=\"768\" src=\"https:\/\/ottevenyikastely.hu\/wp-content\/uploads\/2025\/12\/Bridgerton-bal-768x768.jpg\" class=\"attachment-medium_large size-medium_large wp-image-14632\" alt=\"\" srcset=\"https:\/\/ottevenyikastely.hu\/wp-content\/uploads\/2025\/12\/Bridgerton-bal-768x768.jpg 768w, https:\/\/ottevenyikastely.hu\/wp-content\/uploads\/2025\/12\/Bridgerton-bal-300x300.jpg 300w, https:\/\/ottevenyikastely.hu\/wp-content\/uploads\/2025\/12\/Bridgerton-bal-150x150.jpg 150w, https:\/\/ottevenyikastely.hu\/wp-content\/uploads\/2025\/12\/Bridgerton-bal-12x12.jpg 12w, https:\/\/ottevenyikastely.hu\/wp-content\/uploads\/2025\/12\/Bridgerton-bal-600x600.jpg 600w, https:\/\/ottevenyikastely.hu\/wp-content\/uploads\/2025\/12\/Bridgerton-bal.jpg 1024w\" sizes=\"(max-width: 768px) 100vw, 768px\" title=\"\">\t\t\t\t\t\t\t\t\t\t\t\t\t\t\t<\/div>\n\t\t\t\t<\/div>\n\t\t\t\t<div class=\"elementor-element elementor-element-b0c62b4 elementor-widget elementor-widget-text-editor\" data-id=\"b0c62b4\" data-element_type=\"widget\" data-e-type=\"widget\" data-widget_type=\"text-editor.default\">\n\t\t\t\t<div class=\"elementor-widget-container\">\n\t\t\t\t\t\t\t\t\t<p><b>El\u0151\u00e9telek hidegt\u00e1lakon t\u00e1lalva<\/b><b><\/b><\/p><ul><li>Tokajis Kacsam\u00e1jp\u00e1st\u00e9tom f\u00fcge lekv\u00e1rral\u00a0<\/li><li>Kacsamell carpaccio balzsamecetes m\u00e1rt\u00e1ssal, karamelliz\u00e1lt alm\u00e1val\u00a0<\/li><li>F\u00fcst\u00f6lt f\u0151tt marhanyelv\u00a0<\/li><li>F\u00fcst\u00f6lt lazac r\u00f3zs\u00e1k, kr\u00e9msajttal t\u00f6ltve\u00a0<\/li><li>Casino toj\u00e1s\u00a0<\/li><li>Sert\u00e9s Rillette bagetteten t\u00e1lalva, hagyma lekv\u00e1rral\u00a0<\/li><li>Francia sal\u00e1ta\u00a0<\/li><li>Sajtos almasal\u00e1ta\u00a0<\/li><li>Vekni bio hajdin\u00e1s Europastry\u00a0<\/li><\/ul><p><b>F\u0151\u00e9telek\u00a0<\/b><b><\/b><\/p><ul><li>Ropog\u00f3s kacsacomb j\u00f3asszony m\u00f3dra\u00a0<\/li><li>Cs\u00e1ky rost\u00e9lyos\u00a0<\/li><li>Sert\u00e9s s\u00fclt erdei gombaragun t\u00e1lalva\u00a0<\/li><li>T\u00f6lt\u00f6tt csirkecomb, m\u00e1jas z\u00f6ldbors\u00f3s t\u00f6ltel\u00e9kkel\u00a0<\/li><li>Aszalt szilv\u00e1val t\u00f6lt\u00f6tt j\u00e9rcemell bacon kalod\u00e1ban<\/li><li>Z\u00f6lds\u00e9ggel t\u00f6lt\u00f6tt karl\u00e1b\u00e9 tejsz\u00ednes m\u00e1rt\u00e1ssal (Veget\u00e1ri\u00e1nus)<\/li><li>Grill Halloumi \u00e9s gomolya vegyesen \u00c1fonya m\u00e1rt\u00e1ssal\u00a0<\/li><\/ul><p><b>K\u00f6retek<\/b><b><\/b><\/p><ul><li>J\u00e1zminrizs<\/li><li>H\u00e1zi steak burgonya<\/li><li>Bajor galuska<\/li><li>Vajban p\u00e1rolt z\u00f6lds\u00e9g<\/li><li>Doll\u00e1rchips<\/li><\/ul><div><p><b>Sal\u00e1ta<\/b><b><\/b><\/p><ul><li>M\u00e9zes-must\u00e1ros burgonyasal\u00e1ta\u00a0<\/li><li>G\u00f6r\u00f6g sal\u00e1ta\u00a0<\/li><li>h\u00e1zi vegyesv\u00e1gott a piacr\u00f3l\u00a0<\/li><\/ul><\/div><p><b>Desszertek Matuszos s\u00fctikb\u0151l\u00a0<\/b><i><\/i><\/p><ul><li>Szilv\u00e1s vajas crumble \u00a0<\/li><li>Epres sajttorta\u00a0\u00a0<\/li><li>Aranygaluska\u00a0<\/li><li>Van\u00edliasz\u00f3sz\u00a0<\/li><li><p>Mandarinos sajttorta<\/p><\/li><li><p>Tiramisu<\/p><\/li><li><p>Kr\u00e9mes mang\u00f3 szelet<\/p><p><span style=\"font-size: 18px; text-align: var(--text-align);\">\u00a0<\/span><\/p><\/li><\/ul><p><b>\u00c9jf\u00e9li fog\u00e1s<\/b><b><\/b><\/p><ul><li>S\u00f6rben s\u00fclt b\u0151r\u00f6s malacporcett\u00f3<\/li><li>Gef\u00fclltes Kraut<\/li><li>K\u00f6r\u00f6mp\u00f6rk\u00f6lt\u00a0<\/li><li>Lencsef\u0151zel\u00e9k, k\u00fcl\u00f6n s\u00fclt kolb\u00e1szkarik\u00e1k<\/li><\/ul><div><div>\u00a0<\/div><\/div>\t\t\t\t\t\t\t\t<\/div>\n\t\t\t\t<\/div>\n\t\t\t\t\t<\/div>\n\t\t\t\t<\/div>\n\t\t<div class=\"elementor-element elementor-element-5c0cc56 e-flex e-con-boxed e-con e-parent\" data-id=\"5c0cc56\" data-element_type=\"container\" data-e-type=\"container\">\n\t\t\t\t\t<div class=\"e-con-inner\">\n\t\t\t\t<div class=\"elementor-element elementor-element-d28d58b elementor-widget elementor-widget-text-editor\" data-id=\"d28d58b\" data-element_type=\"widget\" data-e-type=\"widget\" data-widget_type=\"text-editor.default\">\n\t\t\t\t<div class=\"elementor-widget-container\">\n\t\t\t\t\t\t\t\t\t<p><em>A men\u00fc v\u00e1ltoztat\u00e1sok jog\u00e1t fenntartjuk<\/em><\/p>\t\t\t\t\t\t\t\t<\/div>\n\t\t\t\t<\/div>\n\t\t\t\t\t<\/div>\n\t\t\t\t<\/div>\n\t\t\t\t<\/div>","protected":false},"excerpt":{"rendered":"<p>Szilveszteri men\u00fc El\u0151\u00e9telek hidegt\u00e1lakon t\u00e1lalva Tokajis Kacsam\u00e1jp\u00e1st\u00e9tom f\u00fcge lekv\u00e1rral\u00a0 Kacsamell carpaccio balzsamecetes m\u00e1rt\u00e1ssal, karamelliz\u00e1lt alm\u00e1val\u00a0 F\u00fcst\u00f6lt f\u0151tt marhanyelv\u00a0 F\u00fcst\u00f6lt lazac r\u00f3zs\u00e1k, kr\u00e9msajttal t\u00f6ltve\u00a0 Casino toj\u00e1s\u00a0 Sert\u00e9s Rillette bagetteten t\u00e1lalva, hagyma lekv\u00e1rral\u00a0 Francia sal\u00e1ta\u00a0 Sajtos almasal\u00e1ta\u00a0 Vekni bio hajdin\u00e1s Europastry\u00a0 F\u0151\u00e9telek\u00a0 Ropog\u00f3s kacsacomb j\u00f3asszony m\u00f3dra\u00a0 Cs\u00e1ky rost\u00e9lyos\u00a0 Sert\u00e9s s\u00fclt erdei gombaragun t\u00e1lalva\u00a0 T\u00f6lt\u00f6tt csirkecomb, m\u00e1jas z\u00f6ldbors\u00f3s [&hellip;]<\/p>","protected":false},"author":7,"featured_media":0,"parent":0,"menu_order":0,"comment_status":"closed","ping_status":"closed","template":"","meta":{"footnotes":""},"class_list":["post-14584","page","type-page","status-publish","hentry","entry"],"_links":{"self":[{"href":"https:\/\/ottevenyikastely.hu\/de\/wp-json\/wp\/v2\/pages\/14584","targetHints":{"allow":["GET"]}}],"collection":[{"href":"https:\/\/ottevenyikastely.hu\/de\/wp-json\/wp\/v2\/pages"}],"about":[{"href":"https:\/\/ottevenyikastely.hu\/de\/wp-json\/wp\/v2\/types\/page"}],"author":[{"embeddable":true,"href":"https:\/\/ottevenyikastely.hu\/de\/wp-json\/wp\/v2\/users\/7"}],"replies":[{"embeddable":true,"href":"https:\/\/ottevenyikastely.hu\/de\/wp-json\/wp\/v2\/comments?post=14584"}],"version-history":[{"count":13,"href":"https:\/\/ottevenyikastely.hu\/de\/wp-json\/wp\/v2\/pages\/14584\/revisions"}],"predecessor-version":[{"id":14636,"href":"https:\/\/ottevenyikastely.hu\/de\/wp-json\/wp\/v2\/pages\/14584\/revisions\/14636"}],"wp:attachment":[{"href":"https:\/\/ottevenyikastely.hu\/de\/wp-json\/wp\/v2\/media?parent=14584"}],"curies":[{"name":"wp","href":"https:\/\/api.w.org\/{rel}","templated":true}]}}