{"id":4007,"date":"2023-06-12T12:12:22","date_gmt":"2023-06-12T10:12:22","guid":{"rendered":"https:\/\/ottevenyikastely.hu\/?page_id=4007"},"modified":"2024-03-11T14:20:47","modified_gmt":"2024-03-11T13:20:47","slug":"gastronomie-alt","status":"publish","type":"page","link":"https:\/\/ottevenyikastely.hu\/de\/gastronomie-alt\/","title":{"rendered":"Gastronomie-alt"},"content":{"rendered":"<div  class=\"one withsmallpadding ppb_text_image withbg parallax\" style=\"background-image:url(https:\/\/ottevenyikastely.hu\/wp-content\/uploads\/2023\/07\/elegant-restaurant-table-setting-service-for-recep-2022-12-16-00-11-59-utc.jpg);background-position: center top;text-align:center;padding:280px 0 280px 0;color:#ffffff !important;\" >\n<div class=\"overlay_background\" style=\"background:#000000;background:rgb(0,0,0,0.3);background:rgba(0,0,0,0.3);\"><\/div>\n<div class=\"standard_wrapper\">\n<div class=\"page_content_wrapper\">\n<div class=\"inner\">\n<div style=\"margin:auto;width:65%\">\n<h1 style=\"color: #fff; font-size: 46px;\"><\/h1>\n<h2 class=\"widgettitle\" style=\"color: #fff; border-color: #fff; margin-top: 20px;\"><\/h2>\n<h1 style=\"color: #fff; font-size: 60px;\">GASTRONOMIE<\/h1>\n<h2 class=\"widgettitle\" style=\"color: #fff; border-color: #0000; font-size: 28px; text-align: center;\">PROFESSIONELLES TEAM, EXKLUSIVES AMBIENTE, ERSTKLASSIGER SERVICE<\/h2>\n<\/div>\n<\/div>\n<\/div>\n<\/div>\n<\/div>\n<div  class=\"ppb_image_half_boxed_fixed_width one\" style=\"margin-top:40px;margin-bottom:40px;\" >\n<div class=\"standard_wrapper\">\n<div class=\"page_content_wrapper\">\n<div class=\"inner\">\n<div class=\"one_half content_middle fixed\" style=\"padding:30px; text-align:center;min-height:1000px;background-color:#ffffff;\">\n<div class=\"content_middle_wrapper\">\n<div class=\"content_middle_content\">\n<h2 class=\"ppb_title\" style=\"color:#000000;\">STERNEKOCH IN DER K\u00dcCHE<\/h2>\n<div class=\"ppb_header_content\">\n<p style=\"text-align: justify;\">Wir sind stolz darauf, Ihnen die gastronomischen Meisterwerke des Chefkochs Suga P\u00e9ter und seines wunderbaren Teams zu empfehlen. Um Ihre Veranstaltung unvergesslich zu machen, bem\u00fchen wir uns, die am besten geeigneten Speisen und Getr\u00e4nke nach Ihren W\u00fcnschen zuzubereiten. Jede Veranstaltung wird von uns individuell behandelt, sei es eine Hochzeit, eine Konferenz oder eine andere Veranstaltung.<br \/>\nF\u00fcr Hochzeiten k\u00f6nnen wir eine Sitzplatzreservierung f\u00fcr 160 Personen an runden Tischen mit Tellerservice anbieten, f\u00fcr Konferenzen k\u00f6nnen wir eine Sitzplatzreservierung f\u00fcr 200 Personen an runden Tischen anbieten und bei gr\u00f6\u00dferen Veranstaltungen k\u00f6nnen wir 300 Personen bei einem Stehempfang im zentralen Restaurant des Schlosses bedienen.<br \/>\nSuga P\u00e9ter ist ein renommierter K\u00fcchenchef, der seine Karriere in Miskolc begann und \u00fcber die Budapester Restaurants Gundel, Paradiso und Kempinski nach Gy\u0151r zog, wo er seine Arbeit als K\u00fcchenchef im Pati\u00f3 und dann im Restaurant La mareda fortsetzte. Zu seinen europ\u00e4ischen Wettbewerbserfolgen z\u00e4hlen olympisches Silber und WM-Gold. Suga P\u00e9ter kreiert Men\u00fcs f\u00fcr Themenabende, organisiert Weinabende mit den renommiertesten Winzern, hat einen Kochclub gegr\u00fcndet und nimmt an Wettbewerbsjurys und Kammerpr\u00fcfungen teil. Sein Name ist ein Synonym f\u00fcr Qualit\u00e4tsgastronomie.<br \/>\nVertrauen Sie uns Ihre gastronomischen Erlebnisse an und lassen Sie sich von uns mit den k\u00f6stlichsten H\u00e4ppchen verf\u00fchren, die Ihnen hoffentlich helfen werden!<br \/>\nReferenzen zu den Pr\u00e4sentationen finden Sie hier: : <a href=\"https:\/\/ottevenyikastely.hu\/de\/?galleries=gallery-flow&#038;lang=hu\">In der Galerie<\/a><\/p>\n<\/div>\n<\/div>\n<\/div>\n<\/div>\n<div class=\"one_half content_middle last\" style=\"background-image:url(https:\/\/ottevenyikastely.hu\/wp-content\/uploads\/2023\/06\/HBP04444_retus.jpg);min-height:1000px;\"><\/div>\n<p><br class=\"clear\"\/><\/div>\n<\/div>\n<\/div>\n<\/div>\n<div  class=\"one ppb_fullwidth_button\" style=\"padding:40px 0 40px 0;background-color:#ffffff;\" >\n<div class=\"standard_wrapper\">\n<h2 class=\"title\" style=\"color:;\">BUCHUNG UND TERMIN\u00dcBERPR\u00dcFUNG<\/h2>\n<p><a href=\"https:\/\/ottevenyikastely.hu\/de\/besetzt2\/\" class=\"button\" >Buchung<\/a><\/div>\n<\/div>\n<div  class=\"ppb_image_half_boxed_fixed_width one\" style=\"margin-top:40px;\" >\n<div class=\"standard_wrapper\">\n<div class=\"page_content_wrapper\">\n<div class=\"inner\">\n<div class=\"one_half content_middle\" style=\"background-image:url(https:\/\/ottevenyikastely.hu\/wp-content\/uploads\/2023\/07\/torta_20220923_104916.jpg);min-height:1000px;\"><\/div>\n<div class=\"one_half last content_middle fixed\" style=\"padding:40px;text-align:center;min-height:1000px; background-color:#ffffff;\">\n<div class=\"content_middle_wrapper\">\n<div class=\"content_middle_content\">\n<h2 class=\"ppb_title\" style=\"\">ENTDECKEN SIE DIE SPEZIALIT\u00c4TEN DER KONDITOREI MIT KRISZTI\u00c1N VARGA<\/h2>\n<div class=\"ppb_header_content\">\n<p style=\"text-align: justify;\">... seit mehr als drei Jahrzehnten ein treuer Meister der Konditorenkunst! Kriszti\u00e1n leitet die <strong>Toscana-Konditorei<\/strong> in Gy\u0151r als Konditormeister, der mit Stolz die traditionelle Kunst der Konditorei vertritt und nur mit nat\u00fcrlichen Zutaten und echter Sahne arbeitet. Wenn Sie ihn f\u00fcr Ihre Hochzeitstorte w\u00e4hlen, werden Sie sicher nicht entt\u00e4uscht sein<\/p>\n<p style=\"text-align: justify;\">Entscheiden Sie nicht blindlings! Probieren Sie den einzigartigen Geschmack der frisch zubereiteten S\u00fc\u00dfigkeiten in der Konditorei Toscana in Gy\u0151r und sp\u00fcren Sie die echte Qualit\u00e4t. Neben Kuchen bieten wir auch s\u00fc\u00dfes und herzhaftes Geb\u00e4ck an und bereiten Abschiedspakete vor, damit Sie Ihren G\u00e4sten als Dankesch\u00f6n ein passendes Geschenk machen k\u00f6nnen.<\/p>\n<p style=\"text-align: justify;\">Bestellen Sie Ihren Kuchen zum Preis von Gy\u0151r, aber in Weltklasse-Qualit\u00e4t! Besuchen Sie die Website der Toscana-Konditorei,<\/p>\n<div class=\"standard_wrapper\" style=\"text-align: justify;\">\n<p style=\"text-align: center;\"><a class=\"button\" href=\"https:\/\/toscanacukraszda.hu\/eskuvoi-tortak\/?utm_source=kastely_honlap&#038;utm_medium=Referral&#038;utm_campaign=kastely_honlap\" target=\"_blank\" rel=\"noopener\">Toskana web<\/a><\/p>\n<p>oder werfen Sie einen Blick auf unsere Hochzeitstorten-Galerie!<\/p>\n<\/div>\n<div class=\"standard_wrapper\" style=\"text-align: center;\"><a class=\"button\" href=\"https:\/\/ottevenyikastely.hu\/de\/galleries\/toscana-cukraszda-eskuvoi-tortai\/\">Torten-Galerie<\/a><\/div>\n<div style=\"text-align: justify;\"><\/div>\n<div class=\"standard_wrapper\" style=\"text-align: justify;\">\n<p style=\"text-align: justify;\">Wenn Sie Hilfe ben\u00f6tigen, wenden Sie sich an einen unserer Mitarbeiter oder schreiben Sie direkt an den Kapit\u00e4n und fordern Sie ein individuelles Angebot an <a href=\"mailto:rendeles@toscanacukraszda.hu\">rendeles@toscanacukraszda.hu<\/a>um die wichtigsten Momente zu kr\u00f6nen!<\/p>\n<\/div>\n<\/div>\n<\/div>\n<\/div>\n<\/div>\n<p><br class=\"clear\"\/><\/div>\n<\/div>\n<\/div>\n<\/div>\n<div  class=\"one ppb_fullwidth_button\" style=\"padding:35px 0 35px 0;background-color:#ffffff;margin-top:40px;\" >\n<div class=\"standard_wrapper\"><a href=\"https:\/\/ottevenyikastely.hu\/de\/essens-und-getraenkekonsum\/\" class=\"button\">Empfehlungen f\u00fcr Speisen und Getr\u00e4nke<\/a><\/div>\n<\/div>\n<div  class=\"one withsmallpadding ppb_header parallax withbg\" style=\"background-image:url(https:\/\/ottevenyikastely.hu\/wp-content\/uploads\/2023\/07\/elegant-catering-table-set-service-with-silverware-2021-09-03-07-43-23-utc.jpg);background-position: center center;text-align:center;padding:280px 0 280px 0;color:#ffffff;\" >\n<div class=\"overlay_background\" style=\"background:#000000;background:rgb(0,0,0,0.2);background:rgba(0,0,0,0.2);\"><\/div>\n<div class=\"standard_wrapper\">\n<div class=\"page_content_wrapper\">\n<div class=\"inner\">\n<div style=\"margin:auto;width:75%\"><\/div>\n<\/div>\n<\/div>\n<\/div>\n<\/div>","protected":false},"excerpt":{"rendered":"<p>GASTRONOMIE PROFI-TEAM, EXKLUSIVES AMBIENTE, PREMIUM-SERVICE STAR-CHEF IN DER K\u00dcCHE Wir empfehlen stolz die gastronomischen Meisterwerke von Executive Chef Suga P\u00e9ter und seinem wunderbaren Team. Um Ihr Event unvergesslich zu machen, bem\u00fchen wir uns, die am besten geeigneten Speisen und Getr\u00e4nke nach Ihren W\u00fcnschen zuzubereiten. Jede Veranstaltung wird von uns individuell behandelt, sei es eine Hochzeit, [&hellip;]<\/p>","protected":false},"author":3,"featured_media":0,"parent":0,"menu_order":0,"comment_status":"closed","ping_status":"closed","template":"","meta":{"footnotes":""},"class_list":["post-4007","page","type-page","status-publish","hentry","entry"],"_links":{"self":[{"href":"https:\/\/ottevenyikastely.hu\/de\/wp-json\/wp\/v2\/pages\/4007","targetHints":{"allow":["GET"]}}],"collection":[{"href":"https:\/\/ottevenyikastely.hu\/de\/wp-json\/wp\/v2\/pages"}],"about":[{"href":"https:\/\/ottevenyikastely.hu\/de\/wp-json\/wp\/v2\/types\/page"}],"author":[{"embeddable":true,"href":"https:\/\/ottevenyikastely.hu\/de\/wp-json\/wp\/v2\/users\/3"}],"replies":[{"embeddable":true,"href":"https:\/\/ottevenyikastely.hu\/de\/wp-json\/wp\/v2\/comments?post=4007"}],"version-history":[{"count":0,"href":"https:\/\/ottevenyikastely.hu\/de\/wp-json\/wp\/v2\/pages\/4007\/revisions"}],"wp:attachment":[{"href":"https:\/\/ottevenyikastely.hu\/de\/wp-json\/wp\/v2\/media?parent=4007"}],"curies":[{"name":"wp","href":"https:\/\/api.w.org\/{rel}","templated":true}]}}