{"id":4013,"date":"2023-06-12T12:18:17","date_gmt":"2023-06-12T10:18:17","guid":{"rendered":"https:\/\/ottevenyikastely.hu\/?page_id=4013"},"modified":"2023-11-20T14:00:29","modified_gmt":"2023-11-20T13:00:29","slug":"hochzeit","status":"publish","type":"page","link":"https:\/\/ottevenyikastely.hu\/de\/hochzeit\/","title":{"rendered":"Hochzeit"},"content":{"rendered":"<div  class=\"one withsmallpadding ppb_header_youtube withbg parallax\" data-jarallax-video=\"https:\/\/www.youtube.com\/watch?v=qHenFX9im3Y\"  style=\"text-align:center;padding:265px 0 265px 0;\" >\n<div class=\"standard_wrapper\">\n<div class=\"page_content_wrapper\">\n<div class=\"inner\">\n<div style=\"margin:auto;width:100%\">\n<div class=\"ppb_header_content\">\n<h1 style=\"color:#fff;font-size:60px;\">Hochzeit im Schloss<\/h1>\n<h2 class=\"widgettitle\" style=\"color:#fff;border-color:#0000;font-size:28px;text-align: center\">Seien Sie der Herzog und die Herzogin des Schlosses \u00d6ttev\u00e9ny an Ihrem gro\u00dfen Tag<\/h2>\n<\/div>\n<\/div>\n<\/div>\n<\/div>\n<\/div>\n<\/div>\n<div  class=\"ppb_image_half_boxed_fixed_width one\" style=\"margin-top:40px;margin-bottom:40px;\" >\n<div class=\"standard_wrapper\">\n<div class=\"page_content_wrapper\">\n<div class=\"inner\">\n<div class=\"one_half content_middle fixed\" style=\"padding:30px; text-align:center;min-height:1000px;background-color:#ffffff;\">\n<div class=\"content_middle_wrapper\">\n<div class=\"content_middle_content\">\n<h2 class=\"ppb_title\" style=\"\">Werden Sie Herzog und Herzogin des Schlosses \u00d6ttev\u00e9ny<\/h2>\n<div class=\"ppb_header_content\">\n<p style=\"color: #374151; text-align: justify;\">...und lassen Sie Ihre Tr\u00e4ume mit uns wahr werden! Sie k\u00f6nnen die exklusive Location f\u00fcr die Hochzeitssaison 2024 zusammen mit unserer professionellen Hochzeitsplanerin nutzen. Unsere Eventorganisatorin im Schloss, Marianna Iv\u00e1nkovics, verf\u00fcgt \u00fcber mehr als 10 Jahre Erfahrung und garantiert, dass von den kleinsten Details bis zum Ende der Nacht alles perfekt ist, damit Sie sich nur auf die unvergesslichen Momente konzentrieren m\u00fcssen. F\u00fcr das Catering, das dem Standard des Schlosses entspricht, sind der Meisterkoch P\u00e9ter Suga und sein Team verantwortlich, so dass jedes servierte Gericht mit den besten Qualit\u00e4tsprodukten, frischen Zutaten und besonderer Aufmerksamkeit zubereitet wird. Nach vorheriger Absprache k\u00f6nnen Sie aus drei Men\u00fcoptionen (traditionell, Gourmet, aristokratisch) diejenige ausw\u00e4hlen, die Ihrem Geschmack am besten entspricht.<\/p>\n<p style=\"color: #374151; text-align: justify;\">Unser 2,6 Hektar gro\u00dfer historischer Park ist ein hervorragender Schauplatz f\u00fcr die Zeremonie und nat\u00fcrlich f\u00fcr die anschlie\u00dfende Feier bis zum Morgengrauen. Ob Sie Ihr ewiges Gel\u00fcbde in unserem Garten voller Fr\u00fchlingsblumen, an einem lauen Sommerabend, inmitten fallender Herbstbl\u00e4tter oder in einer Winterlandschaft ablegen m\u00f6chten, Schloss \u00d6ttev\u00e9ny bietet das ganze Jahr \u00fcber einen unvergleichlichen Rahmen. Unser eleganter Ballsaal bietet Platz f\u00fcr 160 G\u00e4ste, und Ihre wichtigsten Familienmitglieder k\u00f6nnen zwischen 14 speziell eingerichteten Hotelzimmern w\u00e4hlen, darunter 3 Suiten mit Versace-Badezimmern. F\u00fcr Braut und Br\u00e4utigam ist unsere exklusive \"Honeymoon\"-Suite mit ihrer intimen Atmosph\u00e4re die perfekte Wahl f\u00fcr die erste Nacht als Ehepaar.<\/p>\n<p style=\"color: #374151; text-align: justify;\">Besuchen Sie uns und lassen Sie sich von der malerischen Sch\u00f6nheit unseres Schlosses verzaubern. Die gesamte Anlage kann ab dem 1. Mai 2024 zu einem sehr g\u00fcnstigen Preis von 4000 \u20ac pro Veranstaltung gemietet werden. Wenn Sie ein wirklich komplexes Schlosserlebnis w\u00fcnschen, k\u00f6nnen Sie es auch f\u00fcr ein ganzes Wochenende (Fr-Sa-So) f\u00fcr 8000 \u20ac mieten.<\/p>\n<p style=\"color: #374151; text-align: justify;\"><strong>Das Schloss wird derzeit komplett renoviert und kann daher derzeit nicht besichtigt werden. Die Er\u00f6ffnung in voller Pracht ist f\u00fcr den 30. April 2024 geplant.<\/strong><\/p>\n<\/div>\n<\/div>\n<\/div>\n<\/div>\n<div class=\"one_half content_middle last\" style=\"background-image:url(https:\/\/ottevenyikastely.hu\/wp-content\/uploads\/2023\/06\/Kepernyofoto-2023-06-11-6.28.14-2.jpeg);min-height:1000px;\"><\/div>\n<p><br class=\"clear\"\/><\/div>\n<\/div>\n<\/div>\n<\/div>\n<div  class=\"one withsmallpadding ppb_header parallax withbg\" style=\"background-image:url(https:\/\/ottevenyikastely.hu\/wp-content\/uploads\/2023\/07\/wedding-table.jpg);background-position: center top;text-align:center;padding:285px 0 285px 0;color:#ffffff;\" >\n<div class=\"overlay_background\" style=\"background:#000000;background:rgb(0,0,0,0.2);background:rgba(0,0,0,0.2);\"><\/div>\n<div class=\"standard_wrapper\">\n<div class=\"page_content_wrapper\">\n<div class=\"inner\">\n<div style=\"margin:auto;width:100%\">\n<div class=\"ppb_header_content\">\n<h1 style=\"color:#fff;font-size:60px;\">F\u00fcrstlicher Dienst<\/h1>\n<h2 class=\"widgettitle\" style=\"color:#fff;border-color:#0000;font-size:28px;text-align: center\">Bestuhlung mit runden Tischen f\u00fcr 160 Personen<\/h2>\n<\/div>\n<\/div>\n<\/div>\n<\/div>\n<\/div>\n<\/div>\n<div  class=\"ppb_image_half_boxed_fixed_width one\" style=\"margin-top:40px;margin-bottom:40px;\" >\n<div class=\"standard_wrapper\">\n<div class=\"page_content_wrapper\">\n<div class=\"inner\">\n<div class=\"one_half content_middle\" style=\"background-image:url(https:\/\/ottevenyikastely.hu\/wp-content\/uploads\/2017\/05\/bride.jpg);min-height:630px;\"><\/div>\n<div class=\"one_half last content_middle fixed\" style=\"padding:40px;text-align:center;min-height:630px; background-color:#ffffff;\">\n<div class=\"content_middle_wrapper\">\n<div class=\"content_middle_content\">\n<h2 class=\"ppb_title\" style=\"\">\u00dcberlassen Sie uns die Organisation<\/h2>\n<div class=\"ppb_header_content\">\n<p style=\"color: #374151; text-align: justify;\">Unser Hochzeitsservice sorgt daf\u00fcr, dass Sie Ihren gro\u00dfen Tag sorgenfrei genie\u00dfen k\u00f6nnen!<\/p>\n<p style=\"color: #374151; text-align: justify;\">Die Miete des gesamten Schlosses einschlie\u00dflich des Hochzeitsplaners kostet <strong>4000 EUR<\/strong> pro Nacht oder <strong>8000 EUR<\/strong> f\u00fcr das Wochenende (Freitag-Samstag-Sonntag).<\/p>\n<p style=\"color: #374151; text-align: justify;\">Unsere Hochzeitsplanungsdienste sind kostenlos, aber nat\u00fcrlich m\u00fcssen Sie f\u00fcr die ausgew\u00e4hlten K\u00fcnstler und andere Dienstleistungen wie Blumenbestellung, Fotograf, Flughafentransfer und Catering bezahlen.<\/p>\n<\/div>\n<\/div>\n<\/div>\n<\/div>\n<p><br class=\"clear\"\/><\/div>\n<\/div>\n<\/div>\n<\/div>\n<div  class=\"one ppb_fullwidth_button\" style=\"padding:40px 0 40px 0;background-color:#ffffff;margin-top:40px;margin-bottom:40px;\" >\n<div class=\"standard_wrapper\">\n<h2 class=\"title\" style=\"color:;\">BUCHUNG UND TERMIN\u00dcBERPR\u00dcFUNG<\/h2>\n<p><a href=\"https:\/\/ottevenyikastely.hu\/de\/buchung\/\" class=\"button\" >Buchung<\/a><\/div>\n<\/div>\n<div  class=\"ppb_image_half_boxed_fixed_width one\" style=\"margin-top:40px;margin-bottom:40px;\" >\n<div class=\"standard_wrapper\">\n<div class=\"page_content_wrapper\">\n<div class=\"inner\">\n<div class=\"one_half content_middle fixed\" style=\"padding:40px; text-align:center;min-height:1000px;background-color:#ffffff;\">\n<div class=\"content_middle_wrapper\">\n<div class=\"content_middle_content\">\n<h2 class=\"ppb_title\" style=\"\"> Unser kostenloser Planungs- und Organisationsservice<\/h2>\n<div class=\"ppb_header_content\">\n<p style=\"color: #374151; text-align: justify;\">Planung und Koordination: Unsere Mitarbeiter helfen Ihnen bei der Planung bis ins kleinste Detail und sind w\u00e4hrend der gesamten Dauer der Hochzeit anwesend, um sicherzustellen, dass alles nach Plan verl\u00e4uft. Sie helfen Ihnen, die Veranstaltung bis ins kleinste Detail zu planen, um auch den kleinsten Spielraum f\u00fcr Fehler auszuschlie\u00dfen. Dekoration und Ausschm\u00fcckung: Auch wenn unser Schloss an sich schon beeindruckend ist, kann es durch die richtige Dekoration noch besser zur Geltung kommen. Unsere Mitarbeiter helfen Ihnen, den Veranstaltungsort so zu dekorieren, dass er zum Stil des Paares und zum Thema der Hochzeit passt, und zwar auf die kosteng\u00fcnstigste Art und Weise. Wir helfen nicht nur bei der Auswahl und Bestellung des richtigen Dienstleisters, sondern k\u00fcmmern uns auch um die Dekoration. Catering: Die Schl\u00f6sser verf\u00fcgen \u00fcber voll ausgestattete K\u00fcchen und Cocktailbars, und unsere Spezialisten garantieren die Zubereitung frischer, gesunder und leckerer Speisen. Unsere Aufgabe ist es, das servierte Men\u00fc perfekt auf den Geschmack des Brautpaares und die Atmosph\u00e4re der Hochzeit abzustimmen. In unserem Weinkeller finden Sie die besten Weine von ungarischen und internationalen Weing\u00fctern. In unserer Cocktailbar bieten wir Ihnen die besten Spirituosen, kombiniert mit professionellem Service. Foto- und Videodienstleistungen: Das Schloss F\u00f6ldv\u00e1ry bietet eine beeindruckende Kulisse f\u00fcr Foto- und Videoaufnahmen. Unsere Mitarbeiter helfen Ihnen, den richtigen Fotografen und\/oder Videofilmer zu finden, damit Sie die M\u00f6glichkeiten des Schlosses optimal nutzen k\u00f6nnen. Veranstaltungsorganisation: Nat\u00fcrlich gibt es keine Hochzeit ohne Musik, deshalb helfen wir Ihnen gerne bei der Suche nach einer Live-Band oder einem DJ, au\u00dferdem gibt es die M\u00f6glichkeit eines Feuerwerks oder einer Kutschfahrt. Unsere Tanzfl\u00e4che ist mit der richtigen Beschallungsanlage ausgestattet und eignet sich f\u00fcr die Aufnahme jeder Darbietung. Unterkunftskoordination: W\u00e4hrend der Veranstaltung bietet unser Schloss kostenlose Unterkunft f\u00fcr Ihre G\u00e4ste, insgesamt 14 Zimmer stehen im Schloss zur Verf\u00fcgung, und 53 weitere Zimmer sind im Hotel Garzonplaza**** in Gy\u0151r gegen Geb\u00fchr verf\u00fcgbar, wo wir die G\u00e4ste kostenlos mit unserem exklusiven Kleinbus bef\u00f6rdern, der den ganzen Abend \u00fcber pendelt. Unsere Mitarbeiter helfen Ihnen bei der Planung der Unterbringung Ihrer Verwandten, einschlie\u00dflich der Unterbringung in anderen Hotels. Transfers: Unser Service umfasst die Organisation von Transfers zu einem angemessenen Preis, so dass jeder einfach und bequem an den Ort gelangen kann.<\/p>\n<p style=\"color: #374151; text-align: justify;\">Wir sind bei der Auswahl und Bestellung behilflich, aber die Kosten f\u00fcr die Dienstleistungen m\u00fcssen in jedem Fall vom Kunden getragen werden.<\/p>\n<\/div>\n<\/div>\n<\/div>\n<\/div>\n<div class=\"one_half content_middle last\" style=\"background-image:url(https:\/\/ottevenyikastely.hu\/wp-content\/uploads\/2023\/06\/Kepernyofoto-2023-06-11-6.24.56-2.jpeg);min-height:1000px;\"><\/div>\n<p><br class=\"clear\"\/><\/div>\n<\/div>\n<\/div>\n<\/div>\n<div  class=\"ppb_image_half_boxed_fixed_width one\" style=\"margin-top:40px;margin-bottom:40px;\" >\n<div class=\"standard_wrapper\">\n<div class=\"page_content_wrapper\">\n<div class=\"inner\">\n<div class=\"one_half content_middle\" style=\"background-image:url(https:\/\/ottevenyikastely.hu\/wp-content\/uploads\/2023\/06\/355159639_790598029218866_5332026251753184102_n.jpg);min-height:705px;\"><\/div>\n<div class=\"one_half last content_middle fixed\" style=\"padding:50px;text-align:center;min-height:705px; background-color:#ffffff;\">\n<div class=\"content_middle_wrapper\">\n<div class=\"content_middle_content\">\n<h2 class=\"ppb_title\" style=\"\">Marianna Ivankovits<\/h2>\n<div class=\"page_tagline\" style=\"\">Schloss-Manager<\/div>\n<div class=\"ppb_header_content\">\n<p style=\"text-align: justify;\"><span style=\"color: #374151;\">Sie verf\u00fcgt \u00fcber mehr als 15 Jahre Erfahrung in den Bereichen Hochzeitsplanung, Hotelmanagement und Catering. Nach ihrem Studium in Italien verbrachte sie mehr als ein Jahrzehnt in England, wo sie eine F\u00fclle von Berufserfahrung sammelte. In den letzten acht Jahren war sie Managerin des Garzon Plaza, eines Vier-Sterne-Hotels der Gruppe, wo sie zahlreiche Veranstaltungen und Konferenzen, darunter nationale und internationale Sportereignisse und Hochzeiten, organisiert und durchgef\u00fchrt hat. In der Vergangenheit hat sie das Schloss F\u00f6ldv\u00e1ry f\u00fcr zwei Hochzeitssaisons verwaltet und wird nach der Renovierung weiterhin mit Begeisterung als Eventmanagerin und Schlossmanagerin arbeiten. <\/span><\/p>\n<p style=\"text-align: justify;\"><span style=\"color: #374151;\">Sie k\u00f6nnen Marianna direkt erreichen unter <a href=\"tel:+36 70 379 2950\">+36 70 379 2950<\/a> oder per E-Mail an <\/span><a style=\"font-weight: 500; color: var(--tw-prose-links);\" href=\"mailto:info@foldvarykastely.hu\" target=\"_new\" rel=\"noopener\">info@foldvarykastely.hu<\/a><span style=\"color: #374151;\">.<\/span><\/p>\n<\/div>\n<\/div>\n<\/div>\n<\/div>\n<p><br class=\"clear\"\/><\/div>\n<\/div>\n<\/div>\n<\/div>","protected":false},"excerpt":{"rendered":"<p>Hochzeit im Schloss Werden Sie an Ihrem gro\u00dfen Tag zum Herzog und zur Herzogin des Schlosses \u00d6ttev\u00e9ny Werden Sie zum Herzog und zur Herzogin des Schlosses \u00d6ttev\u00e9ny ...und erf\u00fcllen Sie sich mit uns Ihre Tr\u00e4ume! Sie k\u00f6nnen die exklusive Location f\u00fcr die Hochzeitssaison 2024 zusammen mit unserer professionellen Hochzeitsplanerin nutzen. Unsere Eventorganisatorin im Schloss, Marianna Iv\u00e1nkovics, verf\u00fcgt \u00fcber mehr als 10 Jahre Erfahrung [...]<\/p>","protected":false},"author":3,"featured_media":0,"parent":0,"menu_order":0,"comment_status":"closed","ping_status":"closed","template":"","meta":{"footnotes":""},"class_list":["post-4013","page","type-page","status-publish","hentry","entry"],"_links":{"self":[{"href":"https:\/\/ottevenyikastely.hu\/de\/wp-json\/wp\/v2\/pages\/4013","targetHints":{"allow":["GET"]}}],"collection":[{"href":"https:\/\/ottevenyikastely.hu\/de\/wp-json\/wp\/v2\/pages"}],"about":[{"href":"https:\/\/ottevenyikastely.hu\/de\/wp-json\/wp\/v2\/types\/page"}],"author":[{"embeddable":true,"href":"https:\/\/ottevenyikastely.hu\/de\/wp-json\/wp\/v2\/users\/3"}],"replies":[{"embeddable":true,"href":"https:\/\/ottevenyikastely.hu\/de\/wp-json\/wp\/v2\/comments?post=4013"}],"version-history":[{"count":0,"href":"https:\/\/ottevenyikastely.hu\/de\/wp-json\/wp\/v2\/pages\/4013\/revisions"}],"wp:attachment":[{"href":"https:\/\/ottevenyikastely.hu\/de\/wp-json\/wp\/v2\/media?parent=4013"}],"curies":[{"name":"wp","href":"https:\/\/api.w.org\/{rel}","templated":true}]}}