{"id":4077,"date":"2023-06-12T15:15:55","date_gmt":"2023-06-12T13:15:55","guid":{"rendered":"https:\/\/ottevenyikastely.hu\/?page_id=4077"},"modified":"2023-11-20T14:00:06","modified_gmt":"2023-11-20T13:00:06","slug":"hochzeiten","status":"publish","type":"page","link":"https:\/\/ottevenyikastely.hu\/de\/hochzeiten\/","title":{"rendered":"Hochzeiten"},"content":{"rendered":"<div  class=\"one withsmallpadding ppb_header_youtube withbg parallax\" data-jarallax-video=\"https:\/\/www.youtube.com\/watch?v=qHenFX9im3Y\"  style=\"text-align:center;padding:265px 0 265px 0;\" >\n<div class=\"standard_wrapper\">\n<div class=\"page_content_wrapper\">\n<div class=\"inner\">\n<div style=\"margin:auto;width:100%\">\n<div class=\"ppb_header_content\">\n<h1 style=\"color:#fff;font-size:60px;\">HOCHZEIT IM SCHLOSS<\/h1>\n<h2 class=\"widgettitle\" style=\"color:#fff;border-color:#0000;font-size:28px;text-align: center\">Seien Sie an Ihrem gro\u00dfen Tag die Prinzen des \u00d6ttev\u00e9ny-Schlosses<\/h2>\n<\/div>\n<\/div>\n<\/div>\n<\/div>\n<\/div>\n<\/div>\n<div  class=\"ppb_image_half_boxed_fixed_width one\" style=\"margin-top:40px;margin-bottom:40px;\" >\n<div class=\"standard_wrapper\">\n<div class=\"page_content_wrapper\">\n<div class=\"inner\">\n<div class=\"one_half content_middle fixed\" style=\"padding:30px; text-align:center;min-height:1000px;background-color:#ffffff;\">\n<div class=\"content_middle_wrapper\">\n<div class=\"content_middle_content\">\n<h2 class=\"ppb_title\" style=\"\">Werden Sie das Prinzenpaar des \u00d6ttev\u00e9ny-Schlosses und verwirklichen Sie mit uns Ihre Tr\u00e4ume!<\/h2>\n<div class=\"ppb_header_content\">\n<p style=\"text-align: justify;\">In der Hochzeitssaison 2024 k\u00f6nnen Sie unseren privaten Veranstaltungsort zusammen mit unserer professionellen Hochzeitsplanerin nutzen. Unsere Veranstaltungsorganisatorin auf dem Schloss, Marianna Iv\u00e1nkovics, mit mehr als 10 Jahren Erfahrung, sorgt daf\u00fcr, dass vom kleinsten Detail bis zum Ende der Nacht alles perfekt ist, damit Sie sich nur auf die unvergesslichen Momente konzentrieren m\u00fcssen. Das Catering wird von Peter Suga, dem Meisterkoch, und seinem Team \u00fcbernommen, um dem Standard des Schlosses zu entsprechen, so dass jedes servierte Essen von bester Qualit\u00e4t ist, aus frischen Zutaten mit besonderer Sorgfalt zubereitet. Nach vorheriger Beratung k\u00f6nnen Sie aus drei Men\u00fcfolgen (traditionell, Gourmet, edel) w\u00e4hlen, die Ihrem Geschmack am besten entsprechen. Unser 2,6 Hektar gro\u00dfer alter Park ist ein hervorragender Ort f\u00fcr die Zeremonie und nat\u00fcrlich f\u00fcr die anschlie\u00dfende Feier bis zum Morgengrauen. Ob Sie sich die ewige Treue in einem Garten voller Fr\u00fchlingsblumen, in einer lauen Sommernacht, zwischen fallenden Herbstbl\u00e4ttern oder in einer Winterlandschaft schw\u00f6ren m\u00f6chten, das Schloss \u00d6ttev\u00e9ny bietet das ganze Jahr \u00fcber einen unvergleichlichen Anblick. Unser eleganter Ballsaal bietet Platz f\u00fcr 160 G\u00e4ste, und Ihre wichtigsten Verwandten k\u00f6nnen aus unseren 14 speziell eingerichteten Hotelzimmern w\u00e4hlen, von denen drei Suiten mit Versace-Badezimmern sind. F\u00fcr Frischverm\u00e4hlte ist die intime Atmosph\u00e4re unserer exklusiveren \"Honeymoon\"-Suite die perfekte Wahl f\u00fcr die erste Nacht als Ehepaar.<\/p>\n<p style=\"text-align: justify;\">Besuchen Sie uns und lassen Sie sich von der malerischen Sch\u00f6nheit unseres Schlosses verzaubern. Die gesamte Anlage kann ab dem 1. Mai 2024 zu einem sehr g\u00fcnstigen Preis von 4000 \u20ac pro Anlass gemietet werden. Wenn Sie sich nach einem wirklich komplexen Schlosserlebnis sehnen, kann es f\u00fcr ein ganzes Wochenende (Fr-So) f\u00fcr 8000 \u20ac gemietet werden.<\/p>\n<h5 style=\"text-align: center;\">Das Schloss wird derzeit komplett renoviert und kann daher derzeit nicht besichtigt werden. Die Er\u00f6ffnung in seiner ganzen Pracht ist f\u00fcr den 30. April 2024 geplant.<\/h5>\n<\/div>\n<\/div>\n<\/div>\n<\/div>\n<div class=\"one_half content_middle last\" style=\"background-image:url(https:\/\/ottevenyikastely.hu\/wp-content\/uploads\/2023\/06\/Kepernyofoto-2023-06-11-6.28.14-2.jpeg);min-height:1000px;\"><\/div>\n<p><br class=\"clear\"\/><\/div>\n<\/div>\n<\/div>\n<\/div>\n<div  class=\"one withsmallpadding ppb_header parallax withbg\" style=\"background-image:url(https:\/\/ottevenyikastely.hu\/wp-content\/uploads\/2023\/07\/wedding-table.jpg);background-position: center top;text-align:center;padding:285px 0 285px 0;color:#ffffff;\" >\n<div class=\"overlay_background\" style=\"background:#000000;background:rgb(0,0,0,0.2);background:rgba(0,0,0,0.2);\"><\/div>\n<div class=\"standard_wrapper\">\n<div class=\"page_content_wrapper\">\n<div class=\"inner\">\n<div style=\"margin:auto;width:100%\">\n<div class=\"ppb_header_content\">\n<h1 style=\"color:#fff;font-size:60px;\">F\u00dcRSTLICHE BEDIENUNG<\/h1>\n<h2 class=\"widgettitle\" style=\"color:#fff;border-color:#0000;font-size:28px;text-align: center\">Runder Tisch f\u00fcr 160 Personen<\/h2>\n<\/div>\n<\/div>\n<\/div>\n<\/div>\n<\/div>\n<\/div>\n<div  class=\"ppb_image_half_boxed_fixed_width one\" style=\"margin-top:40px;margin-bottom:40px;\" >\n<div class=\"standard_wrapper\">\n<div class=\"page_content_wrapper\">\n<div class=\"inner\">\n<div class=\"one_half content_middle\" style=\"background-image:url(https:\/\/ottevenyikastely.hu\/wp-content\/uploads\/2017\/05\/bride.jpg);min-height:630px;\"><\/div>\n<div class=\"one_half last content_middle fixed\" style=\"padding:40px;text-align:center;min-height:630px; background-color:#ffffff;\">\n<div class=\"content_middle_wrapper\">\n<div class=\"content_middle_content\">\n<h2 class=\"ppb_title\" style=\"\">K\u00f6niglicher Dienst - \u00dcBERLASSEN SIE UNS DEN STRESS DER ORGANISATION <\/h2>\n<div class=\"ppb_header_content\">\n<p style=\"text-align: justify;\">Unser Hochzeitsservice sorgt daf\u00fcr, dass Sie Ihren gro\u00dfen Tag ganz ohne Stress genie\u00dfen k\u00f6nnen<\/p>\n<p style=\"text-align: justify;\">Die Anmietung des gesamten Schlosses mit einem Hochzeitsplaner kostet <strong>4000 EUR<\/strong> \/ Nacht oder <strong>8000 EUR \/ Wochenende (Freitag-Samstag-Sonntag)<\/strong>.<\/p>\n<p style=\"text-align: justify;\">Unser Hochzeitsplanungs-Service ist <strong>kostenlos<\/strong> Nat\u00fcrlich m\u00fcssen die ausgew\u00e4hlten K\u00fcnstler und andere Dienstleistungen wie Blumenbestellung, Fotograf, Flughafentransfer und Catering bezahlt werden.<\/p>\n<\/div>\n<\/div>\n<\/div>\n<\/div>\n<p><br class=\"clear\"\/><\/div>\n<\/div>\n<\/div>\n<\/div>\n<div  class=\"one ppb_fullwidth_button\" style=\"padding:40px 0 40px 0;background-color:#ffffff;\" >\n<div class=\"standard_wrapper\">\n<h2 class=\"title\" style=\"color:;\">Buchung und Verifizierung<\/h2>\n<p><a href=\"\" class=\"button\" >Buchung<\/a><\/div>\n<\/div>\n<div  class=\"ppb_image_half_boxed_fixed_width one\" style=\"margin-top:40px;margin-bottom:40px;\" >\n<div class=\"standard_wrapper\">\n<div class=\"page_content_wrapper\">\n<div class=\"inner\">\n<div class=\"one_half content_middle fixed\" style=\"padding:40px; text-align:center;min-height:1000px;background-color:#ffffff;\">\n<div class=\"content_middle_wrapper\">\n<div class=\"content_middle_content\">\n<h2 class=\"ppb_title\" style=\"\">UNSERE KOSTENLOSEN DIENSTLEISTUNGEN <\/h2>\n<div class=\"ppb_header_content\">\n<p style=\"text-align: justify;\"><strong>Planung und Koordinierung<\/strong>Unsere Mitarbeiter helfen bei der Planung der kleinsten Details und sind w\u00e4hrend der gesamten Hochzeit anwesend, um sicherzustellen, dass alles nach Plan verl\u00e4uft. Wir helfen bei der minutengenauen Zusammenstellung des Ablaufs, um auch die kleinste M\u00f6glichkeit eines Fehlers auszuschlie\u00dfen.<br \/>\n<strong>Dekoration und Ornamentik:<\/strong> Auch wenn unser Schloss an sich schon beeindruckend ist, kann die richtige Dekoration seinen Charme noch verst\u00e4rken. Unsere Mitarbeiter helfen dabei, den Veranstaltungsort optimal und kosteng\u00fcnstig nach dem Stil des Paares und dem Thema der Hochzeit zu dekorieren. Wir helfen nicht nur bei der Auswahl und Bestellung des passenden Dienstleisters, sondern k\u00fcmmern uns auch um die Dekoration.<br \/>\n<strong>Verpflegung:<\/strong> Das Schloss verf\u00fcgt \u00fcber eine voll ausgestattete K\u00fcche und eine Cocktailbar, und unsere Fachleute garantieren die Zubereitung frischer, gesunder und k\u00f6stlicher Speisen. Unsere Aufgabe ist es, daf\u00fcr zu sorgen, dass das servierte Men\u00fc perfekt zum Geschmack des jungen Paares und zur Atmosph\u00e4re der Hochzeit passt.<br \/>\n<strong>Foto- und Videodienste:<\/strong> Das Schloss F\u00f6ldv\u00e1ry bietet eine atemberaubende Kulisse f\u00fcr Fotos und Videos. Unsere Mitarbeiter helfen bei der Suche nach dem richtigen Fotografen und\/oder Videofilmer, um das Potenzial des Schlosses voll auszusch\u00f6pfen.<br \/>\n<strong>Musik und andere:<\/strong> Nat\u00fcrlich gibt es keine Hochzeit ohne Musik, daher helfen wir Ihnen gerne bei der Suche nach einer Live-Band oder einem DJ, und es besteht auch die M\u00f6glichkeit eines Feuerwerks oder einer Kutschfahrt. Unsere Tanzfl\u00e4che, die mit entsprechender Tontechnik ausgestattet ist, ist f\u00fcr jeden K\u00fcnstler geeignet. Koordinierung der Unterbringung: W\u00e4hrend der Veranstaltung bietet unser Schloss Ihren G\u00e4sten eine kostenlose Unterkunft mit insgesamt 14 Zimmern im Schloss. Dar\u00fcber hinaus stehen weitere 53 Zimmer im Hotel Garzonplaza **** in Gy\u0151r gegen eine Geb\u00fchr zur Verf\u00fcgung, zu dem wir die G\u00e4ste w\u00e4hrend der gesamten Nacht mit unserem exklusiven Kleinbus kostenlos bef\u00f6rdern. Unsere Mitarbeiter helfen bei der Planung der Unterbringung von Angeh\u00f6rigen, auch in anderen Hotels.<br \/>\n<strong>\u00dcbertragung:<\/strong> Zu unserem Service geh\u00f6rt es, einen kosteng\u00fcnstigen Transfer zu organisieren, damit jeder einfach und bequem zum Veranstaltungsort gelangen kann.<\/p>\n<p style=\"text-align: justify;\">(Wir sind bei der Auswahl und Bestellung behilflich, die Kosten f\u00fcr die Dienstleistungen gehen in jedem Fall zu Lasten des Bestellers)<\/p>\n<\/div>\n<\/div>\n<\/div>\n<\/div>\n<div class=\"one_half content_middle last\" style=\"background-image:url(https:\/\/ottevenyikastely.hu\/wp-content\/uploads\/2023\/06\/Kepernyofoto-2023-06-11-6.24.56-2.jpeg);min-height:1000px;\"><\/div>\n<p><br class=\"clear\"\/><\/div>\n<\/div>\n<\/div>\n<\/div>\n<div  class=\"ppb_image_half_boxed_fixed_width one\" style=\"margin-top:40px;margin-bottom:40px;\" >\n<div class=\"standard_wrapper\">\n<div class=\"page_content_wrapper\">\n<div class=\"inner\">\n<div class=\"one_half content_middle\" style=\"background-image:url(https:\/\/ottevenyikastely.hu\/wp-content\/uploads\/2023\/06\/355159639_790598029218866_5332026251753184102_n.jpg);min-height:705px;\"><\/div>\n<div class=\"one_half last content_middle fixed\" style=\"padding:50px;text-align:center;min-height:705px; background-color:#ffffff;\">\n<div class=\"content_middle_wrapper\">\n<div class=\"content_middle_content\">\n<h2 class=\"ppb_title\" style=\"\">Marianna Ivankovits<\/h2>\n<div class=\"page_tagline\" style=\"\">Schloss-Manager <\/div>\n<div class=\"ppb_header_content\">\n<p style=\"text-align: justify;\">Sie hat \u00fcber <strong>15 Jahre Erfahrung<\/strong> in den Bereichen Hochzeitsplanung, Hotelmanagement und Gastgewerbe. Nachdem sie ihre <strong>Bachelor-Abschluss in Italien<\/strong>Nach dem Abitur verbrachte sie mehr als ein Jahrzehnt in England, wo sie umfangreiche Berufserfahrung sammelte. In den letzten acht Jahren war sie die <strong>Gesch\u00e4ftsf\u00fchrer des Garzon Plaza Hotel<\/strong>Sie hat zahlreiche Veranstaltungen und Konferenzen organisiert und durchgef\u00fchrt, darunter nationale und internationale Sportereignisse und Hochzeiten. Sie hat das Schloss F\u00f6ldv\u00e1ry bereits zwei Hochzeitssaisons lang geleitet und wird auch nach der Renovierung mit gro\u00dfem Enthusiasmus als Organisatorin von Veranstaltungen weiterarbeiten.<\/p>\n<p style=\"text-align: justify;\">Kontaktieren Sie Marianna direkt unter <a href=\"tel:+36 70 379 2950\"><strong>+36 70 379 2950<\/strong><\/a> oder bei <strong><a href=\"mailto:info@foldvarykastely.hu\">info@foldvarykastely.hu<\/a><\/strong><\/p>\n<\/div>\n<\/div>\n<\/div>\n<\/div>\n<p><br class=\"clear\"\/><\/div>\n<\/div>\n<\/div>\n<\/div>","protected":false},"excerpt":{"rendered":"<p>HOCHZEIT IM SCHLOSS Werden Sie an Ihrem gro\u00dfen Tag zum Prinzenpaar des Schlosses \u00d6ttev\u00e9ny und verwirklichen Sie mit uns Ihre Tr\u00e4ume! In der Hochzeitssaison 2024 k\u00f6nnen Sie unseren privaten Veranstaltungsort zusammen mit unserer professionellen Hochzeitsplanerin nutzen. Unsere Eventorganisatorin im Schloss, Marianna [...]<\/p>","protected":false},"author":3,"featured_media":0,"parent":0,"menu_order":0,"comment_status":"closed","ping_status":"closed","template":"","meta":{"footnotes":""},"class_list":["post-4077","page","type-page","status-publish","hentry","entry"],"_links":{"self":[{"href":"https:\/\/ottevenyikastely.hu\/de\/wp-json\/wp\/v2\/pages\/4077","targetHints":{"allow":["GET"]}}],"collection":[{"href":"https:\/\/ottevenyikastely.hu\/de\/wp-json\/wp\/v2\/pages"}],"about":[{"href":"https:\/\/ottevenyikastely.hu\/de\/wp-json\/wp\/v2\/types\/page"}],"author":[{"embeddable":true,"href":"https:\/\/ottevenyikastely.hu\/de\/wp-json\/wp\/v2\/users\/3"}],"replies":[{"embeddable":true,"href":"https:\/\/ottevenyikastely.hu\/de\/wp-json\/wp\/v2\/comments?post=4077"}],"version-history":[{"count":0,"href":"https:\/\/ottevenyikastely.hu\/de\/wp-json\/wp\/v2\/pages\/4077\/revisions"}],"wp:attachment":[{"href":"https:\/\/ottevenyikastely.hu\/de\/wp-json\/wp\/v2\/media?parent=4077"}],"curies":[{"name":"wp","href":"https:\/\/api.w.org\/{rel}","templated":true}]}}