{"id":4104,"date":"2023-06-12T15:33:46","date_gmt":"2023-06-12T13:33:46","guid":{"rendered":"https:\/\/ottevenyikastely.hu\/?page_id=4104"},"modified":"2023-08-08T15:07:18","modified_gmt":"2023-08-08T13:07:18","slug":"konferenz-3","status":"publish","type":"page","link":"https:\/\/ottevenyikastely.hu\/de\/konferenz-3\/","title":{"rendered":"Konferenz"},"content":{"rendered":"<div  class=\"one withsmallpadding ppb_header_youtube withbg parallax\"  style=\"text-align:left;padding:30px 0 30px 0;\" >\n<div class=\"overlay_background\" style=\"background:#000000;background:rgb(0,0,0,1);background:rgba(0,0,0,1);\"><\/div>\n<div class=\"standard_wrapper\">\n<div class=\"page_content_wrapper\">\n<div class=\"inner\">\n<div style=\"margin:auto;width:100%\"><\/div>\n<\/div>\n<\/div>\n<\/div>\n<\/div>\n<div  class=\"ppb_image_half_boxed_fixed_width one\" >\n<div class=\"standard_wrapper\">\n<div class=\"page_content_wrapper\">\n<div class=\"inner\">\n<div class=\"one_half content_middle fixed\" style=\"padding:0px; text-align:left;min-height:420px;\">\n<div class=\"content_middle_wrapper\">\n<div class=\"content_middle_content\">\n<h2 class=\"ppb_title\" style=\"\">EINZIGARTIGER VERANSTALTUNGSORT: DAS SCHLOSS<\/h2>\n<div class=\"ppb_header_content\">\n<p style=\"text-align: justify;\">Lassen Sie sich vom bunten Treiben in unserem Schloss verzaubern und lauschen Sie der harmonischen Symphonie aus Geschichte und Moderne! Es eignet sich perfekt als Laufsteg f\u00fcr Modenschauen, als au\u00dfergew\u00f6hnliche Location f\u00fcr Filmdrehs, als grandiose B\u00fchne f\u00fcr Unternehmenspr\u00e4sentationen oder andere gesch\u00e4ftliche Veranstaltungen. Unsere Innenr\u00e4ume sind beeindruckend und das exklusive, private Umfeld des Schlosses macht Ihre Veranstaltung zu einem einzigartigen, hochwertigen Erlebnis. Das Schloss steht Ihnen tags\u00fcber an Wochentagen zu einem Pauschalpreis von nur 2000 EUR\/Tag zur Verf\u00fcgung, um f\u00fcr Sie magische Erinnerungen zu schaffen.<\/p>\n<\/div>\n<\/div>\n<\/div>\n<\/div>\n<p><br class=\"clear\"\/><\/div>\n<\/div>\n<\/div>\n<\/div>\n<div  class=\"ppb_image_half_boxed_fixed_width one\" >\n<div class=\"standard_wrapper\">\n<div class=\"page_content_wrapper\">\n<div class=\"inner\">\n<div class=\"one_half content_middle fixed\" style=\"padding:0px; text-align:left;min-height:420px;\">\n<div class=\"content_middle_wrapper\">\n<div class=\"content_middle_content\">\n<h2 class=\"ppb_title\" style=\"\">UNSER KONFERENZRAUM IN DER REITHALLE WIRD IN DER ZWEITEN H\u00c4LFTE DES JAHRES 2024 ER\u00d6FFNET <\/h2>\n<div class=\"ppb_header_content\">\n<p style=\"text-align: justify;\">Er ist in das Kapellengeb\u00e4ude integriert und bietet Platz f\u00fcr bis zu 300 Personen. Der Raum wird mit modernster Licht- und Tontechnik ausgestattet, um eine einwandfreie Durchf\u00fchrung aller Veranstaltungen zu gew\u00e4hrleisten. Die Nebelmaschine und die 10\u00d73 Meter gro\u00dfe LED-Wand hinter der B\u00fchne tragen dazu bei, dass alle Anforderungen f\u00fcr Konferenzen, Pr\u00e4sentationen, Produktvorf\u00fchrungen oder Veranstaltungen gr\u00f6\u00dferen Umfangs erf\u00fcllt werden. Mit der Anmietung des Konferenzraums ist es auch m\u00f6glich, Empf\u00e4nge und Kaffeepausen im Schloss durchzuf\u00fchren. Der Konferenzraum kann zu einem Tagessatz von 2000 EUR gemietet werden.<\/p>\n<h3 class=\"LC20lb MBeuO DKV0Md\" style=\"text-align: center;\">Zeitungsabonnements<\/h3>\n<p style=\"text-align: center;\">\n<div class=\"wpcf7 no-js\" id=\"wpcf7-f4816-o2\" lang=\"hu-HU\" dir=\"ltr\">\n<div class=\"screen-reader-response\">\n<p role=\"status\" aria-live=\"polite\" aria-atomic=\"true\">\n<ul><\/ul>\n<\/div>\n<form action=\"\/wp-admin\/post.php#wpcf7-f4816-o2\" method=\"post\" class=\"wpcf7-form init\" aria-label=\"Kontakt-Formular\" novalidate=\"novalidate\" data-status=\"init\" data-trp-original-action=\"\/wp-admin\/post.php#wpcf7-f4816-o2\">\n<div style=\"display: none;\">\n<input type=\"hidden\" name=\"_wpcf7\" value=\"4816\" \/><br \/>\n<input type=\"hidden\" name=\"_wpcf7_version\" value=\"5.8\" \/><br \/>\n<input type=\"hidden\" name=\"_wpcf7_locale\" value=\"hu_HU\" \/><br \/>\n<input type=\"hidden\" name=\"_wpcf7_unit_tag\" value=\"wpcf7-f4816-o2\" \/><br \/>\n<input type=\"hidden\" name=\"_wpcf7_container_post\" value=\"0\" \/><br \/>\n<input type=\"hidden\" name=\"_wpcf7_posted_data_hash\" value=\"\" \/>\n<\/div>\n<p><label> Vornamen<br \/>\n<span class=\"wpcf7-form-control-wrap\" data-name=\"FNAME\"><input size=\"40\" class=\"wpcf7-form-control wpcf7-text wpcf7-validates-as-required\" aria-required=\"true\" aria-invalid=\"false\" value=\"\" type=\"text\" name=\"FNAME\" \/><\/span> <\/label>\n<\/p>\n<p><label> E-Mail<br \/>\n<span class=\"wpcf7-form-control-wrap\" data-name=\"your-email\"><input size=\"40\" class=\"wpcf7-form-control wpcf7-email wpcf7-validates-as-required wpcf7-text wpcf7-validates-as-email\" autocomplete=\"email\" aria-required=\"true\" aria-invalid=\"false\" value=\"\" type=\"email\" name=\"your-email\" \/><\/span> <\/label>\n<\/p>\n<p><input type=\"hidden\" name=\"tags\" value=\"9319859\" \/>\n<\/p>\n<p><!-- Mailchimp for WordPress v4.9.6 - https:\/\/www.mc4wp.com\/ --><input type=\"hidden\" name=\"_mc4wp_subscribe_contact-form-7\" value=\"0\" \/><span class=\"mc4wp-checkbox mc4wp-checkbox-contact-form-7\" ><label><input type=\"checkbox\" name=\"_mc4wp_subscribe_contact-form-7\" value=\"1\"  \/><span>Ich akzeptiere den Datenschutzhinweis. <\/span><\/label><\/span><!-- \/ Mailchimp for WordPress -->\n<\/p>\n<p><input class=\"wpcf7-form-control wpcf7-submit has-spinner\" type=\"submit\" value=\"Abonnieren\" \/>\n<\/p>\n<div class=\"wpcf7-response-output\" aria-hidden=\"true\"><\/div>\n<input type=\"hidden\" name=\"trp-form-language\" value=\"de\"\/><\/form>\n<\/div>\n<\/div>\n<\/div>\n<\/div>\n<\/div>\n<p><br class=\"clear\"\/><\/div>\n<\/div>\n<\/div>\n<\/div>\n<div  class=\"ppb_image_half_boxed_fixed_width one\" >\n<div class=\"standard_wrapper\">\n<div class=\"page_content_wrapper\">\n<div class=\"inner\">\n<div class=\"one_half content_middle fixed\" style=\"padding:0px; text-align:left;min-height:420px;\">\n<div class=\"content_middle_wrapper\">\n<div class=\"content_middle_content\">\n<h2 class=\"ppb_title\" style=\"\">Zus\u00e4tzliche Dienstleistungen<\/h2>\n<div class=\"ppb_header_content\">\n<p style=\"text-align: justify;\">Zahlreiche zus\u00e4tzliche Dienstleistungen k\u00f6nnen im Schloss in Anspruch genommen werden, z\u00f6gern Sie also nicht, uns zu kontaktieren, wenn Sie weitere W\u00fcnsche haben. Die Kaffeepausen k\u00f6nnen mit kleinen s\u00fc\u00dfen und herzhaften Backwaren, Softdrinks und Kaffee, Obsttellern f\u00fcr einen Aufpreis von 10 EUR\/Person erg\u00e4nzt werden. Hauptmahlzeiten oder Fr\u00fchst\u00fcck k\u00f6nnen an runden Tischen f\u00fcr bis zu 200 Personen und in Buffetform f\u00fcr gr\u00f6\u00dfere Gruppen im Schlossgeb\u00e4ude serviert werden. Ein Buffet kostet ca. 35 EUR\/Person, ein 3-G\u00e4nge-Men\u00fc auf Tellern serviert kostet 45 EUR\/Person. Das Team des Schlosses in \u00d6ttev\u00e9ny ist bestrebt, jedem Gast ein H\u00f6chstma\u00df an Service zu bieten, und wir hoffen, dass wir bald zu Ihrem Erfolg beitragen k\u00f6nnen (Bitte beachten Sie, dass der Konferenzraum nur tags\u00fcber zur Verf\u00fcgung steht).<\/p>\n<\/div>\n<\/div>\n<\/div>\n<\/div>\n<p><br class=\"clear\"\/><\/div>\n<\/div>\n<\/div>\n<\/div>","protected":false},"excerpt":{"rendered":"<p>EINZIGARTIGER VERANSTALTUNGSORT: DAS SCHLOSS Erlauben Sie uns, Sie mit dem farbenfrohen Wirbel unseres Schlosses zu verzaubern, wo Sie der harmonischen Symphonie von Geschichte und Moderne lauschen k\u00f6nnen! Es eignet sich perfekt als Laufsteg f\u00fcr Modenschauen, als au\u00dfergew\u00f6hnlicher Drehort f\u00fcr Filmaufnahmen, als grandiose B\u00fchne f\u00fcr Unternehmenspr\u00e4sentationen oder [...]<\/p>","protected":false},"author":3,"featured_media":0,"parent":0,"menu_order":0,"comment_status":"closed","ping_status":"closed","template":"","meta":{"footnotes":""},"class_list":["post-4104","page","type-page","status-publish","hentry","entry"],"_links":{"self":[{"href":"https:\/\/ottevenyikastely.hu\/de\/wp-json\/wp\/v2\/pages\/4104","targetHints":{"allow":["GET"]}}],"collection":[{"href":"https:\/\/ottevenyikastely.hu\/de\/wp-json\/wp\/v2\/pages"}],"about":[{"href":"https:\/\/ottevenyikastely.hu\/de\/wp-json\/wp\/v2\/types\/page"}],"author":[{"embeddable":true,"href":"https:\/\/ottevenyikastely.hu\/de\/wp-json\/wp\/v2\/users\/3"}],"replies":[{"embeddable":true,"href":"https:\/\/ottevenyikastely.hu\/de\/wp-json\/wp\/v2\/comments?post=4104"}],"version-history":[{"count":0,"href":"https:\/\/ottevenyikastely.hu\/de\/wp-json\/wp\/v2\/pages\/4104\/revisions"}],"wp:attachment":[{"href":"https:\/\/ottevenyikastely.hu\/de\/wp-json\/wp\/v2\/media?parent=4104"}],"curies":[{"name":"wp","href":"https:\/\/api.w.org\/{rel}","templated":true}]}}