{"id":4109,"date":"2023-06-12T15:34:00","date_gmt":"2023-06-12T13:34:00","guid":{"rendered":"https:\/\/ottevenyikastely.hu\/?page_id=4109"},"modified":"2023-08-09T15:47:20","modified_gmt":"2023-08-09T13:47:20","slug":"konferenz","status":"publish","type":"page","link":"https:\/\/ottevenyikastely.hu\/de\/konferenz\/","title":{"rendered":"Konferenz"},"content":{"rendered":"<div  class=\"one withsmallpadding ppb_header_youtube withbg parallax\" data-jarallax-video=\"https:\/\/youtu.be\/36ltuadkC4Y\"  style=\"text-align:center;padding:400px 0 400px 0;\" >\n<div class=\"standard_wrapper\">\n<div class=\"page_content_wrapper\">\n<div class=\"inner\">\n<div style=\"margin:auto;width:100%\"><\/div>\n<\/div>\n<\/div>\n<\/div>\n<\/div>\n<div  class=\"ppb_image_half_boxed_fixed_width one\" style=\"margin-top:40px;margin-bottom:40px;\" >\n<div class=\"standard_wrapper\">\n<div class=\"page_content_wrapper\">\n<div class=\"inner\">\n<div class=\"one_half content_middle\" style=\"background-image:url(https:\/\/ottevenyikastely.hu\/wp-content\/uploads\/2023\/06\/IMG_0916.jpg);min-height:575px;\"><\/div>\n<div class=\"one_half last content_middle fixed\" style=\"padding:30px;text-align:center;min-height:575px; background-color:#ffffff;\">\n<div class=\"content_middle_wrapper\">\n<div class=\"content_middle_content\">\n<h2 class=\"ppb_title\" style=\"\">Einzigartiger Ort ist das Schloss<\/h2>\n<div class=\"ppb_header_content\">\n<p style=\"text-align: justify;\"><span style=\"color: #374151;\">Lassen Sie sich von der bunten Vielfalt unseres Schlosses verzaubern, in dem eine harmonische Symphonie aus Geschichte und Moderne erklingt! Es eignet sich perfekt als Laufsteg f\u00fcr Modenschauen, als besondere Location f\u00fcr Filmaufnahmen, als grandioser Rahmen f\u00fcr Unternehmenspr\u00e4sentationen oder andere gesch\u00e4ftliche Veranstaltungen. Unsere imposanten Innenr\u00e4ume und der exklusive, geschlossene Rahmen des Schlosses garantieren, dass Ihre Veranstaltung ein einzigartiges und hochwertiges Erlebnis wird. Das Schloss steht tags\u00fcber an Wochentagen zu einem einheitlichen Tarif von nur <strong>2000 EUR<\/strong> pro Tag, um magische Erinnerungen f\u00fcr Sie zu schaffen.<\/span><\/p>\n<\/div>\n<\/div>\n<\/div>\n<\/div>\n<p><br class=\"clear\"\/><\/div>\n<\/div>\n<\/div>\n<\/div>\n<div  class=\"ppb_image_half_boxed_fixed_width one\" style=\"margin-top:40px;margin-bottom:40px;\" >\n<div class=\"standard_wrapper\">\n<div class=\"page_content_wrapper\">\n<div class=\"inner\">\n<div class=\"one_half content_middle fixed\" style=\"padding:40px; text-align:center;min-height:1000px;background-color:#ffffff;\">\n<div class=\"content_middle_wrapper\">\n<div class=\"content_middle_content\">\n<h2 class=\"ppb_title\" style=\"\">Unser Konferenzraum in der Reithalle wird in der zweiten H\u00e4lfte des Jahres 2024 er\u00f6ffnet.<\/h2>\n<div class=\"ppb_header_content\">\n<p style=\"text-align: justify;\"><span style=\"color: #374151;\">Der Reitsaal - Konferenzraum wird im Schlosskomplex gebaut und in der zweiten H\u00e4lfte des Jahres 2024 in Betrieb genommen. Der imposante Komplex, der zusammen mit dem Kapellengeb\u00e4ude errichtet wird, bietet Platz f\u00fcr bis zu 300 Personen. Der Saal wird mit modernster Licht- und Tontechnik ausgestattet, um eine einwandfreie Durchf\u00fchrung jeder Veranstaltung zu gew\u00e4hrleisten. Eine Nebelmaschine und die 10\u00d73 Meter gro\u00dfe LED-Wand hinter der B\u00fchne werden dazu beitragen, dass Konferenzen, Pr\u00e4sentationen, Produktvorf\u00fchrungen oder gr\u00f6\u00dfere Veranstaltungen allen Anforderungen gerecht werden. Durch die Anmietung des Konferenzraums ist es auch m\u00f6glich, den Empfang und die Kaffeepausen im Schloss abzuhalten. Der Konferenzraum kann f\u00fcr 2000 EUR pro Tag gemietet werden.<\/span><\/p>\n<p style=\"text-align: justify;\">\n<div class=\"wpcf7 no-js\" id=\"wpcf7-f4815-o1\" lang=\"hu-HU\" dir=\"ltr\">\n<div class=\"screen-reader-response\">\n<p role=\"status\" aria-live=\"polite\" aria-atomic=\"true\">\n<ul><\/ul>\n<\/div>\n<form action=\"\/wp-admin\/post.php#wpcf7-f4815-o1\" method=\"post\" class=\"wpcf7-form init\" aria-label=\"Kontakt-Formular\" novalidate=\"novalidate\" data-status=\"init\" data-trp-original-action=\"\/wp-admin\/post.php#wpcf7-f4815-o1\">\n<div style=\"display: none;\">\n<input type=\"hidden\" name=\"_wpcf7\" value=\"4815\" \/><br \/>\n<input type=\"hidden\" name=\"_wpcf7_version\" value=\"5.8\" \/><br \/>\n<input type=\"hidden\" name=\"_wpcf7_locale\" value=\"hu_HU\" \/><br \/>\n<input type=\"hidden\" name=\"_wpcf7_unit_tag\" value=\"wpcf7-f4815-o1\" \/><br \/>\n<input type=\"hidden\" name=\"_wpcf7_container_post\" value=\"0\" \/><br \/>\n<input type=\"hidden\" name=\"_wpcf7_posted_data_hash\" value=\"\" \/>\n<\/div>\n<p><label> Vornamen<br \/>\n<span class=\"wpcf7-form-control-wrap\" data-name=\"FNAME\"><input size=\"40\" class=\"wpcf7-form-control wpcf7-text wpcf7-validates-as-required\" id=\"FNAME\" aria-required=\"true\" aria-invalid=\"false\" value=\"\" type=\"text\" name=\"FNAME\" \/><\/span> <\/label>\n<\/p>\n<p><label> E-Mail<br \/>\n<span class=\"wpcf7-form-control-wrap\" data-name=\"your-email\"><input size=\"40\" class=\"wpcf7-form-control wpcf7-email wpcf7-validates-as-required wpcf7-text wpcf7-validates-as-email\" autocomplete=\"email\" aria-required=\"true\" aria-invalid=\"false\" value=\"\" type=\"email\" name=\"your-email\" \/><\/span> <\/label>\n<\/p>\n<p><input type=\"hidden\" name=\"tags\" value=\"9319859\" \/>\n<\/p>\n<p><!-- Mailchimp for WordPress v4.9.6 - https:\/\/www.mc4wp.com\/ --><input type=\"hidden\" name=\"_mc4wp_subscribe_contact-form-7\" value=\"0\" \/><span class=\"mc4wp-checkbox mc4wp-checkbox-contact-form-7\" ><label><input type=\"checkbox\" name=\"_mc4wp_subscribe_contact-form-7\" value=\"1\"  \/><span>Ich akzeptiere die Datenschutzbestimmungen. Ich akzeptiere die Datenschutzbestimmungen. Ich akzeptiere die Datenschutzbestimmungen.<\/span><\/label><\/span><!-- \/ Mailchimp for WordPress -->\n<\/p>\n<p><input class=\"wpcf7-form-control wpcf7-submit has-spinner\" type=\"submit\" value=\"Register\" \/>\n<\/p>\n<div class=\"wpcf7-response-output\" aria-hidden=\"true\"><\/div>\n<input type=\"hidden\" name=\"trp-form-language\" value=\"de\"\/><\/form>\n<\/div>\n<\/div>\n<\/div>\n<\/div>\n<\/div>\n<div class=\"one_half content_middle last\" style=\"background-image:url(https:\/\/ottevenyikastely.hu\/wp-content\/uploads\/2023\/06\/ceges_rendezveny_kastelyban-scaled.jpg);min-height:1000px;\"><\/div>\n<p><br class=\"clear\"\/><\/div>\n<\/div>\n<\/div>\n<\/div>\n<div  class=\"one ppb_fullwidth_button\" style=\"padding:35px 0 35px 0;background-color:#ffffff;margin-top:40px;margin-bottom:40px;\" >\n<div class=\"standard_wrapper\">\n<h2 class=\"title\" style=\"color:;\">BUCHUNG UND TERMIN\u00dcBERPR\u00dcFUNG<\/h2>\n<p><a href=\"https:\/\/ottevenyikastely.hu\/de\/buchung\/\" class=\"button\" style=\"background-color:#e45d5d;border-color:#e45d5d;\">BUCH <\/a><\/div>\n<\/div>\n<div  class=\"ppb_image_half_boxed_fixed_width one\" style=\"margin-top:40px;margin-bottom:40px;\" >\n<div class=\"standard_wrapper\">\n<div class=\"page_content_wrapper\">\n<div class=\"inner\">\n<div class=\"one_half content_middle\" style=\"background-image:url(https:\/\/ottevenyikastely.hu\/wp-content\/uploads\/2023\/06\/62473513_938984119779383_7640517665054266117_n.jpg);min-height:670px;\"><\/div>\n<div class=\"one_half last content_middle fixed\" style=\"padding:40px;text-align:center;min-height:670px; background-color:#ffffff;\">\n<div class=\"content_middle_wrapper\">\n<div class=\"content_middle_content\">\n<h2 class=\"ppb_title\" style=\"\">ZUS\u00c4TZLICHE DIENSTLEISTUNGEN<\/h2>\n<div class=\"ppb_header_content\">\n<p style=\"text-align: justify;\"><span style=\"color: #374151;\">Es gibt auch eine Reihe von zus\u00e4tzlichen Dienstleistungen im Schloss, also z\u00f6gern Sie bitte nicht, uns zu kontaktieren, wenn Sie weitere W\u00fcnsche haben. Kaffeepausen k\u00f6nnen auf Wunsch mit kleinen s\u00fc\u00dfen und herzhaften Geb\u00e4ckst\u00fccken, vorbereiteten Getr\u00e4nken und Kaffee- und Obstschalen f\u00fcr 10 EUR pro Person unterst\u00fctzt werden. Die Hauptmahlzeit oder das Fr\u00fchst\u00fcck k\u00f6nnen wir f\u00fcr bis zu 200 Personen an runden Tischen und dar\u00fcber hinaus in Form eines Buffets im Schlossgeb\u00e4ude anbieten. Die Hauptmahlzeit in Buffetform kostet ca. 35 EUR pro Person, ein sitzendes Drei-G\u00e4nge-Men\u00fc mit Tellerservice k\u00f6nnen wir f\u00fcr 45 EUR pro Person anbieten. Das Team von Schloss \u00d6ttev\u00e9ny ist bestrebt, jedem Gast ein H\u00f6chstma\u00df an Service zu bieten, und wir hoffen, dass wir bald Teil Ihres Erfolges sein k\u00f6nnen. (Der Konferenzraum kann nur tags\u00fcber genutzt werden)<\/span><\/p>\n<\/div>\n<\/div>\n<\/div>\n<\/div>\n<p><br class=\"clear\"\/><\/div>\n<\/div>\n<\/div>\n<\/div>","protected":false},"excerpt":{"rendered":"<p>Einzigartiger Ort ist das Schloss Lassen Sie sich von der bunten Vielfalt unseres Schlosses verzaubern, wo Sie die harmonische Sinfonie von Geschichte und moderner Welt h\u00f6ren k\u00f6nnen! Es ist hervorragend geeignet als Laufsteg f\u00fcr Modenschauen, als besondere Location f\u00fcr Filmaufnahmen, als grandiose Kulisse f\u00fcr Gesch\u00e4ftspr\u00e4sentationen oder andere gesch\u00e4ftliche Veranstaltungen. Unsere Innenr\u00e4ume sind imposant und die [&hellip;]<\/p>","protected":false},"author":3,"featured_media":0,"parent":0,"menu_order":0,"comment_status":"closed","ping_status":"closed","template":"","meta":{"footnotes":""},"class_list":["post-4109","page","type-page","status-publish","hentry","entry"],"_links":{"self":[{"href":"https:\/\/ottevenyikastely.hu\/de\/wp-json\/wp\/v2\/pages\/4109","targetHints":{"allow":["GET"]}}],"collection":[{"href":"https:\/\/ottevenyikastely.hu\/de\/wp-json\/wp\/v2\/pages"}],"about":[{"href":"https:\/\/ottevenyikastely.hu\/de\/wp-json\/wp\/v2\/types\/page"}],"author":[{"embeddable":true,"href":"https:\/\/ottevenyikastely.hu\/de\/wp-json\/wp\/v2\/users\/3"}],"replies":[{"embeddable":true,"href":"https:\/\/ottevenyikastely.hu\/de\/wp-json\/wp\/v2\/comments?post=4109"}],"version-history":[{"count":0,"href":"https:\/\/ottevenyikastely.hu\/de\/wp-json\/wp\/v2\/pages\/4109\/revisions"}],"wp:attachment":[{"href":"https:\/\/ottevenyikastely.hu\/de\/wp-json\/wp\/v2\/media?parent=4109"}],"curies":[{"name":"wp","href":"https:\/\/api.w.org\/{rel}","templated":true}]}}