{"id":4117,"date":"2023-06-12T15:37:26","date_gmt":"2023-06-12T13:37:26","guid":{"rendered":"https:\/\/ottevenyikastely.hu\/?page_id=4117"},"modified":"2024-03-11T14:20:07","modified_gmt":"2024-03-11T13:20:07","slug":"gastfreundschaft-alt","status":"publish","type":"page","link":"https:\/\/ottevenyikastely.hu\/de\/gastfreundschaft-alt\/","title":{"rendered":"Gastfreundschaft-alt"},"content":{"rendered":"<div  class=\"one withsmallpadding ppb_text_image withbg parallax\" style=\"background-image:url(https:\/\/ottevenyikastely.hu\/wp-content\/uploads\/2023\/07\/elegant-restaurant-table-setting-service-for-recep-2022-12-16-00-11-59-utc.jpg);background-position: center top;text-align:center;padding:280px 0 280px 0;color:#ffffff !important;\" >\n<div class=\"overlay_background\" style=\"background:#000000;background:rgb(0,0,0,0.3);background:rgba(0,0,0,0.3);\"><\/div>\n<div class=\"standard_wrapper\">\n<div class=\"page_content_wrapper\">\n<div class=\"inner\">\n<div style=\"margin:auto;width:65%\">\n<h1 style=\"color:#fff;font-size:60px;\">Gastfreundschaft<\/h1>\n<h2 class=\"widgettitle\" style=\"color:#fff;border-color:#0000;font-size:28px;text-align: center\">Professionelles Team, exklusives Umfeld, erstklassige Dienstleistungen<\/h2>\n<\/div>\n<\/div>\n<\/div>\n<\/div>\n<\/div>\n<div  class=\"ppb_image_half_boxed_fixed_width one\" style=\"margin-top:40px;margin-bottom:40px;\" >\n<div class=\"standard_wrapper\">\n<div class=\"page_content_wrapper\">\n<div class=\"inner\">\n<div class=\"one_half content_middle fixed\" style=\"padding:30px; text-align:center;min-height:960px;background-color:#ffffff;\">\n<div class=\"content_middle_wrapper\">\n<div class=\"content_middle_content\">\n<h2 class=\"ppb_title\" style=\"color:#000000;\">Prominenter Koch in der K\u00fcche<\/h2>\n<div class=\"ppb_header_content\">\n<p style=\"text-align: justify;\">Unser Vorstand <strong>Chefkoch Peter<\/strong> Suga und sein au\u00dfergew\u00f6hnliches Team sind stolz darauf, gastronomische Meisterwerke f\u00fcr Ihre Veranstaltungen anbieten zu k\u00f6nnen. Sie sind bestrebt, die besten kulinarischen Erlebnisse zu liefern, die auf Ihre speziellen Bed\u00fcrfnisse zugeschnitten sind. Ob es sich um eine Hochzeit, eine Konferenz oder eine andere Veranstaltung handelt, wir garantieren, dass die Auswahl der Speisen und Getr\u00e4nke perfekt auf das Thema und die pers\u00f6nlichen Vorlieben Ihrer Veranstaltung abgestimmt ist. F\u00fcr Hochzeiten k\u00f6nnen wir Folgendes anbieten <strong>bis zu 160 G\u00e4ste<\/strong>s in Form eines runden Tisches mit Sitzgelegenheiten und Tellerservice. F\u00fcr Konferenzen bieten wir eine Bestuhlung am runden Tisch f\u00fcr bis zu <strong>200 G\u00e4ste<\/strong>Bei gr\u00f6\u00dferen Veranstaltungen k\u00f6nnen wir auch Stehempf\u00e4nge f\u00fcr bis zu <strong>300 G\u00e4ste<\/strong>alle im Hauptspeisesaal des Schlosses.<\/p>\n<p style=\"text-align: justify;\">Chefkoch P\u00e9ter Suga ist eine bekannte Pers\u00f6nlichkeit in der kulinarischen Welt. Er begann seine kulinarische Reise in Miskolc, und seine Karriere f\u00fchrte ihn durch renommierte Einrichtungen wie die Restaurants Gundel, Paradiso und Kempinski in Budapest. Er zog nach Gy\u0151r, wo er als K\u00fcchenchef im Pati\u00f3 und sp\u00e4ter im Restaurant La Mareda t\u00e4tig war. Zu Sugas kulinarischen Erfolgen in Europa z\u00e4hlen eine olympische Silber- und eine Weltmeisterschafts-Goldmedaille. Er komponierte Men\u00fcs f\u00fcr thematische Abendessen, organisierte Weindinner mit renommierten Winzern, gr\u00fcndete einen Kochklub und nahm an kulinarischen Wettbewerben und Kammerpr\u00fcfungen teil. Sein Name ist ein Synonym f\u00fcr hochwertige Gastronomie.<\/p>\n<p style=\"text-align: justify;\">Vertrauen Sie uns die Kreation Ihrer gastronomischen Erlebnisse an und lassen Sie sich von den k\u00f6stlichsten Gerichten verf\u00fchren.<\/p>\n<p style=\"text-align: justify;\">Referenzen zu unseren Pr\u00e4sentationen finden Sie hier, in der <a style=\"text-align: center;\" href=\"https:\/\/ottevenyikastely.hu\/de\/?galleries=gallery-flow&#038;lang=hu\">Galerie<\/a><\/p>\n<\/div>\n<\/div>\n<\/div>\n<\/div>\n<div class=\"one_half content_middle last\" style=\"background-image:url(https:\/\/ottevenyikastely.hu\/wp-content\/uploads\/2023\/06\/HBP04444_retus.jpg);min-height:960px;\"><\/div>\n<p><br class=\"clear\"\/><\/div>\n<\/div>\n<\/div>\n<\/div>\n<div  class=\"one ppb_fullwidth_button\" style=\"padding:40px 0 40px 0;background-color:#ffffff;\" >\n<div class=\"standard_wrapper\">\n<h2 class=\"title\" style=\"color:;\">Buchung und Verifizierung<\/h2>\n<p><a href=\"\" class=\"button\" >Buchung<\/a><\/div>\n<\/div>\n<div  class=\"ppb_image_half_boxed_fixed_width one\" style=\"margin-top:40px;margin-bottom:40px;\" >\n<div class=\"standard_wrapper\">\n<div class=\"page_content_wrapper\">\n<div class=\"inner\">\n<div class=\"one_half content_middle\" style=\"background-image:url(https:\/\/ottevenyikastely.hu\/wp-content\/uploads\/2023\/06\/21317687_1871672549513998_2662758619158888645_n.jpg);min-height:1000px;\"><\/div>\n<div class=\"one_half last content_middle fixed\" style=\"padding:40px;text-align:center;min-height:1000px; background-color:#ffffff;\">\n<div class=\"content_middle_wrapper\">\n<div class=\"content_middle_content\">\n<h2 class=\"ppb_title\" style=\"\">Entdecken Sie die Spezialit\u00e4t der Konditorei mit Kriszti\u00e1n Varga<\/h2>\n<div class=\"ppb_header_content\">\n<p style=\"text-align: justify;\">Kriszti\u00e1n ist Konditormeister in der Patisserie Toscana in Gy\u0151r, wo er mit Stolz die traditionelle Richtung der Konditorkunst vertritt und nur mit nat\u00fcrlichen Zutaten und echter Sahne arbeitet. Wenn Sie ihn f\u00fcr Ihre Hochzeitstorte w\u00e4hlen, werden Sie zweifellos von dem Ergebnis begeistert sein.<\/p>\n<p style=\"text-align: justify;\">Treffen Sie keine blinde Entscheidung! Erleben Sie den einzigartigen Geschmack von frisch zubereiteten S\u00fc\u00dfigkeiten in der Toscana Patisserie in Gy\u0151r und schmecken Sie die wahre Qualit\u00e4t. Neben Torten umfasst unser Angebot auch s\u00fc\u00dfes und herzhaftes Geb\u00e4ck. Wir bereiten auch Geschenkpakete als passende Erinnerung f\u00fcr Ihre G\u00e4ste an Ihre Veranstaltung vor.<\/p>\n<p style=\"text-align: justify;\">Bestellen Sie Ihre Torte zu einem g\u00fcnstigeren Preis, aber mit Weltklasse-Qualit\u00e4t! Besuchen Sie die Website der Toscana-Konditorei:<\/p>\n<div class=\"standard_wrapper\" style=\"text-align: center;\">\n<p><a class=\"button\" href=\"https:\/\/toscanacukraszda.hu\/eskuvoi-tortak\/?utm_source=kastely_honlap&#038;utm_medium=Referral&#038;utm_campaign=kastely_honlap\" target=\"_blank\" rel=\"noopener\">Toskana web<\/a><\/p>\n<p>oder werfen Sie einen Blick auf unsere Hochzeitstorten-Galerie!<\/p>\n<\/div>\n<div class=\"standard_wrapper\" style=\"text-align: center;\"><a class=\"button\" href=\"https:\/\/ottevenyikastely.hu\/de\/galleries\/toscana-cukraszda-eskuvoi-tortai\/\">Hochzeitstorten-Galerie<\/a><\/div>\n<div><\/div>\n<p style=\"text-align: justify;\">Wenn Sie Hilfe ben\u00f6tigen, wenden Sie sich bitte an unser Personal oder direkt an den Meister selbst, um ein individuelles Angebot zu erhalten <a href=\"mailto:rendeles@toscanacukraszda.hu\">rendeles@toscanacukraszda.hu<\/a>und lassen Sie uns Ihre wichtigsten Momente mit einer s\u00fc\u00dfen Note versehen!<\/p>\n<\/div>\n<\/div>\n<\/div>\n<\/div>\n<p><br class=\"clear\"\/><\/div>\n<\/div>\n<\/div>\n<\/div>\n<div  class=\"one ppb_fullwidth_button\" style=\"padding:0px 0 0px 0;margin-bottom:40px;\" >\n<div class=\"standard_wrapper\"><a href=\"https:\/\/ottevenyikastely.hu\/en\/food-and-drink-consumption\/\" class=\"button\">Drinks und Getr\u00e4nke <\/a><\/div>\n<\/div>\n<div  class=\"one withsmallpadding ppb_header parallax withbg\" style=\"background-image:url(https:\/\/ottevenyikastely.hu\/wp-content\/uploads\/2023\/07\/elegant-catering-table-set-service-with-silverware-2021-09-03-07-43-23-utc.jpg);background-position: center top;text-align:center;padding:280px 0 280px 0;color:#ffffff;margin-top:40px;margin-bottom:40px;\" >\n<div class=\"overlay_background\" style=\"background:#000000;background:rgb(0,0,0,0.2);background:rgba(0,0,0,0.2);\"><\/div>\n<div class=\"standard_wrapper\">\n<div class=\"page_content_wrapper\">\n<div class=\"inner\">\n<div style=\"margin:auto;width:100%\"><\/div>\n<\/div>\n<\/div>\n<\/div>\n<\/div>","protected":false},"excerpt":{"rendered":"<p>Hospitalty Professionelles Team, exklusives Ambiente, erstklassige Dienstleistungen Unser Chefkoch P\u00e9ter Suga und sein au\u00dfergew\u00f6hnliches Team sind stolz darauf, Ihnen gastronomische Meisterwerke f\u00fcr Ihre Veranstaltungen zu bieten. Ob es sich um eine Hochzeit, eine Konferenz oder eine andere Veranstaltung handelt, wir garantieren Ihnen [...]<\/p>","protected":false},"author":3,"featured_media":0,"parent":0,"menu_order":0,"comment_status":"closed","ping_status":"closed","template":"","meta":{"footnotes":""},"class_list":["post-4117","page","type-page","status-publish","hentry","entry"],"_links":{"self":[{"href":"https:\/\/ottevenyikastely.hu\/de\/wp-json\/wp\/v2\/pages\/4117","targetHints":{"allow":["GET"]}}],"collection":[{"href":"https:\/\/ottevenyikastely.hu\/de\/wp-json\/wp\/v2\/pages"}],"about":[{"href":"https:\/\/ottevenyikastely.hu\/de\/wp-json\/wp\/v2\/types\/page"}],"author":[{"embeddable":true,"href":"https:\/\/ottevenyikastely.hu\/de\/wp-json\/wp\/v2\/users\/3"}],"replies":[{"embeddable":true,"href":"https:\/\/ottevenyikastely.hu\/de\/wp-json\/wp\/v2\/comments?post=4117"}],"version-history":[{"count":0,"href":"https:\/\/ottevenyikastely.hu\/de\/wp-json\/wp\/v2\/pages\/4117\/revisions"}],"wp:attachment":[{"href":"https:\/\/ottevenyikastely.hu\/de\/wp-json\/wp\/v2\/media?parent=4117"}],"curies":[{"name":"wp","href":"https:\/\/api.w.org\/{rel}","templated":true}]}}