{"id":4168,"date":"2023-06-12T17:02:48","date_gmt":"2023-06-12T15:02:48","guid":{"rendered":"https:\/\/ottevenyikastely.hu\/?page_id=4168"},"modified":"2023-11-20T13:55:43","modified_gmt":"2023-11-20T12:55:43","slug":"startseite-de-2","status":"publish","type":"page","link":"https:\/\/ottevenyikastely.hu\/de\/startseite-de-2\/","title":{"rendered":"Startseite-DE"},"content":{"rendered":"<div  class=\"one withsmallpadding ppb_text_image withbg parallax\" style=\"background-image:url(https:\/\/ottevenyikastely.hu\/wp-content\/uploads\/2023\/08\/nyeremenyjatek-1.jpg);background-position: center top;text-align:left;padding:205px 0 205px 0;\" >\n<div class=\"standard_wrapper\">\n<div class=\"page_content_wrapper\">\n<div class=\"inner\">\n<div style=\"margin:auto;width:100%\">\n<h1 style=\"color: #fff; font-size: 55px;\">Chateau F\u00f6ldv\u00e1ry<\/h1>\n<h1 class=\"widgettitle\" style=\"color: #fff; border-color: #fff; margin-top: 20px; font-size: 35px;\">Feierliche Er\u00f6ffnung 2024 1. Mai.<\/h1>\n<\/div>\n<\/div>\n<\/div>\n<\/div>\n<\/div>\n<div  class=\"ppb_image_half_boxed_fixed_width one\" style=\"margin-top:40px;margin-bottom:40px;\" >\n<div class=\"standard_wrapper\">\n<div class=\"page_content_wrapper\">\n<div class=\"inner\">\n<div class=\"one_half content_middle\" style=\"background-image:url(https:\/\/ottevenyikastely.hu\/wp-content\/uploads\/2023\/06\/1486930_763125647105896_2599009561480863766_n-Enhanced.jpg);min-height:405px;\"><\/div>\n<div class=\"one_half last content_middle fixed\" style=\"padding:40px;text-align:center;min-height:405px; background-color:#ffffff;\">\n<div class=\"content_middle_wrapper\">\n<div class=\"content_middle_content\">\n<h2 class=\"ppb_title\" style=\"\">HOCHZEITEN<\/h2>\n<div class=\"ppb_header_content\">\n<blockquote>\n<p style=\"text-align: justify;\">Unser Schloss ist ideal f\u00fcr Hochzeitsfeiern mit runden Tischen f\u00fcr bis zu 160 G\u00e4ste. Durch die Anmietung des Schlosses k\u00f6nnen wir Ihnen absolute Exklusivit\u00e4t f\u00fcr eine makellose private Veranstaltung bieten.<\/p>\n<p><strong><a title=\"Hochzeit\" href=\"https:\/\/ottevenyikastely.hu\/de\/hochzeit\/\">SCHLOSS ALS HOCHZEITSLOCATION<\/a><\/strong><\/p>\n<\/blockquote>\n<\/div>\n<\/div>\n<\/div>\n<\/div>\n<p><br class=\"clear\"\/><\/div>\n<\/div>\n<\/div>\n<\/div>\n<div  class=\"ppb_image_half_boxed_fixed_width one\" style=\"margin-top:40px;margin-bottom:40px;\" >\n<div class=\"standard_wrapper\">\n<div class=\"page_content_wrapper\">\n<div class=\"inner\">\n<div class=\"one_half content_middle fixed\" style=\"padding:40px; text-align:center;min-height:450px;background-color:#ffffff;\">\n<div class=\"content_middle_wrapper\">\n<div class=\"content_middle_content\">\n<h2 class=\"ppb_title\" style=\"\">UNSERE DIENSTLEISTUNGEN<\/h2>\n<div class=\"ppb_header_content\">\n<ul>\n<li>\n<blockquote>\n<p>Organisation und Durchf\u00fchrung von Hochzeiten, Feiern<\/p>\n<\/blockquote>\n<\/li>\n<li>\n<blockquote>\n<p>Bereitstellung eines Standorts f\u00fcr Filme, professionelle Fotografie<\/p>\n<\/blockquote>\n<\/li>\n<li>\n<blockquote>\n<p>Kostenlose Fotolocation f\u00fcr Hochzeitspaare<\/p>\n<\/blockquote>\n<\/li>\n<li>\n<blockquote>\n<p>Teambuilding, Firmenveranstaltungen<\/p>\n<\/blockquote>\n<\/li>\n<li>\n<blockquote>\n<p><strong><a title=\"Gastronomie\" href=\"https:\/\/ottevenyikastely.hu\/de\/gastronomie\/\">Catering-Dienste<\/a><\/strong><\/p>\n<\/blockquote>\n<\/li>\n<\/ul>\n<\/div>\n<\/div>\n<\/div>\n<\/div>\n<div class=\"one_half content_middle last\" style=\"background-image:url(https:\/\/ottevenyikastely.hu\/wp-content\/uploads\/2023\/06\/287356032_996920847685811_7607236231232610045_n.jpg);min-height:450px;\"><\/div>\n<p><br class=\"clear\"\/><\/div>\n<\/div>\n<\/div>\n<\/div>\n<div  class=\"one withsmallpadding ppb_text_image withbg parallax\" style=\"background-image:url(https:\/\/ottevenyikastely.hu\/wp-content\/uploads\/2023\/06\/IMG_0856-1.jpg);background-position: center top;text-align:center;padding:280px 0 280px 0;color:#ffffff !important;\" >\n<div class=\"overlay_background\" style=\"background:#000000;background:rgb(0,0,0,0.2);background:rgba(0,0,0,0.2);\"><\/div>\n<div class=\"standard_wrapper\">\n<div class=\"page_content_wrapper\">\n<div class=\"inner\">\n<div style=\"margin:auto;width:55%\">\n<h1 style=\"color: #fff; font-size: 55px;\">Chateau F\u00f6ldv\u00e1ry<\/h1>\n<h1 class=\"widgettitle\" style=\"color: #fff; border-color: #fff; margin-top: 20px; font-size: 35px;\">ER\u00d6FFNUNG AM 1. MAI 2024.<\/h1>\n<h2 class=\"widgettitle\" style=\"color: #fff; border-color: #fff; margin-top: 20px;\"><\/h2>\n<\/div>\n<\/div>\n<\/div>\n<\/div>\n<\/div>\n<div  class=\"ppb_image_half_boxed_fixed_width one\" style=\"margin-top:40px;margin-bottom:40px;\" >\n<div class=\"standard_wrapper\">\n<div class=\"page_content_wrapper\">\n<div class=\"inner\">\n<div class=\"one_half content_middle fixed\" style=\"padding:40px; text-align:center;min-height:600px;background-color:#ffffff;\">\n<div class=\"content_middle_wrapper\">\n<div class=\"content_middle_content\">\n<h2 class=\"ppb_title\" style=\"\">DIE GESCHICHTE<\/h2>\n<div class=\"ppb_header_content\">\n<blockquote>\n<p style=\"text-align: justify;\">Die Burg F\u00f6ldv\u00e1r befindet sich im westlichen Teil Transdanubiens, 15 km von Gy\u0151r entfernt, im Dorf \u00d6ttev\u00e9ny. \u00d6ttev\u00e9ny hat im Laufe seiner Geschichte viele historische Ver\u00e4nderungen erfahren, doch hat es seine historische Bedeutung und sein reiches Erbe bis heute bewahrt. Das Dorf liegt am n\u00f6rdlichen Rand der Gro\u00dfen Ungarischen Tiefebene im Bezirk Gy\u0151r und war im Laufe der Jahrhunderte Schauplatz verschiedener historischer Ereignisse.<\/p>\n<p><a title=\"Geschichte des Schlosses\" href=\"https:\/\/ottevenyikastely.hu\/de\/burggeschichte\/\">Weitere Informationen<\/a><\/p>\n<\/blockquote>\n<\/div>\n<\/div>\n<\/div>\n<\/div>\n<div class=\"one_half content_middle last\" style=\"background-image:url(https:\/\/ottevenyikastely.hu\/wp-content\/uploads\/2023\/06\/IMG_0867-2.jpg);min-height:600px;\"><\/div>\n<p><br class=\"clear\"\/><\/div>\n<\/div>\n<\/div>\n<\/div>\n<div  class=\"one withsmallpadding ppb_header parallax withbg\" style=\"background-image:url(https:\/\/ottevenyikastely.hu\/wp-content\/uploads\/2023\/06\/Kepernyofoto-2023-06-11-6.29.59-2.jpeg);background-position: center top;text-align:center;padding:285px 0 285px 0;color:#ffffff;\" >\n<div class=\"overlay_background\" style=\"background:#000000;background:rgb(0,0,0,0.2);background:rgba(0,0,0,0.2);\"><\/div>\n<div class=\"standard_wrapper\">\n<div class=\"page_content_wrapper\">\n<div class=\"inner\">\n<div style=\"margin:auto;width:100%\"><\/div>\n<\/div>\n<\/div>\n<\/div>\n<\/div>","protected":false},"excerpt":{"rendered":"<p>Chateau F\u00f6ldv\u00e1ry Grand opening 2024 M\u00e1jus 1. HOCHZEITEN Unser Schloss eignet sich hervorragend f\u00fcr Hochzeitsfeiern mit runden Tischen f\u00fcr bis zu 160 G\u00e4ste. Durch die Anmietung des Schlosses k\u00f6nnen wir eine vollst\u00e4ndige Exklusivit\u00e4t f\u00fcr eine makellose Durchf\u00fchrung einer privaten Veranstaltung bieten. SCHLOSS ALS HOCHZEITSLOCATION UNSERE DIENSTLEISTUNGEN Hochzeiten, Feierlichkeiten organisieren und durchf\u00fchren Ort f\u00fcr Filme, professionelle [&hellip;]<\/p>","protected":false},"author":3,"featured_media":0,"parent":0,"menu_order":0,"comment_status":"closed","ping_status":"closed","template":"","meta":{"footnotes":""},"class_list":["post-4168","page","type-page","status-publish","hentry","entry"],"_links":{"self":[{"href":"https:\/\/ottevenyikastely.hu\/de\/wp-json\/wp\/v2\/pages\/4168","targetHints":{"allow":["GET"]}}],"collection":[{"href":"https:\/\/ottevenyikastely.hu\/de\/wp-json\/wp\/v2\/pages"}],"about":[{"href":"https:\/\/ottevenyikastely.hu\/de\/wp-json\/wp\/v2\/types\/page"}],"author":[{"embeddable":true,"href":"https:\/\/ottevenyikastely.hu\/de\/wp-json\/wp\/v2\/users\/3"}],"replies":[{"embeddable":true,"href":"https:\/\/ottevenyikastely.hu\/de\/wp-json\/wp\/v2\/comments?post=4168"}],"version-history":[{"count":0,"href":"https:\/\/ottevenyikastely.hu\/de\/wp-json\/wp\/v2\/pages\/4168\/revisions"}],"wp:attachment":[{"href":"https:\/\/ottevenyikastely.hu\/de\/wp-json\/wp\/v2\/media?parent=4168"}],"curies":[{"name":"wp","href":"https:\/\/api.w.org\/{rel}","templated":true}]}}