{"id":5316,"date":"2023-07-21T13:25:14","date_gmt":"2023-07-21T11:25:14","guid":{"rendered":"https:\/\/ottevenyikastely.hu\/?page_id=5316"},"modified":"2023-08-09T16:19:26","modified_gmt":"2023-08-09T14:19:26","slug":"konsum-von-lebensmitteln-und-getranken-2","status":"publish","type":"page","link":"https:\/\/ottevenyikastely.hu\/de\/konsum-von-lebensmitteln-und-getranken-2\/","title":{"rendered":"Konsum von Lebensmitteln und Getr\u00e4nken"},"content":{"rendered":"<div  class=\"one ppb_image_fullwidth\" style=\"padding:0px 0 0px 0;\" >\n<div class=\"one withbg\" style=\"background-image:url(https:\/\/ottevenyikastely.hu\/wp-content\/uploads\/2023\/07\/elegant-restaurant-table-setting-service-for-recep-2022-12-15-23-39-04-utc.jpg);background-size:cover;background-position:center top;height:600px;position:relative;\"><\/div>\n<\/div>\n<div  class=\"one withsmallpadding ppb_header\" style=\"text-align:left;padding:40px 0 40px 0;background-color:#ffffff;\" >\n<div class=\"standard_wrapper\">\n<div class=\"page_content_wrapper\">\n<div class=\"inner\">\n<div style=\"margin:auto;width:100%\">\n<h2 class=\"ppb_title\" style=\"\">GETR\u00c4NKE-PAKETE<\/h2>\n<\/div>\n<\/div>\n<\/div>\n<\/div>\n<\/div>\n<div  class=\"ppb_image_half_boxed_fixed_width one\" style=\"margin-top:40px;margin-bottom:40px;\" >\n<div class=\"standard_wrapper\">\n<div class=\"page_content_wrapper\">\n<div class=\"inner\">\n<div class=\"one_half content_middle\" style=\"background-image:url(https:\/\/ottevenyikastely.hu\/wp-content\/uploads\/2023\/07\/italcsomag1.jpg);min-height:425px;\"><\/div>\n<div class=\"one_half last content_middle fixed\" style=\"padding:30px;text-align:center;min-height:425px; background-color:#ffffff;\">\n<div class=\"content_middle_wrapper\">\n<div class=\"content_middle_content\">\n<h2 class=\"ppb_title\" style=\"\">alkoholfreies DRINK PACKAGE <\/h2>\n<div class=\"page_tagline\" style=\"\">950 HUF \/ PERSON \/ STUNDE. MINDESTENS 4 STUNDEN<\/div>\n<div class=\"ppb_header_content\">\n<ul>\n<li style=\"font-weight: inherit; font-style: inherit; text-align: left;\">Cappy Fruchts\u00e4fte (100% Orangensaft, Pfirsichsaft, Apfelsaft)<\/li>\n<li style=\"font-weight: inherit; font-style: inherit; text-align: left;\">NaturAqua Mineralwasser<\/li>\n<li style=\"font-weight: inherit; font-style: inherit; text-align: left;\">Hausgemachte Sirupe (Himbeere, Erdbeere, Kiwi, Zitrusfr\u00fcchte, Lavendel, Holunderbl\u00fcten)<\/li>\n<li style=\"font-weight: inherit; font-style: inherit; text-align: left;\">Coca-Cola, Coke Zero, Fanta, Tonic, Ginger, Sprite<\/li>\n<li style=\"font-weight: inherit; font-style: inherit; text-align: left;\">FuzeTea in den Geschmacksrichtungen Zitrone und Pfirsich<\/li>\n<li style=\"font-weight: inherit; font-style: inherit; text-align: left;\">Kaffee, Tee<\/li>\n<\/ul>\n<\/div>\n<\/div>\n<\/div>\n<\/div>\n<p><br class=\"clear\"\/><\/div>\n<\/div>\n<\/div>\n<\/div>\n<div  class=\"ppb_image_half_boxed_fixed_width one\" style=\"margin-top:40px;margin-bottom:40px;\" >\n<div class=\"standard_wrapper\">\n<div class=\"page_content_wrapper\">\n<div class=\"inner\">\n<div class=\"one_half content_middle fixed\" style=\"padding:40px; text-align:center;min-height:685px;background-color:#ffffff;\">\n<div class=\"content_middle_wrapper\">\n<div class=\"content_middle_content\">\n<h2 class=\"ppb_title\" style=\"\">Bier und Wein DRINK PACKAGE<\/h2>\n<div class=\"page_tagline\" style=\"\">1.400 HUF \/ PERSON \/ STUNDE. MINDESTENS 4 STUNDEN<\/div>\n<div class=\"ppb_header_content\">\n<ul>\n<li style=\"font-weight: inherit; font-style: inherit; text-align: left;\">Cappy Fruchts\u00e4fte (100% Orangensaft, Pfirsichsaft, Apfelsaft)<\/li>\n<li style=\"font-weight: inherit; font-style: inherit; text-align: left;\">NaturAqua Mineralwasser<\/li>\n<li style=\"font-weight: inherit; font-style: inherit; text-align: left;\">Hausgemachte Sirupe (Himbeere, Erdbeere, schwarze Johannisbeere, Kirsche, Ingwer, Holunderbl\u00fcte)<\/li>\n<li style=\"font-weight: inherit; font-style: inherit; text-align: left;\">Coca-Cola, Coke Zero, Fanta, Tonic, Ginger, Sprite<\/li>\n<li style=\"font-weight: inherit; font-style: inherit; text-align: left;\">FuzeTea in den Geschmacksrichtungen Zitrone und Pfirsich<\/li>\n<li style=\"font-weight: inherit; font-style: inherit; text-align: left;\">Soproni und Heineken-Fassbier<\/li>\n<li style=\"font-weight: inherit; font-style: inherit; text-align: left;\">Heineken und G\u00f6sser Natur Zitrone alkoholfreies Bier, Miller<\/li>\n<li style=\"font-weight: inherit; font-style: inherit; text-align: left;\">Pannonhalma-Weine (Savignon Blanc, Tricolis Ros\u00e9, Hemina)<\/li>\n<li style=\"font-weight: inherit; font-style: inherit; text-align: left;\">Energy-Drink<\/li>\n<li style=\"font-weight: inherit; font-style: inherit; text-align: left;\">Sekt (s\u00fc\u00df, trocken) f\u00fcr Kinder<\/li>\n<li style=\"font-weight: inherit; font-style: inherit; text-align: left;\">Kaffee, Tee<\/li>\n<\/ul>\n<p style=\"text-align: left;\"><span style=\"color: #374151;\">Alle Biere und Weine, deren Preis unter 1.500 HUF \/ dl liegt<\/span><\/p>\n<\/div>\n<\/div>\n<\/div>\n<\/div>\n<div class=\"one_half content_middle last\" style=\"background-image:url(https:\/\/ottevenyikastely.hu\/wp-content\/uploads\/2023\/07\/waiter-pouring-champagne-in-stylish-glasses-at-lux-2022-02-02-03-59-28-utc.jpg);min-height:685px;\"><\/div>\n<p><br class=\"clear\"\/><\/div>\n<\/div>\n<\/div>\n<\/div>\n<div  class=\"ppb_image_half_boxed_fixed_width one\" style=\"margin-top:40px;margin-bottom:40px;\" >\n<div class=\"standard_wrapper\">\n<div class=\"page_content_wrapper\">\n<div class=\"inner\">\n<div class=\"one_half content_middle\" style=\"background-image:url(https:\/\/ottevenyikastely.hu\/wp-content\/uploads\/2023\/07\/italcsomag31.jpg);min-height:700px;\"><\/div>\n<div class=\"one_half last content_middle fixed\" style=\"padding:40px;text-align:center;min-height:700px; background-color:#ffffff;\">\n<div class=\"content_middle_wrapper\">\n<div class=\"content_middle_content\">\n<h2 class=\"ppb_title\" style=\"\">DRINK PACKAGE mit Shorts<\/h2>\n<div class=\"page_tagline\" style=\"\">1.800 HUF \/ PERSON \/ STUNDE. MINDESTENS 4 STUNDEN<\/div>\n<div class=\"ppb_header_content\">\n<ul>\n<li style=\"font-weight: inherit; font-style: inherit; text-align: left;\">Cappy Fruchts\u00e4fte (100% Orangensaft, Pfirsichsaft, Apfelsaft)<\/li>\n<li style=\"font-weight: inherit; font-style: inherit; text-align: left;\">NaturAqua Mineralwasser<\/li>\n<li style=\"font-weight: inherit; font-style: inherit; text-align: left;\">Hausgemachte Sirupe (Himbeere, Erdbeere, schwarze Johannisbeere, Kirsche, Ingwer, Holunderbl\u00fcte)<\/li>\n<li style=\"font-weight: inherit; font-style: inherit; text-align: left;\">Coca-Cola, Coke Zero, Fanta, Tonic, Ginger, Sprite<\/li>\n<li style=\"font-weight: inherit; font-style: inherit; text-align: left;\">FuzeTea in den Geschmacksrichtungen Zitrone und Pfirsich<\/li>\n<li style=\"font-weight: inherit; font-style: inherit; text-align: left;\">Soproni und Heineken Fassbier, Miller<\/li>\n<li style=\"font-weight: inherit; font-style: inherit; text-align: left;\">Heineken und G\u00f6sser Natur Zitrone alkoholfreies Bier<\/li>\n<li style=\"font-weight: inherit; font-style: inherit; text-align: left;\">Pannonhalma-Weine (Savignon Blanc, Tricolis Ros\u00e9, Hemina)<\/li>\n<li style=\"font-weight: inherit; font-style: inherit; text-align: left;\">Wodka, Bacardi, Unicum, J\u00e4germeister, Bailey's, Hubertus, Martini, Jack Daniels, Gin<\/li>\n<li style=\"font-weight: inherit; font-style: inherit; text-align: left;\">Energy-Drink<\/li>\n<li style=\"font-weight: inherit; font-style: inherit; text-align: left;\">Sekt (s\u00fc\u00df, trocken) f\u00fcr Kinder<\/li>\n<li style=\"font-weight: inherit; font-style: inherit; text-align: left;\">Kaffee, Tee<\/li>\n<\/ul>\n<p style=\"text-align: left;\"><span style=\"color: #374151;\">Alle Shots, die Sie an der Bar finden k\u00f6nnen, kosten weniger als 2.000 HUF \/ 4 cl.<\/span><\/p>\n<\/div>\n<\/div>\n<\/div>\n<\/div>\n<p><br class=\"clear\"\/><\/div>\n<\/div>\n<\/div>\n<\/div>\n<div  class=\"one withsmallpadding ppb_header\" style=\"text-align:left;padding:40px 0 40px 0;background-color:#ffffff;\" >\n<div class=\"standard_wrapper\">\n<div class=\"page_content_wrapper\">\n<div class=\"inner\">\n<div style=\"margin:auto;width:100%\">\n<h2 class=\"ppb_title\" style=\"\">WILLKOMMENSGETR\u00c4NKE<\/h2>\n<\/div>\n<\/div>\n<\/div>\n<\/div>\n<\/div>\n<div  class=\"ppb_image_half_boxed_fixed_width one\" style=\"margin-top:40px;margin-bottom:40px;\" >\n<div class=\"standard_wrapper\">\n<div class=\"page_content_wrapper\">\n<div class=\"inner\">\n<div class=\"one_half content_middle\" style=\"background-image:url(https:\/\/ottevenyikastely.hu\/wp-content\/uploads\/2023\/06\/IMG_0900.jpg);min-height:595px;\"><\/div>\n<div class=\"one_half last content_middle fixed\" style=\"padding:40px;text-align:left;min-height:595px; background-color:#ffffff;\">\n<div class=\"content_middle_wrapper\">\n<div class=\"content_middle_content\">\n<div class=\"ppb_header_content\">\n<p style=\"color: #374151; text-align: center;\"><strong>WELCOME Limonade - 900 HUF \/ Person<br \/>\n<\/strong>Hausgemachte Limonade (Himbeere, Holunder, luftig mit frischen Fr\u00fcchten)<\/p>\n<p style=\"color: #374151; text-align: center;\"><strong>WELCOME Weinauswahl - 1.400 HUF \/ Person<br \/>\n<\/strong>Buborczi Pannonhalma Schaumwein, Weingut Babarczi<br \/>\nHausgemachte Limonade (Himbeere, Holunder, luftig mit frischen Fr\u00fcchten)<\/p>\n<p style=\"color: #374151; text-align: center;\"><strong>WELCOME Sparkling Experience - 2.400 HUF \/ Person<\/strong><br \/>\nT\u00f6rley s\u00fc\u00dfer und trockener Sekt<br \/>\nHausgemachte Limonade (Himbeere, Holunder, luftig mit frischen Fr\u00fcchten)<\/p>\n<p style=\"color: #374151; text-align: center;\"><strong>WELCOME P\u00e1linka-Reise - 3.200 HUF \/ Person<br \/>\n<\/strong>Panyolai Aprikose, Pflaume, schwarze Kirsche, Quitte P\u00e1linka - Hausgemachte Limonade (Himbeere, Holunder, luftig mit frischen Fr\u00fcchten)<\/p>\n<\/div>\n<\/div>\n<\/div>\n<\/div>\n<p><br class=\"clear\"\/><\/div>\n<\/div>\n<\/div>\n<\/div>\n<div  class=\"one withsmallpadding ppb_header\" style=\"text-align:left;padding:40px 0 40px 0;background-color:#ffffff;\" >\n<div class=\"standard_wrapper\">\n<div class=\"page_content_wrapper\">\n<div class=\"inner\">\n<div style=\"margin:auto;width:100%\">\n<h2 class=\"ppb_title\" style=\"\">Men\u00fc<\/h2>\n<div class=\"page_tagline\" style=\"\">Wir haben zwei Beispielangebote f\u00fcr Sie vorbereitet, die Sie nach Ihren W\u00fcnschen ab\u00e4ndern k\u00f6nnen. Nat\u00fcrlich k\u00f6nnen wir auf alle di\u00e4tetischen Empfindlichkeiten eingehen, wenn Sie uns dies im Voraus mitteilen, indem wir ein individuelles Men\u00fc anstelle des Angebots anbieten.<\/div>\n<\/div>\n<\/div>\n<\/div>\n<\/div>\n<\/div>\n<div  class=\"one ppb_card_two_cols_with_image\" style=\"position:relative;padding:40px 0 40px 0;\" >\n<div class=\"standard_wrapper\">\n<div class=\"page_content_wrapper\">\n<div class=\"inner\">\n<div class=\"one_half parallax_scroll_image\" style=\"width:75%;\">\n<div class=\"image_classic_frame expand\">\n<div class=\"image_wrapper\"><img decoding=\"async\" src=\"https:\/\/ottevenyikastely.hu\/wp-content\/uploads\/2023\/08\/Hortobagyi-Palacsinta.jpg.webp\" alt=\"\" class=\"portfolio_img\" title=\"\"><\/div>\n<\/div>\n<\/div>\n<div class=\"one_half last parallax_scroll\" style=\"width:50%;position:absolute;padding:40px;background:#fff;\" data-stellar-ratio=\"1.3\">\n<h2 class=\"ppb_title\" style=\"\">TRADITIONELLES UNGARISCHES HOCHZEITSMEN\u00dc<\/h2>\n<div class=\"page_tagline\" style=\"\">ab 50 \u20ac\/Person<\/div>\n<div class=\"ppb_header_content\">\n<p style=\"text-align: justify;\"><span style=\"color: #374151;\">Dieses traditionelle ungarische Men\u00fc wird garantiert jeden Geschmack treffen. Unser Sternekoch P\u00e9ter Suga und sein Team sind bereit, dieses himmlische Men\u00fc f\u00fcr Ihren besonderen Tag zu kreieren!<\/span><\/p>\n<\/div>\n<\/div>\n<p><br class=\"clear\"\/><\/div>\n<\/div>\n<\/div>\n<\/div>\n<div  class=\"one ppb_card_two_cols_with_image\" style=\"position:relative;padding:40px 0 40px 0;\" >\n<div class=\"standard_wrapper\">\n<div class=\"page_content_wrapper\">\n<div class=\"inner\">\n<div class=\"one_half parallax_scroll\" style=\"width:50%;position:absolute;padding:40px;z-index:2;block !important;background:#fff;\" data-stellar-ratio=\"1.3\">\n<h2 class=\"ppb_title\" style=\"\">GOURMET MEN\u00dc<\/h2>\n<div class=\"page_tagline\" style=\"\">ab 100 \u20ac\/Person<\/div>\n<div class=\"ppb_header_content\">\n<p><span style=\"color: #374151;\">M\u00f6chten Sie, dass Kellner mit wei\u00dfen Handschuhen Ihnen und Ihren G\u00e4sten das von unserem Starkoch kreierte Gourmet-Men\u00fc unter Clochen servieren?<\/span><\/p>\n<\/div>\n<\/div>\n<div class=\"one_half parallax_scroll_image last\" style=\"width:75%;\">\n<div class=\"image_classic_frame expand\">\n<div class=\"image_wrapper\"><img decoding=\"async\" src=\"https:\/\/ottevenyikastely.hu\/wp-content\/uploads\/2023\/06\/Alexandre_1770_1844_Dufay_-_The_Banquet_for_the_Marriage_of_Napoleon_Bonaparte_1769-1821_and_Marie-Louise_-_MeisterDrucke-943311-Enhanced.jpg\" alt=\"\" class=\"portfolio_img\" title=\"\"><\/div>\n<\/div>\n<\/div>\n<p><br class=\"clear\"\/><\/div>\n<\/div>\n<\/div>\n<\/div>","protected":false},"excerpt":{"rendered":"<p>DRINK PACKAGES Alkohol free DRINK PACKAGE 950 HUF \/ PERSON \/ HOUR. MINIMUM 4 HOURS Cappy fruit juices (100% orange juice, peach juice, apple juice) NaturAqua mineral waters Homemade syrups (raspberry, strawberry, kiwi, citrus, lavender, elderflower) Coca-Cola, Coke Zero, Fanta, Tonic, Ginger, Sprite FuzeTea in lemon and peach flavors Coffee, tea Beer and Wine DRINK [&hellip;]<\/p>","protected":false},"author":3,"featured_media":0,"parent":0,"menu_order":0,"comment_status":"closed","ping_status":"closed","template":"","meta":{"footnotes":""},"class_list":["post-5316","page","type-page","status-publish","hentry","entry"],"_links":{"self":[{"href":"https:\/\/ottevenyikastely.hu\/de\/wp-json\/wp\/v2\/pages\/5316","targetHints":{"allow":["GET"]}}],"collection":[{"href":"https:\/\/ottevenyikastely.hu\/de\/wp-json\/wp\/v2\/pages"}],"about":[{"href":"https:\/\/ottevenyikastely.hu\/de\/wp-json\/wp\/v2\/types\/page"}],"author":[{"embeddable":true,"href":"https:\/\/ottevenyikastely.hu\/de\/wp-json\/wp\/v2\/users\/3"}],"replies":[{"embeddable":true,"href":"https:\/\/ottevenyikastely.hu\/de\/wp-json\/wp\/v2\/comments?post=5316"}],"version-history":[{"count":0,"href":"https:\/\/ottevenyikastely.hu\/de\/wp-json\/wp\/v2\/pages\/5316\/revisions"}],"wp:attachment":[{"href":"https:\/\/ottevenyikastely.hu\/de\/wp-json\/wp\/v2\/media?parent=5316"}],"curies":[{"name":"wp","href":"https:\/\/api.w.org\/{rel}","templated":true}]}}