{"id":5321,"date":"2023-07-21T13:25:50","date_gmt":"2023-07-21T11:25:50","guid":{"rendered":"https:\/\/ottevenyikastely.hu\/?page_id=5321"},"modified":"2023-08-09T16:18:12","modified_gmt":"2023-08-09T14:18:12","slug":"konsum-von-lebensmitteln-und-getranken","status":"publish","type":"page","link":"https:\/\/ottevenyikastely.hu\/de\/konsum-von-lebensmitteln-und-getranken\/","title":{"rendered":"Konsum von Lebensmitteln und Getr\u00e4nken"},"content":{"rendered":"<div  class=\"one withsmallpadding ppb_header\" style=\"text-align:left;padding:30px 0 30px 0;\" >\n<div class=\"standard_wrapper\">\n<div class=\"page_content_wrapper\">\n<div class=\"inner\">\n<div style=\"margin:auto;width:100%\">\n<h2 class=\"ppb_title\" style=\"\">GETR\u00c4NKE ANGEBOTE<\/h2>\n<\/div>\n<\/div>\n<\/div>\n<\/div>\n<\/div>\n<div  class=\"ppb_image_half_boxed_fixed_width one\" >\n<div class=\"standard_wrapper\">\n<div class=\"page_content_wrapper\">\n<div class=\"inner\">\n<div class=\"one_half content_middle fixed\" style=\"padding:0px; text-align:left;min-height:420px;\">\n<div class=\"content_middle_wrapper\">\n<div class=\"content_middle_content\">\n<h2 class=\"ppb_title\" style=\"\">ALKOHOLFREIES GETR\u00c4NKEPAKET<\/h2>\n<div class=\"ppb_header_content\">\n<ul>\n<li style=\"text-align: justify;\"><span style=\"color: #374151;\">Cappy Fruchts\u00e4fte (100% Orangensaft, Pfirsichsaft, Apfelsaft) <\/span><\/li>\n<li style=\"text-align: justify;\"><span style=\"color: #374151;\">NaturAqua Mineralwasser <\/span><\/li>\n<li style=\"text-align: justify;\"><span style=\"color: #374151;\">Hausgemachte Sirupe (Himbeere, Erdbeere, Kiwi, Zitrusfr\u00fcchte, Lavendel, Holunder) <\/span><\/li>\n<li style=\"text-align: justify;\"><span style=\"color: #374151;\">Coca-Cola, Coke Zero, Fanta, Tonic, Ginger, Sprite <\/span><\/li>\n<li style=\"text-align: justify;\"><span style=\"color: #374151;\">FuzeTea in der Geschmacksrichtung Zitrone und Pfirsich <\/span><\/li>\n<li style=\"text-align: justify;\"><span style=\"color: #374151;\">Kaffee, Tee<\/span><\/li>\n<\/ul>\n<\/div>\n<\/div>\n<\/div>\n<\/div>\n<p><br class=\"clear\"\/><\/div>\n<\/div>\n<\/div>\n<\/div>\n<div  class=\"ppb_image_half_boxed_fixed_width one\" >\n<div class=\"standard_wrapper\">\n<div class=\"page_content_wrapper\">\n<div class=\"inner\">\n<div class=\"one_half content_middle fixed\" style=\"padding:0px; text-align:left;min-height:420px;\">\n<div class=\"content_middle_wrapper\">\n<div class=\"content_middle_content\">\n<h2 class=\"ppb_title\" style=\"\">GETR\u00c4NKEPAKET MIT BIER UND WEIN<\/h2>\n<div class=\"ppb_header_content\">\n<ul>\n<li style=\"text-align: justify;\">Cappy Fruchts\u00e4fte (100% Orangensaft, Pfirsichsaft, Apfelsaft)<\/li>\n<li style=\"text-align: justify;\">NaturAqua Mineralwasser<\/li>\n<li style=\"text-align: justify;\">Hausgemachte Sirupe (Himbeere, Erdbeere, schwarze Johannisbeere, Kirsche, Ingwer, Holunder)<\/li>\n<li style=\"text-align: justify;\">Coca-Cola, Coke Zero, Fanta, Tonic, Ginger, Sprite<\/li>\n<li style=\"text-align: justify;\">FuzeTea in der Geschmacksrichtung Zitrone und Pfirsich<\/li>\n<li style=\"text-align: justify;\">Biere vom Fass von Soproni und Heineken,<\/li>\n<li style=\"text-align: justify;\">Alkoholfreies Bier Heineken und G\u00f6sser Natur Lemon, Miller<\/li>\n<li style=\"text-align: justify;\">Pannonhalmi-Weine (Savignon Blanc, Tricolis Ros\u00e9, Hemina)<\/li>\n<li style=\"text-align: justify;\">Energy-Drink<\/li>\n<li style=\"text-align: justify;\">Sekt (s\u00fc\u00df, trocken, Kinder)<\/li>\n<li style=\"text-align: justify;\">Kaffee, Tee\n<p>Alle Biere und Weine, die weniger als 1.500 Ft \/ dl kosten, sind in deutscher Sprache erh\u00e4ltlich.<\/li>\n<\/ul>\n<\/div>\n<\/div>\n<\/div>\n<\/div>\n<p><br class=\"clear\"\/><\/div>\n<\/div>\n<\/div>\n<\/div>\n<div  class=\"ppb_image_half_boxed_fixed_width one\" >\n<div class=\"standard_wrapper\">\n<div class=\"page_content_wrapper\">\n<div class=\"inner\">\n<div class=\"one_half content_middle fixed\" style=\"padding:0px; text-align:left;min-height:420px;\">\n<div class=\"content_middle_wrapper\">\n<div class=\"content_middle_content\">\n<h2 class=\"ppb_title\" style=\"\">GETR\u00c4NKEPAKET MIT SCHNAPS<\/h2>\n<div class=\"ppb_header_content\">\n<ul>\n<li style=\"text-align: left;\">Cappy Fruchts\u00e4fte (100% Orangensaft, Pfirsichsaft, Apfelsaft)<\/li>\n<li style=\"text-align: left;\">NaturAqua Mineralwasser<\/li>\n<li style=\"text-align: left;\">Kaffee, Tee<\/li>\n<li style=\"text-align: left;\">Hausgemachte Sirupe (Himbeere, Erdbeere, schwarze Johannisbeere, Kirsche, Ingwer, Holunder)<\/li>\n<li style=\"text-align: left;\">Coca-Cola, Coke Zero, Fanta, Tonic, Ginger, Sprite<\/li>\n<li style=\"text-align: left;\">FuzeTea in der Geschmacksrichtung Zitrone und Pfirsich<\/li>\n<li style=\"text-align: left;\">Fassbiere von Soproni und Heineken, Miller<\/li>\n<li style=\"text-align: left;\">Alkoholfreies Bier Heineken und G\u00f6sser Natur Lemon<\/li>\n<li style=\"text-align: left;\">Pannonhalmi-Weine (Savignon Blanc, Tricolis Ros\u00e9, Hemina)<\/li>\n<li style=\"text-align: left;\">Wodka, Bacardi, Unicum, J\u00e4germeister, Bailey's, Hubertus, Martini, Jack Daniels, Gin<\/li>\n<li style=\"text-align: left;\">Energy-Drink<\/li>\n<li style=\"text-align: left;\">Sekt (s\u00fc\u00df, trocken, Kinder)\n<p>Praktisch alle Shortdrinks an der Bar, die unter 2.000 Ft \/ 4 cl kosten, sind in deutscher Sprache erh\u00e4ltlich.<\/li>\n<\/ul>\n<\/div>\n<\/div>\n<\/div>\n<\/div>\n<p><br class=\"clear\"\/><\/div>\n<\/div>\n<\/div>\n<\/div>\n<div  class=\"one withsmallpadding ppb_header\" style=\"text-align:left;padding:30px 0 30px 0;\" >\n<div class=\"standard_wrapper\">\n<div class=\"page_content_wrapper\">\n<div class=\"inner\">\n<div style=\"margin:auto;width:100%\">\n<h2 class=\"ppb_title\" style=\"\">WILLKOMMENSGETR\u00c4NKE<\/h2>\n<\/div>\n<\/div>\n<\/div>\n<\/div>\n<\/div>\n<div  class=\"ppb_image_half_boxed_fixed_width one\" >\n<div class=\"standard_wrapper\">\n<div class=\"page_content_wrapper\">\n<div class=\"inner\">\n<div class=\"one_half content_middle fixed\" style=\"padding:0px; text-align:left;min-height:420px;\">\n<div class=\"content_middle_wrapper\">\n<div class=\"content_middle_content\">\n<div class=\"ppb_header_content\">\n<p style=\"color: #374151;\">WELCOME Limonade - 900 Ft \/ Person - Hausgemachte Limonade (Himbeere, Holunder, prickelnde Fr\u00fcchte)<\/p>\n<p style=\"color: #374151;\">WELCOME Wein - 1.400 Ft \/ Person - Sekt vom Weingut Babarczi, Pannonhalma - Hausgemachte Limonade (Himbeere, Holunder, Sekt)<\/p>\n<p style=\"color: #374151;\">WELCOME Sekt - 2.400 Ft \/ Person - T\u00f6rley s\u00fc\u00dfer und trockener Sekt - Hausgemachte Limonade (Himbeere, Holunder, prickelnde Fr\u00fcchte)<\/p>\n<p style=\"color: #374151;\">WELCOME Obstbr\u00e4nde - 3.200 Ft \/ Person - Obstbr\u00e4nde aus Panyola: Aprikose, Pflaume, Schwarzkirsche, Quitte - Hausgemachte Limonade (Himbeere, Holunder, Sprudel)<\/p>\n<\/div>\n<\/div>\n<\/div>\n<\/div>\n<p><br class=\"clear\"\/><\/div>\n<\/div>\n<\/div>\n<\/div>\n<div  class=\"one withsmallpadding ppb_header\" style=\"text-align:left;padding:30px 0 30px 0;\" >\n<div class=\"standard_wrapper\">\n<div class=\"page_content_wrapper\">\n<div class=\"inner\">\n<div style=\"margin:auto;width:100%\">\n<h2 class=\"ppb_title\" style=\"\">Men\u00fc<\/h2>\n<\/div>\n<\/div>\n<\/div>\n<\/div>\n<\/div>\n<div  class=\"one ppb_card_two_cols_with_image\" style=\"position:relative;padding:0px 0 0px 0;\" >\n<div class=\"standard_wrapper\">\n<div class=\"page_content_wrapper\">\n<div class=\"inner\">\n<div class=\"one_half parallax_scroll\" style=\"width:50%;position:absolute;padding:0px;z-index:2;block !important;background:#fff;\" data-stellar-ratio=\"1.3\">\n<h2 class=\"ppb_title\" style=\"\">TRADITIONELLES UNGARISCHES HOCHZEITSMEN\u00dc<\/h2>\n<div class=\"ppb_header_content\">\n<p style=\"text-align: justify;\"><span style=\"color: #374151;\">Dieses traditionelle ungarische Men\u00fc wird garantiert jeden Geschmack treffen, und unser Sternekoch Suga P\u00e9ter und sein Team freuen sich darauf, dieses himmlische Men\u00fc f\u00fcr Ihren gro\u00dfen Tag zuzubereiten!<\/span><\/p>\n<\/div>\n<\/div>\n<div class=\"one_half parallax_scroll_image last\" style=\"width:50%;\"><\/div>\n<p><br class=\"clear\"\/><\/div>\n<\/div>\n<\/div>\n<\/div>\n<div  class=\"one ppb_card_two_cols_with_image\" style=\"position:relative;padding:0px 0 0px 0;\" >\n<div class=\"standard_wrapper\">\n<div class=\"page_content_wrapper\">\n<div class=\"inner\">\n<div class=\"one_half parallax_scroll\" style=\"width:50%;position:absolute;padding:0px;z-index:2;block !important;background:#fff;\" data-stellar-ratio=\"1.3\">\n<h2 class=\"ppb_title\" style=\"\">GOURMET-HOCHZEITSMEN\u00dc<\/h2>\n<div class=\"ppb_header_content\">\n<p><span style=\"color: #374151;\">M\u00f6chten Sie, dass unsere Kellner mit wei\u00dfen Handschuhen Ihnen und Ihren G\u00e4sten das von unserem Sternekoch kreierte Gourmet-Men\u00fc unter Clochen servieren?<\/span><\/p>\n<\/div>\n<\/div>\n<div class=\"one_half parallax_scroll_image last\" style=\"width:50%;\"><\/div>\n<p><br class=\"clear\"\/><\/div>\n<\/div>\n<\/div>\n<\/div>","protected":false},"excerpt":{"rendered":"<p>GETR\u00c4NKEANGEBOTE ALKOHOLFREIES GETR\u00c4NKEPAKET Cappy Fruchts\u00e4fte (100% Orangensaft, Pfirsichsaft, Apfelsaft) NaturAqua Mineralwasser Hausgemachte Sirupe (Himbeere, Erdbeere, Kiwi, Zitrusfr\u00fcchte, Lavendel, Holunder) Coca-Cola, Coke Zero, Fanta, Tonic, Ginger, Sprite FuzeTea in den Geschmacksrichtungen Zitrone und Pfirsich Kaffee, Tee GETR\u00c4NKEPAKET MIT BIER UND WEIN Cappy Fruchts\u00e4fte (100% Orangensaft, Pfirsichsaft, Apfelsaft) NaturAqua Mineralwasser Hausgemachte Sirupe (Himbeere, Erdbeere, schwarze Johannisbeere, Kirsche, Ingwer, Holunder) [...]<\/p>","protected":false},"author":3,"featured_media":0,"parent":0,"menu_order":0,"comment_status":"closed","ping_status":"closed","template":"","meta":{"footnotes":""},"class_list":["post-5321","page","type-page","status-publish","hentry","entry"],"_links":{"self":[{"href":"https:\/\/ottevenyikastely.hu\/de\/wp-json\/wp\/v2\/pages\/5321","targetHints":{"allow":["GET"]}}],"collection":[{"href":"https:\/\/ottevenyikastely.hu\/de\/wp-json\/wp\/v2\/pages"}],"about":[{"href":"https:\/\/ottevenyikastely.hu\/de\/wp-json\/wp\/v2\/types\/page"}],"author":[{"embeddable":true,"href":"https:\/\/ottevenyikastely.hu\/de\/wp-json\/wp\/v2\/users\/3"}],"replies":[{"embeddable":true,"href":"https:\/\/ottevenyikastely.hu\/de\/wp-json\/wp\/v2\/comments?post=5321"}],"version-history":[{"count":0,"href":"https:\/\/ottevenyikastely.hu\/de\/wp-json\/wp\/v2\/pages\/5321\/revisions"}],"wp:attachment":[{"href":"https:\/\/ottevenyikastely.hu\/de\/wp-json\/wp\/v2\/media?parent=5321"}],"curies":[{"name":"wp","href":"https:\/\/api.w.org\/{rel}","templated":true}]}}