{"id":5774,"date":"2023-07-27T10:00:45","date_gmt":"2023-07-27T08:00:45","guid":{"rendered":"https:\/\/ottevenyikastely.hu\/?page_id=5774"},"modified":"2023-11-07T10:35:00","modified_gmt":"2023-11-07T09:35:00","slug":"analyse-der-aktie","status":"publish","type":"page","link":"https:\/\/ottevenyikastely.hu\/de\/analyse-der-aktie\/","title":{"rendered":"Spielregeln"},"content":{"rendered":"<h1 style=\"text-align: center;\">Allgemeine Regeln f\u00fcr die Teilnahme<\/h1>\n<p style=\"text-align: center;\">Allgemeine Regeln f\u00fcr die Teilnahme an den von der Matusz-Vad Zrt. organisierten Spielen auf der \u00d6ttev\u00e9nyi-Burgseite<\/p>\n<h3>1. der Organisator des Spiels<\/h3>\n<p>Der Veranstalter des Gewinnspiels (im Folgenden \"Spiel\" genannt), das auf https:\/\/ottevenyikastely.hu\/ (im Folgenden \"Website\" genannt) organisiert wird, ist die Garzon Plaza Kft. (Sitz: 9024 Gy\u0151r, Vasv\u00e1ri P\u00e1l utca 1\/B, weitere Kontaktangaben in Abschnitt 6.1) (im Folgenden \"Veranstalter\" genannt).<\/p>\n<h3>2. die Bedingungen f\u00fcr die Teilnahme<\/h3>\n<p>2.1 Der Veranstalter wird jedes Spiel in einem Beitrag auf der Website ank\u00fcndigen (ein \"Beitrag\"). Der Veranstalter wird die Mitglieder der Website immer \u00fcber die Dauer und die besonderen Bedingungen des jeweiligen Spiels in dem jeweiligen Beitrag informieren. Der Veranstalter k\u00fcndigt auf der Website die folgende Art von Spiel an, so dass die Teilnahme den folgenden Bedingungen unterliegt:<\/p>\n<p>Abonnieren Sie den Newsletter in der angegebenen Post<\/p>\n<p>Der Organisator kann auch zus\u00e4tzliche Bedingungen f\u00fcr die Teilnahme an einem bestimmten Posten festlegen.<\/p>\n<p>2.2 Die Spiele unterliegen auch den Nutzungsbedingungen f\u00fcr die Nutzung der Website, wie sie auf der Website ver\u00f6ffentlicht sind, einschlie\u00dflich, aber nicht beschr\u00e4nkt auf die allgemeinen Verbote und Vorschriften, die f\u00fcr Benutzerinhalte gelten.<\/p>\n<p>2.3 An den Spielen k\u00f6nnen nur ungarische Staatsb\u00fcrger teilnehmen, die mindestens 18 Jahre alt sind, ihren Wohnsitz in Ungarn haben oder sich dort aufhalten und im Besitz eines von den ungarischen Beh\u00f6rden ausgestellten g\u00fcltigen Personalausweises sind, die nicht unter die in Abschnitt 2.9 genannten Personenkategorien fallen, die gesch\u00e4ftsf\u00e4hig sind (im Folgenden \"Spieler\" genannt) und die<\/p>\n<p>- abonnieren Sie den Newsletter;<\/p>\n<p>- die in der vom Veranstalter ver\u00f6ffentlichten Ausschreibung ausgeschriebenen Aufgaben wie darin beschrieben zu erf\u00fcllen; und<\/p>\n<p>- in die Verarbeitung der vom Veranstalter oder Organisator bei der Anmeldung zum Newsletter und w\u00e4hrend des Spiels zur Verf\u00fcgung gestellten personenbezogenen Daten einwilligen, wie in der Datenschutzerkl\u00e4rung (Kapitel 6) im Zusammenhang mit dem jeweiligen Spiel dargelegt, und<\/p>\n<p>- Durch Ihre Teilnahme erkl\u00e4ren Sie sich mit allen Bedingungen einverstanden, die in diesen Regeln (im Folgenden \"Spielregeln\" genannt) aufgef\u00fchrt sind.<\/p>\n<p>(nachstehend zusammenfassend als \"Antrag\" bezeichnet).<\/p>\n<p>2.4 Ein Spieler ist berechtigt, mit nur einer Teilnahme am Spiel teilzunehmen (es sei denn, der Veranstalter hat in dem betreffenden Posting etwas anderes angegeben).<\/p>\n<p>2.5 Beitr\u00e4ge, die nicht den in diesen Regeln und im jeweiligen Beitrag beschriebenen formalen und inhaltlichen Anforderungen entsprechen, werden automatisch vom jeweiligen Spiel disqualifiziert, w\u00e4hrend g\u00fcltige Beitr\u00e4ge per Computer erfasst werden. Der Veranstalter kann Spieler, die falsche Angaben machen, von dem betreffenden Spiel ausschlie\u00dfen.<\/p>\n<p>2.6 Der Veranstalter betrachtet nur solche Beitr\u00e4ge als g\u00fcltig, die von den Spielern selbst f\u00fcr das betreffende Spiel eingereicht werden. Wenn der Spieler kein Facebook- oder Instagram-Profil registriert oder keine eigene E-Mail-Adresse oder Telefonnummer verwendet, schlie\u00dfen der Veranstalter und der Organisator jegliche Haftung im Zusammenhang mit Streitigkeiten aus, die sich aus dem Recht ergeben, ein Facebook- und Instagram-Profil und ein E-Mail-Konto in Verbindung mit den Spielen zu verwenden.<\/p>\n<p>2.7 Mit der Einreichung eines Beitrags erkennt der Spieler an, dass der Inhalt, die Leistung, die Nachrichten- und Daten\u00fcbertragung und die Reaktionsgeschwindigkeit der technischen Infrastruktur der Spiele von der Servertechnologie abh\u00e4ngen und durch Faktoren, die sich der Kontrolle des Veranstalters entziehen, beeintr\u00e4chtigt werden k\u00f6nnen, wie z. B. (aber nicht ausschlie\u00dflich) Ausfall der Verbindung, Leistung des Servercomputers, Netzwerk\u00fcberlastung, Netzwerk\u00fcberlastung, Abdeckung und Aufrechterhaltung einer sicheren Netzwerkverbindung. Der Veranstalter und der Organisator schlie\u00dfen jede Haftung aus, die sich aus diesem Absatz ergibt.<\/p>\n<p>2.8 Der Veranstalter ist berechtigt, die Antr\u00e4ge zu pr\u00fcfen, um die Bestimmungen und Bedingungen der Regeln zu erf\u00fcllen, und kann, falls sie oder der Spieler, der sie einreicht, aus irgendeinem Grund nicht den Bestimmungen und Bedingungen der Regeln entsprechen, den betreffenden Spieler vom betreffenden Spiel disqualifizieren.<\/p>\n<p>2.9 Die Mitarbeiter des Veranstalters, der Matusz-Vad Zrt. und anderer Dritter, die an der Organisation des Spiels beteiligt sind, sowie die nahen Verwandten dieser Personen im Sinne von Artikel 8:1 (1) 1) des Gesetzes V von 2013 \u00fcber das Zivilgesetzbuch sind von den Spielen ausgeschlossen.<\/p>\n<p>2.10. Spieler, die entgegen dem Geist der Spiele in einem Team unter dem Namen einer nat\u00fcrlichen Person mit einem gef\u00e4lschten Facebook- oder Instagram-Profil teilnehmen, um durch ein solches betr\u00fcgerisches Verhalten ihre Gewinnchancen zu erh\u00f6hen, k\u00f6nnen nach Ermessen des Veranstalters von dem betreffenden Spiel oder den betreffenden Spielen disqualifiziert werden. Zu solchen Spielern geh\u00f6ren beispielsweise Personen, die sich zur Teilnahme an Gewinnspielen zusammentun, ihre Aktionen koordinieren, um Preise zu gewinnen, und die Leistungen mehrerer Personen unter einem Namen zusammenfassen und damit anderen Spielern, die fair spielen wollen, die Gewinnchance nehmen. Zu diesen Personen z\u00e4hlen auch diejenigen, die mit falschen Angaben an den Spielen teilnehmen, um ihre eigenen Gewinnchancen auf unfaire Weise zu erh\u00f6hen. Teilnehmer oder Spieler, die sich im Sinne dieser Klausel unlauter verhalten, sind verpflichtet, dem Veranstalter und\/oder dem Organisator den Schaden zu ersetzen, der ihnen im Zusammenhang mit dem Spiel entsteht.<\/p>\n<h3>3. die Ermittlung der Gewinner<\/h3>\n<p>3.1 Der Veranstalter ermittelt den\/die Gewinner des jeweiligen Spiels unter den g\u00fcltigen Abonnenten des Newsletters w\u00e4hrend des jeweiligen Spiels in Abh\u00e4ngigkeit vom jeweiligen Spiel. Der\/die Gewinner wird\/werden per Zufallsprinzip ermittelt.<\/p>\n<p>Im Falle einer Verlosung: In Anwesenheit einer vom Veranstalter eingesetzten dreik\u00f6pfigen Verlosungskommission wird insgesamt 1 (ein) Gewinnantrag per Zufallsgenerator (elektronisch) ausgelost. Die Verlosung findet in den R\u00e4umlichkeiten des Veranstalters statt (1103 Budapest, K\u0151\u00e9r utca 3\/A).<\/p>\n<p>3.2 Der Veranstalter zieht bei jeder Ziehung insgesamt 2 (zwei) Reserve-Gewinner. Die Reservesieger k\u00f6nnen f\u00fcr den jeweiligen Preis gem\u00e4\u00df den Klauseln 4.3 und 4.4 in Frage kommen, falls die Teilnahme des Gewinners aus irgendeinem Grund ung\u00fcltig ist oder der Gewinner aus einem anderen Grund, der mit seiner Teilnahme zusammenh\u00e4ngt, von der jeweiligen Ziehung ausgeschlossen wird.<\/p>\n<h3>4. die Preise, die Benachrichtigung der Gewinner, die \u00dcbergabe der Preise<\/h3>\n<p>4.1 Der Veranstalter ver\u00f6ffentlicht den Preis des jeweiligen Spiels in der Post zeitgleich mit der Ank\u00fcndigung des Spiels (im Folgenden \"Preis\" genannt). Gegenstand des Preises ist ein Preisnachlass in H\u00f6he von 4.000,00 EUR, der jederzeit w\u00e4hrend der Hochzeitssaison 2024 an einem aus den verf\u00fcgbaren Terminen ausgew\u00e4hlten Datum in Anspruch genommen werden kann und der der Miete des Schlosses \u00d6ttev\u00e9nyi beim Hochzeitsveranstalter entspricht und als Nachlass auf den endg\u00fcltigen Rechnungsbetrag gutgeschrieben wird. Der Veranstalter beh\u00e4lt sich das Recht vor, die Preise w\u00e4hrend der Dauer des betreffenden Spiels und auch danach zu \u00e4ndern, indem er die Spieler im Voraus \u00fcber die Website benachrichtigt, oder sie durch einen anderen Preispool zu ersetzen, der dem betreffenden Preis entspricht.<\/p>\n<p>4.2 Der Preis ist nicht \u00fcbertragbar und kann nicht in bar abgel\u00f6st werden. Ein Spieler kann w\u00e4hrend der gesamten Dauer eines bestimmten Spiels nur Anspruch auf einen Preis haben, unabh\u00e4ngig von der Anzahl der Einsendungen.<\/p>\n<p>4.3 Das Gewinnspiel l\u00e4uft bis zum 10. November 2023 um 12:00 Uhr, die elektronische Ziehung findet am 11. November 2023 um 10:00 Uhr statt.<\/p>\n<p>4.4 Der Veranstalter ver\u00f6ffentlicht die Namen der Gewinner der Preise auf der Website sp\u00e4testens 3 (drei) Werktage nach der jeweiligen Auslosung oder der Ermittlung des Gewinners in einem Kommentar im Anschluss an den Facebook- oder Instagram-Post zum Spiel, dem alle Spieler durch ihre Teilnahme am jeweiligen Spiel ausdr\u00fccklich zustimmen (im Folgenden \"Ver\u00f6ffentlichung\" genannt). Der Gewinner muss innerhalb von 3 (drei) Werktagen nach der Ver\u00f6ffentlichung die genauen pers\u00f6nlichen Daten (vollst\u00e4ndiger Name, Adresse in Ungarn), die f\u00fcr die Zustellung des Preises erforderlich sind, in einer privaten Nachricht an die Website angeben, was auch als Annahme des Preises gilt. Wenn der Gewinner die f\u00fcr die \u00dcbermittlung des Preises an den Gewinner erforderlichen Daten nicht innerhalb der oben genannten Frist angibt, wird das Gewinnspiel des Gewinners disqualifiziert und der Veranstalter w\u00e4hlt einen Ersatzgewinner f\u00fcr den Preis aus.<\/p>\n<p>4.5 Die Preise werden vom Veranstalter nach telefonischer Benachrichtigung per E-Mail am ersten Werktag nach der Ziehung elektronisch an den jeweiligen Gewinner an die vom Spieler bei der Registrierung angegebene E-Mail-Adresse gesendet. Der Veranstalter wird versuchen, den Preis innerhalb von 60 Kalendertagen nach der jeweiligen Ziehung\/dem jeweiligen Gewinner zweimal zuzustellen. Der Gewinner ist verpflichtet, bei der elektronischen Zustellung des Preises mitzuwirken, die er durch Best\u00e4tigung per E-Mail annehmen kann. Kommt der Gewinner dieser Mitwirkungspflicht nicht nach und wird der Preis deshalb nicht zugestellt, so kann dieser Umstand weder dem Veranstalter noch dem Organisator angelastet werden. Der Veranstalter ist nicht in der Lage, eine weitere Gelegenheit zur Abholung des Preises zu bieten.<\/p>\n<p>4.5 Der Veranstalter schlie\u00dft von dem betreffenden Gewinnspiel alle Gewinnspiele aus, bei denen der Preis nicht an den Spieler, der ihn eingereicht hat, geliefert oder \u00fcbertragen werden kann, weil die im Rahmen des Gewinnspiels oder nach dessen Ver\u00f6ffentlichung angegebenen pers\u00f6nlichen Daten nicht der Wahrheit entsprechen, unvollst\u00e4ndig oder falsch sind oder der Spieler, der das Gewinnspiel eingereicht hat, aus anderen Gr\u00fcnden die in diesen Regeln festgelegten Bedingungen nicht erf\u00fcllt. Der Veranstalter, der Organisator und der Organisator k\u00f6nnen nicht f\u00fcr Verluste oder Sch\u00e4den haftbar gemacht werden, die sich aus den vom Spieler angegebenen falschen Daten ergeben.<\/p>\n<h3>5. die Besteuerung, die Kosten<\/h3>\n<p>Der Veranstalter ist f\u00fcr die auf den Preis anfallende Mehrwertsteuer verantwortlich. Der Veranstalter hat keine weiteren Verpflichtungen au\u00dfer der Lieferung des Preises und der Zahlung des Steuerabzugs wie oben beschrieben. Der Veranstalter tr\u00e4gt die Kurierkosten f\u00fcr die Lieferung der Preise. Alle anderen anfallenden Kosten gehen zu Lasten des Spielers.<\/p>\n<h3>6. informationen zur datenverwaltung<\/h3>\n<p>6.1 Die im Rahmen des Spiels bereitgestellten Daten werden vom Veranstalter als dem f\u00fcr die Datenverarbeitung Verantwortlichen verarbeitet. Die Kontaktdaten des f\u00fcr die Datenverarbeitung Verantwortlichen sind.<\/p>\n<p>6.2 Der Zweck der Datenverarbeitung besteht darin, dem f\u00fcr die Verarbeitung Verantwortlichen die M\u00f6glichkeit zu geben, die Teilnahme des Spielers an der Verlosung zu gew\u00e4hrleisten und die personenbezogenen Daten der Spieler im Zusammenhang mit der Durchf\u00fchrung der Verlosung und der Zustellung der Preise zu verarbeiten.<\/p>\n<p>6.3 Die Rechtsgrundlage f\u00fcr die Datenverarbeitung ist die ausdr\u00fcckliche, freiwillige und informierte Zustimmung des Spielers. Mit der Teilnahme am Spiel willigt der Spieler in die Verarbeitung der in Abschnitt 2.3 genannten Daten ein. Die Spielteilnehmer erkl\u00e4ren sich ausdr\u00fccklich damit einverstanden, dass der Veranstalter als f\u00fcr die Datenverarbeitung Verantwortlicher ihre personenbezogenen Daten ausschlie\u00dflich im Zusammenhang mit dem Spiel, im Rahmen der Durchf\u00fchrung des Gewinnspiels und zum Zwecke der Kontaktaufnahme und Verwaltung verarbeitet und dass der Veranstalter im Falle eines Gewinns ihre Namen ohne weitere Bedingungen und ohne weitere Gegenleistung ausschlie\u00dflich im Zusammenhang mit dem Spiel auf der Website ver\u00f6ffentlicht.<\/p>\n<p>6.4 Im Rahmen der Datenverarbeitung verarbeitet der Veranstalter folgende Daten des Spielers: vollst\u00e4ndiger Name, E-Mail-Adresse, Telefonnummer und, im Falle eines Gewinns, Anschrift.<\/p>\n<p>6.5 Die Dauer der Datenverarbeitung ist die Dauer des jeweiligen Spiels. Im Falle von Gewinnern werden die Daten der Gewinner 5 Jahre nach Aush\u00e4ndigung des Gewinns aufbewahrt.<\/p>\n<p>6.6 Der Veranstalter bedient sich bei der Durchf\u00fchrung des Spiels der Hilfe eines Datenverarbeiters. Der Datenverarbeiter f\u00fchrt bestimmte technische Operationen in Bezug auf die verarbeiteten personenbezogenen Daten durch. W\u00e4hrend der Spiele hat der Veranstalter als Datenverarbeiter Zugang zu den personenbezogenen Daten des Spielers.<\/p>\n<p>6.7 Der Veranstalter als Inhaber der Datenverarbeitung verarbeitet die personenbezogenen Daten des Spielers gem\u00e4\u00df den geltenden ungarischen und EU-Rechtsvorschriften, d.h. gem\u00e4\u00df den Bestimmungen des Gesetzes Nr. CXII aus dem Jahr 2011 \u00fcber das Recht auf informationelle Selbstbestimmung und Informationsfreiheit sowie der Allgemeinen Datenschutzverordnung (sog. GDPR).<\/p>\n<p>6.8 Der Spieler hat als von der Verarbeitung betroffene Person die folgenden Rechte in Bezug auf die Verarbeitung:<\/p>\n<p>6.8.1 Recht auf Zugang<\/p>\n<p>Im Rahmen des Auskunftsrechts kann der Spieler jederzeit von dem f\u00fcr die Verarbeitung Verantwortlichen Informationen \u00fcber die Verarbeitung seiner personenbezogenen Daten, den Zugang zu diesen Daten sowie dar\u00fcber verlangen, ob und welche personenbezogenen Daten der f\u00fcr die Verarbeitung Verantwortliche \u00fcber den Spieler verarbeitet.<\/p>\n<p>6.8.2. Recht auf Berichtigung oder L\u00f6schung, Recht auf Einschr\u00e4nkung der Verarbeitung<\/p>\n<p>Der Spieler hat das Recht zu verlangen, dass der f\u00fcr die Verarbeitung Verantwortliche unrichtige, ungenaue oder unvollst\u00e4ndige Daten berichtigt oder die L\u00f6schung seiner personenbezogenen Daten verlangt. Beantragt der Spieler die Einschr\u00e4nkung der Verarbeitung personenbezogener Daten, kann der f\u00fcr die Verarbeitung Verantwortliche die Verarbeitung entsprechend dem Antrag einschr\u00e4nken. Bestreitet der Spieler die Richtigkeit seiner personenbezogenen Daten, so gilt die Einschr\u00e4nkung f\u00fcr den Zeitraum, der erforderlich ist, damit der f\u00fcr die Verarbeitung Verantwortliche die Richtigkeit dieser Daten \u00fcberpr\u00fcfen kann. Der Spieler kann die Einschr\u00e4nkung der Verwendung personenbezogener Daten verlangen, wenn die Verarbeitung unrechtm\u00e4\u00dfig ist, er sich aber gegen deren L\u00f6schung ausspricht. Der Spieler kann einen solchen Antrag auch dann stellen, wenn der f\u00fcr die Verarbeitung Verantwortliche seine personenbezogenen Daten f\u00fcr die Zwecke der Verarbeitung nicht mehr ben\u00f6tigt, der Spieler jedoch die Einschr\u00e4nkung der Verarbeitung ben\u00f6tigt, um Rechtsanspr\u00fcche zu begr\u00fcnden, auszu\u00fcben oder zu verteidigen.<\/p>\n<p>6.8.3 Ihr Recht auf \u00dcbertragbarkeit Ihrer Daten;<\/p>\n<p>Im Rahmen des Rechts auf Daten\u00fcbertragbarkeit hat der Spieler das Recht, die dem f\u00fcr die Verarbeitung Verantwortlichen zur Verf\u00fcgung gestellten personenbezogenen Daten in einem strukturierten, g\u00e4ngigen und maschinenlesbaren Format zu erhalten und diese Daten an einen anderen f\u00fcr die Verarbeitung Verantwortlichen zu \u00fcbermitteln, auch direkt, ohne dass der f\u00fcr die Verarbeitung Verantwortliche ihn daran hindert.<\/p>\n<p>6.8.4 Recht auf Widerruf der Zustimmung<\/p>\n<p>Der Spieler kann seine Zustimmung zur Datenverarbeitung jederzeit ganz oder teilweise widerrufen; der Widerruf der Zustimmung ber\u00fchrt jedoch nicht die Rechtm\u00e4\u00dfigkeit der Verarbeitung, die auf der Grundlage der Zustimmung vor dem Widerruf der Zustimmung erfolgt ist.)<\/p>\n<p>6.9 Wenn der Spieler eines der oben genannten Rechte aus\u00fcben m\u00f6chte oder Fragen oder Beschwerden bez\u00fcglich der Datenverarbeitung hat, kann er sich per Post oder E-Mail an den f\u00fcr die Verarbeitung Verantwortlichen wenden und dabei die in Abschnitt 6.1 angegebenen Kontaktdaten verwenden.<\/p>\n<p>6.10. Wenn der Spieler eine Verletzung seiner Rechte bei der Verarbeitung seiner personenbezogenen Daten feststellt, hat er folgende M\u00f6glichkeiten:<\/p>\n<p>6.10.1. direkt an den f\u00fcr die Verarbeitung Verantwortlichen per Post oder E-Mail;<\/p>\n<p>6.10.2. kann eine Beschwerde bei der betreffenden Aufsichtsbeh\u00f6rde, d.h. der Nationalen Beh\u00f6rde f\u00fcr Datenschutz und Informationsfreiheit [NAIH], einreichen. Die Kontaktdaten der NAIH lauten. Telefon: 06-1-391-1400 E-Mail: ugyfelszolgalat@naih.hu<\/p>\n<p>6.10.3. kann im Falle einer unrechtm\u00e4\u00dfigen Verarbeitung Ihrer Daten oder einer Verletzung der Datensicherheitsanforderungen rechtliche Schritte einleiten. Der Spieler kann Anspruch auf Schadenersatz und Entsch\u00e4digung haben. Informationen \u00fcber den Gerichtsstand und die Kontaktdaten des Gerichts finden Sie auf der folgenden Website: www.birosagok.hu<\/p>\n<p>6.11. Die Teilnahme an diesem Spiel und die Angabe von Daten im Zusammenhang mit der Teilnahme ist freiwillig, wenn der Spieler jedoch nicht in die Verarbeitung seiner personenbezogenen Daten einwilligt, ist seine Teilnahme am Spiel nicht m\u00f6glich. Verlangt der Spieler w\u00e4hrend der Dauer des Spiels oder vor der Preisverleihung die L\u00f6schung oder Einschr\u00e4nkung seiner Daten oder widerruft er seine Zustimmung zur Verarbeitung seiner Daten, wird er vom Spiel ausgeschlossen.<\/p>\n<h3>7. sonstige Bestimmungen<\/h3>\n<p>7.1 Der Veranstalter bzw. der Ausrichter haftet nicht f\u00fcr M\u00e4ngel\/Fehler in den Einsendungen (z.B. Rechtschreibfehler, Schreibfehler der Adresse, falsche oder unwahre Angaben usw.), f\u00fcr eine nicht erfolgte oder versp\u00e4tete Zustellung der Preise oder f\u00fcr Sch\u00e4den bei der Zustellung, die au\u00dferhalb des Einflussbereichs des Ausrichters liegen.<\/p>\n<p>7.2 Der Veranstalter \u00fcbernimmt keine Verantwortung f\u00fcr die Qualit\u00e4t der Preise, die nicht vom Veranstalter hergestellt oder verteilt werden. Holt der Gewinner den Preis nicht innerhalb der Frist ab, kann er ihn nicht beim Veranstalter oder beim Organisator einfordern.<\/p>\n<p>7.3. Der Veranstalter bzw. der Betreiber schlie\u00dft seine Haftung f\u00fcr etwaige Angriffe von au\u00dfen auf die Website https:\/\/ottevenyikastely.hu\/ oder den sie betreibenden Server, sogenannte SQL-Angriffe, oder Angriffe auf das Telefonnetz oder Ausf\u00e4lle aus. Der Veranstalter und der Betreiber haften daher nicht f\u00fcr den Fall, dass die Spieler im Falle eines Angriffs auf die Website oder den Server oder das Servernetzwerk falsche Systemmeldungen bez\u00fcglich ihrer Preise, ihres Gewinner\/Nicht-Gewinner-Status usw. erhalten.<\/p>\n<p>7.4 Der Veranstalter beh\u00e4lt sich das Recht vor, jeden Spieler mit sofortiger Wirkung von dem betreffenden Spiel oder den betreffenden Spielen auszuschlie\u00dfen, wenn er (Computer-)Manipulationen, Massen-E-Mails, die Erstellung von Facebook- oder Instagram-Profilen oder jegliches Verhalten, das mit dem Geist der Spiele unvereinbar ist oder in irgendeiner Weise dagegen verst\u00f6\u00dft, feststellt oder einen begr\u00fcndeten Verdacht darauf hat.<\/p>\n<p>7.5 Schlie\u00dft der Spieler w\u00e4hrend des Hochladens von Daten das Browserfenster oder wird die Verbindung zur Website des Servers (aus welchem Grund auch immer) unterbrochen, so haften der Veranstalter oder der Organisator nicht f\u00fcr den Verlust von Daten.<\/p>\n<p>7.6 Der Veranstalter bzw. der Organisator schlie\u00dft jede Haftung f\u00fcr eine St\u00f6rung der Website aus, die auf Ursachen zur\u00fcckzuf\u00fchren ist, auf die er keinen Einfluss hat und w\u00e4hrend der die Website nicht oder nur teilweise nutzbar ist, wird aber unverz\u00fcglich alle erforderlichen Ma\u00dfnahmen ergreifen, um die Ursache der St\u00f6rung zu finden und zu beseitigen.<\/p>\n<p>7.7 Die Daten werden nicht an die Website, sondern an den Veranstalter \u00fcbermittelt.<\/p>\n<p>7.8 Der Veranstalter beh\u00e4lt sich das Recht vor, die Spielregeln jederzeit und ohne Angabe von Gr\u00fcnden zu \u00e4ndern. Der Veranstalter wird die entsprechenden Informationen auf der Website mit der gleichen Publizit\u00e4t wie andere Ank\u00fcndigungen des Spiels ver\u00f6ffentlichen.<\/p>\n<p>7.9 Im Falle einer Streitigkeit ist das Gericht mit Sitz und Gerichtsbarkeit in Gy\u0151r das zust\u00e4ndige Gericht.<\/p>\n<p>Gy\u0151r, 2023.07.01.<\/p>\n<p style=\"text-align: center;\">Garzon Plaza Ltd.<\/p>\n<p style=\"text-align: center;\">Veranstalter<\/p>\n<p>&nbsp;<\/p>","protected":false},"excerpt":{"rendered":"<p>\u00c1ltal\u00e1nos r\u00e9szv\u00e9teli j\u00e1t\u00e9kszab\u00e1lyzat A Matusz-Vad Zrt. \u00e1ltal meghirdetett, az \u00d6ttev\u00e9nyi kast\u00e9ly oldal\u00e1n szervezett j\u00e1t\u00e9kok \u00e1ltal\u00e1nos r\u00e9szv\u00e9teli, j\u00e1t\u00e9kszab\u00e1lyzata 1. A J\u00e1t\u00e9k szervez\u0151je A https:\/\/ottevenyikastely.hu\/ oldalon (a tov\u00e1bbiakban: weboldal) szervezett nyerem\u00e9nyj\u00e1t\u00e9k (a tov\u00e1bbiakban: J\u00e1t\u00e9k) szervez\u0151je a Garzon Plaza Kft. (sz\u00e9khely: 9024 Gy\u0151r, Vasv\u00e1ri P\u00e1l utca 1\/B, tov\u00e1bbi el\u00e9rhet\u0151s\u00e9gei 6.1. pontban) (a tov\u00e1bbiakban: Szervez\u0151). 2. R\u00e9szv\u00e9teli felt\u00e9telek 2.1. [&hellip;]<\/p>","protected":false},"author":3,"featured_media":0,"parent":0,"menu_order":0,"comment_status":"closed","ping_status":"closed","template":"","meta":{"footnotes":""},"class_list":["post-5774","page","type-page","status-publish","hentry","entry"],"_links":{"self":[{"href":"https:\/\/ottevenyikastely.hu\/de\/wp-json\/wp\/v2\/pages\/5774","targetHints":{"allow":["GET"]}}],"collection":[{"href":"https:\/\/ottevenyikastely.hu\/de\/wp-json\/wp\/v2\/pages"}],"about":[{"href":"https:\/\/ottevenyikastely.hu\/de\/wp-json\/wp\/v2\/types\/page"}],"author":[{"embeddable":true,"href":"https:\/\/ottevenyikastely.hu\/de\/wp-json\/wp\/v2\/users\/3"}],"replies":[{"embeddable":true,"href":"https:\/\/ottevenyikastely.hu\/de\/wp-json\/wp\/v2\/comments?post=5774"}],"version-history":[{"count":0,"href":"https:\/\/ottevenyikastely.hu\/de\/wp-json\/wp\/v2\/pages\/5774\/revisions"}],"wp:attachment":[{"href":"https:\/\/ottevenyikastely.hu\/de\/wp-json\/wp\/v2\/media?parent=5774"}],"curies":[{"name":"wp","href":"https:\/\/api.w.org\/{rel}","templated":true}]}}