{"id":5787,"date":"2023-07-27T10:36:57","date_gmt":"2023-07-27T08:36:57","guid":{"rendered":"https:\/\/ottevenyikastely.hu\/?page_id=5787"},"modified":"2023-10-02T10:05:26","modified_gmt":"2023-10-02T08:05:26","slug":"regeln-fur-die-vereidigung-von-burgbewohnern","status":"publish","type":"page","link":"https:\/\/ottevenyikastely.hu\/de\/regeln-fur-die-vereidigung-von-burgbewohnern\/","title":{"rendered":"F\u00d6LDV\u00c1RY SCHLOSS HOCHZEIT BUCHUNGSPOLITIK"},"content":{"rendered":"<div  class=\"one withsmallpadding ppb_header\" style=\"text-align:left;padding:30px 0 30px 0;\" >\n<div class=\"standard_wrapper\">\n<div class=\"page_content_wrapper\">\n<div class=\"inner\">\n<div style=\"margin:auto;width:100%\">\n<h2 class=\"ppb_title\" style=\"\">Buchungsverfahren<\/h2>\n<\/div>\n<\/div>\n<\/div>\n<\/div>\n<\/div>\n<div  class=\"one withsmallpadding ppb_text\" style=\"text-align:left;padding:30px 0 30px 0;\" >\n<div class=\"standard_wrapper\">\n<div class=\"page_content_wrapper\">\n<div class=\"inner\">\n<div style=\"margin:auto;width:100%\">\n<p style=\"text-align: justify;\">1. w\u00e4hlen Sie auf unserer Website den idealen Termin aus und melden Sie ihn an, dann haben Sie sich den Termin bereits gesichert.<\/p>\n<p style=\"text-align: justify;\">2. bitte f\u00fcllen Sie das <a href=\"https:\/\/forms.office.com\/e\/57PcYtssjq\" target=\"_blank\" rel=\"noopener\">unseren Fragebogen zur Bedarfsanalyse (hier klicken)<\/a>um Ihnen genauere Informationen zu geben.<\/p>\n<p style=\"text-align: justify;\">3 Sobald dies geschehen ist, wird sich unser Hochzeitsplaner mit Ihnen in Verbindung setzen, um die n\u00e4chsten Schritte und Ihre spezifischen Anforderungen zu besprechen, und dann Ihr individuelles Angebot erstellen.<\/p>\n<p>4 Auf der Grundlage des Besprochenen erstellen wir den Miet- und Veranstaltungsmanagementvertrag.<\/p>\n<p style=\"text-align: start;\"><span style=\"text-align: justify;\">(5) Wie im Vertrag festgelegt, verlangen wir von Ihnen eine Anzahlung von 2000 EUR. <\/span><span style=\"text-align: justify;\">Ohne Zahlung der Anzahlung ist die Reservierung ung\u00fcltig und der Termin wird automatisch storniert und der Vertrag verf\u00e4llt. <\/span><strong style=\"text-align: justify;\">Sie k\u00f6nnen innerhalb von 60 Kalendertagen kostenlos stornieren<\/strong><span style=\"text-align: justify;\">In diesem Fall wird Ihnen die Buchungsgeb\u00fchr in voller H\u00f6he zur\u00fcckerstattet.<\/span><\/p>\n<p style=\"text-align: justify;\">6. die <strong>f\u00e4llig 60 Tage vor der Hochzeit<\/strong> Zahlung der Kaution in H\u00f6he von 4.000 EUR f\u00fcr die Anmietung des Schlosses; bei einer Versp\u00e4tung von mehr als 8 Tagen wird die Reservierung storniert und die Kaution wird nicht mehr zur\u00fcckerstattet.<\/p>\n<p style=\"text-align: justify;\">7 Die Einzelheiten des Men\u00fcs und des Caterings sollten sp\u00e4testens einige Wochen nach der Zahlung des Mietpreises f\u00fcr das Schloss mit einer vorl\u00e4ufigen Personenzahl festgelegt werden.<\/p>\n<p style=\"text-align: justify;\">8. 50% des Preises f\u00fcr das Essens- und Getr\u00e4nkepaket m\u00fcssen 30 Tage vor dem gro\u00dfen Tag bezahlt werden, um die G\u00fcltigkeit der Reservierung zu erhalten.<\/p>\n<p style=\"text-align: justify;\">9. 3 Tage vor der Hochzeit muss die Anzahl der G\u00e4ste feststehen. Danach sind leider keine \u00c4nderungen mehr m\u00f6glich. Der Rest des Essens- und Getr\u00e4nkepakets muss zu diesem Zeitpunkt festgelegt werden.<\/p>\n<p style=\"text-align: justify;\">10 Nach der Veranstaltung werden Zusatzbestellungen und Restbest\u00e4nde in der Cocktailbar in Rechnung gestellt.<\/p>\n<\/div>\n<\/div>\n<\/div>\n<\/div>\n<\/div>\n<div  class=\"one withsmallpadding ppb_header\" style=\"text-align:left;padding:30px 0 30px 0;\" >\n<div class=\"standard_wrapper\">\n<div class=\"page_content_wrapper\">\n<div class=\"inner\">\n<div style=\"margin:auto;width:100%\">\n<h2 class=\"ppb_title\" style=\"\">Honorare und Dienstleistungen:<\/h2>\n<\/div>\n<\/div>\n<\/div>\n<\/div>\n<\/div>\n<div  class=\"one withsmallpadding ppb_text\" style=\"text-align:left;padding:30px 0 30px 0;\" >\n<div class=\"standard_wrapper\">\n<div class=\"page_content_wrapper\">\n<div class=\"inner\">\n<div style=\"margin:auto;width:100%\">\n<p style=\"text-align: justify;\">Bitte beachten Sie, dass f\u00fcr Speisen und Getr\u00e4nke automatisch eine Servicegeb\u00fchr von 5% erhoben wird, die nicht im Angebot enthalten ist, und <strong>Veranstaltungen f\u00fcr weniger als 60 Personen<\/strong> im Falle von <strong>1000 EUR<\/strong> wird ein Personalkostenzuschlag erhoben.<\/p>\n<p style=\"text-align: justify;\">Wir hoffen, dass mit Ihrer Buchung und dem von Ihnen gew\u00e4hlten Termin alles gut geht. Wenn Sie Fragen haben, z\u00f6gern Sie bitte nicht, unsere Mitarbeiter zu kontaktieren.<\/p>\n<p style=\"text-align: justify;\">Wir danken Ihnen, dass Sie sich f\u00fcr das Schloss F\u00f6ldv\u00e1ry entschieden haben und freuen uns darauf, dazu beizutragen, dass Ihr gro\u00dfer Tag unvergesslich wird.<\/p>\n<\/div>\n<\/div>\n<\/div>\n<\/div>\n<\/div>","protected":false},"excerpt":{"rendered":"<p>So buchen Sie 1. W\u00e4hlen Sie auf unserer Website Ihren Wunschtermin aus und melden Sie ihn an, damit haben Sie sich den Termin bereits gesichert 2. F\u00fcllen Sie bitte unseren Fragebogen zur Bedarfsanalyse aus (hier klicken), damit wir Ihnen genauere Informationen geben k\u00f6nnen. 3.<\/p>","protected":false},"author":3,"featured_media":0,"parent":0,"menu_order":0,"comment_status":"closed","ping_status":"closed","template":"","meta":{"footnotes":""},"class_list":["post-5787","page","type-page","status-publish","hentry","entry"],"_links":{"self":[{"href":"https:\/\/ottevenyikastely.hu\/de\/wp-json\/wp\/v2\/pages\/5787","targetHints":{"allow":["GET"]}}],"collection":[{"href":"https:\/\/ottevenyikastely.hu\/de\/wp-json\/wp\/v2\/pages"}],"about":[{"href":"https:\/\/ottevenyikastely.hu\/de\/wp-json\/wp\/v2\/types\/page"}],"author":[{"embeddable":true,"href":"https:\/\/ottevenyikastely.hu\/de\/wp-json\/wp\/v2\/users\/3"}],"replies":[{"embeddable":true,"href":"https:\/\/ottevenyikastely.hu\/de\/wp-json\/wp\/v2\/comments?post=5787"}],"version-history":[{"count":0,"href":"https:\/\/ottevenyikastely.hu\/de\/wp-json\/wp\/v2\/pages\/5787\/revisions"}],"wp:attachment":[{"href":"https:\/\/ottevenyikastely.hu\/de\/wp-json\/wp\/v2\/media?parent=5787"}],"curies":[{"name":"wp","href":"https:\/\/api.w.org\/{rel}","templated":true}]}}