{"id":5855,"date":"2023-08-03T11:42:07","date_gmt":"2023-08-03T09:42:07","guid":{"rendered":"https:\/\/ottevenyikastely.hu\/?page_id=5855"},"modified":"2023-08-09T14:02:07","modified_gmt":"2023-08-09T12:02:07","slug":"5855-2","status":"publish","type":"page","link":"https:\/\/ottevenyikastely.hu\/de\/5855-2\/","title":{"rendered":"SPIELREGELN"},"content":{"rendered":"<p>SPIELREGELN<\/p>\n<p>ALLGEMEINE TEILNAHMEREGELN F\u00dcR DAS SPIEL<\/p>\n<p>Die allgemeinen Teilnahme- und Spielregeln f\u00fcr die von Matusz-Vad Plc. organisierten und auf der Website von \u00d6ttev\u00e9ny Castle angebotenen Spiele.<\/p>\n<p>&nbsp;<\/p>\n<p>ORGANISATOR DES SPIELS<\/p>\n<p>Veranstalter des Gewinnspiels (im Folgenden: Spiel) auf der Website https:\/\/ottevenyikastely.hu\/ (im Folgenden: Website) ist die Garzon Plaza Ltd. (Sitz: 9024 Gy\u0151r, Vasv\u00e1ri P\u00e1l Stra\u00dfe 1\/B, weitere Kontaktdaten finden Sie unter Punkt 6.1.) (im Folgenden: Veranstalter).<\/p>\n<p>&nbsp;<\/p>\n<p>TEILNAHMEBEDINGUNGEN<\/p>\n<p>2.1 Der Veranstalter k\u00fcndigt jedes Spiel in den auf der Website ver\u00f6ffentlichten Beitr\u00e4gen (im Folgenden: Beitrag) an. Der Veranstalter informiert die Mitglieder der Website in dem jeweiligen Beitrag stets \u00fcber die Dauer und die besonderen Bedingungen des jeweiligen Spiels. Der Veranstalter k\u00fcndigt auf der Website die folgende Art von Spiel an, so dass die Teilnahme an die folgende Bedingung gekn\u00fcpft ist:<\/p>\n<ul>\n<li>Abonnement des in der jeweiligen Post erscheinenden Newsletters<\/li>\n<\/ul>\n<p>Der Veranstalter kann in dem jeweiligen Aushang auch zus\u00e4tzliche Teilnahmebedingungen festlegen.<\/p>\n<p>2.2 Die auf der Website ver\u00f6ffentlichten Nutzungsbedingungen, die f\u00fcr die Nutzung der Website gelten, sind auch f\u00fcr die Spiele verbindlich und anwendbar, also insbesondere, aber nicht ausschlie\u00dflich, die allgemeinen Verbote und Regelungen bez\u00fcglich der Nutzerinhalte.<\/p>\n<p>2.3 An den Spielen k\u00f6nnen nur ungarische Staatsb\u00fcrger teilnehmen, die das 18. Lebensjahr vollendet haben, im Besitz eines von den ungarischen Beh\u00f6rden ausgestellten g\u00fcltigen Personalausweises sind und einen Wohnsitz oder Aufenthalt in Ungarn haben, wenn sie nicht zu der in Punkt 2.9 definierten Personengruppe geh\u00f6ren, gesch\u00e4ftsf\u00e4hig sind (im Folgenden: Spieler) und die<\/p>\n<ul>\n<li>sich f\u00fcr den Newsletter anmeldet;<\/li>\n<li>die in dem vom Veranstalter ver\u00f6ffentlichten Aushang angek\u00fcndigten Aufgaben gem\u00e4\u00df den dort gegebenen Anweisungen erf\u00fcllt und<\/li>\n<li>willigt ein, dass der Veranstalter bzw. Ausf\u00fchrende seine personenbezogenen Daten, die er bei der Anmeldung zum Newsletter und w\u00e4hrend des Spiels angibt, im Zusammenhang mit dem jeweiligen Spiel gem\u00e4\u00df den Informationen zur Datenverwaltung (Kapitel 6) verwaltet, und<\/li>\n<li>durch seine Teilnahme alle in diesen Regeln aufgef\u00fchrten Bedingungen akzeptiert (im Folgenden: Spielregeln)<\/li>\n<\/ul>\n<p>(im Folgenden zusammen: Antrag).<\/p>\n<p>2.4 Ein Spieler ist berechtigt, mit nur einer Anmeldung am Spiel teilzunehmen (es sei denn, der Veranstalter sieht in dem jeweiligen Posting etwas anderes vor).<\/p>\n<p>2.5 Anmeldungen, die den in diesen Spielregeln und dem jeweiligen Beitrag beschriebenen formalen und inhaltlichen Anforderungen nicht entsprechen, werden automatisch vom jeweiligen Spiel ausgeschlossen, w\u00e4hrend g\u00fcltige Anmeldungen per Computer erfasst werden. Der Veranstalter kann Spieler, die falsche Angaben machen, von dem jeweiligen Spiel ausschlie\u00dfen.<\/p>\n<p>2.6 Der Veranstalter betrachtet nur solche Anmeldungen als g\u00fcltig, die von den Spielern selbst f\u00fcr das jeweilige Spiel eingereicht werden. Wenn der Spieler nicht sein eigenes registriertes Facebook- oder Instagram-Profil oder seine eigene E-Mail-Adresse verwendet, schlie\u00dfen der Veranstalter und der Vollstrecker jede Haftung f\u00fcr Streitigkeiten aus, die sich aus dem Recht zur Nutzung von Facebook- und Instagram-Profilen und E-Mail-Konten ergeben.<\/p>\n<p>2.7 Mit der Einreichung der Anmeldung erkennt der Spieler an, dass der Inhalt, die Leistung, die Nachrichten- und Daten\u00fcbertragung und die Reaktionsgeschwindigkeit der technischen Infrastruktur der Spiele von der Servertechnologie abh\u00e4ngen und durch Faktoren beeintr\u00e4chtigt werden k\u00f6nnen, die au\u00dferhalb der Kontrolle des Veranstalters liegen, wie z.B. (aber nicht beschr\u00e4nkt auf) Verbindungsfehler, die Leistung von Servercomputern, Netzwerk\u00fcberlastung, Netzwerkabdeckung und Aufrechterhaltung einer sicheren Netzwerkverbindung. Der Veranstalter und der Ausf\u00fchrende schlie\u00dfen jegliche Haftung aus, die sich aus den in diesem Absatz beschriebenen Sachverhalten ergibt.<\/p>\n<p>2.8 Der Veranstalter kann die Anmeldungen auf die Erf\u00fcllung der Bedingungen der Spielordnung pr\u00fcfen und, wenn sie oder der Spieler, der sie eingereicht hat, aus irgendeinem Grund die Bedingungen der Spielordnung nicht erf\u00fcllen, den betroffenen Spieler von dem jeweiligen Spiel ausschlie\u00dfen.<\/p>\n<p>2.9 Mitarbeiter des Veranstalters, der Matusz-Vad Zrt. und andere an der Organisation des Spiels beteiligte Dritte sowie deren nahe Angeh\u00f6rige im Sinne von Abschnitt 8:1 \u00a7 (1) des Gesetzes V von 2013 \u00fcber das Zivilgesetzbuch sind von den Spielen ausgeschlossen.<\/p>\n<p>2.10. Spieler, die entgegen dem Geist der Spiele in einem Team unter dem Namen einer nat\u00fcrlichen Person teilnehmen, ein nicht echtes Facebook- oder Instagram-Profil in der Absicht verwenden, durch dieses betr\u00fcgerische Verhalten ihre Gewinnchancen zu erh\u00f6hen, k\u00f6nnen nach Ermessen des Veranstalters von dem jeweiligen Spiel oder den jeweiligen Spielen ausgeschlossen werden. Zu diesen Spielern geh\u00f6ren beispielsweise assoziierte Personen, die ihre Handlungen koordinieren, um Preise zu gewinnen, und die Leistungen mehrerer Personen unter einem Namen zusammenfassen und so anderen Spielern, die fair spielen wollen, die Gewinnchancen nehmen. Dazu geh\u00f6ren auch diejenigen, die mit nicht realen Daten an den Spielen teilnehmen, um ihre eigenen Gewinnchancen in unlauterer Weise zu erh\u00f6hen. Teilnehmer oder Spieler, die das in diesem Absatz definierte unlautere Verhalten an den Tag legen, sind verpflichtet, dem Veranstalter und\/oder dem Ausf\u00fchrenden den Schaden zu ersetzen, den sie im Zusammenhang mit dem Spiel verursacht haben.<\/p>\n<p>&nbsp;<\/p>\n<p>ERMITTLUNG DER GEWINNER<\/p>\n<p>3.1 Der Veranstalter ermittelt den\/die Gewinner des jeweiligen Gewinnspiels unter denjenigen, die sich w\u00e4hrend der Laufzeit des jeweiligen Gewinnspiels g\u00fcltig f\u00fcr den Newsletter angemeldet haben, abh\u00e4ngig vom jeweiligen Gewinnspiel. Die Auswahl des\/der Gewinner(s) erfolgt nach dem Zufallsprinzip.<\/p>\n<p>Im Falle einer Verlosung: Unter der Aufsicht eines vom Testamentsvollstrecker eingesetzten dreik\u00f6pfigen Verlosungsausschusses wird 1 (ein) Gewinnantrag durch eine maschinelle Verlosung nach dem Zufallsprinzip gezogen. Der Ort der Verlosung ist das B\u00fcro des Testamentsvollstreckers (1103 Budapest, K\u0151\u00e9r utca 3\/A). Der Ausschuss protokolliert die Verlosung, die durch die Unterschriften der Ausschussmitglieder beglaubigt wird.<\/p>\n<p>3.2 Bei jeder Verlosung zieht der Veranstalter insgesamt 2 (zwei) Ersatzgewinnerantr\u00e4ge, die nach Ma\u00dfgabe der Ziffern 4.3 und 4.4 Anspruch auf den jeweiligen Gewinn haben, wenn der Gewinnerantrag aus irgendeinem Grund ung\u00fcltig ist oder der Gewinner aus einem anderen Grund, der mit seinem Antrag zusammenh\u00e4ngt, vom jeweiligen Spiel ausgeschlossen wird.<\/p>\n<p>PREISE, BENACHRICHTIGUNG DER GEWINNER, PREIS\u00dcBERGABE<\/p>\n<p>4.1 Der Veranstalter wird den Preis f\u00fcr das jeweilige Spiel gleichzeitig mit der Ank\u00fcndigung des Spiels in der Post bekannt geben (im Folgenden als Preis bezeichnet). Der Preis ist ein Preisnachlass in H\u00f6he von 4.000 EUR, der zu einem beliebigen Zeitpunkt w\u00e4hrend der Hochzeitssaison 2024, ausgew\u00e4hlt aus den verf\u00fcgbaren Terminen, in Anspruch genommen werden kann und der der Anmietung des Schlosses \u00d6ttev\u00e9ny mit einem Hochzeitsveranstalter entspricht und als Rabatt auf den endg\u00fcltigen Rechnungsbetrag gutgeschrieben wird. Der Veranstalter beh\u00e4lt sich das Recht vor, die Preise w\u00e4hrend der Dauer des Spiels und auch danach mit vorheriger Benachrichtigung der Spieler \u00fcber die Website zu \u00e4ndern und durch andere, dem jeweiligen Preis gleichwertige Preise zu ersetzen.<\/p>\n<p>4.2 Der Preis ist nicht \u00fcbertragbar und kann nicht gegen Bargeld eingetauscht werden. Ein Spieler kann w\u00e4hrend der gesamten Dauer eines bestimmten Spiels nur f\u00fcr 1 Preis in Frage kommen, unabh\u00e4ngig von der Anzahl der Bewerbungen.<\/p>\n<p>4.3 Die Laufzeit des Gewinnspiels dauert bis zum 10. November 2023, die geplante elektronische Ziehung findet am 11. November 2023 statt.<\/p>\n<p>4.4 Der Veranstalter ver\u00f6ffentlicht die Namen der Gewinner der Preise sp\u00e4testens 3 (drei) Werktage nach der jeweiligen Auslosung oder Ermittlung des Gewinners in einem Kommentar im Anschluss an den Facebook- oder Instagram-Post zum Spiel auf der Website, dem alle Spieler durch ihre Teilnahme an dem jeweiligen Spiel ausdr\u00fccklich zustimmen (im Folgenden: Ver\u00f6ffentlichung). Der Gewinner ist verpflichtet, innerhalb von 3 (drei) Werktagen nach der Ver\u00f6ffentlichung seine f\u00fcr die \u00dcbergabe des Preises erforderlichen pers\u00f6nlichen Daten (vollst\u00e4ndiger Name, ungarische Wohnanschrift) in einer privaten Nachricht an die Website anzugeben, was ebenfalls als Annahme des Preises gilt. Wenn der Gewinner die f\u00fcr die Mitteilung seines Gewinns erforderlichen Daten nicht innerhalb der oben genannten Frist \u00fcbermittelt, wird die Bewerbung des Gewinners disqualifiziert und der Veranstalter bestimmt einen Ersatzgewinner f\u00fcr den Preis.<\/p>\n<p>4.5 Der Veranstalter liefert die Preise zur pers\u00f6nlichen Abholung an den jeweiligen Gewinner an die vom Spieler angegebene ungarische Wohnadresse. Der Veranstalter wird innerhalb von 60 Kalendertagen ab der jeweiligen Ziehung\/Gewinnerermittlung zweimal versuchen, den Preis zuzustellen. Der Gewinner ist verpflichtet, bei der Abholung des Preises gem\u00e4\u00df den geltenden Allgemeinen Vertragsbedingungen des Kurierdienstes und dem Gesetz CLIX von 2012 \u00fcber Postdienstleistungen mitzuwirken. Wenn der Gewinner dieser Mitwirkungspflicht nicht nachkommt und somit die Zustellung des Preises misslingt, kann dieser Umstand nicht zum Nachteil des Veranstalters oder des Vollstreckers ber\u00fccksichtigt werden. Der Veranstalter kann keine weitere Gelegenheit zur Abholung des Preises bieten.<\/p>\n<p>4.5 Der Veranstalter schlie\u00dft von dem jeweiligen Spiel denjenigen Antrag aus, f\u00fcr den der Preis dem Spieler, der ihn eingereicht hat, nicht zugestellt oder ausgeh\u00e4ndigt werden kann, weil die im Antrag oder nach der Ver\u00f6ffentlichung \u00fcbermittelten pers\u00f6nlichen Daten nicht echt, unvollst\u00e4ndig oder falsch sind oder der Spieler, der den Antrag eingereicht hat, aus anderen Gr\u00fcnden die in diesen Spielregeln festgelegten Bedingungen nicht erf\u00fcllt. Der Veranstalter, Ausf\u00fchrende tr\u00e4gt keine Verantwortung f\u00fcr falsche Angaben des Spielers.<\/p>\n<ol start=\"5\">\n<li>BESTEUERUNG, KOSTEN<\/li>\n<\/ol>\n<p>Der Veranstalter \u00fcbernimmt eine eventuelle pers\u00f6nliche Einkommenssteuerpflicht (PIT) im Zusammenhang mit dem Preis. \u00dcber die Aush\u00e4ndigung des Preises und die Begleichung der steuerlichen Folgen hinaus ist der Veranstalter nicht mit weiteren Verpflichtungen belastet. Der Veranstalter tr\u00e4gt die mit der Zustellung der Preise verbundenen Kurierkosten. Alle anderen m\u00f6glichen Kosten sind vom Spieler zu tragen.<\/p>\n<p>&nbsp;<\/p>\n<ol start=\"6\">\n<li>DATENSCHUTZHINWEIS<\/li>\n<\/ol>\n<p>6.1 Der Veranstalter ist der f\u00fcr die Datenverarbeitung Verantwortliche und verarbeitet die w\u00e4hrend des Spiels bereitgestellten Daten. Kontaktdaten des f\u00fcr die Datenverarbeitung Verantwortlichen: Telefon: 06 96 900 500 (Hauptsitz: 9024 Gy\u0151r, Vasv\u00e1ri P\u00e1l utca 1\/B E-Mail-Adresse: sales@garzonplaza.hu)<\/p>\n<p>6.2 Der Zweck der Datenverarbeitung ist die Sicherstellung der Teilnahme des Spielers am Gewinnspiel sowie die Verarbeitung der pers\u00f6nlichen Daten der Spieler im Zusammenhang mit der Durchf\u00fchrung des Gewinnspiels und der \u00dcbergabe der Preise.<\/p>\n<p>6.3 Die Rechtsgrundlage f\u00fcr die Datenverarbeitung ist die ausdr\u00fcckliche, freiwillige und informierte Zustimmung des Spielers. Mit der Teilnahme am Spiel, wie in Punkt 2.3. beschrieben, willigt der Spieler in die Verarbeitung seiner Daten ein. Die Spielteilnehmer erkl\u00e4ren sich ausdr\u00fccklich damit einverstanden, dass der Veranstalter als Inhaber der Datenverarbeitung ihre personenbezogenen Daten ausschlie\u00dflich im Zusammenhang mit dem jeweiligen Spiel, bei der Durchf\u00fchrung der Bewerbungen sowie zur Kontaktpflege und zu Verwaltungszwecken verarbeitet. Im Falle eines Gewinns ver\u00f6ffentlicht der Veranstalter ihre Namen auf der Website ausschlie\u00dflich im Zusammenhang mit dem jeweiligen Spiel, ohne weitere Bedingungen oder Gegenleistungen.<\/p>\n<p>6.4 Im Rahmen der Datenverarbeitung verwaltet der Veranstalter die folgenden Daten des Spielers: vollst\u00e4ndiger Name, E-Mail-Adresse, Telefonnummer und im Falle eines Gewinns die Adresse.<\/p>\n<p>6.5 Die Dauer der Datenverarbeitung ist die Dauer des jeweiligen Spiels. Im Falle der Gewinner werden die Daten der Gewinner 5 Jahre lang nach der Aush\u00e4ndigung der Preise aufbewahrt.<\/p>\n<p>6.6 Der Organisator bedient sich bei der Durchf\u00fchrung des Spiels der Hilfe eines Datenverarbeiters. Der Datenverarbeiter f\u00fchrt bestimmte technische Operationen im Zusammenhang mit den verwalteten personenbezogenen Daten durch. W\u00e4hrend der Spiele hat der Betreiber als Datenverarbeiter Zugang zu den personenbezogenen Daten des Spielers.<\/p>\n<p>6.7 Der Veranstalter verwaltet als Datenverantwortlicher die personenbezogenen Daten des Spielers gem\u00e4\u00df den geltenden ungarischen und EU-Rechtsvorschriften, d.h. auf der Grundlage des Gesetzes CXII aus dem Jahr 2011 \u00fcber das Recht auf informationelle Selbstbestimmung und Informationsfreiheit sowie der Allgemeinen Datenschutzverordnung (sog. GDPR).<\/p>\n<p>6.8 Der Spieler hat als Betroffener der Datenverarbeitung die folgenden Rechte im Zusammenhang mit der Datenverarbeitung:<\/p>\n<p>6.8.1 Recht auf Zugang<\/p>\n<p>Im Rahmen des Auskunftsrechts kann der Spieler von dem f\u00fcr die Datenverarbeitung Verantwortlichen Informationen \u00fcber die Verarbeitung seiner personenbezogenen Daten verlangen, auf diese zugreifen und sich auch erkundigen, ob der f\u00fcr die Datenverarbeitung Verantwortliche personenbezogene Daten \u00fcber den Spieler verarbeitet und wenn ja, \u00fcber welche Daten er verf\u00fcgt.<\/p>\n<p>6.8.2. Recht auf Berichtigung, L\u00f6schung oder Einschr\u00e4nkung der Verarbeitung<\/p>\n<p>Der Spieler hat das Recht, von dem f\u00fcr die Verarbeitung Verantwortlichen zu verlangen, dass er seine personenbezogenen Daten berichtigt, berichtigen l\u00e4sst, wenn sie unrichtig, ungenau oder unvollst\u00e4ndig sind, oder sie l\u00f6scht. Beantragt der Spieler die Einschr\u00e4nkung der Verarbeitung seiner personenbezogenen Daten, kann der f\u00fcr die Verarbeitung Verantwortliche die Datenverarbeitung entsprechend dem Antrag einschr\u00e4nken. Bestreitet der Spieler die Richtigkeit seiner personenbezogenen Daten, so gilt die Einschr\u00e4nkung f\u00fcr den Zeitraum, der es dem f\u00fcr die Verarbeitung Verantwortlichen erm\u00f6glicht, die Richtigkeit dieser Daten zu \u00fcberpr\u00fcfen. Der Spieler kann die Einschr\u00e4nkung der Verwendung personenbezogener Daten beantragen, wenn die Datenverarbeitung rechtswidrig ist, sich aber ihrer L\u00f6schung widersetzt. Der Spieler kann einen solchen Antrag auch stellen, wenn der f\u00fcr die Verarbeitung Verantwortliche die personenbezogenen Daten nicht mehr f\u00fcr die Datenverarbeitung ben\u00f6tigt, der Spieler aber die Einschr\u00e4nkung der Datenverarbeitung zur Geltendmachung, Durchsetzung oder zum Schutz von Rechtsanspr\u00fcchen beantragt.<\/p>\n<p>6.8.3 Recht auf Daten\u00fcbertragbarkeit;<\/p>\n<p>Im Rahmen des Rechts auf Daten\u00fcbertragbarkeit hat der Spieler das Recht, seine personenbezogenen Daten, die er dem f\u00fcr die Verarbeitung Verantwortlichen zur Verf\u00fcgung gestellt hat, in einem strukturierten, allgemein gebr\u00e4uchlichen und maschinenlesbaren Format zu erhalten, und er hat das Recht, diese Daten an einen anderen f\u00fcr die Verarbeitung Verantwortlichen - auch direkt - zu \u00fcbermitteln, ohne von dem f\u00fcr die Verarbeitung Verantwortlichen daran gehindert zu werden.<\/p>\n<p>6.8.4 Recht auf Widerruf der Zustimmung<\/p>\n<p>Der Spieler kann seine Zustimmung zur Datenverarbeitung jederzeit ganz oder teilweise zur\u00fcckziehen. Der Widerruf der Zustimmung ber\u00fchrt jedoch nicht die Rechtm\u00e4\u00dfigkeit der Datenverarbeitung, die auf der Grundlage der Zustimmung vor deren Widerruf erfolgt ist.<\/p>\n<p>6.9 Wenn der Spieler die oben genannten Rechte aus\u00fcben m\u00f6chte, Fragen zur Datenverarbeitung hat oder sich \u00fcber die Datenverarbeitung beschweren m\u00f6chte, kann er sich per Post oder E-Mail an den f\u00fcr die Verarbeitung Verantwortlichen wenden, und zwar unter den in Punkt 6.1 angegebenen Kontaktdaten.<\/p>\n<p>6.10. Wenn der Spieler eine Verletzung seiner Rechte bei der Verarbeitung seiner personenbezogenen Daten feststellt, stehen ihm folgende M\u00f6glichkeiten zur Verf\u00fcgung:<\/p>\n<p>6.10.1. Sie k\u00f6nnen sich per Post oder E-Mail direkt an den f\u00fcr die Verarbeitung Verantwortlichen wenden;<\/p>\n<p>6.10.2. k\u00f6nnen sie eine Beschwerde bei der zust\u00e4ndigen Aufsichtsbeh\u00f6rde einreichen, d. h. bei der Nationalen Beh\u00f6rde f\u00fcr Datenschutz und Informationsfreiheit [NAIH]. Die Kontaktdaten der NAIH sind: Hauptsitz: H-1125 Budapest, Szil\u00e1gyi Erzs\u00e9bet fasor 22\/c. Telefon: 06-1-391-1400 E-Mail: ugyfelszolgalat@naih.hu<\/p>\n<p>6.10.3. k\u00f6nnen sie sich bei unrechtm\u00e4\u00dfiger Datenverarbeitung und bei Verletzung der Datensicherheitsanforderungen an das Gericht wenden. Der Spieler kann Anspruch auf Entsch\u00e4digung und Schadenersatz haben. Informationen \u00fcber die Zust\u00e4ndigkeit und die Kontaktdaten des Gerichts finden Sie auf der folgenden Website: www.birosagok.hu<\/p>\n<p>6.11. Die Teilnahme an diesem Spiel und die Angabe von Daten im Zusammenhang mit der Teilnahme ist freiwillig, wenn der Spieler jedoch nicht in die Verarbeitung seiner pers\u00f6nlichen Daten einwilligt, ist eine Teilnahme am Spiel nicht m\u00f6glich. Wenn der Spieler w\u00e4hrend der Dauer des Spiels oder vor der Aush\u00e4ndigung des Gewinns die L\u00f6schung oder Einschr\u00e4nkung seiner Daten verlangt oder seine Einwilligung in die Datenverarbeitung widerruft, wird er vom Spiel ausgeschlossen.<\/p>\n<p>&nbsp;<\/p>\n<p>SONSTIGE BESTIMMUNGEN<\/p>\n<p>7.1 Der Veranstalter bzw. der Ausf\u00fchrende \u00fcbernimmt keine Verantwortung f\u00fcr M\u00e4ngel\/Fehler in den Bewerbungen (z.B. falsche Namensgebung, Adressierung, falsche oder nicht vorhandene Angaben etc.), f\u00fcr die Nichtzustellung oder versp\u00e4tete Zustellung der Preise - die au\u00dferhalb ihres Einflussbereichs liegen - oder f\u00fcr Sch\u00e4den, die bei der Zustellung entstehen.<\/p>\n<p>7.2 Der Veranstalter \u00fcbernimmt keine Qualit\u00e4tsverantwortung f\u00fcr Preise, die nicht von ihm hergestellt oder vertrieben wurden. Holt der Gewinner seinen Preis nicht rechtzeitig ab, kann er ihn sp\u00e4ter nicht mehr beim Veranstalter oder Ausrichter einfordern.<\/p>\n<p>7.3 Der Veranstalter und der Ausf\u00fchrende lehnen jede Haftung f\u00fcr externe, so genannte SQL-Angriffe auf die Website https:\/\/ottevenyikastely.hu\/ oder den Server, der sie betreibt, sowie f\u00fcr Angriffe oder St\u00f6rungen des Telefonnetzes ab. Wenn die Spieler also aufgrund eines Angriffs auf die Website, den Server oder das Netz falsche Systemmeldungen \u00fcber ihre Preise, ihren Gewinner\/Nicht-Gewinner-Status usw. erhalten, \u00fcbernehmen der Veranstalter und der Ausf\u00fchrende keine Verantwortung f\u00fcr diese F\u00e4lle.<\/p>\n<p>7.4 Der Veranstalter beh\u00e4lt sich das Recht vor, jeden Spieler, der (Computer-)Manipulationen, die massenhafte Generierung von E-Mail-Adressen, die Erstellung von Facebook- oder Instagram-Profilen oder jegliches Verhalten zeigt, das mit dem Geist der Spiele unvereinbar ist oder gegen ihn verst\u00f6\u00dft, sofort auszuschlie\u00dfen.<\/p>\n<p>7.5 Schlie\u00dft der Spieler w\u00e4hrend des Daten-Uploads das Browser-Fenster oder wird die Verbindung zum Server (aus welchen Gr\u00fcnden auch immer) unterbrochen, \u00fcbernimmt der Veranstalter bzw. der Ausf\u00fchrende keine Verantwortung f\u00fcr den Verlust von Daten.<\/p>\n<p>7.6 Der Veranstalter und der Ausf\u00fchrende lehnen jede Verantwortung f\u00fcr von ihnen nicht zu vertretende St\u00f6rungen der Website ab, w\u00e4hrend derer die Website nicht oder nur eingeschr\u00e4nkt nutzbar ist. Sie werden jedoch unverz\u00fcglich alle notwendigen Schritte unternehmen, um die Ursache des Problems so schnell wie m\u00f6glich zu ermitteln und zu beseitigen.<\/p>\n<p>7.7 Die Bereitstellung der Daten erfolgt nicht f\u00fcr die Website, sondern f\u00fcr den Veranstalter.<\/p>\n<p>7.8 Der Veranstalter beh\u00e4lt sich das Recht vor, die Spielregeln jederzeit in begr\u00fcndeten F\u00e4llen zu \u00e4ndern. Der Veranstalter wird diese Information auf der Website mit der gleichen Publizit\u00e4t wie andere Spielank\u00fcndigungen ver\u00f6ffentlichen.<\/p>\n<p>7.9 Im Falle eines Rechtsstreits ist das in Gy\u0151r ans\u00e4ssige Gericht das zust\u00e4ndige Gericht.<\/p>\n<p>&nbsp;<\/p>\n<p>Gy\u0151r, 2023.07.01.<\/p>\n<p>Garzon Plaza Ltd.<\/p>\n<p>Veranstalter<\/p>","protected":false},"excerpt":{"rendered":"<p>SPIELREGELN ALLGEMEINE TEILNAHME- UND SPIELREGELN F\u00dcR DAS SPIEL Die allgemeinen Teilnahme- und Spielregeln f\u00fcr die von Matusz-Vad Plc. organisierten und auf der Website des Schlosses \u00d6ttev\u00e9ny veranstalteten Spiele. VERANSTALTER DES SPIELS Der Veranstalter des auf der Website https:\/\/ottevenyikastely.hu\/ (im Folgenden: Website) veranstalteten Gewinnspiels (im Folgenden: Spiel) ist die Garzon Plaza Ltd. (Sitz: 9024 [...]<\/p>","protected":false},"author":3,"featured_media":0,"parent":0,"menu_order":0,"comment_status":"closed","ping_status":"closed","template":"","meta":{"footnotes":""},"class_list":["post-5855","page","type-page","status-publish","hentry","entry"],"_links":{"self":[{"href":"https:\/\/ottevenyikastely.hu\/de\/wp-json\/wp\/v2\/pages\/5855","targetHints":{"allow":["GET"]}}],"collection":[{"href":"https:\/\/ottevenyikastely.hu\/de\/wp-json\/wp\/v2\/pages"}],"about":[{"href":"https:\/\/ottevenyikastely.hu\/de\/wp-json\/wp\/v2\/types\/page"}],"author":[{"embeddable":true,"href":"https:\/\/ottevenyikastely.hu\/de\/wp-json\/wp\/v2\/users\/3"}],"replies":[{"embeddable":true,"href":"https:\/\/ottevenyikastely.hu\/de\/wp-json\/wp\/v2\/comments?post=5855"}],"version-history":[{"count":0,"href":"https:\/\/ottevenyikastely.hu\/de\/wp-json\/wp\/v2\/pages\/5855\/revisions"}],"wp:attachment":[{"href":"https:\/\/ottevenyikastely.hu\/de\/wp-json\/wp\/v2\/media?parent=5855"}],"curies":[{"name":"wp","href":"https:\/\/api.w.org\/{rel}","templated":true}]}}