{"id":5859,"date":"2023-08-03T11:44:15","date_gmt":"2023-08-03T09:44:15","guid":{"rendered":"https:\/\/ottevenyikastely.hu\/?page_id=5859"},"modified":"2023-08-09T14:01:43","modified_gmt":"2023-08-09T12:01:43","slug":"5859-2","status":"publish","type":"page","link":"https:\/\/ottevenyikastely.hu\/de\/5859-2\/","title":{"rendered":"SPIELREGELN"},"content":{"rendered":"<p>SPIELREGELN<\/p>\n<p>ALLGEMEINE BEDINGUNGEN F\u00dcR DIE TEILNAHME AM SPIEL<\/p>\n<p>Die allgemeinen Teilnahme- und Spielregeln f\u00fcr die von der Matusz-Vad AG organisierten Spiele, die auf der Website des \u00d6ttev\u00e9nyer Schlosses veranstaltet werden.<\/p>\n<p>&nbsp;<\/p>\n<p>DER SPIELVERANSTALTER<\/p>\n<p>1. Veranstalter des auf der Website https:\/\/ottevenyikastely.hu\/ (im Folgenden: Website) veranstalteten Gewinnspiels (im Folgenden: Spiel) ist die Garzon Plaza Kft. (Sitz: 9024 Gy\u0151r, Vasv\u00e1ri P\u00e1l Stra\u00dfe 1\/B, weitere Kontaktdaten unter Punkt 6.1.) (im Folgenden: Veranstalter).<\/p>\n<p>&nbsp;<\/p>\n<p>TEILNAHMEBEDINGUNGEN<\/p>\n<p>2.1 Der Veranstalter k\u00fcndigt die einzelnen Spiele in den auf der Website ver\u00f6ffentlichten Posts (im Folgenden: Post) an. Der Veranstalter wird die Mitglieder der Website in dem jeweiligen Posting stets \u00fcber die Dauer und die besonderen Bedingungen des jeweiligen Spiels informieren. Der Veranstalter organisiert auf der Website die folgende Art von Spiel, so dass die Teilnahme den folgenden Bedingungen unterliegt:<\/p>\n<ul>\n<li>Abonnieren Sie den Newsletter in der entsprechenden Rubrik<\/li>\n<\/ul>\n<p>Der Veranstalter kann in der entsprechenden Stelle weitere Teilnahmebedingungen festlegen.<\/p>\n<p>2.2 Die auf der Website ver\u00f6ffentlichten Nutzungsbedingungen, die auch f\u00fcr die Nutzung der Website gelten, sind auch f\u00fcr die Spiele verbindlich, einschlie\u00dflich, aber nicht beschr\u00e4nkt auf allgemeine Verbote und Regeln, die f\u00fcr Benutzerinhalte gelten.<\/p>\n<p>2.3 An den Spielen k\u00f6nnen nur ungarische Staatsb\u00fcrger teilnehmen, die das 18. Lebensjahr vollendet haben, im Besitz eines g\u00fcltigen, von den ungarischen Beh\u00f6rden ausgestellten Personalausweises sind und ihren Wohnsitz oder Sitz in Ungarn haben, sofern sie nicht unter die in Punkt 2.9 definierte Kategorie von Personen fallen, handlungsf\u00e4hig sind (im Folgenden \"Spieler\" genannt) und<\/p>\n<ul>\n<li>abonnieren Sie den Newsletter;<\/li>\n<li>die vom Veranstalter in der ver\u00f6ffentlichten Ausschreibung angek\u00fcndigten Aufgaben gem\u00e4\u00df den darin enthaltenen Anweisungen zu erf\u00fcllen und<\/li>\n<li>erkl\u00e4rt sich damit einverstanden, dass der Veranstalter bzw. der Organisator die bei der Anmeldung zum Newsletter und w\u00e4hrend des Spiels angegebenen personenbezogenen Daten gem\u00e4\u00df den Bestimmungen der Datenschutzrichtlinie (Kapitel 6) im Zusammenhang mit dem betreffenden Spiel verarbeitet, und<\/li>\n<li>durch seine Teilnahme alle in den vorliegenden Regeln (im Folgenden als \"Regeln\" bezeichnet) festgelegten Bedingungen akzeptiert<\/li>\n<\/ul>\n<p>(nachstehend zusammenfassend als \"Antrag\" bezeichnet).<\/p>\n<p>2.4 Ein Spieler ist berechtigt, mit nur einer Anmeldung am Spiel teilzunehmen (es sei denn, der Organisator schreibt in der entsprechenden Ausschreibung etwas anderes vor).<\/p>\n<p>2.5 Anmeldungen, die nicht den formalen und inhaltlichen Anforderungen entsprechen, die in diesem Reglement und der entsprechenden Ausschreibung beschrieben sind, werden automatisch von dem betreffenden Spiel ausgeschlossen, w\u00e4hrend g\u00fcltige Anmeldungen an die computergest\u00fctzte Registrierung weitergeleitet werden. Der Veranstalter kann Spieler, die falsche Angaben gemacht haben, von dem betreffenden Spiel ausschlie\u00dfen.<\/p>\n<p>2.6 Der Veranstalter wird nur die von den Spielern selbst eingereichten Bewerbungen f\u00fcr das betreffende Spiel als g\u00fcltig betrachten. Sollte der Spieler nicht sein eigenes Facebook- oder Instagram-Profil oder seine eigene E-Mail-Adresse verwenden, schlie\u00dfen der Veranstalter und der Organisator jegliche Haftung in Bezug auf Streitigkeiten aus, die sich aus der Berechtigung zur Verwendung von Facebook- und Instagram-Profilen und E-Mail-Konten ergeben.<\/p>\n<p>2.7 Mit der Einreichung des Antrags erkennt der Spieler an, dass der Inhalt, die Leistung, die Nachrichten- und Daten\u00fcbertragung und die Reaktionsgeschwindigkeit der technischen Infrastruktur der Spiele von der Servertechnologie abh\u00e4ngen und durch Faktoren beeintr\u00e4chtigt werden k\u00f6nnen, die au\u00dferhalb der Kontrolle des Veranstalters liegen, wie z. B. (aber nicht ausschlie\u00dflich) Verbindungsfehler, die Leistung des Servercomputers, die Netzwerkauslastung, die Netzwerkabdeckung und die Aufrechterhaltung einer sicheren Netzwerkverbindung. Der Veranstalter und der Betreiber schlie\u00dfen jede Haftung aus, die sich aus den in diesem Absatz beschriebenen Sachverhalten ergibt.<\/p>\n<p>2.8 Der Veranstalter kann die Antr\u00e4ge auf die Einhaltung der Spielregeln pr\u00fcfen und, falls sie oder der Spieler, der sie einreicht, aus irgendeinem Grund nicht den Bedingungen der Spielregeln entsprechen, den betreffenden Spieler von dem betreffenden Spiel ausschlie\u00dfen.<\/p>\n<p>2.9. Von den Spielen ausgeschlossen sind die Mitarbeiter des Veranstalters, der Matusz-Vad Zrt. und andere an der Organisation des Spiels beteiligte Dritte sowie deren nahe Angeh\u00f6rige im Sinne von Abschnitt 8:1 Absatz 1 des V. Gesetzes von 2013 zum B\u00fcrgerlichen Gesetzbuch, Absatz 1.<\/p>\n<p>2.10. Spieler, die entgegen dem Geist der Spiele in einem Team unter dem Namen einer nat\u00fcrlichen Person teilnehmen, ein Facebook- oder Instagram-Profil verwenden, das nicht echt ist, in der Absicht, ihre Gewinnchancen durch ein solches betr\u00fcgerisches Verhalten zu erh\u00f6hen, k\u00f6nnen nach Ermessen des Veranstalters von dem betreffenden Spiel oder den betreffenden Spielen ausgeschlossen werden. Zu solchen Spielern geh\u00f6ren.Dazu geh\u00f6ren z. B. verbundene Personen, die ihre Aktionen koordinieren, um Preise zu gewinnen, und die Bem\u00fchungen mehrerer Personen unter einem Namen zusammenfassen und dadurch anderen Spielern, die fair spielen wollen, die Gewinnchance nehmen. Dazu geh\u00f6ren auch diejenigen, die unter Verwendung nicht echter Daten an den Spielen teilnehmen, um ihre eigenen Gewinnchancen auf unlautere Weise zu erh\u00f6hen. Teilnehmer oder Spieler im Sinne dieses Absatzes, die sich unlauter verhalten, sind dem Veranstalter und\/oder dem Organisator zum Ersatz des Schadens verpflichtet, den sie im Zusammenhang mit dem Spiel verursacht haben.<\/p>\n<p>&nbsp;<\/p>\n<p>ERMITTLUNG DER GEWINNER<\/p>\n<p>3.1 Je nach Spiel bestimmt der Veranstalter unter denjenigen, die sich w\u00e4hrend der Dauer des jeweiligen Spiels g\u00fcltig f\u00fcr den Newsletter angemeldet haben, den Gewinner des jeweiligen Spiels. Die Auswahl der Gewinner erfolgt durch ein Zufallsverfahren.<\/p>\n<p>Im Falle einer Verlosung: Unter der Aufsicht einer vom Veranstalter ernannten dreik\u00f6pfigen Verlosungskommission wird 1 (ein) Gewinnerantrag durch eine mechanische Zufallsziehung gezogen. Der Ort der Auslosung ist das B\u00fcro des Veranstalters (1103 Budapest, K\u0151\u00e9r utca 3\/A). \u00dcber die Auslosung wird ein Protokoll gef\u00fchrt, das von den Mitgliedern des Ausschusses unterzeichnet und best\u00e4tigt wird.<\/p>\n<p>3.2 Bei jeder Verlosung zieht der Veranstalter insgesamt 2 (zwei) Ersatzgewinner, die gem\u00e4\u00df den Bestimmungen der Klauseln 4.3 und 4.4 Anspruch auf den jeweiligen Preis haben, wenn der Gewinnerbeitrag aus irgendeinem Grund ung\u00fcltig ist oder der Gewinner aus einem anderen Grund im Zusammenhang mit seinem Beitrag von der jeweiligen Verlosung ausgeschlossen wird.<\/p>\n<p>PREISE, BENACHRICHTIGUNG DER GEWINNER, PREISVERLEIHUNG<\/p>\n<p>4.1 Der Veranstalter gibt den Preis f\u00fcr das jeweilige Spiel gleichzeitig mit der Ank\u00fcndigung des Spiels in der Post bekannt (im Folgenden: Preis). Der Preis besteht aus einem Rabatt in H\u00f6he von 4.000 EUR, der jederzeit w\u00e4hrend der Hochzeitssaison 2024, ausgew\u00e4hlt aus den verf\u00fcgbaren Terminen, in Anspruch genommen werden kann und der der Anmietung des Schlosses \u00d6ttev\u00e9ny mit einem Wedding Planner entspricht und als Rabatt auf den Endbetrag der Rechnung gutgeschrieben wird. Der Veranstalter beh\u00e4lt sich das Recht vor, die Preise w\u00e4hrend der Dauer des jeweiligen Spiels und danach nach vorheriger Benachrichtigung der Spieler \u00fcber die Website zu \u00e4ndern und durch andere, dem jeweiligen Preis gleichwertige Preise zu ersetzen.<\/p>\n<p>4.2 Der Preis ist nicht \u00fcbertragbar und kann nicht in Bargeld umgetauscht werden. Ein Spieler kann w\u00e4hrend der gesamten Dauer eines Spiels nur f\u00fcr 1 Preis in Frage kommen, unabh\u00e4ngig von der Anzahl der Teilnahmen.<\/p>\n<p>4.3 Das Gewinnspiel l\u00e4uft bis zum 10. November 2023 und die elektronische Auslosung findet voraussichtlich am 11. November 2023 statt.<\/p>\n<p>4.4 Der Veranstalter ver\u00f6ffentlicht die Namen der Gewinner der Preise sp\u00e4testens 3 (drei) Werktage nach der jeweiligen Auslosung oder Ermittlung des Gewinners in einem Kommentar unter dem Facebook- oder Instagram-Post auf der mit dem Spiel verbundenen Website, dem alle Spieler durch ihre Teilnahme an dem jeweiligen Spiel ausdr\u00fccklich zustimmen (im Folgenden: \"Ver\u00f6ffentlichung\"). Der Gewinner ist verpflichtet, innerhalb von 3 (drei) Werktagen nach der Ver\u00f6ffentlichung seine genauen pers\u00f6nlichen Daten (vollst\u00e4ndiger Name, Wohnanschrift in Ungarn), die f\u00fcr die Zustellung des Preises erforderlich sind, in einer privaten Nachricht an die Website zu \u00fcbermitteln, was gleichzeitig als Annahme des Preises gilt. Sollte der Gewinner die f\u00fcr die \u00dcbermittlung seines Preises erforderlichen Daten nicht innerhalb der oben genannten Frist \u00fcbermitteln, wird die Bewerbung des Gewinners disqualifiziert und der Veranstalter wird einen Ersatzgewinner f\u00fcr den Preis benennen.<\/p>\n<p>4.5 Der Veranstalter liefert die Preise an den jeweiligen Gewinner zur pers\u00f6nlichen Abholung an der vom Spieler angegebenen Wohnadresse in Ungarn. Der Veranstalter unternimmt zwei Versuche, den Preis innerhalb von 60 Kalendertagen nach der Auslosung des jeweiligen Gewinners zuzustellen. Der Gewinner ist verpflichtet, bei der Zustellung des Preises gem\u00e4\u00df den geltenden Allgemeinen Vertragsbedingungen des Kurierdienstes und dem CLIX-Gesetz von 2012 \u00fcber Postdienstleistungen mitzuwirken. Wenn der Gewinner diese Mitwirkung unterl\u00e4sst und die Zustellung des Preises infolgedessen scheitert, kann dieser Umstand weder dem Veranstalter noch dem Vollstrecker angelastet werden. Der Veranstalter kann keine anderen Mittel zur Zustellung des Preises anbieten.<\/p>\n<p>4.5 Der Veranstalter schlie\u00dft vom jeweiligen Spiel diejenigen Einsendungen aus, f\u00fcr die der Preis nicht zugestellt oder an den einreichenden Spieler \u00fcbergeben werden kann, weil die in der Einsendung oder nach der Ver\u00f6ffentlichung angegebenen pers\u00f6nlichen Daten nicht echt, unvollst\u00e4ndig oder falsch sind oder der einreichende Spieler aus anderen Gr\u00fcnden die in diesen Regeln festgelegten Bedingungen nicht erf\u00fcllt. Der Veranstalter \u00fcbernimmt keine Verantwortung f\u00fcr vom Spieler eingereichte falsche Daten.<\/p>\n<p>&nbsp;<\/p>\n<p>STEUERN, KOSTEN<\/p>\n<p>(5) Die mit dem Preis verbundene Einkommensteuerpflicht wird vom Veranstalter getragen. Der Veranstalter hat au\u00dfer der Lieferung des Preises und der Abwicklung der damit verbundenen steuerlichen Folgen keine weiteren Verpflichtungen. Die Kosten f\u00fcr die Lieferung des Preises werden vom Veranstalter getragen. Alle anderen anfallenden Kosten gehen zu Lasten des Spielers.<\/p>\n<p>&nbsp;<\/p>\n<p>DATENSCHUTZHINWEIS<\/p>\n<p>6.1 Der Veranstalter ist als f\u00fcr die Datenverarbeitung Verantwortlicher f\u00fcr die Verarbeitung der w\u00e4hrend des Spiels bereitgestellten Daten verantwortlich. Kontaktdaten des f\u00fcr die Datenverarbeitung Verantwortlichen: Tel.: 06 96 900 500 (Hauptsitz: 9024 Gy\u0151r, Vasv\u00e1ri P\u00e1l utca 1\/B E-Mail: sales@garzonplaza.hu)<\/p>\n<p>6.2 Der Zweck der Datenverarbeitung besteht darin, dem f\u00fcr die Datenverarbeitung Verantwortlichen zu erm\u00f6glichen, die Teilnahme des Spielers am Gewinnspiel sicherzustellen und die personenbezogenen Daten der Spieler im Zusammenhang mit der Durchf\u00fchrung des Gewinnspiels und der Lieferung der Preise zu verarbeiten.<\/p>\n<p>6.3 Rechtsgrundlage f\u00fcr die Datenverarbeitung ist die ausdr\u00fcckliche, freiwillige und informierte Zustimmung des Spielers. Mit der Teilnahme am Spiel, wie in Punkt 2.3 dargelegt, stimmt der Spieler der Datenverarbeitung zu. Die Teilnehmer am Spiel erkl\u00e4ren sich ausdr\u00fccklich damit einverstanden, dass der Veranstalter als f\u00fcr die Datenverarbeitung Verantwortlicher ihre personenbezogenen Daten ausschlie\u00dflich im Zusammenhang mit dem jeweiligen Spiel, bei der Durchf\u00fchrung der Bewerbungen und zu Zwecken des Kontaktmanagements und der Verwaltung verarbeiten und im Falle eines Gewinns ihren Namen ohne weitere Bedingungen oder Gegenleistungen auf der Website ver\u00f6ffentlichen darf.<\/p>\n<p>6.4 Im Rahmen der Datenverarbeitung verarbeitet der Veranstalter die folgenden Daten des Spielers: vollst\u00e4ndiger Name, E-Mail-Adresse, Telefonnummer, Wohnanschrift im Falle eines Gewinns.<\/p>\n<p>6.5 Die Dauer der Datenverarbeitung entspricht der Dauer des jeweiligen Spiels. Im Falle der Gewinner des Gewinnspiels werden die Daten der Gewinner des Gewinnspiels f\u00fcr 5 Jahre nach der Preisverleihung aufbewahrt.<\/p>\n<p>6.6 Der Veranstalter wird sich bei der Durchf\u00fchrung des Spiels der Hilfe eines Datenverarbeiters bedienen. Der Datenverarbeiter f\u00fchrt bestimmte technische Vorg\u00e4nge im Zusammenhang mit den verarbeiteten personenbezogenen Daten durch. W\u00e4hrend der Spiele hat der Veranstalter als Datenverarbeiter Zugriff auf die personenbezogenen Daten der Spieler.<\/p>\n<p>6.7 Der Veranstalter als Datenverantwortlicher verarbeitet die personenbezogenen Daten des Spielers gem\u00e4\u00df den geltenden ungarischen und europ\u00e4ischen Rechtsvorschriften, d.h. dem Gesetz Nr. CXII aus dem Jahr 2011 \u00fcber das Recht auf Information und Informationsfreiheit, sowie den Bestimmungen der Allgemeinen Datenschutzverordnung (GDPR).<\/p>\n<p>6.8 Der Spieler als betroffene Person hat die folgenden Rechte in Bezug auf die Datenverarbeitung:<\/p>\n<p>6.8.1 Recht auf Zugang<\/p>\n<p>Im Rahmen des Auskunftsrechts kann der Spieler jederzeit von dem f\u00fcr die Datenverarbeitung Verantwortlichen Informationen \u00fcber die Verarbeitung seiner personenbezogenen Daten verlangen, Zugang zu diesen Informationen erhalten und dar\u00fcber informiert werden, ob und welche personenbezogenen Daten der f\u00fcr die Datenverarbeitung Verantwortliche \u00fcber den Spieler verarbeitet.<\/p>\n<p>6.8.2. Recht auf Berichtigung, L\u00f6schung oder Einschr\u00e4nkung der Verarbeitung<\/p>\n<p>Der Spieler hat das Recht, die Berichtigung falscher, ungenauer oder unvollst\u00e4ndiger Daten durch den f\u00fcr die Verarbeitung Verantwortlichen zu verlangen und kann die L\u00f6schung seiner personenbezogenen Daten beantragen. Beantragt der Spieler die Einschr\u00e4nkung der Verarbeitung seiner personenbezogenen Daten, kann der f\u00fcr die Verarbeitung Verantwortliche die Verarbeitung entsprechend dem Antrag einschr\u00e4nken. Bestreitet der Spieler die Richtigkeit seiner personenbezogenen Daten, bezieht sich die Dauer der Einschr\u00e4nkung auf den Zeitraum, der es dem f\u00fcr die Verarbeitung Verantwortlichen erm\u00f6glicht, die Richtigkeit dieser Daten zu \u00fcberpr\u00fcfen. Der Spieler kann die Einschr\u00e4nkung der Verwendung seiner personenbezogenen Daten beantragen, wenn die Datenverarbeitung rechtswidrig ist, der Spieler sich aber gegen ihre L\u00f6schung wehrt. Der Spieler kann einen solchen Antrag auch stellen, wenn der f\u00fcr die Datenverarbeitung Verantwortliche die personenbezogenen Daten nicht mehr f\u00fcr die Datenverarbeitung ben\u00f6tigt, der Spieler aber die Einschr\u00e4nkung der Datenverarbeitung zur Geltendmachung, Aus\u00fcbung oder Verteidigung von Rechtsanspr\u00fcchen ben\u00f6tigt.<\/p>\n<p>6.8.3 Recht auf Daten\u00fcbertragbarkeit;<\/p>\n<p>Im Rahmen des Rechts auf Daten\u00fcbertragbarkeit hat der Spieler das Recht, seine personenbezogenen Daten, die ihm von dem f\u00fcr die Verarbeitung Verantwortlichen zur Verf\u00fcgung gestellt wurden, in einem strukturierten, g\u00e4ngigen und maschinenlesbaren Format zu erhalten, und das Recht, diese Daten ohne Behinderung durch den f\u00fcr die Verarbeitung Verantwortlichen an einen anderen f\u00fcr die Verarbeitung Verantwortlichen zu \u00fcbermitteln.<\/p>\n<p>6.8.4 Recht auf Widerruf der Zustimmung<\/p>\n<p>Der Spieler kann seine Einwilligung zur Datenverarbeitung jederzeit ganz oder teilweise widerrufen. Der Widerruf der Einwilligung ber\u00fchrt jedoch nicht die Rechtm\u00e4\u00dfigkeit der Verarbeitung, die auf der Grundlage der Einwilligung vor dem Widerruf erfolgt ist.<\/p>\n<p>6.9 Wenn der Spieler die oben genannten Rechte aus\u00fcben m\u00f6chte, Fragen zur Datenverarbeitung hat oder sich \u00fcber die Datenverarbeitung beschweren m\u00f6chte, kann er sich per Post oder E-Mail an den f\u00fcr die Verarbeitung Verantwortlichen wenden und dabei die unter Punkt 6.1 angegebenen Kontaktdaten verwenden.<\/p>\n<p>6.10. Wenn der Spieler glaubt, dass seine Rechte bei der Verarbeitung seiner personenbezogenen Daten verletzt wurden, hat er folgende M\u00f6glichkeiten:<\/p>\n<p>6.10.1. er kann sich per Post oder E-Mail direkt an den f\u00fcr die Verarbeitung Verantwortlichen wenden;<br \/>\n6.10.2 Sie k\u00f6nnen eine Beschwerde bei der zust\u00e4ndigen Aufsichtsbeh\u00f6rde einreichen, d.h. bei der Nationalen Beh\u00f6rde f\u00fcr Datenschutz und Informationsfreiheit [NAIH], deren Kontaktdaten lauten: Hauptsitz: H-1125 Budapest, Szil\u00e1gyi Erzs\u00e9bet fasor 22\/c. Telefon: 06-1-391-1400 E-Mail: ugyfelszolgalat@naih.hu<\/p>\n<p>6.10.3. sie k\u00f6nnen sich an die gerichte wenden, wenn ihre daten unrechtm\u00e4\u00dfig verarbeitet wurden oder wenn gegen die datenschutzbestimmungen versto\u00dfen wurde. sie k\u00f6nnen schadensersatz- und schmerzensgeldanspr\u00fcche geltend machen. informationen \u00fcber die gerichtsbarkeit und die kontaktdaten der gerichte finden sie auf der folgenden website: www.birosagok.hu<\/p>\n<p>6.11. Die Teilnahme an diesem Gewinnspiel und die damit verbundene Daten\u00fcbermittlung ist freiwillig. Wenn Sie jedoch nicht in die Verarbeitung Ihrer personenbezogenen Daten einwilligen, ist Ihre Teilnahme am Spiel nicht m\u00f6glich. Wenn Sie w\u00e4hrend des Spiels oder vor der Preisverleihung die L\u00f6schung oder Einschr\u00e4nkung Ihrer Daten verlangen oder Ihre Einwilligung in die Datenverarbeitung widerrufen, werden Sie vom Spiel ausgeschlossen.<\/p>\n<p>&nbsp;<\/p>\n<p>GEMISCHTE BESTIMMUNGEN<\/p>\n<p>7.1 Der Veranstalter oder der Darsteller haftet nicht f\u00fcr M\u00e4ngel\/Fehler in den Anmeldungen (z. B. falsche Namen, falsche Adresse, falsche oder nicht vorhandene Daten usw.), f\u00fcr die Nichtlieferung oder versp\u00e4tete Lieferung der Preise - f\u00fcr die sie nicht verantwortlich sind - oder f\u00fcr Sch\u00e4den, die bei der Lieferung entstehen.<\/p>\n<p>7.2 Der Veranstalter \u00fcbernimmt keine Garantie f\u00fcr die Qualit\u00e4t der Preise, die er nicht selbst hergestellt oder verteilt hat, und wenn der Gewinner seinen Preis nicht rechtzeitig abholt, kann er ihn nicht beim Veranstalter oder dem Vollstrecker einfordern.<\/p>\n<p>7.3 Der Veranstalter und der Ausf\u00fchrende lehnen jede Verantwortung f\u00fcr externe so genannte SQL-Angriffe auf die Website https:\/\/ottevenyikastely.hu\/ oder den Server, auf dem sie betrieben wird, sowie f\u00fcr Angriffe oder Ausf\u00e4lle des Telefonnetzes ab. Sollten die Spieler daher infolge eines Angriffs auf die Website, den Server oder das Netz falsche Systemmeldungen \u00fcber ihre Preise, ihren Gewinner\/Nicht-Gewinner-Status usw. erhalten, k\u00f6nnen der Veranstalter und der Ausf\u00fchrende daf\u00fcr nicht verantwortlich gemacht werden.<\/p>\n<p>7.4 Der Veranstalter beh\u00e4lt sich das Recht vor, Spieler, bei denen (Computer-)Manipulationen, die massenhafte Generierung von E-Mail-Adressen, die Erstellung von Facebook- oder Instagram-Profilen oder jegliches Verhalten, das mit dem Geist der Spiele unvereinbar oder beleidigend ist, festgestellt werden, sofort von dem\/den jeweiligen Spiel(en) auszuschlie\u00dfen.<\/p>\n<p>7.5 Schlie\u00dft der Spieler w\u00e4hrend des Daten-Uploads das Browser-Fenster oder wird die Verbindung (aus welchen Gr\u00fcnden auch immer) zum Server unterbrochen, so haften der Veranstalter und der Darsteller nicht f\u00fcr den Verlust der Daten.<\/p>\n<p>7.6 Der Veranstalter und der Darsteller \u00fcbernehmen keine Verantwortung f\u00fcr einen Ausfall der Website aufgrund von Umst\u00e4nden, auf die sie keinen Einfluss haben und w\u00e4hrend derer die Website nicht oder nur eingeschr\u00e4nkt zur Verf\u00fcgung steht, sie werden jedoch unverz\u00fcglich alle erforderlichen Schritte unternehmen, um die Ursache des Problems so schnell wie m\u00f6glich zu ermitteln und zu beheben.<\/p>\n<p>7.7 Die Bereitstellung der Daten erfolgt nicht f\u00fcr die Website, sondern f\u00fcr den Veranstalter.<\/p>\n<p>7.8 Der Veranstalter beh\u00e4lt sich das Recht vor, die Spielregeln jederzeit zu \u00e4ndern, wenn dies gerechtfertigt ist, und der Veranstalter wird die entsprechenden Informationen auf der Website ver\u00f6ffentlichen und sie der gleichen \u00d6ffentlichkeit zug\u00e4nglich machen wie andere Mitteilungen \u00fcber das Spiel.<\/p>\n<p>7.9 Im Falle einer Streitigkeit ist das Gericht mit Sitz und Gerichtsstand in Gy\u0151r das zust\u00e4ndige Gericht.<\/p>\n<p>&nbsp;<\/p>\n<p>Gy\u0151r, 2023.07.01.<\/p>\n<p>Garzon Plaza Ltd.<\/p>\n<p>Veranstalter<\/p>","protected":false},"excerpt":{"rendered":"<p>SPIELREGELN ALLGEMEINE TEILNAHMEBEDINGUNGEN F\u00dcR DAS SPIEL Die allgemeinen Teilnahmebedingungen und die Spielregeln f\u00fcr die von der Matusz-Vad AG organisierten und auf der Website \u00d6ttev\u00e9nyer Schloss veranstalteten Spiele.   DER VERANSTALTER DES SPIELS 1. Der Veranstalter des auf der Website https:\/\/ottevenyikastely.hu\/ (im Folgenden: die Website) veranstalteten Gewinnspiels (im Folgenden: das Spiel) ist die Garzon Plaza Kft. (Sitz: 9024 Gy\u0151r, Vasv\u00e1ri [...]<\/p>","protected":false},"author":3,"featured_media":0,"parent":0,"menu_order":0,"comment_status":"closed","ping_status":"closed","template":"","meta":{"footnotes":""},"class_list":["post-5859","page","type-page","status-publish","hentry","entry"],"_links":{"self":[{"href":"https:\/\/ottevenyikastely.hu\/de\/wp-json\/wp\/v2\/pages\/5859","targetHints":{"allow":["GET"]}}],"collection":[{"href":"https:\/\/ottevenyikastely.hu\/de\/wp-json\/wp\/v2\/pages"}],"about":[{"href":"https:\/\/ottevenyikastely.hu\/de\/wp-json\/wp\/v2\/types\/page"}],"author":[{"embeddable":true,"href":"https:\/\/ottevenyikastely.hu\/de\/wp-json\/wp\/v2\/users\/3"}],"replies":[{"embeddable":true,"href":"https:\/\/ottevenyikastely.hu\/de\/wp-json\/wp\/v2\/comments?post=5859"}],"version-history":[{"count":0,"href":"https:\/\/ottevenyikastely.hu\/de\/wp-json\/wp\/v2\/pages\/5859\/revisions"}],"wp:attachment":[{"href":"https:\/\/ottevenyikastely.hu\/de\/wp-json\/wp\/v2\/media?parent=5859"}],"curies":[{"name":"wp","href":"https:\/\/api.w.org\/{rel}","templated":true}]}}