{"id":6509,"date":"2023-09-21T14:25:41","date_gmt":"2023-09-21T12:25:41","guid":{"rendered":"https:\/\/ottevenyikastely.hu\/?page_id=6509"},"modified":"2023-10-05T09:34:26","modified_gmt":"2023-10-05T07:34:26","slug":"buchung_schloss_verfahren","status":"publish","type":"page","link":"https:\/\/ottevenyikastely.hu\/de\/buchung_schloss_verfahren\/","title":{"rendered":"Verfahren f\u00fcr geschlechtsspezifische Vorbehalte"},"content":{"rendered":"<div  class=\"one withsmallpadding ppb_header\" style=\"text-align:left;padding:30px 0 30px 0;\" >\n<div class=\"standard_wrapper\">\n<div class=\"page_content_wrapper\">\n<div class=\"inner\">\n<div style=\"margin:auto;width:100%\">\n<h2 class=\"ppb_title\" style=\"\">Das Reservierungsverfahren<\/h2>\n<\/div>\n<\/div>\n<\/div>\n<\/div>\n<\/div>\n<div  class=\"one withsmallpadding ppb_text\" style=\"text-align:left;padding:30px 0 30px 0;\" >\n<div class=\"standard_wrapper\">\n<div class=\"page_content_wrapper\">\n<div class=\"inner\">\n<div style=\"margin:auto;width:100%\">\n<p style=\"text-align: justify;\">1. Bitte w\u00e4hlen Sie Ihren Wunschtermin auf unserer Website aus und registrieren Sie sich. Dann haben Sie den Termin bereits f\u00fcr sich reserviert.<\/p>\n<p style=\"text-align: justify;\">2. Bitte f\u00fcllen Sie unseren Bedarfsfragebogen aus <a href=\"https:\/\/forms.office.com\/e\/57PcYtssjq\" target=\"_blank\" rel=\"noopener\">(hier klicken)<\/a>damit wir Ihnen genauere Informationen geben k\u00f6nnen.<\/p>\n<p style=\"text-align: justify;\">3. Sobald dies geschehen ist, wird sich ein Mitglied unseres Hochzeitsplanungsteams mit Ihnen in Verbindung setzen, um die n\u00e4chsten Schritte und spezifischen Anforderungen zu besprechen und Ihnen ein individuelles Angebot zu unterbreiten.<\/p>\n<p>4. Auf der Grundlage der Vereinbarungen erstellen wir den Miet- und Veranstaltungsplanungsvertrag.<\/p>\n<p style=\"text-align: start;\"><span style=\"text-align: justify;\">5.\u00a0 <\/span>Gem\u00e4\u00df den im Vertrag festgelegten Bedingungen bitten wir Sie, eine Anzahlung zu leisten. Ohne die Zahlung der Anzahlung wird die Reservierung ung\u00fcltig und der Termin wird automatisch storniert, der Vertrag verliert seine G\u00fcltigkeit. Sie k\u00f6nnen die Reservierung bis zu 2 Monate vor dem gew\u00e4hlten Termin kostenlos stornieren; in diesem Fall erstatten wir Ihnen den vollen Betrag.<\/p>\n<p style=\"text-align: justify;\">6. 2 Monate vor der Hochzeit ist die Zahlung des Restbetrags von 3000 EUR f\u00fcr die Schlossmiete f\u00e4llig. Wenn die Versp\u00e4tung mehr als 10 Tage betr\u00e4gt, wird die Reservierung storniert und wir k\u00f6nnen die Anzahlung nicht zur\u00fcckerstatten.<\/p>\n<p style=\"text-align: justify;\">7. Nach der Bezahlung der Schlossmiete m\u00fcssen Sie sp\u00e4testens einige Wochen sp\u00e4ter die Einzelheiten des Men\u00fcs und des Caterings mit einer vorl\u00e4ufigen Anzahl von G\u00e4sten festlegen.<\/p>\n<p style=\"text-align: justify;\">8. 2 Wochen vor dem gro\u00dfen Tag m\u00fcssen 50% des Preises des Speisen- und Getr\u00e4nkepakets bezahlt werden, um die G\u00fcltigkeit der Reservierung zu erhalten.<\/p>\n<p style=\"text-align: justify;\">9. 3 Tage vor der Hochzeit m\u00fcssen Sie sich f\u00fcr die endg\u00fcltige Anzahl der G\u00e4ste entscheiden. Nach diesem Datum sind keine \u00c4nderungen mehr m\u00f6glich und Sie m\u00fcssen den Restbetrag f\u00fcr die Speisen- und Getr\u00e4nkepakete bezahlen.<\/p>\n<p style=\"text-align: justify;\">10. Nachbestellungen und Restposten werden nach der Veranstaltung an der Cocktailbar abgerechnet.<\/p>\n<\/div>\n<\/div>\n<\/div>\n<\/div>\n<\/div>\n<div  class=\"one withsmallpadding ppb_header\" style=\"text-align:left;padding:30px 0 30px 0;\" >\n<div class=\"standard_wrapper\">\n<div class=\"page_content_wrapper\">\n<div class=\"inner\">\n<div style=\"margin:auto;width:100%\">\n<h2 class=\"ppb_title\" style=\"\">GEB\u00dcHREN UND DIENSTLEISTUNGEN<\/h2>\n<\/div>\n<\/div>\n<\/div>\n<\/div>\n<\/div>\n<div  class=\"one withsmallpadding ppb_text\" style=\"text-align:left;padding:30px 0 30px 0;\" >\n<div class=\"standard_wrapper\">\n<div class=\"page_content_wrapper\">\n<div class=\"inner\">\n<div style=\"margin:auto;width:100%\">\n<p><span style=\"color: #374151;\">Bitte beachten Sie, dass wir automatisch einen Servicezuschlag von 5% f\u00fcr nicht im Angebot enthaltene Speisen und Getr\u00e4nke und einen Personalzuschlag von 1000 EUR f\u00fcr Veranstaltungen mit weniger als 60 Personen berechnen.<\/span><\/p>\n<p>Wir hoffen, dass mit Ihrer Reservierung und dem von Ihnen gew\u00e4hlten Termin alles in Ordnung ist. Wenn Sie Fragen haben, z\u00f6gern Sie bitte nicht, unsere Mitarbeiter zu kontaktieren.<\/p>\n<p>Wir danken Ihnen, dass Sie sich f\u00fcr F\u00f6ldv\u00e1ry Castle entschieden haben und freuen uns darauf, zu einem unvergesslichen Tag beizutragen.<\/p>\n<\/div>\n<\/div>\n<\/div>\n<\/div>\n<\/div>","protected":false},"excerpt":{"rendered":"<p>Das Reservierungsverfahren 1. W\u00e4hlen Sie bitte Ihren Wunschtermin auf unserer Website aus und registrieren Sie ihn. Das bedeutet, dass Sie den Termin bereits reserviert haben. 2. F\u00fcllen Sie bitte unseren Bedarfsfragebogen aus (hier klicken), damit wir Ihnen genauere Informationen geben k\u00f6nnen. 3. Sobald dies geschehen ist, wird sich ein Mitglied unseres Hochzeitsplanungsteams mit Ihnen in Verbindung setzen [...]<\/p>","protected":false},"author":3,"featured_media":0,"parent":0,"menu_order":0,"comment_status":"closed","ping_status":"closed","template":"","meta":{"footnotes":""},"class_list":["post-6509","page","type-page","status-publish","hentry","entry"],"_links":{"self":[{"href":"https:\/\/ottevenyikastely.hu\/de\/wp-json\/wp\/v2\/pages\/6509","targetHints":{"allow":["GET"]}}],"collection":[{"href":"https:\/\/ottevenyikastely.hu\/de\/wp-json\/wp\/v2\/pages"}],"about":[{"href":"https:\/\/ottevenyikastely.hu\/de\/wp-json\/wp\/v2\/types\/page"}],"author":[{"embeddable":true,"href":"https:\/\/ottevenyikastely.hu\/de\/wp-json\/wp\/v2\/users\/3"}],"replies":[{"embeddable":true,"href":"https:\/\/ottevenyikastely.hu\/de\/wp-json\/wp\/v2\/comments?post=6509"}],"version-history":[{"count":0,"href":"https:\/\/ottevenyikastely.hu\/de\/wp-json\/wp\/v2\/pages\/6509\/revisions"}],"wp:attachment":[{"href":"https:\/\/ottevenyikastely.hu\/de\/wp-json\/wp\/v2\/media?parent=6509"}],"curies":[{"name":"wp","href":"https:\/\/api.w.org\/{rel}","templated":true}]}}