{"id":6517,"date":"2023-09-21T14:26:24","date_gmt":"2023-09-21T12:26:24","guid":{"rendered":"https:\/\/ottevenyikastely.hu\/?page_id=6517"},"modified":"2023-10-05T09:34:04","modified_gmt":"2023-10-05T07:34:04","slug":"buchungsprozesse_englisch","status":"publish","type":"page","link":"https:\/\/ottevenyikastely.hu\/de\/buchungsprozesse_englisch\/","title":{"rendered":"Reservierungsverfahren Englisch"},"content":{"rendered":"<div  class=\"one withsmallpadding ppb_header\" style=\"text-align:left;padding:30px 0 30px 0;\" >\n<div class=\"standard_wrapper\">\n<div class=\"page_content_wrapper\">\n<div class=\"inner\">\n<div style=\"margin:auto;width:100%\">\n<h2 class=\"ppb_title\" style=\"\">RESERVIERUNGSVORGANG<\/h2>\n<\/div>\n<\/div>\n<\/div>\n<\/div>\n<\/div>\n<div  class=\"one withsmallpadding ppb_text\" style=\"text-align:left;padding:30px 0 30px 0;\" >\n<div class=\"standard_wrapper\">\n<div class=\"page_content_wrapper\">\n<div class=\"inner\">\n<div style=\"margin:auto;width:100%\">\n<p style=\"text-align: justify;\">1. bitte w\u00e4hlen Sie den gew\u00fcnschten Termin auf unserer Website aus und melden Sie ihn an. Damit haben Sie sich den Termin bereits gesichert.<\/p>\n<p style=\"text-align: justify;\">2. bitte f\u00fcllen Sie unseren Fragebogen zur Bedarfsanalyse aus <a href=\"https:\/\/forms.office.com\/e\/57PcYtssjq\" target=\"_blank\" rel=\"noopener\">(hier klicken)<\/a> damit wir Sie mit genaueren Informationen versorgen k\u00f6nnen.<\/p>\n<p style=\"text-align: justify;\">Sobald dies geschehen ist, wird sich ein Mitglied unseres Hochzeitsplanungsteams mit Ihnen in Verbindung setzen, um die n\u00e4chsten Schritte und spezifischen Anforderungen zu besprechen und ein individuelles Angebot f\u00fcr Sie zu erstellen.<\/p>\n<p>4. auf der Grundlage der Gespr\u00e4che bereiten wir den Miet- und Veranstaltungsplanungsvertrag vor.<\/p>\n<p style=\"text-align: start;\"><span style=\"text-align: justify;\">5.\u00a0 <\/span>Auf der Grundlage der im Vertrag festgelegten Bedingungen verlangen wir von Ihnen eine Reservierungsanzahlung. Ohne die Zahlung der Anzahlung ist die Reservierung ung\u00fcltig, und der Termin wird automatisch gestrichen, und der Vertrag wird ung\u00fcltig. Sie k\u00f6nnen die Reservierung bis zu 2 Monate vor dem gew\u00e4hlten Termin kostenlos stornieren, in diesem Fall erstatten wir Ihnen die Reservierungsgeb\u00fchr vollst\u00e4ndig zur\u00fcck.<\/p>\n<p style=\"text-align: justify;\">6. 2 Monate vor der Hochzeit ist der Restbetrag von 3000 EUR f\u00fcr die Schlossmiete f\u00e4llig. Bei einer Versp\u00e4tung von mehr als 10 Tagen wird die Reservierung storniert, und wir k\u00f6nnen die Anzahlung nicht mehr zur\u00fcckzahlen.<\/p>\n<p style=\"text-align: justify;\">Nachdem Sie die Miete f\u00fcr das Schloss bezahlt haben, m\u00fcssen Sie das Men\u00fc und die Einzelheiten der Bewirtung sp\u00e4testens ein paar Wochen vor der Veranstaltung mit einer vorl\u00e4ufigen Personenzahl festlegen.<\/p>\n<p style=\"text-align: justify;\">8. 2 Wochen vor dem gro\u00dfen Tag m\u00fcssen 50% des Preises f\u00fcr das Speisen- und Getr\u00e4nkepaket bezahlt werden, um die G\u00fcltigkeit der Reservierung aufrechtzuerhalten.<\/p>\n<p style=\"text-align: justify;\">9. 3 Tage vor der Hochzeit m\u00fcssen Sie die endg\u00fcltige Anzahl der G\u00e4ste festlegen, danach sind leider keine \u00c4nderungen mehr m\u00f6glich. Zu diesem Zeitpunkt m\u00fcssen Sie auch den Restbetrag f\u00fcr die Speisen- und Getr\u00e4nkepakete begleichen.<\/p>\n<p style=\"text-align: justify;\">10. nach der Veranstaltung werden Nachbestellungen und Restposten an der Cocktailbar abgerechnet.<\/p>\n<\/div>\n<\/div>\n<\/div>\n<\/div>\n<\/div>\n<div  class=\"one withsmallpadding ppb_header\" style=\"text-align:left;padding:30px 0 30px 0;\" >\n<div class=\"standard_wrapper\">\n<div class=\"page_content_wrapper\">\n<div class=\"inner\">\n<div style=\"margin:auto;width:100%\">\n<h2 class=\"ppb_title\" style=\"\">GEB\u00dcHREN UND DIENSTLEISTUNGEN<\/h2>\n<\/div>\n<\/div>\n<\/div>\n<\/div>\n<\/div>\n<div  class=\"one withsmallpadding ppb_text\" style=\"text-align:left;padding:30px 0 30px 0;\" >\n<div class=\"standard_wrapper\">\n<div class=\"page_content_wrapper\">\n<div class=\"inner\">\n<div style=\"margin:auto;width:100%\">\n<p><span style=\"color: #374151;\">Bitte beachten Sie, dass wir automatisch eine Servicegeb\u00fchr von 5% f\u00fcr Speisen und Getr\u00e4nke erheben, die nicht im Angebot enthalten ist, und dass wir f\u00fcr Veranstaltungen mit weniger als 60 Teilnehmern eine zus\u00e4tzliche Personalgeb\u00fchr von 1000 EUR berechnen.<\/span><\/p>\n<p>Wir hoffen, dass mit Ihrer Reservierung und dem gew\u00e4hlten Termin alles in Ordnung ist. Sollten Sie noch Fragen haben, z\u00f6gern Sie bitte nicht, unsere Mitarbeiter zu kontaktieren.<\/p>\n<p>Wir danken Ihnen, dass Sie sich f\u00fcr das Schloss F\u00f6ldv\u00e1ry entschieden haben, und freuen uns darauf, dazu beizutragen, dass Ihr gro\u00dfer Tag unvergesslich wird.<\/p>\n<\/div>\n<\/div>\n<\/div>\n<\/div>\n<\/div>","protected":false},"excerpt":{"rendered":"<p>RESERVIERUNGSPROZESS 1. W\u00e4hlen Sie auf unserer Website das ideale Datum aus und melden Sie es an. Damit haben Sie sich den Termin bereits gesichert. 2. F\u00fcllen Sie bitte unseren Fragebogen zur Bedarfsanalyse aus (hier klicken), damit wir Ihnen genauere Informationen geben k\u00f6nnen. 3. Sobald dies geschehen ist, wird ein Mitglied unserer Hochzeitsabteilung [...]<\/p>","protected":false},"author":3,"featured_media":0,"parent":0,"menu_order":0,"comment_status":"closed","ping_status":"closed","template":"","meta":{"footnotes":""},"class_list":["post-6517","page","type-page","status-publish","hentry","entry"],"_links":{"self":[{"href":"https:\/\/ottevenyikastely.hu\/de\/wp-json\/wp\/v2\/pages\/6517","targetHints":{"allow":["GET"]}}],"collection":[{"href":"https:\/\/ottevenyikastely.hu\/de\/wp-json\/wp\/v2\/pages"}],"about":[{"href":"https:\/\/ottevenyikastely.hu\/de\/wp-json\/wp\/v2\/types\/page"}],"author":[{"embeddable":true,"href":"https:\/\/ottevenyikastely.hu\/de\/wp-json\/wp\/v2\/users\/3"}],"replies":[{"embeddable":true,"href":"https:\/\/ottevenyikastely.hu\/de\/wp-json\/wp\/v2\/comments?post=6517"}],"version-history":[{"count":0,"href":"https:\/\/ottevenyikastely.hu\/de\/wp-json\/wp\/v2\/pages\/6517\/revisions"}],"wp:attachment":[{"href":"https:\/\/ottevenyikastely.hu\/de\/wp-json\/wp\/v2\/media?parent=6517"}],"curies":[{"name":"wp","href":"https:\/\/api.w.org\/{rel}","templated":true}]}}