{"id":9604,"date":"2024-10-05T17:44:17","date_gmt":"2024-10-05T15:44:17","guid":{"rendered":"https:\/\/ottevenyikastely.hu\/?page_id=9604"},"modified":"2024-10-05T18:20:23","modified_gmt":"2024-10-05T16:20:23","slug":"martons-day-ganseessen","status":"publish","type":"page","link":"https:\/\/ottevenyikastely.hu\/de\/martons-day-ganseessen\/","title":{"rendered":"Martinsgans-Essen"},"content":{"rendered":"<div data-elementor-type=\"wp-page\" data-elementor-id=\"9604\" class=\"elementor elementor-9604\" data-elementor-post-type=\"page\">\n\t\t\t\t<div class=\"elementor-element elementor-element-74707cd e-flex e-con-boxed e-con e-parent\" data-id=\"74707cd\" data-element_type=\"container\" data-e-type=\"container\">\n\t\t\t\t\t<div class=\"e-con-inner\">\n\t\t\t\t<div class=\"elementor-element elementor-element-9f55229 elementor-widget elementor-widget-heading\" data-id=\"9f55229\" data-element_type=\"widget\" data-e-type=\"widget\" data-widget_type=\"heading.default\">\n\t\t\t\t<div class=\"elementor-widget-container\">\n\t\t\t\t\t<h2 class=\"elementor-heading-title elementor-size-default\">G\u00e4nse-Dinner &amp; Weinverkostung<\/h2>\t\t\t\t<\/div>\n\t\t\t\t<\/div>\n\t\t\t\t<div class=\"elementor-element elementor-element-a09e5b7 elementor-widget elementor-widget-text-editor\" data-id=\"a09e5b7\" data-element_type=\"widget\" data-e-type=\"widget\" data-widget_type=\"text-editor.default\">\n\t\t\t\t<div class=\"elementor-widget-container\">\n\t\t\t\t\t\t\t\t\t<p><em>Freitag, 8. November 2024<\/em><\/p><p>Bereiten Sie sich auf ein unvergessliches gastronomisches und weinkundliches Erlebnis vor, bei dem die neuesten Weine der Weinregion Pannonhalma auf die Kreationen des Meisterkochs des Schlosses treffen! Der besondere Abend im Schloss \u00d6ttev\u00e9nyi F\u00f6ldv\u00e1ry ist nicht nur ein Gourmet-La-Dinner - es ist das Weinhaus der Abtei Pannonhalma, das die Stolzst\u00fccke unserer Region, die neuesten Vorzeigeweine pr\u00e4sentiert.<\/p><p>Entdecken Sie das Zusammentreffen der Traditionen des Martinstages und der einzigartigen Gastronomie des Schlosses an diesem herrlichen Ort, stellen Sie uns auf die Probe!<\/p><ul><li><strong>Vorspeise<\/strong>Gef\u00fcllte G\u00e4nse<\/li><li><strong>Abgaben<\/strong>: Cremige Estragon-Limetten-Suppe<\/li><li><strong>Hauptgang<\/strong>Gef\u00fclltes G\u00e4nseviertel mit geschmortem Champagnerkohl, Kartoffelp\u00fcree mit Zwiebeln<\/li><li><strong>Nachspeise<\/strong>: Ludlab-Kuchen<\/li><\/ul><p><strong>Reservierungen<\/strong><br \/>Sie k\u00f6nnen Ihren Platz f\u00fcr die Veranstaltung hier buchen. Bitte beachten Sie, dass runde Tische f\u00fcr 6-8 Personen verf\u00fcgbar sind. Wenn weniger als 6 Personen gebucht werden, k\u00f6nnen sie einen gr\u00f6\u00dferen Tisch mit anderen G\u00e4sten teilen.<\/p><p><strong>Details zur Veranstaltung<\/strong><br \/>Nach dem Abendessen beginnt die Party im Morgengrauen mit einem Super-DJ, der die Party am Laufen h\u00e4lt. Preis f\u00fcr den Abend <strong>29.500 Ft \/ Person<\/strong>Dazu geh\u00f6ren eine Gourmet-G\u00e4nseplatte, eine Verkostung von Pannonhalma-Weinen und alle alkoholfreien Getr\u00e4nke. Nach dem Abendessen ist die Bar f\u00fcr zahlende G\u00e4ste ge\u00f6ffnet.<\/p><p>Verpassen Sie nicht diese einzigartige Gelegenheit, bei der sich Gastronomie und Wein an einem historischen Ort treffen!<\/p>\t\t\t\t\t\t\t\t<\/div>\n\t\t\t\t<\/div>\n\t\t\t\t\t<\/div>\n\t\t\t\t<\/div>\n\t\t<div class=\"elementor-element elementor-element-764c35e e-flex e-con-boxed e-con e-parent\" data-id=\"764c35e\" data-element_type=\"container\" data-e-type=\"container\">\n\t\t\t\t\t<div class=\"e-con-inner\">\n\t\t\t\t<div class=\"elementor-element elementor-element-6bfa0cf elementor-widget elementor-widget-image\" data-id=\"6bfa0cf\" data-element_type=\"widget\" data-e-type=\"widget\" data-widget_type=\"image.default\">\n\t\t\t\t<div class=\"elementor-widget-container\">\n\t\t\t\t\t\t\t\t\t\t\t\t\t\t\t<img fetchpriority=\"high\" decoding=\"async\" width=\"1024\" height=\"1024\" src=\"https:\/\/ottevenyikastely.hu\/wp-content\/uploads\/2024\/10\/DALL-E-2024-10-05-17.38.57-A-promotional-poster-for-a-goose-themed-event-at-Ottevenyi-Foldvary-Castle-featuring-a-Hungarian-domestic-goose-as-the-central-image.-The-design-shou.webp\" class=\"attachment-large size-large wp-image-9605\" alt=\"\" srcset=\"\" sizes=\"(max-width: 1024px) 100vw, 1024px\" title=\"\" data-srcset=\"\">\t\t\t\t\t\t\t\t\t\t\t\t\t\t\t<\/div>\n\t\t\t\t<\/div>\n\t\t\t\t<div class=\"elementor-element elementor-element-d7061e4 elementor-widget elementor-widget-text-editor\" data-id=\"d7061e4\" data-element_type=\"widget\" data-e-type=\"widget\" data-widget_type=\"text-editor.default\">\n\t\t\t\t<div class=\"elementor-widget-container\">\n\t\t\t\t\t\t\t\t\t<p><strong>Weingut Pannonhalmi - Die Begegnung von Tradition und Innovation<\/strong><\/p><p>Das Weingut Pannonhalmi ist ein w\u00fcrdiger Nachfolger der weinbaulichen und \u00f6nologischen Traditionen der Abtei Pannonhalmi, deren Geschichte mehr als tausend Jahre zur\u00fcckreicht. Die besonderen Klima- und Bodenbedingungen der Weinbauregion erm\u00f6glichen die Herstellung von Weinen von hervorragender Qualit\u00e4t. Das Weinhaus der Abtei ist stolz darauf, seine Weine mit moderner Technologie, aber unter Wahrung der Tradition herzustellen und nicht nur die Weinkultur der Region, sondern auch die des Landes zu repr\u00e4sentieren.<\/p><p>Bei der Veranstaltung wird der neueste Wein der Kellerei, der M\u00e1rtonnapi, vorgestellt, der den einzigartigen Charakter und die lokalen Besonderheiten der Region Pannonhalma widerspiegelt. Dieser Wein hat einen frischen, fruchtigen Geschmack und eine raffinierte S\u00e4ure, die das Abendessen perfekt erg\u00e4nzt. Mit diesem neuen Produkt m\u00f6chte die Weinkellerei den Ruf der Weinregion Pannonhalmi auf dem nationalen und internationalen Weinmarkt weiter st\u00e4rken.<\/p>\t\t\t\t\t\t\t\t<\/div>\n\t\t\t\t<\/div>\n\t\t\t\t<div class=\"elementor-element elementor-element-3ebc48b elementor-widget elementor-widget-image\" data-id=\"3ebc48b\" data-element_type=\"widget\" data-e-type=\"widget\" data-widget_type=\"image.default\">\n\t\t\t\t<div class=\"elementor-widget-container\">\n\t\t\t\t\t\t\t\t\t\t\t\t\t\t\t<img decoding=\"async\" src=\"https:\/\/ottevenyikastely.hu\/wp-content\/uploads\/2024\/10\/pannonhalmabor2.jpeg\" title=\"\" alt=\"\" loading=\"lazy\">\t\t\t\t\t\t\t\t\t\t\t\t\t\t\t<\/div>\n\t\t\t\t<\/div>\n\t\t\t\t\t<\/div>\n\t\t\t\t<\/div>\n\t\t<div class=\"elementor-element elementor-element-63b70b9 e-flex e-con-boxed e-con e-parent\" data-id=\"63b70b9\" data-element_type=\"container\" data-e-type=\"container\">\n\t\t\t\t\t<div class=\"e-con-inner\">\n\t\t\t\t<div class=\"elementor-element elementor-element-7e61a3b elementor-widget elementor-widget-text-editor\" data-id=\"7e61a3b\" data-element_type=\"widget\" data-e-type=\"widget\" data-widget_type=\"text-editor.default\">\n\t\t\t\t<div class=\"elementor-widget-container\">\n\t\t\t\t\t\t\t\t\t<p><strong>M\u00f6chten Sie im Schloss schlafen?<\/strong><\/p><p>Im Schloss wird eine begrenzte Anzahl von Zimmern zur Verf\u00fcgung stehen. Unsere 11 Standardzimmer f\u00fcr 2 Personen sind f\u00fcr 200 EUR, unsere 2 Suiten f\u00fcr 250 EUR und unsere 1 Flitterwochensuite f\u00fcr 300 EUR f\u00fcr die Nacht des Liba-Dinners verf\u00fcgbar. Das Fr\u00fchst\u00fcck ist im Preis inbegriffen!<\/p>\t\t\t\t\t\t\t\t<\/div>\n\t\t\t\t<\/div>\n\t\t\t\t<div class=\"elementor-element elementor-element-8ce8d93 elementor-widget elementor-widget-image\" data-id=\"8ce8d93\" data-element_type=\"widget\" data-e-type=\"widget\" data-widget_type=\"image.default\">\n\t\t\t\t<div class=\"elementor-widget-container\">\n\t\t\t\t\t\t\t\t\t\t\t\t\t\t\t<img decoding=\"async\" width=\"1000\" height=\"667\" src=\"https:\/\/ottevenyikastely.hu\/wp-content\/uploads\/2024\/06\/Foldvary_kastely_szoba_lila_fotelekkel.jpg\" class=\"attachment-large size-large wp-image-7738\" alt=\"\" srcset=\"https:\/\/ottevenyikastely.hu\/wp-content\/uploads\/2024\/06\/Foldvary_kastely_szoba_lila_fotelekkel.jpg 1000w, https:\/\/ottevenyikastely.hu\/wp-content\/uploads\/2024\/06\/Foldvary_kastely_szoba_lila_fotelekkel-300x200.jpg 300w, https:\/\/ottevenyikastely.hu\/wp-content\/uploads\/2024\/06\/Foldvary_kastely_szoba_lila_fotelekkel-768x512.jpg 768w\" sizes=\"(max-width: 1000px) 100vw, 1000px\" title=\"\">\t\t\t\t\t\t\t\t\t\t\t\t\t\t\t<\/div>\n\t\t\t\t<\/div>\n\t\t\t\t\t<\/div>\n\t\t\t\t<\/div>\n\t\t<div class=\"elementor-element elementor-element-e488c6b e-flex e-con-boxed e-con e-parent\" data-id=\"e488c6b\" data-element_type=\"container\" data-e-type=\"container\">\n\t\t\t\t\t<div class=\"e-con-inner\">\n\t\t\t\t<div class=\"elementor-element elementor-element-5fe5206 elementor-widget elementor-widget-text-editor\" data-id=\"5fe5206\" data-element_type=\"widget\" data-e-type=\"widget\" data-widget_type=\"text-editor.default\">\n\t\t\t\t<div class=\"elementor-widget-container\">\n\t\t\t\t\t\t\t\t\t<p><strong>Sendungen:<\/strong><\/p><p>18:30 Begr\u00fc\u00dfung der G\u00e4ste mit Gl\u00fchwein, ger\u00f6steten Kastanien, gebratenem K\u00fcrbis und hei\u00dfem Punsch.<\/p><p>19:00 Abendessen und Weinverkostung. Jedem Gang geht eine Weinpr\u00e4sentation voraus, nat\u00fcrlich mit einer Verkostung, die vom Winzer der Kellerei interpretiert wird.<\/p><p>21:00 Dj Ak\u00e1rki und die Cubai-Bar werden Sie mit einer breiten Palette von Getr\u00e4nken unterhalten.<\/p>\t\t\t\t\t\t\t\t<\/div>\n\t\t\t\t<\/div>\n\t\t\t\t<div class=\"elementor-element elementor-element-131dfbb elementor-align-center elementor-widget elementor-widget-button\" data-id=\"131dfbb\" data-element_type=\"widget\" data-e-type=\"widget\" data-widget_type=\"button.default\">\n\t\t\t\t<div class=\"elementor-widget-container\">\n\t\t\t\t\t\t\t\t\t<div class=\"elementor-button-wrapper\">\n\t\t\t\t\t<a class=\"elementor-button elementor-button-link elementor-size-sm\" href=\"#\">\n\t\t\t\t\t\t<span class=\"elementor-button-content-wrapper\">\n\t\t\t\t\t\t\t\t\t<span class=\"elementor-button-text\">Buchen Sie Ihren Platz jetzt!  Klicken Sie hier um zu buchen!<\/span>\n\t\t\t\t\t<\/span>\n\t\t\t\t\t<\/a>\n\t\t\t\t<\/div>\n\t\t\t\t\t\t\t\t<\/div>\n\t\t\t\t<\/div>\n\t\t\t\t\t<\/div>\n\t\t\t\t<\/div>\n\t\t\t\t<\/div>","protected":false},"excerpt":{"rendered":"<p>Libavacsora &amp; Bork\u00f3stol\u00f3 2024 November 8. p\u00e9ntek K\u00e9sz\u00fclj\u00f6n fel egy felejthetetlen gasztron\u00f3miai \u00e9s borkultur\u00e1lis \u00e9lm\u00e9nyre, ahol a pannonhalmi borvid\u00e9k leg\u00fajabb borai \u00e9s a kast\u00e9ly mesterszak\u00e1cs\u00e1nak alkot\u00e1sai tal\u00e1lkoznak! Az \u00d6ttev\u00e9nyi F\u00f6ldv\u00e1ry Kast\u00e9ly k\u00fcl\u00f6nleges estje nem csup\u00e1n egy Gourmet Liba vacsora \u2013 itt a Pannonhalmi Ap\u00e1ts\u00e1g Borh\u00e1za mutatja be r\u00e9gi\u00f3nk b\u00fcszkes\u00e9geit, legfrissebb z\u00e1szl\u00f3s borait. Fedezze fel a [&hellip;]<\/p>","protected":false},"author":7,"featured_media":0,"parent":0,"menu_order":0,"comment_status":"closed","ping_status":"closed","template":"","meta":{"footnotes":""},"class_list":["post-9604","page","type-page","status-publish","hentry","entry"],"_links":{"self":[{"href":"https:\/\/ottevenyikastely.hu\/de\/wp-json\/wp\/v2\/pages\/9604","targetHints":{"allow":["GET"]}}],"collection":[{"href":"https:\/\/ottevenyikastely.hu\/de\/wp-json\/wp\/v2\/pages"}],"about":[{"href":"https:\/\/ottevenyikastely.hu\/de\/wp-json\/wp\/v2\/types\/page"}],"author":[{"embeddable":true,"href":"https:\/\/ottevenyikastely.hu\/de\/wp-json\/wp\/v2\/users\/7"}],"replies":[{"embeddable":true,"href":"https:\/\/ottevenyikastely.hu\/de\/wp-json\/wp\/v2\/comments?post=9604"}],"version-history":[{"count":18,"href":"https:\/\/ottevenyikastely.hu\/de\/wp-json\/wp\/v2\/pages\/9604\/revisions"}],"predecessor-version":[{"id":9624,"href":"https:\/\/ottevenyikastely.hu\/de\/wp-json\/wp\/v2\/pages\/9604\/revisions\/9624"}],"wp:attachment":[{"href":"https:\/\/ottevenyikastely.hu\/de\/wp-json\/wp\/v2\/media?parent=9604"}],"curies":[{"name":"wp","href":"https:\/\/api.w.org\/{rel}","templated":true}]}}