{"id":9647,"date":"2024-10-10T19:44:10","date_gmt":"2024-10-10T17:44:10","guid":{"rendered":"https:\/\/ottevenyikastely.hu\/?page_id=9647"},"modified":"2025-05-05T13:49:17","modified_gmt":"2025-05-05T11:49:17","slug":"datenschutzbestimmungen","status":"publish","type":"page","link":"https:\/\/ottevenyikastely.hu\/de\/datenschutzbestimmungen\/","title":{"rendered":"Datenschutzbestimmungen"},"content":{"rendered":"<div data-elementor-type=\"wp-page\" data-elementor-id=\"9647\" class=\"elementor elementor-9647\" data-elementor-post-type=\"page\">\n\t\t\t\t<div class=\"elementor-element elementor-element-9496ce6 e-flex e-con-boxed e-con e-parent\" data-id=\"9496ce6\" data-element_type=\"container\" data-e-type=\"container\">\n\t\t\t\t\t<div class=\"e-con-inner\">\n\t\t\t\t<div class=\"elementor-element elementor-element-398a734 elementor-widget elementor-widget-heading\" data-id=\"398a734\" data-element_type=\"widget\" data-e-type=\"widget\" data-widget_type=\"heading.default\">\n\t\t\t\t<div class=\"elementor-widget-container\">\n\t\t\t\t\t<h2 class=\"elementor-heading-title elementor-size-default\">Datenschutzbestimmungen<\/h2>\t\t\t\t<\/div>\n\t\t\t\t<\/div>\n\t\t\t\t\t<\/div>\n\t\t\t\t<\/div>\n\t\t<div class=\"elementor-element elementor-element-fa34143 e-flex e-con-boxed e-con e-parent\" data-id=\"fa34143\" data-element_type=\"container\" data-e-type=\"container\">\n\t\t\t\t\t<div class=\"e-con-inner\">\n\t\t\t\t<div class=\"elementor-element elementor-element-50cd95b elementor-widget elementor-widget-image\" data-id=\"50cd95b\" data-element_type=\"widget\" data-e-type=\"widget\" data-widget_type=\"image.default\">\n\t\t\t\t<div class=\"elementor-widget-container\">\n\t\t\t\t\t\t\t\t\t\t\t\t\t\t\t<img fetchpriority=\"high\" decoding=\"async\" width=\"1024\" height=\"418\" src=\"https:\/\/ottevenyikastely.hu\/wp-content\/uploads\/2024\/10\/Kepernyofoto-2024-10-10-19.52.00-1024x418.png\" class=\"attachment-large size-large wp-image-9652\" alt=\"\" srcset=\"https:\/\/ottevenyikastely.hu\/wp-content\/uploads\/2024\/10\/Kepernyofoto-2024-10-10-19.52.00-1024x418.png 1024w, https:\/\/ottevenyikastely.hu\/wp-content\/uploads\/2024\/10\/Kepernyofoto-2024-10-10-19.52.00-300x122.png 300w, https:\/\/ottevenyikastely.hu\/wp-content\/uploads\/2024\/10\/Kepernyofoto-2024-10-10-19.52.00-768x313.png 768w, https:\/\/ottevenyikastely.hu\/wp-content\/uploads\/2024\/10\/Kepernyofoto-2024-10-10-19.52.00-1536x627.png 1536w, https:\/\/ottevenyikastely.hu\/wp-content\/uploads\/2024\/10\/Kepernyofoto-2024-10-10-19.52.00-18x7.png 18w, https:\/\/ottevenyikastely.hu\/wp-content\/uploads\/2024\/10\/Kepernyofoto-2024-10-10-19.52.00.png 1794w\" sizes=\"(max-width: 1024px) 100vw, 1024px\" title=\"\">\t\t\t\t\t\t\t\t\t\t\t\t\t\t\t<\/div>\n\t\t\t\t<\/div>\n\t\t\t\t\t<\/div>\n\t\t\t\t<\/div>\n\t\t<div class=\"elementor-element elementor-element-9df8906 e-flex e-con-boxed e-con e-parent\" data-id=\"9df8906\" data-element_type=\"container\" data-e-type=\"container\">\n\t\t\t\t\t<div class=\"e-con-inner\">\n\t\t\t\t<div class=\"elementor-element elementor-element-b5d8c34 elementor-widget elementor-widget-text-editor\" data-id=\"b5d8c34\" data-element_type=\"widget\" data-e-type=\"widget\" data-widget_type=\"text-editor.default\">\n\t\t\t\t<div class=\"elementor-widget-container\">\n\t\t\t\t\t\t\t\t\t<p><strong>Garzon Plaza Ltd.<\/strong><br \/>B\u00fcro: 9024 Gy\u0151r, Vasv\u00e1ri P\u00e1l utca 1. B. \u00e9p.<br \/>Registrierungsnummer des Unternehmens: 08 09 015113<br \/>Steuernummer: 13995803-2-08<br \/>Website: www.ottevenyikastely.hu<\/p><p><strong>Datum des Inkrafttretens: 01.04.2025.<\/strong><\/p><p>Dieser Datenschutzhinweis ist die\u00a0<strong>Garzon Plaza Ltd.<\/strong>\u00a0(\"f\u00fcr die Verarbeitung Verantwortlicher\") in \u00dcbereinstimmung mit den geltenden Rechtsvorschriften, insbesondere der Verordnung (EU) 2016\/679 des Europ\u00e4ischen Parlaments und des Rates (Allgemeine Datenschutzverordnung - DSGVO).<\/p><ol><li><strong> Zweck der Datenverarbeitung<\/strong><\/li><\/ol><p>Der f\u00fcr die Verarbeitung Verantwortliche verarbeitet personenbezogene Daten zu den folgenden Zwecken:<\/p><ul><li>Betrieb der Website und Analyse der Verkehrsstatistiken.<\/li><li>Beziehungen und Kommunikation.<\/li><li>Erbringung von Dienstleistungen (z. B. Bestellungen, Lieferung nach Hause, Sonderw\u00fcnsche).<\/li><li>Rechnungsstellung, Erf\u00fcllung rechtlicher Verpflichtungen.<\/li><li>Marketingaktivit\u00e4ten, Versand von Newslettern, wenn die betroffene Person zuvor ihre Einwilligung gegeben hat.<\/li><li>Bearbeitung von Reklamationen und Kundendienst.<\/li><\/ul><ol start=\"2\"><li><strong> Rechtsgrundlage f\u00fcr die Verarbeitung<\/strong><\/li><\/ol><p>Die Verarbeitung st\u00fctzt sich auf die folgenden Rechtsgrundlagen:<\/p><ul><li><strong>Beitrag<\/strong>Die betroffene Person willigt freiwillig in die Verarbeitung ihrer personenbezogenen Daten ein (Artikel 6 Absatz 1 Buchstabe a DSGVO).<\/li><li><strong>Ausf\u00fchrung des Vertrags<\/strong>Die Verarbeitung ist f\u00fcr die Erf\u00fcllung des Vertrags erforderlich (Artikel 6 Absatz 1 Buchstabe b DSGVO).<\/li><li><strong>Erf\u00fcllung einer rechtlichen Verpflichtung<\/strong>Abrechnung, Einhaltung gesetzlicher Vorschriften (Artikel 6 Absatz 1 Buchstabe c) GDPR).<\/li><li><strong>Legitimes Interesse des f\u00fcr die Verarbeitung Verantwortlichen<\/strong>Zum Beispiel Bearbeitung von Beschwerden im Kundendienst, Analyse des Website-Verkehrs (Artikel 6 Absatz 1 Buchstabe f DSGVO).<\/li><\/ul><ol start=\"3\"><li><strong> Umfang der verarbeiteten Daten<\/strong><\/li><\/ol><ul><li><strong>Kontaktangaben<\/strong>Name, E-Mail Adresse, Telefonnummer.<\/li><li><strong>Daten f\u00fcr die Rechnungsstellung<\/strong>Name, Adresse, Steuernummer.<\/li><li><strong>Technische Daten<\/strong>IP-Adresse, Browserverlauf, Cookie-Verwaltung.<\/li><li><strong>Informationen zur Bestellung<\/strong>: Bestellhistorie, Pr\u00e4ferenzen, Lieferadresse.<\/li><\/ul><ol start=\"4\"><li><strong> Dauer der Datenverarbeitung<\/strong><\/li><\/ol><p>Der f\u00fcr die Verarbeitung Verantwortliche verarbeitet die Daten nur so lange, wie es f\u00fcr die Erf\u00fcllung des Zwecks erforderlich ist:<\/p><ul><li>Im Falle eines Newsletters so lange, bis die Einwilligung widerrufen wird.<\/li><li>Im Falle der Rechnungsstellung f\u00fcr den steuerlich vorgeschriebenen Zeitraum (in der Regel 8 Jahre).<\/li><li>Bei Vertragsverh\u00e4ltnissen f\u00fcr 5 Jahre nach Beendigung des Vertragsverh\u00e4ltnisses.<\/li><\/ul><ol start=\"5\"><li><strong> Daten\u00fcbermittlung und Datenverarbeiter<\/strong><\/li><\/ol><p>Der f\u00fcr die Verarbeitung Verantwortliche wird die Daten nicht an Dritte weitergeben, au\u00dfer:<\/p><ul><li>an Beh\u00f6rden bei der Erf\u00fcllung gesetzlicher Verpflichtungen,<\/li><li>an Datenverarbeiter (z. B. Kurierdienst, Buchhaltung), die die Daten ausschlie\u00dflich auf der Grundlage des Auftrags und im erforderlichen Umfang verarbeiten.<\/li><\/ul><ol start=\"6\"><li><strong> Rechte der betroffenen Personen<\/strong><\/li><\/ol><p>Die betroffenen Personen haben die folgenden Rechte:<\/p><ul><li><strong>Recht auf Zugang<\/strong>Die betroffene Person kann von dem f\u00fcr die Verarbeitung Verantwortlichen Auskunft \u00fcber die von ihr verarbeiteten personenbezogenen Daten verlangen.<\/li><li><strong>Recht auf Berichtigung<\/strong>Die betroffene Person kann die \u00c4nderung oder Berichtigung ihrer Daten verlangen.<\/li><li><strong>Recht auf L\u00f6schung<\/strong>In bestimmten F\u00e4llen k\u00f6nnen Sie die L\u00f6schung Ihrer personenbezogenen Daten beantragen.<\/li><li><strong>Recht auf Einschr\u00e4nkung der Verarbeitung<\/strong>Sie k\u00f6nnen die Einschr\u00e4nkung der Verarbeitung Ihrer Daten verlangen.<\/li><li><strong>Recht auf Daten\u00fcbertragbarkeit<\/strong>Die betroffene Person kann beantragen, dass ihre personenbezogenen Daten an einen anderen f\u00fcr die Verarbeitung Verantwortlichen \u00fcbermittelt werden.<\/li><li><strong>Recht auf Widerspruch<\/strong>Sie k\u00f6nnen der Verarbeitung widersprechen, wenn diese auf einem berechtigten Interesse beruht.<\/li><\/ul>\t\t\t\t\t\t\t\t<\/div>\n\t\t\t\t<\/div>\n\t\t\t\t<div class=\"elementor-element elementor-element-6b7717c elementor-widget elementor-widget-shortcode\" data-id=\"6b7717c\" data-element_type=\"widget\" data-e-type=\"widget\" data-widget_type=\"shortcode.default\">\n\t\t\t\t<div class=\"elementor-widget-container\">\n\t\t\t\t\t\t\t<div class=\"elementor-shortcode\"><div class='fluentform ff-default fluentform_wrapper_27 ffs_default_wrap'><form data-form_id=\"27\" id=\"fluentform_27\" class=\"frm-fluent-form fluent_form_27 ff-el-form-top ff_form_instance_27_1 ff-form-loading ff_has_v3_recptcha ffs_default\" data-form_instance=\"ff_form_instance_27_1\" method=\"POST\" data-recptcha_key=\"6Lcs378qAAAAAMEOlhPdsd1hZXa18vzRxOXiR5Bo\" action=\"\" ><fieldset  style=\"border: none!important;margin: 0!important;padding: 0!important;background-color: transparent!important;box-shadow: none!important;outline: none!important; min-inline-size: 100%;\">\n                    <legend class=\"ff_screen_reader_title\" style=\"display: block; margin: 0!important;padding: 0!important;height: 0!important;text-indent: -999999px;width: 0!important;overflow:hidden;\">Formular zur \u00c4nderung des Datenschutzes<\/legend>        <div\n                style=\"display: none!important; position: absolute!important; transform: translateX(1000%)!important;\"\n                class=\"ff-el-group ff-hpsf-container\"\n        >\n            <div class=\"ff-el-input--label asterisk-right\">\n                <label for=\"ff_27_item_sf\" aria-label=\"Newsletter\">\n                    Newsletter                <\/label>\n            <\/div>\n            <div class=\"ff-el-input--content\">\n                <input type=\"text\"\n                       name=\"item_27__fluent_sf\"\n                       class=\"ff-el-form-control\"\n                       id=\"ff_27_item_sf\"\n                \/>\n            <\/div>\n        <\/div>\n        <input type='hidden' name='__fluent_form_embded_post_id' value='9647' \/><input type=\"hidden\" id=\"_fluentform_27_fluentformnonce\" name=\"_fluentform_27_fluentformnonce\" value=\"263d6eefe1\" \/><input type=\"hidden\" name=\"_wp_http_referer\" value=\"\/de\/wp-json\/wp\/v2\/pages\/9647\" \/><div data-type=\"name-element\" data-name=\"names\" class=\"ff-field_container ff-name-field-wrapper\" ><div class='ff-t-container'><div class='ff-t-cell'><div class='ff-el-group'><div class=\"ff-el-input--label ff-el-is-required asterisk-right\"><label for='ff_27_names_first_name_' >Vornamen<\/label><\/div><div class='ff-el-input--content'><input type=\"text\" name=\"names[first_name]\" id=\"ff_27_names_first_name_\" class=\"ff-el-form-control\" placeholder=\"Vornamen\" aria-invalid=\"false\" aria-required=\"true\"><\/div><\/div><\/div><div class='ff-t-cell'><div class='ff-el-group'><div class=\"ff-el-input--label ff-el-is-required asterisk-right\"><label for='ff_27_names_last_name_' >Nachname<\/label><\/div><div class='ff-el-input--content'><input type=\"text\" name=\"names[last_name]\" id=\"ff_27_names_last_name_\" class=\"ff-el-form-control\" placeholder=\"Nachname\" aria-invalid=\"false\" aria-required=\"true\"><\/div><\/div><\/div><\/div><\/div><div class='ff-el-group'><div class=\"ff-el-input--label ff-el-is-required asterisk-right\"><label for='ff_27_email' aria-label=\"E-Mail\">E-Mail<\/label><\/div><div class='ff-el-input--content'><input type=\"email\" name=\"email\" id=\"ff_27_email\" class=\"ff-el-form-control\" placeholder=\"E-Mail Adresse\" data-name=\"email\"  aria-invalid=\"false\" aria-required=\"true\"><\/div><\/div><div class='ff-el-group'><div class=\"ff-el-input--label ff-el-is-required asterisk-right\"><label  aria-label=\"Grund der Anfrage\">Grund der Anfrage<\/label><\/div><div class='ff-el-input--content'><div class='ff-el-form-check ff-el-form-check-'><label class='ff-el-form-check-label' for=\"input_radio_f060fa2f9226316a328ecd85cdb8c83d\"><input  type=\"radio\" name=\"input_radio\" data-name=\"input_radio\" class=\"ff-el-form-check-input ff-el-form-check-radio\" value=\"Adatok t\u00f6rl\u00e9se\"  id='input_radio_f060fa2f9226316a328ecd85cdb8c83d' aria-label='Daten l\u00f6schen' aria-invalid='false' aria-required=\"true\"> <span>Daten l\u00f6schen<\/span><\/label><\/div><div class='ff-el-form-check ff-el-form-check-'><label class='ff-el-form-check-label' for=\"input_radio_bb7b5d7e02b23ab3dc5f00e676c00158\"><input  type=\"radio\" name=\"input_radio\" data-name=\"input_radio\" class=\"ff-el-form-check-input ff-el-form-check-radio\" value=\"Adatok m\u00f3dos\u00edt\u00e1sa\"  id='input_radio_bb7b5d7e02b23ab3dc5f00e676c00158' aria-label='Daten \u00e4ndern' aria-invalid='false' aria-required=\"true\"> <span>Daten \u00e4ndern<\/span><\/label><\/div><div class='ff-el-form-check ff-el-form-check-'><label class='ff-el-form-check-label' for=\"input_radio_f059ef0f8dc5b6d8d791d4842c1ff581\"><input  type=\"radio\" name=\"input_radio\" data-name=\"input_radio\" class=\"ff-el-form-check-input ff-el-form-check-radio\" value=\"Adatok gy\u0171jt\u00e9s\u00e9nek korl\u00e1toz\u00e1sa\"  id='input_radio_f059ef0f8dc5b6d8d791d4842c1ff581' aria-label='Beschr\u00e4nkungen der Datenerhebung' aria-invalid='false' aria-required=\"true\"> <span>Beschr\u00e4nkungen der Datenerhebung<\/span><\/label><\/div><div class='ff-el-form-check ff-el-form-check-'><label class='ff-el-form-check-label' for=\"input_radio_00d98cdf891b7886b171f4fabd904b71\"><input  type=\"radio\" name=\"input_radio\" data-name=\"input_radio\" class=\"ff-el-form-check-input ff-el-form-check-radio\" value=\"Gy\u0171jt\u00f6tt adatok kik\u00e9r\u00e9se\"  id='input_radio_00d98cdf891b7886b171f4fabd904b71' aria-label='Anfordern von gesammelten Daten' aria-invalid='false' aria-required=\"true\"> <span>Anfordern von gesammelten Daten<\/span><\/label><\/div><\/div><\/div><div class='ff-el-group    ff-el-input--content'><div class='ff-el-form-check ff-el-tc'><label aria-label='Ich bin damit einverstanden, dass diese Website die von mir \u00fcbermittelten Daten speichert, um meine Anfrage beantworten zu k\u00f6nnen!' class='ff-el-form-check-label ff_tc_label' for=\"gdpr-agreement_8e63bdd242d794f090bebde10557c591\"><span class='ff_tc_checkbox'><input type=\"checkbox\" name=\"gdpr-agreement\" class=\"ff-el-form-check-input ff_gdpr_field\" data-name=\"gdpr-agreement\" id=\"gdpr-agreement_8e63bdd242d794f090bebde10557c591\"  value='on' aria-invalid='false' aria-required=\"true\"><\/span> <div class='ff_t_c'>Ich bin damit einverstanden, dass diese Website die von mir \u00fcbermittelten Daten speichert, um meine Anfrage beantworten zu k\u00f6nnen!<\/div><\/label><\/div><\/div><div class='ff-el-group ff-text-left ff_submit_btn_wrapper'><button type=\"submit\" class=\"ff-btn ff-btn-submit ff-btn-md ff_btn_style\" >Eine Anfrage senden<\/button><\/div><\/fieldset><input type=\"hidden\" name=\"trp-form-language\" value=\"de\"\/><\/form><div id='fluentform_27_errors' class='ff-errors-in-stack ff_form_instance_27_1 ff-form-loading_errors ff_form_instance_27_1_errors'><\/div><\/div>            <script type=\"text\/javascript\">\n                window.fluent_form_ff_form_instance_27_1 = {\"id\":\"27\",\"settings\":{\"layout\":{\"labelPlacement\":\"top\",\"helpMessagePlacement\":\"with_label\",\"errorMessagePlacement\":\"inline\"},\"restrictions\":{\"denyEmptySubmission\":{\"enabled\":false}}},\"form_instance\":\"ff_form_instance_27_1\",\"form_id_selector\":\"fluentform_27\",\"rules\":{\"names[first_name]\":{\"required\":{\"value\":true,\"message\":\"This field is required\",\"global\":true,\"global_message\":\"This field is required\"}},\"names[middle_name]\":{\"required\":{\"value\":false,\"message\":\"This field is required\",\"global\":true,\"global_message\":\"This field is required\"}},\"names[last_name]\":{\"required\":{\"value\":true,\"message\":\"This field is required\",\"global\":true,\"global_message\":\"This field is required\"}},\"email\":{\"required\":{\"value\":true,\"message\":\"This field is required\",\"global\":true,\"global_message\":\"This field is required\"},\"email\":{\"value\":true,\"message\":\"This field must contain a valid email\",\"global\":true,\"global_message\":\"This field must contain a valid email\"}},\"input_radio\":{\"required\":{\"value\":true,\"message\":\"K\\u00f6telez\\u0151 mez\\u0151\",\"global_message\":\"This field is required\",\"global\":false}},\"g-recaptcha-response\":[],\"gdpr-agreement\":{\"required\":{\"value\":true,\"message\":\"This field is required\",\"global_message\":\"This field is required\",\"global\":true}}},\"debounce_time\":300};\n                            <\/script>\n            <\/div>\n\t\t\t\t\t\t<\/div>\n\t\t\t\t<\/div>\n\t\t\t\t<div class=\"elementor-element elementor-element-e13ad46 elementor-widget elementor-widget-text-editor\" data-id=\"e13ad46\" data-element_type=\"widget\" data-e-type=\"widget\" data-widget_type=\"text-editor.default\">\n\t\t\t\t<div class=\"elementor-widget-container\">\n\t\t\t\t\t\t\t\t\t<ol start=\"7\"><li><strong> Umgang mit Cookies<\/strong><\/li><\/ol><p>Die Website verwendet Cookies, um das Nutzererlebnis zu verbessern und die Funktionsweise der Website zu analysieren. Der Nutzer kann die Cookie-Einstellungen in seinem Browser jederzeit \u00e4ndern.<\/p><ol start=\"8\"><li><strong> Sicherheit der Daten<\/strong><\/li><\/ol><p>Der f\u00fcr die Verarbeitung Verantwortliche gew\u00e4hrleistet die Sicherheit der personenbezogenen Daten und sch\u00fctzt sie durch Sicherheitsma\u00dfnahmen vor unbefugtem Zugriff, Ver\u00e4nderung und Zerst\u00f6rung.<\/p><ol start=\"9\"><li><strong> Bearbeitung von Beschwerden<\/strong><\/li><\/ol><p>Betroffene Personen k\u00f6nnen bei der Nationalen Beh\u00f6rde f\u00fcr Datenschutz und Informationsfreiheit (NAIH) eine Beschwerde \u00fcber die Datenverarbeitung einreichen:<\/p><ul><li>Adresse: 1055 Budapest, Falk Miksa utca 9-11.<\/li><li>Telefon: +36-1-391-1400<\/li><li>E-Mail: ugyfelszolgalat@naih.hu<\/li><\/ul><ol start=\"10\"><li><strong> \u00c4nderungen des Datenschutzhinweises<\/strong><\/li><\/ol><p>Der f\u00fcr die Verarbeitung Verantwortliche beh\u00e4lt sich das Recht vor, den Datenschutzhinweis jederzeit zu \u00e4ndern. Alle \u00c4nderungen werden auf der Website ver\u00f6ffentlicht.<\/p>\t\t\t\t\t\t\t\t<\/div>\n\t\t\t\t<\/div>\n\t\t\t\t\t<\/div>\n\t\t\t\t<\/div>\n\t\t\t\t<\/div>","protected":false},"excerpt":{"rendered":"<p>Datenschutzrichtlinie Garzon Plaza Kft.Sitz: 9024 Gy\u0151r, Vasv\u00e1ri P\u00e1l utca 1. Geb\u00e4ude B.Firmenregisternummer: 08 09 015113Adressnummer: 13995803-2-08Webseite: www.ottevenyikastely.hu Datum des Inkrafttretens: 01.04.2025 Diese Datenschutzrichtlinie ist Eigentum der Garzon Plaza Kft. (im Folgenden \"f\u00fcr die Verarbeitung Verantwortlicher\" genannt), in \u00dcbereinstimmung mit dem geltenden Recht, insbesondere der Verordnung (EU) 2016\/679 des Europ\u00e4ischen Parlaments und des Rates vom [...]<\/p>","protected":false},"author":7,"featured_media":0,"parent":0,"menu_order":0,"comment_status":"closed","ping_status":"closed","template":"","meta":{"footnotes":""},"class_list":["post-9647","page","type-page","status-publish","hentry","entry"],"_links":{"self":[{"href":"https:\/\/ottevenyikastely.hu\/de\/wp-json\/wp\/v2\/pages\/9647","targetHints":{"allow":["GET"]}}],"collection":[{"href":"https:\/\/ottevenyikastely.hu\/de\/wp-json\/wp\/v2\/pages"}],"about":[{"href":"https:\/\/ottevenyikastely.hu\/de\/wp-json\/wp\/v2\/types\/page"}],"author":[{"embeddable":true,"href":"https:\/\/ottevenyikastely.hu\/de\/wp-json\/wp\/v2\/users\/7"}],"replies":[{"embeddable":true,"href":"https:\/\/ottevenyikastely.hu\/de\/wp-json\/wp\/v2\/comments?post=9647"}],"version-history":[{"count":10,"href":"https:\/\/ottevenyikastely.hu\/de\/wp-json\/wp\/v2\/pages\/9647\/revisions"}],"predecessor-version":[{"id":13197,"href":"https:\/\/ottevenyikastely.hu\/de\/wp-json\/wp\/v2\/pages\/9647\/revisions\/13197"}],"wp:attachment":[{"href":"https:\/\/ottevenyikastely.hu\/de\/wp-json\/wp\/v2\/media?parent=9647"}],"curies":[{"name":"wp","href":"https:\/\/api.w.org\/{rel}","templated":true}]}}