{"id":9747,"date":"2024-10-13T13:25:51","date_gmt":"2024-10-13T11:25:51","guid":{"rendered":"https:\/\/ottevenyikastely.hu\/?page_id=9747"},"modified":"2024-10-30T15:51:41","modified_gmt":"2024-10-30T14:51:41","slug":"vetorecht-vertrauen","status":"publish","type":"page","link":"https:\/\/ottevenyikastely.hu\/de\/vetorecht-vertrauen\/","title":{"rendered":"Bestellung kaufen"},"content":{"rendered":"<div data-elementor-type=\"wp-page\" data-elementor-id=\"9747\" class=\"elementor elementor-9747\" data-elementor-post-type=\"page\">\n\t\t\t\t<div class=\"elementor-element elementor-element-199bfe9 e-flex e-con-boxed e-con e-parent\" data-id=\"199bfe9\" data-element_type=\"container\" data-e-type=\"container\">\n\t\t\t\t\t<div class=\"e-con-inner\">\n\t\t\t\t<div class=\"elementor-element elementor-element-e99b63a elementor-widget elementor-widget-heading\" data-id=\"e99b63a\" data-element_type=\"widget\" data-e-type=\"widget\" data-widget_type=\"heading.default\">\n\t\t\t\t<div class=\"elementor-widget-container\">\n\t\t\t\t\t<h2 class=\"elementor-heading-title elementor-size-default\">Vertrag \u00fcber die Beauftragung einer Ausschreibung<br>\nSchriftliche Bestellung<\/h2>\t\t\t\t<\/div>\n\t\t\t\t<\/div>\n\t\t<div class=\"elementor-element elementor-element-e1415fc e-con-full e-flex e-con e-child\" data-id=\"e1415fc\" data-element_type=\"container\" data-e-type=\"container\">\n\t\t<div class=\"elementor-element elementor-element-041e302 e-con-full e-flex e-con e-child\" data-id=\"041e302\" data-element_type=\"container\" data-e-type=\"container\">\n\t\t\t\t<div class=\"elementor-element elementor-element-e15dcba elementor-widget elementor-widget-shortcode\" data-id=\"e15dcba\" data-element_type=\"widget\" data-e-type=\"widget\" data-widget_type=\"shortcode.default\">\n\t\t\t\t<div class=\"elementor-widget-container\">\n\t\t\t\t\t\t\t<div class=\"elementor-shortcode\"><div class='fluentform ff-default fluentform_wrapper_17 ffs_default_wrap'><form data-form_id=\"17\" id=\"fluentform_17\" class=\"frm-fluent-form fluent_form_17 ff-el-form-top ff_form_instance_17_1 ff-form-loading ff_has_v3_recptcha ffs_default\" data-form_instance=\"ff_form_instance_17_1\" method=\"POST\" data-recptcha_key=\"6Lcs378qAAAAAMEOlhPdsd1hZXa18vzRxOXiR5Bo\" action=\"\" ><fieldset  style=\"border: none!important;margin: 0!important;padding: 0!important;background-color: transparent!important;box-shadow: none!important;outline: none!important; min-inline-size: 100%;\">\n                    <legend class=\"ff_screen_reader_title\" style=\"display: block; margin: 0!important;padding: 0!important;height: 0!important;text-indent: -999999px;width: 0!important;overflow:hidden;\">Anmeldung zur Ausstellungser\u00f6ffnung<\/legend>        <div\n                style=\"display: none!important; position: absolute!important; transform: translateX(1000%)!important;\"\n                class=\"ff-el-group ff-hpsf-container\"\n        >\n            <div class=\"ff-el-input--label asterisk-right\">\n                <label for=\"ff_17_item_sf\" aria-label=\"Kontakt\">\n                    Kontakt                <\/label>\n            <\/div>\n            <div class=\"ff-el-input--content\">\n                <input type=\"text\"\n                       name=\"item_17__fluent_sf\"\n                       class=\"ff-el-form-control\"\n                       id=\"ff_17_item_sf\"\n                \/>\n            <\/div>\n        <\/div>\n        <input type='hidden' name='__fluent_form_embded_post_id' value='9747' \/><input type=\"hidden\" id=\"_fluentform_17_fluentformnonce\" name=\"_fluentform_17_fluentformnonce\" value=\"ff73caeed4\" \/><input type=\"hidden\" name=\"_wp_http_referer\" value=\"\/de\/wp-json\/wp\/v2\/pages\/9747\" \/><div class='ff-el-group'><div class=\"ff-el-input--label ff-el-is-required asterisk-right\"><label for='ff_17_input_text_2' aria-label=\"Wer hat Sie eingeladen, wer wird Ihr Gast sein?\">Wer hat Sie eingeladen, wer wird Ihr Gast sein? <\/label><\/div><div class='ff-el-input--content'><input type=\"text\" name=\"input_text_2\" class=\"ff-el-form-control\" placeholder=\"Der Name der Person, die Sie eingeladen hat, oder, falls kein Name vorhanden ist, die Auktionsnummer: \" data-name=\"input_text_2\" id=\"ff_17_input_text_2\"  aria-invalid=\"false\" aria-required=\"true\"><\/div><\/div><div data-type=\"name-element\" data-name=\"names\" class=\"ff-field_container ff-name-field-wrapper\" ><div class='ff-t-container'><div class='ff-t-cell'><div class='ff-el-group'><div class=\"ff-el-input--label ff-el-is-required asterisk-right\"><label for='ff_17_names_first_name_' >Nachname:<\/label><\/div><div class='ff-el-input--content'><input type=\"text\" name=\"names[first_name]\" id=\"ff_17_names_first_name_\" class=\"ff-el-form-control\" placeholder=\"Nachname\" aria-invalid=\"false\" aria-required=\"true\"><\/div><\/div><\/div><div class='ff-t-cell'><div class='ff-el-group'><div class=\"ff-el-input--label ff-el-is-required asterisk-right\"><label for='ff_17_names_last_name_' >Vornamen:<\/label><\/div><div class='ff-el-input--content'><input type=\"text\" name=\"names[last_name]\" id=\"ff_17_names_last_name_\" class=\"ff-el-form-control\" placeholder=\"Nachname\" aria-invalid=\"false\" aria-required=\"true\"><\/div><\/div><\/div><\/div><\/div><div class='ff-el-group'><div class=\"ff-el-input--label ff-el-is-required asterisk-right\"><label for='ff_17_email' aria-label=\"E-Mail Adresse:\">E-Mail Adresse:<\/label><\/div><div class='ff-el-input--content'><input type=\"email\" name=\"email\" id=\"ff_17_email\" class=\"ff-el-form-control\" placeholder=\"E-Mail Adresse\" data-name=\"email\"  aria-invalid=\"false\" aria-required=\"true\"><\/div><\/div><div class='ff-el-group'><div class=\"ff-el-input--label ff-el-is-required asterisk-right\"><label for='ff_17_phone' aria-label=\"Rufnummer\">Rufnummer<\/label><\/div><div class='ff-el-input--content'><input name=\"phone\" class=\"ff-el-form-control ff-el-phone ff_el_with_extended_validation\" type=\"tel\" placeholder=\"Rufnummer:\" data-name=\"phone\" id=\"ff_17_phone\" inputmode=\"tel\"  aria-invalid='false' aria-required=\"true\"><\/div><\/div><div class='ff-el-group'><div class=\"ff-el-input--label ff-el-is-required asterisk-right\"><label for='ff_17_dropdown' aria-label=\"Kommen Sie allein oder mit einem Partner?\">Kommen Sie allein oder mit einem Partner?<\/label><\/div><div class='ff-el-input--content'><select name=\"dropdown\" id=\"ff_17_dropdown\" class=\"ff-el-form-control\" data-name=\"dropdown\" data-calc_value=\"0\"  aria-invalid=\"false\" aria-required=\"true\"><option value=\"\">- Ich w\u00e4hle -<\/option><option value=\"Egyed\u00fcl\"  >Alleine<\/option><option value=\"Partnerrel\"  >Partnerrel<\/option><\/select><\/div><\/div><div class='ff-el-group    ff-el-input--content'><div class='ff-el-form-check ff-el-tc'><label aria-label='Ich habe die Datenschutzbestimmungen gelesen und akzeptiere sie. Ich bin damit einverstanden, dass diese Website die von mir \u00fcbermittelten Daten speichert und verarbeitet.' class='ff-el-form-check-label ff_tc_label' for=\"terms-n-condition_1e7bc337e91ddef5a402d2fba217ba7e\"><span class='ff_tc_checkbox'><input type=\"checkbox\" name=\"terms-n-condition\" class=\"ff-el-form-check-input\" data-name=\"terms-n-condition\" id=\"terms-n-condition_1e7bc337e91ddef5a402d2fba217ba7e\"  value='on' aria-invalid='false' aria-required=\"true\"><\/span> <div class='ff_t_c'><p>Ich habe die Datenschutzbestimmungen gelesen und akzeptiere sie. Ich bin damit einverstanden, dass diese Website die von mir \u00fcbermittelten Daten speichert und verarbeitet.<\/p><\/div><\/label><\/div><\/div><div class='ff-el-group ff-text-left ff_submit_btn_wrapper'><button type=\"submit\" class=\"ff-btn ff-btn-submit ff-btn-md ff_btn_style\" >Senden an<\/button><\/div><\/fieldset><input type=\"hidden\" name=\"trp-form-language\" value=\"de\"\/><\/form><div id='fluentform_17_errors' class='ff-errors-in-stack ff_form_instance_17_1 ff-form-loading_errors ff_form_instance_17_1_errors'><\/div><\/div>            <script type=\"text\/javascript\">\n                window.fluent_form_ff_form_instance_17_1 = {\"id\":\"17\",\"settings\":{\"layout\":{\"labelPlacement\":\"top\",\"helpMessagePlacement\":\"with_label\",\"errorMessagePlacement\":\"inline\"},\"restrictions\":{\"denyEmptySubmission\":{\"enabled\":false}}},\"form_instance\":\"ff_form_instance_17_1\",\"form_id_selector\":\"fluentform_17\",\"rules\":{\"input_text_2\":{\"required\":{\"value\":true,\"message\":\"K\\u00f6telez\\u0151 mez\\u0151\",\"global_message\":\"This field is required\",\"global\":false}},\"names[first_name]\":{\"required\":{\"value\":true,\"message\":\"K\\u00f6telez\\u0151 mez\\u0151\",\"global\":false,\"global_message\":\"This field is required\"}},\"names[middle_name]\":{\"required\":{\"value\":false,\"message\":\"This field is required\",\"global\":true,\"global_message\":\"This field is required\"}},\"names[last_name]\":{\"required\":{\"value\":true,\"message\":\"K\\u00f6telez\\u0151 mez\\u0151\",\"global\":false,\"global_message\":\"This field is required\"}},\"email\":{\"required\":{\"value\":true,\"message\":\"K\\u00f6telez\\u0151 mez\\u0151\",\"global\":false,\"global_message\":\"This field is required\"},\"email\":{\"value\":true,\"message\":\"Az e-mail c\\u00edm nem l\\u00e9tezik vagy hib\\u00e1s!\",\"global\":false,\"global_message\":\"This field must contain a valid email\"}},\"phone\":{\"required\":{\"value\":true,\"global\":false,\"message\":\"K\\u00f6telez\\u0151 mez\\u0151\",\"global_message\":\"This field is required\"},\"valid_phone_number\":{\"value\":true,\"global\":false,\"message\":\"A telefonsz\\u00e1m form\\u00e1tuma nem megfelel\\u0151 vagy hib\\u00e1s telefonsz\\u00e1m\",\"global_message\":\"Phone number is not valid\"}},\"dropdown\":{\"required\":{\"value\":true,\"message\":\"This field is required\",\"global_message\":\"This field is required\",\"global\":true}},\"g-recaptcha-response\":[],\"terms-n-condition\":{\"required\":{\"value\":true,\"message\":\"K\\u00f6telez\\u0151 mez\\u0151\",\"global_message\":\"This field is required\",\"global\":false}}},\"debounce_time\":300};\n                            <\/script>\n            <\/div>\n\t\t\t\t\t\t<\/div>\n\t\t\t\t<\/div>\n\t\t\t\t<\/div>\n\t\t<div class=\"elementor-element elementor-element-12b5fd8 e-con-full e-flex e-con e-child\" data-id=\"12b5fd8\" data-element_type=\"container\" data-e-type=\"container\">\n\t\t\t\t<div class=\"elementor-element elementor-element-12baeee elementor-widget elementor-widget-text-editor\" data-id=\"12baeee\" data-element_type=\"widget\" data-e-type=\"widget\" data-widget_type=\"text-editor.default\">\n\t\t\t\t<div class=\"elementor-widget-container\">\n\t\t\t\t\t\t\t\t\t<h3>Kommissionsvertrag - Bestellung -<\/h3>\n<p>Eine oben genannte private oder juristische Person, <strong>im Folgenden als \"Delegierter\" bezeichnet<\/strong>Hiermit beauftrage ich die Garzonpl\u00e1za Kft. (Sitz: 9028 Gy\u0151r Vasv\u00e1ri P\u00e1l u 1\/b. Steuernummer: 13995803-2-08, vertreten durch: Matusz Bal\u00e1zs), nachfolgend Auftraggeber genannt (Auftraggeber und Auftraggeber zusammen: Parteien), in meinem Namen bei einer Auktion von Kunstwerken zu den folgenden Bedingungen mitzubieten, bis der im Auftrag angegebene H\u00f6chstgebotspreis erreicht ist:<\/p>\n<p>1.&nbsp;&nbsp;&nbsp;&nbsp;&nbsp;&nbsp;&nbsp;&nbsp;<b>Organisation der Auktion<\/b><br>Die Parteien vereinbaren, dass der Auktionator als Auktionshaus die F\u00f6ldv\u00e1ry Castle Art Auction (nachstehend \"Auktion\" genannt) organisiert, bei der der Auktionator als Verk\u00e4ufer im eigenen Namen (als Eigent\u00fcmer oder Treuh\u00e4nder) einen Kaufvertrag mit dem H\u00f6chstbietenden abschlie\u00dft.<\/p>\n<p>2.&nbsp;&nbsp;&nbsp;&nbsp;&nbsp;&nbsp;&nbsp;&nbsp;<b>Regeln der Auktion<\/b><br>Die Parteien vereinbaren, dass die Regeln der Auktion in den \"Auktionsregeln\" festgelegt werden, die vom Auftraggeber im Internet ver\u00f6ffentlicht werden: https:\/\/ottevenyikastely.hu\/arveresi-szabalyzat\/<\/p>\n<p>3.&nbsp;&nbsp;&nbsp;&nbsp;&nbsp;&nbsp;&nbsp;&nbsp;<b>Mandat zur Durchf\u00fchrung der Auktion<\/b><br>Der Auftraggeber bevollm\u00e4chtigt hiermit den Bevollm\u00e4chtigten, in seinem Namen und in seinem Auftrag bei der Auktion zu handeln und f\u00fcr das oben angegebene Los bis zum angegebenen H\u00f6chstgebotspreis zu bieten.<\/p>\n<p>4.&nbsp;&nbsp;&nbsp;&nbsp;&nbsp;&nbsp;&nbsp;&nbsp;<b>Fehlende Verg\u00fctung<\/b><br>Die Parteien vereinbaren, dass der Auftraggeber den Auftrag unentgeltlich ausf\u00fchrt und keine finanziellen Forderungen im Zusammenhang mit der Ausf\u00fchrung des Auftrags stellt.&nbsp;<\/p>\n<p>5.&nbsp;&nbsp;&nbsp;&nbsp;&nbsp;&nbsp;&nbsp;&nbsp;<b>Anzahlung und Kaution<\/b><br>Zum Zeitpunkt der Vertragsunterzeichnung leistet der Auftraggeber eine Vorauszahlung f\u00fcr die angegebenen Auktionslose in H\u00f6he des Startpreises 20% per Bank\u00fcberweisung an&nbsp;<b>10400401-50526784-56761011<\/b>Bankkontonummer. In der Betreffzeile m\u00fcssen Sie den Namen des Auftraggebers und die Seriennummer des Auktionsloses angeben.<span class=\"Apple-converted-space\">&nbsp;&nbsp;<\/span>Im Falle eines erfolgreichen Verkaufs wird die Kaution als Anzahlung gutgeschrieben. Dieser Auftrag erlischt, wenn die Anzahlung nicht sp\u00e4testens 3 Werktage vor der Auktion geleistet wird.<\/p>\n<p>Sobald die Vorauszahlung bei uns eingegangen ist, werden wir Sie anrufen, um den Zahlungseingang und die G\u00fcltigkeit der Bestellung zu best\u00e4tigen.<\/p>\n<p>6.&nbsp;&nbsp;&nbsp;&nbsp;&nbsp;&nbsp;&nbsp;&nbsp;<b>Zahlungsverpflichtung<\/b><br>Im Falle einer erfolgreichen Bestellung muss der Kunde gem\u00e4\u00df den Versteigerungsbedingungen vorgehen und den Kaufpreis abz\u00fcglich der Anzahlung innerhalb von 5 Tagen nach der Benachrichtigung per Bank\u00fcberweisung oder pers\u00f6nlich an die in Abschnitt 5 angegebene Kontonummer zahlen. Kaufpreis = Aus\u00fcbungspreis + 23% Auktionsprovision, gem\u00e4\u00df Auktionsvertrag)<\/p>\n<p>7.&nbsp;&nbsp;&nbsp;&nbsp;&nbsp;&nbsp;&nbsp;&nbsp;<b>Erfolgloses Mandat<\/b><br>Erh\u00e4lt der Auftraggeber ein anderes h\u00f6heres Gebot f\u00fcr das Auktionslos, so hat er die Vorauszahlung innerhalb von 8 Werktagen zu begleichen und vollst\u00e4ndig auf das Konto des Auftraggebers zur\u00fcckzuzahlen. Im Falle eines erfolglosen Auftrags, aus welchem Grund auch immer, hat der Auftraggeber keinerlei Anspr\u00fcche gegen\u00fcber dem Auftragnehmer.<\/p>\n<p>8. &nbsp; &nbsp; &nbsp; &nbsp; <b>Meldepflicht<\/b><br>Etwaige Probleme bei der Benachrichtigung entbinden den Auftraggeber nicht von seinen vertraglichen Verpflichtungen.<\/p>\n<p>9. &nbsp; &nbsp; &nbsp; &nbsp; &nbsp; <strong>Selbstverpflichtung<\/strong><\/p>\n<p>Mit der Zahlung der unter Punkt 5 genannten Kaution und dem Ausf\u00fcllen des vorliegenden Formulars erkennt der Auftraggeber unwiderruflich an, dass er jeden einzelnen Punkt der vorliegenden Bestimmungen, einzeln und in Kombination, akzeptiert und dass der Auftraggeber (<a href=\"https:\/\/ottevenyikastely.hu\/de\/\">https:\/\/ottevenyikastely.hu<\/a>) und hat die Versteigerungsregeln gelesen und akzeptiert, die er auch bedingungslos akzeptiert und die f\u00fcr ihn und f\u00fcr jeden anderen verbindlich sind.<\/p>\t\t\t\t\t\t\t\t<\/div>\n\t\t\t\t<\/div>\n\t\t\t\t<\/div>\n\t\t\t\t<\/div>\n\t\t\t\t\t<\/div>\n\t\t\t\t<\/div>\n\t\t<div class=\"elementor-element elementor-element-5e3744e elementor-hidden-desktop elementor-hidden-tablet elementor-hidden-mobile e-flex e-con-boxed e-con e-parent\" data-id=\"5e3744e\" data-element_type=\"container\" data-e-type=\"container\">\n\t\t\t\t\t<div class=\"e-con-inner\">\n\t\t\t\t<div class=\"elementor-element elementor-element-6a7d73c elementor-button-align-stretch elementor-widget elementor-widget-form\" data-id=\"6a7d73c\" data-element_type=\"widget\" data-e-type=\"widget\" data-settings=\"{&quot;step_next_label&quot;:&quot;K\\u00f6vetkez\\u0151&quot;,&quot;step_previous_label&quot;:&quot;El\\u0151z\\u0151&quot;,&quot;button_width&quot;:&quot;100&quot;,&quot;step_type&quot;:&quot;number_text&quot;,&quot;step_icon_shape&quot;:&quot;circle&quot;}\" data-widget_type=\"form.default\">\n\t\t\t\t<div class=\"elementor-widget-container\">\n\t\t\t\t\t\t\t<form class=\"elementor-form\" method=\"post\" name=\"\u00cdr\u00e1sbeli megb\u00edz\u00e1s\" aria-label=\"Schriftliches Mandat\" action=\"\">\n\t\t\t<input type=\"hidden\" name=\"post_id\" value=\"9747\"\/>\n\t\t\t<input type=\"hidden\" name=\"form_id\" value=\"6a7d73c\"\/>\n\t\t\t<input type=\"hidden\" name=\"referer_title\" value=\"V\u00e9teli megb\u00edz\u00e1s - Chateau F\u00f6ldv\u00e1ry -\" \/>\n\n\t\t\t\t\t\t\t<input type=\"hidden\" name=\"queried_id\" value=\"9747\"\/>\n\t\t\t\n\t\t\t<div class=\"elementor-form-fields-wrapper elementor-labels-above\">\n\t\t\t\t\t\t\t\t<div class=\"elementor-field-type-text elementor-field-group elementor-column elementor-field-group-name elementor-col-100 elementor-field-required\">\n\t\t\t\t\t\t\t\t\t\t\t\t<label for=\"form-field-name\" class=\"elementor-field-label\">\n\t\t\t\t\t\t\t\tName\t\t\t\t\t\t\t<\/label>\n\t\t\t\t\t\t\t\t\t\t\t\t\t\t<input size=\"1\" type=\"text\" name=\"form_fields[name]\" id=\"form-field-name\" class=\"elementor-field elementor-size-sm  elementor-field-textual\" placeholder=\"Name\" required=\"required\">\n\t\t\t\t\t\t\t\t\t\t\t<\/div>\n\t\t\t\t\t\t\t\t<div class=\"elementor-field-type-text elementor-field-group elementor-column elementor-field-group-field_f45bf52 elementor-col-100 elementor-field-required\">\n\t\t\t\t\t\t\t\t\t\t\t\t<label for=\"form-field-field_f45bf52\" class=\"elementor-field-label\">\n\t\t\t\t\t\t\t\tRechnungsadresse:\t\t\t\t\t\t\t<\/label>\n\t\t\t\t\t\t\t\t\t\t\t\t\t\t<input size=\"1\" type=\"text\" name=\"form_fields[field_f45bf52]\" id=\"form-field-field_f45bf52\" class=\"elementor-field elementor-size-sm  elementor-field-textual\" placeholder=\"Budapest....\" required=\"required\">\n\t\t\t\t\t\t\t\t\t\t\t<\/div>\n\t\t\t\t\t\t\t\t<div class=\"elementor-field-type-tel elementor-field-group elementor-column elementor-field-group-email elementor-col-100 elementor-field-required\">\n\t\t\t\t\t\t\t\t\t\t\t\t<label for=\"form-field-email\" class=\"elementor-field-label\">\n\t\t\t\t\t\t\t\tRufnummer\t\t\t\t\t\t\t<\/label>\n\t\t\t\t\t\t\t\t<input size=\"1\" type=\"tel\" name=\"form_fields[email]\" id=\"form-field-email\" class=\"elementor-field elementor-size-sm  elementor-field-textual\" placeholder=\"+36\" required=\"required\" pattern=\"[0-9()#&amp;+*-=.]+\" title=\"Es werden nur Zahlen und Telefonzeichen (#, -, *, usw.) akzeptiert.\" data-no-translation-title=\"\">\n\n\t\t\t\t\t\t<\/div>\n\t\t\t\t\t\t\t\t<div class=\"elementor-field-type-email elementor-field-group elementor-column elementor-field-group-field_f8020e0 elementor-col-100 elementor-field-required\">\n\t\t\t\t\t\t\t\t\t\t\t\t<label for=\"form-field-field_f8020e0\" class=\"elementor-field-label\">\n\t\t\t\t\t\t\t\tE-Mail\t\t\t\t\t\t\t<\/label>\n\t\t\t\t\t\t\t\t\t\t\t\t\t\t<input size=\"1\" type=\"email\" name=\"form_fields[field_f8020e0]\" id=\"form-field-field_f8020e0\" class=\"elementor-field elementor-size-sm  elementor-field-textual\" placeholder=\"E-Mail\" required=\"required\">\n\t\t\t\t\t\t\t\t\t\t\t<\/div>\n\t\t\t\t\t\t\t\t<div class=\"elementor-field-type-number elementor-field-group elementor-column elementor-field-group-message elementor-col-100 elementor-field-required\">\n\t\t\t\t\t\t\t\t\t\t\t\t<label for=\"form-field-message\" class=\"elementor-field-label\">\n\t\t\t\t\t\t\t\tNummer des Auktionsloses\t\t\t\t\t\t\t<\/label>\n\t\t\t\t\t\t\t\t\t<input type=\"number\" name=\"form_fields[message]\" id=\"form-field-message\" class=\"elementor-field elementor-size-sm  elementor-field-textual\" placeholder=\"Nr.1\" required=\"required\" min=\"\" max=\"\" >\n\t\t\t\t\t\t<\/div>\n\t\t\t\t\t\t\t\t<div class=\"elementor-field-type-textarea elementor-field-group elementor-column elementor-field-group-field_6412918 elementor-col-100 elementor-field-required\">\n\t\t\t\t\t\t\t\t\t\t\t\t<label for=\"form-field-field_6412918\" class=\"elementor-field-label\">\n\t\t\t\t\t\t\t\tBeschreibung des Auktionsloses\t\t\t\t\t\t\t<\/label>\n\t\t\t\t\t\t<textarea class=\"elementor-field-textual elementor-field  elementor-size-sm\" name=\"form_fields[field_6412918]\" id=\"form-field-field_6412918\" rows=\"1\" placeholder=\"Name des Kunstwerkes\" required=\"required\"><\/textarea>\t\t\t\t<\/div>\n\t\t\t\t\t\t\t\t<div class=\"elementor-field-type-number elementor-field-group elementor-column elementor-field-group-field_31a7b1c elementor-col-100 elementor-field-required\">\n\t\t\t\t\t\t\t\t\t\t\t\t<label for=\"form-field-field_31a7b1c\" class=\"elementor-field-label\">\n\t\t\t\t\t\t\t\tStartpreis Ft.\t\t\t\t\t\t\t<\/label>\n\t\t\t\t\t\t\t\t\t<input type=\"number\" name=\"form_fields[field_31a7b1c]\" id=\"form-field-field_31a7b1c\" class=\"elementor-field elementor-size-sm  elementor-field-textual\" placeholder=\"HUF\" required=\"required\" min=\"\" max=\"\" >\n\t\t\t\t\t\t<\/div>\n\t\t\t\t\t\t\t\t<div class=\"elementor-field-type-number elementor-field-group elementor-column elementor-field-group-field_0d83b98 elementor-col-100 elementor-field-required\">\n\t\t\t\t\t\t\t\t\t\t\t\t<label for=\"form-field-field_0d83b98\" class=\"elementor-field-label\">\n\t\t\t\t\t\t\t\tMaximaler Aus\u00fcbungspreis\t\t\t\t\t\t\t<\/label>\n\t\t\t\t\t\t\t\t\t<input type=\"number\" name=\"form_fields[field_0d83b98]\" id=\"form-field-field_0d83b98\" class=\"elementor-field elementor-size-sm  elementor-field-textual\" placeholder=\"HUF\" required=\"required\" min=\"\" max=\"\" >\n\t\t\t\t\t\t<\/div>\n\t\t\t\t\t\t\t\t<div class=\"elementor-field-type-date elementor-field-group elementor-column elementor-field-group-field_2f88880 elementor-col-100 elementor-field-required\">\n\t\t\t\t\t\t\t\t\t\t\t\t<label for=\"form-field-field_2f88880\" class=\"elementor-field-label\">\n\t\t\t\t\t\t\t\tDatum der Bestellung:\t\t\t\t\t\t\t<\/label>\n\t\t\t\t\t\t\n\t\t<input type=\"date\" name=\"form_fields[field_2f88880]\" id=\"form-field-field_2f88880\" class=\"elementor-field elementor-size-sm  elementor-field-textual elementor-date-field\" placeholder=\".......Jahr ......Monat ......Tag\" required=\"required\" pattern=\"[0-9]{4}-[0-9]{2}-[0-9]{2}\">\n\t\t\t\t\t\t<\/div>\n\t\t\t\t\t\t\t\t<div class=\"elementor-field-group elementor-column elementor-field-type-submit elementor-col-100 e-form__buttons\">\n\t\t\t\t\t<button class=\"elementor-button elementor-size-sm\" type=\"submit\">\n\t\t\t\t\t\t<span class=\"elementor-button-content-wrapper\">\n\t\t\t\t\t\t\t\t\t\t\t\t\t\t\t\t\t\t\t\t\t\t<span class=\"elementor-button-text\">Senden an<\/span>\n\t\t\t\t\t\t\t\t\t\t\t\t\t<\/span>\n\t\t\t\t\t<\/button>\n\t\t\t\t<\/div>\n\t\t\t<\/div>\n\t\t<input type=\"hidden\" name=\"trp-form-language\" value=\"de\"\/><\/form>\n\t\t\t\t\t\t<\/div>\n\t\t\t\t<\/div>\n\t\t\t\t\t<\/div>\n\t\t\t\t<\/div>\n\t\t<div class=\"elementor-element elementor-element-37c9247 e-flex e-con-boxed e-con e-parent\" data-id=\"37c9247\" data-element_type=\"container\" data-e-type=\"container\">\n\t\t\t\t\t<div class=\"e-con-inner\">\n\t\t\t\t\t<\/div>\n\t\t\t\t<\/div>\n\t\t\t\t<\/div>","protected":false},"excerpt":{"rendered":"<p>Mandat Vertrag zur Abgabe von Geboten Schriftliches Kaufmandat Mandatsvertrag - Kaufmandat - Ich, die oben genannte nat\u00fcrliche oder juristische Person, nachstehend \"Mandatnehmer\" genannt, beauftrage hiermit die Garzonpl\u00e1za Kft. (Sitz: 9028 Gy\u0151r Vasv\u00e1ri P\u00e1l u 1\/b. Steuernummer: 13995803-2-08, vertreten durch: Matusz Bal\u00e1zs), nachstehend \"Mandatnehmer\" genannt (der \"Auftraggeber\" und der \"Mandatnehmer\" zusammen: die \"Parteien\"), in meinem Namen Kunstwerke zu versteigern [...]<\/p>","protected":false},"author":7,"featured_media":0,"parent":0,"menu_order":0,"comment_status":"closed","ping_status":"closed","template":"","meta":{"footnotes":""},"class_list":["post-9747","page","type-page","status-publish","hentry","entry"],"_links":{"self":[{"href":"https:\/\/ottevenyikastely.hu\/de\/wp-json\/wp\/v2\/pages\/9747","targetHints":{"allow":["GET"]}}],"collection":[{"href":"https:\/\/ottevenyikastely.hu\/de\/wp-json\/wp\/v2\/pages"}],"about":[{"href":"https:\/\/ottevenyikastely.hu\/de\/wp-json\/wp\/v2\/types\/page"}],"author":[{"embeddable":true,"href":"https:\/\/ottevenyikastely.hu\/de\/wp-json\/wp\/v2\/users\/7"}],"replies":[{"embeddable":true,"href":"https:\/\/ottevenyikastely.hu\/de\/wp-json\/wp\/v2\/comments?post=9747"}],"version-history":[{"count":25,"href":"https:\/\/ottevenyikastely.hu\/de\/wp-json\/wp\/v2\/pages\/9747\/revisions"}],"predecessor-version":[{"id":10267,"href":"https:\/\/ottevenyikastely.hu\/de\/wp-json\/wp\/v2\/pages\/9747\/revisions\/10267"}],"wp:attachment":[{"href":"https:\/\/ottevenyikastely.hu\/de\/wp-json\/wp\/v2\/media?parent=9747"}],"curies":[{"name":"wp","href":"https:\/\/api.w.org\/{rel}","templated":true}]}}