{"id":9890,"date":"2024-10-18T19:48:30","date_gmt":"2024-10-18T17:48:30","guid":{"rendered":"https:\/\/ottevenyikastely.hu\/?page_id=9890"},"modified":"2024-10-30T15:53:06","modified_gmt":"2024-10-30T14:53:06","slug":"telefonisches-bieten-fur-torteno-business","status":"publish","type":"page","link":"https:\/\/ottevenyikastely.hu\/de\/telefonisches-bieten-fur-torteno-business\/","title":{"rendered":"Bestellung eines telefonischen Gebots"},"content":{"rendered":"<div data-elementor-type=\"wp-page\" data-elementor-id=\"9890\" class=\"elementor elementor-9890\" data-elementor-post-type=\"page\">\n\t\t\t\t<div class=\"elementor-element elementor-element-cf37075 e-flex e-con-boxed e-con e-parent\" data-id=\"cf37075\" data-element_type=\"container\" data-e-type=\"container\">\n\t\t\t\t\t<div class=\"e-con-inner\">\n\t\t\t\t<div class=\"elementor-element elementor-element-31deefc elementor-widget elementor-widget-heading\" data-id=\"31deefc\" data-element_type=\"widget\" data-e-type=\"widget\" data-widget_type=\"heading.default\">\n\t\t\t\t<div class=\"elementor-widget-container\">\n\t\t\t\t\t<h2 class=\"elementor-heading-title elementor-size-default\">Telefonischer Gebotsauftrag<\/h2>\t\t\t\t<\/div>\n\t\t\t\t<\/div>\n\t\t\t\t\t<\/div>\n\t\t\t\t<\/div>\n\t\t<div class=\"elementor-element elementor-element-c444fcb e-con-full e-flex e-con e-child\" data-id=\"c444fcb\" data-element_type=\"container\" data-e-type=\"container\">\n\t\t<div class=\"elementor-element elementor-element-1c84358 e-con-full e-flex e-con e-child\" data-id=\"1c84358\" data-element_type=\"container\" data-e-type=\"container\">\n\t\t\t\t<div class=\"elementor-element elementor-element-bb878db elementor-widget elementor-widget-text-editor\" data-id=\"bb878db\" data-element_type=\"widget\" data-e-type=\"widget\" data-widget_type=\"text-editor.default\">\n\t\t\t\t<div class=\"elementor-widget-container\">\n\t\t\t\t\t\t\t\t\t<p>Mit dem Ausf\u00fcllen und Absenden dieses Formulars erm\u00e4chtige ich den vom Auktionator beauftragten Mitarbeiter der Garzon pl\u00e1za kft, einschlie\u00dflich des Auktionshauses, in meinem Namen auf die Seite f\u00fcr Online-Gebote zuzugreifen und auf der Grundlage meiner telefonischen Anweisungen in meinem Namen zu bieten und im Rahmen des Bietverfahrens vollst\u00e4ndig zu handeln. Ich erkl\u00e4re mich ferner damit einverstanden, dass mein Telefongespr\u00e4ch w\u00e4hrend des telefonischen Bietvorgangs aufgezeichnet, auf unbestimmte Zeit aufbewahrt und in Streitf\u00e4llen frei verwendet werden kann. Ich erkenne ferner an, dass ich f\u00fcr meine telefonisch erteilten Anweisungen sowohl finanziell als auch moralisch voll verantwortlich bin, und ich verstehe ausdr\u00fccklich, dass ich im Laufe des Bietverfahrens finanzielle Verpflichtungen eingehen kann. &nbsp;<\/p>\t\t\t\t\t\t\t\t<\/div>\n\t\t\t\t<\/div>\n\t\t\t\t<\/div>\n\t\t<div class=\"elementor-element elementor-element-d55a140 e-con-full e-flex e-con e-child\" data-id=\"d55a140\" data-element_type=\"container\" data-e-type=\"container\">\n\t\t\t\t<div class=\"elementor-element elementor-element-f139562 elementor-widget elementor-widget-shortcode\" data-id=\"f139562\" data-element_type=\"widget\" data-e-type=\"widget\" data-widget_type=\"shortcode.default\">\n\t\t\t\t<div class=\"elementor-widget-container\">\n\t\t\t\t\t\t\t<div class=\"elementor-shortcode\"><div class='fluentform ff-default fluentform_wrapper_18 ffs_default_wrap'><form data-form_id=\"18\" id=\"fluentform_18\" class=\"frm-fluent-form fluent_form_18 ff-el-form-top ff_form_instance_18_1 ff-form-loading ff_has_v3_recptcha ffs_default\" data-form_instance=\"ff_form_instance_18_1\" method=\"POST\" data-recptcha_key=\"6Lcs378qAAAAAMEOlhPdsd1hZXa18vzRxOXiR5Bo\" action=\"\" ><fieldset  style=\"border: none!important;margin: 0!important;padding: 0!important;background-color: transparent!important;box-shadow: none!important;outline: none!important; min-inline-size: 100%;\">\n                    <legend class=\"ff_screen_reader_title\" style=\"display: block; margin: 0!important;padding: 0!important;height: 0!important;text-indent: -999999px;width: 0!important;overflow:hidden;\">Telefonisches Bestellformular (#18)<\/legend>        <div\n                style=\"display: none!important; position: absolute!important; transform: translateX(1000%)!important;\"\n                class=\"ff-el-group ff-hpsf-container\"\n        >\n            <div class=\"ff-el-input--label asterisk-right\">\n                <label for=\"ff_18_item_sf\" aria-label=\"Newsletter\">\n                    Newsletter                <\/label>\n            <\/div>\n            <div class=\"ff-el-input--content\">\n                <input type=\"text\"\n                       name=\"item_18__fluent_sf\"\n                       class=\"ff-el-form-control\"\n                       id=\"ff_18_item_sf\"\n                \/>\n            <\/div>\n        <\/div>\n        <input type='hidden' name='__fluent_form_embded_post_id' value='9890' \/><input type=\"hidden\" id=\"_fluentform_18_fluentformnonce\" name=\"_fluentform_18_fluentformnonce\" value=\"731b2a6bd4\" \/><input type=\"hidden\" name=\"_wp_http_referer\" value=\"\/de\/wp-json\/wp\/v2\/pages\/9890\" \/><div data-type=\"name-element\" data-name=\"names\" class=\"ff-field_container ff-name-field-wrapper\" ><div class='ff-t-container'><div class='ff-t-cell'><div class='ff-el-group'><div class=\"ff-el-input--label ff-el-is-required asterisk-right\"><label for='ff_18_names_first_name_' >Vornamen<\/label><\/div><div class='ff-el-input--content'><input type=\"text\" name=\"names[first_name]\" id=\"ff_18_names_first_name_\" class=\"ff-el-form-control\" placeholder=\"Vornamen\" aria-invalid=\"false\" aria-required=\"true\"><\/div><\/div><\/div><div class='ff-t-cell'><div class='ff-el-group'><div class=\"ff-el-input--label ff-el-is-required asterisk-right\"><label for='ff_18_names_last_name_' >Nachname<\/label><\/div><div class='ff-el-input--content'><input type=\"text\" name=\"names[last_name]\" id=\"ff_18_names_last_name_\" class=\"ff-el-form-control\" placeholder=\"Nachname\" aria-invalid=\"false\" aria-required=\"true\"><\/div><\/div><\/div><\/div><\/div><div class='ff-el-group'><div class=\"ff-el-input--label ff-el-is-required asterisk-right\"><label for='ff_18_input_text_1' aria-label=\"In der aktuellen Auktion erhaltene Rufnummer\"> In der aktuellen Auktion erhaltene Rufnummer<\/label><\/div><div class='ff-el-input--content'><input type=\"text\" name=\"input_text_1\" class=\"ff-el-form-control\" placeholder=\"Seriennummer des Datentr\u00e4gers\" data-name=\"input_text_1\" id=\"ff_18_input_text_1\"  aria-invalid=\"false\" aria-required=\"true\"><\/div><\/div><div class='ff-el-group'><div class=\"ff-el-input--label ff-el-is-required asterisk-right\"><label for='ff_18_phone' aria-label=\"Telefonnummer f\u00fcr den Anruf\">Telefonnummer f\u00fcr den Anruf<\/label><\/div><div class='ff-el-input--content'><input name=\"phone\" class=\"ff-el-form-control ff-el-phone ff_el_with_extended_validation\" type=\"tel\" placeholder=\"Rufnummer\" data-name=\"phone\" id=\"ff_18_phone\" inputmode=\"tel\"  aria-invalid='false' aria-required=\"true\"><\/div><\/div><div class='ff-el-group'><div class=\"ff-el-input--label ff-el-is-required asterisk-right\"><label for='ff_18_input_text_2' aria-label=\"Positionsnummern der auszuschreibenden Lose\">Positionsnummern der auszuschreibenden Lose<\/label><\/div><div class='ff-el-input--content'><input type=\"text\" name=\"input_text_2\" class=\"ff-el-form-control\" placeholder=\"Angebotszeilennummern, durch Kommas getrennt\" data-name=\"input_text_2\" id=\"ff_18_input_text_2\"  aria-invalid=\"false\" aria-required=\"true\"><\/div><\/div><div class='ff-el-group'><div class=\"ff-el-input--label asterisk-right\"><label for='ff_18_datetime' aria-label=\"Datum der Zuweisung\">Datum der Zuweisung<\/label><\/div><div class='ff-el-input--content'><input  aria-label='Bestelldatum Verwenden Sie die Pfeiltasten, um durch die Daten zu navigieren, und dr\u00fccken Sie die Eingabetaste, um ein Datum auszuw\u00e4hlen.'  aria-haspopup='dialog' data-type-datepicker data-format='Y-m-d' type=\"text\" name=\"datetime\" id=\"ff_18_datetime\" class=\"ff-el-form-control ff-el-datepicker\" placeholder=\"Jahr \/ Monat \/ Tag\" data-name=\"datetime\"  aria-invalid='false' aria-required=\"false\"><\/div><\/div><div class='ff-el-group    ff-el-input--content'><div class='ff-el-form-check ff-el-tc'><label aria-label='Ich habe die Datenschutzbestimmungen gelesen und akzeptiere sie. Ich bin damit einverstanden, dass diese Website die von mir \u00fcbermittelten Daten speichert und verarbeitet.' class='ff-el-form-check-label ff_tc_label' for=\"terms-n-condition_2939c2aeae232bd5a08a6287782ba2a6\"><span class='ff_tc_checkbox'><input type=\"checkbox\" name=\"terms-n-condition\" class=\"ff-el-form-check-input\" data-name=\"terms-n-condition\" id=\"terms-n-condition_2939c2aeae232bd5a08a6287782ba2a6\"  value='on' aria-invalid='false' aria-required=\"true\"><\/span> <div class='ff_t_c'><p>Ich habe die Datenschutzbestimmungen gelesen und akzeptiere sie. Ich bin damit einverstanden, dass diese Website die von mir \u00fcbermittelten Daten speichert und verarbeitet.<\/p><\/div><\/label><\/div><\/div><div class='ff-el-group    ff-el-input--content'><div class='ff-el-form-check ff-el-tc'><label aria-label='Ich akzeptiere die geltenden Auktionsregeln und erkl\u00e4re mich mit ihnen einverstanden, sowohl f\u00fcr mich als auch f\u00fcr alle anderen.' class='ff-el-form-check-label ff_tc_label' for=\"gdpr-agreement_895b26f6561fe5b2d16af89382a8ff62\"><span class='ff_tc_checkbox'><input type=\"checkbox\" name=\"gdpr-agreement\" class=\"ff-el-form-check-input ff_gdpr_field\" data-name=\"gdpr-agreement\" id=\"gdpr-agreement_895b26f6561fe5b2d16af89382a8ff62\"  value='on' aria-invalid='false' aria-required=\"true\"><\/span> <div class='ff_t_c'>Ich akzeptiere die geltenden Auktionsregeln und erkl\u00e4re mich mit ihnen einverstanden, sowohl f\u00fcr mich als auch f\u00fcr alle anderen.<\/div><\/label><\/div><\/div><div class='ff-el-group ff-text-left ff_submit_btn_wrapper'><button type=\"submit\" class=\"ff-btn ff-btn-submit ff-btn-md ff_btn_style\" >Senden an<\/button><\/div><\/fieldset><input type=\"hidden\" name=\"trp-form-language\" value=\"de\"\/><\/form><div id='fluentform_18_errors' class='ff-errors-in-stack ff_form_instance_18_1 ff-form-loading_errors ff_form_instance_18_1_errors'><\/div><\/div>            <script type=\"text\/javascript\">\n                window.fluent_form_ff_form_instance_18_1 = {\"id\":\"18\",\"settings\":{\"layout\":{\"labelPlacement\":\"top\",\"helpMessagePlacement\":\"with_label\",\"errorMessagePlacement\":\"inline\"},\"restrictions\":{\"denyEmptySubmission\":{\"enabled\":false}}},\"form_instance\":\"ff_form_instance_18_1\",\"form_id_selector\":\"fluentform_18\",\"rules\":{\"names[first_name]\":{\"required\":{\"value\":true,\"message\":\"K\\u00f6telez\\u0151 mez\\u0151\",\"global\":false,\"global_message\":\"This field is required\"}},\"names[middle_name]\":{\"required\":{\"value\":false,\"message\":\"This field is required\",\"global\":true,\"global_message\":\"This field is required\"}},\"names[last_name]\":{\"required\":{\"value\":true,\"message\":\"K\\u00f6telez\\u0151 mez\\u0151\",\"global\":false,\"global_message\":\"This field is required\"}},\"input_text_1\":{\"required\":{\"value\":true,\"message\":\"K\\u00f6telez\\u0151 mez\\u0151\",\"global_message\":\"This field is required\",\"global\":false}},\"phone\":{\"required\":{\"value\":true,\"global\":false,\"message\":\"K\\u00f6telez\\u0151 mez\\u0151\",\"global_message\":\"This field is required\"},\"valid_phone_number\":{\"value\":true,\"global\":false,\"message\":\"A telefonsz\\u00e1m form\\u00e1tuma nem megfelel\\u0151 vagy hib\\u00e1s telefonsz\\u00e1m\",\"global_message\":\"Phone number is not valid\"}},\"input_text_2\":{\"required\":{\"value\":true,\"message\":\"K\\u00f6telez\\u0151 mez\\u0151\",\"global_message\":\"This field is required\",\"global\":false}},\"datetime\":{\"required\":{\"value\":false,\"message\":\"This field is required\",\"global_message\":\"This field is required\",\"global\":true}},\"g-recaptcha-response\":[],\"terms-n-condition\":{\"required\":{\"value\":true,\"message\":\"K\\u00f6telez\\u0151 mez\\u0151\",\"global_message\":\"This field is required\",\"global\":false}},\"gdpr-agreement\":{\"required\":{\"value\":true,\"message\":\"K\\u00f6telez\\u0151 mez\\u0151\",\"global_message\":\"This field is required\",\"global\":false}}},\"debounce_time\":300};\n                            <\/script>\n            <\/div>\n\t\t\t\t\t\t<\/div>\n\t\t\t\t<\/div>\n\t\t\t\t<\/div>\n\t\t\t\t<\/div>\n\t\t<div class=\"elementor-element elementor-element-f1bbdab e-flex e-con-boxed e-con e-parent\" data-id=\"f1bbdab\" data-element_type=\"container\" data-e-type=\"container\">\n\t\t\t\t\t<div class=\"e-con-inner\">\n\t\t\t\t<div class=\"elementor-element elementor-element-bf683ff elementor-widget elementor-widget-text-editor\" data-id=\"bf683ff\" data-element_type=\"widget\" data-e-type=\"widget\" data-widget_type=\"text-editor.default\">\n\t\t\t\t<div class=\"elementor-widget-container\">\n\t\t\t\t\t\t\t\t\t<h3>Auftragsvertrag - f\u00fcr telefonisches Bieten eines Kaufangebots -<\/h3>\n<p><span style=\"font-size: 18px; text-align: var(--text-align);\">Eine oben genannte private oder juristische Person, <\/span><strong style=\"font-size: 18px; text-align: var(--text-align);\">im Folgenden als \"Delegierter\" bezeichnet<\/strong><span style=\"font-size: 18px; text-align: var(--text-align);\">Hiermit beauftrage ich die Garzonpl\u00e1za Kft. (Sitz: 9028 Gy\u0151r Vasv\u00e1ri P\u00e1l u 1\/b. Steuernummer: 13995803-2-08, vertreten durch: Matusz Bal\u00e1zs), nachfolgend Auftraggeber genannt (Auftraggeber und Auftraggeber zusammen: die Parteien), in meinem Namen bei einer Auktion von Kunstwerken zu den folgenden Bedingungen auf der Grundlage der von mir telefonisch erteilten Anweisungen mitzubieten.<\/span><\/p>\n<p>1.&nbsp;&nbsp;&nbsp;&nbsp;&nbsp;&nbsp;&nbsp;&nbsp;<b>Organisation der Auktion<\/b><br>Die Parteien vereinbaren, dass der Auktionator als Auktionshaus die F\u00f6ldv\u00e1ry Castle Art Auction (nachstehend \"Auktion\" genannt) organisiert, bei der der Auktionator als Verk\u00e4ufer im eigenen Namen (als Eigent\u00fcmer oder Treuh\u00e4nder) einen Kaufvertrag mit dem H\u00f6chstbietenden abschlie\u00dft.<\/p>\n<p>2.&nbsp;&nbsp;&nbsp;&nbsp;&nbsp;&nbsp;&nbsp;&nbsp;<b>Regeln der Auktion<\/b><br>Die Parteien vereinbaren, dass die Regeln der Auktion in den \"Auktionsregeln\" festgelegt werden, die vom Auftraggeber im Internet ver\u00f6ffentlicht werden: https:\/\/ottevenyikastely.hu\/arveresi-szabalyzat\/<\/p>\n<p>3.&nbsp;&nbsp;&nbsp;&nbsp;&nbsp;&nbsp;&nbsp;&nbsp;<b>Mandat zur Durchf\u00fchrung der Auktion<\/b><br>Der Auftraggeber bevollm\u00e4chtigt hiermit den Bevollm\u00e4chtigten, im Namen und f\u00fcr Rechnung der Versteigerung zu handeln und ein Gebot f\u00fcr das oben genannte Los abzugeben, und zwar bis zu dem zum Zeitpunkt des Zuschlags geltenden Preis, der nicht der zu zahlende Kaufpreis ist. Der Kaufpreis ist der aktuelle Zuschlagspreis + 22% Auktionshausprovision.<\/p>\n<p>4.&nbsp;&nbsp;&nbsp;&nbsp;&nbsp;&nbsp;&nbsp;&nbsp;<b>Fehlende Verg\u00fctung<\/b><br>Die Parteien vereinbaren, dass der Auftraggeber den Auftrag unentgeltlich ausf\u00fchrt und keine finanziellen Forderungen im Zusammenhang mit der Ausf\u00fchrung des Auftrags stellt.&nbsp;<\/p>\n<p>5.&nbsp;&nbsp;&nbsp;&nbsp;&nbsp;&nbsp;&nbsp;&nbsp;<b>Anzahlung und Kaution<\/b><br>Zum Zeitpunkt der Vertragsunterzeichnung leistet der Auftraggeber eine Vorauszahlung f\u00fcr die angegebenen Auktionslose in H\u00f6he des Startpreises 20% per Bank\u00fcberweisung an&nbsp;<b>10400401-50526784-56761011<\/b>Bankkontonummer. In der Betreffzeile m\u00fcssen Sie den Namen des Auftraggebers und die Seriennummer des Auktionsloses angeben.<span class=\"Apple-converted-space\">&nbsp;&nbsp;<\/span>Im Falle eines erfolgreichen Verkaufs wird die Kaution als Anzahlung gutgeschrieben. Dieser Auftrag erlischt, wenn die Anzahlung nicht sp\u00e4testens 3 Werktage vor der Auktion geleistet wird.<\/p>\n<p>Sobald wir Ihre Anzahlung erhalten haben, werden wir Sie anrufen, um die Telefonnummer zu koordinieren, die wir Ihnen exklusiv w\u00e4hrend des Bietprozesses zur Verf\u00fcgung stellen werden.<\/p>\n<p>6.&nbsp;&nbsp;&nbsp;&nbsp;&nbsp;&nbsp;&nbsp;&nbsp;<b>Zahlungsverpflichtung<\/b><br>Im Falle einer erfolgreichen Bestellung muss der Kunde gem\u00e4\u00df den Versteigerungsbedingungen vorgehen und den Kaufpreis abz\u00fcglich der Anzahlung innerhalb von 5 Tagen nach der Benachrichtigung per Bank\u00fcberweisung oder pers\u00f6nlich an die in Abschnitt 5 angegebene Kontonummer zahlen. Kaufpreis = Aus\u00fcbungspreis + 23% Auktionsprovision, gem\u00e4\u00df Auktionsvertrag)<\/p>\n<p>7.&nbsp;&nbsp;&nbsp;&nbsp;&nbsp;&nbsp;&nbsp;&nbsp;<b>Erfolgloses Mandat<\/b><br>Erh\u00e4lt der Auftraggeber ein anderes h\u00f6heres Gebot f\u00fcr das Auktionslos, so hat er die Vorauszahlung innerhalb von 8 Werktagen zu begleichen und vollst\u00e4ndig auf das Konto des Auftraggebers zur\u00fcckzuzahlen. Im Falle eines erfolglosen Auftrags, aus welchem Grund auch immer, hat der Auftraggeber keinerlei Anspr\u00fcche gegen\u00fcber dem Auftragnehmer.<\/p>\n<p>8. &nbsp; &nbsp; &nbsp; &nbsp; <b>Meldepflicht<\/b><br>Etwaige Probleme bei der Benachrichtigung entbinden den Auftraggeber nicht von seinen vertraglichen Verpflichtungen.<\/p>\n<p>9. &nbsp; &nbsp; &nbsp; &nbsp; &nbsp; <strong>Selbstverpflichtung<\/strong><\/p>\n<p>Mit der Zahlung der unter Punkt 5 genannten Kaution und dem Ausf\u00fcllen des vorliegenden Formulars erkennt der Auftraggeber unwiderruflich an, dass er jeden einzelnen Punkt der vorliegenden Bestimmungen, einzeln und in Kombination, akzeptiert und dass der Auftraggeber (<a href=\"https:\/\/ottevenyikastely.hu\/de\/\">https:\/\/ottevenyikastely.hu<\/a>) und hat die Versteigerungsregeln gelesen und akzeptiert, die er auch bedingungslos akzeptiert und die f\u00fcr ihn und f\u00fcr jeden anderen verbindlich sind.<\/p>\t\t\t\t\t\t\t\t<\/div>\n\t\t\t\t<\/div>\n\t\t\t\t\t<\/div>\n\t\t\t\t<\/div>\n\t\t\t\t<\/div>","protected":false},"excerpt":{"rendered":"<p>Telefonische Bietvollmacht Mit dem Ausf\u00fcllen und Absenden dieses Formulars erm\u00e4chtige ich, der\/die Unterzeichnende, den vom Auktionator beauftragten Mitarbeiter der Garzon pl\u00e1za kft, einschlie\u00dflich des Auktionshauses, in meinem Namen auf die Seite f\u00fcr Online-Gebote zuzugreifen und auf der Grundlage meiner telefonischen Anweisungen in meinem Namen zu bieten und im Bietprozess vollst\u00e4ndig zu handeln. Ich erkl\u00e4re mich ferner damit einverstanden, dass mein Telefongespr\u00e4ch w\u00e4hrend des telefonischen Bietvorgangs aufgezeichnet werden kann, [...]<\/p>","protected":false},"author":7,"featured_media":0,"parent":0,"menu_order":0,"comment_status":"closed","ping_status":"closed","template":"","meta":{"footnotes":""},"class_list":["post-9890","page","type-page","status-publish","hentry","entry"],"_links":{"self":[{"href":"https:\/\/ottevenyikastely.hu\/de\/wp-json\/wp\/v2\/pages\/9890","targetHints":{"allow":["GET"]}}],"collection":[{"href":"https:\/\/ottevenyikastely.hu\/de\/wp-json\/wp\/v2\/pages"}],"about":[{"href":"https:\/\/ottevenyikastely.hu\/de\/wp-json\/wp\/v2\/types\/page"}],"author":[{"embeddable":true,"href":"https:\/\/ottevenyikastely.hu\/de\/wp-json\/wp\/v2\/users\/7"}],"replies":[{"embeddable":true,"href":"https:\/\/ottevenyikastely.hu\/de\/wp-json\/wp\/v2\/comments?post=9890"}],"version-history":[{"count":13,"href":"https:\/\/ottevenyikastely.hu\/de\/wp-json\/wp\/v2\/pages\/9890\/revisions"}],"predecessor-version":[{"id":10270,"href":"https:\/\/ottevenyikastely.hu\/de\/wp-json\/wp\/v2\/pages\/9890\/revisions\/10270"}],"wp:attachment":[{"href":"https:\/\/ottevenyikastely.hu\/de\/wp-json\/wp\/v2\/media?parent=9890"}],"curies":[{"name":"wp","href":"https:\/\/api.w.org\/{rel}","templated":true}]}}